{"id":3352,"date":"2026-02-24T02:45:39","date_gmt":"2026-02-24T02:45:39","guid":{"rendered":"https:\/\/sprayboothmanufacturer.com\/?post_type=product&#038;p=3352"},"modified":"2026-02-24T02:45:39","modified_gmt":"2026-02-24T02:45:39","slug":"7-5m-luxury-spray-booth-with-small-mix-room","status":"publish","type":"product","link":"https:\/\/sprayboothmanufacturer.com\/fr\/product\/7-5m-luxury-spray-booth-with-small-mix-room\/","title":{"rendered":"Cabine de pulv\u00e9risation de luxe de 7,5 m avec petite salle de m\u00e9lange \u2013 Fournisseur d'\u00e9quipements automobiles professionnels, sans chauffage\/ventilation"},"content":{"rendered":"<table style=\"height: 323px;\" width=\"775\">\n<tbody>\n<tr>\n<td width=\"142\"><strong><b>Quantit\u00e9 minimale de commande :<\/b><\/strong><\/td>\n<td width=\"142\">1 pi\u00e8ce<\/td>\n<td width=\"142\"><strong><b>Prix :<\/b><\/strong><\/td>\n<td width=\"142\">\u00c0 n\u00e9gocier<\/td>\n<\/tr>\n<tr>\n<td width=\"142\"><strong><b>D\u00e9tails de l'emballage :<\/b><\/strong><\/td>\n<td width=\"142\">40GP ou 20GP\/unit\u00e9<\/td>\n<td width=\"142\"><strong><b>D\u00e9lai de livraison :<\/b><\/strong><\/td>\n<td width=\"142\">15 jours \u00e0 n\u00e9gocier<\/td>\n<\/tr>\n<tr>\n<td width=\"142\"><strong><b>Conditions de paiement :<\/b><\/strong><\/td>\n<td width=\"142\">L\/C, T\/T<\/td>\n<td width=\"142\"><strong><b>Capacit\u00e9 d'approvisionnement :<\/b><\/strong><\/td>\n<td width=\"142\">50 unit\u00e9(s) par mois, cabine de pulv\u00e9risation industrielle, cabine de pulv\u00e9risation bus<\/td>\n<\/tr>\n<tr>\n<td width=\"142\"><strong><b>Lieu d'origine :<\/b><\/strong><\/td>\n<td width=\"142\">Jiangsu, Chine<\/td>\n<td width=\"142\"><strong><b>Nom de la marque :<\/b><\/strong><\/td>\n<td width=\"142\">Autoke<\/td>\n<\/tr>\n<tr>\n<td width=\"142\"><strong><b>Certification :<\/b><\/strong><\/td>\n<td width=\"142\">CE<\/td>\n<td width=\"142\"><strong><b>Num\u00e9ro de mod\u00e8le :<\/b><\/strong><\/td>\n<td width=\"142\">ATK-LS75-009B<\/td>\n<\/tr>\n<\/tbody>\n<\/table>\n<h4><strong>Aper\u00e7u<\/strong><\/h4>\n<p class=\"ds-markdown-paragraph\">Le\u00a0<strong>Cabine de pulv\u00e9risation de luxe Autoke 7,5 m avec petite salle de m\u00e9lange<\/strong>\u00a0est une installation de peinture compl\u00e8te con\u00e7ue pour les ateliers professionnels ayant besoin d'une enceinte de pulv\u00e9risation d\u00e9di\u00e9e et d'une zone de pr\u00e9paration\/m\u00e9lange s\u00e9par\u00e9e. La cabine de pulv\u00e9risation pr\u00e9sente une construction robuste, un \u00e9clairage LED brillant, et un syst\u00e8me de filtration \u00e0 trois \u00e9tapes, tandis que la salle de m\u00e9lange offre un espace s\u00fbr et bien \u00e9clair\u00e9 pour le m\u00e9lange et le stockage de la peinture. Ce mod\u00e8le de base est con\u00e7u sans ventilation ou chauffage int\u00e9gr\u00e9s, vous permettant de le personnaliser avec des syst\u00e8mes apr\u00e8s-vente pour r\u00e9pondre \u00e0 vos besoins sp\u00e9cifiques. Qu'il soit utilis\u00e9 comme zone de pr\u00e9paration autonome ou am\u00e9lior\u00e9 en une cabine de pulv\u00e9risation enti\u00e8rement fonctionnelle, ce combo offre une valeur et une polyvalence exceptionnelles.<\/p>\n<hr \/>\n<h4><strong>Caract\u00e9ristiques de la cabine de pulv\u00e9risation<\/strong><\/h4>\n<ul>\n<li>\n<p class=\"ds-markdown-paragraph\"><strong>Construction durable<\/strong><\/p>\n<ul>\n<li>\n<p class=\"ds-markdown-paragraph\">Panneaux muraux : laine de roche haute densit\u00e9 de 5cm d\u2019\u00e9paisseur (100 kg\/m\u00b3) avec rev\u00eatements en acier de 0,4mm \u2013 r\u00e9sistants au feu, insonoris\u00e9s, et isolants thermiquement.<\/p>\n<\/li>\n<li>\n<p class=\"ds-markdown-paragraph\">Panneaux de toiture en acier galvanis\u00e9, trait\u00e9s anti-flamme.<\/p>\n<\/li>\n<li>\n<p class=\"ds-markdown-paragraph\">Sous-sol robuste avec plateforme en acier galvanis\u00e9, trois rang\u00e9es de grilles en acier plat (trait\u00e9es contre la rouille), et deux rang\u00e9es de sols de marche (\u00e9paisseur de 5mm).<\/p>\n<\/li>\n<li>\n<p class=\"ds-markdown-paragraph\">Quatre jambes auxiliaires apportent un soutien suppl\u00e9mentaire, capacit\u00e9 jusqu\u2019\u00e0 5 tonnes.<\/p>\n<\/li>\n<\/ul>\n<\/li>\n<li>\n<p class=\"ds-markdown-paragraph\"><strong>Acc\u00e8s spacieux<\/strong><\/p>\n<ul>\n<li>\n<p class=\"ds-markdown-paragraph\">Porte principale : Quatre portes m\u00e9talliques frontales avec fen\u00eatres en verre tremp\u00e9 pour la lumi\u00e8re naturelle et l'acc\u00e8s facile aux v\u00e9hicules.<\/p>\n<\/li>\n<li>\n<p class=\"ds-markdown-paragraph\">Porte en verre avec cadre en aluminium-plastique pour am\u00e9liorer l'esth\u00e9tique et l'isolation.<\/p>\n<\/li>\n<li>\n<p class=\"ds-markdown-paragraph\">Porte de s\u00e9curit\u00e9 lat\u00e9rale : 60\u00d7170cm pour sortie d'urgence et surveillance.<\/p>\n<\/li>\n<\/ul>\n<\/li>\n<li>\n<p class=\"ds-markdown-paragraph\"><strong>\u00c9clairage sup\u00e9rieur<\/strong><\/p>\n<ul>\n<li>\n<p class=\"ds-markdown-paragraph\">Plafond : 24\u00d718W lumi\u00e8res LED (8 groupes de 3) inclin\u00e9es \u00e0 45\u00b0 pour un \u00e9clairage uniforme en hauteur.<\/p>\n<\/li>\n<li>\n<p class=\"ds-markdown-paragraph\">Murs lat\u00e9raux : 8\u00d748W lumi\u00e8res LED \u00e9liminant les ombres et am\u00e9liorant la visibilit\u00e9 lors de travaux d\u00e9taill\u00e9s.<\/p>\n<\/li>\n<\/ul>\n<\/li>\n<li>\n<p class=\"ds-markdown-paragraph\"><strong>Syst\u00e8me de filtration multi-\u00e9tages<\/strong><\/p>\n<ul>\n<li>\n<p class=\"ds-markdown-paragraph\"><strong>Filtre primaire :<\/strong>\u00a0Capture les particules &gt;10\u03bcm, efficacit\u00e9 &gt;90%.<\/p>\n<\/li>\n<li>\n<p class=\"ds-markdown-paragraph\"><strong>Filtre de plafond (blanc) :<\/strong>\u00a0Capture les particules &gt;4\u03bcm, efficacit\u00e9 &gt;98%.<\/p>\n<\/li>\n<li>\n<p class=\"ds-markdown-paragraph\"><strong>Filtre au sol (bleu) :<\/strong>\u00a0Fibres de verre multicouches, efficacit\u00e9 &gt;90%.<\/p>\n<\/li>\n<li>\n<p class=\"ds-markdown-paragraph\"><em>Remarque : La filtration est pr\u00e9install\u00e9e mais n\u00e9cessite un syst\u00e8me de ventilation externe pour fonctionner.<\/em><\/p>\n<\/li>\n<\/ul>\n<\/li>\n<li>\n<p class=\"ds-markdown-paragraph\"><strong>Syst\u00e8me de toit<\/strong><\/p>\n<ul>\n<li>\n<p class=\"ds-markdown-paragraph\">Poutre en tuyaux carr\u00e9s galvanis\u00e9s, reli\u00e9e par des corni\u00e8res et des vis pour l'int\u00e9grit\u00e9 structurelle.<\/p>\n<\/li>\n<li>\n<p class=\"ds-markdown-paragraph\">Pl\u00e9num en acier galvanis\u00e9, thermolaqu\u00e9 pour la durabilit\u00e9.<\/p>\n<\/li>\n<\/ul>\n<\/li>\n<li>\n<p class=\"ds-markdown-paragraph\"><strong>Pr\u00eat pour la personnalisation<\/strong><\/p>\n<ul>\n<li>\n<p class=\"ds-markdown-paragraph\">Con\u00e7u pour s'int\u00e9grer facilement avec des unit\u00e9s de ventilation et de chauffage apr\u00e8s-vente.<\/p>\n<\/li>\n<li>\n<p class=\"ds-markdown-paragraph\">Les am\u00e9liorations optionnelles incluent des ventilateurs d'admission\/extraction, chauffage \u00e9lectrique ou diesel, et des syst\u00e8mes de contr\u00f4le avanc\u00e9s.<\/p>\n<\/li>\n<\/ul>\n<\/li>\n<\/ul>\n<hr \/>\n<h4><strong>Caract\u00e9ristiques de la salle de m\u00e9lange<\/strong><\/h4>\n<ul>\n<li>\n<p class=\"ds-markdown-paragraph\"><strong>Zone de pr\u00e9paration compacte<\/strong><\/p>\n<ul>\n<li>\n<p class=\"ds-markdown-paragraph\">Dimension ext\u00e9rieure : 3,5 m \u00d7 3,5 m \u00d7 2,5 m (L\u00d7l\u00d7H).<\/p>\n<\/li>\n<li>\n<p class=\"ds-markdown-paragraph\">Construit avec les m\u00eames panneaux en laine de roche de haute qualit\u00e9 que la cabine de pulv\u00e9risation pour coh\u00e9rence et isolation.<\/p>\n<\/li>\n<\/ul>\n<\/li>\n<li>\n<p class=\"ds-markdown-paragraph\"><strong>\u00c9clairage s\u00e9curis\u00e9<\/strong><\/p>\n<ul>\n<li>\n<p class=\"ds-markdown-paragraph\">\u00c9quip\u00e9 de lampes LED antid\u00e9flagrantes pour une op\u00e9ration s\u00fbre dans les environnements de m\u00e9lange de peinture.<\/p>\n<\/li>\n<\/ul>\n<\/li>\n<li>\n<p class=\"ds-markdown-paragraph\"><strong>Acc\u00e8s facile<\/strong><\/p>\n<ul>\n<li>\n<p class=\"ds-markdown-paragraph\">Deux portes de s\u00e9curit\u00e9 lat\u00e9rales (60\u00d7170cm chacune) pour un acc\u00e8s pratique.<\/p>\n<\/li>\n<\/ul>\n<\/li>\n<li>\n<p class=\"ds-markdown-paragraph\"><strong>Utilisation polyvalente<\/strong><\/p>\n<ul>\n<li>\n<p class=\"ds-markdown-paragraph\">Id\u00e9al pour le m\u00e9lange de peinture, le stockage d'outils ou comme espace de pr\u00e9paration propre avant la peinture.<\/p>\n<\/li>\n<\/ul>\n<\/li>\n<\/ul>\n<hr \/>\n<h4><strong>Sp\u00e9cifications techniques<\/strong><\/h4>\n<div class=\"ds-scroll-area _1210dd7 c03cafe9\">\n<div class=\"ds-scroll-area__gutters\">\n<div class=\"ds-scroll-area__horizontal-gutter\"><\/div>\n<div class=\"ds-scroll-area__vertical-gutter\"><\/div>\n<\/div>\n<table>\n<thead>\n<tr>\n<th>Param\u00e8tre<\/th>\n<th>Cabine de pulv\u00e9risation<\/th>\n<th>Salle de m\u00e9lange<\/th>\n<\/tr>\n<\/thead>\n<tbody>\n<tr>\n<td><strong>Mod\u00e8le<\/strong><\/td>\n<td>ATK-LS75-009B (combin\u00e9)<\/td>\n<td><\/td>\n<\/tr>\n<tr>\n<td><strong>Dimension ext\u00e9rieure (L\u00d7l\u00d7H)<\/strong><\/td>\n<td>7600\u00d74600\u00d73450 mm<\/td>\n<td>3500\u00d73500\u00d72500 mm<\/td>\n<\/tr>\n<tr>\n<td><strong>Dimension int\u00e9rieure (L\u00d7l\u00d7H)<\/strong><\/td>\n<td>7500\u00d74500\u00d72800 mm<\/td>\n<td>\u2013<\/td>\n<\/tr>\n<tr>\n<td><strong>Taille de l'emballage<\/strong><\/td>\n<td>4,2\u00d72,2\u00d72,1 m (19 M\u00b3)<\/td>\n<td>Env. 3,7\u00d72,2\u00d72,1 m (17 m\u00b3)<\/td>\n<\/tr>\n<tr>\n<td><strong>Poids<\/strong><\/td>\n<td>Env. 3500 kg<\/td>\n<td>Env. 1200 kg<\/td>\n<\/tr>\n<tr>\n<td><strong>Panneau mural<\/strong><\/td>\n<td>Laine de roche, \u00e9paisseur 50 mm, densit\u00e9 100 kg\/m\u00b3, \u00e9paisseur d'acier 0,4 mm<\/td>\n<td>Identique \u00e0 la cabine<\/td>\n<\/tr>\n<tr>\n<td><strong>\u00c9clairage<\/strong><\/td>\n<td>Plafond : LED 24\u00d718W ; C\u00f4t\u00e9 : LED 8\u00d748W<\/td>\n<td>Lamps LED antid\u00e9flagrantes<\/td>\n<\/tr>\n<tr>\n<td><strong>Portes<\/strong><\/td>\n<td>Principal : m\u00e9tal \u00e0 4 vantaux avec verre tremp\u00e9 ; Lat\u00e9ral : 60\u00d7170cm<\/td>\n<td>Deux portes lat\u00e9rales : 60\u00d7170cm<\/td>\n<\/tr>\n<tr>\n<td><strong>Filtration<\/strong><\/td>\n<td>Filtres primaires, de plafond et de sol (pr\u00e9install\u00e9s)<\/td>\n<td>Aucun<\/td>\n<\/tr>\n<tr>\n<td><strong>Couleur<\/strong><\/td>\n<td>Ext\u00e9rieur RAL 7016, Int\u00e9rieur RAL 9010<\/td>\n<td>Ext\u00e9rieur RAL 7016, Int\u00e9rieur RAL 9010<\/td>\n<\/tr>\n<tr>\n<td><strong>Garantie<\/strong><\/td>\n<td>12 mois \u00e0 partir de la date de B\/L<\/td>\n<td>12 mois \u00e0 partir de la date de B\/L<\/td>\n<\/tr>\n<tr>\n<td><strong>D\u00e9lai de livraison<\/strong><\/td>\n<td>30 jours apr\u00e8s paiement<\/td>\n<td><\/td>\n<\/tr>\n<tr>\n<td><strong>Exp\u00e9dition<\/strong><\/td>\n<td>1 ensemble des deux unit\u00e9s peut n\u00e9cessiter un conteneur 40HQ (consulter pour le chargement pr\u00e9cis)<\/td>\n<td><\/td>\n<\/tr>\n<\/tbody>\n<\/table>\n<\/div>\n<hr \/>\n<h4><strong>Pourquoi choisir le stand de pulv\u00e9risation Autoke + salle de m\u00e9lange combin\u00e9e ?<\/strong><\/h4>\n<ul>\n<li>\n<p class=\"ds-markdown-paragraph\">\u2705\u00a0<strong>Fourniture directe d'usine<\/strong>\u00a0\u2013 Tarification comp\u00e9titive sans interm\u00e9diaires<\/p>\n<\/li>\n<li>\n<p class=\"ds-markdown-paragraph\">\u2705\u00a0<strong>Solutions OEM personnalis\u00e9es<\/strong>\u00a0\u2013 Adapter la taille, la couleur et les accessoires \u00e0 vos besoins<\/p>\n<\/li>\n<li>\n<p class=\"ds-markdown-paragraph\">\u2705\u00a0<strong>Solution tout-en-un<\/strong>\u00a0\u2013 Installation de peinture compl\u00e8te en un seul package<\/p>\n<\/li>\n<li>\n<p class=\"ds-markdown-paragraph\">\u2705\u00a0<strong>Fabricant d'\u00e9quipements industriels<\/strong>\u00a0\u2013 Qualit\u00e9 et fiabilit\u00e9 \u00e9prouv\u00e9es<\/p>\n<\/li>\n<li>\n<p class=\"ds-markdown-paragraph\">\u2705\u00a0<strong>Con\u00e7ue pour un usage professionnel<\/strong>\u00a0\u2013 Composants robustes pour des environnements exigeants<\/p>\n<\/li>\n<li>\n<p class=\"ds-markdown-paragraph\">\u2705\u00a0<strong>Chemin d'am\u00e9lioration flexible<\/strong>\u00a0\u2013 Ajouter ventilation, chauffage ou contr\u00f4les \u00e0 mesure que votre entreprise se d\u00e9veloppe<\/p>\n<\/li>\n<li>\n<p class=\"ds-markdown-paragraph\">\u2705\u00a0<strong>Exp\u00e9dition Mondiale<\/strong>\u00a0\u2013 Chargement facile des conteneurs et livraison dans le monde entier<\/p>\n<\/li>\n<\/ul>\n<hr \/>\n<h4><strong>Applications<\/strong><\/h4>\n<ul>\n<li>\n<p class=\"ds-markdown-paragraph\">Ateliers de carrosserie automobile et centres de r\u00e9paration de collisions<\/p>\n<\/li>\n<li>\n<p class=\"ds-markdown-paragraph\">Peinture de v\u00e9hicules commerciaux et camions<\/p>\n<\/li>\n<li>\n<p class=\"ds-markdown-paragraph\">Lignes de rev\u00eatement industriel et de finition<\/p>\n<\/li>\n<li>\n<p class=\"ds-markdown-paragraph\">Ateliers de peinture personnalis\u00e9e et de restauration<\/p>\n<\/li>\n<li>\n<p class=\"ds-markdown-paragraph\">Installations n\u00e9cessitant des zones s\u00e9par\u00e9es pour le m\u00e9lange et la pr\u00e9paration de la peinture<\/p>\n<\/li>\n<\/ul>","protected":false},"excerpt":{"rendered":"<p>Le\u00a0<strong>Autoke 7.5m Luxury Spray Booth with Small Mix Room (Model: ATK-LS75-009B)<\/strong>\u00a0provides a complete painting workspace solution for automotive body shops and industrial finishing centers. This base model includes a spacious 7.5m spray enclosure with high-density rock wool panels, LED lighting, multi-stage filtration, and a separate 3.5m mix room with explosion-proof lighting and safety doors. Ideal for workshops requiring a dedicated paint prep and mixing area, this combo is ready for customization with ventilation and heating systems. Factory direct \u2013 built for durability and flexibility.<\/p>","protected":false},"featured_media":3195,"comment_status":"open","ping_status":"closed","template":"","meta":[],"product_brand":[76],"product_cat":[60,59],"product_tag":[79,63,94,71,65,88],"class_list":{"0":"post-3352","1":"product","2":"type-product","3":"status-publish","4":"has-post-thumbnail","6":"product_brand-autoke","7":"product_cat-car-spray-booth","8":"product_cat-spray-booth","9":"product_tag-automotive-spray-booth","10":"product_tag-car-spray-booth","11":"product_tag-commercial-vehicle-paint-curing-oven","12":"product_tag-competitive-price-spray-booths","13":"product_tag-efficient-car-spray-booth","14":"product_tag-heavy-duty-paint-booth","16":"first","17":"instock","18":"shipping-taxable","19":"product-type-simple"},"yoast_head":"<!-- This site is optimized with the Yoast SEO plugin v27.4 - https:\/\/yoast.com\/product\/yoast-seo-wordpress\/ -->\n<title>7.5m Luxury Spray Booth with Small Mix Room \u2013 Professional Automotive Equipment Supplier, No Heating\/Ventilation - Autoke-China Paint Booth Manufacturer<\/title>\n<meta name=\"robots\" content=\"index, follow, max-snippet:-1, max-image-preview:large, max-video-preview:-1\" \/>\n<link rel=\"canonical\" href=\"https:\/\/sprayboothmanufacturer.com\/fr\/product\/7-5m-luxury-spray-booth-with-small-mix-room\/\" \/>\n<meta property=\"og:locale\" content=\"fr_FR\" \/>\n<meta property=\"og:type\" content=\"article\" \/>\n<meta property=\"og:title\" content=\"7.5m Luxury Spray Booth with Small Mix Room \u2013 Professional Automotive Equipment Supplier, No Heating\/Ventilation - Autoke-China Paint Booth Manufacturer\" \/>\n<meta property=\"og:description\" content=\"The\u00a0Autoke 7.5m Luxury Spray Booth with Small Mix Room (Model: ATK-LS75-009B)\u00a0provides a complete painting workspace solution for automotive body shops and industrial finishing centers. This base model includes a spacious 7.5m spray enclosure with high-density rock wool panels, LED lighting, multi-stage filtration, and a separate 3.5m mix room with explosion-proof lighting and safety doors. Ideal for workshops requiring a dedicated paint prep and mixing area, this combo is ready for customization with ventilation and heating systems. Factory direct \u2013 built for durability and flexibility.\" \/>\n<meta property=\"og:url\" content=\"https:\/\/sprayboothmanufacturer.com\/fr\/product\/7-5m-luxury-spray-booth-with-small-mix-room\/\" \/>\n<meta property=\"og:site_name\" content=\"Autoke-China Paint Booth Manufacturer\" \/>\n<meta property=\"og:image\" content=\"https:\/\/sprayboothmanufacturer.com\/wp-content\/uploads\/2026\/02\/27.png\" \/>\n\t<meta property=\"og:image:width\" content=\"800\" \/>\n\t<meta property=\"og:image:height\" content=\"800\" \/>\n\t<meta property=\"og:image:type\" content=\"image\/png\" \/>\n<meta name=\"twitter:card\" content=\"summary_large_image\" \/>\n<meta name=\"twitter:label1\" content=\"Dur\u00e9e de lecture estim\u00e9e\" \/>\n\t<meta name=\"twitter:data1\" content=\"4 minutes\" \/>\n<script type=\"application\/ld+json\" class=\"yoast-schema-graph\">{\"@context\":\"https:\\\/\\\/schema.org\",\"@graph\":[{\"@type\":\"WebPage\",\"@id\":\"https:\\\/\\\/sprayboothmanufacturer.com\\\/product\\\/7-5m-luxury-spray-booth-with-small-mix-room\\\/\",\"url\":\"https:\\\/\\\/sprayboothmanufacturer.com\\\/product\\\/7-5m-luxury-spray-booth-with-small-mix-room\\\/\",\"name\":\"7.5m Luxury Spray Booth with Small Mix Room \u2013 Professional Automotive Equipment Supplier, No Heating\\\/Ventilation - Autoke-China Paint Booth Manufacturer\",\"isPartOf\":{\"@id\":\"https:\\\/\\\/sprayboothmanufacturer.com\\\/#website\"},\"primaryImageOfPage\":{\"@id\":\"https:\\\/\\\/sprayboothmanufacturer.com\\\/product\\\/7-5m-luxury-spray-booth-with-small-mix-room\\\/#primaryimage\"},\"image\":{\"@id\":\"https:\\\/\\\/sprayboothmanufacturer.com\\\/product\\\/7-5m-luxury-spray-booth-with-small-mix-room\\\/#primaryimage\"},\"thumbnailUrl\":\"https:\\\/\\\/sprayboothmanufacturer.com\\\/wp-content\\\/uploads\\\/2026\\\/02\\\/27.png\",\"datePublished\":\"2026-02-24T02:45:39+00:00\",\"breadcrumb\":{\"@id\":\"https:\\\/\\\/sprayboothmanufacturer.com\\\/product\\\/7-5m-luxury-spray-booth-with-small-mix-room\\\/#breadcrumb\"},\"inLanguage\":\"fr-FR\",\"potentialAction\":[{\"@type\":\"ReadAction\",\"target\":[\"https:\\\/\\\/sprayboothmanufacturer.com\\\/product\\\/7-5m-luxury-spray-booth-with-small-mix-room\\\/\"]}]},{\"@type\":\"ImageObject\",\"inLanguage\":\"fr-FR\",\"@id\":\"https:\\\/\\\/sprayboothmanufacturer.com\\\/product\\\/7-5m-luxury-spray-booth-with-small-mix-room\\\/#primaryimage\",\"url\":\"https:\\\/\\\/sprayboothmanufacturer.com\\\/wp-content\\\/uploads\\\/2026\\\/02\\\/27.png\",\"contentUrl\":\"https:\\\/\\\/sprayboothmanufacturer.com\\\/wp-content\\\/uploads\\\/2026\\\/02\\\/27.png\",\"width\":800,\"height\":800,\"caption\":\"Automotive Paint Booth\"},{\"@type\":\"BreadcrumbList\",\"@id\":\"https:\\\/\\\/sprayboothmanufacturer.com\\\/product\\\/7-5m-luxury-spray-booth-with-small-mix-room\\\/#breadcrumb\",\"itemListElement\":[{\"@type\":\"ListItem\",\"position\":1,\"name\":\"Home\",\"item\":\"https:\\\/\\\/sprayboothmanufacturer.com\\\/\"},{\"@type\":\"ListItem\",\"position\":2,\"name\":\"\u4ea7\u54c1\",\"item\":\"https:\\\/\\\/sprayboothmanufacturer.com\\\/shop__trashed\\\/\"},{\"@type\":\"ListItem\",\"position\":3,\"name\":\"7.5m Luxury Spray Booth with Small Mix Room \u2013 Professional Automotive Equipment Supplier, No Heating\\\/Ventilation\"}]},{\"@type\":\"WebSite\",\"@id\":\"https:\\\/\\\/sprayboothmanufacturer.com\\\/#website\",\"url\":\"https:\\\/\\\/sprayboothmanufacturer.com\\\/\",\"name\":\"Autoke-China Paint Booth Manufacturer\",\"description\":\"\",\"publisher\":{\"@id\":\"https:\\\/\\\/sprayboothmanufacturer.com\\\/#organization\"},\"potentialAction\":[{\"@type\":\"SearchAction\",\"target\":{\"@type\":\"EntryPoint\",\"urlTemplate\":\"https:\\\/\\\/sprayboothmanufacturer.com\\\/?s={search_term_string}\"},\"query-input\":{\"@type\":\"PropertyValueSpecification\",\"valueRequired\":true,\"valueName\":\"search_term_string\"}}],\"inLanguage\":\"fr-FR\"},{\"@type\":\"Organization\",\"@id\":\"https:\\\/\\\/sprayboothmanufacturer.com\\\/#organization\",\"name\":\"Autoke-China Paint Booth Manufacturer\",\"url\":\"https:\\\/\\\/sprayboothmanufacturer.com\\\/\",\"logo\":{\"@type\":\"ImageObject\",\"inLanguage\":\"fr-FR\",\"@id\":\"https:\\\/\\\/sprayboothmanufacturer.com\\\/#\\\/schema\\\/logo\\\/image\\\/\",\"url\":\"https:\\\/\\\/sprayboothmanufacturer.com\\\/wp-content\\\/uploads\\\/2025\\\/12\\\/\u5fae\u4fe1\u56fe\u7247_20260113195103_1750_4-scaled-e1768394147958.png\",\"contentUrl\":\"https:\\\/\\\/sprayboothmanufacturer.com\\\/wp-content\\\/uploads\\\/2025\\\/12\\\/\u5fae\u4fe1\u56fe\u7247_20260113195103_1750_4-scaled-e1768394147958.png\",\"width\":1740,\"height\":538,\"caption\":\"Autoke-China Paint Booth Manufacturer\"},\"image\":{\"@id\":\"https:\\\/\\\/sprayboothmanufacturer.com\\\/#\\\/schema\\\/logo\\\/image\\\/\"}}]}<\/script>\n<!-- \/ Yoast SEO plugin. -->","yoast_head_json":{"title":"Cabine de pulv\u00e9risation de luxe de 7,5 m avec salle de m\u00e9lange \u2013 Fournisseur d\u2019\u00e9quipements automobiles professionnels, sans chauffage\/ventilation - Fabricant de cabines de peinture Autoke-Chine","robots":{"index":"index","follow":"follow","max-snippet":"max-snippet:-1","max-image-preview":"max-image-preview:large","max-video-preview":"max-video-preview:-1"},"canonical":"https:\/\/sprayboothmanufacturer.com\/fr\/product\/7-5m-luxury-spray-booth-with-small-mix-room\/","og_locale":"fr_FR","og_type":"article","og_title":"7.5m Luxury Spray Booth with Small Mix Room \u2013 Professional Automotive Equipment Supplier, No Heating\/Ventilation - Autoke-China Paint Booth Manufacturer","og_description":"The\u00a0Autoke 7.5m Luxury Spray Booth with Small Mix Room (Model: ATK-LS75-009B)\u00a0provides a complete painting workspace solution for automotive body shops and industrial finishing centers. This base model includes a spacious 7.5m spray enclosure with high-density rock wool panels, LED lighting, multi-stage filtration, and a separate 3.5m mix room with explosion-proof lighting and safety doors. Ideal for workshops requiring a dedicated paint prep and mixing area, this combo is ready for customization with ventilation and heating systems. Factory direct \u2013 built for durability and flexibility.","og_url":"https:\/\/sprayboothmanufacturer.com\/fr\/product\/7-5m-luxury-spray-booth-with-small-mix-room\/","og_site_name":"Autoke-China Paint Booth Manufacturer","og_image":[{"width":800,"height":800,"url":"https:\/\/sprayboothmanufacturer.com\/wp-content\/uploads\/2026\/02\/27.png","type":"image\/png"}],"twitter_card":"summary_large_image","twitter_misc":{"Dur\u00e9e de lecture estim\u00e9e":"4 minutes"},"schema":{"@context":"https:\/\/schema.org","@graph":[{"@type":"WebPage","@id":"https:\/\/sprayboothmanufacturer.com\/product\/7-5m-luxury-spray-booth-with-small-mix-room\/","url":"https:\/\/sprayboothmanufacturer.com\/product\/7-5m-luxury-spray-booth-with-small-mix-room\/","name":"Cabine de pulv\u00e9risation de luxe de 7,5 m avec salle de m\u00e9lange \u2013 Fournisseur d\u2019\u00e9quipements automobiles professionnels, sans chauffage\/ventilation - Fabricant de cabines de peinture Autoke-Chine","isPartOf":{"@id":"https:\/\/sprayboothmanufacturer.com\/#website"},"primaryImageOfPage":{"@id":"https:\/\/sprayboothmanufacturer.com\/product\/7-5m-luxury-spray-booth-with-small-mix-room\/#primaryimage"},"image":{"@id":"https:\/\/sprayboothmanufacturer.com\/product\/7-5m-luxury-spray-booth-with-small-mix-room\/#primaryimage"},"thumbnailUrl":"https:\/\/sprayboothmanufacturer.com\/wp-content\/uploads\/2026\/02\/27.png","datePublished":"2026-02-24T02:45:39+00:00","breadcrumb":{"@id":"https:\/\/sprayboothmanufacturer.com\/product\/7-5m-luxury-spray-booth-with-small-mix-room\/#breadcrumb"},"inLanguage":"fr-FR","potentialAction":[{"@type":"ReadAction","target":["https:\/\/sprayboothmanufacturer.com\/product\/7-5m-luxury-spray-booth-with-small-mix-room\/"]}]},{"@type":"ImageObject","inLanguage":"fr-FR","@id":"https:\/\/sprayboothmanufacturer.com\/product\/7-5m-luxury-spray-booth-with-small-mix-room\/#primaryimage","url":"https:\/\/sprayboothmanufacturer.com\/wp-content\/uploads\/2026\/02\/27.png","contentUrl":"https:\/\/sprayboothmanufacturer.com\/wp-content\/uploads\/2026\/02\/27.png","width":800,"height":800,"caption":"Automotive Paint Booth"},{"@type":"BreadcrumbList","@id":"https:\/\/sprayboothmanufacturer.com\/product\/7-5m-luxury-spray-booth-with-small-mix-room\/#breadcrumb","itemListElement":[{"@type":"ListItem","position":1,"name":"Home","item":"https:\/\/sprayboothmanufacturer.com\/"},{"@type":"ListItem","position":2,"name":"\u4ea7\u54c1","item":"https:\/\/sprayboothmanufacturer.com\/shop__trashed\/"},{"@type":"ListItem","position":3,"name":"7.5m Luxury Spray Booth with Small Mix Room \u2013 Professional Automotive Equipment Supplier, No Heating\/Ventilation"}]},{"@type":"WebSite","@id":"https:\/\/sprayboothmanufacturer.com\/#website","url":"https:\/\/sprayboothmanufacturer.com\/","name":"Fabricant de cabines de peinture Autoke-Chine","description":"","publisher":{"@id":"https:\/\/sprayboothmanufacturer.com\/#organization"},"potentialAction":[{"@type":"SearchAction","target":{"@type":"EntryPoint","urlTemplate":"https:\/\/sprayboothmanufacturer.com\/?s={search_term_string}"},"query-input":{"@type":"PropertyValueSpecification","valueRequired":true,"valueName":"search_term_string"}}],"inLanguage":"fr-FR"},{"@type":"Organization","@id":"https:\/\/sprayboothmanufacturer.com\/#organization","name":"Fabricant de cabines de peinture Autoke-Chine","url":"https:\/\/sprayboothmanufacturer.com\/","logo":{"@type":"ImageObject","inLanguage":"fr-FR","@id":"https:\/\/sprayboothmanufacturer.com\/#\/schema\/logo\/image\/","url":"https:\/\/sprayboothmanufacturer.com\/wp-content\/uploads\/2025\/12\/\u5fae\u4fe1\u56fe\u7247_20260113195103_1750_4-scaled-e1768394147958.png","contentUrl":"https:\/\/sprayboothmanufacturer.com\/wp-content\/uploads\/2025\/12\/\u5fae\u4fe1\u56fe\u7247_20260113195103_1750_4-scaled-e1768394147958.png","width":1740,"height":538,"caption":"Autoke-China Paint Booth Manufacturer"},"image":{"@id":"https:\/\/sprayboothmanufacturer.com\/#\/schema\/logo\/image\/"}}]}},"_links":{"self":[{"href":"https:\/\/sprayboothmanufacturer.com\/fr\/wp-json\/wp\/v2\/product\/3352","targetHints":{"allow":["GET"]}}],"collection":[{"href":"https:\/\/sprayboothmanufacturer.com\/fr\/wp-json\/wp\/v2\/product"}],"about":[{"href":"https:\/\/sprayboothmanufacturer.com\/fr\/wp-json\/wp\/v2\/types\/product"}],"replies":[{"embeddable":true,"href":"https:\/\/sprayboothmanufacturer.com\/fr\/wp-json\/wp\/v2\/comments?post=3352"}],"version-history":[{"count":1,"href":"https:\/\/sprayboothmanufacturer.com\/fr\/wp-json\/wp\/v2\/product\/3352\/revisions"}],"predecessor-version":[{"id":3353,"href":"https:\/\/sprayboothmanufacturer.com\/fr\/wp-json\/wp\/v2\/product\/3352\/revisions\/3353"}],"wp:featuredmedia":[{"embeddable":true,"href":"https:\/\/sprayboothmanufacturer.com\/fr\/wp-json\/wp\/v2\/media\/3195"}],"wp:attachment":[{"href":"https:\/\/sprayboothmanufacturer.com\/fr\/wp-json\/wp\/v2\/media?parent=3352"}],"wp:term":[{"taxonomy":"product_brand","embeddable":true,"href":"https:\/\/sprayboothmanufacturer.com\/fr\/wp-json\/wp\/v2\/product_brand?post=3352"},{"taxonomy":"product_cat","embeddable":true,"href":"https:\/\/sprayboothmanufacturer.com\/fr\/wp-json\/wp\/v2\/product_cat?post=3352"},{"taxonomy":"product_tag","embeddable":true,"href":"https:\/\/sprayboothmanufacturer.com\/fr\/wp-json\/wp\/v2\/product_tag?post=3352"}],"curies":[{"name":"wp","href":"https:\/\/api.w.org\/{rel}","templated":true}]}}