{"id":3348,"date":"2026-02-24T02:29:30","date_gmt":"2026-02-24T02:29:30","guid":{"rendered":"https:\/\/sprayboothmanufacturer.com\/?post_type=product&#038;p=3348"},"modified":"2026-02-24T02:29:30","modified_gmt":"2026-02-24T02:29:30","slug":"7m-luxury-spray-booth-2","status":"publish","type":"product","link":"https:\/\/sprayboothmanufacturer.com\/fr\/product\/7m-luxury-spray-booth-2\/","title":{"rendered":"Cabine de pulv\u00e9risation de luxe 7m \u2013 Fournisseur professionnel d'\u00e9quipements automobiles, sans chauffage\/ventilation (Mod\u00e8le de base)"},"content":{"rendered":"<table style=\"height: 330px;\" width=\"759\">\n<tbody>\n<tr>\n<td width=\"142\"><strong><b>Quantit\u00e9 minimale de commande :<\/b><\/strong><\/td>\n<td width=\"142\">1 pi\u00e8ce<\/td>\n<td width=\"142\"><strong><b>Prix :<\/b><\/strong><\/td>\n<td width=\"142\">\u00c0 n\u00e9gocier<\/td>\n<\/tr>\n<tr>\n<td width=\"142\"><strong><b>D\u00e9tails de l'emballage :<\/b><\/strong><\/td>\n<td width=\"142\">40GP ou 20GP\/unit\u00e9<\/td>\n<td width=\"142\"><strong><b>D\u00e9lai de livraison :<\/b><\/strong><\/td>\n<td width=\"142\">15 jours \u00e0 n\u00e9gocier<\/td>\n<\/tr>\n<tr>\n<td width=\"142\"><strong><b>Conditions de paiement :<\/b><\/strong><\/td>\n<td width=\"142\">L\/C, T\/T<\/td>\n<td width=\"142\"><strong><b>Capacit\u00e9 d'approvisionnement :<\/b><\/strong><\/td>\n<td width=\"142\">50 unit\u00e9(s) par mois, cabine de pulv\u00e9risation industrielle, cabine de pulv\u00e9risation bus<\/td>\n<\/tr>\n<tr>\n<td width=\"142\"><strong><b>Lieu d'origine :<\/b><\/strong><\/td>\n<td width=\"142\">Jiangsu, Chine<\/td>\n<td width=\"142\"><strong><b>Nom de la marque :<\/b><\/strong><\/td>\n<td width=\"142\">Autoke<\/td>\n<\/tr>\n<tr>\n<td width=\"142\"><strong><b>Certification :<\/b><\/strong><\/td>\n<td width=\"142\">CE<\/td>\n<td width=\"142\"><strong><b>Num\u00e9ro de mod\u00e8le :<\/b><\/strong><\/td>\n<td width=\"142\">ATK-LS7-007B<\/td>\n<\/tr>\n<\/tbody>\n<\/table>\n<h4><strong>Aper\u00e7u<\/strong><\/h4>\n<p class=\"ds-markdown-paragraph\">Le\u00a0<strong>Cabine de pulv\u00e9risation de luxe Autoke 7m (Mod\u00e8le de base)<\/strong>\u00a0offre un espace de travail de qualit\u00e9 professionnelle pour les op\u00e9rations de peinture, de rev\u00eatement ou de pon\u00e7age. Con\u00e7ue sans ventilation ou chauffage int\u00e9gr\u00e9s, ce mod\u00e8le sert d'enceinte polyvalente pouvant \u00eatre adapt\u00e9e \u00e0 vos exigences sp\u00e9cifiques. Il est id\u00e9al pour les ateliers disposant d\u00e9j\u00e0 d'une ventilation externe ou pour une utilisation comme zone de pr\u00e9paration sans poussi\u00e8re. Fabriqu\u00e9e avec des mat\u00e9riaux de premi\u00e8re qualit\u00e9 et une attention particuli\u00e8re aux d\u00e9tails, elle garantit durabilit\u00e9 et s\u00e9curit\u00e9 dans des environnements exigeants.<\/p>\n<hr \/>\n<h4><strong>Caract\u00e9ristiques principales<\/strong><\/h4>\n<ul>\n<li>\n<p class=\"ds-markdown-paragraph\"><strong>Construction durable<\/strong><\/p>\n<ul>\n<li>\n<p class=\"ds-markdown-paragraph\">Panneaux muraux : laine de roche haute densit\u00e9 de 5cm d\u2019\u00e9paisseur (100 kg\/m\u00b3) avec rev\u00eatements en acier de 0,4mm \u2013 r\u00e9sistants au feu, insonoris\u00e9s, et isolants thermiquement.<\/p>\n<\/li>\n<li>\n<p class=\"ds-markdown-paragraph\">Panneaux de toiture en acier galvanis\u00e9, trait\u00e9s anti-flamme.<\/p>\n<\/li>\n<li>\n<p class=\"ds-markdown-paragraph\">Sous-sol robuste avec plateforme en acier galvanis\u00e9, trois rang\u00e9es de grilles en acier plat (trait\u00e9es contre la rouille), et deux rang\u00e9es de sols de marche (\u00e9paisseur de 5mm).<\/p>\n<\/li>\n<li>\n<p class=\"ds-markdown-paragraph\">Quatre jambes auxiliaires apportent un soutien suppl\u00e9mentaire, capacit\u00e9 jusqu\u2019\u00e0 5 tonnes.<\/p>\n<\/li>\n<\/ul>\n<\/li>\n<li>\n<p class=\"ds-markdown-paragraph\"><strong>Acc\u00e8s spacieux<\/strong><\/p>\n<ul>\n<li>\n<p class=\"ds-markdown-paragraph\">Porte principale : Quatre portes m\u00e9talliques frontales avec fen\u00eatres en verre tremp\u00e9 (environ 3000\u00d72750mm) pour la lumi\u00e8re naturelle et l'acc\u00e8s facile aux v\u00e9hicules.<\/p>\n<\/li>\n<li>\n<p class=\"ds-markdown-paragraph\">Porte en verre avec cadre en aluminium-plastique pour am\u00e9liorer l'esth\u00e9tique et l'isolation.<\/p>\n<\/li>\n<li>\n<p class=\"ds-markdown-paragraph\">Porte de s\u00e9curit\u00e9 lat\u00e9rale : 60\u00d7180cm pour sortie d\u2019urgence et surveillance.<\/p>\n<\/li>\n<\/ul>\n<\/li>\n<li>\n<p class=\"ds-markdown-paragraph\"><strong>Bo\u00eete de ventilation (Structure uniquement)<\/strong><\/p>\n<ul>\n<li>\n<p class=\"ds-markdown-paragraph\">Bo\u00eete \u00e0 air en t\u00f4le galvanis\u00e9e de 1mm avec cadre en tube carr\u00e9 \u00e0 l'int\u00e9rieur, enduite par pulv\u00e9risation pour la durabilit\u00e9.<\/p>\n<\/li>\n<li>\n<p class=\"ds-markdown-paragraph\"><em>Remarque : La structure de la bo\u00eete de ventilation est pr\u00e9install\u00e9e mais ne comprend pas de ventilateurs ni de syst\u00e8me de ventilation ; la ventilation externe doit \u00eatre fournie par l'utilisateur.<\/em><\/p>\n<\/li>\n<\/ul>\n<\/li>\n<li>\n<p class=\"ds-markdown-paragraph\"><strong>\u00c9clairage sup\u00e9rieur<\/strong><\/p>\n<ul>\n<li>\n<p class=\"ds-markdown-paragraph\">Plafond : 24\u00d718W lumi\u00e8res LED (8 groupes de 3) inclin\u00e9es \u00e0 45\u00b0 pour un \u00e9clairage uniforme en hauteur.<\/p>\n<\/li>\n<li>\n<p class=\"ds-markdown-paragraph\">Murs lat\u00e9raux : 8\u00d748W lumi\u00e8res LED \u00e9liminant les ombres et am\u00e9liorant la visibilit\u00e9 lors de travaux d\u00e9taill\u00e9s.<\/p>\n<\/li>\n<\/ul>\n<\/li>\n<li>\n<p class=\"ds-markdown-paragraph\"><strong>Syst\u00e8me de filtration multi-\u00e9tages<\/strong><\/p>\n<ul>\n<li>\n<p class=\"ds-markdown-paragraph\"><strong>Filtre primaire :<\/strong>\u00a0Capture les particules &gt;10\u03bcm, efficacit\u00e9 &gt;90%.<\/p>\n<\/li>\n<li>\n<p class=\"ds-markdown-paragraph\"><strong>Filtre de plafond (blanc) :<\/strong>\u00a0Capture les particules &gt;4\u03bcm, efficacit\u00e9 &gt;98%.<\/p>\n<\/li>\n<li>\n<p class=\"ds-markdown-paragraph\"><strong>Filtre au sol (bleu) :<\/strong>\u00a0Fibres de verre multicouches, efficacit\u00e9 &gt;90%.<\/p>\n<\/li>\n<li>\n<p class=\"ds-markdown-paragraph\"><em>Remarque : La filtration est pr\u00e9install\u00e9e mais n\u00e9cessite un syst\u00e8me de ventilation externe pour fonctionner.<\/em><\/p>\n<\/li>\n<\/ul>\n<\/li>\n<li>\n<p class=\"ds-markdown-paragraph\"><strong>Syst\u00e8me de toit<\/strong><\/p>\n<ul>\n<li>\n<p class=\"ds-markdown-paragraph\">Poutre en tuyaux carr\u00e9s galvanis\u00e9s, reli\u00e9e par des corni\u00e8res et des vis pour l'int\u00e9grit\u00e9 structurelle.<\/p>\n<\/li>\n<li>\n<p class=\"ds-markdown-paragraph\">Pl\u00e9num en acier galvanis\u00e9, thermolaqu\u00e9 pour la durabilit\u00e9.<\/p>\n<\/li>\n<\/ul>\n<\/li>\n<li>\n<p class=\"ds-markdown-paragraph\"><strong>\u00c9lectrique &amp; Contr\u00f4le (Mise \u00e0 niveau optionnelle)<\/strong><\/p>\n<ul>\n<li>\n<p class=\"ds-markdown-paragraph\">Bo\u00eetier du panneau de contr\u00f4le inclus pour une installation future d'un syst\u00e8me de contr\u00f4le intelligent (interrupteur d'\u00e9clairage, r\u00e9gulateur de temp\u00e9rature, minuterie, arr\u00eat d'urgence, etc.).<\/p>\n<\/li>\n<li>\n<p class=\"ds-markdown-paragraph\">Pr\u00e9-c\u00e2bl\u00e9 pour une int\u00e9gration facile du moteur de 7,5KW et des syst\u00e8mes de chauffage.<\/p>\n<\/li>\n<\/ul>\n<\/li>\n<li>\n<p class=\"ds-markdown-paragraph\"><strong>Pr\u00eat pour la personnalisation<\/strong><\/p>\n<ul>\n<li>\n<p class=\"ds-markdown-paragraph\">Con\u00e7u pour s'int\u00e9grer facilement avec des unit\u00e9s de ventilation et de chauffage apr\u00e8s-vente.<\/p>\n<\/li>\n<li>\n<p class=\"ds-markdown-paragraph\">Les am\u00e9liorations optionnelles incluent des ventilateurs d'admission\/extraction, chauffage \u00e9lectrique ou diesel, et des syst\u00e8mes de contr\u00f4le avanc\u00e9s.<\/p>\n<\/li>\n<\/ul>\n<\/li>\n<\/ul>\n<hr \/>\n<h4><strong>Sp\u00e9cifications techniques<\/strong><\/h4>\n<div class=\"ds-scroll-area _1210dd7 c03cafe9\">\n<div class=\"ds-scroll-area__gutters\">\n<div class=\"ds-scroll-area__horizontal-gutter\"><\/div>\n<div class=\"ds-scroll-area__vertical-gutter\"><\/div>\n<\/div>\n<table>\n<thead>\n<tr>\n<th>Param\u00e8tre<\/th>\n<th>D\u00e9tails<\/th>\n<\/tr>\n<\/thead>\n<tbody>\n<tr>\n<td><strong>Mod\u00e8le<\/strong><\/td>\n<td>ATK-LS7-007B<\/td>\n<\/tr>\n<tr>\n<td><strong>Dimension ext\u00e9rieure (L\u00d7l\u00d7H)<\/strong><\/td>\n<td>7100\u00d74100\u00d73450 mm<\/td>\n<\/tr>\n<tr>\n<td><strong>Dimension int\u00e9rieure (L\u00d7l\u00d7H)<\/strong><\/td>\n<td>7000\u00d74000\u00d72650 mm<\/td>\n<\/tr>\n<tr>\n<td><strong>Taille de l'emballage<\/strong><\/td>\n<td>4,2\u00d72,2\u00d72,1 m (19 M\u00b3)<\/td>\n<\/tr>\n<tr>\n<td><strong>Poids<\/strong><\/td>\n<td>Env. 3500 kg<\/td>\n<\/tr>\n<tr>\n<td><strong>Panneau mural<\/strong><\/td>\n<td>Laine de roche, \u00e9paisseur 50 mm, densit\u00e9 100 kg\/m\u00b3, \u00e9paisseur d'acier 0,4 mm<\/td>\n<\/tr>\n<tr>\n<td><strong>Grilles de sol<\/strong><\/td>\n<td>3 rang\u00e9es en acier galvanis\u00e9, trait\u00e9es contre la rouille<\/td>\n<\/tr>\n<tr>\n<td><strong>Planchers de marche<\/strong><\/td>\n<td>2 rang\u00e9es, trait\u00e9es contre la rouille, \u00e9paisseur de 5mm<\/td>\n<\/tr>\n<tr>\n<td><strong>\u00c9clairage<\/strong><\/td>\n<td>Plafond : LED 24\u00d718W ; Murs lat\u00e9raux : LED 8\u00d748W<\/td>\n<\/tr>\n<tr>\n<td><strong>Portes<\/strong><\/td>\n<td>Principal : m\u00e9tal \u00e0 4 feuilles avec verre tremp\u00e9 ; Lat\u00e9ral : 60\u00d7180cm<\/td>\n<\/tr>\n<tr>\n<td><strong>Bo\u00eete de ventilation<\/strong><\/td>\n<td>T\u00f4le galvanis\u00e9e de 1mm avec cadre en tube carr\u00e9 (structure uniquement)<\/td>\n<\/tr>\n<tr>\n<td><strong>Filtration<\/strong><\/td>\n<td>Filtres primaires, de plafond et de sol (pr\u00e9install\u00e9s)<\/td>\n<\/tr>\n<tr>\n<td><strong>Syst\u00e8me de contr\u00f4le<\/strong><\/td>\n<td>Bo\u00eetier inclus pour l'installation future du panneau de contr\u00f4le<\/td>\n<\/tr>\n<tr>\n<td><strong>Tension\/Fr\u00e9quence<\/strong><\/td>\n<td>220V\/380V, 50Hz (pr\u00eat pour l'installation du moteur)<\/td>\n<\/tr>\n<tr>\n<td><strong>Moteur<\/strong><\/td>\n<td>Bo\u00eetier pour moteur \u00e0 entra\u00eenement indirect de 7,5KW (moteur non inclus)<\/td>\n<\/tr>\n<tr>\n<td><strong>Couleur<\/strong><\/td>\n<td>Ext\u00e9rieur RAL 7016, Int\u00e9rieur RAL 9010<\/td>\n<\/tr>\n<tr>\n<td><strong>Garantie<\/strong><\/td>\n<td>12 mois \u00e0 partir de la date de B\/L<\/td>\n<\/tr>\n<tr>\n<td><strong>D\u00e9lai de livraison<\/strong><\/td>\n<td>30 jours apr\u00e8s paiement<\/td>\n<\/tr>\n<tr>\n<td><strong>Exp\u00e9dition<\/strong><\/td>\n<td>1 ensemble par conteneur de 20GP ; 3 ensembles par conteneur 40HQ<\/td>\n<\/tr>\n<\/tbody>\n<\/table>\n<\/div>\n<hr \/>\n<h4><strong>Pourquoi choisir la cabine de pulv\u00e9risation Autoke Basic ?<\/strong><\/h4>\n<ul>\n<li>\n<p class=\"ds-markdown-paragraph\">\u2705\u00a0<strong>Fourniture directe d'usine<\/strong>\u00a0\u2013 Tarification comp\u00e9titive sans interm\u00e9diaires<\/p>\n<\/li>\n<li>\n<p class=\"ds-markdown-paragraph\">\u2705\u00a0<strong>Solutions OEM personnalis\u00e9es<\/strong>\u00a0\u2013 Adapter la taille, la couleur et les accessoires \u00e0 vos besoins<\/p>\n<\/li>\n<li>\n<p class=\"ds-markdown-paragraph\">\u2705\u00a0<strong>Solution tout-en-un<\/strong>\u00a0\u2013 Des composants structurels aux options suppl\u00e9mentaires<\/p>\n<\/li>\n<li>\n<p class=\"ds-markdown-paragraph\">\u2705\u00a0<strong>Fabricant d'\u00e9quipements industriels<\/strong>\u00a0\u2013 Qualit\u00e9 et fiabilit\u00e9 \u00e9prouv\u00e9es<\/p>\n<\/li>\n<li>\n<p class=\"ds-markdown-paragraph\">\u2705\u00a0<strong>Con\u00e7ue pour un usage professionnel<\/strong>\u00a0\u2013 Composants robustes pour des environnements exigeants<\/p>\n<\/li>\n<li>\n<p class=\"ds-markdown-paragraph\">\u2705\u00a0<strong>Chemin d'am\u00e9lioration flexible<\/strong>\u00a0\u2013 Ajouter ventilation, chauffage ou contr\u00f4les \u00e0 mesure que votre entreprise se d\u00e9veloppe<\/p>\n<\/li>\n<li>\n<p class=\"ds-markdown-paragraph\">\u2705\u00a0<strong>Exp\u00e9dition Mondiale<\/strong>\u00a0\u2013 Chargement facile des conteneurs et livraison dans le monde entier<\/p>\n<\/li>\n<\/ul>\n<hr \/>\n<h4><strong>Applications<\/strong><\/h4>\n<ul>\n<li>\n<p class=\"ds-markdown-paragraph\">Ateliers de carrosserie automobile (en zone de pr\u00e9paration ou enceinte de pulv\u00e9risation de base)<\/p>\n<\/li>\n<li>\n<p class=\"ds-markdown-paragraph\">Lignes de rev\u00eatement industriel (avec ventilation externe)<\/p>\n<\/li>\n<li>\n<p class=\"ds-markdown-paragraph\">Ateliers de menuiserie et de finition<\/p>\n<\/li>\n<li>\n<p class=\"ds-markdown-paragraph\">Postes d'assemblage ou de pon\u00e7age sans poussi\u00e8re<\/p>\n<\/li>\n<li>\n<p class=\"ds-markdown-paragraph\">Installations pr\u00e9voyant d'ajouter le chauffage\/la ventilation \u00e0 l'avenir<\/p>\n<\/li>\n<\/ul>","protected":false},"excerpt":{"rendered":"<p>Le\u00a0<strong>Cabine de pulv\u00e9risation de luxe de 7m Autoke (Mod\u00e8le : ATK-LS7-007B)<\/strong>\u00a0est une enceinte de peinture \u00e9conomique con\u00e7ue pour les ateliers de carrosserie et les centres de finition industrielle. Construite avec des panneaux en laine de roche \u00e0 haute densit\u00e9, un sol renforc\u00e9, un \u00e9clairage LED brillant et une filtration \u00e0 plusieurs \u00e9tapes, ce mod\u00e8le de base offre un espace de travail propre et bien \u00e9clair\u00e9 pour la peinture, le pon\u00e7age ou la pr\u00e9paration. Pr\u00eate \u00e0 \u00eatre personnalis\u00e9e avec des syst\u00e8mes de ventilation et de chauffage, elle offre une valeur exceptionnelle et une flexibilit\u00e9. Directement de l'usine \u2013 durable, s\u00fbre et con\u00e7ue pour durer.<\/p>","protected":false},"featured_media":2261,"comment_status":"open","ping_status":"closed","template":"","meta":[],"product_brand":[76],"product_cat":[58],"product_tag":[79,73,63,66,68,64,83],"class_list":{"0":"post-3348","1":"product","2":"type-product","3":"status-publish","4":"has-post-thumbnail","6":"product_brand-autoke","7":"product_cat-uncategorized","8":"product_tag-automotive-spray-booth","9":"product_tag-automotive-spray-booth-manufacturer","10":"product_tag-car-spray-booth","11":"product_tag-car-spray-booth-manufacturer","12":"product_tag-customized-car-spray-booth","13":"product_tag-environmentally-friendly-car-spray-booth","14":"product_tag-paint-booth-solutions","16":"first","17":"instock","18":"shipping-taxable","19":"product-type-simple"},"yoast_head":"<!-- This site is optimized with the Yoast SEO plugin v27.4 - https:\/\/yoast.com\/product\/yoast-seo-wordpress\/ -->\n<title>7m Luxury Spray Booth \u2013 Professional Automotive Equipment Supplier, No Heating\/Ventilation (Base Model) - Autoke-China Paint Booth Manufacturer<\/title>\n<meta name=\"robots\" content=\"index, follow, max-snippet:-1, max-image-preview:large, max-video-preview:-1\" \/>\n<link rel=\"canonical\" href=\"https:\/\/sprayboothmanufacturer.com\/fr\/product\/7m-luxury-spray-booth-2\/\" \/>\n<meta property=\"og:locale\" content=\"fr_FR\" \/>\n<meta property=\"og:type\" content=\"article\" \/>\n<meta property=\"og:title\" content=\"7m Luxury Spray Booth \u2013 Professional Automotive Equipment Supplier, No Heating\/Ventilation (Base Model) - Autoke-China Paint Booth Manufacturer\" \/>\n<meta property=\"og:description\" content=\"The\u00a0Autoke 7m Luxury Spray Booth (Model: ATK-LS7-007B)\u00a0is a cost-effective painting enclosure designed for automotive body shops and industrial finishing centers. Built with high-density rock wool panels, reinforced flooring, bright LED lighting, and multi-stage filtration, this base model provides a clean and well-lit workspace for painting, sanding, or preparation. Ready for customization with ventilation and heating systems, it offers exceptional value and flexibility. Factory direct \u2013 durable, safe, and built to last.\" \/>\n<meta property=\"og:url\" content=\"https:\/\/sprayboothmanufacturer.com\/fr\/product\/7m-luxury-spray-booth-2\/\" \/>\n<meta property=\"og:site_name\" content=\"Autoke-China Paint Booth Manufacturer\" \/>\n<meta property=\"og:image\" content=\"https:\/\/sprayboothmanufacturer.com\/wp-content\/uploads\/2025\/11\/\u4e3b\u56fe-1.png\" \/>\n\t<meta property=\"og:image:width\" content=\"1600\" \/>\n\t<meta property=\"og:image:height\" content=\"1600\" \/>\n\t<meta property=\"og:image:type\" content=\"image\/png\" \/>\n<meta name=\"twitter:card\" content=\"summary_large_image\" \/>\n<meta name=\"twitter:label1\" content=\"Dur\u00e9e de lecture estim\u00e9e\" \/>\n\t<meta name=\"twitter:data1\" content=\"4 minutes\" \/>\n<script type=\"application\/ld+json\" class=\"yoast-schema-graph\">{\"@context\":\"https:\\\/\\\/schema.org\",\"@graph\":[{\"@type\":\"WebPage\",\"@id\":\"https:\\\/\\\/sprayboothmanufacturer.com\\\/product\\\/7m-luxury-spray-booth-2\\\/\",\"url\":\"https:\\\/\\\/sprayboothmanufacturer.com\\\/product\\\/7m-luxury-spray-booth-2\\\/\",\"name\":\"7m Luxury Spray Booth \u2013 Professional Automotive Equipment Supplier, No Heating\\\/Ventilation (Base Model) - Autoke-China Paint Booth Manufacturer\",\"isPartOf\":{\"@id\":\"https:\\\/\\\/sprayboothmanufacturer.com\\\/#website\"},\"primaryImageOfPage\":{\"@id\":\"https:\\\/\\\/sprayboothmanufacturer.com\\\/product\\\/7m-luxury-spray-booth-2\\\/#primaryimage\"},\"image\":{\"@id\":\"https:\\\/\\\/sprayboothmanufacturer.com\\\/product\\\/7m-luxury-spray-booth-2\\\/#primaryimage\"},\"thumbnailUrl\":\"https:\\\/\\\/sprayboothmanufacturer.com\\\/wp-content\\\/uploads\\\/2025\\\/11\\\/\u4e3b\u56fe-1.png\",\"datePublished\":\"2026-02-24T02:29:30+00:00\",\"breadcrumb\":{\"@id\":\"https:\\\/\\\/sprayboothmanufacturer.com\\\/product\\\/7m-luxury-spray-booth-2\\\/#breadcrumb\"},\"inLanguage\":\"fr-FR\",\"potentialAction\":[{\"@type\":\"ReadAction\",\"target\":[\"https:\\\/\\\/sprayboothmanufacturer.com\\\/product\\\/7m-luxury-spray-booth-2\\\/\"]}]},{\"@type\":\"ImageObject\",\"inLanguage\":\"fr-FR\",\"@id\":\"https:\\\/\\\/sprayboothmanufacturer.com\\\/product\\\/7m-luxury-spray-booth-2\\\/#primaryimage\",\"url\":\"https:\\\/\\\/sprayboothmanufacturer.com\\\/wp-content\\\/uploads\\\/2025\\\/11\\\/\u4e3b\u56fe-1.png\",\"contentUrl\":\"https:\\\/\\\/sprayboothmanufacturer.com\\\/wp-content\\\/uploads\\\/2025\\\/11\\\/\u4e3b\u56fe-1.png\",\"width\":1600,\"height\":1600,\"caption\":\"Car Spray Booth\"},{\"@type\":\"BreadcrumbList\",\"@id\":\"https:\\\/\\\/sprayboothmanufacturer.com\\\/product\\\/7m-luxury-spray-booth-2\\\/#breadcrumb\",\"itemListElement\":[{\"@type\":\"ListItem\",\"position\":1,\"name\":\"Home\",\"item\":\"https:\\\/\\\/sprayboothmanufacturer.com\\\/\"},{\"@type\":\"ListItem\",\"position\":2,\"name\":\"\u4ea7\u54c1\",\"item\":\"https:\\\/\\\/sprayboothmanufacturer.com\\\/shop__trashed\\\/\"},{\"@type\":\"ListItem\",\"position\":3,\"name\":\"7m Luxury Spray Booth \u2013 Professional Automotive Equipment Supplier, No Heating\\\/Ventilation (Base Model)\"}]},{\"@type\":\"WebSite\",\"@id\":\"https:\\\/\\\/sprayboothmanufacturer.com\\\/#website\",\"url\":\"https:\\\/\\\/sprayboothmanufacturer.com\\\/\",\"name\":\"Autoke-China Paint Booth Manufacturer\",\"description\":\"\",\"publisher\":{\"@id\":\"https:\\\/\\\/sprayboothmanufacturer.com\\\/#organization\"},\"potentialAction\":[{\"@type\":\"SearchAction\",\"target\":{\"@type\":\"EntryPoint\",\"urlTemplate\":\"https:\\\/\\\/sprayboothmanufacturer.com\\\/?s={search_term_string}\"},\"query-input\":{\"@type\":\"PropertyValueSpecification\",\"valueRequired\":true,\"valueName\":\"search_term_string\"}}],\"inLanguage\":\"fr-FR\"},{\"@type\":\"Organization\",\"@id\":\"https:\\\/\\\/sprayboothmanufacturer.com\\\/#organization\",\"name\":\"Autoke-China Paint Booth Manufacturer\",\"url\":\"https:\\\/\\\/sprayboothmanufacturer.com\\\/\",\"logo\":{\"@type\":\"ImageObject\",\"inLanguage\":\"fr-FR\",\"@id\":\"https:\\\/\\\/sprayboothmanufacturer.com\\\/#\\\/schema\\\/logo\\\/image\\\/\",\"url\":\"https:\\\/\\\/sprayboothmanufacturer.com\\\/wp-content\\\/uploads\\\/2025\\\/12\\\/\u5fae\u4fe1\u56fe\u7247_20260113195103_1750_4-scaled-e1768394147958.png\",\"contentUrl\":\"https:\\\/\\\/sprayboothmanufacturer.com\\\/wp-content\\\/uploads\\\/2025\\\/12\\\/\u5fae\u4fe1\u56fe\u7247_20260113195103_1750_4-scaled-e1768394147958.png\",\"width\":1740,\"height\":538,\"caption\":\"Autoke-China Paint Booth Manufacturer\"},\"image\":{\"@id\":\"https:\\\/\\\/sprayboothmanufacturer.com\\\/#\\\/schema\\\/logo\\\/image\\\/\"}}]}<\/script>\n<!-- \/ Yoast SEO plugin. -->","yoast_head_json":{"title":"Cabine de pulv\u00e9risation de luxe de 7m \u2013 Fournisseur d'\u00e9quipements automobiles professionnels, sans chauffage\/ventilation (Mod\u00e8le de base) - Fabricant de cabines de peinture Autoke-France","robots":{"index":"index","follow":"follow","max-snippet":"max-snippet:-1","max-image-preview":"max-image-preview:large","max-video-preview":"max-video-preview:-1"},"canonical":"https:\/\/sprayboothmanufacturer.com\/fr\/product\/7m-luxury-spray-booth-2\/","og_locale":"fr_FR","og_type":"article","og_title":"7m Luxury Spray Booth \u2013 Professional Automotive Equipment Supplier, No Heating\/Ventilation (Base Model) - Autoke-China Paint Booth Manufacturer","og_description":"The\u00a0Autoke 7m Luxury Spray Booth (Model: ATK-LS7-007B)\u00a0is a cost-effective painting enclosure designed for automotive body shops and industrial finishing centers. Built with high-density rock wool panels, reinforced flooring, bright LED lighting, and multi-stage filtration, this base model provides a clean and well-lit workspace for painting, sanding, or preparation. Ready for customization with ventilation and heating systems, it offers exceptional value and flexibility. Factory direct \u2013 durable, safe, and built to last.","og_url":"https:\/\/sprayboothmanufacturer.com\/fr\/product\/7m-luxury-spray-booth-2\/","og_site_name":"Autoke-China Paint Booth Manufacturer","og_image":[{"width":1600,"height":1600,"url":"https:\/\/sprayboothmanufacturer.com\/wp-content\/uploads\/2025\/11\/\u4e3b\u56fe-1.png","type":"image\/png"}],"twitter_card":"summary_large_image","twitter_misc":{"Dur\u00e9e de lecture estim\u00e9e":"4 minutes"},"schema":{"@context":"https:\/\/schema.org","@graph":[{"@type":"WebPage","@id":"https:\/\/sprayboothmanufacturer.com\/product\/7m-luxury-spray-booth-2\/","url":"https:\/\/sprayboothmanufacturer.com\/product\/7m-luxury-spray-booth-2\/","name":"Cabine de pulv\u00e9risation de luxe de 7m \u2013 Fournisseur d'\u00e9quipements automobiles professionnels, sans chauffage\/ventilation (Mod\u00e8le de base) - Fabricant de cabines de peinture Autoke-France","isPartOf":{"@id":"https:\/\/sprayboothmanufacturer.com\/#website"},"primaryImageOfPage":{"@id":"https:\/\/sprayboothmanufacturer.com\/product\/7m-luxury-spray-booth-2\/#primaryimage"},"image":{"@id":"https:\/\/sprayboothmanufacturer.com\/product\/7m-luxury-spray-booth-2\/#primaryimage"},"thumbnailUrl":"https:\/\/sprayboothmanufacturer.com\/wp-content\/uploads\/2025\/11\/\u4e3b\u56fe-1.png","datePublished":"2026-02-24T02:29:30+00:00","breadcrumb":{"@id":"https:\/\/sprayboothmanufacturer.com\/product\/7m-luxury-spray-booth-2\/#breadcrumb"},"inLanguage":"fr-FR","potentialAction":[{"@type":"ReadAction","target":["https:\/\/sprayboothmanufacturer.com\/product\/7m-luxury-spray-booth-2\/"]}]},{"@type":"ImageObject","inLanguage":"fr-FR","@id":"https:\/\/sprayboothmanufacturer.com\/product\/7m-luxury-spray-booth-2\/#primaryimage","url":"https:\/\/sprayboothmanufacturer.com\/wp-content\/uploads\/2025\/11\/\u4e3b\u56fe-1.png","contentUrl":"https:\/\/sprayboothmanufacturer.com\/wp-content\/uploads\/2025\/11\/\u4e3b\u56fe-1.png","width":1600,"height":1600,"caption":"Car Spray Booth"},{"@type":"BreadcrumbList","@id":"https:\/\/sprayboothmanufacturer.com\/product\/7m-luxury-spray-booth-2\/#breadcrumb","itemListElement":[{"@type":"ListItem","position":1,"name":"Home","item":"https:\/\/sprayboothmanufacturer.com\/"},{"@type":"ListItem","position":2,"name":"\u4ea7\u54c1","item":"https:\/\/sprayboothmanufacturer.com\/shop__trashed\/"},{"@type":"ListItem","position":3,"name":"7m Luxury Spray Booth \u2013 Professional Automotive Equipment Supplier, No Heating\/Ventilation (Base Model)"}]},{"@type":"WebSite","@id":"https:\/\/sprayboothmanufacturer.com\/#website","url":"https:\/\/sprayboothmanufacturer.com\/","name":"Fabricant de cabines de peinture Autoke-Chine","description":"","publisher":{"@id":"https:\/\/sprayboothmanufacturer.com\/#organization"},"potentialAction":[{"@type":"SearchAction","target":{"@type":"EntryPoint","urlTemplate":"https:\/\/sprayboothmanufacturer.com\/?s={search_term_string}"},"query-input":{"@type":"PropertyValueSpecification","valueRequired":true,"valueName":"search_term_string"}}],"inLanguage":"fr-FR"},{"@type":"Organization","@id":"https:\/\/sprayboothmanufacturer.com\/#organization","name":"Fabricant de cabines de peinture Autoke-Chine","url":"https:\/\/sprayboothmanufacturer.com\/","logo":{"@type":"ImageObject","inLanguage":"fr-FR","@id":"https:\/\/sprayboothmanufacturer.com\/#\/schema\/logo\/image\/","url":"https:\/\/sprayboothmanufacturer.com\/wp-content\/uploads\/2025\/12\/\u5fae\u4fe1\u56fe\u7247_20260113195103_1750_4-scaled-e1768394147958.png","contentUrl":"https:\/\/sprayboothmanufacturer.com\/wp-content\/uploads\/2025\/12\/\u5fae\u4fe1\u56fe\u7247_20260113195103_1750_4-scaled-e1768394147958.png","width":1740,"height":538,"caption":"Autoke-China Paint Booth Manufacturer"},"image":{"@id":"https:\/\/sprayboothmanufacturer.com\/#\/schema\/logo\/image\/"}}]}},"_links":{"self":[{"href":"https:\/\/sprayboothmanufacturer.com\/fr\/wp-json\/wp\/v2\/product\/3348","targetHints":{"allow":["GET"]}}],"collection":[{"href":"https:\/\/sprayboothmanufacturer.com\/fr\/wp-json\/wp\/v2\/product"}],"about":[{"href":"https:\/\/sprayboothmanufacturer.com\/fr\/wp-json\/wp\/v2\/types\/product"}],"replies":[{"embeddable":true,"href":"https:\/\/sprayboothmanufacturer.com\/fr\/wp-json\/wp\/v2\/comments?post=3348"}],"version-history":[{"count":1,"href":"https:\/\/sprayboothmanufacturer.com\/fr\/wp-json\/wp\/v2\/product\/3348\/revisions"}],"predecessor-version":[{"id":3349,"href":"https:\/\/sprayboothmanufacturer.com\/fr\/wp-json\/wp\/v2\/product\/3348\/revisions\/3349"}],"wp:featuredmedia":[{"embeddable":true,"href":"https:\/\/sprayboothmanufacturer.com\/fr\/wp-json\/wp\/v2\/media\/2261"}],"wp:attachment":[{"href":"https:\/\/sprayboothmanufacturer.com\/fr\/wp-json\/wp\/v2\/media?parent=3348"}],"wp:term":[{"taxonomy":"product_brand","embeddable":true,"href":"https:\/\/sprayboothmanufacturer.com\/fr\/wp-json\/wp\/v2\/product_brand?post=3348"},{"taxonomy":"product_cat","embeddable":true,"href":"https:\/\/sprayboothmanufacturer.com\/fr\/wp-json\/wp\/v2\/product_cat?post=3348"},{"taxonomy":"product_tag","embeddable":true,"href":"https:\/\/sprayboothmanufacturer.com\/fr\/wp-json\/wp\/v2\/product_tag?post=3348"}],"curies":[{"name":"wp","href":"https:\/\/api.w.org\/{rel}","templated":true}]}}