{"id":3340,"date":"2026-02-24T01:51:33","date_gmt":"2026-02-24T01:51:33","guid":{"rendered":"https:\/\/sprayboothmanufacturer.com\/?post_type=product&#038;p=3340"},"modified":"2026-02-24T01:51:33","modified_gmt":"2026-02-24T01:51:33","slug":"7m-diesel-heated-spray-booth","status":"publish","type":"product","link":"https:\/\/sprayboothmanufacturer.com\/fr\/product\/7m-diesel-heated-spray-booth\/","title":{"rendered":"Cabine de pulv\u00e9risation chauff\u00e9e au diesel de 7 m \u2013 Fournisseur d'\u00e9quipements automobiles professionnels avec portes en verre et syst\u00e8me de ventilation"},"content":{"rendered":"<table style=\"height: 392px;\" width=\"748\">\n<tbody>\n<tr>\n<td width=\"142\"><strong><b>Quantit\u00e9 minimale de commande :<\/b><\/strong><\/td>\n<td width=\"142\">1 pi\u00e8ce<\/td>\n<td width=\"142\"><strong><b>Prix :<\/b><\/strong><\/td>\n<td width=\"142\">\u00c0 n\u00e9gocier<\/td>\n<\/tr>\n<tr>\n<td width=\"142\"><strong><b>D\u00e9tails de l'emballage :<\/b><\/strong><\/td>\n<td width=\"142\">40GP ou 20GP\/unit\u00e9<\/td>\n<td width=\"142\"><strong><b>D\u00e9lai de livraison :<\/b><\/strong><\/td>\n<td width=\"142\">15 jours \u00e0 n\u00e9gocier<\/td>\n<\/tr>\n<tr>\n<td width=\"142\"><strong><b>Conditions de paiement :<\/b><\/strong><\/td>\n<td width=\"142\">L\/C, T\/T<\/td>\n<td width=\"142\"><strong><b>Capacit\u00e9 d'approvisionnement :<\/b><\/strong><\/td>\n<td width=\"142\">50 unit\u00e9(s) par mois, cabine de pulv\u00e9risation industrielle, cabine de pulv\u00e9risation bus<\/td>\n<\/tr>\n<tr>\n<td width=\"142\"><strong><b>Lieu d'origine :<\/b><\/strong><\/td>\n<td width=\"142\">Jiangsu, Chine<\/td>\n<td width=\"142\"><strong><b>Nom de la marque :<\/b><\/strong><\/td>\n<td width=\"142\">Autoke<\/td>\n<\/tr>\n<tr>\n<td width=\"142\"><strong><b>Certification :<\/b><\/strong><\/td>\n<td width=\"142\">CE<\/td>\n<td width=\"142\"><strong><b>Num\u00e9ro de mod\u00e8le :<\/b><\/strong><\/td>\n<td width=\"142\">ATK-LS7-003D<\/td>\n<\/tr>\n<\/tbody>\n<\/table>\n<h4><strong>Aper\u00e7u<\/strong><\/h4>\n<p class=\"ds-markdown-paragraph\">Le\u00a0<strong>Cabine de pulv\u00e9risation de luxe Autoke 7m avec chauffage au diesel<\/strong>\u00a0combine une construction robuste, un flux d'air efficace et un chauffage fiable pour offrir des r\u00e9sultats de peinture et de s\u00e9chage constants. \u00c9quip\u00e9e d'un br\u00fbleur diesel RIELLO G20, de deux ventilateurs d'admission et d'un ventilateur d'extraction haute capacit\u00e9, cette cabine est id\u00e9ale pour les ateliers n\u00e9cessitant un d\u00e9lai de traitement rapide et des finitions de qualit\u00e9 professionnelle. L'int\u00e9rieur spacieux, les grandes portes en verre et le syst\u00e8me de contr\u00f4le avanc\u00e9 en font un choix polyvalent pour les ateliers de carrosserie automobile, la remise \u00e0 neuf de camions et les applications de rev\u00eatement industriel.<\/p>\n<hr \/>\n<h4><strong>Caract\u00e9ristiques principales<\/strong><\/h4>\n<ul>\n<li>\n<p class=\"ds-markdown-paragraph\"><strong>Construction durable<\/strong><\/p>\n<ul>\n<li>\n<p class=\"ds-markdown-paragraph\">Panneaux muraux : laine de roche haute densit\u00e9 de 5cm d\u2019\u00e9paisseur (100 kg\/m\u00b3) avec rev\u00eatements en acier de 0,4mm \u2013 r\u00e9sistants au feu, insonoris\u00e9s, et isolants thermiquement.<\/p>\n<\/li>\n<li>\n<p class=\"ds-markdown-paragraph\">Panneaux de toiture en acier galvanis\u00e9, trait\u00e9s anti-flamme.<\/p>\n<\/li>\n<li>\n<p class=\"ds-markdown-paragraph\">Sous-sol robuste avec plateforme en acier galvanis\u00e9 et trois rang\u00e9es de grilles en acier plat (\u00e9paisseur 2,3 mm) pour un flux d'air optimal.<\/p>\n<\/li>\n<li>\n<p class=\"ds-markdown-paragraph\">Deux rang\u00e9es de sols de marche trait\u00e9s contre la rouille (\u00e9paisseur de 5mm) pour un acc\u00e8s s\u00e9curis\u00e9 de l'op\u00e9rateur.<\/p>\n<\/li>\n<\/ul>\n<\/li>\n<li>\n<p class=\"ds-markdown-paragraph\"><strong>Syst\u00e8me de ventilation puissant<\/strong><\/p>\n<ul>\n<li>\n<p class=\"ds-markdown-paragraph\"><strong>Admission :<\/strong>\u00a02\u00d74KW ventilateurs centrifuges YDW \u00e0 double aspiration, d\u00e9bit d'air total de 25 000 m\u00b3\/h.<\/p>\n<\/li>\n<li>\n<p class=\"ds-markdown-paragraph\"><strong>\u00c9chappement :<\/strong>\u00a01\u00d75,5KW ventilateur centrifuge YDW, d\u00e9bit d'air de 19 000 m\u00b3\/h.<\/p>\n<\/li>\n<li>\n<p class=\"ds-markdown-paragraph\">Bo\u00eete de ventilateur de luxe en t\u00f4le galvanis\u00e9e de 1 mm avec cadre en tube carr\u00e9, enduite par pulv\u00e9risation pour la durabilit\u00e9.<\/p>\n<\/li>\n<li>\n<p class=\"ds-markdown-paragraph\">Dimensions du cabinet : 1,1\u00d72,2 m, peut \u00eatre install\u00e9 sur le c\u00f4t\u00e9 gauche, droit ou arri\u00e8re de la cabine.<\/p>\n<\/li>\n<li>\n<p class=\"ds-markdown-paragraph\">Comprend un conduit en coude \u00e0 90\u00b0.<\/p>\n<\/li>\n<\/ul>\n<\/li>\n<li>\n<p class=\"ds-markdown-paragraph\"><strong>Chauffage diesel efficace<\/strong><\/p>\n<ul>\n<li>\n<p class=\"ds-markdown-paragraph\"><strong>Br\u00fbleur :<\/strong>\u00a0Br\u00fbleur \u00e0 huile diesel RIELLO G20, reconnu pour sa fiabilit\u00e9 et son efficacit\u00e9.<\/p>\n<\/li>\n<li>\n<p class=\"ds-markdown-paragraph\">Temps de chauffage : 5\u20138 minutes pour atteindre 40\u00b0C ; temp\u00e9rature maximale de cuisson 80\u00b0C.<\/p>\n<\/li>\n<li>\n<p class=\"ds-markdown-paragraph\">Id\u00e9al pour la polym\u00e9risation rapide des peintures et rev\u00eatements en environnement froid.<\/p>\n<\/li>\n<\/ul>\n<\/li>\n<li>\n<p class=\"ds-markdown-paragraph\"><strong>Acc\u00e8s spacieux &amp; visibilit\u00e9<\/strong><\/p>\n<ul>\n<li>\n<p class=\"ds-markdown-paragraph\">Entr\u00e9e principale : Quatre portes m\u00e9talliques frontales avec fen\u00eatres en verre tremp\u00e9 pour la lumi\u00e8re naturelle et l'acc\u00e8s facile aux v\u00e9hicules.<\/p>\n<\/li>\n<li>\n<p class=\"ds-markdown-paragraph\">Porte en verre avec cadre en aluminium-plastique pour am\u00e9liorer l'esth\u00e9tique et l'isolation.<\/p>\n<\/li>\n<li>\n<p class=\"ds-markdown-paragraph\">Porte de s\u00e9curit\u00e9 lat\u00e9rale : 60\u00d7180cm avec grand vitrage pour sortie d'urgence et surveillance.<\/p>\n<\/li>\n<\/ul>\n<\/li>\n<li>\n<p class=\"ds-markdown-paragraph\"><strong>\u00c9clairage sup\u00e9rieur<\/strong><\/p>\n<ul>\n<li>\n<p class=\"ds-markdown-paragraph\">Plafond : 24\u00d718W lumi\u00e8res LED (8 groupes de 3) inclin\u00e9es \u00e0 45\u00b0 pour un \u00e9clairage uniforme en hauteur.<\/p>\n<\/li>\n<li>\n<p class=\"ds-markdown-paragraph\">Murs lat\u00e9raux : 8\u00d748W lumi\u00e8res LED \u00e9liminant les ombres et am\u00e9liorant la visibilit\u00e9 lors de travaux d\u00e9taill\u00e9s.<\/p>\n<\/li>\n<\/ul>\n<\/li>\n<li>\n<p class=\"ds-markdown-paragraph\"><strong>Syst\u00e8me de filtration multi-\u00e9tages<\/strong><\/p>\n<ul>\n<li>\n<p class=\"ds-markdown-paragraph\"><strong>Filtre primaire :<\/strong>\u00a0Capture les particules &gt;10\u03bcm, efficacit\u00e9 &gt;90%.<\/p>\n<\/li>\n<li>\n<p class=\"ds-markdown-paragraph\"><strong>Filtre de plafond (blanc) :<\/strong>\u00a0Capture les particules &gt;4\u03bcm, efficacit\u00e9 &gt;98%.<\/p>\n<\/li>\n<li>\n<p class=\"ds-markdown-paragraph\"><strong>Filtre au sol (bleu) :<\/strong>\u00a0Fibres de verre multicouches, efficacit\u00e9 &gt;90%.<\/p>\n<\/li>\n<li>\n<p class=\"ds-markdown-paragraph\">Assure un environnement de peinture propre et une finition de haute qualit\u00e9.<\/p>\n<\/li>\n<\/ul>\n<\/li>\n<li>\n<p class=\"ds-markdown-paragraph\"><strong>Syst\u00e8me de contr\u00f4le intelligent<\/strong><\/p>\n<ul>\n<li>\n<p class=\"ds-markdown-paragraph\">Panneau convivial avec interrupteurs pour l'\u00e9clairage, la peinture, les modes de cuisson, la r\u00e9gulation de la temp\u00e9rature, le minuteur et l'arr\u00eat d'urgence.<\/p>\n<\/li>\n<li>\n<p class=\"ds-markdown-paragraph\">Surveillance et ajustement en temps r\u00e9el pour un fonctionnement optimal.<\/p>\n<\/li>\n<\/ul>\n<\/li>\n<li>\n<p class=\"ds-markdown-paragraph\"><strong>\u00c9lectrique &amp; Performance<\/strong><\/p>\n<ul>\n<li>\n<p class=\"ds-markdown-paragraph\">Moteur : 7,5KW \u00e0 entra\u00eenement indirect pour un fonctionnement silencieux et fiable.<\/p>\n<\/li>\n<li>\n<p class=\"ds-markdown-paragraph\">Tension : 220V\/380V, 50Hz.<\/p>\n<\/li>\n<li>\n<p class=\"ds-markdown-paragraph\">Puissance totale (version chauffage au diesel) : 15KW (br\u00fbleur + ventilateurs).<\/p>\n<\/li>\n<li>\n<p class=\"ds-markdown-paragraph\">Version chauffage \u00e9lectrique en option disponible (38KW).<\/p>\n<\/li>\n<\/ul>\n<\/li>\n<\/ul>\n<hr \/>\n<h4><strong>Sp\u00e9cifications techniques<\/strong><\/h4>\n<div class=\"ds-scroll-area _1210dd7 c03cafe9\">\n<div class=\"ds-scroll-area__gutters\">\n<div class=\"ds-scroll-area__horizontal-gutter\"><\/div>\n<div class=\"ds-scroll-area__vertical-gutter\"><\/div>\n<\/div>\n<table>\n<thead>\n<tr>\n<th>Param\u00e8tre<\/th>\n<th>D\u00e9tails<\/th>\n<\/tr>\n<\/thead>\n<tbody>\n<tr>\n<td><strong>Mod\u00e8le<\/strong><\/td>\n<td>ATK-LS7-003D<\/td>\n<\/tr>\n<tr>\n<td><strong>Dimension ext\u00e9rieure (L\u00d7l\u00d7H)<\/strong><\/td>\n<td>7000\u00d74000\u00d73350 mm (bo\u00eete \u00e0 ventilateur : 1200\u00d72200 mm)<\/td>\n<\/tr>\n<tr>\n<td><strong>Dimension int\u00e9rieure (L\u00d7l\u00d7H)<\/strong><\/td>\n<td>6900\u00d73900\u00d72650 mm<\/td>\n<\/tr>\n<tr>\n<td><strong>Taille de l'emballage<\/strong><\/td>\n<td>4,2\u00d72,2\u00d72,1 m (19 m\u00b3, 107 pi\u00e8ces)<\/td>\n<\/tr>\n<tr>\n<td><strong>Poids<\/strong><\/td>\n<td>Env. 3500 kg<\/td>\n<\/tr>\n<tr>\n<td><strong>Panneau mural<\/strong><\/td>\n<td>Laine de roche, \u00e9paisseur 50 mm, densit\u00e9 100 kg\/m\u00b3, \u00e9paisseur d'acier 0,4 mm<\/td>\n<\/tr>\n<tr>\n<td><strong>Grilles de sol<\/strong><\/td>\n<td>3 rang\u00e9es d'acier galvanis\u00e9, \u00e9paisseur 2,3 mm<\/td>\n<\/tr>\n<tr>\n<td><strong>Planchers de marche<\/strong><\/td>\n<td>2 rang\u00e9es, trait\u00e9es contre la rouille, \u00e9paisseur de 5mm<\/td>\n<\/tr>\n<tr>\n<td><strong>Ventilation<\/strong><\/td>\n<td>2\u00d7 ventilateurs d'admission 4KW (25 000 m\u00b3\/h) + 1\u00d7 ventilateur d'\u00e9chappement 5,5KW (19 000 m\u00b3\/h)<\/td>\n<\/tr>\n<tr>\n<td><strong>Chauffage<\/strong><\/td>\n<td>Br\u00fbleur diesel RIELLO G20, max 80\u00b0C<\/td>\n<\/tr>\n<tr>\n<td><strong>\u00c9clairage<\/strong><\/td>\n<td>Plafond : LED 24\u00d718W ; Murs lat\u00e9raux : LED 8\u00d748W<\/td>\n<\/tr>\n<tr>\n<td><strong>Portes<\/strong><\/td>\n<td>Principal : m\u00e9tal \u00e0 4 feuilles avec verre tremp\u00e9 ; C\u00f4t\u00e9 : 60\u00d7180cm avec verre<\/td>\n<\/tr>\n<tr>\n<td><strong>Syst\u00e8me de contr\u00f4le<\/strong><\/td>\n<td>Panneau intelligent avec minuterie, contr\u00f4le de temp\u00e9rature, arr\u00eat d'urgence<\/td>\n<\/tr>\n<tr>\n<td><strong>Tension\/Fr\u00e9quence<\/strong><\/td>\n<td>220V\/380V, 50Hz<\/td>\n<\/tr>\n<tr>\n<td><strong>Puissance Totale<\/strong><\/td>\n<td>15 KW (version diesel)<\/td>\n<\/tr>\n<tr>\n<td><strong>Options de couleur<\/strong><\/td>\n<td>Rouge, Bleu, Blanc, Gris, Orange, etc.<\/td>\n<\/tr>\n<tr>\n<td><strong>Garantie<\/strong><\/td>\n<td>12 mois \u00e0 partir de la date de B\/L<\/td>\n<\/tr>\n<tr>\n<td><strong>D\u00e9lai de livraison<\/strong><\/td>\n<td>30 jours apr\u00e8s paiement<\/td>\n<\/tr>\n<tr>\n<td><strong>Exp\u00e9dition<\/strong><\/td>\n<td>1 ensemble par conteneur de 20GP ; 3 ensembles par conteneur 40HQ<\/td>\n<\/tr>\n<\/tbody>\n<\/table>\n<\/div>\n<hr \/>\n<h4><strong>Pourquoi Choisir la cabine de pulv\u00e9risation Autoke Diesel ?<\/strong><\/h4>\n<ul>\n<li>\n<p class=\"ds-markdown-paragraph\">\u2705\u00a0<strong>Fourniture directe d'usine<\/strong>\u00a0\u2013 Tarification comp\u00e9titive, sans interm\u00e9diaires<\/p>\n<\/li>\n<li>\n<p class=\"ds-markdown-paragraph\">\u2705\u00a0<strong>Solutions OEM personnalis\u00e9es<\/strong>\u00a0\u2013 Personnalisez la taille, la couleur et les accessoires<\/p>\n<\/li>\n<li>\n<p class=\"ds-markdown-paragraph\">\u2705\u00a0<strong>Solution tout-en-un<\/strong>\u00a0\u2013 De la structure au chauffage et \u00e0 la ventilation<\/p>\n<\/li>\n<li>\n<p class=\"ds-markdown-paragraph\">\u2705\u00a0<strong>Fabricant d'\u00e9quipements industriels<\/strong>\u00a0\u2013 Qualit\u00e9 et fiabilit\u00e9 \u00e9prouv\u00e9es<\/p>\n<\/li>\n<li>\n<p class=\"ds-markdown-paragraph\">\u2705\u00a0<strong>Con\u00e7ue pour un usage professionnel<\/strong>\u00a0\u2013 Composants robustes pour un fonctionnement continu<\/p>\n<\/li>\n<li>\n<p class=\"ds-markdown-paragraph\">\u2705\u00a0<strong>Exp\u00e9dition Mondiale<\/strong>\u00a0\u2013 Chargement facile des conteneurs et livraison dans le monde entier<\/p>\n<\/li>\n<\/ul>\n<hr \/>\n<h4><strong>Applications<\/strong><\/h4>\n<ul>\n<li>\n<p class=\"ds-markdown-paragraph\">Ateliers de carrosserie automobile et centres de r\u00e9paration de collisions<\/p>\n<\/li>\n<li>\n<p class=\"ds-markdown-paragraph\">Peinture de v\u00e9hicules commerciaux et camions<\/p>\n<\/li>\n<li>\n<p class=\"ds-markdown-paragraph\">Lignes de rev\u00eatement industriel et de finition<\/p>\n<\/li>\n<li>\n<p class=\"ds-markdown-paragraph\">Ateliers de peinture personnalis\u00e9e et de restauration<\/p>\n<\/li>\n<\/ul>","protected":false},"excerpt":{"rendered":"<p>Le\u00a0<strong>Cabine de pulv\u00e9risation chauff\u00e9e au diesel Autoke 7m (Mod\u00e8le : ATK-LS7-003D)<\/strong>\u00a0est une solution de peinture haute performance con\u00e7ue pour les ateliers automobiles professionnels et les centres de finition industrielle. Dot\u00e9e d'un syst\u00e8me de ventilation puissant, br\u00fbleur diesel RIELLO G20, \u00e9clairage LED \u00e9conome en \u00e9nergie et filtration \u00e0 plusieurs \u00e9tapes, cette cabine garantit un s\u00e9chage rapide, une qualit\u00e9 de finition sup\u00e9rieure et la s\u00e9curit\u00e9 de l'op\u00e9rateur. Directement de l'usine \u2013 personnalisable selon vos besoins sp\u00e9cifiques.<\/p>","protected":false},"featured_media":2258,"comment_status":"open","ping_status":"closed","template":"","meta":[],"product_brand":[76],"product_cat":[60,59],"product_tag":[79,73,63,72,71,68,88],"class_list":{"0":"post-3340","1":"product","2":"type-product","3":"status-publish","4":"has-post-thumbnail","6":"product_brand-autoke","7":"product_cat-car-spray-booth","8":"product_cat-spray-booth","9":"product_tag-automotive-spray-booth","10":"product_tag-automotive-spray-booth-manufacturer","11":"product_tag-car-spray-booth","12":"product_tag-car-spray-booth-factory","13":"product_tag-competitive-price-spray-booths","14":"product_tag-customized-car-spray-booth","15":"product_tag-heavy-duty-paint-booth","17":"first","18":"instock","19":"shipping-taxable","20":"product-type-simple"},"yoast_head":"<!-- This site is optimized with the Yoast SEO plugin v27.4 - https:\/\/yoast.com\/product\/yoast-seo-wordpress\/ -->\n<title>7m Diesel Heated Spray Booth \u2013 Professional Automotive Equipment Supplier with Glass Doors &amp; Ventilation System - Autoke-China Paint Booth Manufacturer<\/title>\n<meta name=\"robots\" content=\"index, follow, max-snippet:-1, max-image-preview:large, max-video-preview:-1\" \/>\n<link rel=\"canonical\" href=\"https:\/\/sprayboothmanufacturer.com\/fr\/product\/7m-diesel-heated-spray-booth\/\" \/>\n<meta property=\"og:locale\" content=\"fr_FR\" \/>\n<meta property=\"og:type\" content=\"article\" \/>\n<meta property=\"og:title\" content=\"7m Diesel Heated Spray Booth \u2013 Professional Automotive Equipment Supplier with Glass Doors &amp; Ventilation System - Autoke-China Paint Booth Manufacturer\" \/>\n<meta property=\"og:description\" content=\"The\u00a0Autoke 7m Diesel Heated Spray Booth (Model: ATK-LS7-003D)\u00a0is a high-performance painting solution designed for professional automotive workshops and industrial finishing centers. Featuring a powerful ventilation system, RIELLO G20 diesel burner, energy-efficient LED lighting, and multi-stage filtration, this booth ensures fast curing, superior finish quality, and operator safety. Factory direct \u2013 customizable for your specific requirements.\" \/>\n<meta property=\"og:url\" content=\"https:\/\/sprayboothmanufacturer.com\/fr\/product\/7m-diesel-heated-spray-booth\/\" \/>\n<meta property=\"og:site_name\" content=\"Autoke-China Paint Booth Manufacturer\" \/>\n<meta property=\"og:image\" content=\"https:\/\/sprayboothmanufacturer.com\/wp-content\/uploads\/2025\/11\/4.png\" \/>\n\t<meta property=\"og:image:width\" content=\"850\" \/>\n\t<meta property=\"og:image:height\" content=\"850\" \/>\n\t<meta property=\"og:image:type\" content=\"image\/png\" \/>\n<meta name=\"twitter:card\" content=\"summary_large_image\" \/>\n<meta name=\"twitter:label1\" content=\"Dur\u00e9e de lecture estim\u00e9e\" \/>\n\t<meta name=\"twitter:data1\" content=\"4 minutes\" \/>\n<script type=\"application\/ld+json\" class=\"yoast-schema-graph\">{\"@context\":\"https:\\\/\\\/schema.org\",\"@graph\":[{\"@type\":\"WebPage\",\"@id\":\"https:\\\/\\\/sprayboothmanufacturer.com\\\/product\\\/7m-diesel-heated-spray-booth\\\/\",\"url\":\"https:\\\/\\\/sprayboothmanufacturer.com\\\/product\\\/7m-diesel-heated-spray-booth\\\/\",\"name\":\"7m Diesel Heated Spray Booth \u2013 Professional Automotive Equipment Supplier with Glass Doors & Ventilation System - Autoke-China Paint Booth Manufacturer\",\"isPartOf\":{\"@id\":\"https:\\\/\\\/sprayboothmanufacturer.com\\\/#website\"},\"primaryImageOfPage\":{\"@id\":\"https:\\\/\\\/sprayboothmanufacturer.com\\\/product\\\/7m-diesel-heated-spray-booth\\\/#primaryimage\"},\"image\":{\"@id\":\"https:\\\/\\\/sprayboothmanufacturer.com\\\/product\\\/7m-diesel-heated-spray-booth\\\/#primaryimage\"},\"thumbnailUrl\":\"https:\\\/\\\/sprayboothmanufacturer.com\\\/wp-content\\\/uploads\\\/2025\\\/11\\\/4.png\",\"datePublished\":\"2026-02-24T01:51:33+00:00\",\"breadcrumb\":{\"@id\":\"https:\\\/\\\/sprayboothmanufacturer.com\\\/product\\\/7m-diesel-heated-spray-booth\\\/#breadcrumb\"},\"inLanguage\":\"fr-FR\",\"potentialAction\":[{\"@type\":\"ReadAction\",\"target\":[\"https:\\\/\\\/sprayboothmanufacturer.com\\\/product\\\/7m-diesel-heated-spray-booth\\\/\"]}]},{\"@type\":\"ImageObject\",\"inLanguage\":\"fr-FR\",\"@id\":\"https:\\\/\\\/sprayboothmanufacturer.com\\\/product\\\/7m-diesel-heated-spray-booth\\\/#primaryimage\",\"url\":\"https:\\\/\\\/sprayboothmanufacturer.com\\\/wp-content\\\/uploads\\\/2025\\\/11\\\/4.png\",\"contentUrl\":\"https:\\\/\\\/sprayboothmanufacturer.com\\\/wp-content\\\/uploads\\\/2025\\\/11\\\/4.png\",\"width\":850,\"height\":850,\"caption\":\"automotive paint booth\"},{\"@type\":\"BreadcrumbList\",\"@id\":\"https:\\\/\\\/sprayboothmanufacturer.com\\\/product\\\/7m-diesel-heated-spray-booth\\\/#breadcrumb\",\"itemListElement\":[{\"@type\":\"ListItem\",\"position\":1,\"name\":\"Home\",\"item\":\"https:\\\/\\\/sprayboothmanufacturer.com\\\/\"},{\"@type\":\"ListItem\",\"position\":2,\"name\":\"\u4ea7\u54c1\",\"item\":\"https:\\\/\\\/sprayboothmanufacturer.com\\\/shop__trashed\\\/\"},{\"@type\":\"ListItem\",\"position\":3,\"name\":\"7m Diesel Heated Spray Booth \u2013 Professional Automotive Equipment Supplier with Glass Doors &#038; Ventilation System\"}]},{\"@type\":\"WebSite\",\"@id\":\"https:\\\/\\\/sprayboothmanufacturer.com\\\/#website\",\"url\":\"https:\\\/\\\/sprayboothmanufacturer.com\\\/\",\"name\":\"Autoke-China Paint Booth Manufacturer\",\"description\":\"\",\"publisher\":{\"@id\":\"https:\\\/\\\/sprayboothmanufacturer.com\\\/#organization\"},\"potentialAction\":[{\"@type\":\"SearchAction\",\"target\":{\"@type\":\"EntryPoint\",\"urlTemplate\":\"https:\\\/\\\/sprayboothmanufacturer.com\\\/?s={search_term_string}\"},\"query-input\":{\"@type\":\"PropertyValueSpecification\",\"valueRequired\":true,\"valueName\":\"search_term_string\"}}],\"inLanguage\":\"fr-FR\"},{\"@type\":\"Organization\",\"@id\":\"https:\\\/\\\/sprayboothmanufacturer.com\\\/#organization\",\"name\":\"Autoke-China Paint Booth Manufacturer\",\"url\":\"https:\\\/\\\/sprayboothmanufacturer.com\\\/\",\"logo\":{\"@type\":\"ImageObject\",\"inLanguage\":\"fr-FR\",\"@id\":\"https:\\\/\\\/sprayboothmanufacturer.com\\\/#\\\/schema\\\/logo\\\/image\\\/\",\"url\":\"https:\\\/\\\/sprayboothmanufacturer.com\\\/wp-content\\\/uploads\\\/2025\\\/12\\\/\u5fae\u4fe1\u56fe\u7247_20260113195103_1750_4-scaled-e1768394147958.png\",\"contentUrl\":\"https:\\\/\\\/sprayboothmanufacturer.com\\\/wp-content\\\/uploads\\\/2025\\\/12\\\/\u5fae\u4fe1\u56fe\u7247_20260113195103_1750_4-scaled-e1768394147958.png\",\"width\":1740,\"height\":538,\"caption\":\"Autoke-China Paint Booth Manufacturer\"},\"image\":{\"@id\":\"https:\\\/\\\/sprayboothmanufacturer.com\\\/#\\\/schema\\\/logo\\\/image\\\/\"}}]}<\/script>\n<!-- \/ Yoast SEO plugin. -->","yoast_head_json":{"title":"Cabine de pulv\u00e9risation chauff\u00e9e au diesel de 7m \u2013 Fournisseur d'\u00e9quipements automobiles professionnels avec portes en verre et syst\u00e8me de ventilation - Fabricant de cabines de peinture Autoke-France","robots":{"index":"index","follow":"follow","max-snippet":"max-snippet:-1","max-image-preview":"max-image-preview:large","max-video-preview":"max-video-preview:-1"},"canonical":"https:\/\/sprayboothmanufacturer.com\/fr\/product\/7m-diesel-heated-spray-booth\/","og_locale":"fr_FR","og_type":"article","og_title":"7m Diesel Heated Spray Booth \u2013 Professional Automotive Equipment Supplier with Glass Doors & Ventilation System - Autoke-China Paint Booth Manufacturer","og_description":"The\u00a0Autoke 7m Diesel Heated Spray Booth (Model: ATK-LS7-003D)\u00a0is a high-performance painting solution designed for professional automotive workshops and industrial finishing centers. Featuring a powerful ventilation system, RIELLO G20 diesel burner, energy-efficient LED lighting, and multi-stage filtration, this booth ensures fast curing, superior finish quality, and operator safety. Factory direct \u2013 customizable for your specific requirements.","og_url":"https:\/\/sprayboothmanufacturer.com\/fr\/product\/7m-diesel-heated-spray-booth\/","og_site_name":"Autoke-China Paint Booth Manufacturer","og_image":[{"width":850,"height":850,"url":"https:\/\/sprayboothmanufacturer.com\/wp-content\/uploads\/2025\/11\/4.png","type":"image\/png"}],"twitter_card":"summary_large_image","twitter_misc":{"Dur\u00e9e de lecture estim\u00e9e":"4 minutes"},"schema":{"@context":"https:\/\/schema.org","@graph":[{"@type":"WebPage","@id":"https:\/\/sprayboothmanufacturer.com\/product\/7m-diesel-heated-spray-booth\/","url":"https:\/\/sprayboothmanufacturer.com\/product\/7m-diesel-heated-spray-booth\/","name":"Cabine de pulv\u00e9risation chauff\u00e9e au diesel de 7m \u2013 Fournisseur d'\u00e9quipements automobiles professionnels avec portes en verre et syst\u00e8me de ventilation - Fabricant de cabines de peinture Autoke-France","isPartOf":{"@id":"https:\/\/sprayboothmanufacturer.com\/#website"},"primaryImageOfPage":{"@id":"https:\/\/sprayboothmanufacturer.com\/product\/7m-diesel-heated-spray-booth\/#primaryimage"},"image":{"@id":"https:\/\/sprayboothmanufacturer.com\/product\/7m-diesel-heated-spray-booth\/#primaryimage"},"thumbnailUrl":"https:\/\/sprayboothmanufacturer.com\/wp-content\/uploads\/2025\/11\/4.png","datePublished":"2026-02-24T01:51:33+00:00","breadcrumb":{"@id":"https:\/\/sprayboothmanufacturer.com\/product\/7m-diesel-heated-spray-booth\/#breadcrumb"},"inLanguage":"fr-FR","potentialAction":[{"@type":"ReadAction","target":["https:\/\/sprayboothmanufacturer.com\/product\/7m-diesel-heated-spray-booth\/"]}]},{"@type":"ImageObject","inLanguage":"fr-FR","@id":"https:\/\/sprayboothmanufacturer.com\/product\/7m-diesel-heated-spray-booth\/#primaryimage","url":"https:\/\/sprayboothmanufacturer.com\/wp-content\/uploads\/2025\/11\/4.png","contentUrl":"https:\/\/sprayboothmanufacturer.com\/wp-content\/uploads\/2025\/11\/4.png","width":850,"height":850,"caption":"automotive paint booth"},{"@type":"BreadcrumbList","@id":"https:\/\/sprayboothmanufacturer.com\/product\/7m-diesel-heated-spray-booth\/#breadcrumb","itemListElement":[{"@type":"ListItem","position":1,"name":"Home","item":"https:\/\/sprayboothmanufacturer.com\/"},{"@type":"ListItem","position":2,"name":"\u4ea7\u54c1","item":"https:\/\/sprayboothmanufacturer.com\/shop__trashed\/"},{"@type":"ListItem","position":3,"name":"7m Diesel Heated Spray Booth \u2013 Professional Automotive Equipment Supplier with Glass Doors &#038; Ventilation System"}]},{"@type":"WebSite","@id":"https:\/\/sprayboothmanufacturer.com\/#website","url":"https:\/\/sprayboothmanufacturer.com\/","name":"Fabricant de cabines de peinture Autoke-Chine","description":"","publisher":{"@id":"https:\/\/sprayboothmanufacturer.com\/#organization"},"potentialAction":[{"@type":"SearchAction","target":{"@type":"EntryPoint","urlTemplate":"https:\/\/sprayboothmanufacturer.com\/?s={search_term_string}"},"query-input":{"@type":"PropertyValueSpecification","valueRequired":true,"valueName":"search_term_string"}}],"inLanguage":"fr-FR"},{"@type":"Organization","@id":"https:\/\/sprayboothmanufacturer.com\/#organization","name":"Fabricant de cabines de peinture Autoke-Chine","url":"https:\/\/sprayboothmanufacturer.com\/","logo":{"@type":"ImageObject","inLanguage":"fr-FR","@id":"https:\/\/sprayboothmanufacturer.com\/#\/schema\/logo\/image\/","url":"https:\/\/sprayboothmanufacturer.com\/wp-content\/uploads\/2025\/12\/\u5fae\u4fe1\u56fe\u7247_20260113195103_1750_4-scaled-e1768394147958.png","contentUrl":"https:\/\/sprayboothmanufacturer.com\/wp-content\/uploads\/2025\/12\/\u5fae\u4fe1\u56fe\u7247_20260113195103_1750_4-scaled-e1768394147958.png","width":1740,"height":538,"caption":"Autoke-China Paint Booth Manufacturer"},"image":{"@id":"https:\/\/sprayboothmanufacturer.com\/#\/schema\/logo\/image\/"}}]}},"_links":{"self":[{"href":"https:\/\/sprayboothmanufacturer.com\/fr\/wp-json\/wp\/v2\/product\/3340","targetHints":{"allow":["GET"]}}],"collection":[{"href":"https:\/\/sprayboothmanufacturer.com\/fr\/wp-json\/wp\/v2\/product"}],"about":[{"href":"https:\/\/sprayboothmanufacturer.com\/fr\/wp-json\/wp\/v2\/types\/product"}],"replies":[{"embeddable":true,"href":"https:\/\/sprayboothmanufacturer.com\/fr\/wp-json\/wp\/v2\/comments?post=3340"}],"version-history":[{"count":1,"href":"https:\/\/sprayboothmanufacturer.com\/fr\/wp-json\/wp\/v2\/product\/3340\/revisions"}],"predecessor-version":[{"id":3341,"href":"https:\/\/sprayboothmanufacturer.com\/fr\/wp-json\/wp\/v2\/product\/3340\/revisions\/3341"}],"wp:featuredmedia":[{"embeddable":true,"href":"https:\/\/sprayboothmanufacturer.com\/fr\/wp-json\/wp\/v2\/media\/2258"}],"wp:attachment":[{"href":"https:\/\/sprayboothmanufacturer.com\/fr\/wp-json\/wp\/v2\/media?parent=3340"}],"wp:term":[{"taxonomy":"product_brand","embeddable":true,"href":"https:\/\/sprayboothmanufacturer.com\/fr\/wp-json\/wp\/v2\/product_brand?post=3340"},{"taxonomy":"product_cat","embeddable":true,"href":"https:\/\/sprayboothmanufacturer.com\/fr\/wp-json\/wp\/v2\/product_cat?post=3340"},{"taxonomy":"product_tag","embeddable":true,"href":"https:\/\/sprayboothmanufacturer.com\/fr\/wp-json\/wp\/v2\/product_tag?post=3340"}],"curies":[{"name":"wp","href":"https:\/\/api.w.org\/{rel}","templated":true}]}}