{"id":3338,"date":"2026-02-24T01:46:32","date_gmt":"2026-02-24T01:46:32","guid":{"rendered":"https:\/\/sprayboothmanufacturer.com\/?post_type=product&#038;p=3338"},"modified":"2026-02-24T01:46:33","modified_gmt":"2026-02-24T01:46:33","slug":"7m-basic-spray-booth","status":"publish","type":"product","link":"https:\/\/sprayboothmanufacturer.com\/fr\/product\/7m-basic-spray-booth\/","title":{"rendered":"Cabine de pulv\u00e9risation de base de 7m \u2013 Enceinte de peinture \u00e9conomique pour ateliers et usage industriel (sans ventilation\/chauffage)"},"content":{"rendered":"<table style=\"height: 323px;\" width=\"841\">\n<tbody>\n<tr>\n<td width=\"142\"><strong><b>Quantit\u00e9 minimale de commande :<\/b><\/strong><\/td>\n<td width=\"142\">1 pi\u00e8ce<\/td>\n<td width=\"142\"><strong><b>Prix :<\/b><\/strong><\/td>\n<td width=\"142\">\u00c0 n\u00e9gocier<\/td>\n<\/tr>\n<tr>\n<td width=\"142\"><strong><b>D\u00e9tails de l'emballage :<\/b><\/strong><\/td>\n<td width=\"142\">40GP ou 20GP\/unit\u00e9<\/td>\n<td width=\"142\"><strong><b>D\u00e9lai de livraison :<\/b><\/strong><\/td>\n<td width=\"142\">15 jours \u00e0 n\u00e9gocier<\/td>\n<\/tr>\n<tr>\n<td width=\"142\"><strong><b>Conditions de paiement :<\/b><\/strong><\/td>\n<td width=\"142\">L\/C, T\/T<\/td>\n<td width=\"142\"><strong><b>Capacit\u00e9 d'approvisionnement :<\/b><\/strong><\/td>\n<td width=\"142\">50 unit\u00e9(s) par mois, cabine de pulv\u00e9risation industrielle, cabine de pulv\u00e9risation bus<\/td>\n<\/tr>\n<tr>\n<td width=\"142\"><strong><b>Lieu d'origine :<\/b><\/strong><\/td>\n<td width=\"142\">Jiangsu, Chine<\/td>\n<td width=\"142\"><strong><b>Nom de la marque :<\/b><\/strong><\/td>\n<td width=\"142\">Autoke<\/td>\n<\/tr>\n<tr>\n<td width=\"142\"><strong><b>Certification :<\/b><\/strong><\/td>\n<td width=\"142\">CE<\/td>\n<td width=\"142\"><strong><b>Num\u00e9ro de mod\u00e8le :<\/b><\/strong><\/td>\n<td width=\"142\">ATK-LS7-002B<\/td>\n<\/tr>\n<\/tbody>\n<\/table>\n<h4><strong>Aper\u00e7u<\/strong><\/h4>\n<p class=\"ds-markdown-paragraph\">Le\u00a0<strong>Cabine de pulv\u00e9risation de luxe Autoke 7m (version de base)<\/strong>\u00a0offre un espace de travail de qualit\u00e9 professionnelle pour les op\u00e9rations de peinture, de rev\u00eatement ou de pon\u00e7age. Con\u00e7ue sans ventilation ou chauffage int\u00e9gr\u00e9s, ce mod\u00e8le sert d'enceinte polyvalente pouvant \u00eatre adapt\u00e9e \u00e0 vos exigences sp\u00e9cifiques. Il est id\u00e9al pour les ateliers disposant d\u00e9j\u00e0 d'une ventilation externe ou pour une utilisation comme zone de pr\u00e9paration sans poussi\u00e8re. Fabriqu\u00e9e avec des mat\u00e9riaux de premi\u00e8re qualit\u00e9 et une attention particuli\u00e8re aux d\u00e9tails, elle garantit durabilit\u00e9 et s\u00e9curit\u00e9 dans des environnements exigeants.<\/p>\n<hr \/>\n<h4><strong>Caract\u00e9ristiques principales<\/strong><\/h4>\n<ul>\n<li>\n<p class=\"ds-markdown-paragraph\"><strong>Construction \u00e0 haute r\u00e9sistance<\/strong><\/p>\n<ul>\n<li>\n<p class=\"ds-markdown-paragraph\">Panneaux muraux : laine de roche haute densit\u00e9 de 5cm d\u2019\u00e9paisseur (100 kg\/m\u00b3) avec rev\u00eatements en acier de 0,4mm \u2013 r\u00e9sistants au feu, insonoris\u00e9s, et isolants thermiquement.<\/p>\n<\/li>\n<li>\n<p class=\"ds-markdown-paragraph\">Panneaux de toiture en acier galvanis\u00e9, trait\u00e9s anti-flamme.<\/p>\n<\/li>\n<li>\n<p class=\"ds-markdown-paragraph\">Sous-sol robuste avec 4 jambes auxiliaires, supportant jusqu'\u00e0 5 tonnes.<\/p>\n<\/li>\n<\/ul>\n<\/li>\n<li>\n<p class=\"ds-markdown-paragraph\"><strong>Syst\u00e8me de sol am\u00e9lior\u00e9<\/strong><\/p>\n<ul>\n<li>\n<p class=\"ds-markdown-paragraph\">Trois rang\u00e9es de grilles en acier galvanis\u00e9 plat pour un flux d'air optimal (si ventilation externe ajout\u00e9e).<\/p>\n<\/li>\n<li>\n<p class=\"ds-markdown-paragraph\">Deux rang\u00e9es de sols de marche trait\u00e9s contre la rouille (\u00e9paisseur de 5 mm) pour un acc\u00e8s s\u00fbr et confortable.<\/p>\n<\/li>\n<\/ul>\n<\/li>\n<li>\n<p class=\"ds-markdown-paragraph\"><strong>Acc\u00e8s spacieux<\/strong><\/p>\n<ul>\n<li>\n<p class=\"ds-markdown-paragraph\">Entr\u00e9e principale : Quatre portes m\u00e9talliques frontales avec fen\u00eatres en verre tremp\u00e9 (largeur totale d'environ 3000 mm, hauteur 2750 mm).<\/p>\n<\/li>\n<li>\n<p class=\"ds-markdown-paragraph\">Porte de s\u00e9curit\u00e9 lat\u00e9rale : 60\u00d7180 cm avec grand vitrage pour la visibilit\u00e9 et la sortie d'urgence.<\/p>\n<\/li>\n<\/ul>\n<\/li>\n<li>\n<p class=\"ds-markdown-paragraph\"><strong>\u00c9clairage sup\u00e9rieur<\/strong><\/p>\n<ul>\n<li>\n<p class=\"ds-markdown-paragraph\">24\u00d718W plafonniers LED (angle de 45\u00b0) pour un \u00e9clairage uniforme en hauteur.<\/p>\n<\/li>\n<li>\n<p class=\"ds-markdown-paragraph\">8\u00d748W \u00e9clairages LED muraux pour \u00e9liminer les ombres et am\u00e9liorer la visibilit\u00e9.<\/p>\n<\/li>\n<\/ul>\n<\/li>\n<li>\n<p class=\"ds-markdown-paragraph\"><strong>Filtration efficace (mise \u00e0 niveau optionnelle)<\/strong><\/p>\n<ul>\n<li>\n<p class=\"ds-markdown-paragraph\">Filtre primaire (&gt;10\u03bcm, efficacit\u00e9 &gt;90%) \u2013 pr\u00e9install\u00e9.<\/p>\n<\/li>\n<li>\n<p class=\"ds-markdown-paragraph\">Filtre de plafond (&gt;4\u03bcm, efficacit\u00e9 &gt;98%) \u2013 pr\u00e9install\u00e9.<\/p>\n<\/li>\n<li>\n<p class=\"ds-markdown-paragraph\">Filtre au sol (fibres de verre multicouches, efficacit\u00e9 &gt;90%) \u2013 pr\u00e9install\u00e9.<\/p>\n<\/li>\n<li>\n<p class=\"ds-markdown-paragraph\"><em>Remarque : Les filtres sont install\u00e9s mais le syst\u00e8me de ventilation n'est pas inclus ; le flux d'air externe doit \u00eatre fourni par l'utilisateur.<\/em><\/p>\n<\/li>\n<\/ul>\n<\/li>\n<li>\n<p class=\"ds-markdown-paragraph\"><strong>Pr\u00eat pour la personnalisation<\/strong><\/p>\n<ul>\n<li>\n<p class=\"ds-markdown-paragraph\">Ce mod\u00e8le de base est con\u00e7u pour s'int\u00e9grer facilement avec des unit\u00e9s de ventilation et de chauffage de rechange.<\/p>\n<\/li>\n<li>\n<p class=\"ds-markdown-paragraph\">Pi\u00e8ces de rechange incluses : 1 panneau mural, 1 panneau de toit, 2 lumi\u00e8res LED lat\u00e9rales, 2 lumi\u00e8res LED sup\u00e9rieures.<\/p>\n<\/li>\n<\/ul>\n<\/li>\n<\/ul>\n<hr \/>\n<h4><strong>Sp\u00e9cifications techniques<\/strong><\/h4>\n<div class=\"ds-scroll-area _1210dd7 c03cafe9\">\n<div class=\"ds-scroll-area__gutters\">\n<div class=\"ds-scroll-area__horizontal-gutter\"><\/div>\n<div class=\"ds-scroll-area__vertical-gutter\"><\/div>\n<\/div>\n<table>\n<thead>\n<tr>\n<th>Param\u00e8tre<\/th>\n<th>D\u00e9tails<\/th>\n<\/tr>\n<\/thead>\n<tbody>\n<tr>\n<td><strong>Mod\u00e8le<\/strong><\/td>\n<td>ATK-LS7-002B<\/td>\n<\/tr>\n<tr>\n<td><strong>Dimension ext\u00e9rieure (L\u00d7l\u00d7H)<\/strong><\/td>\n<td>7000\u00d74000\u00d73500 mm<\/td>\n<\/tr>\n<tr>\n<td><strong>Dimension int\u00e9rieure (L\u00d7l\u00d7H)<\/strong><\/td>\n<td>6900\u00d73900\u00d72700 mm<\/td>\n<\/tr>\n<tr>\n<td><strong>Taille de l'emballage<\/strong><\/td>\n<td>4,2\u00d72,2\u00d72,1 m (19 M\u00b3)<\/td>\n<\/tr>\n<tr>\n<td><strong>Poids<\/strong><\/td>\n<td>Env. 3500 kg<\/td>\n<\/tr>\n<tr>\n<td><strong>Panneau mural<\/strong><\/td>\n<td>Laine de roche, \u00e9paisseur 50 mm, densit\u00e9 100 kg\/m\u00b3, \u00e9paisseur d'acier 0,4 mm<\/td>\n<\/tr>\n<tr>\n<td><strong>Grilles de sol<\/strong><\/td>\n<td>3 rang\u00e9es de grilles en acier galvanis\u00e9<\/td>\n<\/tr>\n<tr>\n<td><strong>Planchers de marche<\/strong><\/td>\n<td>2 rang\u00e9es, trait\u00e9es contre la rouille, \u00e9paisseur de 5mm<\/td>\n<\/tr>\n<tr>\n<td><strong>\u00c9clairage<\/strong><\/td>\n<td>Plafond : LED 24\u00d718W ; Murs lat\u00e9raux : LED 8\u00d748W<\/td>\n<\/tr>\n<tr>\n<td><strong>Porte<\/strong><\/td>\n<td>Principal : m\u00e9tal \u00e0 4 feuilles avec verre tremp\u00e9 ; C\u00f4t\u00e9 : 60\u00d7180cm avec verre<\/td>\n<\/tr>\n<tr>\n<td><strong>Couleur<\/strong><\/td>\n<td>Ext\u00e9rieur RAL 7016, Int\u00e9rieur RAL 9010<\/td>\n<\/tr>\n<tr>\n<td><strong>Garantie<\/strong><\/td>\n<td>12 mois \u00e0 partir de la date de B\/L<\/td>\n<\/tr>\n<tr>\n<td><strong>D\u00e9lai de livraison<\/strong><\/td>\n<td>30 jours apr\u00e8s paiement<\/td>\n<\/tr>\n<tr>\n<td><strong>Exp\u00e9dition<\/strong><\/td>\n<td>1 ensemble par conteneur de 20GP ; 3 ensembles par conteneur 40HQ<\/td>\n<\/tr>\n<\/tbody>\n<\/table>\n<\/div>\n<hr \/>\n<h4><strong>Pourquoi choisir la cabine de pulv\u00e9risation Autoke Basic ?<\/strong><\/h4>\n<ul>\n<li>\n<p class=\"ds-markdown-paragraph\">\u2705\u00a0<strong>Fourniture directe d'usine<\/strong>\u00a0\u2013 Tarification comp\u00e9titive sans interm\u00e9diaires<\/p>\n<\/li>\n<li>\n<p class=\"ds-markdown-paragraph\">\u2705\u00a0<strong>Solutions OEM personnalis\u00e9es<\/strong>\u00a0\u2013 Adapter la taille, la couleur et les accessoires \u00e0 vos besoins<\/p>\n<\/li>\n<li>\n<p class=\"ds-markdown-paragraph\">\u2705\u00a0<strong>Solution tout-en-un<\/strong>\u00a0\u2013 Des composants structurels aux options suppl\u00e9mentaires<\/p>\n<\/li>\n<li>\n<p class=\"ds-markdown-paragraph\">\u2705\u00a0<strong>Fabricant d'\u00e9quipements industriels<\/strong>\u00a0\u2013 Qualit\u00e9 et fiabilit\u00e9 \u00e9prouv\u00e9es<\/p>\n<\/li>\n<li>\n<p class=\"ds-markdown-paragraph\">\u2705\u00a0<strong>Id\u00e9al pour les ateliers et centres de service<\/strong>\u00a0\u2013 Utilisation polyvalente comme cabine de peinture, cabine de pon\u00e7age ou salle blanche<\/p>\n<\/li>\n<li>\n<p class=\"ds-markdown-paragraph\">\u2705\u00a0<strong>Facile \u00e0 mettre \u00e0 niveau<\/strong>\u00a0\u2013 Pr\u00e9parez-vous \u00e0 l'ajout futur de syst\u00e8mes de ventilation\/chauffage<\/p>\n<\/li>\n<\/ul>\n<hr \/>\n<h4><strong>Applications<\/strong><\/h4>\n<ul>\n<li>\n<p class=\"ds-markdown-paragraph\">Ateliers de carrosserie automobile (en zone de pr\u00e9paration ou enceinte de pulv\u00e9risation de base)<\/p>\n<\/li>\n<li>\n<p class=\"ds-markdown-paragraph\">Lignes de rev\u00eatement industriel (avec ventilation externe)<\/p>\n<\/li>\n<li>\n<p class=\"ds-markdown-paragraph\">Ateliers de menuiserie et de finition<\/p>\n<\/li>\n<li>\n<p class=\"ds-markdown-paragraph\">Postes d'assemblage ou de pon\u00e7age sans poussi\u00e8re<\/p>\n<\/li>\n<\/ul>","protected":false},"excerpt":{"rendered":"<p>Le\u00a0<strong>Cabine de pulv\u00e9risation Autoke 7m Basic (Mod\u00e8le : ATK-LS7-002B)<\/strong>\u00a0est une solution \u00e9conomique pour les ateliers n\u00e9cessitant un environnement de peinture ou de pon\u00e7age spacieux, bien \u00e9clair\u00e9 et structurellement robuste. Con\u00e7ue avec des panneaux en laine de roche \u00e0 haute densit\u00e9, un sol renforc\u00e9 et un \u00e9clairage LED \u00e0 faible consommation d'\u00e9nergie, ce mod\u00e8le de base offre un excellent rapport qualit\u00e9-prix et peut \u00eatre personnalis\u00e9 avec des syst\u00e8mes de ventilation et de chauffage selon les besoins. Directement fabriqu\u00e9 en usine \u2013 id\u00e9al pour les applications commerciales et industrielles.<\/p>","protected":false},"featured_media":2274,"comment_status":"open","ping_status":"closed","template":"","meta":[],"product_brand":[76],"product_cat":[60,59],"product_tag":[63,69,86,71,68,80,81],"class_list":{"0":"post-3338","1":"product","2":"type-product","3":"status-publish","4":"has-post-thumbnail","6":"product_brand-autoke","7":"product_cat-car-spray-booth","8":"product_cat-spray-booth","9":"product_tag-car-spray-booth","10":"product_tag-ce-car-spray-booth","11":"product_tag-commercial-vehicle-spray-booth","12":"product_tag-competitive-price-spray-booths","13":"product_tag-customized-car-spray-booth","14":"product_tag-industrial-paint-booth","15":"product_tag-truck-paint-booth","17":"first","18":"instock","19":"shipping-taxable","20":"product-type-simple"},"yoast_head":"<!-- This site is optimized with the Yoast SEO plugin v27.4 - https:\/\/yoast.com\/product\/yoast-seo-wordpress\/ -->\n<title>7m Basic Spray Booth \u2013 Economy Paint Enclosure for Workshops &amp; Industrial Use (No Ventilation\/Heating) - Autoke-China Paint Booth Manufacturer<\/title>\n<meta name=\"robots\" content=\"index, follow, max-snippet:-1, max-image-preview:large, max-video-preview:-1\" \/>\n<link rel=\"canonical\" href=\"https:\/\/sprayboothmanufacturer.com\/fr\/product\/7m-basic-spray-booth\/\" \/>\n<meta property=\"og:locale\" content=\"fr_FR\" \/>\n<meta property=\"og:type\" content=\"article\" \/>\n<meta property=\"og:title\" content=\"7m Basic Spray Booth \u2013 Economy Paint Enclosure for Workshops &amp; Industrial Use (No Ventilation\/Heating) - Autoke-China Paint Booth Manufacturer\" \/>\n<meta property=\"og:description\" content=\"The\u00a0Autoke 7m Basic Spray Booth (Model: ATK-LS7-002B)\u00a0is a cost-effective solution for workshops requiring a spacious, well-lit, and structurally robust painting or sanding environment. Built with high-density rock wool panels, reinforced flooring, and energy-efficient LED lighting, this base model offers excellent value and can be customized with ventilation and heating systems as needed. Factory direct \u2013 ideal for commercial and industrial applications.\" \/>\n<meta property=\"og:url\" content=\"https:\/\/sprayboothmanufacturer.com\/fr\/product\/7m-basic-spray-booth\/\" \/>\n<meta property=\"og:site_name\" content=\"Autoke-China Paint Booth Manufacturer\" \/>\n<meta property=\"article:modified_time\" content=\"2026-02-24T01:46:33+00:00\" \/>\n<meta property=\"og:image\" content=\"https:\/\/sprayboothmanufacturer.com\/wp-content\/uploads\/2025\/11\/\u56fe5.png\" \/>\n\t<meta property=\"og:image:width\" content=\"800\" \/>\n\t<meta property=\"og:image:height\" content=\"800\" \/>\n\t<meta property=\"og:image:type\" content=\"image\/png\" \/>\n<meta name=\"twitter:card\" content=\"summary_large_image\" \/>\n<meta name=\"twitter:label1\" content=\"Dur\u00e9e de lecture estim\u00e9e\" \/>\n\t<meta name=\"twitter:data1\" content=\"3 minutes\" \/>\n<script type=\"application\/ld+json\" class=\"yoast-schema-graph\">{\"@context\":\"https:\\\/\\\/schema.org\",\"@graph\":[{\"@type\":\"WebPage\",\"@id\":\"https:\\\/\\\/sprayboothmanufacturer.com\\\/product\\\/7m-basic-spray-booth\\\/\",\"url\":\"https:\\\/\\\/sprayboothmanufacturer.com\\\/product\\\/7m-basic-spray-booth\\\/\",\"name\":\"7m Basic Spray Booth \u2013 Economy Paint Enclosure for Workshops & Industrial Use (No Ventilation\\\/Heating) - Autoke-China Paint Booth Manufacturer\",\"isPartOf\":{\"@id\":\"https:\\\/\\\/sprayboothmanufacturer.com\\\/#website\"},\"primaryImageOfPage\":{\"@id\":\"https:\\\/\\\/sprayboothmanufacturer.com\\\/product\\\/7m-basic-spray-booth\\\/#primaryimage\"},\"image\":{\"@id\":\"https:\\\/\\\/sprayboothmanufacturer.com\\\/product\\\/7m-basic-spray-booth\\\/#primaryimage\"},\"thumbnailUrl\":\"https:\\\/\\\/sprayboothmanufacturer.com\\\/wp-content\\\/uploads\\\/2025\\\/11\\\/\u56fe5.png\",\"datePublished\":\"2026-02-24T01:46:32+00:00\",\"dateModified\":\"2026-02-24T01:46:33+00:00\",\"breadcrumb\":{\"@id\":\"https:\\\/\\\/sprayboothmanufacturer.com\\\/product\\\/7m-basic-spray-booth\\\/#breadcrumb\"},\"inLanguage\":\"fr-FR\",\"potentialAction\":[{\"@type\":\"ReadAction\",\"target\":[\"https:\\\/\\\/sprayboothmanufacturer.com\\\/product\\\/7m-basic-spray-booth\\\/\"]}]},{\"@type\":\"ImageObject\",\"inLanguage\":\"fr-FR\",\"@id\":\"https:\\\/\\\/sprayboothmanufacturer.com\\\/product\\\/7m-basic-spray-booth\\\/#primaryimage\",\"url\":\"https:\\\/\\\/sprayboothmanufacturer.com\\\/wp-content\\\/uploads\\\/2025\\\/11\\\/\u56fe5.png\",\"contentUrl\":\"https:\\\/\\\/sprayboothmanufacturer.com\\\/wp-content\\\/uploads\\\/2025\\\/11\\\/\u56fe5.png\",\"width\":800,\"height\":800,\"caption\":\"CE car spray booth\"},{\"@type\":\"BreadcrumbList\",\"@id\":\"https:\\\/\\\/sprayboothmanufacturer.com\\\/product\\\/7m-basic-spray-booth\\\/#breadcrumb\",\"itemListElement\":[{\"@type\":\"ListItem\",\"position\":1,\"name\":\"Home\",\"item\":\"https:\\\/\\\/sprayboothmanufacturer.com\\\/\"},{\"@type\":\"ListItem\",\"position\":2,\"name\":\"\u4ea7\u54c1\",\"item\":\"https:\\\/\\\/sprayboothmanufacturer.com\\\/shop__trashed\\\/\"},{\"@type\":\"ListItem\",\"position\":3,\"name\":\"7m Basic Spray Booth \u2013 Economy Paint Enclosure for Workshops &#038; Industrial Use (No Ventilation\\\/Heating)\"}]},{\"@type\":\"WebSite\",\"@id\":\"https:\\\/\\\/sprayboothmanufacturer.com\\\/#website\",\"url\":\"https:\\\/\\\/sprayboothmanufacturer.com\\\/\",\"name\":\"Autoke-China Paint Booth Manufacturer\",\"description\":\"\",\"publisher\":{\"@id\":\"https:\\\/\\\/sprayboothmanufacturer.com\\\/#organization\"},\"potentialAction\":[{\"@type\":\"SearchAction\",\"target\":{\"@type\":\"EntryPoint\",\"urlTemplate\":\"https:\\\/\\\/sprayboothmanufacturer.com\\\/?s={search_term_string}\"},\"query-input\":{\"@type\":\"PropertyValueSpecification\",\"valueRequired\":true,\"valueName\":\"search_term_string\"}}],\"inLanguage\":\"fr-FR\"},{\"@type\":\"Organization\",\"@id\":\"https:\\\/\\\/sprayboothmanufacturer.com\\\/#organization\",\"name\":\"Autoke-China Paint Booth Manufacturer\",\"url\":\"https:\\\/\\\/sprayboothmanufacturer.com\\\/\",\"logo\":{\"@type\":\"ImageObject\",\"inLanguage\":\"fr-FR\",\"@id\":\"https:\\\/\\\/sprayboothmanufacturer.com\\\/#\\\/schema\\\/logo\\\/image\\\/\",\"url\":\"https:\\\/\\\/sprayboothmanufacturer.com\\\/wp-content\\\/uploads\\\/2025\\\/12\\\/\u5fae\u4fe1\u56fe\u7247_20260113195103_1750_4-scaled-e1768394147958.png\",\"contentUrl\":\"https:\\\/\\\/sprayboothmanufacturer.com\\\/wp-content\\\/uploads\\\/2025\\\/12\\\/\u5fae\u4fe1\u56fe\u7247_20260113195103_1750_4-scaled-e1768394147958.png\",\"width\":1740,\"height\":538,\"caption\":\"Autoke-China Paint Booth Manufacturer\"},\"image\":{\"@id\":\"https:\\\/\\\/sprayboothmanufacturer.com\\\/#\\\/schema\\\/logo\\\/image\\\/\"}}]}<\/script>\n<!-- \/ Yoast SEO plugin. -->","yoast_head_json":{"title":"Cabine de pulv\u00e9risation de base de 7m \u2013 Enceinte de peinture \u00e9conomique pour ateliers et usage industriel (sans ventilation\/chauffage) - Fabricant de cabines de peinture Autoke-France","robots":{"index":"index","follow":"follow","max-snippet":"max-snippet:-1","max-image-preview":"max-image-preview:large","max-video-preview":"max-video-preview:-1"},"canonical":"https:\/\/sprayboothmanufacturer.com\/fr\/product\/7m-basic-spray-booth\/","og_locale":"fr_FR","og_type":"article","og_title":"7m Basic Spray Booth \u2013 Economy Paint Enclosure for Workshops & Industrial Use (No Ventilation\/Heating) - Autoke-China Paint Booth Manufacturer","og_description":"The\u00a0Autoke 7m Basic Spray Booth (Model: ATK-LS7-002B)\u00a0is a cost-effective solution for workshops requiring a spacious, well-lit, and structurally robust painting or sanding environment. Built with high-density rock wool panels, reinforced flooring, and energy-efficient LED lighting, this base model offers excellent value and can be customized with ventilation and heating systems as needed. Factory direct \u2013 ideal for commercial and industrial applications.","og_url":"https:\/\/sprayboothmanufacturer.com\/fr\/product\/7m-basic-spray-booth\/","og_site_name":"Autoke-China Paint Booth Manufacturer","article_modified_time":"2026-02-24T01:46:33+00:00","og_image":[{"width":800,"height":800,"url":"https:\/\/sprayboothmanufacturer.com\/wp-content\/uploads\/2025\/11\/\u56fe5.png","type":"image\/png"}],"twitter_card":"summary_large_image","twitter_misc":{"Dur\u00e9e de lecture estim\u00e9e":"3 minutes"},"schema":{"@context":"https:\/\/schema.org","@graph":[{"@type":"WebPage","@id":"https:\/\/sprayboothmanufacturer.com\/product\/7m-basic-spray-booth\/","url":"https:\/\/sprayboothmanufacturer.com\/product\/7m-basic-spray-booth\/","name":"Cabine de pulv\u00e9risation de base de 7m \u2013 Enceinte de peinture \u00e9conomique pour ateliers et usage industriel (sans ventilation\/chauffage) - Fabricant de cabines de peinture Autoke-France","isPartOf":{"@id":"https:\/\/sprayboothmanufacturer.com\/#website"},"primaryImageOfPage":{"@id":"https:\/\/sprayboothmanufacturer.com\/product\/7m-basic-spray-booth\/#primaryimage"},"image":{"@id":"https:\/\/sprayboothmanufacturer.com\/product\/7m-basic-spray-booth\/#primaryimage"},"thumbnailUrl":"https:\/\/sprayboothmanufacturer.com\/wp-content\/uploads\/2025\/11\/\u56fe5.png","datePublished":"2026-02-24T01:46:32+00:00","dateModified":"2026-02-24T01:46:33+00:00","breadcrumb":{"@id":"https:\/\/sprayboothmanufacturer.com\/product\/7m-basic-spray-booth\/#breadcrumb"},"inLanguage":"fr-FR","potentialAction":[{"@type":"ReadAction","target":["https:\/\/sprayboothmanufacturer.com\/product\/7m-basic-spray-booth\/"]}]},{"@type":"ImageObject","inLanguage":"fr-FR","@id":"https:\/\/sprayboothmanufacturer.com\/product\/7m-basic-spray-booth\/#primaryimage","url":"https:\/\/sprayboothmanufacturer.com\/wp-content\/uploads\/2025\/11\/\u56fe5.png","contentUrl":"https:\/\/sprayboothmanufacturer.com\/wp-content\/uploads\/2025\/11\/\u56fe5.png","width":800,"height":800,"caption":"CE car spray booth"},{"@type":"BreadcrumbList","@id":"https:\/\/sprayboothmanufacturer.com\/product\/7m-basic-spray-booth\/#breadcrumb","itemListElement":[{"@type":"ListItem","position":1,"name":"Home","item":"https:\/\/sprayboothmanufacturer.com\/"},{"@type":"ListItem","position":2,"name":"\u4ea7\u54c1","item":"https:\/\/sprayboothmanufacturer.com\/shop__trashed\/"},{"@type":"ListItem","position":3,"name":"7m Basic Spray Booth \u2013 Economy Paint Enclosure for Workshops &#038; Industrial Use (No Ventilation\/Heating)"}]},{"@type":"WebSite","@id":"https:\/\/sprayboothmanufacturer.com\/#website","url":"https:\/\/sprayboothmanufacturer.com\/","name":"Fabricant de cabines de peinture Autoke-Chine","description":"","publisher":{"@id":"https:\/\/sprayboothmanufacturer.com\/#organization"},"potentialAction":[{"@type":"SearchAction","target":{"@type":"EntryPoint","urlTemplate":"https:\/\/sprayboothmanufacturer.com\/?s={search_term_string}"},"query-input":{"@type":"PropertyValueSpecification","valueRequired":true,"valueName":"search_term_string"}}],"inLanguage":"fr-FR"},{"@type":"Organization","@id":"https:\/\/sprayboothmanufacturer.com\/#organization","name":"Fabricant de cabines de peinture Autoke-Chine","url":"https:\/\/sprayboothmanufacturer.com\/","logo":{"@type":"ImageObject","inLanguage":"fr-FR","@id":"https:\/\/sprayboothmanufacturer.com\/#\/schema\/logo\/image\/","url":"https:\/\/sprayboothmanufacturer.com\/wp-content\/uploads\/2025\/12\/\u5fae\u4fe1\u56fe\u7247_20260113195103_1750_4-scaled-e1768394147958.png","contentUrl":"https:\/\/sprayboothmanufacturer.com\/wp-content\/uploads\/2025\/12\/\u5fae\u4fe1\u56fe\u7247_20260113195103_1750_4-scaled-e1768394147958.png","width":1740,"height":538,"caption":"Autoke-China Paint Booth Manufacturer"},"image":{"@id":"https:\/\/sprayboothmanufacturer.com\/#\/schema\/logo\/image\/"}}]}},"_links":{"self":[{"href":"https:\/\/sprayboothmanufacturer.com\/fr\/wp-json\/wp\/v2\/product\/3338","targetHints":{"allow":["GET"]}}],"collection":[{"href":"https:\/\/sprayboothmanufacturer.com\/fr\/wp-json\/wp\/v2\/product"}],"about":[{"href":"https:\/\/sprayboothmanufacturer.com\/fr\/wp-json\/wp\/v2\/types\/product"}],"replies":[{"embeddable":true,"href":"https:\/\/sprayboothmanufacturer.com\/fr\/wp-json\/wp\/v2\/comments?post=3338"}],"version-history":[{"count":1,"href":"https:\/\/sprayboothmanufacturer.com\/fr\/wp-json\/wp\/v2\/product\/3338\/revisions"}],"predecessor-version":[{"id":3339,"href":"https:\/\/sprayboothmanufacturer.com\/fr\/wp-json\/wp\/v2\/product\/3338\/revisions\/3339"}],"wp:featuredmedia":[{"embeddable":true,"href":"https:\/\/sprayboothmanufacturer.com\/fr\/wp-json\/wp\/v2\/media\/2274"}],"wp:attachment":[{"href":"https:\/\/sprayboothmanufacturer.com\/fr\/wp-json\/wp\/v2\/media?parent=3338"}],"wp:term":[{"taxonomy":"product_brand","embeddable":true,"href":"https:\/\/sprayboothmanufacturer.com\/fr\/wp-json\/wp\/v2\/product_brand?post=3338"},{"taxonomy":"product_cat","embeddable":true,"href":"https:\/\/sprayboothmanufacturer.com\/fr\/wp-json\/wp\/v2\/product_cat?post=3338"},{"taxonomy":"product_tag","embeddable":true,"href":"https:\/\/sprayboothmanufacturer.com\/fr\/wp-json\/wp\/v2\/product_tag?post=3338"}],"curies":[{"name":"wp","href":"https:\/\/api.w.org\/{rel}","templated":true}]}}