{"id":3336,"date":"2026-02-24T01:42:53","date_gmt":"2026-02-24T01:42:53","guid":{"rendered":"https:\/\/sprayboothmanufacturer.com\/?post_type=product&#038;p=3336"},"modified":"2026-02-24T01:42:53","modified_gmt":"2026-02-24T01:42:53","slug":"7m-luxury-spray-booth","status":"publish","type":"product","link":"https:\/\/sprayboothmanufacturer.com\/fr\/product\/7m-luxury-spray-booth\/","title":{"rendered":"Cabine de pulv\u00e9risation de luxe de 7m \u2013 Fournisseur professionnel d\u2019\u00e9quipements automobiles pour ateliers et centres de service"},"content":{"rendered":"<table>\n<tbody>\n<tr>\n<td width=\"142\"><strong><b>Quantit\u00e9 minimale de commande :<\/b><\/strong><\/td>\n<td width=\"142\">1 pi\u00e8ce<\/td>\n<td width=\"142\"><strong><b>Prix :<\/b><\/strong><\/td>\n<td width=\"142\">\u00c0 n\u00e9gocier<\/td>\n<\/tr>\n<tr>\n<td width=\"142\"><strong><b>D\u00e9tails de l'emballage :<\/b><\/strong><\/td>\n<td width=\"142\">40GP ou 20GP\/unit\u00e9<\/td>\n<td width=\"142\"><strong><b>D\u00e9lai de livraison :<\/b><\/strong><\/td>\n<td width=\"142\">15 jours \u00e0 n\u00e9gocier<\/td>\n<\/tr>\n<tr>\n<td width=\"142\"><strong><b>Conditions de paiement :<\/b><\/strong><\/td>\n<td width=\"142\">L\/C, T\/T<\/td>\n<td width=\"142\"><strong><b>Capacit\u00e9 d'approvisionnement :<\/b><\/strong><\/td>\n<td width=\"142\">50 unit\u00e9(s) par mois, cabine de pulv\u00e9risation industrielle, cabine de pulv\u00e9risation bus<\/td>\n<\/tr>\n<tr>\n<td width=\"142\"><strong><b>Lieu d'origine :<\/b><\/strong><\/td>\n<td width=\"142\">Jiangsu, Chine<\/td>\n<td width=\"142\"><strong><b>Nom de la marque :<\/b><\/strong><\/td>\n<td width=\"142\">Autoke<\/td>\n<\/tr>\n<tr>\n<td width=\"142\"><strong><b>Certification :<\/b><\/strong><\/td>\n<td width=\"142\">CE<\/td>\n<td width=\"142\"><strong><b>Num\u00e9ro de mod\u00e8le :<\/b><\/strong><\/td>\n<td width=\"142\"><strong>ATK-LS7-001<\/strong><\/td>\n<\/tr>\n<\/tbody>\n<\/table>\n<h4><strong>Aper\u00e7u<\/strong><\/h4>\n<p class=\"ds-markdown-paragraph\">Le\u00a0<strong>Cabine de pulv\u00e9risation de luxe Autoke 7m (Mod\u00e8le : ATK-LS7-001)<\/strong>\u00a0est con\u00e7ue pour r\u00e9pondre aux besoins exigeants des ateliers de carrosserie, des installations de rev\u00eatement industriel et des centres de service. Alliant durabilit\u00e9, s\u00e9curit\u00e9 et efficacit\u00e9, cette cabine de pulv\u00e9risation offre un environnement contr\u00f4l\u00e9 pour une peinture et un s\u00e9chage de haute qualit\u00e9. Disponible avec des options de chauffage \u00e9lectrique ou au diesel, elle est id\u00e9ale pour un usage commercial et des op\u00e9rations \u00e0 grande \u00e9chelle.<\/p>\n<hr \/>\n<h4><strong>Caract\u00e9ristiques principales<\/strong><\/h4>\n<ul>\n<li>\n<p class=\"ds-markdown-paragraph\"><strong>Construction robuste<\/strong><\/p>\n<ul>\n<li>\n<p class=\"ds-markdown-paragraph\">Panneaux muraux isol\u00e9s en EPS \u00e0 double couche avec propri\u00e9t\u00e9s r\u00e9sistantes au feu et \u00e9tanches.<\/p>\n<\/li>\n<li>\n<p class=\"ds-markdown-paragraph\">Toit en acier galvanis\u00e9 et sous-sol renforc\u00e9 par des tubes carr\u00e9s pour une int\u00e9grit\u00e9 structurelle \u00e0 long terme.<\/p>\n<\/li>\n<\/ul>\n<\/li>\n<li>\n<p class=\"ds-markdown-paragraph\"><strong>Syst\u00e8me de ventilation avanc\u00e9<\/strong><\/p>\n<ul>\n<li>\n<p class=\"ds-markdown-paragraph\">\u00c9quip\u00e9e de 2\u00d74KW de ventilateurs d\u2019admission YDW et 1\u00d73KW de ventilateur d\u2019\u00e9chappement, offrant un d\u00e9bit d\u2019air total de 25 000 m\u00b3\/h.<\/p>\n<\/li>\n<li>\n<p class=\"ds-markdown-paragraph\">Armoire \u00e0 ventilateur isol\u00e9e en laine de roche pour la r\u00e9duction du bruit et l\u2019efficacit\u00e9 thermique.<\/p>\n<\/li>\n<\/ul>\n<\/li>\n<li>\n<p class=\"ds-markdown-paragraph\"><strong>Options de chauffage efficaces<\/strong><\/p>\n<ul>\n<li>\n<p class=\"ds-markdown-paragraph\"><strong>Chauffage \u00e9lectrique<\/strong>: Lampes infrarouges halog\u00e8nes de 24KW, chauffage rapide (5\u20138 minutes), temp\u00e9rature maximale 80\u00b0C.<\/p>\n<\/li>\n<li>\n<p class=\"ds-markdown-paragraph\"><strong>Chauffage au diesel<\/strong>: Syst\u00e8me de 15KW pour une op\u00e9ration \u00e9conome en \u00e9nergie.<\/p>\n<\/li>\n<\/ul>\n<\/li>\n<li>\n<p class=\"ds-markdown-paragraph\"><strong>Syst\u00e8me de filtration sup\u00e9rieur<\/strong><\/p>\n<ul>\n<li>\n<p class=\"ds-markdown-paragraph\">Filtre primaire (&gt;10\u03bcm, efficacit\u00e9 &gt;90%)<\/p>\n<\/li>\n<li>\n<p class=\"ds-markdown-paragraph\">Filtre de plafond (&gt;4\u03bcm, efficacit\u00e9 &gt;98%)<\/p>\n<\/li>\n<li>\n<p class=\"ds-markdown-paragraph\">Filtre en fibre de verre multicouche au sol (&gt;90% d\u2019efficacit\u00e9)<\/p>\n<\/li>\n<\/ul>\n<\/li>\n<li>\n<p class=\"ds-markdown-paragraph\"><strong>\u00c9clairage LED brillant<\/strong><\/p>\n<ul>\n<li>\n<p class=\"ds-markdown-paragraph\">24 lampes LED de 18W au plafond (angle de 45\u00b0) pour une illumination uniforme de l\u2019espace de travail.<\/p>\n<\/li>\n<\/ul>\n<\/li>\n<li>\n<p class=\"ds-markdown-paragraph\"><strong>Syst\u00e8me de contr\u00f4le convivial<\/strong><\/p>\n<ul>\n<li>\n<p class=\"ds-markdown-paragraph\">Panneau intelligent avec \u00e9clairage, peinture, cuisson, minuterie et commandes d'arr\u00eat d'urgence.<\/p>\n<\/li>\n<\/ul>\n<\/li>\n<li>\n<p class=\"ds-markdown-paragraph\"><strong>Acc\u00e8s facile et fonctionnement s\u00e9curis\u00e9<\/strong><\/p>\n<ul>\n<li>\n<p class=\"ds-markdown-paragraph\">Porte principale (3000\u00d72750mm) avec verre r\u00e9sistant \u00e0 haute temp\u00e9rature et porte de s\u00e9curit\u00e9 lat\u00e9rale (60\u00d7170cm).<\/p>\n<\/li>\n<li>\n<p class=\"ds-markdown-paragraph\">Grilles en acier galvanis\u00e9 et sols de marche avec traitement anti-corrosion.<\/p>\n<\/li>\n<\/ul>\n<\/li>\n<\/ul>\n<hr \/>\n<h4><strong>Sp\u00e9cifications techniques<\/strong><\/h4>\n<div class=\"ds-scroll-area _1210dd7 c03cafe9\">\n<div class=\"ds-scroll-area__gutters\">\n<div class=\"ds-scroll-area__horizontal-gutter\"><\/div>\n<div class=\"ds-scroll-area__vertical-gutter\"><\/div>\n<\/div>\n<table>\n<thead>\n<tr>\n<th>Param\u00e8tre<\/th>\n<th>D\u00e9tails<\/th>\n<\/tr>\n<\/thead>\n<tbody>\n<tr>\n<td><strong>Mod\u00e8le<\/strong><\/td>\n<td>ATK-LS7-001<\/td>\n<\/tr>\n<tr>\n<td><strong>Dimension ext\u00e9rieure (L\u00d7l\u00d7H)<\/strong><\/td>\n<td>7000\u00d75000\u00d73500 mm<\/td>\n<\/tr>\n<tr>\n<td><strong>Dimension int\u00e9rieure (L\u00d7l\u00d7H)<\/strong><\/td>\n<td>6900\u00d74900\u00d72800 mm<\/td>\n<\/tr>\n<tr>\n<td><strong>Taille de l'emballage<\/strong><\/td>\n<td>4,2\u00d72,2\u00d72,1 m (19 M\u00b3)<\/td>\n<\/tr>\n<tr>\n<td><strong>Poids<\/strong><\/td>\n<td>Env. 3500 kg<\/td>\n<\/tr>\n<tr>\n<td><strong>Puissance totale (\u00c9lectrique)<\/strong><\/td>\n<td>38 KW<\/td>\n<\/tr>\n<tr>\n<td><strong>Puissance totale (Diesel)<\/strong><\/td>\n<td>15 KW<\/td>\n<\/tr>\n<tr>\n<td><strong>Tension\/Fr\u00e9quence<\/strong><\/td>\n<td>220V\/380V, 50Hz<\/td>\n<\/tr>\n<tr>\n<td><strong>Type de chauffage<\/strong><\/td>\n<td>\u00c9lectrique \/ Diesel (Optionnel)<\/td>\n<\/tr>\n<tr>\n<td><strong>Capacit\u00e9 de flux d'air<\/strong><\/td>\n<td>25 000 m\u00b3\/h<\/td>\n<\/tr>\n<tr>\n<td><strong>Options de couleur<\/strong><\/td>\n<td>Rouge, Bleu, Blanc, Gris, Orange, etc.<\/td>\n<\/tr>\n<tr>\n<td><strong>Garantie<\/strong><\/td>\n<td>12 mois \u00e0 partir de la date de B\/L<\/td>\n<\/tr>\n<tr>\n<td><strong>D\u00e9lai de livraison<\/strong><\/td>\n<td>30 jours apr\u00e8s paiement<\/td>\n<\/tr>\n<\/tbody>\n<\/table>\n<\/div>\n<hr \/>\n<h4><strong>Pourquoi choisir Autoke?<\/strong><\/h4>\n<ul>\n<li>\n<p class=\"ds-markdown-paragraph\">\u2705\u00a0<strong>Fourniture directe d'usine<\/strong>\u00a0\u2013 Tarification comp\u00e9titive et contr\u00f4le de qualit\u00e9<\/p>\n<\/li>\n<li>\n<p class=\"ds-markdown-paragraph\">\u2705\u00a0<strong>Solutions OEM personnalis\u00e9es<\/strong>\u00a0\u2013 Adapt\u00e9 aux besoins de votre atelier<\/p>\n<\/li>\n<li>\n<p class=\"ds-markdown-paragraph\">\u2705\u00a0<strong>Solution tout-en-un<\/strong>\u00a0\u2013 Du design \u00e0 l'installation avec support<\/p>\n<\/li>\n<li>\n<p class=\"ds-markdown-paragraph\">\u2705\u00a0<strong>Fabricant d'\u00e9quipements industriels<\/strong>\u00a0\u2013 Plus de ann\u00e9es d'exp\u00e9rience dans l'\u00e9quipement automobile<\/p>\n<\/li>\n<li>\n<p class=\"ds-markdown-paragraph\">\u2705\u00a0<strong>Exp\u00e9dition Mondiale<\/strong>\u00a0Options de conteneurs 20GP \/ 40HQ disponibles<\/p>\n<\/li>\n<\/ul>\n<hr \/>\n<h4><strong>Sc\u00e9narios d'application<\/strong><\/h4>\n<ul>\n<li>\n<p class=\"ds-markdown-paragraph\">Ateliers de r\u00e9paration de carrosserie et de peinture automobile<\/p>\n<\/li>\n<li>\n<p class=\"ds-markdown-paragraph\">Lignes de rev\u00eatement industriel et de finition<\/p>\n<\/li>\n<li>\n<p class=\"ds-markdown-paragraph\">Centres de remise \u00e0 neuf de v\u00e9hicules commerciaux<\/p>\n<\/li>\n<li>\n<p class=\"ds-markdown-paragraph\">Ateliers de peinture personnalis\u00e9e et studios de restauration<\/p>\n<\/li>\n<\/ul>","protected":false},"excerpt":{"rendered":"<p><strong>Cabine de pulv\u00e9risation de luxe Autoke 7m<\/strong>\u00a0est une solution de peinture de qualit\u00e9 professionnelle con\u00e7ue pour les ateliers automobiles et les centres de finition industrielle. Avec une structure en acier robuste, un \u00e9clairage LED \u00e9conome en \u00e9nergie, un syst\u00e8me de filtration avanc\u00e9 et une option de chauffage \u00e9lectrique ou au diesel, cette cabine garantit des r\u00e9sultats de peinture de haute qualit\u00e9 et une performance durable. Approvisionnement direct d'usine avec personnalisation OEM disponible.<\/p>","protected":false},"featured_media":2273,"comment_status":"open","ping_status":"closed","template":"","meta":[],"product_brand":[76],"product_cat":[60,59],"product_tag":[79,73,78,63,72,67,69,65],"class_list":{"0":"post-3336","1":"product","2":"type-product","3":"status-publish","4":"has-post-thumbnail","6":"product_brand-autoke","7":"product_cat-car-spray-booth","8":"product_cat-spray-booth","9":"product_tag-automotive-spray-booth","10":"product_tag-automotive-spray-booth-manufacturer","11":"product_tag-bus-spray-booth","12":"product_tag-car-spray-booth","13":"product_tag-car-spray-booth-factory","14":"product_tag-car-spray-booth-manufacturing","15":"product_tag-ce-car-spray-booth","16":"product_tag-efficient-car-spray-booth","18":"first","19":"instock","20":"shipping-taxable","21":"product-type-simple"},"yoast_head":"<!-- This site is optimized with the Yoast SEO plugin v27.4 - https:\/\/yoast.com\/product\/yoast-seo-wordpress\/ -->\n<title>7m Luxury Spray Booth \u2013 Professional Automotive Equipment Supplier for Workshops &amp; Service Centers - Autoke-China Paint Booth Manufacturer<\/title>\n<meta name=\"robots\" content=\"index, follow, max-snippet:-1, max-image-preview:large, max-video-preview:-1\" \/>\n<link rel=\"canonical\" href=\"https:\/\/sprayboothmanufacturer.com\/fr\/product\/7m-luxury-spray-booth\/\" \/>\n<meta property=\"og:locale\" content=\"fr_FR\" \/>\n<meta property=\"og:type\" content=\"article\" \/>\n<meta property=\"og:title\" content=\"7m Luxury Spray Booth \u2013 Professional Automotive Equipment Supplier for Workshops &amp; Service Centers - Autoke-China Paint Booth Manufacturer\" \/>\n<meta property=\"og:description\" content=\"Autoke 7m Luxury Spray Booth\u00a0is a professional-grade painting solution designed for automotive workshops and industrial finishing centers. With a robust steel structure, energy-efficient LED lighting, advanced filtration system, and optional electric or diesel heating, this booth ensures high-quality painting results and long-lasting performance. Factory direct supply with OEM customization available.\" \/>\n<meta property=\"og:url\" content=\"https:\/\/sprayboothmanufacturer.com\/fr\/product\/7m-luxury-spray-booth\/\" \/>\n<meta property=\"og:site_name\" content=\"Autoke-China Paint Booth Manufacturer\" \/>\n<meta property=\"og:image\" content=\"https:\/\/sprayboothmanufacturer.com\/wp-content\/uploads\/2025\/11\/\u56fe4.png\" \/>\n\t<meta property=\"og:image:width\" content=\"800\" \/>\n\t<meta property=\"og:image:height\" content=\"800\" \/>\n\t<meta property=\"og:image:type\" content=\"image\/png\" \/>\n<meta name=\"twitter:card\" content=\"summary_large_image\" \/>\n<meta name=\"twitter:label1\" content=\"Dur\u00e9e de lecture estim\u00e9e\" \/>\n\t<meta name=\"twitter:data1\" content=\"2 minutes\" \/>\n<script type=\"application\/ld+json\" class=\"yoast-schema-graph\">{\"@context\":\"https:\\\/\\\/schema.org\",\"@graph\":[{\"@type\":\"WebPage\",\"@id\":\"https:\\\/\\\/sprayboothmanufacturer.com\\\/product\\\/7m-luxury-spray-booth\\\/\",\"url\":\"https:\\\/\\\/sprayboothmanufacturer.com\\\/product\\\/7m-luxury-spray-booth\\\/\",\"name\":\"7m Luxury Spray Booth \u2013 Professional Automotive Equipment Supplier for Workshops & Service Centers - Autoke-China Paint Booth Manufacturer\",\"isPartOf\":{\"@id\":\"https:\\\/\\\/sprayboothmanufacturer.com\\\/#website\"},\"primaryImageOfPage\":{\"@id\":\"https:\\\/\\\/sprayboothmanufacturer.com\\\/product\\\/7m-luxury-spray-booth\\\/#primaryimage\"},\"image\":{\"@id\":\"https:\\\/\\\/sprayboothmanufacturer.com\\\/product\\\/7m-luxury-spray-booth\\\/#primaryimage\"},\"thumbnailUrl\":\"https:\\\/\\\/sprayboothmanufacturer.com\\\/wp-content\\\/uploads\\\/2025\\\/11\\\/\u56fe4.png\",\"datePublished\":\"2026-02-24T01:42:53+00:00\",\"breadcrumb\":{\"@id\":\"https:\\\/\\\/sprayboothmanufacturer.com\\\/product\\\/7m-luxury-spray-booth\\\/#breadcrumb\"},\"inLanguage\":\"fr-FR\",\"potentialAction\":[{\"@type\":\"ReadAction\",\"target\":[\"https:\\\/\\\/sprayboothmanufacturer.com\\\/product\\\/7m-luxury-spray-booth\\\/\"]}]},{\"@type\":\"ImageObject\",\"inLanguage\":\"fr-FR\",\"@id\":\"https:\\\/\\\/sprayboothmanufacturer.com\\\/product\\\/7m-luxury-spray-booth\\\/#primaryimage\",\"url\":\"https:\\\/\\\/sprayboothmanufacturer.com\\\/wp-content\\\/uploads\\\/2025\\\/11\\\/\u56fe4.png\",\"contentUrl\":\"https:\\\/\\\/sprayboothmanufacturer.com\\\/wp-content\\\/uploads\\\/2025\\\/11\\\/\u56fe4.png\",\"width\":800,\"height\":800,\"caption\":\"8m Car Paint Booth\"},{\"@type\":\"BreadcrumbList\",\"@id\":\"https:\\\/\\\/sprayboothmanufacturer.com\\\/product\\\/7m-luxury-spray-booth\\\/#breadcrumb\",\"itemListElement\":[{\"@type\":\"ListItem\",\"position\":1,\"name\":\"Home\",\"item\":\"https:\\\/\\\/sprayboothmanufacturer.com\\\/\"},{\"@type\":\"ListItem\",\"position\":2,\"name\":\"\u4ea7\u54c1\",\"item\":\"https:\\\/\\\/sprayboothmanufacturer.com\\\/shop__trashed\\\/\"},{\"@type\":\"ListItem\",\"position\":3,\"name\":\"7m Luxury Spray Booth \u2013 Professional Automotive Equipment Supplier for Workshops &#038; Service Centers\"}]},{\"@type\":\"WebSite\",\"@id\":\"https:\\\/\\\/sprayboothmanufacturer.com\\\/#website\",\"url\":\"https:\\\/\\\/sprayboothmanufacturer.com\\\/\",\"name\":\"Autoke-China Paint Booth Manufacturer\",\"description\":\"\",\"publisher\":{\"@id\":\"https:\\\/\\\/sprayboothmanufacturer.com\\\/#organization\"},\"potentialAction\":[{\"@type\":\"SearchAction\",\"target\":{\"@type\":\"EntryPoint\",\"urlTemplate\":\"https:\\\/\\\/sprayboothmanufacturer.com\\\/?s={search_term_string}\"},\"query-input\":{\"@type\":\"PropertyValueSpecification\",\"valueRequired\":true,\"valueName\":\"search_term_string\"}}],\"inLanguage\":\"fr-FR\"},{\"@type\":\"Organization\",\"@id\":\"https:\\\/\\\/sprayboothmanufacturer.com\\\/#organization\",\"name\":\"Autoke-China Paint Booth Manufacturer\",\"url\":\"https:\\\/\\\/sprayboothmanufacturer.com\\\/\",\"logo\":{\"@type\":\"ImageObject\",\"inLanguage\":\"fr-FR\",\"@id\":\"https:\\\/\\\/sprayboothmanufacturer.com\\\/#\\\/schema\\\/logo\\\/image\\\/\",\"url\":\"https:\\\/\\\/sprayboothmanufacturer.com\\\/wp-content\\\/uploads\\\/2025\\\/12\\\/\u5fae\u4fe1\u56fe\u7247_20260113195103_1750_4-scaled-e1768394147958.png\",\"contentUrl\":\"https:\\\/\\\/sprayboothmanufacturer.com\\\/wp-content\\\/uploads\\\/2025\\\/12\\\/\u5fae\u4fe1\u56fe\u7247_20260113195103_1750_4-scaled-e1768394147958.png\",\"width\":1740,\"height\":538,\"caption\":\"Autoke-China Paint Booth Manufacturer\"},\"image\":{\"@id\":\"https:\\\/\\\/sprayboothmanufacturer.com\\\/#\\\/schema\\\/logo\\\/image\\\/\"}}]}<\/script>\n<!-- \/ Yoast SEO plugin. -->","yoast_head_json":{"title":"Cabine de pulv\u00e9risation de luxe de 7m \u2013 Fournisseur d'\u00e9quipements automobiles professionnels pour ateliers et centres de service - Fabricant de cabines de peinture Autoke-China","robots":{"index":"index","follow":"follow","max-snippet":"max-snippet:-1","max-image-preview":"max-image-preview:large","max-video-preview":"max-video-preview:-1"},"canonical":"https:\/\/sprayboothmanufacturer.com\/fr\/product\/7m-luxury-spray-booth\/","og_locale":"fr_FR","og_type":"article","og_title":"7m Luxury Spray Booth \u2013 Professional Automotive Equipment Supplier for Workshops & Service Centers - Autoke-China Paint Booth Manufacturer","og_description":"Autoke 7m Luxury Spray Booth\u00a0is a professional-grade painting solution designed for automotive workshops and industrial finishing centers. With a robust steel structure, energy-efficient LED lighting, advanced filtration system, and optional electric or diesel heating, this booth ensures high-quality painting results and long-lasting performance. Factory direct supply with OEM customization available.","og_url":"https:\/\/sprayboothmanufacturer.com\/fr\/product\/7m-luxury-spray-booth\/","og_site_name":"Autoke-China Paint Booth Manufacturer","og_image":[{"width":800,"height":800,"url":"https:\/\/sprayboothmanufacturer.com\/wp-content\/uploads\/2025\/11\/\u56fe4.png","type":"image\/png"}],"twitter_card":"summary_large_image","twitter_misc":{"Dur\u00e9e de lecture estim\u00e9e":"2 minutes"},"schema":{"@context":"https:\/\/schema.org","@graph":[{"@type":"WebPage","@id":"https:\/\/sprayboothmanufacturer.com\/product\/7m-luxury-spray-booth\/","url":"https:\/\/sprayboothmanufacturer.com\/product\/7m-luxury-spray-booth\/","name":"Cabine de pulv\u00e9risation de luxe de 7m \u2013 Fournisseur d'\u00e9quipements automobiles professionnels pour ateliers et centres de service - Fabricant de cabines de peinture Autoke-China","isPartOf":{"@id":"https:\/\/sprayboothmanufacturer.com\/#website"},"primaryImageOfPage":{"@id":"https:\/\/sprayboothmanufacturer.com\/product\/7m-luxury-spray-booth\/#primaryimage"},"image":{"@id":"https:\/\/sprayboothmanufacturer.com\/product\/7m-luxury-spray-booth\/#primaryimage"},"thumbnailUrl":"https:\/\/sprayboothmanufacturer.com\/wp-content\/uploads\/2025\/11\/\u56fe4.png","datePublished":"2026-02-24T01:42:53+00:00","breadcrumb":{"@id":"https:\/\/sprayboothmanufacturer.com\/product\/7m-luxury-spray-booth\/#breadcrumb"},"inLanguage":"fr-FR","potentialAction":[{"@type":"ReadAction","target":["https:\/\/sprayboothmanufacturer.com\/product\/7m-luxury-spray-booth\/"]}]},{"@type":"ImageObject","inLanguage":"fr-FR","@id":"https:\/\/sprayboothmanufacturer.com\/product\/7m-luxury-spray-booth\/#primaryimage","url":"https:\/\/sprayboothmanufacturer.com\/wp-content\/uploads\/2025\/11\/\u56fe4.png","contentUrl":"https:\/\/sprayboothmanufacturer.com\/wp-content\/uploads\/2025\/11\/\u56fe4.png","width":800,"height":800,"caption":"8m Car Paint Booth"},{"@type":"BreadcrumbList","@id":"https:\/\/sprayboothmanufacturer.com\/product\/7m-luxury-spray-booth\/#breadcrumb","itemListElement":[{"@type":"ListItem","position":1,"name":"Home","item":"https:\/\/sprayboothmanufacturer.com\/"},{"@type":"ListItem","position":2,"name":"\u4ea7\u54c1","item":"https:\/\/sprayboothmanufacturer.com\/shop__trashed\/"},{"@type":"ListItem","position":3,"name":"7m Luxury Spray Booth \u2013 Professional Automotive Equipment Supplier for Workshops &#038; Service Centers"}]},{"@type":"WebSite","@id":"https:\/\/sprayboothmanufacturer.com\/#website","url":"https:\/\/sprayboothmanufacturer.com\/","name":"Fabricant de cabines de peinture Autoke-Chine","description":"","publisher":{"@id":"https:\/\/sprayboothmanufacturer.com\/#organization"},"potentialAction":[{"@type":"SearchAction","target":{"@type":"EntryPoint","urlTemplate":"https:\/\/sprayboothmanufacturer.com\/?s={search_term_string}"},"query-input":{"@type":"PropertyValueSpecification","valueRequired":true,"valueName":"search_term_string"}}],"inLanguage":"fr-FR"},{"@type":"Organization","@id":"https:\/\/sprayboothmanufacturer.com\/#organization","name":"Fabricant de cabines de peinture Autoke-Chine","url":"https:\/\/sprayboothmanufacturer.com\/","logo":{"@type":"ImageObject","inLanguage":"fr-FR","@id":"https:\/\/sprayboothmanufacturer.com\/#\/schema\/logo\/image\/","url":"https:\/\/sprayboothmanufacturer.com\/wp-content\/uploads\/2025\/12\/\u5fae\u4fe1\u56fe\u7247_20260113195103_1750_4-scaled-e1768394147958.png","contentUrl":"https:\/\/sprayboothmanufacturer.com\/wp-content\/uploads\/2025\/12\/\u5fae\u4fe1\u56fe\u7247_20260113195103_1750_4-scaled-e1768394147958.png","width":1740,"height":538,"caption":"Autoke-China Paint Booth Manufacturer"},"image":{"@id":"https:\/\/sprayboothmanufacturer.com\/#\/schema\/logo\/image\/"}}]}},"_links":{"self":[{"href":"https:\/\/sprayboothmanufacturer.com\/fr\/wp-json\/wp\/v2\/product\/3336","targetHints":{"allow":["GET"]}}],"collection":[{"href":"https:\/\/sprayboothmanufacturer.com\/fr\/wp-json\/wp\/v2\/product"}],"about":[{"href":"https:\/\/sprayboothmanufacturer.com\/fr\/wp-json\/wp\/v2\/types\/product"}],"replies":[{"embeddable":true,"href":"https:\/\/sprayboothmanufacturer.com\/fr\/wp-json\/wp\/v2\/comments?post=3336"}],"version-history":[{"count":1,"href":"https:\/\/sprayboothmanufacturer.com\/fr\/wp-json\/wp\/v2\/product\/3336\/revisions"}],"predecessor-version":[{"id":3337,"href":"https:\/\/sprayboothmanufacturer.com\/fr\/wp-json\/wp\/v2\/product\/3336\/revisions\/3337"}],"wp:featuredmedia":[{"embeddable":true,"href":"https:\/\/sprayboothmanufacturer.com\/fr\/wp-json\/wp\/v2\/media\/2273"}],"wp:attachment":[{"href":"https:\/\/sprayboothmanufacturer.com\/fr\/wp-json\/wp\/v2\/media?parent=3336"}],"wp:term":[{"taxonomy":"product_brand","embeddable":true,"href":"https:\/\/sprayboothmanufacturer.com\/fr\/wp-json\/wp\/v2\/product_brand?post=3336"},{"taxonomy":"product_cat","embeddable":true,"href":"https:\/\/sprayboothmanufacturer.com\/fr\/wp-json\/wp\/v2\/product_cat?post=3336"},{"taxonomy":"product_tag","embeddable":true,"href":"https:\/\/sprayboothmanufacturer.com\/fr\/wp-json\/wp\/v2\/product_tag?post=3336"}],"curies":[{"name":"wp","href":"https:\/\/api.w.org\/{rel}","templated":true}]}}