{"id":3304,"date":"2026-02-09T03:32:17","date_gmt":"2026-02-09T03:32:17","guid":{"rendered":"https:\/\/sprayboothmanufacturer.com\/?post_type=product&#038;p=3304"},"modified":"2026-02-09T03:32:17","modified_gmt":"2026-02-09T03:32:17","slug":"7m-luxury-gas-spray-booth","status":"publish","type":"product","link":"https:\/\/sprayboothmanufacturer.com\/fr\/product\/7m-luxury-gas-spray-booth\/","title":{"rendered":"Cabine de pulv\u00e9risation au gaz de luxe de 7 m avec portes en verre compl\u00e8tes | Syst\u00e8me de peinture automobile \u00e0 haute visibilit\u00e9 | \u00c9quipement d'atelier industriel"},"content":{"rendered":"<table style=\"height: 263px;\" width=\"783\">\n<tbody>\n<tr>\n<td width=\"142\"><strong><b>Quantit\u00e9 minimale de commande :<\/b><\/strong><\/td>\n<td width=\"142\">1 pi\u00e8ce<\/td>\n<td width=\"142\"><strong><b>Prix :<\/b><\/strong><\/td>\n<td width=\"142\">\u00c0 n\u00e9gocier<\/td>\n<\/tr>\n<tr>\n<td width=\"142\"><strong><b>D\u00e9tails de l'emballage :<\/b><\/strong><\/td>\n<td width=\"142\">40GP ou 20GP\/unit\u00e9<\/td>\n<td width=\"142\"><strong><b>D\u00e9lai de livraison :<\/b><\/strong><\/td>\n<td width=\"142\">15 jours \u00e0 n\u00e9gocier<\/td>\n<\/tr>\n<tr>\n<td width=\"142\"><strong><b>Conditions de paiement :<\/b><\/strong><\/td>\n<td width=\"142\">L\/C, T\/T<\/td>\n<td width=\"142\"><strong><b>Capacit\u00e9 d'approvisionnement :<\/b><\/strong><\/td>\n<td width=\"142\">50 unit\u00e9(s) par mois, cabine de pulv\u00e9risation industrielle, cabine de pulv\u00e9risation bus<\/td>\n<\/tr>\n<tr>\n<td width=\"142\"><strong><b>Lieu d'origine :<\/b><\/strong><\/td>\n<td width=\"142\">Jiangsu, Chine<\/td>\n<td width=\"142\"><strong><b>Nom de la marque :<\/b><\/strong><\/td>\n<td width=\"142\">Autoke<\/td>\n<\/tr>\n<tr>\n<td width=\"142\"><strong><b>Certification :<\/b><\/strong><\/td>\n<td width=\"142\">CE<\/td>\n<td width=\"142\"><strong><b>Num\u00e9ro de mod\u00e8le :<\/b><\/strong><\/td>\n<td width=\"142\">ATK-7M-LUX-GAS-GL<\/td>\n<\/tr>\n<\/tbody>\n<\/table>\n<p class=\"ds-markdown-paragraph\">Le\u00a0<strong>Cabine de pulv\u00e9risation au gaz de luxe Autoke 7m avec portes en verre plein<\/strong>\u00a0combine l\u2019efficacit\u00e9 d\u2019un syst\u00e8me de chauffage au gaz avec les avantages op\u00e9rationnels d\u2019un acc\u00e8s \u00e0 haute visibilit\u00e9. Con\u00e7ue pour les ateliers de carrosserie automobile professionnels et les centres de remise \u00e0 neuf, ce mod\u00e8le dispose de grandes portes en verre tremp\u00e9 qui am\u00e9liorent la supervision, la s\u00e9curit\u00e9 et l\u2019efficacit\u00e9 du flux de travail tout en maintenant tous les crit\u00e8res de performance de notre s\u00e9rie de luxe.<\/p>\n<p class=\"ds-markdown-paragraph\"><strong>Caract\u00e9ristiques principales :<\/strong><\/p>\n<ul>\n<li>\n<p class=\"ds-markdown-paragraph\"><strong>Conception de porte en verre \u00e0 haute visibilit\u00e9 :<\/strong>\u00a0Comprend trois grandes portes frontales en verre tremp\u00e9 r\u00e9sistant \u00e0 la haute temp\u00e9rature de 5 mm, offrant une excellente visibilit\u00e9 dans la cabine pour une meilleure surveillance, s\u00e9curit\u00e9 et \u00e9clairage sans compromettre l\u2019isolation thermique.<\/p>\n<\/li>\n<li>\n<p class=\"ds-markdown-paragraph\"><strong>Syst\u00e8me de chauffage au gaz efficace :<\/strong>\u00a0Aliment\u00e9e par un br\u00fbleur fiable RIELLO G20 \u00e0 gaz\/diesel, assurant un chauffage rapide jusqu\u2019\u00e0 40\u00b0C en 5-8 minutes et une temp\u00e9rature maximale de cuisson de 80\u00b0C pour une cuisson de la peinture coh\u00e9rente et de haute qualit\u00e9.<\/p>\n<\/li>\n<li>\n<p class=\"ds-markdown-paragraph\"><strong>Ventilation robuste et filtration :<\/strong>\u00a0\u00c9quip\u00e9e d\u2019un syst\u00e8me de ventilateurs double entr\u00e9e 2x4KW (25 000 m\u00b3\/h) et d\u2019un ventilateur d\u2019\u00e9chappement de 3KW, associ\u00e9 \u00e0 un syst\u00e8me de filtration en trois \u00e9tapes (efficacit\u00e9 du plafond &gt;98%) pour garantir un environnement de peinture propre, s\u00fbr et conforme.<\/p>\n<\/li>\n<li>\n<p class=\"ds-markdown-paragraph\"><strong>Construction industrielle durable :<\/strong>\u00a0Construite avec des panneaux muraux isol\u00e9s r\u00e9sistants au feu de 5 cm, un toit en acier galvanis\u00e9, et un sol en grille en acier galvanis\u00e9 de 300 mm de haut pour une performance durable.<\/p>\n<\/li>\n<li>\n<p class=\"ds-markdown-paragraph\"><strong>Syst\u00e8me de contr\u00f4le intelligent :<\/strong>\u00a0Panneau de contr\u00f4le centralis\u00e9 convivial pour g\u00e9rer l\u2019\u00e9clairage, le cycle de pulv\u00e9risation, la cuisson, la temp\u00e9rature, le minuteur, et comprenant une fonction d\u2019arr\u00eat d\u2019urgence.<\/p>\n<\/li>\n<li>\n<p class=\"ds-markdown-paragraph\"><strong>Ensemble d\u2019\u00e9clairage LED professionnel :<\/strong>\u00a0Comprend 24 luminaires LED de 18W au plafond et des \u00e9clairages muraux lat\u00e9raux, offrant une illumination brillante et sans ombres essentielle pour un travail de pr\u00e9cision, am\u00e9lior\u00e9e par les portes en verre.<\/p>\n<\/li>\n<\/ul>\n<p class=\"ds-markdown-paragraph\"><strong>Caract\u00e9ristiques techniques :<\/strong><\/p>\n<ul>\n<li>\n<p class=\"ds-markdown-paragraph\">Dimensions ext\u00e9rieures : 7000 (L) x 4000 (l) x 3350 (H) mm<\/p>\n<\/li>\n<li>\n<p class=\"ds-markdown-paragraph\">Dimensions de fonctionnement int\u00e9rieur : 6900 (L) x 3900 (l) x 2650 (H) mm<\/p>\n<\/li>\n<li>\n<p class=\"ds-markdown-paragraph\">Porte principale : Porte vitr\u00e9e \u00e0 trois sections, largeur totale 3000 mm x hauteur 2750 mm<\/p>\n<\/li>\n<li>\n<p class=\"ds-markdown-paragraph\">Tension \/ Fr\u00e9quence : 220V \/ 380V, 50Hz<\/p>\n<\/li>\n<li>\n<p class=\"ds-markdown-paragraph\">Type de chauffage : Gaz (compatible avec le Diesel)<\/p>\n<\/li>\n<li>\n<p class=\"ds-markdown-paragraph\">Volume d'exp\u00e9dition : environ 19 m\u00b3, compatible avec un conteneur 20GP<\/p>\n<\/li>\n<li>\n<p class=\"ds-markdown-paragraph\">Couleurs standard : Rouge, Bleu, Blanc, Gris, Orange, etc.<\/p>\n<\/li>\n<\/ul>\n<p class=\"ds-markdown-paragraph\"><strong>Remarque sur le prix :<\/strong><br \/>\nCe prix est indicatif de la configuration avec portes en verre et chauffage au gaz. Le prix final d\u00e9pendra des exigences techniques sp\u00e9cifiques, des adaptations r\u00e9gionales et des accessoires optionnels. Nous recommandons de consulter notre \u00e9quipe technique pour un devis pr\u00e9cis et personnalis\u00e9.<\/p>","protected":false},"excerpt":{"rendered":"<p>Le cabine de pulv\u00e9risation au gaz de luxe Autoke 7m avec portes en verre plein offre un m\u00e9lange sup\u00e9rieur de fonctionnalit\u00e9 et de visibilit\u00e9 pour la peinture automobile professionnelle. Son syst\u00e8me de chauffage au gaz garantit une op\u00e9ration efficace, tandis que les grandes portes en verre tremp\u00e9 am\u00e9liorent la s\u00e9curit\u00e9, la surveillance et la lumi\u00e8re naturelle. Con\u00e7ue pour la durabilit\u00e9 et \u00e9quip\u00e9e d\u2019un syst\u00e8me de filtration avanc\u00e9, c\u2019est le choix id\u00e9al pour les ateliers privil\u00e9giant l\u2019efficacit\u00e9 du flux de travail et une finition de premier ordre.<\/p>","protected":false},"featured_media":2861,"comment_status":"open","ping_status":"closed","template":"","meta":[],"product_brand":[76],"product_cat":[60,59],"product_tag":[79,73,93,63,67,69,68,88,83],"class_list":{"0":"post-3304","1":"product","2":"type-product","3":"status-publish","4":"has-post-thumbnail","6":"product_brand-autoke","7":"product_cat-car-spray-booth","8":"product_cat-spray-booth","9":"product_tag-automotive-spray-booth","10":"product_tag-automotive-spray-booth-manufacturer","11":"product_tag-bus-spray-booth-baking-system","12":"product_tag-car-spray-booth","13":"product_tag-car-spray-booth-manufacturing","14":"product_tag-ce-car-spray-booth","15":"product_tag-customized-car-spray-booth","16":"product_tag-heavy-duty-paint-booth","17":"product_tag-paint-booth-solutions","19":"first","20":"instock","21":"shipping-taxable","22":"product-type-simple"},"yoast_head":"<!-- This site is optimized with the Yoast SEO plugin v27.4 - https:\/\/yoast.com\/product\/yoast-seo-wordpress\/ -->\n<title>7m Luxury Gas Spray Booth with Full Glass Doors | High-Visibility Automotive Painting System | Industrial Workshop Equipment - Autoke-China Paint Booth Manufacturer<\/title>\n<meta name=\"robots\" content=\"index, follow, max-snippet:-1, max-image-preview:large, max-video-preview:-1\" \/>\n<link rel=\"canonical\" href=\"https:\/\/sprayboothmanufacturer.com\/fr\/product\/7m-luxury-gas-spray-booth\/\" \/>\n<meta property=\"og:locale\" content=\"fr_FR\" \/>\n<meta property=\"og:type\" content=\"article\" \/>\n<meta property=\"og:title\" content=\"7m Luxury Gas Spray Booth with Full Glass Doors | High-Visibility Automotive Painting System | Industrial Workshop Equipment - Autoke-China Paint Booth Manufacturer\" \/>\n<meta property=\"og:description\" content=\"The Autoke 7m Luxury Gas Spray Booth with Full Glass Doors offers a superior blend of functionality and visibility for professional automotive painting. Its gas heating system ensures efficient operation, while the large tempered glass doors enhance safety, monitoring, and natural light. Built for durability and equipped with advanced filtration, it&#039;s the ideal choice for workshops prioritizing workflow efficiency and top-tier finish quality.\" \/>\n<meta property=\"og:url\" content=\"https:\/\/sprayboothmanufacturer.com\/fr\/product\/7m-luxury-gas-spray-booth\/\" \/>\n<meta property=\"og:site_name\" content=\"Autoke-China Paint Booth Manufacturer\" \/>\n<meta property=\"og:image\" content=\"https:\/\/sprayboothmanufacturer.com\/wp-content\/uploads\/2026\/01\/9421765265812_.pic_hd.jpg\" \/>\n\t<meta property=\"og:image:width\" content=\"1920\" \/>\n\t<meta property=\"og:image:height\" content=\"1080\" \/>\n\t<meta property=\"og:image:type\" content=\"image\/jpeg\" \/>\n<meta name=\"twitter:card\" content=\"summary_large_image\" \/>\n<meta name=\"twitter:label1\" content=\"Dur\u00e9e de lecture estim\u00e9e\" \/>\n\t<meta name=\"twitter:data1\" content=\"2 minutes\" \/>\n<script type=\"application\/ld+json\" class=\"yoast-schema-graph\">{\"@context\":\"https:\\\/\\\/schema.org\",\"@graph\":[{\"@type\":\"WebPage\",\"@id\":\"https:\\\/\\\/sprayboothmanufacturer.com\\\/product\\\/7m-luxury-gas-spray-booth\\\/\",\"url\":\"https:\\\/\\\/sprayboothmanufacturer.com\\\/product\\\/7m-luxury-gas-spray-booth\\\/\",\"name\":\"7m Luxury Gas Spray Booth with Full Glass Doors | High-Visibility Automotive Painting System | Industrial Workshop Equipment - Autoke-China Paint Booth Manufacturer\",\"isPartOf\":{\"@id\":\"https:\\\/\\\/sprayboothmanufacturer.com\\\/#website\"},\"primaryImageOfPage\":{\"@id\":\"https:\\\/\\\/sprayboothmanufacturer.com\\\/product\\\/7m-luxury-gas-spray-booth\\\/#primaryimage\"},\"image\":{\"@id\":\"https:\\\/\\\/sprayboothmanufacturer.com\\\/product\\\/7m-luxury-gas-spray-booth\\\/#primaryimage\"},\"thumbnailUrl\":\"https:\\\/\\\/sprayboothmanufacturer.com\\\/wp-content\\\/uploads\\\/2026\\\/01\\\/9421765265812_.pic_hd.jpg\",\"datePublished\":\"2026-02-09T03:32:17+00:00\",\"breadcrumb\":{\"@id\":\"https:\\\/\\\/sprayboothmanufacturer.com\\\/product\\\/7m-luxury-gas-spray-booth\\\/#breadcrumb\"},\"inLanguage\":\"fr-FR\",\"potentialAction\":[{\"@type\":\"ReadAction\",\"target\":[\"https:\\\/\\\/sprayboothmanufacturer.com\\\/product\\\/7m-luxury-gas-spray-booth\\\/\"]}]},{\"@type\":\"ImageObject\",\"inLanguage\":\"fr-FR\",\"@id\":\"https:\\\/\\\/sprayboothmanufacturer.com\\\/product\\\/7m-luxury-gas-spray-booth\\\/#primaryimage\",\"url\":\"https:\\\/\\\/sprayboothmanufacturer.com\\\/wp-content\\\/uploads\\\/2026\\\/01\\\/9421765265812_.pic_hd.jpg\",\"contentUrl\":\"https:\\\/\\\/sprayboothmanufacturer.com\\\/wp-content\\\/uploads\\\/2026\\\/01\\\/9421765265812_.pic_hd.jpg\",\"width\":1920,\"height\":1080,\"caption\":\"Paint Mixing Room\"},{\"@type\":\"BreadcrumbList\",\"@id\":\"https:\\\/\\\/sprayboothmanufacturer.com\\\/product\\\/7m-luxury-gas-spray-booth\\\/#breadcrumb\",\"itemListElement\":[{\"@type\":\"ListItem\",\"position\":1,\"name\":\"Home\",\"item\":\"https:\\\/\\\/sprayboothmanufacturer.com\\\/\"},{\"@type\":\"ListItem\",\"position\":2,\"name\":\"\u4ea7\u54c1\",\"item\":\"https:\\\/\\\/sprayboothmanufacturer.com\\\/shop__trashed\\\/\"},{\"@type\":\"ListItem\",\"position\":3,\"name\":\"7m Luxury Gas Spray Booth with Full Glass Doors | High-Visibility Automotive Painting System | Industrial Workshop Equipment\"}]},{\"@type\":\"WebSite\",\"@id\":\"https:\\\/\\\/sprayboothmanufacturer.com\\\/#website\",\"url\":\"https:\\\/\\\/sprayboothmanufacturer.com\\\/\",\"name\":\"Autoke-China Paint Booth Manufacturer\",\"description\":\"\",\"publisher\":{\"@id\":\"https:\\\/\\\/sprayboothmanufacturer.com\\\/#organization\"},\"potentialAction\":[{\"@type\":\"SearchAction\",\"target\":{\"@type\":\"EntryPoint\",\"urlTemplate\":\"https:\\\/\\\/sprayboothmanufacturer.com\\\/?s={search_term_string}\"},\"query-input\":{\"@type\":\"PropertyValueSpecification\",\"valueRequired\":true,\"valueName\":\"search_term_string\"}}],\"inLanguage\":\"fr-FR\"},{\"@type\":\"Organization\",\"@id\":\"https:\\\/\\\/sprayboothmanufacturer.com\\\/#organization\",\"name\":\"Autoke-China Paint Booth Manufacturer\",\"url\":\"https:\\\/\\\/sprayboothmanufacturer.com\\\/\",\"logo\":{\"@type\":\"ImageObject\",\"inLanguage\":\"fr-FR\",\"@id\":\"https:\\\/\\\/sprayboothmanufacturer.com\\\/#\\\/schema\\\/logo\\\/image\\\/\",\"url\":\"https:\\\/\\\/sprayboothmanufacturer.com\\\/wp-content\\\/uploads\\\/2025\\\/12\\\/\u5fae\u4fe1\u56fe\u7247_20260113195103_1750_4-scaled-e1768394147958.png\",\"contentUrl\":\"https:\\\/\\\/sprayboothmanufacturer.com\\\/wp-content\\\/uploads\\\/2025\\\/12\\\/\u5fae\u4fe1\u56fe\u7247_20260113195103_1750_4-scaled-e1768394147958.png\",\"width\":1740,\"height\":538,\"caption\":\"Autoke-China Paint Booth Manufacturer\"},\"image\":{\"@id\":\"https:\\\/\\\/sprayboothmanufacturer.com\\\/#\\\/schema\\\/logo\\\/image\\\/\"}}]}<\/script>\n<!-- \/ Yoast SEO plugin. -->","yoast_head_json":{"title":"Cabine de pulv\u00e9risation au gaz de luxe Autoke 7m avec portes en verre plein | Syst\u00e8me de peinture automobile \u00e0 haute visibilit\u00e9 | \u00c9quipement d\u2019atelier industriel - Fabricant de cabines de peinture Autoke-China","robots":{"index":"index","follow":"follow","max-snippet":"max-snippet:-1","max-image-preview":"max-image-preview:large","max-video-preview":"max-video-preview:-1"},"canonical":"https:\/\/sprayboothmanufacturer.com\/fr\/product\/7m-luxury-gas-spray-booth\/","og_locale":"fr_FR","og_type":"article","og_title":"7m Luxury Gas Spray Booth with Full Glass Doors | High-Visibility Automotive Painting System | Industrial Workshop Equipment - Autoke-China Paint Booth Manufacturer","og_description":"The Autoke 7m Luxury Gas Spray Booth with Full Glass Doors offers a superior blend of functionality and visibility for professional automotive painting. Its gas heating system ensures efficient operation, while the large tempered glass doors enhance safety, monitoring, and natural light. Built for durability and equipped with advanced filtration, it's the ideal choice for workshops prioritizing workflow efficiency and top-tier finish quality.","og_url":"https:\/\/sprayboothmanufacturer.com\/fr\/product\/7m-luxury-gas-spray-booth\/","og_site_name":"Autoke-China Paint Booth Manufacturer","og_image":[{"width":1920,"height":1080,"url":"https:\/\/sprayboothmanufacturer.com\/wp-content\/uploads\/2026\/01\/9421765265812_.pic_hd.jpg","type":"image\/jpeg"}],"twitter_card":"summary_large_image","twitter_misc":{"Dur\u00e9e de lecture estim\u00e9e":"2 minutes"},"schema":{"@context":"https:\/\/schema.org","@graph":[{"@type":"WebPage","@id":"https:\/\/sprayboothmanufacturer.com\/product\/7m-luxury-gas-spray-booth\/","url":"https:\/\/sprayboothmanufacturer.com\/product\/7m-luxury-gas-spray-booth\/","name":"Cabine de pulv\u00e9risation au gaz de luxe Autoke 7m avec portes en verre plein | Syst\u00e8me de peinture automobile \u00e0 haute visibilit\u00e9 | \u00c9quipement d\u2019atelier industriel - Fabricant de cabines de peinture Autoke-China","isPartOf":{"@id":"https:\/\/sprayboothmanufacturer.com\/#website"},"primaryImageOfPage":{"@id":"https:\/\/sprayboothmanufacturer.com\/product\/7m-luxury-gas-spray-booth\/#primaryimage"},"image":{"@id":"https:\/\/sprayboothmanufacturer.com\/product\/7m-luxury-gas-spray-booth\/#primaryimage"},"thumbnailUrl":"https:\/\/sprayboothmanufacturer.com\/wp-content\/uploads\/2026\/01\/9421765265812_.pic_hd.jpg","datePublished":"2026-02-09T03:32:17+00:00","breadcrumb":{"@id":"https:\/\/sprayboothmanufacturer.com\/product\/7m-luxury-gas-spray-booth\/#breadcrumb"},"inLanguage":"fr-FR","potentialAction":[{"@type":"ReadAction","target":["https:\/\/sprayboothmanufacturer.com\/product\/7m-luxury-gas-spray-booth\/"]}]},{"@type":"ImageObject","inLanguage":"fr-FR","@id":"https:\/\/sprayboothmanufacturer.com\/product\/7m-luxury-gas-spray-booth\/#primaryimage","url":"https:\/\/sprayboothmanufacturer.com\/wp-content\/uploads\/2026\/01\/9421765265812_.pic_hd.jpg","contentUrl":"https:\/\/sprayboothmanufacturer.com\/wp-content\/uploads\/2026\/01\/9421765265812_.pic_hd.jpg","width":1920,"height":1080,"caption":"Paint Mixing Room"},{"@type":"BreadcrumbList","@id":"https:\/\/sprayboothmanufacturer.com\/product\/7m-luxury-gas-spray-booth\/#breadcrumb","itemListElement":[{"@type":"ListItem","position":1,"name":"Home","item":"https:\/\/sprayboothmanufacturer.com\/"},{"@type":"ListItem","position":2,"name":"\u4ea7\u54c1","item":"https:\/\/sprayboothmanufacturer.com\/shop__trashed\/"},{"@type":"ListItem","position":3,"name":"7m Luxury Gas Spray Booth with Full Glass Doors | High-Visibility Automotive Painting System | Industrial Workshop Equipment"}]},{"@type":"WebSite","@id":"https:\/\/sprayboothmanufacturer.com\/#website","url":"https:\/\/sprayboothmanufacturer.com\/","name":"Fabricant de cabines de peinture Autoke-Chine","description":"","publisher":{"@id":"https:\/\/sprayboothmanufacturer.com\/#organization"},"potentialAction":[{"@type":"SearchAction","target":{"@type":"EntryPoint","urlTemplate":"https:\/\/sprayboothmanufacturer.com\/?s={search_term_string}"},"query-input":{"@type":"PropertyValueSpecification","valueRequired":true,"valueName":"search_term_string"}}],"inLanguage":"fr-FR"},{"@type":"Organization","@id":"https:\/\/sprayboothmanufacturer.com\/#organization","name":"Fabricant de cabines de peinture Autoke-Chine","url":"https:\/\/sprayboothmanufacturer.com\/","logo":{"@type":"ImageObject","inLanguage":"fr-FR","@id":"https:\/\/sprayboothmanufacturer.com\/#\/schema\/logo\/image\/","url":"https:\/\/sprayboothmanufacturer.com\/wp-content\/uploads\/2025\/12\/\u5fae\u4fe1\u56fe\u7247_20260113195103_1750_4-scaled-e1768394147958.png","contentUrl":"https:\/\/sprayboothmanufacturer.com\/wp-content\/uploads\/2025\/12\/\u5fae\u4fe1\u56fe\u7247_20260113195103_1750_4-scaled-e1768394147958.png","width":1740,"height":538,"caption":"Autoke-China Paint Booth Manufacturer"},"image":{"@id":"https:\/\/sprayboothmanufacturer.com\/#\/schema\/logo\/image\/"}}]}},"_links":{"self":[{"href":"https:\/\/sprayboothmanufacturer.com\/fr\/wp-json\/wp\/v2\/product\/3304","targetHints":{"allow":["GET"]}}],"collection":[{"href":"https:\/\/sprayboothmanufacturer.com\/fr\/wp-json\/wp\/v2\/product"}],"about":[{"href":"https:\/\/sprayboothmanufacturer.com\/fr\/wp-json\/wp\/v2\/types\/product"}],"replies":[{"embeddable":true,"href":"https:\/\/sprayboothmanufacturer.com\/fr\/wp-json\/wp\/v2\/comments?post=3304"}],"version-history":[{"count":1,"href":"https:\/\/sprayboothmanufacturer.com\/fr\/wp-json\/wp\/v2\/product\/3304\/revisions"}],"predecessor-version":[{"id":3305,"href":"https:\/\/sprayboothmanufacturer.com\/fr\/wp-json\/wp\/v2\/product\/3304\/revisions\/3305"}],"wp:featuredmedia":[{"embeddable":true,"href":"https:\/\/sprayboothmanufacturer.com\/fr\/wp-json\/wp\/v2\/media\/2861"}],"wp:attachment":[{"href":"https:\/\/sprayboothmanufacturer.com\/fr\/wp-json\/wp\/v2\/media?parent=3304"}],"wp:term":[{"taxonomy":"product_brand","embeddable":true,"href":"https:\/\/sprayboothmanufacturer.com\/fr\/wp-json\/wp\/v2\/product_brand?post=3304"},{"taxonomy":"product_cat","embeddable":true,"href":"https:\/\/sprayboothmanufacturer.com\/fr\/wp-json\/wp\/v2\/product_cat?post=3304"},{"taxonomy":"product_tag","embeddable":true,"href":"https:\/\/sprayboothmanufacturer.com\/fr\/wp-json\/wp\/v2\/product_tag?post=3304"}],"curies":[{"name":"wp","href":"https:\/\/api.w.org\/{rel}","templated":true}]}}