{"id":3302,"date":"2026-02-09T03:23:28","date_gmt":"2026-02-09T03:23:28","guid":{"rendered":"https:\/\/sprayboothmanufacturer.com\/?post_type=product&#038;p=3302"},"modified":"2026-02-09T03:23:28","modified_gmt":"2026-02-09T03:23:28","slug":"7m-luxury-gas-heating-spray-booth-2","status":"publish","type":"product","link":"https:\/\/sprayboothmanufacturer.com\/fr\/product\/7m-luxury-gas-heating-spray-booth-2\/","title":{"rendered":"Cabine de pulv\u00e9risation \u00e0 chauffage au gaz de luxe de 7m | Syst\u00e8me de peinture automobile industriel | Fourniture directe d'usine pour ateliers"},"content":{"rendered":"<table style=\"height: 240px;\" width=\"799\">\n<tbody>\n<tr>\n<td width=\"142\"><strong><b>Quantit\u00e9 minimale de commande :<\/b><\/strong><\/td>\n<td width=\"142\">1 pi\u00e8ce<\/td>\n<td width=\"142\"><strong><b>Prix :<\/b><\/strong><\/td>\n<td width=\"142\">\u00c0 n\u00e9gocier<\/td>\n<\/tr>\n<tr>\n<td width=\"142\"><strong><b>D\u00e9tails de l'emballage :<\/b><\/strong><\/td>\n<td width=\"142\">40GP ou 20GP\/unit\u00e9<\/td>\n<td width=\"142\"><strong><b>D\u00e9lai de livraison :<\/b><\/strong><\/td>\n<td width=\"142\">15 jours \u00e0 n\u00e9gocier<\/td>\n<\/tr>\n<tr>\n<td width=\"142\"><strong><b>Conditions de paiement :<\/b><\/strong><\/td>\n<td width=\"142\">L\/C, T\/T<\/td>\n<td width=\"142\"><strong><b>Capacit\u00e9 d'approvisionnement :<\/b><\/strong><\/td>\n<td width=\"142\">50 unit\u00e9(s) par mois, cabine de pulv\u00e9risation industrielle, cabine de pulv\u00e9risation bus<\/td>\n<\/tr>\n<tr>\n<td width=\"142\"><strong><b>Lieu d'origine :<\/b><\/strong><\/td>\n<td width=\"142\">Jiangsu, Chine<\/td>\n<td width=\"142\"><strong><b>Nom de la marque :<\/b><\/strong><\/td>\n<td width=\"142\">Autoke<\/td>\n<\/tr>\n<tr>\n<td width=\"142\"><strong><b>Certification :<\/b><\/strong><\/td>\n<td width=\"142\">CE<\/td>\n<td width=\"142\"><strong><b>Num\u00e9ro de mod\u00e8le :<\/b><\/strong><\/td>\n<td width=\"142\">ATK-7M-LUX-GAZ<\/td>\n<\/tr>\n<\/tbody>\n<\/table>\n<p class=\"ds-markdown-paragraph\">Le\u00a0<strong>Cabine de pulv\u00e9risation au chauffage au gaz de luxe Autoke 7m<\/strong>\u00a0est une solution efficace et robuste con\u00e7ue pour les ateliers de r\u00e9paration automobile recherchant un \u00e9quilibre entre performance, co\u00fbt d'exploitation et fiabilit\u00e9. Utilisant un syst\u00e8me de chauffage au gaz \u00e0 combustion propre, elle offre un contr\u00f4le rapide et constant de la temp\u00e9rature pour une cuisson de la peinture sup\u00e9rieure, ce qui en fait un choix id\u00e9al pour les environnements professionnels \u00e0 volume \u00e9lev\u00e9 ou soucieux des co\u00fbts.<\/p>\n<p class=\"ds-markdown-paragraph\"><strong>Caract\u00e9ristiques principales :<\/strong><\/p>\n<ul>\n<li>\n<p class=\"ds-markdown-paragraph\"><strong>Syst\u00e8me de chauffage au gaz efficace :<\/strong>\u00a0Aliment\u00e9e par un br\u00fbleur \u00e0 gaz fiable, cette cabine atteint rapidement 40\u00b0C en 5-8 minutes, avec une temp\u00e9rature maximale de cuisson de 80\u00b0C, garantissant des cycles de s\u00e9chage de la peinture efficaces.<\/p>\n<\/li>\n<li>\n<p class=\"ds-markdown-paragraph\"><strong>Ventilation optimis\u00e9e :<\/strong>\u00a0\u00c9quip\u00e9e de 2 ventilateurs centrifuges d'entr\u00e9e double de 4KW (capacit\u00e9 totale de 25 000 m\u00b3\/h) et d'un ventilateur d'extraction de 3KW pour maintenir un flux d'air excellent, l'extraction des fum\u00e9es et un environnement de travail propre et s\u00e9curis\u00e9.<\/p>\n<\/li>\n<li>\n<p class=\"ds-markdown-paragraph\"><strong>Construction durable et s\u00fbre :<\/strong>\u00a0Construite avec des panneaux muraux isol\u00e9s r\u00e9sistants au feu de 5 cm \u00e0 double couche et un toit en acier galvanis\u00e9 pour la durabilit\u00e9 et l'efficacit\u00e9 thermique. La sous-solation en grille d'acier galvanis\u00e9 sur\u00e9lev\u00e9e (hauteur de 300 mm) offre r\u00e9sistance et facilit\u00e9 de nettoyage.<\/p>\n<\/li>\n<li>\n<p class=\"ds-markdown-paragraph\"><strong>Panneau de contr\u00f4le intelligent :<\/strong>\u00a0Interface conviviale int\u00e9grant toutes les op\u00e9rations, y compris l\u2019\u00e9clairage, la pulv\u00e9risation, la cuisson, les r\u00e9glages de temp\u00e9rature, le minuteur et l\u2019arr\u00eat d\u2019urgence pour un flux de travail s\u00fbr et rationalis\u00e9.<\/p>\n<\/li>\n<li>\n<p class=\"ds-markdown-paragraph\"><strong>Syst\u00e8me de filtration \u00e0 trois niveaux :<\/strong>\u00a0Comprend un filtre primaire, un filtre de plafond \u00e0 haute efficacit\u00e9 (&gt;98%) et un filtre multi-couches au sol pour capturer les surpulv\u00e9risations et la poussi\u00e8re, garantissant une finition sans contaminants.<\/p>\n<\/li>\n<li>\n<p class=\"ds-markdown-paragraph\"><strong>\u00c9clairage LED \u00e9conome en \u00e9nergie :<\/strong>\u00a0Dot\u00e9 de 24 luminaires LED de 18W au plafond, offrant un \u00e9clairage lumineux, uniforme et sans ombres tout en r\u00e9duisant la consommation d'\u00e9nergie.<\/p>\n<\/li>\n<\/ul>\n<p class=\"ds-markdown-paragraph\"><strong>Caract\u00e9ristiques techniques :<\/strong><\/p>\n<ul>\n<li>\n<p class=\"ds-markdown-paragraph\">Dimensions ext\u00e9rieures : 7000 (L) x 4000 (l) x 3350 (H) mm<\/p>\n<\/li>\n<li>\n<p class=\"ds-markdown-paragraph\">Dimensions de fonctionnement int\u00e9rieur : 6900 (L) x 3900 (l) x 2650 (H) mm<\/p>\n<\/li>\n<li>\n<p class=\"ds-markdown-paragraph\">Tension \/ Fr\u00e9quence : 220V \/ 380V, 50Hz<\/p>\n<\/li>\n<li>\n<p class=\"ds-markdown-paragraph\">Puissance totale (Mod\u00e8le de chauffage au gaz) : 15 KW (Composants \u00e9lectriques)<\/p>\n<\/li>\n<li>\n<p class=\"ds-markdown-paragraph\">Type de chauffage : Gaz (Gaz naturel \/ GPL)<\/p>\n<\/li>\n<li>\n<p class=\"ds-markdown-paragraph\">Volume d'exp\u00e9dition : environ 19 m\u00b3, compatible avec un conteneur 20GP<\/p>\n<\/li>\n<li>\n<p class=\"ds-markdown-paragraph\">Couleurs standard : Rouge, Bleu, Blanc, Gris, Orange, etc.<\/p>\n<\/li>\n<\/ul>\n<p class=\"ds-markdown-paragraph\"><strong>Remarque sur le prix :<\/strong><br \/>\nLe prix indiqu\u00e9 concerne la configuration standard. Le prix final est soumis \u00e0 personnalisation en fonction des exigences sp\u00e9cifiques telles que la compatibilit\u00e9 du type de gaz, les pr\u00e9f\u00e9rences de couleur et les fonctionnalit\u00e9s suppl\u00e9mentaires. Veuillez contacter notre \u00e9quipe commerciale technique pour un devis personnalis\u00e9.<\/p>","protected":false},"excerpt":{"rendered":"<p>La cabine de pulv\u00e9risation au gaz de luxe Autoke 7m offre une solution de peinture puissante et \u00e9conomique pour les ateliers automobiles professionnels. Combinant un chauffage au gaz efficace, une construction robuste et une filtration avanc\u00e9e, elle garantit des finitions coh\u00e9rentes et de haute qualit\u00e9, id\u00e9ales pour les flux de travail exigeants de r\u00e9paration et de remise \u00e0 neuf.<\/p>","protected":false},"featured_media":2827,"comment_status":"open","ping_status":"closed","template":"","meta":[],"product_brand":[76],"product_cat":[60,59],"product_tag":[79,72,66,67,94,68,64,70],"class_list":{"0":"post-3302","1":"product","2":"type-product","3":"status-publish","4":"has-post-thumbnail","6":"product_brand-autoke","7":"product_cat-car-spray-booth","8":"product_cat-spray-booth","9":"product_tag-automotive-spray-booth","10":"product_tag-car-spray-booth-factory","11":"product_tag-car-spray-booth-manufacturer","12":"product_tag-car-spray-booth-manufacturing","13":"product_tag-commercial-vehicle-paint-curing-oven","14":"product_tag-customized-car-spray-booth","15":"product_tag-environmentally-friendly-car-spray-booth","16":"product_tag-high-quality-spray-booths","18":"first","19":"instock","20":"shipping-taxable","21":"product-type-simple"},"yoast_head":"<!-- This site is optimized with the Yoast SEO plugin v27.4 - https:\/\/yoast.com\/product\/yoast-seo-wordpress\/ -->\n<title>7m Luxury Gas Heating Spray Booth | Industrial Automotive Painting System | Factory Direct Supply for Workshops - Autoke-China Paint Booth Manufacturer<\/title>\n<meta name=\"robots\" content=\"index, follow, max-snippet:-1, max-image-preview:large, max-video-preview:-1\" \/>\n<link rel=\"canonical\" href=\"https:\/\/sprayboothmanufacturer.com\/fr\/product\/7m-luxury-gas-heating-spray-booth-2\/\" \/>\n<meta property=\"og:locale\" content=\"fr_FR\" \/>\n<meta property=\"og:type\" content=\"article\" \/>\n<meta property=\"og:title\" content=\"7m Luxury Gas Heating Spray Booth | Industrial Automotive Painting System | Factory Direct Supply for Workshops - Autoke-China Paint Booth Manufacturer\" \/>\n<meta property=\"og:description\" content=\"The Autoke 7m Luxury Gas Spray Booth delivers a powerful and economical painting solution for professional automotive shops. Combining efficient gas heating, robust construction, and advanced filtration, it ensures consistent, high-quality finishes ideal for demanding repair and refinishing workflows.\" \/>\n<meta property=\"og:url\" content=\"https:\/\/sprayboothmanufacturer.com\/fr\/product\/7m-luxury-gas-heating-spray-booth-2\/\" \/>\n<meta property=\"og:site_name\" content=\"Autoke-China Paint Booth Manufacturer\" \/>\n<meta property=\"og:image\" content=\"https:\/\/sprayboothmanufacturer.com\/wp-content\/uploads\/2026\/01\/9431768716618_.pic_.jpg\" \/>\n\t<meta property=\"og:image:width\" content=\"850\" \/>\n\t<meta property=\"og:image:height\" content=\"850\" \/>\n\t<meta property=\"og:image:type\" content=\"image\/jpeg\" \/>\n<meta name=\"twitter:card\" content=\"summary_large_image\" \/>\n<meta name=\"twitter:label1\" content=\"Dur\u00e9e de lecture estim\u00e9e\" \/>\n\t<meta name=\"twitter:data1\" content=\"2 minutes\" \/>\n<script type=\"application\/ld+json\" class=\"yoast-schema-graph\">{\"@context\":\"https:\\\/\\\/schema.org\",\"@graph\":[{\"@type\":\"WebPage\",\"@id\":\"https:\\\/\\\/sprayboothmanufacturer.com\\\/product\\\/7m-luxury-gas-heating-spray-booth-2\\\/\",\"url\":\"https:\\\/\\\/sprayboothmanufacturer.com\\\/product\\\/7m-luxury-gas-heating-spray-booth-2\\\/\",\"name\":\"7m Luxury Gas Heating Spray Booth | Industrial Automotive Painting System | Factory Direct Supply for Workshops - Autoke-China Paint Booth Manufacturer\",\"isPartOf\":{\"@id\":\"https:\\\/\\\/sprayboothmanufacturer.com\\\/#website\"},\"primaryImageOfPage\":{\"@id\":\"https:\\\/\\\/sprayboothmanufacturer.com\\\/product\\\/7m-luxury-gas-heating-spray-booth-2\\\/#primaryimage\"},\"image\":{\"@id\":\"https:\\\/\\\/sprayboothmanufacturer.com\\\/product\\\/7m-luxury-gas-heating-spray-booth-2\\\/#primaryimage\"},\"thumbnailUrl\":\"https:\\\/\\\/sprayboothmanufacturer.com\\\/wp-content\\\/uploads\\\/2026\\\/01\\\/9431768716618_.pic_.jpg\",\"datePublished\":\"2026-02-09T03:23:28+00:00\",\"breadcrumb\":{\"@id\":\"https:\\\/\\\/sprayboothmanufacturer.com\\\/product\\\/7m-luxury-gas-heating-spray-booth-2\\\/#breadcrumb\"},\"inLanguage\":\"fr-FR\",\"potentialAction\":[{\"@type\":\"ReadAction\",\"target\":[\"https:\\\/\\\/sprayboothmanufacturer.com\\\/product\\\/7m-luxury-gas-heating-spray-booth-2\\\/\"]}]},{\"@type\":\"ImageObject\",\"inLanguage\":\"fr-FR\",\"@id\":\"https:\\\/\\\/sprayboothmanufacturer.com\\\/product\\\/7m-luxury-gas-heating-spray-booth-2\\\/#primaryimage\",\"url\":\"https:\\\/\\\/sprayboothmanufacturer.com\\\/wp-content\\\/uploads\\\/2026\\\/01\\\/9431768716618_.pic_.jpg\",\"contentUrl\":\"https:\\\/\\\/sprayboothmanufacturer.com\\\/wp-content\\\/uploads\\\/2026\\\/01\\\/9431768716618_.pic_.jpg\",\"width\":850,\"height\":850},{\"@type\":\"BreadcrumbList\",\"@id\":\"https:\\\/\\\/sprayboothmanufacturer.com\\\/product\\\/7m-luxury-gas-heating-spray-booth-2\\\/#breadcrumb\",\"itemListElement\":[{\"@type\":\"ListItem\",\"position\":1,\"name\":\"Home\",\"item\":\"https:\\\/\\\/sprayboothmanufacturer.com\\\/\"},{\"@type\":\"ListItem\",\"position\":2,\"name\":\"\u4ea7\u54c1\",\"item\":\"https:\\\/\\\/sprayboothmanufacturer.com\\\/shop__trashed\\\/\"},{\"@type\":\"ListItem\",\"position\":3,\"name\":\"7m Luxury Gas Heating Spray Booth | Industrial Automotive Painting System | Factory Direct Supply for Workshops\"}]},{\"@type\":\"WebSite\",\"@id\":\"https:\\\/\\\/sprayboothmanufacturer.com\\\/#website\",\"url\":\"https:\\\/\\\/sprayboothmanufacturer.com\\\/\",\"name\":\"Autoke-China Paint Booth Manufacturer\",\"description\":\"\",\"publisher\":{\"@id\":\"https:\\\/\\\/sprayboothmanufacturer.com\\\/#organization\"},\"potentialAction\":[{\"@type\":\"SearchAction\",\"target\":{\"@type\":\"EntryPoint\",\"urlTemplate\":\"https:\\\/\\\/sprayboothmanufacturer.com\\\/?s={search_term_string}\"},\"query-input\":{\"@type\":\"PropertyValueSpecification\",\"valueRequired\":true,\"valueName\":\"search_term_string\"}}],\"inLanguage\":\"fr-FR\"},{\"@type\":\"Organization\",\"@id\":\"https:\\\/\\\/sprayboothmanufacturer.com\\\/#organization\",\"name\":\"Autoke-China Paint Booth Manufacturer\",\"url\":\"https:\\\/\\\/sprayboothmanufacturer.com\\\/\",\"logo\":{\"@type\":\"ImageObject\",\"inLanguage\":\"fr-FR\",\"@id\":\"https:\\\/\\\/sprayboothmanufacturer.com\\\/#\\\/schema\\\/logo\\\/image\\\/\",\"url\":\"https:\\\/\\\/sprayboothmanufacturer.com\\\/wp-content\\\/uploads\\\/2025\\\/12\\\/\u5fae\u4fe1\u56fe\u7247_20260113195103_1750_4-scaled-e1768394147958.png\",\"contentUrl\":\"https:\\\/\\\/sprayboothmanufacturer.com\\\/wp-content\\\/uploads\\\/2025\\\/12\\\/\u5fae\u4fe1\u56fe\u7247_20260113195103_1750_4-scaled-e1768394147958.png\",\"width\":1740,\"height\":538,\"caption\":\"Autoke-China Paint Booth Manufacturer\"},\"image\":{\"@id\":\"https:\\\/\\\/sprayboothmanufacturer.com\\\/#\\\/schema\\\/logo\\\/image\\\/\"}}]}<\/script>\n<!-- \/ Yoast SEO plugin. -->","yoast_head_json":{"title":"Cabine de pulv\u00e9risation de chauffage au gaz de luxe de 7 m | Syst\u00e8me de peinture automobile industriel | Fournisseur direct d'usine pour ateliers - Fabricant de cabines de peinture Autoke-France","robots":{"index":"index","follow":"follow","max-snippet":"max-snippet:-1","max-image-preview":"max-image-preview:large","max-video-preview":"max-video-preview:-1"},"canonical":"https:\/\/sprayboothmanufacturer.com\/fr\/product\/7m-luxury-gas-heating-spray-booth-2\/","og_locale":"fr_FR","og_type":"article","og_title":"7m Luxury Gas Heating Spray Booth | Industrial Automotive Painting System | Factory Direct Supply for Workshops - Autoke-China Paint Booth Manufacturer","og_description":"The Autoke 7m Luxury Gas Spray Booth delivers a powerful and economical painting solution for professional automotive shops. Combining efficient gas heating, robust construction, and advanced filtration, it ensures consistent, high-quality finishes ideal for demanding repair and refinishing workflows.","og_url":"https:\/\/sprayboothmanufacturer.com\/fr\/product\/7m-luxury-gas-heating-spray-booth-2\/","og_site_name":"Autoke-China Paint Booth Manufacturer","og_image":[{"width":850,"height":850,"url":"https:\/\/sprayboothmanufacturer.com\/wp-content\/uploads\/2026\/01\/9431768716618_.pic_.jpg","type":"image\/jpeg"}],"twitter_card":"summary_large_image","twitter_misc":{"Dur\u00e9e de lecture estim\u00e9e":"2 minutes"},"schema":{"@context":"https:\/\/schema.org","@graph":[{"@type":"WebPage","@id":"https:\/\/sprayboothmanufacturer.com\/product\/7m-luxury-gas-heating-spray-booth-2\/","url":"https:\/\/sprayboothmanufacturer.com\/product\/7m-luxury-gas-heating-spray-booth-2\/","name":"Cabine de pulv\u00e9risation de chauffage au gaz de luxe de 7 m | Syst\u00e8me de peinture automobile industriel | Fournisseur direct d'usine pour ateliers - Fabricant de cabines de peinture Autoke-France","isPartOf":{"@id":"https:\/\/sprayboothmanufacturer.com\/#website"},"primaryImageOfPage":{"@id":"https:\/\/sprayboothmanufacturer.com\/product\/7m-luxury-gas-heating-spray-booth-2\/#primaryimage"},"image":{"@id":"https:\/\/sprayboothmanufacturer.com\/product\/7m-luxury-gas-heating-spray-booth-2\/#primaryimage"},"thumbnailUrl":"https:\/\/sprayboothmanufacturer.com\/wp-content\/uploads\/2026\/01\/9431768716618_.pic_.jpg","datePublished":"2026-02-09T03:23:28+00:00","breadcrumb":{"@id":"https:\/\/sprayboothmanufacturer.com\/product\/7m-luxury-gas-heating-spray-booth-2\/#breadcrumb"},"inLanguage":"fr-FR","potentialAction":[{"@type":"ReadAction","target":["https:\/\/sprayboothmanufacturer.com\/product\/7m-luxury-gas-heating-spray-booth-2\/"]}]},{"@type":"ImageObject","inLanguage":"fr-FR","@id":"https:\/\/sprayboothmanufacturer.com\/product\/7m-luxury-gas-heating-spray-booth-2\/#primaryimage","url":"https:\/\/sprayboothmanufacturer.com\/wp-content\/uploads\/2026\/01\/9431768716618_.pic_.jpg","contentUrl":"https:\/\/sprayboothmanufacturer.com\/wp-content\/uploads\/2026\/01\/9431768716618_.pic_.jpg","width":850,"height":850},{"@type":"BreadcrumbList","@id":"https:\/\/sprayboothmanufacturer.com\/product\/7m-luxury-gas-heating-spray-booth-2\/#breadcrumb","itemListElement":[{"@type":"ListItem","position":1,"name":"Home","item":"https:\/\/sprayboothmanufacturer.com\/"},{"@type":"ListItem","position":2,"name":"\u4ea7\u54c1","item":"https:\/\/sprayboothmanufacturer.com\/shop__trashed\/"},{"@type":"ListItem","position":3,"name":"7m Luxury Gas Heating Spray Booth | Industrial Automotive Painting System | Factory Direct Supply for Workshops"}]},{"@type":"WebSite","@id":"https:\/\/sprayboothmanufacturer.com\/#website","url":"https:\/\/sprayboothmanufacturer.com\/","name":"Fabricant de cabines de peinture Autoke-Chine","description":"","publisher":{"@id":"https:\/\/sprayboothmanufacturer.com\/#organization"},"potentialAction":[{"@type":"SearchAction","target":{"@type":"EntryPoint","urlTemplate":"https:\/\/sprayboothmanufacturer.com\/?s={search_term_string}"},"query-input":{"@type":"PropertyValueSpecification","valueRequired":true,"valueName":"search_term_string"}}],"inLanguage":"fr-FR"},{"@type":"Organization","@id":"https:\/\/sprayboothmanufacturer.com\/#organization","name":"Fabricant de cabines de peinture Autoke-Chine","url":"https:\/\/sprayboothmanufacturer.com\/","logo":{"@type":"ImageObject","inLanguage":"fr-FR","@id":"https:\/\/sprayboothmanufacturer.com\/#\/schema\/logo\/image\/","url":"https:\/\/sprayboothmanufacturer.com\/wp-content\/uploads\/2025\/12\/\u5fae\u4fe1\u56fe\u7247_20260113195103_1750_4-scaled-e1768394147958.png","contentUrl":"https:\/\/sprayboothmanufacturer.com\/wp-content\/uploads\/2025\/12\/\u5fae\u4fe1\u56fe\u7247_20260113195103_1750_4-scaled-e1768394147958.png","width":1740,"height":538,"caption":"Autoke-China Paint Booth Manufacturer"},"image":{"@id":"https:\/\/sprayboothmanufacturer.com\/#\/schema\/logo\/image\/"}}]}},"_links":{"self":[{"href":"https:\/\/sprayboothmanufacturer.com\/fr\/wp-json\/wp\/v2\/product\/3302","targetHints":{"allow":["GET"]}}],"collection":[{"href":"https:\/\/sprayboothmanufacturer.com\/fr\/wp-json\/wp\/v2\/product"}],"about":[{"href":"https:\/\/sprayboothmanufacturer.com\/fr\/wp-json\/wp\/v2\/types\/product"}],"replies":[{"embeddable":true,"href":"https:\/\/sprayboothmanufacturer.com\/fr\/wp-json\/wp\/v2\/comments?post=3302"}],"version-history":[{"count":1,"href":"https:\/\/sprayboothmanufacturer.com\/fr\/wp-json\/wp\/v2\/product\/3302\/revisions"}],"predecessor-version":[{"id":3303,"href":"https:\/\/sprayboothmanufacturer.com\/fr\/wp-json\/wp\/v2\/product\/3302\/revisions\/3303"}],"wp:featuredmedia":[{"embeddable":true,"href":"https:\/\/sprayboothmanufacturer.com\/fr\/wp-json\/wp\/v2\/media\/2827"}],"wp:attachment":[{"href":"https:\/\/sprayboothmanufacturer.com\/fr\/wp-json\/wp\/v2\/media?parent=3302"}],"wp:term":[{"taxonomy":"product_brand","embeddable":true,"href":"https:\/\/sprayboothmanufacturer.com\/fr\/wp-json\/wp\/v2\/product_brand?post=3302"},{"taxonomy":"product_cat","embeddable":true,"href":"https:\/\/sprayboothmanufacturer.com\/fr\/wp-json\/wp\/v2\/product_cat?post=3302"},{"taxonomy":"product_tag","embeddable":true,"href":"https:\/\/sprayboothmanufacturer.com\/fr\/wp-json\/wp\/v2\/product_tag?post=3302"}],"curies":[{"name":"wp","href":"https:\/\/api.w.org\/{rel}","templated":true}]}}