{"id":3300,"date":"2026-02-09T03:16:31","date_gmt":"2026-02-09T03:16:31","guid":{"rendered":"https:\/\/sprayboothmanufacturer.com\/?post_type=product&#038;p=3300"},"modified":"2026-02-09T03:16:31","modified_gmt":"2026-02-09T03:16:31","slug":"7m-luxury-diesel-heating-spray-booth","status":"publish","type":"product","link":"https:\/\/sprayboothmanufacturer.com\/fr\/product\/7m-luxury-diesel-heating-spray-booth\/","title":{"rendered":"Cabine de pulv\u00e9risation chauff\u00e9e au diesel de luxe de 7m | Syst\u00e8me de peinture automobile robuste | \u00c9quipement d'atelier industriel"},"content":{"rendered":"<table style=\"height: 275px;\" width=\"769\">\n<tbody>\n<tr>\n<td width=\"142\"><strong><b>Quantit\u00e9 minimale de commande :<\/b><\/strong><\/td>\n<td width=\"142\">1 pi\u00e8ce<\/td>\n<td width=\"142\"><strong><b>Prix :<\/b><\/strong><\/td>\n<td width=\"142\">\u00c0 n\u00e9gocier<\/td>\n<\/tr>\n<tr>\n<td width=\"142\"><strong><b>D\u00e9tails de l'emballage :<\/b><\/strong><\/td>\n<td width=\"142\">40GP ou 20GP\/unit\u00e9<\/td>\n<td width=\"142\"><strong><b>D\u00e9lai de livraison :<\/b><\/strong><\/td>\n<td width=\"142\">15 jours \u00e0 n\u00e9gocier<\/td>\n<\/tr>\n<tr>\n<td width=\"142\"><strong><b>Conditions de paiement :<\/b><\/strong><\/td>\n<td width=\"142\">L\/C, T\/T<\/td>\n<td width=\"142\"><strong><b>Capacit\u00e9 d'approvisionnement :<\/b><\/strong><\/td>\n<td width=\"142\">50 unit\u00e9(s) par mois, cabine de pulv\u00e9risation industrielle, cabine de pulv\u00e9risation bus<\/td>\n<\/tr>\n<tr>\n<td width=\"142\"><strong><b>Lieu d'origine :<\/b><\/strong><\/td>\n<td width=\"142\">Jiangsu, Chine<\/td>\n<td width=\"142\"><strong><b>Nom de la marque :<\/b><\/strong><\/td>\n<td width=\"142\">Autoke<\/td>\n<\/tr>\n<tr>\n<td width=\"142\"><strong><b>Certification :<\/b><\/strong><\/td>\n<td width=\"142\">CE<\/td>\n<td width=\"142\"><strong><b>Num\u00e9ro de mod\u00e8le :<\/b><\/strong><\/td>\n<td width=\"142\"><strong>ATK-7M-LUX-DSL<\/strong><\/td>\n<\/tr>\n<\/tbody>\n<\/table>\n<p class=\"ds-markdown-paragraph\">Le\u00a0<strong>Cabine de pulv\u00e9risation de luxe Autoke 7m Diesel chauffage<\/strong>\u00a0est con\u00e7ue pour les ateliers et centres de collision qui n\u00e9cessitent une solution de peinture puissante, fiable et durable dans des zones o\u00f9 le chauffage \u00e9lectrique peut \u00eatre moins optimal ou pour des applications exigeant une performance robuste. Dot\u00e9e d\u2019un br\u00fbleur diesel \u00e0 haute efficacit\u00e9 et d\u2019une construction renforc\u00e9e avec des \u00e9l\u00e9ments en acier inoxydable, cette cabine est con\u00e7ue pour fournir des r\u00e9sultats constants et de haute qualit\u00e9 dans des environnements professionnels difficiles.<\/p>\n<p class=\"ds-markdown-paragraph\"><strong>Caract\u00e9ristiques principales :<\/strong><\/p>\n<ul>\n<li>\n<p class=\"ds-markdown-paragraph\"><strong>Syst\u00e8me de chauffage diesel \u00e0 haute efficacit\u00e9 :<\/strong>\u00a0\u00c9quip\u00e9e d\u2019un br\u00fbleur diesel fiable RIELLO G20, assurant un chauffage rapide jusqu\u2019\u00e0 40\u00b0C en 5-8 minutes et une temp\u00e9rature de cuisson maximale de 80\u00b0C, id\u00e9al pour une cuisson uniforme dans diverses conditions d\u2019utilisation.<\/p>\n<\/li>\n<li>\n<p class=\"ds-markdown-paragraph\"><strong>Construction sup\u00e9rieure et durable :<\/strong>\u00a0Comprend des panneaux muraux avec une couche ext\u00e9rieure en acier inoxydable pour une meilleure protection contre la rouille et une long\u00e9vit\u00e9 accrue, combin\u00e9e \u00e0 un noyau isol\u00e9 ignifuge de 5 cm pour la s\u00e9curit\u00e9 et la stabilit\u00e9 de la temp\u00e9rature.<\/p>\n<\/li>\n<li>\n<p class=\"ds-markdown-paragraph\"><strong>Syst\u00e8me de ventilation \u00e0 haute capacit\u00e9 :<\/strong>\u00a0Une installation puissante avec 2x4KW de ventilateurs centrifuges \u00e0 double aspiration (30 000 m\u00b3\/h d\u2019admission totale) et un ventilateur d\u2019\u00e9chappement de 5,5KW (19 000 m\u00b3\/h) garantit un \u00e9change d\u2019air exceptionnel, l\u2019\u00e9vacuation des fum\u00e9es et un environnement de peinture propre.<\/p>\n<\/li>\n<li>\n<p class=\"ds-markdown-paragraph\"><strong>Syst\u00e8me de contr\u00f4le intelligent :<\/strong>\u00a0Panneau de contr\u00f4le centralis\u00e9 pour une gestion facile de l\u2019\u00e9clairage, du pulv\u00e9risateur, des cycles de cuisson, de la temp\u00e9rature, du minuteur et des fonctions d\u2019arr\u00eat d\u2019urgence.<\/p>\n<\/li>\n<li>\n<p class=\"ds-markdown-paragraph\"><strong>Filtration avanc\u00e9e en trois \u00e9tapes :<\/strong>\u00a0Filtration compl\u00e8te avec filtre primaire, filtre de plafond haute efficacit\u00e9 (&gt;98%) et filtres multicouches au sol pour assurer une finition sans poussi\u00e8re.<\/p>\n<\/li>\n<li>\n<p class=\"ds-markdown-paragraph\"><strong>\u00c9clairage LED professionnel :<\/strong>\u00a024 luminaires LED de 18W au plafond combin\u00e9s \u00e0 des \u00e9clairages LED sur les murs lat\u00e9raux offrent un \u00e9clairage de travail lumineux, sans ombres et \u00e9conome en \u00e9nergie.<\/p>\n<\/li>\n<\/ul>\n<p class=\"ds-markdown-paragraph\"><strong>Caract\u00e9ristiques techniques :<\/strong><\/p>\n<ul>\n<li>\n<p class=\"ds-markdown-paragraph\">Dimensions ext\u00e9rieures : 7000 (L) x 4000 (l) x 3350 (H) mm<\/p>\n<\/li>\n<li>\n<p class=\"ds-markdown-paragraph\">Dimensions de fonctionnement int\u00e9rieur : 6900 (L) x 3900 (l) x 2650 (H) mm<\/p>\n<\/li>\n<li>\n<p class=\"ds-markdown-paragraph\">Tension \/ Fr\u00e9quence : 220V \/ 380V, 50Hz<\/p>\n<\/li>\n<li>\n<p class=\"ds-markdown-paragraph\">Puissance totale (mod\u00e8le de chauffage diesel) : 15 KW (composants \u00e9lectriques)<\/p>\n<\/li>\n<li>\n<p class=\"ds-markdown-paragraph\">Carburant de chauffage : Diesel<\/p>\n<\/li>\n<li>\n<p class=\"ds-markdown-paragraph\">Exp\u00e9dition : environ 19 CBM, compatible avec un conteneur 20GP<\/p>\n<\/li>\n<li>\n<p class=\"ds-markdown-paragraph\">Couleurs standard : Rouge, Bleu, Blanc, Gris, Orange, etc.<\/p>\n<\/li>\n<\/ul>\n<p class=\"ds-markdown-paragraph\"><strong>Remarque sur le prix :<\/strong><br \/>\nLe prix indiqu\u00e9 est pour la configuration standard. Le prix final peut varier en fonction des exigences sp\u00e9cifiques du client, des besoins de conformit\u00e9 locale ou des accessoires optionnels. Veuillez consulter notre \u00e9quipe commerciale technique pour un devis d\u00e9taill\u00e9 adapt\u00e9 \u00e0 votre projet.<\/p>","protected":false},"excerpt":{"rendered":"<p>La cabine de pulv\u00e9risation de luxe Autoke 7m Diesel offre une solution de peinture puissante et fiable pour les ateliers professionnels. Avec son syst\u00e8me de chauffage diesel efficace, sa construction robuste renforc\u00e9e en acier inoxydable et sa ventilation \u00e0 haute capacit\u00e9, elle est con\u00e7ue pour la durabilit\u00e9 et des performances constantes dans les applications de r\u00e9paration et de finition automobile commerciale.<\/p>","protected":false},"featured_media":2830,"comment_status":"open","ping_status":"closed","template":"","meta":[],"product_brand":[76],"product_cat":[60,59],"product_tag":[79,73,91,93,63,72,67,69,71,84],"class_list":{"0":"post-3300","1":"product","2":"type-product","3":"status-publish","4":"has-post-thumbnail","6":"product_brand-autoke","7":"product_cat-car-spray-booth","8":"product_cat-spray-booth","9":"product_tag-automotive-spray-booth","10":"product_tag-automotive-spray-booth-manufacturer","11":"product_tag-bus-paint-baking-oven","12":"product_tag-bus-spray-booth-baking-system","13":"product_tag-car-spray-booth","14":"product_tag-car-spray-booth-factory","15":"product_tag-car-spray-booth-manufacturing","16":"product_tag-ce-car-spray-booth","17":"product_tag-competitive-price-spray-booths","18":"product_tag-industrial-coating","20":"first","21":"instock","22":"shipping-taxable","23":"product-type-simple"},"yoast_head":"<!-- This site is optimized with the Yoast SEO plugin v27.4 - https:\/\/yoast.com\/product\/yoast-seo-wordpress\/ -->\n<title>7m Luxury Diesel Heating Spray Booth | Heavy-Duty Automotive Painting System | Industrial Workshop Equipment - Autoke-China Paint Booth Manufacturer<\/title>\n<meta name=\"robots\" content=\"index, follow, max-snippet:-1, max-image-preview:large, max-video-preview:-1\" \/>\n<link rel=\"canonical\" href=\"https:\/\/sprayboothmanufacturer.com\/fr\/product\/7m-luxury-diesel-heating-spray-booth\/\" \/>\n<meta property=\"og:locale\" content=\"fr_FR\" \/>\n<meta property=\"og:type\" content=\"article\" \/>\n<meta property=\"og:title\" content=\"7m Luxury Diesel Heating Spray Booth | Heavy-Duty Automotive Painting System | Industrial Workshop Equipment - Autoke-China Paint Booth Manufacturer\" \/>\n<meta property=\"og:description\" content=\"The Autoke 7m Luxury Diesel Spray Booth offers a powerful and dependable painting solution for professional workshops. With its efficient diesel heating system, robust stainless-steel-reinforced construction, and high-capacity ventilation, it is designed for durability and consistent performance in commercial automotive repair and refinishing applications.\" \/>\n<meta property=\"og:url\" content=\"https:\/\/sprayboothmanufacturer.com\/fr\/product\/7m-luxury-diesel-heating-spray-booth\/\" \/>\n<meta property=\"og:site_name\" content=\"Autoke-China Paint Booth Manufacturer\" \/>\n<meta property=\"og:image\" content=\"https:\/\/sprayboothmanufacturer.com\/wp-content\/uploads\/2026\/01\/9401768716608_.pic_.jpg\" \/>\n\t<meta property=\"og:image:width\" content=\"850\" \/>\n\t<meta property=\"og:image:height\" content=\"850\" \/>\n\t<meta property=\"og:image:type\" content=\"image\/jpeg\" \/>\n<meta name=\"twitter:card\" content=\"summary_large_image\" \/>\n<meta name=\"twitter:label1\" content=\"Dur\u00e9e de lecture estim\u00e9e\" \/>\n\t<meta name=\"twitter:data1\" content=\"2 minutes\" \/>\n<script type=\"application\/ld+json\" class=\"yoast-schema-graph\">{\"@context\":\"https:\\\/\\\/schema.org\",\"@graph\":[{\"@type\":\"WebPage\",\"@id\":\"https:\\\/\\\/sprayboothmanufacturer.com\\\/product\\\/7m-luxury-diesel-heating-spray-booth\\\/\",\"url\":\"https:\\\/\\\/sprayboothmanufacturer.com\\\/product\\\/7m-luxury-diesel-heating-spray-booth\\\/\",\"name\":\"7m Luxury Diesel Heating Spray Booth | Heavy-Duty Automotive Painting System | Industrial Workshop Equipment - Autoke-China Paint Booth Manufacturer\",\"isPartOf\":{\"@id\":\"https:\\\/\\\/sprayboothmanufacturer.com\\\/#website\"},\"primaryImageOfPage\":{\"@id\":\"https:\\\/\\\/sprayboothmanufacturer.com\\\/product\\\/7m-luxury-diesel-heating-spray-booth\\\/#primaryimage\"},\"image\":{\"@id\":\"https:\\\/\\\/sprayboothmanufacturer.com\\\/product\\\/7m-luxury-diesel-heating-spray-booth\\\/#primaryimage\"},\"thumbnailUrl\":\"https:\\\/\\\/sprayboothmanufacturer.com\\\/wp-content\\\/uploads\\\/2026\\\/01\\\/9401768716608_.pic_.jpg\",\"datePublished\":\"2026-02-09T03:16:31+00:00\",\"breadcrumb\":{\"@id\":\"https:\\\/\\\/sprayboothmanufacturer.com\\\/product\\\/7m-luxury-diesel-heating-spray-booth\\\/#breadcrumb\"},\"inLanguage\":\"fr-FR\",\"potentialAction\":[{\"@type\":\"ReadAction\",\"target\":[\"https:\\\/\\\/sprayboothmanufacturer.com\\\/product\\\/7m-luxury-diesel-heating-spray-booth\\\/\"]}]},{\"@type\":\"ImageObject\",\"inLanguage\":\"fr-FR\",\"@id\":\"https:\\\/\\\/sprayboothmanufacturer.com\\\/product\\\/7m-luxury-diesel-heating-spray-booth\\\/#primaryimage\",\"url\":\"https:\\\/\\\/sprayboothmanufacturer.com\\\/wp-content\\\/uploads\\\/2026\\\/01\\\/9401768716608_.pic_.jpg\",\"contentUrl\":\"https:\\\/\\\/sprayboothmanufacturer.com\\\/wp-content\\\/uploads\\\/2026\\\/01\\\/9401768716608_.pic_.jpg\",\"width\":850,\"height\":850},{\"@type\":\"BreadcrumbList\",\"@id\":\"https:\\\/\\\/sprayboothmanufacturer.com\\\/product\\\/7m-luxury-diesel-heating-spray-booth\\\/#breadcrumb\",\"itemListElement\":[{\"@type\":\"ListItem\",\"position\":1,\"name\":\"Home\",\"item\":\"https:\\\/\\\/sprayboothmanufacturer.com\\\/\"},{\"@type\":\"ListItem\",\"position\":2,\"name\":\"\u4ea7\u54c1\",\"item\":\"https:\\\/\\\/sprayboothmanufacturer.com\\\/shop__trashed\\\/\"},{\"@type\":\"ListItem\",\"position\":3,\"name\":\"7m Luxury Diesel Heating Spray Booth | Heavy-Duty Automotive Painting System | Industrial Workshop Equipment\"}]},{\"@type\":\"WebSite\",\"@id\":\"https:\\\/\\\/sprayboothmanufacturer.com\\\/#website\",\"url\":\"https:\\\/\\\/sprayboothmanufacturer.com\\\/\",\"name\":\"Autoke-China Paint Booth Manufacturer\",\"description\":\"\",\"publisher\":{\"@id\":\"https:\\\/\\\/sprayboothmanufacturer.com\\\/#organization\"},\"potentialAction\":[{\"@type\":\"SearchAction\",\"target\":{\"@type\":\"EntryPoint\",\"urlTemplate\":\"https:\\\/\\\/sprayboothmanufacturer.com\\\/?s={search_term_string}\"},\"query-input\":{\"@type\":\"PropertyValueSpecification\",\"valueRequired\":true,\"valueName\":\"search_term_string\"}}],\"inLanguage\":\"fr-FR\"},{\"@type\":\"Organization\",\"@id\":\"https:\\\/\\\/sprayboothmanufacturer.com\\\/#organization\",\"name\":\"Autoke-China Paint Booth Manufacturer\",\"url\":\"https:\\\/\\\/sprayboothmanufacturer.com\\\/\",\"logo\":{\"@type\":\"ImageObject\",\"inLanguage\":\"fr-FR\",\"@id\":\"https:\\\/\\\/sprayboothmanufacturer.com\\\/#\\\/schema\\\/logo\\\/image\\\/\",\"url\":\"https:\\\/\\\/sprayboothmanufacturer.com\\\/wp-content\\\/uploads\\\/2025\\\/12\\\/\u5fae\u4fe1\u56fe\u7247_20260113195103_1750_4-scaled-e1768394147958.png\",\"contentUrl\":\"https:\\\/\\\/sprayboothmanufacturer.com\\\/wp-content\\\/uploads\\\/2025\\\/12\\\/\u5fae\u4fe1\u56fe\u7247_20260113195103_1750_4-scaled-e1768394147958.png\",\"width\":1740,\"height\":538,\"caption\":\"Autoke-China Paint Booth Manufacturer\"},\"image\":{\"@id\":\"https:\\\/\\\/sprayboothmanufacturer.com\\\/#\\\/schema\\\/logo\\\/image\\\/\"}}]}<\/script>\n<!-- \/ Yoast SEO plugin. -->","yoast_head_json":{"title":"Cabine de pulv\u00e9risation de chauffage diesel de luxe 7m | Syst\u00e8me de peinture automobile lourd | \u00c9quipement d'atelier industriel - Fabricant de cabines de peinture Autoke-France","robots":{"index":"index","follow":"follow","max-snippet":"max-snippet:-1","max-image-preview":"max-image-preview:large","max-video-preview":"max-video-preview:-1"},"canonical":"https:\/\/sprayboothmanufacturer.com\/fr\/product\/7m-luxury-diesel-heating-spray-booth\/","og_locale":"fr_FR","og_type":"article","og_title":"7m Luxury Diesel Heating Spray Booth | Heavy-Duty Automotive Painting System | Industrial Workshop Equipment - Autoke-China Paint Booth Manufacturer","og_description":"The Autoke 7m Luxury Diesel Spray Booth offers a powerful and dependable painting solution for professional workshops. With its efficient diesel heating system, robust stainless-steel-reinforced construction, and high-capacity ventilation, it is designed for durability and consistent performance in commercial automotive repair and refinishing applications.","og_url":"https:\/\/sprayboothmanufacturer.com\/fr\/product\/7m-luxury-diesel-heating-spray-booth\/","og_site_name":"Autoke-China Paint Booth Manufacturer","og_image":[{"width":850,"height":850,"url":"https:\/\/sprayboothmanufacturer.com\/wp-content\/uploads\/2026\/01\/9401768716608_.pic_.jpg","type":"image\/jpeg"}],"twitter_card":"summary_large_image","twitter_misc":{"Dur\u00e9e de lecture estim\u00e9e":"2 minutes"},"schema":{"@context":"https:\/\/schema.org","@graph":[{"@type":"WebPage","@id":"https:\/\/sprayboothmanufacturer.com\/product\/7m-luxury-diesel-heating-spray-booth\/","url":"https:\/\/sprayboothmanufacturer.com\/product\/7m-luxury-diesel-heating-spray-booth\/","name":"Cabine de pulv\u00e9risation de chauffage diesel de luxe 7m | Syst\u00e8me de peinture automobile lourd | \u00c9quipement d'atelier industriel - Fabricant de cabines de peinture Autoke-France","isPartOf":{"@id":"https:\/\/sprayboothmanufacturer.com\/#website"},"primaryImageOfPage":{"@id":"https:\/\/sprayboothmanufacturer.com\/product\/7m-luxury-diesel-heating-spray-booth\/#primaryimage"},"image":{"@id":"https:\/\/sprayboothmanufacturer.com\/product\/7m-luxury-diesel-heating-spray-booth\/#primaryimage"},"thumbnailUrl":"https:\/\/sprayboothmanufacturer.com\/wp-content\/uploads\/2026\/01\/9401768716608_.pic_.jpg","datePublished":"2026-02-09T03:16:31+00:00","breadcrumb":{"@id":"https:\/\/sprayboothmanufacturer.com\/product\/7m-luxury-diesel-heating-spray-booth\/#breadcrumb"},"inLanguage":"fr-FR","potentialAction":[{"@type":"ReadAction","target":["https:\/\/sprayboothmanufacturer.com\/product\/7m-luxury-diesel-heating-spray-booth\/"]}]},{"@type":"ImageObject","inLanguage":"fr-FR","@id":"https:\/\/sprayboothmanufacturer.com\/product\/7m-luxury-diesel-heating-spray-booth\/#primaryimage","url":"https:\/\/sprayboothmanufacturer.com\/wp-content\/uploads\/2026\/01\/9401768716608_.pic_.jpg","contentUrl":"https:\/\/sprayboothmanufacturer.com\/wp-content\/uploads\/2026\/01\/9401768716608_.pic_.jpg","width":850,"height":850},{"@type":"BreadcrumbList","@id":"https:\/\/sprayboothmanufacturer.com\/product\/7m-luxury-diesel-heating-spray-booth\/#breadcrumb","itemListElement":[{"@type":"ListItem","position":1,"name":"Home","item":"https:\/\/sprayboothmanufacturer.com\/"},{"@type":"ListItem","position":2,"name":"\u4ea7\u54c1","item":"https:\/\/sprayboothmanufacturer.com\/shop__trashed\/"},{"@type":"ListItem","position":3,"name":"7m Luxury Diesel Heating Spray Booth | Heavy-Duty Automotive Painting System | Industrial Workshop Equipment"}]},{"@type":"WebSite","@id":"https:\/\/sprayboothmanufacturer.com\/#website","url":"https:\/\/sprayboothmanufacturer.com\/","name":"Fabricant de cabines de peinture Autoke-Chine","description":"","publisher":{"@id":"https:\/\/sprayboothmanufacturer.com\/#organization"},"potentialAction":[{"@type":"SearchAction","target":{"@type":"EntryPoint","urlTemplate":"https:\/\/sprayboothmanufacturer.com\/?s={search_term_string}"},"query-input":{"@type":"PropertyValueSpecification","valueRequired":true,"valueName":"search_term_string"}}],"inLanguage":"fr-FR"},{"@type":"Organization","@id":"https:\/\/sprayboothmanufacturer.com\/#organization","name":"Fabricant de cabines de peinture Autoke-Chine","url":"https:\/\/sprayboothmanufacturer.com\/","logo":{"@type":"ImageObject","inLanguage":"fr-FR","@id":"https:\/\/sprayboothmanufacturer.com\/#\/schema\/logo\/image\/","url":"https:\/\/sprayboothmanufacturer.com\/wp-content\/uploads\/2025\/12\/\u5fae\u4fe1\u56fe\u7247_20260113195103_1750_4-scaled-e1768394147958.png","contentUrl":"https:\/\/sprayboothmanufacturer.com\/wp-content\/uploads\/2025\/12\/\u5fae\u4fe1\u56fe\u7247_20260113195103_1750_4-scaled-e1768394147958.png","width":1740,"height":538,"caption":"Autoke-China Paint Booth Manufacturer"},"image":{"@id":"https:\/\/sprayboothmanufacturer.com\/#\/schema\/logo\/image\/"}}]}},"_links":{"self":[{"href":"https:\/\/sprayboothmanufacturer.com\/fr\/wp-json\/wp\/v2\/product\/3300","targetHints":{"allow":["GET"]}}],"collection":[{"href":"https:\/\/sprayboothmanufacturer.com\/fr\/wp-json\/wp\/v2\/product"}],"about":[{"href":"https:\/\/sprayboothmanufacturer.com\/fr\/wp-json\/wp\/v2\/types\/product"}],"replies":[{"embeddable":true,"href":"https:\/\/sprayboothmanufacturer.com\/fr\/wp-json\/wp\/v2\/comments?post=3300"}],"version-history":[{"count":1,"href":"https:\/\/sprayboothmanufacturer.com\/fr\/wp-json\/wp\/v2\/product\/3300\/revisions"}],"predecessor-version":[{"id":3301,"href":"https:\/\/sprayboothmanufacturer.com\/fr\/wp-json\/wp\/v2\/product\/3300\/revisions\/3301"}],"wp:featuredmedia":[{"embeddable":true,"href":"https:\/\/sprayboothmanufacturer.com\/fr\/wp-json\/wp\/v2\/media\/2830"}],"wp:attachment":[{"href":"https:\/\/sprayboothmanufacturer.com\/fr\/wp-json\/wp\/v2\/media?parent=3300"}],"wp:term":[{"taxonomy":"product_brand","embeddable":true,"href":"https:\/\/sprayboothmanufacturer.com\/fr\/wp-json\/wp\/v2\/product_brand?post=3300"},{"taxonomy":"product_cat","embeddable":true,"href":"https:\/\/sprayboothmanufacturer.com\/fr\/wp-json\/wp\/v2\/product_cat?post=3300"},{"taxonomy":"product_tag","embeddable":true,"href":"https:\/\/sprayboothmanufacturer.com\/fr\/wp-json\/wp\/v2\/product_tag?post=3300"}],"curies":[{"name":"wp","href":"https:\/\/api.w.org\/{rel}","templated":true}]}}