{"id":3290,"date":"2026-02-07T05:19:13","date_gmt":"2026-02-07T05:19:13","guid":{"rendered":"https:\/\/sprayboothmanufacturer.com\/?post_type=product&#038;p=3290"},"modified":"2026-02-07T05:19:13","modified_gmt":"2026-02-07T05:19:13","slug":"7m-luxury-diesel-spray-booth-2","status":"publish","type":"product","link":"https:\/\/sprayboothmanufacturer.com\/fr\/product\/7m-luxury-diesel-spray-booth-2\/","title":{"rendered":"ATK-7000-DH-PRO Cabine de pulv\u00e9risation de luxe diesel de 7 m | \u00c9quipement professionnel de r\u00e9paration automobile et de peinture | Solution de chauffage efficace de qualit\u00e9 industrielle | Personnalisable | Directement de l'usine"},"content":{"rendered":"<table style=\"height: 214px;\" width=\"781\">\n<tbody>\n<tr>\n<td width=\"142\"><strong><b>Quantit\u00e9 minimale de commande :<\/b><\/strong><\/td>\n<td width=\"142\">1 pi\u00e8ce<\/td>\n<td width=\"142\"><strong><b>Prix :<\/b><\/strong><\/td>\n<td width=\"142\">\u00c0 n\u00e9gocier<\/td>\n<\/tr>\n<tr>\n<td width=\"142\"><strong><b>D\u00e9tails de l'emballage :<\/b><\/strong><\/td>\n<td width=\"142\">40GP ou 20GP\/unit\u00e9<\/td>\n<td width=\"142\"><strong><b>D\u00e9lai de livraison :<\/b><\/strong><\/td>\n<td width=\"142\">15 jours \u00e0 n\u00e9gocier<\/td>\n<\/tr>\n<tr>\n<td width=\"142\"><strong><b>Conditions de paiement :<\/b><\/strong><\/td>\n<td width=\"142\">L\/C, T\/T<\/td>\n<td width=\"142\"><strong><b>Capacit\u00e9 d'approvisionnement :<\/b><\/strong><\/td>\n<td width=\"142\">50 unit\u00e9(s) par mois, cabine de pulv\u00e9risation industrielle, cabine de pulv\u00e9risation bus<\/td>\n<\/tr>\n<tr>\n<td width=\"142\"><strong><b>Lieu d'origine :<\/b><\/strong><\/td>\n<td width=\"142\">Jiangsu, Chine<\/td>\n<td width=\"142\"><strong><b>Nom de la marque :<\/b><\/strong><\/td>\n<td width=\"142\">Autoke<\/td>\n<\/tr>\n<tr>\n<td width=\"142\"><strong><b>Certification :<\/b><\/strong><\/td>\n<td width=\"142\">CE<\/td>\n<td width=\"142\"><strong><b>Num\u00e9ro de mod\u00e8le :<\/b><\/strong><\/td>\n<td width=\"142\">ATK-7000-DH-PRO<\/td>\n<\/tr>\n<\/tbody>\n<\/table>\n<p class=\"ds-markdown-paragraph\"><strong>Cabine de pulv\u00e9risation de luxe diesel chauff\u00e9e de 7m ATK-7000-DH-PRO<\/strong><\/p>\n<p class=\"ds-markdown-paragraph\">Ce produit est une cabine de pulv\u00e9risation diesel robuste et haute performance de qualit\u00e9 professionnelle adapt\u00e9e aux centres de r\u00e9paration automobile, aux ateliers de carrosserie professionnels et aux lignes de production de rev\u00eatement industriel. Elle int\u00e8gre un syst\u00e8me de chauffage diesel RIELLO G20 efficace avec une ventilation puissante et une filtration d'air pr\u00e9cise pour offrir une solution de peinture fiable, \u00e9conome en \u00e9nergie et respectueuse de l'environnement, id\u00e9ale pour des op\u00e9rations continues de volume moyen \u00e0 \u00e9lev\u00e9.<\/p>\n<p class=\"ds-markdown-paragraph\"><strong>Caract\u00e9ristiques principales &amp; Avantages :<\/strong><\/p>\n<p class=\"ds-markdown-paragraph\">\ud83d\udd25\u00a0<strong>Syst\u00e8me de chauffage diesel haute efficacit\u00e9<\/strong><\/p>\n<ul>\n<li>\n<p class=\"ds-markdown-paragraph\">\u00c9quip\u00e9e d'un\u00a0<strong>br\u00fbleur diesel RIELLO G20<\/strong>\u00a0pour un chauffage rapide et stable, atteignant\u00a0<strong>40\u00b0C en 5\u20138 minutes<\/strong>\u00a0et une temp\u00e9rature maximale de cuisson de\u00a0<strong>80\u00b0C<\/strong>.<\/p>\n<\/li>\n<li>\n<p class=\"ds-markdown-paragraph\">Convient \u00e0 divers processus de peinture et de durcissement, avec une forte adaptabilit\u00e9 au carburant et des co\u00fbts d'exploitation \u00e9conomiques.<\/p>\n<\/li>\n<\/ul>\n<p class=\"ds-markdown-paragraph\">\ud83d\udca8\u00a0<strong>Ventilation puissante &amp; Flux d'air<\/strong><\/p>\n<ul>\n<li>\n<p class=\"ds-markdown-paragraph\"><strong>Alimentation en air :<\/strong>\u00a02\u00d74KW de ventilateurs centrifuges \u00e0 double admission fournissent un d\u00e9bit d'air total de\u00a0<strong>30 000 m\u00b3\/h<\/strong>, assurant un flux d'air suffisant et uniforme dans la cabine.<\/p>\n<\/li>\n<li>\n<p class=\"ds-markdown-paragraph\"><strong>Syst\u00e8me d'\u00e9chappement :<\/strong>\u00a0Un ventilateur d'\u00e9chappement centrifuge haute efficacit\u00e9 de 1\u00d75,5KW \u00e9limine la brume de peinture et les volatils \u00e0\u00a0<strong>19 000 m\u00b3\/h<\/strong>, maintenant un environnement de travail s\u00fbr.<\/p>\n<\/li>\n<\/ul>\n<p class=\"ds-markdown-paragraph\">\ud83c\udf2b\ufe0f\u00a0<strong>Filtration d'air de pr\u00e9cision \u00e0 trois niveaux<\/strong><\/p>\n<ul>\n<li>\n<p class=\"ds-markdown-paragraph\"><strong>Filtre Principal :<\/strong>\u00a0Capture les particules &gt;10\u03bcm avec une efficacit\u00e9 &gt;90%.<\/p>\n<\/li>\n<li>\n<p class=\"ds-markdown-paragraph\"><strong>Filtre de plafond haute efficacit\u00e9 (Blanc) :<\/strong>\u00a0Filtre les particules &gt;4\u03bcm avec une efficacit\u00e9 &gt;98%, assurant un air entrant propre.<\/p>\n<\/li>\n<li>\n<p class=\"ds-markdown-paragraph\"><strong>Filtre au sol (Bleu) :<\/strong>\u00a0Structure en fibre de verre multicouche avec une efficacit\u00e9 de filtration &gt;90%, collectant efficacement les projections excessives.<\/p>\n<\/li>\n<li>\n<p class=\"ds-markdown-paragraph\">Assure de mani\u00e8re globale un environnement de peinture propre et am\u00e9liore la qualit\u00e9 de finition.<\/p>\n<\/li>\n<\/ul>\n<p class=\"ds-markdown-paragraph\">\ud83c\udfd7\ufe0f\u00a0<strong>Construction de qualit\u00e9 industrielle<\/strong><\/p>\n<ul>\n<li>\n<p class=\"ds-markdown-paragraph\"><strong>Murs :<\/strong>\u00a0Panneaux isolants en acier color\u00e9 double couche r\u00e9sistants au feu (remplis de laine de roche haute densit\u00e9 100kg\/m\u00b3) pour une excellente isolation thermique, insonorisation et r\u00e9sistance au feu.<\/p>\n<\/li>\n<li>\n<p class=\"ds-markdown-paragraph\"><strong>Sol :<\/strong>\u00a0Plateforme sur\u00e9lev\u00e9e de 300mm de haut en t\u00f4les d'acier galvanis\u00e9 avec grilles en acier galvanis\u00e9 et passerelles. Capacit\u00e9 de charge globale\u00a0<strong>\u22655 tonnes<\/strong>\u00a0pour la durabilit\u00e9.<\/p>\n<\/li>\n<li>\n<p class=\"ds-markdown-paragraph\"><strong>Bo\u00eete de ventilation :<\/strong>\u00a0Con\u00e7ue en t\u00f4le galvanis\u00e9e de 1mm avec renforts en tube carr\u00e9 interne et rev\u00eatement en spray externe pour la stabilit\u00e9 structurelle.<\/p>\n<\/li>\n<\/ul>\n<p class=\"ds-markdown-paragraph\">\ud83d\udeaa\u00a0<strong>Portes d'acc\u00e8s large pour une entr\u00e9e\/sortie facile<\/strong><\/p>\n<ul>\n<li>\n<p class=\"ds-markdown-paragraph\">Trois portes frontales d'une largeur totale de\u00a0<strong>3000mm<\/strong>, \u00e9quip\u00e9e de verre r\u00e9sistant \u00e0 haute temp\u00e9rature de 5 mm pour un acc\u00e8s fluide aux v\u00e9hicules et composants de taille moyenne \u00e0 grande.<\/p>\n<\/li>\n<li>\n<p class=\"ds-markdown-paragraph\">Une porte de s\u00e9curit\u00e9 lat\u00e9rale (60\u00d7180cm) est incluse pour un acc\u00e8s rapide du personnel et les op\u00e9rations d'urgence.<\/p>\n<\/li>\n<\/ul>\n<p class=\"ds-markdown-paragraph\">\ud83d\udcdf\u00a0<strong>Syst\u00e8me de contr\u00f4le int\u00e9gr\u00e9 intelligent<\/strong><\/p>\n<ul>\n<li>\n<p class=\"ds-markdown-paragraph\">Int\u00e8gre\u00a0<strong>peinture, cuisson, minuterie, contr\u00f4le de la temp\u00e9rature, \u00e9clairage et arr\u00eat d'urgence<\/strong>\u00a0fonctions.<\/p>\n<\/li>\n<li>\n<p class=\"ds-markdown-paragraph\">Dispose d'une interface claire et intuitive qui prend en charge la gestion standardis\u00e9e des processus, am\u00e9liorant l'efficacit\u00e9 op\u00e9rationnelle et la s\u00e9curit\u00e9.<\/p>\n<\/li>\n<\/ul>\n<p class=\"ds-markdown-paragraph\">\ud83d\udca1\u00a0<strong>Syst\u00e8me d'\u00e9clairage professionnel<\/strong><\/p>\n<ul>\n<li>\n<p class=\"ds-markdown-paragraph\"><strong>Luminaires LED de plafond 24\u00d718W<\/strong>\u00a0(install\u00e9s \u00e0 un angle de 45\u00b0) et\u00a0<strong>8\u00d748W de lumi\u00e8res LED sur les murs lat\u00e9raux<\/strong>\u00a0offrent un \u00e9clairage uniforme, sans ombres, \u00e0 haute luminosit\u00e9 pour une visibilit\u00e9 claire lors des travaux de peinture d\u00e9taill\u00e9e.<\/p>\n<\/li>\n<\/ul>\n<p class=\"ds-markdown-paragraph\"><strong>Caract\u00e9ristiques techniques principales<\/strong><\/p>\n<ul>\n<li>\n<p class=\"ds-markdown-paragraph\">Dimensions ext\u00e9rieures : 7000 \u00d7 4000 \u00d7 3350 mm<\/p>\n<\/li>\n<li>\n<p class=\"ds-markdown-paragraph\">Dimensions internes : 6900 \u00d7 3900 \u00d7 2650 mm<\/p>\n<\/li>\n<li>\n<p class=\"ds-markdown-paragraph\">M\u00e9thode de chauffage : Diesel (RIELLO G20)<\/p>\n<\/li>\n<li>\n<p class=\"ds-markdown-paragraph\">Puissance Totale : 15 KW (Version Chauffage Diesel)<\/p>\n<\/li>\n<li>\n<p class=\"ds-markdown-paragraph\">Tension\/Fr\u00e9quence : 220V \/ 380V, 50Hz<\/p>\n<\/li>\n<li>\n<p class=\"ds-markdown-paragraph\">Volume d'emballage : environ 19 m\u00b3\/set, Poids ~3500 kg<\/p>\n<\/li>\n<li>\n<p class=\"ds-markdown-paragraph\">Recommandation de conteneur : 1 ensemble dans un conteneur 20GP ; 3 ensembles dans un conteneur 40HQ<\/p>\n<\/li>\n<\/ul>\n<p class=\"ds-markdown-paragraph\"><strong>Applications id\u00e9ales<\/strong><\/p>\n<ul>\n<li>\n<p class=\"ds-markdown-paragraph\">Ateliers automobiles 4S, centres de r\u00e9paration complets et centres professionnels de carrosserie et de peinture<\/p>\n<\/li>\n<li>\n<p class=\"ds-markdown-paragraph\">Peinture corporelle pour bus, camions, machines de construction et autres grands v\u00e9hicules<\/p>\n<\/li>\n<li>\n<p class=\"ds-markdown-paragraph\">Rev\u00eatement protecteur et d\u00e9coratif pour structures m\u00e9talliques industrielles et bo\u00eetiers d'\u00e9quipements<\/p>\n<\/li>\n<li>\n<p class=\"ds-markdown-paragraph\">Lignes de production de peinture avec des exigences \u00e9lev\u00e9es en mati\u00e8re d'efficacit\u00e9 de chauffage et de propret\u00e9 environnementale<\/p>\n<\/li>\n<\/ul>\n<p class=\"ds-markdown-paragraph\">Nous proposons une personnalisation flexible en couleur, configurations partielles et modules fonctionnels, et pouvons fournir des services de planification sur site et de guidage \u00e0 l'installation.<\/p>\n<p class=\"ds-markdown-paragraph\"><strong>Contactez notre \u00e9quipe technique pour obtenir une documentation technique d\u00e9taill\u00e9e, des propositions de configuration personnalis\u00e9es et un support de devis personnalis\u00e9.<\/strong><\/p>","protected":false},"excerpt":{"rendered":"<p>L'ATK-7000-DH-PRO est une cabine de pulv\u00e9risation diesel haute performance de 7 m\u00e8tres con\u00e7ue pour la r\u00e9paration automobile, la peinture de carrosserie et les applications de rev\u00eatement industriel. Dot\u00e9e d'un syst\u00e8me de chauffage diesel RIELLO G20 pour un chauffage rapide, d'une filtration efficace \u00e0 trois niveaux et de commandes intelligentes, elle offre un environnement de peinture stable, propre et professionnel.<\/p>","protected":false},"featured_media":2832,"comment_status":"open","ping_status":"closed","template":"","meta":[],"product_brand":[76],"product_cat":[60,59],"product_tag":[79,73,90,91,63,72,69,94,65,84],"class_list":{"0":"post-3290","1":"product","2":"type-product","3":"status-publish","4":"has-post-thumbnail","6":"product_brand-autoke","7":"product_cat-car-spray-booth","8":"product_cat-spray-booth","9":"product_tag-automotive-spray-booth","10":"product_tag-automotive-spray-booth-manufacturer","11":"product_tag-baking-oven-for-truck","12":"product_tag-bus-paint-baking-oven","13":"product_tag-car-spray-booth","14":"product_tag-car-spray-booth-factory","15":"product_tag-ce-car-spray-booth","16":"product_tag-commercial-vehicle-paint-curing-oven","17":"product_tag-efficient-car-spray-booth","18":"product_tag-industrial-coating","20":"first","21":"instock","22":"shipping-taxable","23":"product-type-simple"},"yoast_head":"<!-- This site is optimized with the Yoast SEO plugin v27.4 - https:\/\/yoast.com\/product\/yoast-seo-wordpress\/ -->\n<title>ATK-7000-DH-PRO 7m Luxury Diesel Spray Booth | Professional Automotive Repair Painting Equipment | Industrial-Grade Efficient Heating Solution | Customizable | Factory Direct - Autoke-China Paint Booth Manufacturer<\/title>\n<meta name=\"robots\" content=\"index, follow, max-snippet:-1, max-image-preview:large, max-video-preview:-1\" \/>\n<link rel=\"canonical\" href=\"https:\/\/sprayboothmanufacturer.com\/fr\/product\/7m-luxury-diesel-spray-booth-2\/\" \/>\n<meta property=\"og:locale\" content=\"fr_FR\" \/>\n<meta property=\"og:type\" content=\"article\" \/>\n<meta property=\"og:title\" content=\"ATK-7000-DH-PRO 7m Luxury Diesel Spray Booth | Professional Automotive Repair Painting Equipment | Industrial-Grade Efficient Heating Solution | Customizable | Factory Direct - Autoke-China Paint Booth Manufacturer\" \/>\n<meta property=\"og:description\" content=\"The ATK-7000-DH-PRO is a high-performance 7-meter diesel spray booth designed for automotive repair, body painting, and industrial coating applications. Featuring a RIELLO G20 diesel heating system for fast warm-up, triple-stage efficient filtration, and intelligent controls, it provides a stable, clean, and professional painting environment.\" \/>\n<meta property=\"og:url\" content=\"https:\/\/sprayboothmanufacturer.com\/fr\/product\/7m-luxury-diesel-spray-booth-2\/\" \/>\n<meta property=\"og:site_name\" content=\"Autoke-China Paint Booth Manufacturer\" \/>\n<meta property=\"og:image\" content=\"https:\/\/sprayboothmanufacturer.com\/wp-content\/uploads\/2026\/01\/9381768716604_.pic_.jpg\" \/>\n\t<meta property=\"og:image:width\" content=\"850\" \/>\n\t<meta property=\"og:image:height\" content=\"850\" \/>\n\t<meta property=\"og:image:type\" content=\"image\/jpeg\" \/>\n<meta name=\"twitter:card\" content=\"summary_large_image\" \/>\n<meta name=\"twitter:label1\" content=\"Dur\u00e9e de lecture estim\u00e9e\" \/>\n\t<meta name=\"twitter:data1\" content=\"3 minutes\" \/>\n<script type=\"application\/ld+json\" class=\"yoast-schema-graph\">{\"@context\":\"https:\\\/\\\/schema.org\",\"@graph\":[{\"@type\":\"WebPage\",\"@id\":\"https:\\\/\\\/sprayboothmanufacturer.com\\\/product\\\/7m-luxury-diesel-spray-booth-2\\\/\",\"url\":\"https:\\\/\\\/sprayboothmanufacturer.com\\\/product\\\/7m-luxury-diesel-spray-booth-2\\\/\",\"name\":\"ATK-7000-DH-PRO 7m Luxury Diesel Spray Booth | Professional Automotive Repair Painting Equipment | Industrial-Grade Efficient Heating Solution | Customizable | Factory Direct - Autoke-China Paint Booth Manufacturer\",\"isPartOf\":{\"@id\":\"https:\\\/\\\/sprayboothmanufacturer.com\\\/#website\"},\"primaryImageOfPage\":{\"@id\":\"https:\\\/\\\/sprayboothmanufacturer.com\\\/product\\\/7m-luxury-diesel-spray-booth-2\\\/#primaryimage\"},\"image\":{\"@id\":\"https:\\\/\\\/sprayboothmanufacturer.com\\\/product\\\/7m-luxury-diesel-spray-booth-2\\\/#primaryimage\"},\"thumbnailUrl\":\"https:\\\/\\\/sprayboothmanufacturer.com\\\/wp-content\\\/uploads\\\/2026\\\/01\\\/9381768716604_.pic_.jpg\",\"datePublished\":\"2026-02-07T05:19:13+00:00\",\"breadcrumb\":{\"@id\":\"https:\\\/\\\/sprayboothmanufacturer.com\\\/product\\\/7m-luxury-diesel-spray-booth-2\\\/#breadcrumb\"},\"inLanguage\":\"fr-FR\",\"potentialAction\":[{\"@type\":\"ReadAction\",\"target\":[\"https:\\\/\\\/sprayboothmanufacturer.com\\\/product\\\/7m-luxury-diesel-spray-booth-2\\\/\"]}]},{\"@type\":\"ImageObject\",\"inLanguage\":\"fr-FR\",\"@id\":\"https:\\\/\\\/sprayboothmanufacturer.com\\\/product\\\/7m-luxury-diesel-spray-booth-2\\\/#primaryimage\",\"url\":\"https:\\\/\\\/sprayboothmanufacturer.com\\\/wp-content\\\/uploads\\\/2026\\\/01\\\/9381768716604_.pic_.jpg\",\"contentUrl\":\"https:\\\/\\\/sprayboothmanufacturer.com\\\/wp-content\\\/uploads\\\/2026\\\/01\\\/9381768716604_.pic_.jpg\",\"width\":850,\"height\":850},{\"@type\":\"BreadcrumbList\",\"@id\":\"https:\\\/\\\/sprayboothmanufacturer.com\\\/product\\\/7m-luxury-diesel-spray-booth-2\\\/#breadcrumb\",\"itemListElement\":[{\"@type\":\"ListItem\",\"position\":1,\"name\":\"Home\",\"item\":\"https:\\\/\\\/sprayboothmanufacturer.com\\\/\"},{\"@type\":\"ListItem\",\"position\":2,\"name\":\"\u4ea7\u54c1\",\"item\":\"https:\\\/\\\/sprayboothmanufacturer.com\\\/shop__trashed\\\/\"},{\"@type\":\"ListItem\",\"position\":3,\"name\":\"ATK-7000-DH-PRO 7m Luxury Diesel Spray Booth | Professional Automotive Repair Painting Equipment | Industrial-Grade Efficient Heating Solution | Customizable | Factory Direct\"}]},{\"@type\":\"WebSite\",\"@id\":\"https:\\\/\\\/sprayboothmanufacturer.com\\\/#website\",\"url\":\"https:\\\/\\\/sprayboothmanufacturer.com\\\/\",\"name\":\"Autoke-China Paint Booth Manufacturer\",\"description\":\"\",\"publisher\":{\"@id\":\"https:\\\/\\\/sprayboothmanufacturer.com\\\/#organization\"},\"potentialAction\":[{\"@type\":\"SearchAction\",\"target\":{\"@type\":\"EntryPoint\",\"urlTemplate\":\"https:\\\/\\\/sprayboothmanufacturer.com\\\/?s={search_term_string}\"},\"query-input\":{\"@type\":\"PropertyValueSpecification\",\"valueRequired\":true,\"valueName\":\"search_term_string\"}}],\"inLanguage\":\"fr-FR\"},{\"@type\":\"Organization\",\"@id\":\"https:\\\/\\\/sprayboothmanufacturer.com\\\/#organization\",\"name\":\"Autoke-China Paint Booth Manufacturer\",\"url\":\"https:\\\/\\\/sprayboothmanufacturer.com\\\/\",\"logo\":{\"@type\":\"ImageObject\",\"inLanguage\":\"fr-FR\",\"@id\":\"https:\\\/\\\/sprayboothmanufacturer.com\\\/#\\\/schema\\\/logo\\\/image\\\/\",\"url\":\"https:\\\/\\\/sprayboothmanufacturer.com\\\/wp-content\\\/uploads\\\/2025\\\/12\\\/\u5fae\u4fe1\u56fe\u7247_20260113195103_1750_4-scaled-e1768394147958.png\",\"contentUrl\":\"https:\\\/\\\/sprayboothmanufacturer.com\\\/wp-content\\\/uploads\\\/2025\\\/12\\\/\u5fae\u4fe1\u56fe\u7247_20260113195103_1750_4-scaled-e1768394147958.png\",\"width\":1740,\"height\":538,\"caption\":\"Autoke-China Paint Booth Manufacturer\"},\"image\":{\"@id\":\"https:\\\/\\\/sprayboothmanufacturer.com\\\/#\\\/schema\\\/logo\\\/image\\\/\"}}]}<\/script>\n<!-- \/ Yoast SEO plugin. -->","yoast_head_json":{"title":"ATK-7000-DH-PRO Cabine de pulv\u00e9risation de luxe diesel de 7 m | \u00c9quipement professionnel de r\u00e9paration automobile et de peinture | Solution de chauffage efficace de qualit\u00e9 industrielle | Personnalisable | Direct usine - Fabricant de cabines de peinture Autoke-China","robots":{"index":"index","follow":"follow","max-snippet":"max-snippet:-1","max-image-preview":"max-image-preview:large","max-video-preview":"max-video-preview:-1"},"canonical":"https:\/\/sprayboothmanufacturer.com\/fr\/product\/7m-luxury-diesel-spray-booth-2\/","og_locale":"fr_FR","og_type":"article","og_title":"ATK-7000-DH-PRO 7m Luxury Diesel Spray Booth | Professional Automotive Repair Painting Equipment | Industrial-Grade Efficient Heating Solution | Customizable | Factory Direct - Autoke-China Paint Booth Manufacturer","og_description":"The ATK-7000-DH-PRO is a high-performance 7-meter diesel spray booth designed for automotive repair, body painting, and industrial coating applications. Featuring a RIELLO G20 diesel heating system for fast warm-up, triple-stage efficient filtration, and intelligent controls, it provides a stable, clean, and professional painting environment.","og_url":"https:\/\/sprayboothmanufacturer.com\/fr\/product\/7m-luxury-diesel-spray-booth-2\/","og_site_name":"Autoke-China Paint Booth Manufacturer","og_image":[{"width":850,"height":850,"url":"https:\/\/sprayboothmanufacturer.com\/wp-content\/uploads\/2026\/01\/9381768716604_.pic_.jpg","type":"image\/jpeg"}],"twitter_card":"summary_large_image","twitter_misc":{"Dur\u00e9e de lecture estim\u00e9e":"3 minutes"},"schema":{"@context":"https:\/\/schema.org","@graph":[{"@type":"WebPage","@id":"https:\/\/sprayboothmanufacturer.com\/product\/7m-luxury-diesel-spray-booth-2\/","url":"https:\/\/sprayboothmanufacturer.com\/product\/7m-luxury-diesel-spray-booth-2\/","name":"ATK-7000-DH-PRO Cabine de pulv\u00e9risation de luxe diesel de 7 m | \u00c9quipement professionnel de r\u00e9paration automobile et de peinture | Solution de chauffage efficace de qualit\u00e9 industrielle | Personnalisable | Direct usine - Fabricant de cabines de peinture Autoke-China","isPartOf":{"@id":"https:\/\/sprayboothmanufacturer.com\/#website"},"primaryImageOfPage":{"@id":"https:\/\/sprayboothmanufacturer.com\/product\/7m-luxury-diesel-spray-booth-2\/#primaryimage"},"image":{"@id":"https:\/\/sprayboothmanufacturer.com\/product\/7m-luxury-diesel-spray-booth-2\/#primaryimage"},"thumbnailUrl":"https:\/\/sprayboothmanufacturer.com\/wp-content\/uploads\/2026\/01\/9381768716604_.pic_.jpg","datePublished":"2026-02-07T05:19:13+00:00","breadcrumb":{"@id":"https:\/\/sprayboothmanufacturer.com\/product\/7m-luxury-diesel-spray-booth-2\/#breadcrumb"},"inLanguage":"fr-FR","potentialAction":[{"@type":"ReadAction","target":["https:\/\/sprayboothmanufacturer.com\/product\/7m-luxury-diesel-spray-booth-2\/"]}]},{"@type":"ImageObject","inLanguage":"fr-FR","@id":"https:\/\/sprayboothmanufacturer.com\/product\/7m-luxury-diesel-spray-booth-2\/#primaryimage","url":"https:\/\/sprayboothmanufacturer.com\/wp-content\/uploads\/2026\/01\/9381768716604_.pic_.jpg","contentUrl":"https:\/\/sprayboothmanufacturer.com\/wp-content\/uploads\/2026\/01\/9381768716604_.pic_.jpg","width":850,"height":850},{"@type":"BreadcrumbList","@id":"https:\/\/sprayboothmanufacturer.com\/product\/7m-luxury-diesel-spray-booth-2\/#breadcrumb","itemListElement":[{"@type":"ListItem","position":1,"name":"Home","item":"https:\/\/sprayboothmanufacturer.com\/"},{"@type":"ListItem","position":2,"name":"\u4ea7\u54c1","item":"https:\/\/sprayboothmanufacturer.com\/shop__trashed\/"},{"@type":"ListItem","position":3,"name":"ATK-7000-DH-PRO 7m Luxury Diesel Spray Booth | Professional Automotive Repair Painting Equipment | Industrial-Grade Efficient Heating Solution | Customizable | Factory Direct"}]},{"@type":"WebSite","@id":"https:\/\/sprayboothmanufacturer.com\/#website","url":"https:\/\/sprayboothmanufacturer.com\/","name":"Fabricant de cabines de peinture Autoke-Chine","description":"","publisher":{"@id":"https:\/\/sprayboothmanufacturer.com\/#organization"},"potentialAction":[{"@type":"SearchAction","target":{"@type":"EntryPoint","urlTemplate":"https:\/\/sprayboothmanufacturer.com\/?s={search_term_string}"},"query-input":{"@type":"PropertyValueSpecification","valueRequired":true,"valueName":"search_term_string"}}],"inLanguage":"fr-FR"},{"@type":"Organization","@id":"https:\/\/sprayboothmanufacturer.com\/#organization","name":"Fabricant de cabines de peinture Autoke-Chine","url":"https:\/\/sprayboothmanufacturer.com\/","logo":{"@type":"ImageObject","inLanguage":"fr-FR","@id":"https:\/\/sprayboothmanufacturer.com\/#\/schema\/logo\/image\/","url":"https:\/\/sprayboothmanufacturer.com\/wp-content\/uploads\/2025\/12\/\u5fae\u4fe1\u56fe\u7247_20260113195103_1750_4-scaled-e1768394147958.png","contentUrl":"https:\/\/sprayboothmanufacturer.com\/wp-content\/uploads\/2025\/12\/\u5fae\u4fe1\u56fe\u7247_20260113195103_1750_4-scaled-e1768394147958.png","width":1740,"height":538,"caption":"Autoke-China Paint Booth Manufacturer"},"image":{"@id":"https:\/\/sprayboothmanufacturer.com\/#\/schema\/logo\/image\/"}}]}},"_links":{"self":[{"href":"https:\/\/sprayboothmanufacturer.com\/fr\/wp-json\/wp\/v2\/product\/3290","targetHints":{"allow":["GET"]}}],"collection":[{"href":"https:\/\/sprayboothmanufacturer.com\/fr\/wp-json\/wp\/v2\/product"}],"about":[{"href":"https:\/\/sprayboothmanufacturer.com\/fr\/wp-json\/wp\/v2\/types\/product"}],"replies":[{"embeddable":true,"href":"https:\/\/sprayboothmanufacturer.com\/fr\/wp-json\/wp\/v2\/comments?post=3290"}],"version-history":[{"count":1,"href":"https:\/\/sprayboothmanufacturer.com\/fr\/wp-json\/wp\/v2\/product\/3290\/revisions"}],"predecessor-version":[{"id":3291,"href":"https:\/\/sprayboothmanufacturer.com\/fr\/wp-json\/wp\/v2\/product\/3290\/revisions\/3291"}],"wp:featuredmedia":[{"embeddable":true,"href":"https:\/\/sprayboothmanufacturer.com\/fr\/wp-json\/wp\/v2\/media\/2832"}],"wp:attachment":[{"href":"https:\/\/sprayboothmanufacturer.com\/fr\/wp-json\/wp\/v2\/media?parent=3290"}],"wp:term":[{"taxonomy":"product_brand","embeddable":true,"href":"https:\/\/sprayboothmanufacturer.com\/fr\/wp-json\/wp\/v2\/product_brand?post=3290"},{"taxonomy":"product_cat","embeddable":true,"href":"https:\/\/sprayboothmanufacturer.com\/fr\/wp-json\/wp\/v2\/product_cat?post=3290"},{"taxonomy":"product_tag","embeddable":true,"href":"https:\/\/sprayboothmanufacturer.com\/fr\/wp-json\/wp\/v2\/product_tag?post=3290"}],"curies":[{"name":"wp","href":"https:\/\/api.w.org\/{rel}","templated":true}]}}