{"id":3286,"date":"2026-02-06T03:54:10","date_gmt":"2026-02-06T03:54:10","guid":{"rendered":"https:\/\/sprayboothmanufacturer.com\/?post_type=product&#038;p=3286"},"modified":"2026-02-06T03:54:10","modified_gmt":"2026-02-06T03:54:10","slug":"7m-standard-diesel-spray-booth-2","status":"publish","type":"product","link":"https:\/\/sprayboothmanufacturer.com\/fr\/product\/7m-standard-diesel-spray-booth-2\/","title":{"rendered":"Cabine de pulv\u00e9risation diesel standard 7m ATK-7000-DH-STD | \u00c9quipement professionnel de r\u00e9paration automobile et de peinture | Solution de chauffage industriel \u00e0 haute efficacit\u00e9 | Personnalisable | Fourniture directe d'usine"},"content":{"rendered":"<table style=\"height: 98px;\" width=\"804\">\n<tbody>\n<tr>\n<td width=\"142\"><strong><b>Quantit\u00e9 minimale de commande :<\/b><\/strong><\/td>\n<td width=\"142\">1 pi\u00e8ce<\/td>\n<td width=\"142\"><strong><b>Prix :<\/b><\/strong><\/td>\n<td width=\"142\">\u00c0 n\u00e9gocier<\/td>\n<\/tr>\n<tr>\n<td width=\"142\"><strong><b>D\u00e9tails de l'emballage :<\/b><\/strong><\/td>\n<td width=\"142\">40GP ou 20GP\/unit\u00e9<\/td>\n<td width=\"142\"><strong><b>D\u00e9lai de livraison :<\/b><\/strong><\/td>\n<td width=\"142\">15 jours \u00e0 n\u00e9gocier<\/td>\n<\/tr>\n<tr>\n<td width=\"142\"><strong><b>Conditions de paiement :<\/b><\/strong><\/td>\n<td width=\"142\">L\/C, T\/T<\/td>\n<td width=\"142\"><strong><b>Capacit\u00e9 d'approvisionnement :<\/b><\/strong><\/td>\n<td width=\"142\">50 unit\u00e9(s) par mois, cabine de pulv\u00e9risation industrielle, cabine de pulv\u00e9risation bus<\/td>\n<\/tr>\n<tr>\n<td width=\"142\"><strong><b>Lieu d'origine :<\/b><\/strong><\/td>\n<td width=\"142\">Jiangsu, Chine<\/td>\n<td width=\"142\"><strong><b>Nom de la marque :<\/b><\/strong><\/td>\n<td width=\"142\">Autoke<\/td>\n<\/tr>\n<tr>\n<td width=\"142\"><strong><b>Certification :<\/b><\/strong><\/td>\n<td width=\"142\">CE<\/td>\n<td width=\"142\"><strong><b>Num\u00e9ro de mod\u00e8le :<\/b><\/strong><\/td>\n<td width=\"142\">ATK-7000-DH-STD<\/td>\n<\/tr>\n<\/tbody>\n<\/table>\n<p class=\"ds-markdown-paragraph\"><strong>Cabine de pulv\u00e9risation diesel standard de 7 m ATK-7000-DH-STD<\/strong><\/p>\n<p class=\"ds-markdown-paragraph\">Ce produit est une cabine de pulv\u00e9risation diesel robuste et tr\u00e8s efficace, largement adapt\u00e9e aux ateliers de r\u00e9paration automobile complets, aux centres professionnels de carrosserie et de peinture, ainsi qu'aux diff\u00e9rentes lignes de rev\u00eatement industriel. Utilisant une technologie de chauffage diesel \u00e9prouv\u00e9e, une circulation d'air puissante et un syst\u00e8me de contr\u00f4le intelligent, il garantit une qualit\u00e9 de peinture constante et une stabilit\u00e9 du processus m\u00eame dans des conditions op\u00e9rationnelles exigeantes.<\/p>\n<p class=\"ds-markdown-paragraph\"><strong>Caract\u00e9ristiques principales &amp; Performances :<\/strong><\/p>\n<p class=\"ds-markdown-paragraph\">\ud83d\udd25\u00a0<strong>Syst\u00e8me de chauffage diesel rapide<\/strong><br \/>\n\u00c9quip\u00e9 d\u2019un br\u00fbleur diesel RIELLO G20, chauffant jusqu\u2019\u00e0 40\u00b0C en 5\u20138 minutes avec une temp\u00e9rature de cuisson maximale de 80\u00b0C. Adapt\u00e9 \u00e0 divers processus de peinture et de durcissement \u00e0 temp\u00e9rature moyenne ou basse, offrant une forte adaptabilit\u00e9 au carburant et des co\u00fbts d\u2019exploitation contr\u00f4lables.<\/p>\n<p class=\"ds-markdown-paragraph\">\ud83d\udca8\u00a0<strong>Ventilation efficace &amp; gestion de l\u2019air<\/strong><br \/>\nUtilise 2\u00d74KW de ventilateurs centrifuges \u00e0 double admission fournissant un d\u00e9bit d\u2019air total de 30 000 m\u00b3\/h, associ\u00e9s \u00e0 un ventilateur d\u2019\u00e9chappement d\u00e9di\u00e9 de 5,5KW (19 000 m\u00b3\/h). Assure un flux d\u2019air stable et une \u00e9limination rapide de la brume de peinture dans la cabine, cr\u00e9ant un environnement de travail plus s\u00fbr.<\/p>\n<p class=\"ds-markdown-paragraph\">\ud83c\udf2b\ufe0f\u00a0<strong>Syst\u00e8me de purification de l\u2019air en trois \u00e9tapes<\/strong><br \/>\nInt\u00e8gre un filtre primaire (&gt;10\u03bcm, &gt;90% d\u2019efficacit\u00e9), un filtre de plafond haute efficacit\u00e9 (&gt;4\u03bcm, &gt;98% d\u2019efficacit\u00e9) et un filtre en fibre de verre multicouche (&gt;90% d\u2019efficacit\u00e9) pour capturer efficacement les particules et garantir une finition impeccable.<\/p>\n<p class=\"ds-markdown-paragraph\">\ud83c\udfd7\ufe0f\u00a0<strong>Construction durable de qualit\u00e9 industrielle<\/strong><br \/>\nLes murs sont construits avec des panneaux isolants en acier color\u00e9 double couche r\u00e9sistant au feu, remplis de laine de roche \u00e0 haute densit\u00e9 (100kg\/m\u00b3), offrant une excellente isolation thermique et une r\u00e9sistance au feu. Le sol est une plateforme sur\u00e9lev\u00e9e de 300 mm en t\u00f4les d\u2019acier galvanis\u00e9 avec des grilles en acier galvanis\u00e9 anticorrosion, offrant une capacit\u00e9 de charge totale sup\u00e9rieure \u00e0 5 tonnes.<\/p>\n<p class=\"ds-markdown-paragraph\">\ud83d\udeaa\u00a0<strong>Conception de porte \u00e0 acc\u00e8s large<\/strong><br \/>\nTrois portes frontales d\u2019une largeur totale de 3000 mm, \u00e9quip\u00e9es de verre r\u00e9sistant \u00e0 haute temp\u00e9rature de 5 mm, facilitent l\u2019entr\u00e9e et la sortie fluides pour des v\u00e9hicules et composants de taille moyenne \u00e0 grande, am\u00e9liorant la continuit\u00e9 op\u00e9rationnelle.<\/p>\n<p class=\"ds-markdown-paragraph\">\ud83d\udcdf\u00a0<strong>Contr\u00f4le int\u00e9gr\u00e9 intelligent<\/strong><br \/>\nLe panneau de contr\u00f4le int\u00e8gre les fonctions de peinture, de cuisson, de minuterie, de contr\u00f4le de temp\u00e9rature, d\u2019\u00e9clairage et d\u2019arr\u00eat d\u2019urgence. Il dispose d\u2019une interface claire pour une utilisation simple, favorisant la standardisation des processus et la gestion de la s\u00e9curit\u00e9.<\/p>\n<p class=\"ds-markdown-paragraph\">\ud83d\udca1\u00a0<strong>\u00c9clairage uniforme sur toute la surface<\/strong><br \/>\n24\u00d718W de lumi\u00e8res LED au plafond et 8\u00d748W de lumi\u00e8res auxiliaires sur les murs lat\u00e9raux offrent une illumination sans ombre et \u00e0 haute luminosit\u00e9, garantissant une visibilit\u00e9 claire pour un travail de peinture pr\u00e9cis.<\/p>\n<p class=\"ds-markdown-paragraph\"><strong>Sp\u00e9cifications Techniques Principales :<\/strong><\/p>\n<ul>\n<li>\n<p class=\"ds-markdown-paragraph\">Dimensions ext\u00e9rieures : 7000 \u00d7 4000 \u00d7 3350 mm<\/p>\n<\/li>\n<li>\n<p class=\"ds-markdown-paragraph\">Dimensions internes : 6900 \u00d7 3900 \u00d7 2650 mm<\/p>\n<\/li>\n<li>\n<p class=\"ds-markdown-paragraph\">M\u00e9thode de chauffage : Chauffage au diesel (RIELLO G20)<\/p>\n<\/li>\n<li>\n<p class=\"ds-markdown-paragraph\">Puissance Totale : 15 KW (Version Chauffage Diesel)<\/p>\n<\/li>\n<li>\n<p class=\"ds-markdown-paragraph\">Tension\/Fr\u00e9quence : 220V \/ 380V, 50Hz<\/p>\n<\/li>\n<li>\n<p class=\"ds-markdown-paragraph\">Volume d'emballage : environ 19 m\u00b3\/set, Poids ~3500 kg<\/p>\n<\/li>\n<li>\n<p class=\"ds-markdown-paragraph\">Recommandation de conteneur : 1 ensemble dans un conteneur 20GP ; 3 ensembles dans un conteneur 40HQ<\/p>\n<\/li>\n<\/ul>\n<p class=\"ds-markdown-paragraph\"><strong>Applications typiques :<\/strong><\/p>\n<ul>\n<li>\n<p class=\"ds-markdown-paragraph\">Ateliers automobiles 4S, centres de r\u00e9paration complets et prestataires de services professionnels de carrosserie &amp; peinture<\/p>\n<\/li>\n<li>\n<p class=\"ds-markdown-paragraph\">Peinture corporelle pour bus, camions, machines de construction et autres grands v\u00e9hicules<\/p>\n<\/li>\n<li>\n<p class=\"ds-markdown-paragraph\">Rev\u00eatement protecteur et d\u00e9coratif pour structures m\u00e9talliques et \u00e9quipements industriels<\/p>\n<\/li>\n<li>\n<p class=\"ds-markdown-paragraph\">Lignes de peinture n\u00e9cessitant un chauffage rapide et un fonctionnement \u00e9conomique<\/p>\n<\/li>\n<\/ul>\n<p class=\"ds-markdown-paragraph\">Nous proposons une personnalisation flexible en couleur, configurations partielles et modules fonctionnels, et pouvons fournir des services de planification sur site et de guidage \u00e0 l'installation.<\/p>\n<p class=\"ds-markdown-paragraph\"><strong>Contactez notre \u00e9quipe technique pour une documentation technique d\u00e9taill\u00e9e, des options de configuration et un support commercial exclusif.<\/strong><\/p>","protected":false},"excerpt":{"rendered":"<p>L'ATK-7000-DH-STD est une cabine de pulv\u00e9risation diesel fiable de 7 m\u00e8tres con\u00e7ue pour la r\u00e9paration automobile, la peinture de carrosserie et le rev\u00eatement industriel. \u00c9quip\u00e9e d'un syst\u00e8me de chauffage diesel RIELLO G20 pour un chauffage rapide en 5-8 minutes, combin\u00e9 \u00e0 une ventilation efficace et \u00e0 une filtration en trois \u00e9tapes, elle offre un environnement de peinture stable et propre.<\/p>","protected":false},"featured_media":3159,"comment_status":"open","ping_status":"closed","template":"","meta":[],"product_brand":[76],"product_cat":[60,59],"product_tag":[75,74,79,73,90,91,78,63,69,86,68,70,80],"class_list":{"0":"post-3286","1":"product","2":"type-product","3":"status-publish","4":"has-post-thumbnail","6":"product_brand-autoke","7":"product_cat-car-spray-booth","8":"product_cat-spray-booth","9":"product_tag-8m-diesel-car-paint-booth","10":"product_tag-8m-electric-car-paint-booth","11":"product_tag-automotive-spray-booth","12":"product_tag-automotive-spray-booth-manufacturer","13":"product_tag-baking-oven-for-truck","14":"product_tag-bus-paint-baking-oven","15":"product_tag-bus-spray-booth","16":"product_tag-car-spray-booth","17":"product_tag-ce-car-spray-booth","18":"product_tag-commercial-vehicle-spray-booth","19":"product_tag-customized-car-spray-booth","20":"product_tag-high-quality-spray-booths","21":"product_tag-industrial-paint-booth","23":"first","24":"instock","25":"shipping-taxable","26":"product-type-simple"},"yoast_head":"<!-- This site is optimized with the Yoast SEO plugin v27.4 - https:\/\/yoast.com\/product\/yoast-seo-wordpress\/ -->\n<title>ATK-7000-DH-STD 7m Standard Diesel Spray Booth | Professional Automotive Repair Painting Equipment | Industrial High-Efficiency Heating Solution | Customizable | Factory Direct Supply - Autoke-China Paint Booth Manufacturer<\/title>\n<meta name=\"robots\" content=\"index, follow, max-snippet:-1, max-image-preview:large, max-video-preview:-1\" \/>\n<link rel=\"canonical\" href=\"https:\/\/sprayboothmanufacturer.com\/fr\/product\/7m-standard-diesel-spray-booth-2\/\" \/>\n<meta property=\"og:locale\" content=\"fr_FR\" \/>\n<meta property=\"og:type\" content=\"article\" \/>\n<meta property=\"og:title\" content=\"ATK-7000-DH-STD 7m Standard Diesel Spray Booth | Professional Automotive Repair Painting Equipment | Industrial High-Efficiency Heating Solution | Customizable | Factory Direct Supply - Autoke-China Paint Booth Manufacturer\" \/>\n<meta property=\"og:description\" content=\"The ATK-7000-DH-STD is a reliable 7-meter diesel spray booth designed for automotive repair, body painting, and industrial coating. Equipped with a RIELLO G20 diesel heating system for rapid warm-up within 5-8 minutes, combined with efficient ventilation and three-stage filtration, it provides a stable and clean painting environment.\" \/>\n<meta property=\"og:url\" content=\"https:\/\/sprayboothmanufacturer.com\/fr\/product\/7m-standard-diesel-spray-booth-2\/\" \/>\n<meta property=\"og:site_name\" content=\"Autoke-China Paint Booth Manufacturer\" \/>\n<meta property=\"og:image\" content=\"https:\/\/sprayboothmanufacturer.com\/wp-content\/uploads\/2026\/01\/\u5fae\u4fe1\u56fe\u7247_20251020143008.jpg\" \/>\n\t<meta property=\"og:image:width\" content=\"1080\" \/>\n\t<meta property=\"og:image:height\" content=\"1080\" \/>\n\t<meta property=\"og:image:type\" content=\"image\/jpeg\" \/>\n<meta name=\"twitter:card\" content=\"summary_large_image\" \/>\n<meta name=\"twitter:label1\" content=\"Dur\u00e9e de lecture estim\u00e9e\" \/>\n\t<meta name=\"twitter:data1\" content=\"3 minutes\" \/>\n<script type=\"application\/ld+json\" class=\"yoast-schema-graph\">{\"@context\":\"https:\\\/\\\/schema.org\",\"@graph\":[{\"@type\":\"WebPage\",\"@id\":\"https:\\\/\\\/sprayboothmanufacturer.com\\\/product\\\/7m-standard-diesel-spray-booth-2\\\/\",\"url\":\"https:\\\/\\\/sprayboothmanufacturer.com\\\/product\\\/7m-standard-diesel-spray-booth-2\\\/\",\"name\":\"ATK-7000-DH-STD 7m Standard Diesel Spray Booth | Professional Automotive Repair Painting Equipment | Industrial High-Efficiency Heating Solution | Customizable | Factory Direct Supply - Autoke-China Paint Booth Manufacturer\",\"isPartOf\":{\"@id\":\"https:\\\/\\\/sprayboothmanufacturer.com\\\/#website\"},\"primaryImageOfPage\":{\"@id\":\"https:\\\/\\\/sprayboothmanufacturer.com\\\/product\\\/7m-standard-diesel-spray-booth-2\\\/#primaryimage\"},\"image\":{\"@id\":\"https:\\\/\\\/sprayboothmanufacturer.com\\\/product\\\/7m-standard-diesel-spray-booth-2\\\/#primaryimage\"},\"thumbnailUrl\":\"https:\\\/\\\/sprayboothmanufacturer.com\\\/wp-content\\\/uploads\\\/2026\\\/01\\\/\u5fae\u4fe1\u56fe\u7247_20251020143008.jpg\",\"datePublished\":\"2026-02-06T03:54:10+00:00\",\"breadcrumb\":{\"@id\":\"https:\\\/\\\/sprayboothmanufacturer.com\\\/product\\\/7m-standard-diesel-spray-booth-2\\\/#breadcrumb\"},\"inLanguage\":\"fr-FR\",\"potentialAction\":[{\"@type\":\"ReadAction\",\"target\":[\"https:\\\/\\\/sprayboothmanufacturer.com\\\/product\\\/7m-standard-diesel-spray-booth-2\\\/\"]}]},{\"@type\":\"ImageObject\",\"inLanguage\":\"fr-FR\",\"@id\":\"https:\\\/\\\/sprayboothmanufacturer.com\\\/product\\\/7m-standard-diesel-spray-booth-2\\\/#primaryimage\",\"url\":\"https:\\\/\\\/sprayboothmanufacturer.com\\\/wp-content\\\/uploads\\\/2026\\\/01\\\/\u5fae\u4fe1\u56fe\u7247_20251020143008.jpg\",\"contentUrl\":\"https:\\\/\\\/sprayboothmanufacturer.com\\\/wp-content\\\/uploads\\\/2026\\\/01\\\/\u5fae\u4fe1\u56fe\u7247_20251020143008.jpg\",\"width\":1080,\"height\":1080},{\"@type\":\"BreadcrumbList\",\"@id\":\"https:\\\/\\\/sprayboothmanufacturer.com\\\/product\\\/7m-standard-diesel-spray-booth-2\\\/#breadcrumb\",\"itemListElement\":[{\"@type\":\"ListItem\",\"position\":1,\"name\":\"Home\",\"item\":\"https:\\\/\\\/sprayboothmanufacturer.com\\\/\"},{\"@type\":\"ListItem\",\"position\":2,\"name\":\"\u4ea7\u54c1\",\"item\":\"https:\\\/\\\/sprayboothmanufacturer.com\\\/shop__trashed\\\/\"},{\"@type\":\"ListItem\",\"position\":3,\"name\":\"ATK-7000-DH-STD 7m Standard Diesel Spray Booth | Professional Automotive Repair Painting Equipment | Industrial High-Efficiency Heating Solution | Customizable | Factory Direct Supply\"}]},{\"@type\":\"WebSite\",\"@id\":\"https:\\\/\\\/sprayboothmanufacturer.com\\\/#website\",\"url\":\"https:\\\/\\\/sprayboothmanufacturer.com\\\/\",\"name\":\"Autoke-China Paint Booth Manufacturer\",\"description\":\"\",\"publisher\":{\"@id\":\"https:\\\/\\\/sprayboothmanufacturer.com\\\/#organization\"},\"potentialAction\":[{\"@type\":\"SearchAction\",\"target\":{\"@type\":\"EntryPoint\",\"urlTemplate\":\"https:\\\/\\\/sprayboothmanufacturer.com\\\/?s={search_term_string}\"},\"query-input\":{\"@type\":\"PropertyValueSpecification\",\"valueRequired\":true,\"valueName\":\"search_term_string\"}}],\"inLanguage\":\"fr-FR\"},{\"@type\":\"Organization\",\"@id\":\"https:\\\/\\\/sprayboothmanufacturer.com\\\/#organization\",\"name\":\"Autoke-China Paint Booth Manufacturer\",\"url\":\"https:\\\/\\\/sprayboothmanufacturer.com\\\/\",\"logo\":{\"@type\":\"ImageObject\",\"inLanguage\":\"fr-FR\",\"@id\":\"https:\\\/\\\/sprayboothmanufacturer.com\\\/#\\\/schema\\\/logo\\\/image\\\/\",\"url\":\"https:\\\/\\\/sprayboothmanufacturer.com\\\/wp-content\\\/uploads\\\/2025\\\/12\\\/\u5fae\u4fe1\u56fe\u7247_20260113195103_1750_4-scaled-e1768394147958.png\",\"contentUrl\":\"https:\\\/\\\/sprayboothmanufacturer.com\\\/wp-content\\\/uploads\\\/2025\\\/12\\\/\u5fae\u4fe1\u56fe\u7247_20260113195103_1750_4-scaled-e1768394147958.png\",\"width\":1740,\"height\":538,\"caption\":\"Autoke-China Paint Booth Manufacturer\"},\"image\":{\"@id\":\"https:\\\/\\\/sprayboothmanufacturer.com\\\/#\\\/schema\\\/logo\\\/image\\\/\"}}]}<\/script>\n<!-- \/ Yoast SEO plugin. -->","yoast_head_json":{"title":"ATK-7000-DH-STD Cabine de pulv\u00e9risation diesel standard de 7 m | \u00c9quipement professionnel de r\u00e9paration automobile et de peinture | Solution de chauffage industriel \u00e0 haute efficacit\u00e9 | Personnalisable | Fourniture directe d'usine - Fabricant de cabines de peinture Autoke-China","robots":{"index":"index","follow":"follow","max-snippet":"max-snippet:-1","max-image-preview":"max-image-preview:large","max-video-preview":"max-video-preview:-1"},"canonical":"https:\/\/sprayboothmanufacturer.com\/fr\/product\/7m-standard-diesel-spray-booth-2\/","og_locale":"fr_FR","og_type":"article","og_title":"ATK-7000-DH-STD 7m Standard Diesel Spray Booth | Professional Automotive Repair Painting Equipment | Industrial High-Efficiency Heating Solution | Customizable | Factory Direct Supply - Autoke-China Paint Booth Manufacturer","og_description":"The ATK-7000-DH-STD is a reliable 7-meter diesel spray booth designed for automotive repair, body painting, and industrial coating. Equipped with a RIELLO G20 diesel heating system for rapid warm-up within 5-8 minutes, combined with efficient ventilation and three-stage filtration, it provides a stable and clean painting environment.","og_url":"https:\/\/sprayboothmanufacturer.com\/fr\/product\/7m-standard-diesel-spray-booth-2\/","og_site_name":"Autoke-China Paint Booth Manufacturer","og_image":[{"width":1080,"height":1080,"url":"https:\/\/sprayboothmanufacturer.com\/wp-content\/uploads\/2026\/01\/\u5fae\u4fe1\u56fe\u7247_20251020143008.jpg","type":"image\/jpeg"}],"twitter_card":"summary_large_image","twitter_misc":{"Dur\u00e9e de lecture estim\u00e9e":"3 minutes"},"schema":{"@context":"https:\/\/schema.org","@graph":[{"@type":"WebPage","@id":"https:\/\/sprayboothmanufacturer.com\/product\/7m-standard-diesel-spray-booth-2\/","url":"https:\/\/sprayboothmanufacturer.com\/product\/7m-standard-diesel-spray-booth-2\/","name":"ATK-7000-DH-STD Cabine de pulv\u00e9risation diesel standard de 7 m | \u00c9quipement professionnel de r\u00e9paration automobile et de peinture | Solution de chauffage industriel \u00e0 haute efficacit\u00e9 | Personnalisable | Fourniture directe d'usine - Fabricant de cabines de peinture Autoke-China","isPartOf":{"@id":"https:\/\/sprayboothmanufacturer.com\/#website"},"primaryImageOfPage":{"@id":"https:\/\/sprayboothmanufacturer.com\/product\/7m-standard-diesel-spray-booth-2\/#primaryimage"},"image":{"@id":"https:\/\/sprayboothmanufacturer.com\/product\/7m-standard-diesel-spray-booth-2\/#primaryimage"},"thumbnailUrl":"https:\/\/sprayboothmanufacturer.com\/wp-content\/uploads\/2026\/01\/\u5fae\u4fe1\u56fe\u7247_20251020143008.jpg","datePublished":"2026-02-06T03:54:10+00:00","breadcrumb":{"@id":"https:\/\/sprayboothmanufacturer.com\/product\/7m-standard-diesel-spray-booth-2\/#breadcrumb"},"inLanguage":"fr-FR","potentialAction":[{"@type":"ReadAction","target":["https:\/\/sprayboothmanufacturer.com\/product\/7m-standard-diesel-spray-booth-2\/"]}]},{"@type":"ImageObject","inLanguage":"fr-FR","@id":"https:\/\/sprayboothmanufacturer.com\/product\/7m-standard-diesel-spray-booth-2\/#primaryimage","url":"https:\/\/sprayboothmanufacturer.com\/wp-content\/uploads\/2026\/01\/\u5fae\u4fe1\u56fe\u7247_20251020143008.jpg","contentUrl":"https:\/\/sprayboothmanufacturer.com\/wp-content\/uploads\/2026\/01\/\u5fae\u4fe1\u56fe\u7247_20251020143008.jpg","width":1080,"height":1080},{"@type":"BreadcrumbList","@id":"https:\/\/sprayboothmanufacturer.com\/product\/7m-standard-diesel-spray-booth-2\/#breadcrumb","itemListElement":[{"@type":"ListItem","position":1,"name":"Home","item":"https:\/\/sprayboothmanufacturer.com\/"},{"@type":"ListItem","position":2,"name":"\u4ea7\u54c1","item":"https:\/\/sprayboothmanufacturer.com\/shop__trashed\/"},{"@type":"ListItem","position":3,"name":"ATK-7000-DH-STD 7m Standard Diesel Spray Booth | Professional Automotive Repair Painting Equipment | Industrial High-Efficiency Heating Solution | Customizable | Factory Direct Supply"}]},{"@type":"WebSite","@id":"https:\/\/sprayboothmanufacturer.com\/#website","url":"https:\/\/sprayboothmanufacturer.com\/","name":"Fabricant de cabines de peinture Autoke-Chine","description":"","publisher":{"@id":"https:\/\/sprayboothmanufacturer.com\/#organization"},"potentialAction":[{"@type":"SearchAction","target":{"@type":"EntryPoint","urlTemplate":"https:\/\/sprayboothmanufacturer.com\/?s={search_term_string}"},"query-input":{"@type":"PropertyValueSpecification","valueRequired":true,"valueName":"search_term_string"}}],"inLanguage":"fr-FR"},{"@type":"Organization","@id":"https:\/\/sprayboothmanufacturer.com\/#organization","name":"Fabricant de cabines de peinture Autoke-Chine","url":"https:\/\/sprayboothmanufacturer.com\/","logo":{"@type":"ImageObject","inLanguage":"fr-FR","@id":"https:\/\/sprayboothmanufacturer.com\/#\/schema\/logo\/image\/","url":"https:\/\/sprayboothmanufacturer.com\/wp-content\/uploads\/2025\/12\/\u5fae\u4fe1\u56fe\u7247_20260113195103_1750_4-scaled-e1768394147958.png","contentUrl":"https:\/\/sprayboothmanufacturer.com\/wp-content\/uploads\/2025\/12\/\u5fae\u4fe1\u56fe\u7247_20260113195103_1750_4-scaled-e1768394147958.png","width":1740,"height":538,"caption":"Autoke-China Paint Booth Manufacturer"},"image":{"@id":"https:\/\/sprayboothmanufacturer.com\/#\/schema\/logo\/image\/"}}]}},"_links":{"self":[{"href":"https:\/\/sprayboothmanufacturer.com\/fr\/wp-json\/wp\/v2\/product\/3286","targetHints":{"allow":["GET"]}}],"collection":[{"href":"https:\/\/sprayboothmanufacturer.com\/fr\/wp-json\/wp\/v2\/product"}],"about":[{"href":"https:\/\/sprayboothmanufacturer.com\/fr\/wp-json\/wp\/v2\/types\/product"}],"replies":[{"embeddable":true,"href":"https:\/\/sprayboothmanufacturer.com\/fr\/wp-json\/wp\/v2\/comments?post=3286"}],"version-history":[{"count":1,"href":"https:\/\/sprayboothmanufacturer.com\/fr\/wp-json\/wp\/v2\/product\/3286\/revisions"}],"predecessor-version":[{"id":3287,"href":"https:\/\/sprayboothmanufacturer.com\/fr\/wp-json\/wp\/v2\/product\/3286\/revisions\/3287"}],"wp:featuredmedia":[{"embeddable":true,"href":"https:\/\/sprayboothmanufacturer.com\/fr\/wp-json\/wp\/v2\/media\/3159"}],"wp:attachment":[{"href":"https:\/\/sprayboothmanufacturer.com\/fr\/wp-json\/wp\/v2\/media?parent=3286"}],"wp:term":[{"taxonomy":"product_brand","embeddable":true,"href":"https:\/\/sprayboothmanufacturer.com\/fr\/wp-json\/wp\/v2\/product_brand?post=3286"},{"taxonomy":"product_cat","embeddable":true,"href":"https:\/\/sprayboothmanufacturer.com\/fr\/wp-json\/wp\/v2\/product_cat?post=3286"},{"taxonomy":"product_tag","embeddable":true,"href":"https:\/\/sprayboothmanufacturer.com\/fr\/wp-json\/wp\/v2\/product_tag?post=3286"}],"curies":[{"name":"wp","href":"https:\/\/api.w.org\/{rel}","templated":true}]}}