{"id":3284,"date":"2026-02-06T03:35:31","date_gmt":"2026-02-06T03:35:31","guid":{"rendered":"https:\/\/sprayboothmanufacturer.com\/?post_type=product&#038;p=3284"},"modified":"2026-02-06T03:35:31","modified_gmt":"2026-02-06T03:35:31","slug":"7m-standard-electric-spray-booth","status":"publish","type":"product","link":"https:\/\/sprayboothmanufacturer.com\/fr\/product\/7m-standard-electric-spray-booth\/","title":{"rendered":"Cabine de pulv\u00e9risation \u00e9lectrique standard 7m ATK-7000-EH-STD | \u00c9quipement de peinture \u00e0 haute efficacit\u00e9 et \u00e9cologique | Solution industrielle pour la r\u00e9paration automobile | Personnalisable | Fourniture directe d'usine"},"content":{"rendered":"<table style=\"height: 140px;\" width=\"816\">\n<tbody>\n<tr>\n<td width=\"142\"><strong><b>Quantit\u00e9 minimale de commande :<\/b><\/strong><\/td>\n<td width=\"142\">1 pi\u00e8ce<\/td>\n<td width=\"142\"><strong><b>Prix :<\/b><\/strong><\/td>\n<td width=\"142\">\u00c0 n\u00e9gocier<\/td>\n<\/tr>\n<tr>\n<td width=\"142\"><strong><b>D\u00e9tails de l'emballage :<\/b><\/strong><\/td>\n<td width=\"142\">40GP ou 20GP\/unit\u00e9<\/td>\n<td width=\"142\"><strong><b>D\u00e9lai de livraison :<\/b><\/strong><\/td>\n<td width=\"142\">15 jours \u00e0 n\u00e9gocier<\/td>\n<\/tr>\n<tr>\n<td width=\"142\"><strong><b>Conditions de paiement :<\/b><\/strong><\/td>\n<td width=\"142\">L\/C, T\/T<\/td>\n<td width=\"142\"><strong><b>Capacit\u00e9 d'approvisionnement :<\/b><\/strong><\/td>\n<td width=\"142\">50 unit\u00e9(s) par mois, cabine de pulv\u00e9risation industrielle, cabine de pulv\u00e9risation bus<\/td>\n<\/tr>\n<tr>\n<td width=\"142\"><strong><b>Lieu d'origine :<\/b><\/strong><\/td>\n<td width=\"142\">Jiangsu, Chine<\/td>\n<td width=\"142\"><strong><b>Nom de la marque :<\/b><\/strong><\/td>\n<td width=\"142\">Autoke<\/td>\n<\/tr>\n<tr>\n<td width=\"142\"><strong><b>Certification :<\/b><\/strong><\/td>\n<td width=\"142\">CE<\/td>\n<td width=\"142\"><strong><b>Num\u00e9ro de mod\u00e8le :<\/b><\/strong><\/td>\n<td width=\"142\">ATK-7000-EH-STD<\/td>\n<\/tr>\n<\/tbody>\n<\/table>\n<p class=\"ds-markdown-paragraph\"><strong>Cabine de pulv\u00e9risation \u00e9lectrique chauff\u00e9e standard de 7m ATK-7000-EH-STD<\/strong><\/p>\n<p class=\"ds-markdown-paragraph\">Ce produit est une cabine de pulv\u00e9risation \u00e9lectrique standard bien \u00e9quilibr\u00e9e, stable et fiable, adapt\u00e9e \u00e0 divers ateliers de r\u00e9paration automobile, stations de carrosserie et de peinture professionnelles, ainsi qu'aux lignes de rev\u00eatement industriel. Utilisant un chauffage \u00e9lectrique propre, une ventilation puissante et un syst\u00e8me de filtration haute efficacit\u00e9, elle garantit une qualit\u00e9 de peinture sup\u00e9rieure tout en offrant un espace de travail propre, un contr\u00f4le pr\u00e9cis de la temp\u00e9rature et un fonctionnement intelligent \u2014 un choix id\u00e9al pour des applications de peinture de moyenne \u00e0 haute gamme.<\/p>\n<p class=\"ds-markdown-paragraph\"><strong>Avantages principaux :<\/strong><\/p>\n<p class=\"ds-markdown-paragraph\">\u2705\u00a0<strong>Syst\u00e8me de chauffage \u00e9lectrique haute efficacit\u00e9<\/strong><br \/>\n\u00c9quip\u00e9e de 10 ensembles de lampes infrarouges halog\u00e8nes de cuisson avec une puissance totale de 30KW. Chauffe jusqu'\u00e0 40\u00b0C en 5\u20138 minutes, avec une temp\u00e9rature maximale de cuisson de 80\u00b0C. Absence de fum\u00e9es de combustion, ce qui la rend \u00e9cologique et propre \u2014 id\u00e9ale pour les ateliers int\u00e9rieurs avec des exigences strictes en mati\u00e8re de qualit\u00e9 de l'air.<\/p>\n<p class=\"ds-markdown-paragraph\">\u2705\u00a0<strong>Ventilation puissante &amp; Contr\u00f4le du flux d'air<\/strong><br \/>\nDot\u00e9e de 2\u00d74KW de ventilateurs centrifuges \u00e0 double admission fournissant un d\u00e9bit d'air total de 30 000 m\u00b3\/h, associ\u00e9s \u00e0 un ventilateur d'extraction haute efficacit\u00e9 de 5,5KW (19 000 m\u00b3\/h). Cr\u00e9e un flux d'air descendant stable pour assurer une \u00e9limination rapide de la brume de peinture, am\u00e9liorant la s\u00e9curit\u00e9 de l'op\u00e9rateur et la qualit\u00e9 de finition.<\/p>\n<p class=\"ds-markdown-paragraph\">\u2705\u00a0<strong>Syst\u00e8me de filtration de pr\u00e9cision \u00e0 trois niveaux<\/strong><br \/>\nComprend un filtre primaire (&gt;10\u03bcm, efficacit\u00e9 &gt;90%), un filtre de plafond haute efficacit\u00e9 (&gt;4\u03bcm, efficacit\u00e9 &gt;98%) et un filtre en fibre de verre multicouche (&gt;90%). La purification multicouche garantit un espace de peinture propre.<\/p>\n<p class=\"ds-markdown-paragraph\">\u2705\u00a0<strong>Construction robuste et durable<\/strong><br \/>\nLes murs sont construits avec des panneaux isolants en acier peint double couche r\u00e9sistants au feu, remplis de laine de roche \u00e0 haute densit\u00e9 (100kg\/m\u00b3) pour l'isolation thermique et acoustique. Le sol est une plateforme sur\u00e9lev\u00e9e de 300 mm en t\u00f4les d'acier galvanis\u00e9 avec des grilles en acier galvanis\u00e9 anticorrosion, supportant plus de 5 tonnes pour une utilisation industrielle intensive.<\/p>\n<p class=\"ds-markdown-paragraph\">\u2705\u00a0<strong>Panneau de contr\u00f4le int\u00e9gr\u00e9 intelligent<\/strong><br \/>\nUne interface de contr\u00f4le unifi\u00e9e int\u00e8gre la peinture, la cuisson, la minuterie, la r\u00e9gulation de la temp\u00e9rature, l'\u00e9clairage et la fonction d'arr\u00eat d'urgence. Une op\u00e9ration conviviale favorise la standardisation des processus, am\u00e9liorant l'efficacit\u00e9 et la s\u00e9curit\u00e9.<\/p>\n<p class=\"ds-markdown-paragraph\">\u2705\u00a0<strong>Configuration d'\u00e9clairage professionnelle<\/strong><br \/>\n24\u00d718W de lumi\u00e8res LED au plafond (install\u00e9es \u00e0 un angle de 45\u00b0) et 8\u00d748W de lumi\u00e8res auxiliaires sur les murs lat\u00e9raux offrent une illumination uniforme sans ombres pour une visibilit\u00e9 claire lors des travaux de peinture d\u00e9taill\u00e9e.<\/p>\n<p class=\"ds-markdown-paragraph\"><strong>Sp\u00e9cifications Techniques Principales :<\/strong><\/p>\n<ul>\n<li>\n<p class=\"ds-markdown-paragraph\">Dimensions ext\u00e9rieures : 7000 \u00d7 4000 \u00d7 3350 mm<\/p>\n<\/li>\n<li>\n<p class=\"ds-markdown-paragraph\">Dimensions internes : 6900 \u00d7 3900 \u00d7 2650 mm<\/p>\n<\/li>\n<li>\n<p class=\"ds-markdown-paragraph\">M\u00e9thode de chauffage : Chauffage \u00e9lectrique (lampes infrarouges)<\/p>\n<\/li>\n<li>\n<p class=\"ds-markdown-paragraph\">Puissance de chauffage : 30 KW<\/p>\n<\/li>\n<li>\n<p class=\"ds-markdown-paragraph\">Puissance totale : 38 KW<\/p>\n<\/li>\n<li>\n<p class=\"ds-markdown-paragraph\">Tension\/Fr\u00e9quence : 220V \/ 380V, 50Hz<\/p>\n<\/li>\n<li>\n<p class=\"ds-markdown-paragraph\">Volume d'emballage : environ 19 m\u00b3\/set, Poids ~3500 kg<\/p>\n<\/li>\n<li>\n<p class=\"ds-markdown-paragraph\">Recommandation de conteneur : 1 ensemble \/ conteneur 20GP, 3 ensembles \/ conteneur 40HQ<\/p>\n<\/li>\n<\/ul>\n<p class=\"ds-markdown-paragraph\"><strong>Applications id\u00e9ales :<\/strong><\/p>\n<ul>\n<li>\n<p class=\"ds-markdown-paragraph\">Ateliers de r\u00e9paration automobile 4S, centres de r\u00e9paration complets et ateliers de carrosserie &amp; peinture<\/p>\n<\/li>\n<li>\n<p class=\"ds-markdown-paragraph\">Peinture pour carrosseries de bus, camions et machines de construction<\/p>\n<\/li>\n<li>\n<p class=\"ds-markdown-paragraph\">Lignes de rev\u00eatement pour produits m\u00e9talliques et \u00e9quipements industriels<\/p>\n<\/li>\n<li>\n<p class=\"ds-markdown-paragraph\">Ateliers de peinture professionnels n\u00e9cessitant une haute propret\u00e9 environnementale et une pr\u00e9cision de contr\u00f4le de la temp\u00e9rature<\/p>\n<\/li>\n<\/ul>\n<p class=\"ds-markdown-paragraph\">Nous soutenons la personnalisation en couleur, configuration et structure partielle pour fournir des solutions mieux adapt\u00e9es \u00e0 vos besoins de production.<\/p>\n<p class=\"ds-markdown-paragraph\"><strong>Contactez notre \u00e9quipe technique pour des documents techniques d\u00e9taill\u00e9s, des options de configuration et un devis personnalis\u00e9.<\/strong><\/p>","protected":false},"excerpt":{"rendered":"<p>L'ATK-7000-EH-STD est une cabine de pulv\u00e9risation \u00e9lectrique standard de 7 m\u00e8tres con\u00e7ue pour la r\u00e9paration automobile, la peinture de carrosserie et les applications de rev\u00eatement industriel. Dot\u00e9e d'un syst\u00e8me de chauffage par lampes infrarouges efficaces de 30KW pour un chauffage rapide en 5-8 minutes, d'une filtration \u00e0 trois niveaux de pr\u00e9cision et d'un contr\u00f4le intelligent, elle offre un environnement de peinture professionnel propre, stable et \u00e9conome en \u00e9nergie.<\/p>","protected":false},"featured_media":3173,"comment_status":"open","ping_status":"closed","template":"","meta":[],"product_brand":[76],"product_cat":[60,59],"product_tag":[75,74,79,73,89,91,93,63,72,86,71,68,64,70],"class_list":{"0":"post-3284","1":"product","2":"type-product","3":"status-publish","4":"has-post-thumbnail","6":"product_brand-autoke","7":"product_cat-car-spray-booth","8":"product_cat-spray-booth","9":"product_tag-8m-diesel-car-paint-booth","10":"product_tag-8m-electric-car-paint-booth","11":"product_tag-automotive-spray-booth","12":"product_tag-automotive-spray-booth-manufacturer","13":"product_tag-baking-oven-for-bus","14":"product_tag-bus-paint-baking-oven","15":"product_tag-bus-spray-booth-baking-system","16":"product_tag-car-spray-booth","17":"product_tag-car-spray-booth-factory","18":"product_tag-commercial-vehicle-spray-booth","19":"product_tag-competitive-price-spray-booths","20":"product_tag-customized-car-spray-booth","21":"product_tag-environmentally-friendly-car-spray-booth","22":"product_tag-high-quality-spray-booths","24":"first","25":"instock","26":"shipping-taxable","27":"product-type-simple"},"yoast_head":"<!-- This site is optimized with the Yoast SEO plugin v27.4 - https:\/\/yoast.com\/product\/yoast-seo-wordpress\/ -->\n<title>ATK-7000-EH-STD 7m Standard Electric Spray Booth | High-Efficiency &amp; Eco-Friendly Painting Equipment | Industrial-Grade Solution for Auto Repair | Customizable | Factory Direct Supply - Autoke-China Paint Booth Manufacturer<\/title>\n<meta name=\"robots\" content=\"index, follow, max-snippet:-1, max-image-preview:large, max-video-preview:-1\" \/>\n<link rel=\"canonical\" href=\"https:\/\/sprayboothmanufacturer.com\/fr\/product\/7m-standard-electric-spray-booth\/\" \/>\n<meta property=\"og:locale\" content=\"fr_FR\" \/>\n<meta property=\"og:type\" content=\"article\" \/>\n<meta property=\"og:title\" content=\"ATK-7000-EH-STD 7m Standard Electric Spray Booth | High-Efficiency &amp; Eco-Friendly Painting Equipment | Industrial-Grade Solution for Auto Repair | Customizable | Factory Direct Supply - Autoke-China Paint Booth Manufacturer\" \/>\n<meta property=\"og:description\" content=\"The ATK-7000-EH-STD is a 7-meter standard electric spray booth designed for automotive repair, bodywork painting, and industrial coating applications. Featuring a 30KW efficient infrared lamp heating system for rapid warm-up within 5-8 minutes, triple-stage precision filtration, and intelligent control, it provides a clean, stable, and energy-saving professional painting environment.\" \/>\n<meta property=\"og:url\" content=\"https:\/\/sprayboothmanufacturer.com\/fr\/product\/7m-standard-electric-spray-booth\/\" \/>\n<meta property=\"og:site_name\" content=\"Autoke-China Paint Booth Manufacturer\" \/>\n<meta property=\"og:image\" content=\"https:\/\/sprayboothmanufacturer.com\/wp-content\/uploads\/2026\/02\/3.png\" \/>\n\t<meta property=\"og:image:width\" content=\"800\" \/>\n\t<meta property=\"og:image:height\" content=\"800\" \/>\n\t<meta property=\"og:image:type\" content=\"image\/png\" \/>\n<meta name=\"twitter:card\" content=\"summary_large_image\" \/>\n<meta name=\"twitter:label1\" content=\"Dur\u00e9e de lecture estim\u00e9e\" \/>\n\t<meta name=\"twitter:data1\" content=\"3 minutes\" \/>\n<script type=\"application\/ld+json\" class=\"yoast-schema-graph\">{\"@context\":\"https:\\\/\\\/schema.org\",\"@graph\":[{\"@type\":\"WebPage\",\"@id\":\"https:\\\/\\\/sprayboothmanufacturer.com\\\/product\\\/7m-standard-electric-spray-booth\\\/\",\"url\":\"https:\\\/\\\/sprayboothmanufacturer.com\\\/product\\\/7m-standard-electric-spray-booth\\\/\",\"name\":\"ATK-7000-EH-STD 7m Standard Electric Spray Booth | High-Efficiency & Eco-Friendly Painting Equipment | Industrial-Grade Solution for Auto Repair | Customizable | Factory Direct Supply - Autoke-China Paint Booth Manufacturer\",\"isPartOf\":{\"@id\":\"https:\\\/\\\/sprayboothmanufacturer.com\\\/#website\"},\"primaryImageOfPage\":{\"@id\":\"https:\\\/\\\/sprayboothmanufacturer.com\\\/product\\\/7m-standard-electric-spray-booth\\\/#primaryimage\"},\"image\":{\"@id\":\"https:\\\/\\\/sprayboothmanufacturer.com\\\/product\\\/7m-standard-electric-spray-booth\\\/#primaryimage\"},\"thumbnailUrl\":\"https:\\\/\\\/sprayboothmanufacturer.com\\\/wp-content\\\/uploads\\\/2026\\\/02\\\/3.png\",\"datePublished\":\"2026-02-06T03:35:31+00:00\",\"breadcrumb\":{\"@id\":\"https:\\\/\\\/sprayboothmanufacturer.com\\\/product\\\/7m-standard-electric-spray-booth\\\/#breadcrumb\"},\"inLanguage\":\"fr-FR\",\"potentialAction\":[{\"@type\":\"ReadAction\",\"target\":[\"https:\\\/\\\/sprayboothmanufacturer.com\\\/product\\\/7m-standard-electric-spray-booth\\\/\"]}]},{\"@type\":\"ImageObject\",\"inLanguage\":\"fr-FR\",\"@id\":\"https:\\\/\\\/sprayboothmanufacturer.com\\\/product\\\/7m-standard-electric-spray-booth\\\/#primaryimage\",\"url\":\"https:\\\/\\\/sprayboothmanufacturer.com\\\/wp-content\\\/uploads\\\/2026\\\/02\\\/3.png\",\"contentUrl\":\"https:\\\/\\\/sprayboothmanufacturer.com\\\/wp-content\\\/uploads\\\/2026\\\/02\\\/3.png\",\"width\":800,\"height\":800},{\"@type\":\"BreadcrumbList\",\"@id\":\"https:\\\/\\\/sprayboothmanufacturer.com\\\/product\\\/7m-standard-electric-spray-booth\\\/#breadcrumb\",\"itemListElement\":[{\"@type\":\"ListItem\",\"position\":1,\"name\":\"Home\",\"item\":\"https:\\\/\\\/sprayboothmanufacturer.com\\\/\"},{\"@type\":\"ListItem\",\"position\":2,\"name\":\"\u4ea7\u54c1\",\"item\":\"https:\\\/\\\/sprayboothmanufacturer.com\\\/shop__trashed\\\/\"},{\"@type\":\"ListItem\",\"position\":3,\"name\":\"ATK-7000-EH-STD 7m Standard Electric Spray Booth | High-Efficiency &#038; Eco-Friendly Painting Equipment | Industrial-Grade Solution for Auto Repair | Customizable | Factory Direct Supply\"}]},{\"@type\":\"WebSite\",\"@id\":\"https:\\\/\\\/sprayboothmanufacturer.com\\\/#website\",\"url\":\"https:\\\/\\\/sprayboothmanufacturer.com\\\/\",\"name\":\"Autoke-China Paint Booth Manufacturer\",\"description\":\"\",\"publisher\":{\"@id\":\"https:\\\/\\\/sprayboothmanufacturer.com\\\/#organization\"},\"potentialAction\":[{\"@type\":\"SearchAction\",\"target\":{\"@type\":\"EntryPoint\",\"urlTemplate\":\"https:\\\/\\\/sprayboothmanufacturer.com\\\/?s={search_term_string}\"},\"query-input\":{\"@type\":\"PropertyValueSpecification\",\"valueRequired\":true,\"valueName\":\"search_term_string\"}}],\"inLanguage\":\"fr-FR\"},{\"@type\":\"Organization\",\"@id\":\"https:\\\/\\\/sprayboothmanufacturer.com\\\/#organization\",\"name\":\"Autoke-China Paint Booth Manufacturer\",\"url\":\"https:\\\/\\\/sprayboothmanufacturer.com\\\/\",\"logo\":{\"@type\":\"ImageObject\",\"inLanguage\":\"fr-FR\",\"@id\":\"https:\\\/\\\/sprayboothmanufacturer.com\\\/#\\\/schema\\\/logo\\\/image\\\/\",\"url\":\"https:\\\/\\\/sprayboothmanufacturer.com\\\/wp-content\\\/uploads\\\/2025\\\/12\\\/\u5fae\u4fe1\u56fe\u7247_20260113195103_1750_4-scaled-e1768394147958.png\",\"contentUrl\":\"https:\\\/\\\/sprayboothmanufacturer.com\\\/wp-content\\\/uploads\\\/2025\\\/12\\\/\u5fae\u4fe1\u56fe\u7247_20260113195103_1750_4-scaled-e1768394147958.png\",\"width\":1740,\"height\":538,\"caption\":\"Autoke-China Paint Booth Manufacturer\"},\"image\":{\"@id\":\"https:\\\/\\\/sprayboothmanufacturer.com\\\/#\\\/schema\\\/logo\\\/image\\\/\"}}]}<\/script>\n<!-- \/ Yoast SEO plugin. -->","yoast_head_json":{"title":"ATK-7000-EH-STD Cabine de pulv\u00e9risation \u00e9lectrique standard de 7m | \u00c9quipement de peinture \u00e0 haute efficacit\u00e9 et \u00e9cologique | Solution industrielle pour la r\u00e9paration automobile | Personnalisable | Fourniture directe d'usine - Fabricant de cabines de peinture Autoke-China","robots":{"index":"index","follow":"follow","max-snippet":"max-snippet:-1","max-image-preview":"max-image-preview:large","max-video-preview":"max-video-preview:-1"},"canonical":"https:\/\/sprayboothmanufacturer.com\/fr\/product\/7m-standard-electric-spray-booth\/","og_locale":"fr_FR","og_type":"article","og_title":"ATK-7000-EH-STD 7m Standard Electric Spray Booth | High-Efficiency & Eco-Friendly Painting Equipment | Industrial-Grade Solution for Auto Repair | Customizable | Factory Direct Supply - Autoke-China Paint Booth Manufacturer","og_description":"The ATK-7000-EH-STD is a 7-meter standard electric spray booth designed for automotive repair, bodywork painting, and industrial coating applications. Featuring a 30KW efficient infrared lamp heating system for rapid warm-up within 5-8 minutes, triple-stage precision filtration, and intelligent control, it provides a clean, stable, and energy-saving professional painting environment.","og_url":"https:\/\/sprayboothmanufacturer.com\/fr\/product\/7m-standard-electric-spray-booth\/","og_site_name":"Autoke-China Paint Booth Manufacturer","og_image":[{"width":800,"height":800,"url":"https:\/\/sprayboothmanufacturer.com\/wp-content\/uploads\/2026\/02\/3.png","type":"image\/png"}],"twitter_card":"summary_large_image","twitter_misc":{"Dur\u00e9e de lecture estim\u00e9e":"3 minutes"},"schema":{"@context":"https:\/\/schema.org","@graph":[{"@type":"WebPage","@id":"https:\/\/sprayboothmanufacturer.com\/product\/7m-standard-electric-spray-booth\/","url":"https:\/\/sprayboothmanufacturer.com\/product\/7m-standard-electric-spray-booth\/","name":"ATK-7000-EH-STD Cabine de pulv\u00e9risation \u00e9lectrique standard de 7m | \u00c9quipement de peinture \u00e0 haute efficacit\u00e9 et \u00e9cologique | Solution industrielle pour la r\u00e9paration automobile | Personnalisable | Fourniture directe d'usine - Fabricant de cabines de peinture Autoke-China","isPartOf":{"@id":"https:\/\/sprayboothmanufacturer.com\/#website"},"primaryImageOfPage":{"@id":"https:\/\/sprayboothmanufacturer.com\/product\/7m-standard-electric-spray-booth\/#primaryimage"},"image":{"@id":"https:\/\/sprayboothmanufacturer.com\/product\/7m-standard-electric-spray-booth\/#primaryimage"},"thumbnailUrl":"https:\/\/sprayboothmanufacturer.com\/wp-content\/uploads\/2026\/02\/3.png","datePublished":"2026-02-06T03:35:31+00:00","breadcrumb":{"@id":"https:\/\/sprayboothmanufacturer.com\/product\/7m-standard-electric-spray-booth\/#breadcrumb"},"inLanguage":"fr-FR","potentialAction":[{"@type":"ReadAction","target":["https:\/\/sprayboothmanufacturer.com\/product\/7m-standard-electric-spray-booth\/"]}]},{"@type":"ImageObject","inLanguage":"fr-FR","@id":"https:\/\/sprayboothmanufacturer.com\/product\/7m-standard-electric-spray-booth\/#primaryimage","url":"https:\/\/sprayboothmanufacturer.com\/wp-content\/uploads\/2026\/02\/3.png","contentUrl":"https:\/\/sprayboothmanufacturer.com\/wp-content\/uploads\/2026\/02\/3.png","width":800,"height":800},{"@type":"BreadcrumbList","@id":"https:\/\/sprayboothmanufacturer.com\/product\/7m-standard-electric-spray-booth\/#breadcrumb","itemListElement":[{"@type":"ListItem","position":1,"name":"Home","item":"https:\/\/sprayboothmanufacturer.com\/"},{"@type":"ListItem","position":2,"name":"\u4ea7\u54c1","item":"https:\/\/sprayboothmanufacturer.com\/shop__trashed\/"},{"@type":"ListItem","position":3,"name":"ATK-7000-EH-STD 7m Standard Electric Spray Booth | High-Efficiency &#038; Eco-Friendly Painting Equipment | Industrial-Grade Solution for Auto Repair | Customizable | Factory Direct Supply"}]},{"@type":"WebSite","@id":"https:\/\/sprayboothmanufacturer.com\/#website","url":"https:\/\/sprayboothmanufacturer.com\/","name":"Fabricant de cabines de peinture Autoke-Chine","description":"","publisher":{"@id":"https:\/\/sprayboothmanufacturer.com\/#organization"},"potentialAction":[{"@type":"SearchAction","target":{"@type":"EntryPoint","urlTemplate":"https:\/\/sprayboothmanufacturer.com\/?s={search_term_string}"},"query-input":{"@type":"PropertyValueSpecification","valueRequired":true,"valueName":"search_term_string"}}],"inLanguage":"fr-FR"},{"@type":"Organization","@id":"https:\/\/sprayboothmanufacturer.com\/#organization","name":"Fabricant de cabines de peinture Autoke-Chine","url":"https:\/\/sprayboothmanufacturer.com\/","logo":{"@type":"ImageObject","inLanguage":"fr-FR","@id":"https:\/\/sprayboothmanufacturer.com\/#\/schema\/logo\/image\/","url":"https:\/\/sprayboothmanufacturer.com\/wp-content\/uploads\/2025\/12\/\u5fae\u4fe1\u56fe\u7247_20260113195103_1750_4-scaled-e1768394147958.png","contentUrl":"https:\/\/sprayboothmanufacturer.com\/wp-content\/uploads\/2025\/12\/\u5fae\u4fe1\u56fe\u7247_20260113195103_1750_4-scaled-e1768394147958.png","width":1740,"height":538,"caption":"Autoke-China Paint Booth Manufacturer"},"image":{"@id":"https:\/\/sprayboothmanufacturer.com\/#\/schema\/logo\/image\/"}}]}},"_links":{"self":[{"href":"https:\/\/sprayboothmanufacturer.com\/fr\/wp-json\/wp\/v2\/product\/3284","targetHints":{"allow":["GET"]}}],"collection":[{"href":"https:\/\/sprayboothmanufacturer.com\/fr\/wp-json\/wp\/v2\/product"}],"about":[{"href":"https:\/\/sprayboothmanufacturer.com\/fr\/wp-json\/wp\/v2\/types\/product"}],"replies":[{"embeddable":true,"href":"https:\/\/sprayboothmanufacturer.com\/fr\/wp-json\/wp\/v2\/comments?post=3284"}],"version-history":[{"count":1,"href":"https:\/\/sprayboothmanufacturer.com\/fr\/wp-json\/wp\/v2\/product\/3284\/revisions"}],"predecessor-version":[{"id":3285,"href":"https:\/\/sprayboothmanufacturer.com\/fr\/wp-json\/wp\/v2\/product\/3284\/revisions\/3285"}],"wp:featuredmedia":[{"embeddable":true,"href":"https:\/\/sprayboothmanufacturer.com\/fr\/wp-json\/wp\/v2\/media\/3173"}],"wp:attachment":[{"href":"https:\/\/sprayboothmanufacturer.com\/fr\/wp-json\/wp\/v2\/media?parent=3284"}],"wp:term":[{"taxonomy":"product_brand","embeddable":true,"href":"https:\/\/sprayboothmanufacturer.com\/fr\/wp-json\/wp\/v2\/product_brand?post=3284"},{"taxonomy":"product_cat","embeddable":true,"href":"https:\/\/sprayboothmanufacturer.com\/fr\/wp-json\/wp\/v2\/product_cat?post=3284"},{"taxonomy":"product_tag","embeddable":true,"href":"https:\/\/sprayboothmanufacturer.com\/fr\/wp-json\/wp\/v2\/product_tag?post=3284"}],"curies":[{"name":"wp","href":"https:\/\/api.w.org\/{rel}","templated":true}]}}