{"id":3282,"date":"2026-02-06T03:09:49","date_gmt":"2026-02-06T03:09:49","guid":{"rendered":"https:\/\/sprayboothmanufacturer.com\/?post_type=product&#038;p=3282"},"modified":"2026-02-06T03:09:49","modified_gmt":"2026-02-06T03:09:49","slug":"7m-electric-spray-booth-drying-room-combo","status":"publish","type":"product","link":"https:\/\/sprayboothmanufacturer.com\/fr\/product\/7m-electric-spray-booth-drying-room-combo\/","title":{"rendered":"ATK-7000-EH-DR Cabine de pulv\u00e9risation \u00e9lectrique de 7 m &amp; Chambre de s\u00e9chage combin\u00e9e | Solution int\u00e9gr\u00e9e de peinture et de durcissement | Configuration professionnelle pour les ateliers de carrosserie | Personnalisable | Directement de l'usine"},"content":{"rendered":"<table style=\"height: 215px;\" width=\"805\">\n<tbody>\n<tr>\n<td width=\"142\"><strong><b>Quantit\u00e9 minimale de commande :<\/b><\/strong><\/td>\n<td width=\"142\">1 pi\u00e8ce<\/td>\n<td width=\"142\"><strong><b>Prix :<\/b><\/strong><\/td>\n<td width=\"142\">\u00c0 n\u00e9gocier<\/td>\n<\/tr>\n<tr>\n<td width=\"142\"><strong><b>D\u00e9tails de l'emballage :<\/b><\/strong><\/td>\n<td width=\"142\">40GP ou 20GP\/unit\u00e9<\/td>\n<td width=\"142\"><strong><b>D\u00e9lai de livraison :<\/b><\/strong><\/td>\n<td width=\"142\">15 jours \u00e0 n\u00e9gocier<\/td>\n<\/tr>\n<tr>\n<td width=\"142\"><strong><b>Conditions de paiement :<\/b><\/strong><\/td>\n<td width=\"142\">L\/C, T\/T<\/td>\n<td width=\"142\"><strong><b>Capacit\u00e9 d'approvisionnement :<\/b><\/strong><\/td>\n<td width=\"142\">50 unit\u00e9(s) par mois, cabine de pulv\u00e9risation industrielle, cabine de pulv\u00e9risation bus<\/td>\n<\/tr>\n<tr>\n<td width=\"142\"><strong><b>Lieu d'origine :<\/b><\/strong><\/td>\n<td width=\"142\">Jiangsu, Chine<\/td>\n<td width=\"142\"><strong><b>Nom de la marque :<\/b><\/strong><\/td>\n<td width=\"142\">Autoke<\/td>\n<\/tr>\n<tr>\n<td width=\"142\"><strong><b>Certification :<\/b><\/strong><\/td>\n<td width=\"142\">CE<\/td>\n<td width=\"142\"><strong><b>Num\u00e9ro de mod\u00e8le :<\/b><\/strong><\/td>\n<td width=\"142\">ATK-7000-EH-DR<\/td>\n<\/tr>\n<\/tbody>\n<\/table>\n<p class=\"ds-markdown-paragraph\"><strong>ATK-7000-EH-DR Cabine de pulv\u00e9risation \u00e9lectrique de 7 m &amp; Chambre de s\u00e9chage Professionnelle<\/strong><\/p>\n<p class=\"ds-markdown-paragraph\">Ce produit offre une solution int\u00e9gr\u00e9e pour les processus de peinture et de durcissement, s\u00e9parant scientifiquement les op\u00e9rations de pulv\u00e9risation du durcissement du film. Il permet une op\u00e9ration simultan\u00e9e ou ind\u00e9pendante, am\u00e9liorant consid\u00e9rablement l'efficacit\u00e9 du flux de travail et la qualit\u00e9 de finition. Id\u00e9al pour les entreprises de r\u00e9paration automobile, les centres de collision professionnels et les lignes de peinture industrielles ayant des exigences plus \u00e9lev\u00e9es en mati\u00e8re de cycle de production, de contr\u00f4le environnemental et de normes de finition.<\/p>\n<p class=\"ds-markdown-paragraph\"><strong>Composants et fonctions du syst\u00e8me :<\/strong><\/p>\n<p class=\"ds-markdown-paragraph\"><strong>1. Cabine de pulv\u00e9risation principale (Zone de peinture)<\/strong><\/p>\n<ul>\n<li>\n<p class=\"ds-markdown-paragraph\"><strong>Dimensions :<\/strong>\u00a0Ext\u00e9rieur : 7000\u00d74000\u00d73350mm | Int\u00e9rieur : 6900\u00d73900\u00d72650mm<\/p>\n<\/li>\n<li>\n<p class=\"ds-markdown-paragraph\"><strong>Syst\u00e8me de chauffage :<\/strong>\u00a0Chauffage \u00e9lectrique (220V\/380V). 10 lampes halog\u00e8nes infrarouges de cuisson, total 30KW. Chauffe \u00e0 40\u00b0C en 5-8 minutes, max 80\u00b0C.<\/p>\n<\/li>\n<li>\n<p class=\"ds-markdown-paragraph\"><strong>Ventilation :<\/strong>\u00a02\u00d7ventilateurs centrifuges \u00e0 double aspiration de 4KW (d\u00e9bit total de 30 000 m\u00b3\/h) | 1\u00d7ventilateur d'extraction haute efficacit\u00e9 de 5,5KW (19 000 m\u00b3\/h).<\/p>\n<\/li>\n<li>\n<p class=\"ds-markdown-paragraph\"><strong>Filtration :<\/strong>\u00a0Filtration de pr\u00e9cision \u00e0 trois niveaux (Primaire &gt;90%, Plafond &gt;98%, Sol &gt;90%).<\/p>\n<\/li>\n<li>\n<p class=\"ds-markdown-paragraph\"><strong>Contr\u00f4le:<\/strong>\u00a0Panneau intelligent int\u00e9grant la peinture, la cuisson, la minuterie, le contr\u00f4le de la temp\u00e9rature, l\u2019\u00e9clairage et l\u2019arr\u00eat d\u2019urgence.<\/p>\n<\/li>\n<\/ul>\n<p class=\"ds-markdown-paragraph\"><strong>2. Chambre de s\u00e9chage ind\u00e9pendante (Zone de durcissement)<\/strong><\/p>\n<ul>\n<li>\n<p class=\"ds-markdown-paragraph\"><strong>Dimensions :<\/strong>\u00a0M\u00eame sp\u00e9cifications que la cabine de pulv\u00e9risation pour un transfert fluide des pi\u00e8ces.<\/p>\n<\/li>\n<li>\n<p class=\"ds-markdown-paragraph\"><strong>Syst\u00e8me de chauffage :<\/strong>\u00a0Chauffage \u00e9lectrique ind\u00e9pendant (220V\/380V), lampes halog\u00e8nes infrarouges de cuisson de 24KW. Supporte une cuisson continue \u00e0 haute temp\u00e9rature jusqu\u2019\u00e0 80\u00b0C.<\/p>\n<\/li>\n<li>\n<p class=\"ds-markdown-paragraph\"><strong>Fonction :<\/strong>\u00a0D\u00e9di\u00e9 au durcissement du film de peinture, au s\u00e9chage partiel, au pr\u00e9chauffage des mat\u00e9riaux, etc. Emp\u00eache les interf\u00e9rences entre les processus de pulv\u00e9risation et de cuisson, am\u00e9liorant l\u2019efficacit\u00e9 \u00e9nerg\u00e9tique et la s\u00e9curit\u00e9 op\u00e9rationnelle.<\/p>\n<\/li>\n<\/ul>\n<p class=\"ds-markdown-paragraph\"><strong>Avantages du combo :<\/strong><\/p>\n<ul>\n<li>\n<p class=\"ds-markdown-paragraph\"><strong>S\u00e9paration des processus, augmentation de l\u2019efficacit\u00e9 :<\/strong>\u00a0La peinture et le s\u00e9chage peuvent se faire simultan\u00e9ment, r\u00e9duisant le temps de traitement des pi\u00e8ces et augmentant le d\u00e9bit.<\/p>\n<\/li>\n<li>\n<p class=\"ds-markdown-paragraph\"><strong>Environnements ind\u00e9pendants, assurance qualit\u00e9 :<\/strong>\u00a0La chambre de s\u00e9chage fonctionne ind\u00e9pendamment, emp\u00eachant les substances volatiles lib\u00e9r\u00e9es lors du durcissement d\u2019affecter l\u2019environnement de peinture, garantissant la propret\u00e9 de la finition.<\/p>\n<\/li>\n<li>\n<p class=\"ds-markdown-paragraph\"><strong>\u00c9conomies d\u2019\u00e9nergie &amp; contr\u00f4le :<\/strong>\u00a0Deux syst\u00e8mes ind\u00e9pendants avec contr\u00f4les de temp\u00e9rature s\u00e9par\u00e9s peuvent \u00eatre activ\u00e9s selon les besoins, r\u00e9duisant le gaspillage d\u2019\u00e9nergie.<\/p>\n<\/li>\n<li>\n<p class=\"ds-markdown-paragraph\"><strong>Disposition Flexible :<\/strong>\u00a0Peut \u00eatre install\u00e9 c\u00f4te \u00e0 c\u00f4te ou en s\u00e9rie selon la configuration de l'atelier, en s'adaptant aux diff\u00e9rentes conditions du site.<\/p>\n<\/li>\n<li>\n<p class=\"ds-markdown-paragraph\"><strong>Structure Unifi\u00e9e, Entretien Facile :<\/strong>\u00a0Les deux unit\u00e9s partagent des sp\u00e9cifications identiques pour les murs, le toit et le sol, permettant l'utilisation de pi\u00e8ces de rechange communes et r\u00e9duisant les co\u00fbts d'entretien.<\/p>\n<\/li>\n<\/ul>\n<p class=\"ds-markdown-paragraph\"><strong>Sp\u00e9cifications Techniques Principales :<\/strong><\/p>\n<ul>\n<li>\n<p class=\"ds-markdown-paragraph\">Dimensions Ext\u00e9rieures de l'Unit\u00e9 Unique : 7000\u00d74000\u00d73350 mm<\/p>\n<\/li>\n<li>\n<p class=\"ds-markdown-paragraph\">Dimensions Int\u00e9rieures de l'Unit\u00e9 Unique : 6900\u00d73900\u00d72650 mm<\/p>\n<\/li>\n<li>\n<p class=\"ds-markdown-paragraph\">Puissance Totale de la Cabine de Pulv\u00e9risation : 38 KW (Version Chauffage \u00c9lectrique)<\/p>\n<\/li>\n<li>\n<p class=\"ds-markdown-paragraph\">Puissance de Chauffage de la Chambre de S\u00e9chage : 24 KW<\/p>\n<\/li>\n<li>\n<p class=\"ds-markdown-paragraph\">Tension\/Fr\u00e9quence : 220V\/380V, 50Hz<\/p>\n<\/li>\n<li>\n<p class=\"ds-markdown-paragraph\">Volume d'Emballage : Environ 19 CBM par unit\u00e9<\/p>\n<\/li>\n<\/ul>\n<p class=\"ds-markdown-paragraph\"><strong>Applications id\u00e9ales :<\/strong><\/p>\n<ul>\n<li>\n<p class=\"ds-markdown-paragraph\">Ateliers de r\u00e9paration automobile complets de taille moyenne \u00e0 grande et centres 4S sp\u00e9cialis\u00e9s dans la carrosserie et la peinture<\/p>\n<\/li>\n<li>\n<p class=\"ds-markdown-paragraph\">Entreprises professionnelles de r\u00e9paration et de peinture de carrosserie de bus et de camions<\/p>\n<\/li>\n<li>\n<p class=\"ds-markdown-paragraph\">Ateliers de fabrication industrielle avec op\u00e9rations de peinture en lot<\/p>\n<\/li>\n<li>\n<p class=\"ds-markdown-paragraph\">Utilisateurs recherchant des flux de production \u00e0 haute efficacit\u00e9 et haute qualit\u00e9<\/p>\n<\/li>\n<\/ul>\n<p class=\"ds-markdown-paragraph\">Nous fournissons un support technique complet, de la planification de l'agencement et la configuration de l'\u00e9quipement jusqu'\u00e0 l'installation.<\/p>\n<p class=\"ds-markdown-paragraph\"><strong>Contactez notre \u00e9quipe technique pour des propositions d'agencement d'atelier, des listes de configuration d\u00e9taill\u00e9es et des devis pour des packs combin\u00e9s.<\/strong><\/p>","protected":false},"excerpt":{"rendered":"<p>L'ATK-7000-EH-DR est un ensemble complet de poste de peinture et de durcissement, comprenant une cabine de pulv\u00e9risation \u00e9lectrique de 7 m associ\u00e9e \u00e0 une chambre de s\u00e9chage autonome de taille identique. Avec un syst\u00e8me de chauffage par lampe infrarouge de 30KW, une ventilation puissante et une filtration \u00e0 trois niveaux, il offre une couverture compl\u00e8te du processus, de la pulv\u00e9risation au durcissement, con\u00e7u pour des op\u00e9rations de r\u00e9paration automobile et de rev\u00eatement industriel de volume moyen \u00e0 \u00e9lev\u00e9.<\/p>","protected":false},"featured_media":3197,"comment_status":"open","ping_status":"closed","template":"","meta":[],"product_brand":[76],"product_cat":[60,59],"product_tag":[79,73,89,91,63,72,67,69,94,86,71,68],"class_list":{"0":"post-3282","1":"product","2":"type-product","3":"status-publish","4":"has-post-thumbnail","6":"product_brand-autoke","7":"product_cat-car-spray-booth","8":"product_cat-spray-booth","9":"product_tag-automotive-spray-booth","10":"product_tag-automotive-spray-booth-manufacturer","11":"product_tag-baking-oven-for-bus","12":"product_tag-bus-paint-baking-oven","13":"product_tag-car-spray-booth","14":"product_tag-car-spray-booth-factory","15":"product_tag-car-spray-booth-manufacturing","16":"product_tag-ce-car-spray-booth","17":"product_tag-commercial-vehicle-paint-curing-oven","18":"product_tag-commercial-vehicle-spray-booth","19":"product_tag-competitive-price-spray-booths","20":"product_tag-customized-car-spray-booth","22":"first","23":"instock","24":"shipping-taxable","25":"product-type-simple"},"yoast_head":"<!-- This site is optimized with the Yoast SEO plugin v27.4 - https:\/\/yoast.com\/product\/yoast-seo-wordpress\/ -->\n<title>ATK-7000-EH-DR 7m Electric Spray Booth &amp; Drying Room Combo | Integrated Painting &amp; Curing Solution | Professional Setup for Auto Body Shops | Customizable | Factory Direct - Autoke-China Paint Booth Manufacturer<\/title>\n<meta name=\"robots\" content=\"index, follow, max-snippet:-1, max-image-preview:large, max-video-preview:-1\" \/>\n<link rel=\"canonical\" href=\"https:\/\/sprayboothmanufacturer.com\/fr\/product\/7m-electric-spray-booth-drying-room-combo\/\" \/>\n<meta property=\"og:locale\" content=\"fr_FR\" \/>\n<meta property=\"og:type\" content=\"article\" \/>\n<meta property=\"og:title\" content=\"ATK-7000-EH-DR 7m Electric Spray Booth &amp; Drying Room Combo | Integrated Painting &amp; Curing Solution | Professional Setup for Auto Body Shops | Customizable | Factory Direct - Autoke-China Paint Booth Manufacturer\" \/>\n<meta property=\"og:description\" content=\"The ATK-7000-EH-DR is a complete painting and curing workstation package, featuring a 7m electric spray booth paired with an identically sized, standalone drying room. With a 30KW infrared lamp heating system, powerful ventilation, and triple-stage filtration, it provides full-process coverage from spraying to curing, designed for medium-to-high volume automotive repair and industrial coating operations.\" \/>\n<meta property=\"og:url\" content=\"https:\/\/sprayboothmanufacturer.com\/fr\/product\/7m-electric-spray-booth-drying-room-combo\/\" \/>\n<meta property=\"og:site_name\" content=\"Autoke-China Paint Booth Manufacturer\" \/>\n<meta property=\"og:image\" content=\"https:\/\/sprayboothmanufacturer.com\/wp-content\/uploads\/2026\/02\/29.png\" \/>\n\t<meta property=\"og:image:width\" content=\"800\" \/>\n\t<meta property=\"og:image:height\" content=\"800\" \/>\n\t<meta property=\"og:image:type\" content=\"image\/png\" \/>\n<meta name=\"twitter:card\" content=\"summary_large_image\" \/>\n<meta name=\"twitter:label1\" content=\"Dur\u00e9e de lecture estim\u00e9e\" \/>\n\t<meta name=\"twitter:data1\" content=\"3 minutes\" \/>\n<script type=\"application\/ld+json\" class=\"yoast-schema-graph\">{\"@context\":\"https:\\\/\\\/schema.org\",\"@graph\":[{\"@type\":\"WebPage\",\"@id\":\"https:\\\/\\\/sprayboothmanufacturer.com\\\/product\\\/7m-electric-spray-booth-drying-room-combo\\\/\",\"url\":\"https:\\\/\\\/sprayboothmanufacturer.com\\\/product\\\/7m-electric-spray-booth-drying-room-combo\\\/\",\"name\":\"ATK-7000-EH-DR 7m Electric Spray Booth & Drying Room Combo | Integrated Painting & Curing Solution | Professional Setup for Auto Body Shops | Customizable | Factory Direct - Autoke-China Paint Booth Manufacturer\",\"isPartOf\":{\"@id\":\"https:\\\/\\\/sprayboothmanufacturer.com\\\/#website\"},\"primaryImageOfPage\":{\"@id\":\"https:\\\/\\\/sprayboothmanufacturer.com\\\/product\\\/7m-electric-spray-booth-drying-room-combo\\\/#primaryimage\"},\"image\":{\"@id\":\"https:\\\/\\\/sprayboothmanufacturer.com\\\/product\\\/7m-electric-spray-booth-drying-room-combo\\\/#primaryimage\"},\"thumbnailUrl\":\"https:\\\/\\\/sprayboothmanufacturer.com\\\/wp-content\\\/uploads\\\/2026\\\/02\\\/29.png\",\"datePublished\":\"2026-02-06T03:09:49+00:00\",\"breadcrumb\":{\"@id\":\"https:\\\/\\\/sprayboothmanufacturer.com\\\/product\\\/7m-electric-spray-booth-drying-room-combo\\\/#breadcrumb\"},\"inLanguage\":\"fr-FR\",\"potentialAction\":[{\"@type\":\"ReadAction\",\"target\":[\"https:\\\/\\\/sprayboothmanufacturer.com\\\/product\\\/7m-electric-spray-booth-drying-room-combo\\\/\"]}]},{\"@type\":\"ImageObject\",\"inLanguage\":\"fr-FR\",\"@id\":\"https:\\\/\\\/sprayboothmanufacturer.com\\\/product\\\/7m-electric-spray-booth-drying-room-combo\\\/#primaryimage\",\"url\":\"https:\\\/\\\/sprayboothmanufacturer.com\\\/wp-content\\\/uploads\\\/2026\\\/02\\\/29.png\",\"contentUrl\":\"https:\\\/\\\/sprayboothmanufacturer.com\\\/wp-content\\\/uploads\\\/2026\\\/02\\\/29.png\",\"width\":800,\"height\":800},{\"@type\":\"BreadcrumbList\",\"@id\":\"https:\\\/\\\/sprayboothmanufacturer.com\\\/product\\\/7m-electric-spray-booth-drying-room-combo\\\/#breadcrumb\",\"itemListElement\":[{\"@type\":\"ListItem\",\"position\":1,\"name\":\"Home\",\"item\":\"https:\\\/\\\/sprayboothmanufacturer.com\\\/\"},{\"@type\":\"ListItem\",\"position\":2,\"name\":\"\u4ea7\u54c1\",\"item\":\"https:\\\/\\\/sprayboothmanufacturer.com\\\/shop__trashed\\\/\"},{\"@type\":\"ListItem\",\"position\":3,\"name\":\"ATK-7000-EH-DR 7m Electric Spray Booth &#038; Drying Room Combo | Integrated Painting &#038; Curing Solution | Professional Setup for Auto Body Shops | Customizable | Factory Direct\"}]},{\"@type\":\"WebSite\",\"@id\":\"https:\\\/\\\/sprayboothmanufacturer.com\\\/#website\",\"url\":\"https:\\\/\\\/sprayboothmanufacturer.com\\\/\",\"name\":\"Autoke-China Paint Booth Manufacturer\",\"description\":\"\",\"publisher\":{\"@id\":\"https:\\\/\\\/sprayboothmanufacturer.com\\\/#organization\"},\"potentialAction\":[{\"@type\":\"SearchAction\",\"target\":{\"@type\":\"EntryPoint\",\"urlTemplate\":\"https:\\\/\\\/sprayboothmanufacturer.com\\\/?s={search_term_string}\"},\"query-input\":{\"@type\":\"PropertyValueSpecification\",\"valueRequired\":true,\"valueName\":\"search_term_string\"}}],\"inLanguage\":\"fr-FR\"},{\"@type\":\"Organization\",\"@id\":\"https:\\\/\\\/sprayboothmanufacturer.com\\\/#organization\",\"name\":\"Autoke-China Paint Booth Manufacturer\",\"url\":\"https:\\\/\\\/sprayboothmanufacturer.com\\\/\",\"logo\":{\"@type\":\"ImageObject\",\"inLanguage\":\"fr-FR\",\"@id\":\"https:\\\/\\\/sprayboothmanufacturer.com\\\/#\\\/schema\\\/logo\\\/image\\\/\",\"url\":\"https:\\\/\\\/sprayboothmanufacturer.com\\\/wp-content\\\/uploads\\\/2025\\\/12\\\/\u5fae\u4fe1\u56fe\u7247_20260113195103_1750_4-scaled-e1768394147958.png\",\"contentUrl\":\"https:\\\/\\\/sprayboothmanufacturer.com\\\/wp-content\\\/uploads\\\/2025\\\/12\\\/\u5fae\u4fe1\u56fe\u7247_20260113195103_1750_4-scaled-e1768394147958.png\",\"width\":1740,\"height\":538,\"caption\":\"Autoke-China Paint Booth Manufacturer\"},\"image\":{\"@id\":\"https:\\\/\\\/sprayboothmanufacturer.com\\\/#\\\/schema\\\/logo\\\/image\\\/\"}}]}<\/script>\n<!-- \/ Yoast SEO plugin. -->","yoast_head_json":{"title":"ATK-7000-EH-DR Cabine de Pulv\u00e9risation \u00c9lectrique de 7m &amp; Combo Chambre de S\u00e9chage | Solution Int\u00e9gr\u00e9e de Peinture &amp; Curing | Configuration Professionnelle pour Ateliers de Carrosserie | Personnalisable | Directement de l'usine - Fabricant de Cabines de Peinture Autoke-France","robots":{"index":"index","follow":"follow","max-snippet":"max-snippet:-1","max-image-preview":"max-image-preview:large","max-video-preview":"max-video-preview:-1"},"canonical":"https:\/\/sprayboothmanufacturer.com\/fr\/product\/7m-electric-spray-booth-drying-room-combo\/","og_locale":"fr_FR","og_type":"article","og_title":"ATK-7000-EH-DR 7m Electric Spray Booth & Drying Room Combo | Integrated Painting & Curing Solution | Professional Setup for Auto Body Shops | Customizable | Factory Direct - Autoke-China Paint Booth Manufacturer","og_description":"The ATK-7000-EH-DR is a complete painting and curing workstation package, featuring a 7m electric spray booth paired with an identically sized, standalone drying room. With a 30KW infrared lamp heating system, powerful ventilation, and triple-stage filtration, it provides full-process coverage from spraying to curing, designed for medium-to-high volume automotive repair and industrial coating operations.","og_url":"https:\/\/sprayboothmanufacturer.com\/fr\/product\/7m-electric-spray-booth-drying-room-combo\/","og_site_name":"Autoke-China Paint Booth Manufacturer","og_image":[{"width":800,"height":800,"url":"https:\/\/sprayboothmanufacturer.com\/wp-content\/uploads\/2026\/02\/29.png","type":"image\/png"}],"twitter_card":"summary_large_image","twitter_misc":{"Dur\u00e9e de lecture estim\u00e9e":"3 minutes"},"schema":{"@context":"https:\/\/schema.org","@graph":[{"@type":"WebPage","@id":"https:\/\/sprayboothmanufacturer.com\/product\/7m-electric-spray-booth-drying-room-combo\/","url":"https:\/\/sprayboothmanufacturer.com\/product\/7m-electric-spray-booth-drying-room-combo\/","name":"ATK-7000-EH-DR Cabine de Pulv\u00e9risation \u00c9lectrique de 7m &amp; Combo Chambre de S\u00e9chage | Solution Int\u00e9gr\u00e9e de Peinture &amp; Curing | Configuration Professionnelle pour Ateliers de Carrosserie | Personnalisable | Directement de l'usine - Fabricant de Cabines de Peinture Autoke-France","isPartOf":{"@id":"https:\/\/sprayboothmanufacturer.com\/#website"},"primaryImageOfPage":{"@id":"https:\/\/sprayboothmanufacturer.com\/product\/7m-electric-spray-booth-drying-room-combo\/#primaryimage"},"image":{"@id":"https:\/\/sprayboothmanufacturer.com\/product\/7m-electric-spray-booth-drying-room-combo\/#primaryimage"},"thumbnailUrl":"https:\/\/sprayboothmanufacturer.com\/wp-content\/uploads\/2026\/02\/29.png","datePublished":"2026-02-06T03:09:49+00:00","breadcrumb":{"@id":"https:\/\/sprayboothmanufacturer.com\/product\/7m-electric-spray-booth-drying-room-combo\/#breadcrumb"},"inLanguage":"fr-FR","potentialAction":[{"@type":"ReadAction","target":["https:\/\/sprayboothmanufacturer.com\/product\/7m-electric-spray-booth-drying-room-combo\/"]}]},{"@type":"ImageObject","inLanguage":"fr-FR","@id":"https:\/\/sprayboothmanufacturer.com\/product\/7m-electric-spray-booth-drying-room-combo\/#primaryimage","url":"https:\/\/sprayboothmanufacturer.com\/wp-content\/uploads\/2026\/02\/29.png","contentUrl":"https:\/\/sprayboothmanufacturer.com\/wp-content\/uploads\/2026\/02\/29.png","width":800,"height":800},{"@type":"BreadcrumbList","@id":"https:\/\/sprayboothmanufacturer.com\/product\/7m-electric-spray-booth-drying-room-combo\/#breadcrumb","itemListElement":[{"@type":"ListItem","position":1,"name":"Home","item":"https:\/\/sprayboothmanufacturer.com\/"},{"@type":"ListItem","position":2,"name":"\u4ea7\u54c1","item":"https:\/\/sprayboothmanufacturer.com\/shop__trashed\/"},{"@type":"ListItem","position":3,"name":"ATK-7000-EH-DR 7m Electric Spray Booth &#038; Drying Room Combo | Integrated Painting &#038; Curing Solution | Professional Setup for Auto Body Shops | Customizable | Factory Direct"}]},{"@type":"WebSite","@id":"https:\/\/sprayboothmanufacturer.com\/#website","url":"https:\/\/sprayboothmanufacturer.com\/","name":"Fabricant de cabines de peinture Autoke-Chine","description":"","publisher":{"@id":"https:\/\/sprayboothmanufacturer.com\/#organization"},"potentialAction":[{"@type":"SearchAction","target":{"@type":"EntryPoint","urlTemplate":"https:\/\/sprayboothmanufacturer.com\/?s={search_term_string}"},"query-input":{"@type":"PropertyValueSpecification","valueRequired":true,"valueName":"search_term_string"}}],"inLanguage":"fr-FR"},{"@type":"Organization","@id":"https:\/\/sprayboothmanufacturer.com\/#organization","name":"Fabricant de cabines de peinture Autoke-Chine","url":"https:\/\/sprayboothmanufacturer.com\/","logo":{"@type":"ImageObject","inLanguage":"fr-FR","@id":"https:\/\/sprayboothmanufacturer.com\/#\/schema\/logo\/image\/","url":"https:\/\/sprayboothmanufacturer.com\/wp-content\/uploads\/2025\/12\/\u5fae\u4fe1\u56fe\u7247_20260113195103_1750_4-scaled-e1768394147958.png","contentUrl":"https:\/\/sprayboothmanufacturer.com\/wp-content\/uploads\/2025\/12\/\u5fae\u4fe1\u56fe\u7247_20260113195103_1750_4-scaled-e1768394147958.png","width":1740,"height":538,"caption":"Autoke-China Paint Booth Manufacturer"},"image":{"@id":"https:\/\/sprayboothmanufacturer.com\/#\/schema\/logo\/image\/"}}]}},"_links":{"self":[{"href":"https:\/\/sprayboothmanufacturer.com\/fr\/wp-json\/wp\/v2\/product\/3282","targetHints":{"allow":["GET"]}}],"collection":[{"href":"https:\/\/sprayboothmanufacturer.com\/fr\/wp-json\/wp\/v2\/product"}],"about":[{"href":"https:\/\/sprayboothmanufacturer.com\/fr\/wp-json\/wp\/v2\/types\/product"}],"replies":[{"embeddable":true,"href":"https:\/\/sprayboothmanufacturer.com\/fr\/wp-json\/wp\/v2\/comments?post=3282"}],"version-history":[{"count":1,"href":"https:\/\/sprayboothmanufacturer.com\/fr\/wp-json\/wp\/v2\/product\/3282\/revisions"}],"predecessor-version":[{"id":3283,"href":"https:\/\/sprayboothmanufacturer.com\/fr\/wp-json\/wp\/v2\/product\/3282\/revisions\/3283"}],"wp:featuredmedia":[{"embeddable":true,"href":"https:\/\/sprayboothmanufacturer.com\/fr\/wp-json\/wp\/v2\/media\/3197"}],"wp:attachment":[{"href":"https:\/\/sprayboothmanufacturer.com\/fr\/wp-json\/wp\/v2\/media?parent=3282"}],"wp:term":[{"taxonomy":"product_brand","embeddable":true,"href":"https:\/\/sprayboothmanufacturer.com\/fr\/wp-json\/wp\/v2\/product_brand?post=3282"},{"taxonomy":"product_cat","embeddable":true,"href":"https:\/\/sprayboothmanufacturer.com\/fr\/wp-json\/wp\/v2\/product_cat?post=3282"},{"taxonomy":"product_tag","embeddable":true,"href":"https:\/\/sprayboothmanufacturer.com\/fr\/wp-json\/wp\/v2\/product_tag?post=3282"}],"curies":[{"name":"wp","href":"https:\/\/api.w.org\/{rel}","templated":true}]}}