{"id":3278,"date":"2026-02-06T02:49:48","date_gmt":"2026-02-06T02:49:48","guid":{"rendered":"https:\/\/sprayboothmanufacturer.com\/?post_type=product&#038;p=3278"},"modified":"2026-02-06T02:49:48","modified_gmt":"2026-02-06T02:49:48","slug":"7m-standard-diesel-spray-booth","status":"publish","type":"product","link":"https:\/\/sprayboothmanufacturer.com\/fr\/product\/7m-standard-diesel-spray-booth\/","title":{"rendered":"ATK-7000-DH-STD Cabine de pulv\u00e9risation diesel standard de 7m | \u00c9quipement de peinture efficace pour centres de r\u00e9paration automobile | Solution de qualit\u00e9 industrielle | Personnalisable | Directement de l'usine"},"content":{"rendered":"<table style=\"height: 221px;\" width=\"742\">\n<tbody>\n<tr>\n<td width=\"142\"><strong><b>Quantit\u00e9 minimale de commande :<\/b><\/strong><\/td>\n<td width=\"142\">1 pi\u00e8ce<\/td>\n<td width=\"142\"><strong><b>Prix :<\/b><\/strong><\/td>\n<td width=\"142\">\u00c0 n\u00e9gocier<\/td>\n<\/tr>\n<tr>\n<td width=\"142\"><strong><b>D\u00e9tails de l'emballage :<\/b><\/strong><\/td>\n<td width=\"142\">40GP ou 20GP\/unit\u00e9<\/td>\n<td width=\"142\"><strong><b>D\u00e9lai de livraison :<\/b><\/strong><\/td>\n<td width=\"142\">15 jours \u00e0 n\u00e9gocier<\/td>\n<\/tr>\n<tr>\n<td width=\"142\"><strong><b>Conditions de paiement :<\/b><\/strong><\/td>\n<td width=\"142\">L\/C, T\/T<\/td>\n<td width=\"142\"><strong><b>Capacit\u00e9 d'approvisionnement :<\/b><\/strong><\/td>\n<td width=\"142\">50 unit\u00e9(s) par mois, cabine de pulv\u00e9risation industrielle, cabine de pulv\u00e9risation bus<\/td>\n<\/tr>\n<tr>\n<td width=\"142\"><strong><b>Lieu d'origine :<\/b><\/strong><\/td>\n<td width=\"142\">Jiangsu, Chine<\/td>\n<td width=\"142\"><strong><b>Nom de la marque :<\/b><\/strong><\/td>\n<td width=\"142\">Autoke<\/td>\n<\/tr>\n<tr>\n<td width=\"142\"><strong><b>Certification :<\/b><\/strong><\/td>\n<td width=\"142\">CE<\/td>\n<td width=\"142\"><strong><b>Num\u00e9ro de mod\u00e8le : ATK-7000-DH-STD<br \/>\n<\/b><\/strong><\/td>\n<td width=\"142\">ATK-7000-DH-STD<\/td>\n<\/tr>\n<\/tbody>\n<\/table>\n<p class=\"ds-markdown-paragraph\"><strong>Cabine de pulv\u00e9risation diesel standard de 7 m ATK-7000-DH-STD<\/strong><\/p>\n<p class=\"ds-markdown-paragraph\">Ce produit est une cabine de pulv\u00e9risation diesel standard bien structur\u00e9e et fiable, con\u00e7ue pour la r\u00e9paration automobile, la peinture de carrosserie et les applications de rev\u00eatement industriel g\u00e9n\u00e9ral. Elle int\u00e8gre un syst\u00e8me de chauffage diesel efficace, une ventilation puissante, un contr\u00f4le intelligent et une filtration \u00e0 plusieurs niveaux pour fournir une solution de peinture fiable, \u00e9conome en \u00e9nergie et respectueuse de l'environnement.<\/p>\n<p class=\"ds-markdown-paragraph\"><strong>Avantages principaux :<\/strong><\/p>\n<p class=\"ds-markdown-paragraph\">\ud83d\udd25\u00a0<strong>Syst\u00e8me de chauffage diesel haute efficacit\u00e9<\/strong><br \/>\nUtilise un br\u00fbleur diesel RIELLO G20 pour un chauffage rapide et uniforme, atteignant 40\u00b0C en 5-8 minutes. Temp\u00e9rature maximale de cuisson : 80\u00b0C, adapt\u00e9e \u00e0 divers processus comme la peinture et le durcissement.<\/p>\n<p class=\"ds-markdown-paragraph\">\ud83d\udca8\u00a0<strong>Ventilation puissante &amp; Flux d'air<\/strong><br \/>\nConfigur\u00e9e avec 2\u00d74KW de ventilateurs centrifuges \u00e0 double admission fournissant un d\u00e9bit d'air total de 30 000 m\u00b3\/h, associ\u00e9s \u00e0 un ventilateur d'extraction haute efficacit\u00e9 de 5,5KW (19 000 m\u00b3\/h). Assure un flux d'air stable et une \u00e9limination rapide de la brume de peinture \u00e0 l'int\u00e9rieur de la cabine.<\/p>\n<p class=\"ds-markdown-paragraph\">\ud83c\udf2b\ufe0f\u00a0<strong>Syst\u00e8me de filtration d\u2019air \u00e0 trois niveaux<\/strong><br \/>\nComprend un filtre primaire (&gt;10\u03bcm, efficacit\u00e9 &gt;90%), un filtre de plafond haute efficacit\u00e9 (&gt;4\u03bcm, efficacit\u00e9 &gt;98%) et un filtre en fibre de verre multicouche (&gt;90%) pour garantir un environnement de travail propre et am\u00e9liorer la qualit\u00e9 de finition.<\/p>\n<p class=\"ds-markdown-paragraph\">\ud83c\udfd7\ufe0f\u00a0<strong>Construction robuste &amp; durable<\/strong><br \/>\nLes murs sont construits avec des panneaux isolants en acier color\u00e9 r\u00e9sistants au feu, remplis de laine de roche haute densit\u00e9 (100kg\/m\u00b3). Le toit est en t\u00f4le d'acier galvanis\u00e9. Le sol est une plateforme sur\u00e9lev\u00e9e de 300 mm construite en t\u00f4les d'acier galvanis\u00e9 avec des grilles en acier galvanis\u00e9 anticorrosion, supportant plus de 5 tonnes.<\/p>\n<p class=\"ds-markdown-paragraph\">\ud83d\udeaa\u00a0<strong>Conception de porte \u00e0 acc\u00e8s large<\/strong><br \/>\nTrois portes frontales d'une largeur totale de 3000 mm, \u00e9quip\u00e9es de verre r\u00e9sistant \u00e0 haute temp\u00e9rature de 5 mm, facilitent l'acc\u00e8s des v\u00e9hicules et am\u00e9liorent la commodit\u00e9 op\u00e9rationnelle ainsi que l'efficacit\u00e9 du flux de travail.<\/p>\n<p class=\"ds-markdown-paragraph\">\ud83d\udcdf\u00a0<strong>Contr\u00f4le int\u00e9gr\u00e9 intelligent<\/strong><br \/>\nLe panneau de contr\u00f4le int\u00e8gre les fonctions de peinture, cuisson, minuterie, contr\u00f4le de la temp\u00e9rature, \u00e9clairage et arr\u00eat d'urgence pour une utilisation intuitive et une gestion facile, am\u00e9liorant la s\u00e9curit\u00e9 et la coh\u00e9rence du travail.<\/p>\n<p class=\"ds-markdown-paragraph\">\ud83d\udca1\u00a0<strong>Syst\u00e8me d'\u00e9clairage professionnel<\/strong><br \/>\nLuminaires LED de plafond 24\u00d718W et 8 luminaires muraux de 48W offrent un \u00e9clairage uniforme sans ombres, garantissant une visibilit\u00e9 claire pour les travaux de peinture d\u00e9taill\u00e9s.<\/p>\n<p class=\"ds-markdown-paragraph\"><strong>Sp\u00e9cifications Techniques Principales :<\/strong><\/p>\n<ul>\n<li>\n<p class=\"ds-markdown-paragraph\">Dimensions ext\u00e9rieures : 7000\u00d74000\u00d73350 mm<\/p>\n<\/li>\n<li>\n<p class=\"ds-markdown-paragraph\">Dimensions internes : 6900\u00d73900\u00d72650 mm<\/p>\n<\/li>\n<li>\n<p class=\"ds-markdown-paragraph\">M\u00e9thode de chauffage : Chauffage au diesel (RIELLO G20)<\/p>\n<\/li>\n<li>\n<p class=\"ds-markdown-paragraph\">Puissance Totale : 15 KW (Version Chauffage Diesel)<\/p>\n<\/li>\n<li>\n<p class=\"ds-markdown-paragraph\">Tension\/Fr\u00e9quence : 220V\/380V, 50Hz<\/p>\n<\/li>\n<li>\n<p class=\"ds-markdown-paragraph\">Volume d'emballage : Environ 19 m\u00b3\/ensemble, poids ~3500 kg<\/p>\n<\/li>\n<\/ul>\n<p class=\"ds-markdown-paragraph\"><strong>Applications id\u00e9ales :<\/strong><\/p>\n<ul>\n<li>\n<p class=\"ds-markdown-paragraph\">Ateliers de r\u00e9paration automobile complets et centres de service rapide<\/p>\n<\/li>\n<li>\n<p class=\"ds-markdown-paragraph\">Ateliers de carrosserie de petite \u00e0 moyenne taille et postes de restauration de v\u00e9hicules<\/p>\n<\/li>\n<li>\n<p class=\"ds-markdown-paragraph\">Peinture pour bus, camions et v\u00e9hicules sp\u00e9ciaux<\/p>\n<\/li>\n<li>\n<p class=\"ds-markdown-paragraph\">Rev\u00eatement d'\u00e9quipements industriels et de composants m\u00e9talliques<\/p>\n<\/li>\n<\/ul>\n<p class=\"ds-markdown-paragraph\">Nous proposons une personnalisation flexible en couleur, configuration et disposition pour fournir des solutions adapt\u00e9es \u00e0 vos besoins sp\u00e9cifiques en site et processus.<\/p>\n<p class=\"ds-markdown-paragraph\"><strong>Contactez notre \u00e9quipe technique pour des sp\u00e9cifications d\u00e9taill\u00e9es, des conseils de configuration et un devis personnalis\u00e9.<\/strong><\/p>","protected":false},"excerpt":{"rendered":"<p>L'ATK-7000-DH-STD est une cabine de pulv\u00e9risation diesel standard de 7 m\u00e8tres con\u00e7ue pour la r\u00e9paration automobile et la peinture industrielle. \u00c9quip\u00e9e d'un syst\u00e8me de chauffage diesel RIELLO G20 pour un chauffage rapide en 5-8 minutes, d'une filtration \u00e0 trois niveaux \u00e0 haute efficacit\u00e9 et de commandes intelligentes, elle pr\u00e9sente une construction robuste pour offrir un environnement de peinture propre, \u00e9conome en \u00e9nergie et efficace.<\/p>","protected":false},"featured_media":3142,"comment_status":"open","ping_status":"closed","template":"","meta":[],"product_brand":[76],"product_cat":[60,59],"product_tag":[75,74,79,73,89,63,72,66,69],"class_list":{"0":"post-3278","1":"product","2":"type-product","3":"status-publish","4":"has-post-thumbnail","6":"product_brand-autoke","7":"product_cat-car-spray-booth","8":"product_cat-spray-booth","9":"product_tag-8m-diesel-car-paint-booth","10":"product_tag-8m-electric-car-paint-booth","11":"product_tag-automotive-spray-booth","12":"product_tag-automotive-spray-booth-manufacturer","13":"product_tag-baking-oven-for-bus","14":"product_tag-car-spray-booth","15":"product_tag-car-spray-booth-factory","16":"product_tag-car-spray-booth-manufacturer","17":"product_tag-ce-car-spray-booth","19":"first","20":"instock","21":"shipping-taxable","22":"product-type-simple"},"yoast_head":"<!-- This site is optimized with the Yoast SEO plugin v27.4 - https:\/\/yoast.com\/product\/yoast-seo-wordpress\/ -->\n<title>ATK-7000-DH-STD 7m Standard Diesel Spray Booth | Efficient Painting Equipment for Auto Repair Centers | Industrial-Grade Solution | Customizable | Factory Direct - Autoke-China Paint Booth Manufacturer<\/title>\n<meta name=\"robots\" content=\"index, follow, max-snippet:-1, max-image-preview:large, max-video-preview:-1\" \/>\n<link rel=\"canonical\" href=\"https:\/\/sprayboothmanufacturer.com\/fr\/product\/7m-standard-diesel-spray-booth\/\" \/>\n<meta property=\"og:locale\" content=\"fr_FR\" \/>\n<meta property=\"og:type\" content=\"article\" \/>\n<meta property=\"og:title\" content=\"ATK-7000-DH-STD 7m Standard Diesel Spray Booth | Efficient Painting Equipment for Auto Repair Centers | Industrial-Grade Solution | Customizable | Factory Direct - Autoke-China Paint Booth Manufacturer\" \/>\n<meta property=\"og:description\" content=\"The ATK-7000-DH-STD is a 7-meter standard diesel spray booth designed for automotive repair and industrial painting. Equipped with a RIELLO G20 diesel heating system for rapid warm-up within 5-8 minutes, triple-stage high-efficiency filtration, and intelligent controls, it features robust construction to provide a clean, energy-saving, and efficient painting environment.\" \/>\n<meta property=\"og:url\" content=\"https:\/\/sprayboothmanufacturer.com\/fr\/product\/7m-standard-diesel-spray-booth\/\" \/>\n<meta property=\"og:site_name\" content=\"Autoke-China Paint Booth Manufacturer\" \/>\n<meta property=\"og:image\" content=\"https:\/\/sprayboothmanufacturer.com\/wp-content\/uploads\/2026\/01\/7e8f82e82f1a7912249227f1e41235b4.jpg\" \/>\n\t<meta property=\"og:image:width\" content=\"1920\" \/>\n\t<meta property=\"og:image:height\" content=\"864\" \/>\n\t<meta property=\"og:image:type\" content=\"image\/jpeg\" \/>\n<meta name=\"twitter:card\" content=\"summary_large_image\" \/>\n<meta name=\"twitter:label1\" content=\"Dur\u00e9e de lecture estim\u00e9e\" \/>\n\t<meta name=\"twitter:data1\" content=\"3 minutes\" \/>\n<script type=\"application\/ld+json\" class=\"yoast-schema-graph\">{\"@context\":\"https:\\\/\\\/schema.org\",\"@graph\":[{\"@type\":\"WebPage\",\"@id\":\"https:\\\/\\\/sprayboothmanufacturer.com\\\/product\\\/7m-standard-diesel-spray-booth\\\/\",\"url\":\"https:\\\/\\\/sprayboothmanufacturer.com\\\/product\\\/7m-standard-diesel-spray-booth\\\/\",\"name\":\"ATK-7000-DH-STD 7m Standard Diesel Spray Booth | Efficient Painting Equipment for Auto Repair Centers | Industrial-Grade Solution | Customizable | Factory Direct - Autoke-China Paint Booth Manufacturer\",\"isPartOf\":{\"@id\":\"https:\\\/\\\/sprayboothmanufacturer.com\\\/#website\"},\"primaryImageOfPage\":{\"@id\":\"https:\\\/\\\/sprayboothmanufacturer.com\\\/product\\\/7m-standard-diesel-spray-booth\\\/#primaryimage\"},\"image\":{\"@id\":\"https:\\\/\\\/sprayboothmanufacturer.com\\\/product\\\/7m-standard-diesel-spray-booth\\\/#primaryimage\"},\"thumbnailUrl\":\"https:\\\/\\\/sprayboothmanufacturer.com\\\/wp-content\\\/uploads\\\/2026\\\/01\\\/7e8f82e82f1a7912249227f1e41235b4.jpg\",\"datePublished\":\"2026-02-06T02:49:48+00:00\",\"breadcrumb\":{\"@id\":\"https:\\\/\\\/sprayboothmanufacturer.com\\\/product\\\/7m-standard-diesel-spray-booth\\\/#breadcrumb\"},\"inLanguage\":\"fr-FR\",\"potentialAction\":[{\"@type\":\"ReadAction\",\"target\":[\"https:\\\/\\\/sprayboothmanufacturer.com\\\/product\\\/7m-standard-diesel-spray-booth\\\/\"]}]},{\"@type\":\"ImageObject\",\"inLanguage\":\"fr-FR\",\"@id\":\"https:\\\/\\\/sprayboothmanufacturer.com\\\/product\\\/7m-standard-diesel-spray-booth\\\/#primaryimage\",\"url\":\"https:\\\/\\\/sprayboothmanufacturer.com\\\/wp-content\\\/uploads\\\/2026\\\/01\\\/7e8f82e82f1a7912249227f1e41235b4.jpg\",\"contentUrl\":\"https:\\\/\\\/sprayboothmanufacturer.com\\\/wp-content\\\/uploads\\\/2026\\\/01\\\/7e8f82e82f1a7912249227f1e41235b4.jpg\",\"width\":1920,\"height\":864},{\"@type\":\"BreadcrumbList\",\"@id\":\"https:\\\/\\\/sprayboothmanufacturer.com\\\/product\\\/7m-standard-diesel-spray-booth\\\/#breadcrumb\",\"itemListElement\":[{\"@type\":\"ListItem\",\"position\":1,\"name\":\"Home\",\"item\":\"https:\\\/\\\/sprayboothmanufacturer.com\\\/\"},{\"@type\":\"ListItem\",\"position\":2,\"name\":\"\u4ea7\u54c1\",\"item\":\"https:\\\/\\\/sprayboothmanufacturer.com\\\/shop__trashed\\\/\"},{\"@type\":\"ListItem\",\"position\":3,\"name\":\"ATK-7000-DH-STD 7m Standard Diesel Spray Booth | Efficient Painting Equipment for Auto Repair Centers | Industrial-Grade Solution | Customizable | Factory Direct\"}]},{\"@type\":\"WebSite\",\"@id\":\"https:\\\/\\\/sprayboothmanufacturer.com\\\/#website\",\"url\":\"https:\\\/\\\/sprayboothmanufacturer.com\\\/\",\"name\":\"Autoke-China Paint Booth Manufacturer\",\"description\":\"\",\"publisher\":{\"@id\":\"https:\\\/\\\/sprayboothmanufacturer.com\\\/#organization\"},\"potentialAction\":[{\"@type\":\"SearchAction\",\"target\":{\"@type\":\"EntryPoint\",\"urlTemplate\":\"https:\\\/\\\/sprayboothmanufacturer.com\\\/?s={search_term_string}\"},\"query-input\":{\"@type\":\"PropertyValueSpecification\",\"valueRequired\":true,\"valueName\":\"search_term_string\"}}],\"inLanguage\":\"fr-FR\"},{\"@type\":\"Organization\",\"@id\":\"https:\\\/\\\/sprayboothmanufacturer.com\\\/#organization\",\"name\":\"Autoke-China Paint Booth Manufacturer\",\"url\":\"https:\\\/\\\/sprayboothmanufacturer.com\\\/\",\"logo\":{\"@type\":\"ImageObject\",\"inLanguage\":\"fr-FR\",\"@id\":\"https:\\\/\\\/sprayboothmanufacturer.com\\\/#\\\/schema\\\/logo\\\/image\\\/\",\"url\":\"https:\\\/\\\/sprayboothmanufacturer.com\\\/wp-content\\\/uploads\\\/2025\\\/12\\\/\u5fae\u4fe1\u56fe\u7247_20260113195103_1750_4-scaled-e1768394147958.png\",\"contentUrl\":\"https:\\\/\\\/sprayboothmanufacturer.com\\\/wp-content\\\/uploads\\\/2025\\\/12\\\/\u5fae\u4fe1\u56fe\u7247_20260113195103_1750_4-scaled-e1768394147958.png\",\"width\":1740,\"height\":538,\"caption\":\"Autoke-China Paint Booth Manufacturer\"},\"image\":{\"@id\":\"https:\\\/\\\/sprayboothmanufacturer.com\\\/#\\\/schema\\\/logo\\\/image\\\/\"}}]}<\/script>\n<!-- \/ Yoast SEO plugin. -->","yoast_head_json":{"title":"ATK-7000-DH-STD Cabine de pulv\u00e9risation diesel standard de 7 m | \u00c9quipement de peinture efficace pour centres de r\u00e9paration automobile | Solution de qualit\u00e9 industrielle | Personnalisable | Directement de l'usine - Fabricant de cabines de peinture Autoke-France","robots":{"index":"index","follow":"follow","max-snippet":"max-snippet:-1","max-image-preview":"max-image-preview:large","max-video-preview":"max-video-preview:-1"},"canonical":"https:\/\/sprayboothmanufacturer.com\/fr\/product\/7m-standard-diesel-spray-booth\/","og_locale":"fr_FR","og_type":"article","og_title":"ATK-7000-DH-STD 7m Standard Diesel Spray Booth | Efficient Painting Equipment for Auto Repair Centers | Industrial-Grade Solution | Customizable | Factory Direct - Autoke-China Paint Booth Manufacturer","og_description":"The ATK-7000-DH-STD is a 7-meter standard diesel spray booth designed for automotive repair and industrial painting. Equipped with a RIELLO G20 diesel heating system for rapid warm-up within 5-8 minutes, triple-stage high-efficiency filtration, and intelligent controls, it features robust construction to provide a clean, energy-saving, and efficient painting environment.","og_url":"https:\/\/sprayboothmanufacturer.com\/fr\/product\/7m-standard-diesel-spray-booth\/","og_site_name":"Autoke-China Paint Booth Manufacturer","og_image":[{"width":1920,"height":864,"url":"https:\/\/sprayboothmanufacturer.com\/wp-content\/uploads\/2026\/01\/7e8f82e82f1a7912249227f1e41235b4.jpg","type":"image\/jpeg"}],"twitter_card":"summary_large_image","twitter_misc":{"Dur\u00e9e de lecture estim\u00e9e":"3 minutes"},"schema":{"@context":"https:\/\/schema.org","@graph":[{"@type":"WebPage","@id":"https:\/\/sprayboothmanufacturer.com\/product\/7m-standard-diesel-spray-booth\/","url":"https:\/\/sprayboothmanufacturer.com\/product\/7m-standard-diesel-spray-booth\/","name":"ATK-7000-DH-STD Cabine de pulv\u00e9risation diesel standard de 7 m | \u00c9quipement de peinture efficace pour centres de r\u00e9paration automobile | Solution de qualit\u00e9 industrielle | Personnalisable | Directement de l'usine - Fabricant de cabines de peinture Autoke-France","isPartOf":{"@id":"https:\/\/sprayboothmanufacturer.com\/#website"},"primaryImageOfPage":{"@id":"https:\/\/sprayboothmanufacturer.com\/product\/7m-standard-diesel-spray-booth\/#primaryimage"},"image":{"@id":"https:\/\/sprayboothmanufacturer.com\/product\/7m-standard-diesel-spray-booth\/#primaryimage"},"thumbnailUrl":"https:\/\/sprayboothmanufacturer.com\/wp-content\/uploads\/2026\/01\/7e8f82e82f1a7912249227f1e41235b4.jpg","datePublished":"2026-02-06T02:49:48+00:00","breadcrumb":{"@id":"https:\/\/sprayboothmanufacturer.com\/product\/7m-standard-diesel-spray-booth\/#breadcrumb"},"inLanguage":"fr-FR","potentialAction":[{"@type":"ReadAction","target":["https:\/\/sprayboothmanufacturer.com\/product\/7m-standard-diesel-spray-booth\/"]}]},{"@type":"ImageObject","inLanguage":"fr-FR","@id":"https:\/\/sprayboothmanufacturer.com\/product\/7m-standard-diesel-spray-booth\/#primaryimage","url":"https:\/\/sprayboothmanufacturer.com\/wp-content\/uploads\/2026\/01\/7e8f82e82f1a7912249227f1e41235b4.jpg","contentUrl":"https:\/\/sprayboothmanufacturer.com\/wp-content\/uploads\/2026\/01\/7e8f82e82f1a7912249227f1e41235b4.jpg","width":1920,"height":864},{"@type":"BreadcrumbList","@id":"https:\/\/sprayboothmanufacturer.com\/product\/7m-standard-diesel-spray-booth\/#breadcrumb","itemListElement":[{"@type":"ListItem","position":1,"name":"Home","item":"https:\/\/sprayboothmanufacturer.com\/"},{"@type":"ListItem","position":2,"name":"\u4ea7\u54c1","item":"https:\/\/sprayboothmanufacturer.com\/shop__trashed\/"},{"@type":"ListItem","position":3,"name":"ATK-7000-DH-STD 7m Standard Diesel Spray Booth | Efficient Painting Equipment for Auto Repair Centers | Industrial-Grade Solution | Customizable | Factory Direct"}]},{"@type":"WebSite","@id":"https:\/\/sprayboothmanufacturer.com\/#website","url":"https:\/\/sprayboothmanufacturer.com\/","name":"Fabricant de cabines de peinture Autoke-Chine","description":"","publisher":{"@id":"https:\/\/sprayboothmanufacturer.com\/#organization"},"potentialAction":[{"@type":"SearchAction","target":{"@type":"EntryPoint","urlTemplate":"https:\/\/sprayboothmanufacturer.com\/?s={search_term_string}"},"query-input":{"@type":"PropertyValueSpecification","valueRequired":true,"valueName":"search_term_string"}}],"inLanguage":"fr-FR"},{"@type":"Organization","@id":"https:\/\/sprayboothmanufacturer.com\/#organization","name":"Fabricant de cabines de peinture Autoke-Chine","url":"https:\/\/sprayboothmanufacturer.com\/","logo":{"@type":"ImageObject","inLanguage":"fr-FR","@id":"https:\/\/sprayboothmanufacturer.com\/#\/schema\/logo\/image\/","url":"https:\/\/sprayboothmanufacturer.com\/wp-content\/uploads\/2025\/12\/\u5fae\u4fe1\u56fe\u7247_20260113195103_1750_4-scaled-e1768394147958.png","contentUrl":"https:\/\/sprayboothmanufacturer.com\/wp-content\/uploads\/2025\/12\/\u5fae\u4fe1\u56fe\u7247_20260113195103_1750_4-scaled-e1768394147958.png","width":1740,"height":538,"caption":"Autoke-China Paint Booth Manufacturer"},"image":{"@id":"https:\/\/sprayboothmanufacturer.com\/#\/schema\/logo\/image\/"}}]}},"_links":{"self":[{"href":"https:\/\/sprayboothmanufacturer.com\/fr\/wp-json\/wp\/v2\/product\/3278","targetHints":{"allow":["GET"]}}],"collection":[{"href":"https:\/\/sprayboothmanufacturer.com\/fr\/wp-json\/wp\/v2\/product"}],"about":[{"href":"https:\/\/sprayboothmanufacturer.com\/fr\/wp-json\/wp\/v2\/types\/product"}],"replies":[{"embeddable":true,"href":"https:\/\/sprayboothmanufacturer.com\/fr\/wp-json\/wp\/v2\/comments?post=3278"}],"version-history":[{"count":1,"href":"https:\/\/sprayboothmanufacturer.com\/fr\/wp-json\/wp\/v2\/product\/3278\/revisions"}],"predecessor-version":[{"id":3279,"href":"https:\/\/sprayboothmanufacturer.com\/fr\/wp-json\/wp\/v2\/product\/3278\/revisions\/3279"}],"wp:featuredmedia":[{"embeddable":true,"href":"https:\/\/sprayboothmanufacturer.com\/fr\/wp-json\/wp\/v2\/media\/3142"}],"wp:attachment":[{"href":"https:\/\/sprayboothmanufacturer.com\/fr\/wp-json\/wp\/v2\/media?parent=3278"}],"wp:term":[{"taxonomy":"product_brand","embeddable":true,"href":"https:\/\/sprayboothmanufacturer.com\/fr\/wp-json\/wp\/v2\/product_brand?post=3278"},{"taxonomy":"product_cat","embeddable":true,"href":"https:\/\/sprayboothmanufacturer.com\/fr\/wp-json\/wp\/v2\/product_cat?post=3278"},{"taxonomy":"product_tag","embeddable":true,"href":"https:\/\/sprayboothmanufacturer.com\/fr\/wp-json\/wp\/v2\/product_tag?post=3278"}],"curies":[{"name":"wp","href":"https:\/\/api.w.org\/{rel}","templated":true}]}}