{"id":3276,"date":"2026-02-06T02:28:14","date_gmt":"2026-02-06T02:28:14","guid":{"rendered":"https:\/\/sprayboothmanufacturer.com\/?post_type=product&#038;p=3276"},"modified":"2026-02-06T02:28:14","modified_gmt":"2026-02-06T02:28:14","slug":"7m-ce-certified-electric-spray-booth","status":"publish","type":"product","link":"https:\/\/sprayboothmanufacturer.com\/fr\/product\/7m-ce-certified-electric-spray-booth\/","title":{"rendered":"ATK-7000-EH-CE cabine de pulv\u00e9risation \u00e9lectrique certifi\u00e9e CE de 7m | \u00c9quipement de peinture professionnel de taille standard | Solution industrielle \u00e9co\u00e9nerg\u00e9tique et respectueuse de l'environnement | Personnalisable | Approvisionnement direct d'usine"},"content":{"rendered":"<table style=\"height: 289px;\" width=\"771\">\n<tbody>\n<tr>\n<td width=\"142\"><strong><b>Quantit\u00e9 minimale de commande :<\/b><\/strong><\/td>\n<td width=\"142\">1 pi\u00e8ce<\/td>\n<td width=\"142\"><strong><b>Prix :<\/b><\/strong><\/td>\n<td width=\"142\">\u00c0 n\u00e9gocier<\/td>\n<\/tr>\n<tr>\n<td width=\"142\"><strong><b>D\u00e9tails de l'emballage :<\/b><\/strong><\/td>\n<td width=\"142\">40GP ou 20GP\/unit\u00e9<\/td>\n<td width=\"142\"><strong><b>D\u00e9lai de livraison :<\/b><\/strong><\/td>\n<td width=\"142\">15 jours \u00e0 n\u00e9gocier<\/td>\n<\/tr>\n<tr>\n<td width=\"142\"><strong><b>Conditions de paiement :<\/b><\/strong><\/td>\n<td width=\"142\">L\/C, T\/T<\/td>\n<td width=\"142\"><strong><b>Capacit\u00e9 d'approvisionnement :<\/b><\/strong><\/td>\n<td width=\"142\">50 unit\u00e9(s) par mois, cabine de pulv\u00e9risation industrielle, cabine de pulv\u00e9risation bus<\/td>\n<\/tr>\n<tr>\n<td width=\"142\"><strong><b>Lieu d'origine :<\/b><\/strong><\/td>\n<td width=\"142\">Jiangsu, Chine<\/td>\n<td width=\"142\"><strong><b>Nom de la marque :<\/b><\/strong><\/td>\n<td width=\"142\">Autoke<\/td>\n<\/tr>\n<tr>\n<td width=\"142\"><strong><b>Certification :<\/b><\/strong><\/td>\n<td width=\"142\">CE<\/td>\n<td width=\"142\"><strong><b>Num\u00e9ro de mod\u00e8le :<\/b><\/strong><\/td>\n<td width=\"142\">ATK-7000-EH-CE<\/td>\n<\/tr>\n<\/tbody>\n<\/table>\n<p>&nbsp;<\/p>\n<p class=\"ds-markdown-paragraph\"><strong>ATK-7000-EH-CE Cabine de pulv\u00e9risation \u00e9lectrique de luxe certifi\u00e9e CE de 7m<\/strong><\/p>\n<p class=\"ds-markdown-paragraph\">Ce produit est une cabine de pulv\u00e9risation \u00e9lectrique de qualit\u00e9 professionnelle soutenue par une certification CE officielle, respectant strictement la directive Machines 2006\/42\/CE et la directive Compatibilit\u00e9 \u00c9lectromagn\u00e9tique 2014\/30\/UE. Sa qualit\u00e9 et sa s\u00e9curit\u00e9 r\u00e9pondent aux normes internationales. Con\u00e7ue pour les ateliers de r\u00e9paration automobile, les centres de carrosserie et de peinture, ainsi que diverses applications de rev\u00eatement industriel qui valorisent la s\u00e9curit\u00e9 de la production, la conformit\u00e9 environnementale et un fonctionnement stable \u00e0 long terme, elle offre un environnement de peinture propre, efficace et fiable.<\/p>\n<p class=\"ds-markdown-paragraph\"><strong>Avantages principaux &amp; Assurance de certification :<\/strong><\/p>\n<p class=\"ds-markdown-paragraph\">\u2705\u00a0<strong>Certification CE internationale, s\u00e9curit\u00e9 &amp; conformit\u00e9<\/strong><br \/>\nLe produit a \u00e9t\u00e9 certifi\u00e9 par UDEM, conforme aux directives de s\u00e9curit\u00e9 des machines et de compatibilit\u00e9 \u00e9lectromagn\u00e9tique de l'UE (Certificat n\u00b0 : M.2024.206.C109232). Fournit une assurance de qualification officielle pour les clients exportant vers les march\u00e9s concern\u00e9s ou \u00e9tablissant des environnements op\u00e9rationnels de haut standard.<\/p>\n<p class=\"ds-markdown-paragraph\">\ud83d\udd25\u00a0<strong>Syst\u00e8me de chauffage \u00e9lectrique haute efficacit\u00e9<\/strong><br \/>\nUtilise 10 ensembles de lampes infrarouges halog\u00e8nes de cuisson d'une puissance totale de 30KW pour un chauffage rapide et uniforme. Atteint 40\u00b0C en 5-8 minutes, avec une temp\u00e9rature maximale de cuisson de 80\u00b0C. Ne produit pas d\u2019\u00e9chappement de combustion, offrant une solution propre et \u00e9cologique id\u00e9ale pour les ateliers int\u00e9rieurs avec des exigences strictes en mati\u00e8re de qualit\u00e9 de l'air.<\/p>\n<p class=\"ds-markdown-paragraph\">\ud83d\udca8\u00a0<strong>Alimentation en air puissante et propre<\/strong><br \/>\n\u00c9quip\u00e9e de 2\u00d74KW de ventilateurs centrifuges \u00e0 double admission, fournissant un d\u00e9bit d'air total de 30 000 m\u00b3\/h, associ\u00e9e \u00e0 un ventilateur d'extraction haute efficacit\u00e9 de 5,5KW (19 000 m\u00b3\/h). Assure un flux d'air descendant stable \u00e0 l'int\u00e9rieur de la cabine, \u00e9liminant rapidement la brume de peinture pour prot\u00e9ger la sant\u00e9 de l'op\u00e9rateur et la qualit\u00e9 de la finition.<\/p>\n<p class=\"ds-markdown-paragraph\">\ud83c\udf2b\ufe0f\u00a0<strong>Syst\u00e8me de filtration de pr\u00e9cision \u00e0 trois niveaux<\/strong><br \/>\n\u00c9quip\u00e9 d'un filtre primaire (&gt;10\u03bcm, efficacit\u00e9 &gt;90%), d'un filtre de plafond haute efficacit\u00e9 (&gt;4\u03bcm, efficacit\u00e9 &gt;98%) et d'un filtre en fibre de verre multicouche (&gt;90%). Une purification multicouche garantit un environnement de peinture propre selon des normes \u00e9lev\u00e9es.<\/p>\n<p class=\"ds-markdown-paragraph\">\ud83c\udfd7\ufe0f\u00a0<strong>Construction robuste et durable<\/strong><br \/>\nLes murs sont constitu\u00e9s de panneaux isolants en acier color\u00e9 double couche r\u00e9sistants au feu, remplis de laine de roche \u00e0 haute densit\u00e9 (100kg\/m\u00b3) pour une isolation thermique et acoustique. Le sol est une plateforme sur\u00e9lev\u00e9e de 300 mm en t\u00f4les d'acier galvanis\u00e9 avec des grilles en acier galvanis\u00e9 anticorrosion, offrant une capacit\u00e9 de charge totale sup\u00e9rieure \u00e0 5 tonnes pour une durabilit\u00e9 robuste.<\/p>\n<p class=\"ds-markdown-paragraph\">\ud83d\udcdf\u00a0<strong>Contr\u00f4le int\u00e9gr\u00e9 intelligent<\/strong><br \/>\nUn panneau de contr\u00f4le unifi\u00e9 int\u00e8gre l'\u00e9clairage, la peinture, la cuisson, la minuterie, la r\u00e9gulation de la temp\u00e9rature et la fonction d'arr\u00eat d'urgence. Une op\u00e9ration intuitive et simple am\u00e9liore la standardisation du flux de travail et la s\u00e9curit\u00e9.<\/p>\n<p class=\"ds-markdown-paragraph\"><strong>Sp\u00e9cifications Techniques Principales :<\/strong><\/p>\n<ul>\n<li>\n<p class=\"ds-markdown-paragraph\">Dimensions ext\u00e9rieures : 7000\u00d74000\u00d73350 mm<\/p>\n<\/li>\n<li>\n<p class=\"ds-markdown-paragraph\">Dimensions internes de travail : 6900\u00d73900\u00d72650 mm<\/p>\n<\/li>\n<li>\n<p class=\"ds-markdown-paragraph\">M\u00e9thode de chauffage : Chauffage \u00e9lectrique (lampes infrarouges halog\u00e8nes)<\/p>\n<\/li>\n<li>\n<p class=\"ds-markdown-paragraph\">Puissance totale de chauffage : 30 KW<\/p>\n<\/li>\n<li>\n<p class=\"ds-markdown-paragraph\">Puissance totale de l'\u00e9quipement : 38 KW<\/p>\n<\/li>\n<li>\n<p class=\"ds-markdown-paragraph\">Tension\/Fr\u00e9quence : 220V\/380V, 50Hz<\/p>\n<\/li>\n<li>\n<p class=\"ds-markdown-paragraph\">Informations sur l'emballage : Environ 19 CBM\/ensemble, Poids ~3500kg<\/p>\n<\/li>\n<\/ul>\n<p class=\"ds-markdown-paragraph\"><strong>Applications id\u00e9ales :<\/strong><\/p>\n<ul>\n<li>\n<p class=\"ds-markdown-paragraph\">Entreprises de r\u00e9paration orient\u00e9es \u00e0 l'export n\u00e9cessitant des certifications de s\u00e9curit\u00e9 internationales<\/p>\n<\/li>\n<li>\n<p class=\"ds-markdown-paragraph\">Ateliers 4S automobiles et centres de r\u00e9paration dans des r\u00e9gions avec des r\u00e9glementations environnementales strictes<\/p>\n<\/li>\n<li>\n<p class=\"ds-markdown-paragraph\">Peinture industrielle pour l'\u00e9lectronique, la machinerie de pr\u00e9cision et autres applications exigeant une haute propret\u00e9<\/p>\n<\/li>\n<li>\n<p class=\"ds-markdown-paragraph\">Toute op\u00e9ration de peinture privil\u00e9giant l'\u00e9nergie propre (\u00e9lectricit\u00e9)<\/p>\n<\/li>\n<\/ul>\n<p class=\"ds-markdown-paragraph\">Nous proposons une personnalisation flexible en couleur, configuration, et plus encore selon vos besoins sp\u00e9cifiques.<\/p>\n<p class=\"ds-markdown-paragraph\"><strong>Contactez notre \u00e9quipe technique pour obtenir des documents d\u00e9taill\u00e9s de certification CE, des sp\u00e9cifications techniques, et une proposition commerciale adapt\u00e9e.<\/strong><\/p>","protected":false},"excerpt":{"rendered":"<p>L'ATK-7000-EH-CE est une cabine de pulv\u00e9risation \u00e9lectrique standard de 7 m\u00e8tres conforme aux directives de s\u00e9curit\u00e9 CE et de compatibilit\u00e9 \u00e9lectromagn\u00e9tique de l'UE. Dot\u00e9e d'un syst\u00e8me de chauffage par lampe infrarouge haute efficacit\u00e9 de 30KW pour un chauffage rapide en 5-8 minutes, d'une filtration \u00e0 trois niveaux et d'un contr\u00f4le intelligent, elle est con\u00e7ue pour les ateliers de r\u00e9paration automobile et les utilisateurs de peinture industrielle qui privil\u00e9gient des normes \u00e9lev\u00e9es, la s\u00e9curit\u00e9 et des performances fiables.<\/p>","protected":false},"featured_media":3189,"comment_status":"open","ping_status":"closed","template":"","meta":[],"product_brand":[76],"product_cat":[60,59],"product_tag":[79,73,63,72,69,94,68,84,83],"class_list":{"0":"post-3276","1":"product","2":"type-product","3":"status-publish","4":"has-post-thumbnail","6":"product_brand-autoke","7":"product_cat-car-spray-booth","8":"product_cat-spray-booth","9":"product_tag-automotive-spray-booth","10":"product_tag-automotive-spray-booth-manufacturer","11":"product_tag-car-spray-booth","12":"product_tag-car-spray-booth-factory","13":"product_tag-ce-car-spray-booth","14":"product_tag-commercial-vehicle-paint-curing-oven","15":"product_tag-customized-car-spray-booth","16":"product_tag-industrial-coating","17":"product_tag-paint-booth-solutions","19":"first","20":"instock","21":"shipping-taxable","22":"product-type-simple"},"yoast_head":"<!-- This site is optimized with the Yoast SEO plugin v27.4 - https:\/\/yoast.com\/product\/yoast-seo-wordpress\/ -->\n<title>ATK-7000-EH-CE 7m CE-Certified Electric Spray Booth | Standard Size Professional Painting Equipment | Energy-Efficient &amp; Eco-Friendly Industrial Solution | Customizable | Factory Direct Supply - Autoke-China Paint Booth Manufacturer<\/title>\n<meta name=\"robots\" content=\"index, follow, max-snippet:-1, max-image-preview:large, max-video-preview:-1\" \/>\n<link rel=\"canonical\" href=\"https:\/\/sprayboothmanufacturer.com\/fr\/product\/7m-ce-certified-electric-spray-booth\/\" \/>\n<meta property=\"og:locale\" content=\"fr_FR\" \/>\n<meta property=\"og:type\" content=\"article\" \/>\n<meta property=\"og:title\" content=\"ATK-7000-EH-CE 7m CE-Certified Electric Spray Booth | Standard Size Professional Painting Equipment | Energy-Efficient &amp; Eco-Friendly Industrial Solution | Customizable | Factory Direct Supply - Autoke-China Paint Booth Manufacturer\" \/>\n<meta property=\"og:description\" content=\"The ATK-7000-EH-CE is a 7-meter standard electric spray booth compliant with EU CE safety and electromagnetic compatibility directives. Featuring a 30KW high-efficiency infrared lamp heating system for rapid warm-up within 5-8 minutes, triple-stage filtration, and intelligent control, it is designed for automotive repair shops and industrial painting users who prioritize high standards, safety, and reliable performance.\" \/>\n<meta property=\"og:url\" content=\"https:\/\/sprayboothmanufacturer.com\/fr\/product\/7m-ce-certified-electric-spray-booth\/\" \/>\n<meta property=\"og:site_name\" content=\"Autoke-China Paint Booth Manufacturer\" \/>\n<meta property=\"og:image\" content=\"https:\/\/sprayboothmanufacturer.com\/wp-content\/uploads\/2026\/02\/21.png\" \/>\n\t<meta property=\"og:image:width\" content=\"800\" \/>\n\t<meta property=\"og:image:height\" content=\"800\" \/>\n\t<meta property=\"og:image:type\" content=\"image\/png\" \/>\n<meta name=\"twitter:card\" content=\"summary_large_image\" \/>\n<meta name=\"twitter:label1\" content=\"Dur\u00e9e de lecture estim\u00e9e\" \/>\n\t<meta name=\"twitter:data1\" content=\"3 minutes\" \/>\n<script type=\"application\/ld+json\" class=\"yoast-schema-graph\">{\"@context\":\"https:\\\/\\\/schema.org\",\"@graph\":[{\"@type\":\"WebPage\",\"@id\":\"https:\\\/\\\/sprayboothmanufacturer.com\\\/product\\\/7m-ce-certified-electric-spray-booth\\\/\",\"url\":\"https:\\\/\\\/sprayboothmanufacturer.com\\\/product\\\/7m-ce-certified-electric-spray-booth\\\/\",\"name\":\"ATK-7000-EH-CE 7m CE-Certified Electric Spray Booth | Standard Size Professional Painting Equipment | Energy-Efficient & Eco-Friendly Industrial Solution | Customizable | Factory Direct Supply - Autoke-China Paint Booth Manufacturer\",\"isPartOf\":{\"@id\":\"https:\\\/\\\/sprayboothmanufacturer.com\\\/#website\"},\"primaryImageOfPage\":{\"@id\":\"https:\\\/\\\/sprayboothmanufacturer.com\\\/product\\\/7m-ce-certified-electric-spray-booth\\\/#primaryimage\"},\"image\":{\"@id\":\"https:\\\/\\\/sprayboothmanufacturer.com\\\/product\\\/7m-ce-certified-electric-spray-booth\\\/#primaryimage\"},\"thumbnailUrl\":\"https:\\\/\\\/sprayboothmanufacturer.com\\\/wp-content\\\/uploads\\\/2026\\\/02\\\/21.png\",\"datePublished\":\"2026-02-06T02:28:14+00:00\",\"breadcrumb\":{\"@id\":\"https:\\\/\\\/sprayboothmanufacturer.com\\\/product\\\/7m-ce-certified-electric-spray-booth\\\/#breadcrumb\"},\"inLanguage\":\"fr-FR\",\"potentialAction\":[{\"@type\":\"ReadAction\",\"target\":[\"https:\\\/\\\/sprayboothmanufacturer.com\\\/product\\\/7m-ce-certified-electric-spray-booth\\\/\"]}]},{\"@type\":\"ImageObject\",\"inLanguage\":\"fr-FR\",\"@id\":\"https:\\\/\\\/sprayboothmanufacturer.com\\\/product\\\/7m-ce-certified-electric-spray-booth\\\/#primaryimage\",\"url\":\"https:\\\/\\\/sprayboothmanufacturer.com\\\/wp-content\\\/uploads\\\/2026\\\/02\\\/21.png\",\"contentUrl\":\"https:\\\/\\\/sprayboothmanufacturer.com\\\/wp-content\\\/uploads\\\/2026\\\/02\\\/21.png\",\"width\":800,\"height\":800},{\"@type\":\"BreadcrumbList\",\"@id\":\"https:\\\/\\\/sprayboothmanufacturer.com\\\/product\\\/7m-ce-certified-electric-spray-booth\\\/#breadcrumb\",\"itemListElement\":[{\"@type\":\"ListItem\",\"position\":1,\"name\":\"Home\",\"item\":\"https:\\\/\\\/sprayboothmanufacturer.com\\\/\"},{\"@type\":\"ListItem\",\"position\":2,\"name\":\"\u4ea7\u54c1\",\"item\":\"https:\\\/\\\/sprayboothmanufacturer.com\\\/shop__trashed\\\/\"},{\"@type\":\"ListItem\",\"position\":3,\"name\":\"ATK-7000-EH-CE 7m CE-Certified Electric Spray Booth | Standard Size Professional Painting Equipment | Energy-Efficient &#038; Eco-Friendly Industrial Solution | Customizable | Factory Direct Supply\"}]},{\"@type\":\"WebSite\",\"@id\":\"https:\\\/\\\/sprayboothmanufacturer.com\\\/#website\",\"url\":\"https:\\\/\\\/sprayboothmanufacturer.com\\\/\",\"name\":\"Autoke-China Paint Booth Manufacturer\",\"description\":\"\",\"publisher\":{\"@id\":\"https:\\\/\\\/sprayboothmanufacturer.com\\\/#organization\"},\"potentialAction\":[{\"@type\":\"SearchAction\",\"target\":{\"@type\":\"EntryPoint\",\"urlTemplate\":\"https:\\\/\\\/sprayboothmanufacturer.com\\\/?s={search_term_string}\"},\"query-input\":{\"@type\":\"PropertyValueSpecification\",\"valueRequired\":true,\"valueName\":\"search_term_string\"}}],\"inLanguage\":\"fr-FR\"},{\"@type\":\"Organization\",\"@id\":\"https:\\\/\\\/sprayboothmanufacturer.com\\\/#organization\",\"name\":\"Autoke-China Paint Booth Manufacturer\",\"url\":\"https:\\\/\\\/sprayboothmanufacturer.com\\\/\",\"logo\":{\"@type\":\"ImageObject\",\"inLanguage\":\"fr-FR\",\"@id\":\"https:\\\/\\\/sprayboothmanufacturer.com\\\/#\\\/schema\\\/logo\\\/image\\\/\",\"url\":\"https:\\\/\\\/sprayboothmanufacturer.com\\\/wp-content\\\/uploads\\\/2025\\\/12\\\/\u5fae\u4fe1\u56fe\u7247_20260113195103_1750_4-scaled-e1768394147958.png\",\"contentUrl\":\"https:\\\/\\\/sprayboothmanufacturer.com\\\/wp-content\\\/uploads\\\/2025\\\/12\\\/\u5fae\u4fe1\u56fe\u7247_20260113195103_1750_4-scaled-e1768394147958.png\",\"width\":1740,\"height\":538,\"caption\":\"Autoke-China Paint Booth Manufacturer\"},\"image\":{\"@id\":\"https:\\\/\\\/sprayboothmanufacturer.com\\\/#\\\/schema\\\/logo\\\/image\\\/\"}}]}<\/script>\n<!-- \/ Yoast SEO plugin. -->","yoast_head_json":{"title":"ATK-7000-EH-CE Cabine de pulv\u00e9risation \u00e9lectrique certifi\u00e9e CE de 7m | \u00c9quipement de peinture professionnel de taille standard | Solution industrielle \u00e9co\u00e9nerg\u00e9tique et respectueuse de l'environnement | Personnalisable | Fourniture directe d'usine - Fabricant de cabines de peinture Autoke-China","robots":{"index":"index","follow":"follow","max-snippet":"max-snippet:-1","max-image-preview":"max-image-preview:large","max-video-preview":"max-video-preview:-1"},"canonical":"https:\/\/sprayboothmanufacturer.com\/fr\/product\/7m-ce-certified-electric-spray-booth\/","og_locale":"fr_FR","og_type":"article","og_title":"ATK-7000-EH-CE 7m CE-Certified Electric Spray Booth | Standard Size Professional Painting Equipment | Energy-Efficient & Eco-Friendly Industrial Solution | Customizable | Factory Direct Supply - Autoke-China Paint Booth Manufacturer","og_description":"The ATK-7000-EH-CE is a 7-meter standard electric spray booth compliant with EU CE safety and electromagnetic compatibility directives. Featuring a 30KW high-efficiency infrared lamp heating system for rapid warm-up within 5-8 minutes, triple-stage filtration, and intelligent control, it is designed for automotive repair shops and industrial painting users who prioritize high standards, safety, and reliable performance.","og_url":"https:\/\/sprayboothmanufacturer.com\/fr\/product\/7m-ce-certified-electric-spray-booth\/","og_site_name":"Autoke-China Paint Booth Manufacturer","og_image":[{"width":800,"height":800,"url":"https:\/\/sprayboothmanufacturer.com\/wp-content\/uploads\/2026\/02\/21.png","type":"image\/png"}],"twitter_card":"summary_large_image","twitter_misc":{"Dur\u00e9e de lecture estim\u00e9e":"3 minutes"},"schema":{"@context":"https:\/\/schema.org","@graph":[{"@type":"WebPage","@id":"https:\/\/sprayboothmanufacturer.com\/product\/7m-ce-certified-electric-spray-booth\/","url":"https:\/\/sprayboothmanufacturer.com\/product\/7m-ce-certified-electric-spray-booth\/","name":"ATK-7000-EH-CE Cabine de pulv\u00e9risation \u00e9lectrique certifi\u00e9e CE de 7m | \u00c9quipement de peinture professionnel de taille standard | Solution industrielle \u00e9co\u00e9nerg\u00e9tique et respectueuse de l'environnement | Personnalisable | Fourniture directe d'usine - Fabricant de cabines de peinture Autoke-China","isPartOf":{"@id":"https:\/\/sprayboothmanufacturer.com\/#website"},"primaryImageOfPage":{"@id":"https:\/\/sprayboothmanufacturer.com\/product\/7m-ce-certified-electric-spray-booth\/#primaryimage"},"image":{"@id":"https:\/\/sprayboothmanufacturer.com\/product\/7m-ce-certified-electric-spray-booth\/#primaryimage"},"thumbnailUrl":"https:\/\/sprayboothmanufacturer.com\/wp-content\/uploads\/2026\/02\/21.png","datePublished":"2026-02-06T02:28:14+00:00","breadcrumb":{"@id":"https:\/\/sprayboothmanufacturer.com\/product\/7m-ce-certified-electric-spray-booth\/#breadcrumb"},"inLanguage":"fr-FR","potentialAction":[{"@type":"ReadAction","target":["https:\/\/sprayboothmanufacturer.com\/product\/7m-ce-certified-electric-spray-booth\/"]}]},{"@type":"ImageObject","inLanguage":"fr-FR","@id":"https:\/\/sprayboothmanufacturer.com\/product\/7m-ce-certified-electric-spray-booth\/#primaryimage","url":"https:\/\/sprayboothmanufacturer.com\/wp-content\/uploads\/2026\/02\/21.png","contentUrl":"https:\/\/sprayboothmanufacturer.com\/wp-content\/uploads\/2026\/02\/21.png","width":800,"height":800},{"@type":"BreadcrumbList","@id":"https:\/\/sprayboothmanufacturer.com\/product\/7m-ce-certified-electric-spray-booth\/#breadcrumb","itemListElement":[{"@type":"ListItem","position":1,"name":"Home","item":"https:\/\/sprayboothmanufacturer.com\/"},{"@type":"ListItem","position":2,"name":"\u4ea7\u54c1","item":"https:\/\/sprayboothmanufacturer.com\/shop__trashed\/"},{"@type":"ListItem","position":3,"name":"ATK-7000-EH-CE 7m CE-Certified Electric Spray Booth | Standard Size Professional Painting Equipment | Energy-Efficient &#038; Eco-Friendly Industrial Solution | Customizable | Factory Direct Supply"}]},{"@type":"WebSite","@id":"https:\/\/sprayboothmanufacturer.com\/#website","url":"https:\/\/sprayboothmanufacturer.com\/","name":"Fabricant de cabines de peinture Autoke-Chine","description":"","publisher":{"@id":"https:\/\/sprayboothmanufacturer.com\/#organization"},"potentialAction":[{"@type":"SearchAction","target":{"@type":"EntryPoint","urlTemplate":"https:\/\/sprayboothmanufacturer.com\/?s={search_term_string}"},"query-input":{"@type":"PropertyValueSpecification","valueRequired":true,"valueName":"search_term_string"}}],"inLanguage":"fr-FR"},{"@type":"Organization","@id":"https:\/\/sprayboothmanufacturer.com\/#organization","name":"Fabricant de cabines de peinture Autoke-Chine","url":"https:\/\/sprayboothmanufacturer.com\/","logo":{"@type":"ImageObject","inLanguage":"fr-FR","@id":"https:\/\/sprayboothmanufacturer.com\/#\/schema\/logo\/image\/","url":"https:\/\/sprayboothmanufacturer.com\/wp-content\/uploads\/2025\/12\/\u5fae\u4fe1\u56fe\u7247_20260113195103_1750_4-scaled-e1768394147958.png","contentUrl":"https:\/\/sprayboothmanufacturer.com\/wp-content\/uploads\/2025\/12\/\u5fae\u4fe1\u56fe\u7247_20260113195103_1750_4-scaled-e1768394147958.png","width":1740,"height":538,"caption":"Autoke-China Paint Booth Manufacturer"},"image":{"@id":"https:\/\/sprayboothmanufacturer.com\/#\/schema\/logo\/image\/"}}]}},"_links":{"self":[{"href":"https:\/\/sprayboothmanufacturer.com\/fr\/wp-json\/wp\/v2\/product\/3276","targetHints":{"allow":["GET"]}}],"collection":[{"href":"https:\/\/sprayboothmanufacturer.com\/fr\/wp-json\/wp\/v2\/product"}],"about":[{"href":"https:\/\/sprayboothmanufacturer.com\/fr\/wp-json\/wp\/v2\/types\/product"}],"replies":[{"embeddable":true,"href":"https:\/\/sprayboothmanufacturer.com\/fr\/wp-json\/wp\/v2\/comments?post=3276"}],"version-history":[{"count":1,"href":"https:\/\/sprayboothmanufacturer.com\/fr\/wp-json\/wp\/v2\/product\/3276\/revisions"}],"predecessor-version":[{"id":3277,"href":"https:\/\/sprayboothmanufacturer.com\/fr\/wp-json\/wp\/v2\/product\/3276\/revisions\/3277"}],"wp:featuredmedia":[{"embeddable":true,"href":"https:\/\/sprayboothmanufacturer.com\/fr\/wp-json\/wp\/v2\/media\/3189"}],"wp:attachment":[{"href":"https:\/\/sprayboothmanufacturer.com\/fr\/wp-json\/wp\/v2\/media?parent=3276"}],"wp:term":[{"taxonomy":"product_brand","embeddable":true,"href":"https:\/\/sprayboothmanufacturer.com\/fr\/wp-json\/wp\/v2\/product_brand?post=3276"},{"taxonomy":"product_cat","embeddable":true,"href":"https:\/\/sprayboothmanufacturer.com\/fr\/wp-json\/wp\/v2\/product_cat?post=3276"},{"taxonomy":"product_tag","embeddable":true,"href":"https:\/\/sprayboothmanufacturer.com\/fr\/wp-json\/wp\/v2\/product_tag?post=3276"}],"curies":[{"name":"wp","href":"https:\/\/api.w.org\/{rel}","templated":true}]}}