{"id":3274,"date":"2026-02-06T02:11:03","date_gmt":"2026-02-06T02:11:03","guid":{"rendered":"https:\/\/sprayboothmanufacturer.com\/?post_type=product&#038;p=3274"},"modified":"2026-02-06T02:12:02","modified_gmt":"2026-02-06T02:12:02","slug":"7m-integrated-body-paint-workstation","status":"publish","type":"product","link":"https:\/\/sprayboothmanufacturer.com\/fr\/product\/7m-integrated-body-paint-workstation\/","title":{"rendered":"ATK-7000-WS-PRO Poste de travail int\u00e9gr\u00e9 pour carrosserie et peinture de 7 m | Cabine de pulv\u00e9risation + Salle de pr\u00e9paration + Salle de m\u00e9lange, combo professionnel | Solution compl\u00e8te pour atelier de r\u00e9paration automobile | Personnalisations modulaires disponibles"},"content":{"rendered":"<table style=\"height: 164px;\" width=\"786\">\n<tbody>\n<tr>\n<td width=\"142\"><strong><b>Quantit\u00e9 minimale de commande :<\/b><\/strong><\/td>\n<td width=\"142\">1 pi\u00e8ce<\/td>\n<td width=\"142\"><strong><b>Prix :<\/b><\/strong><\/td>\n<td width=\"142\">\u00c0 n\u00e9gocier<\/td>\n<\/tr>\n<tr>\n<td width=\"142\"><strong><b>D\u00e9tails de l'emballage :<\/b><\/strong><\/td>\n<td width=\"142\">40GP ou 20GP\/unit\u00e9<\/td>\n<td width=\"142\"><strong><b>D\u00e9lai de livraison :<\/b><\/strong><\/td>\n<td width=\"142\">15 jours \u00e0 n\u00e9gocier<\/td>\n<\/tr>\n<tr>\n<td width=\"142\"><strong><b>Conditions de paiement :<\/b><\/strong><\/td>\n<td width=\"142\">L\/C, T\/T<\/td>\n<td width=\"142\"><strong><b>Capacit\u00e9 d'approvisionnement :<\/b><\/strong><\/td>\n<td width=\"142\">50 unit\u00e9(s) par mois, cabine de pulv\u00e9risation industrielle, cabine de pulv\u00e9risation bus<\/td>\n<\/tr>\n<tr>\n<td width=\"142\"><strong><b>Lieu d'origine :<\/b><\/strong><\/td>\n<td width=\"142\">Jiangsu, Chine<\/td>\n<td width=\"142\"><strong><b>Nom de la marque :<\/b><\/strong><\/td>\n<td width=\"142\">Autoke<\/td>\n<\/tr>\n<tr>\n<td width=\"142\"><strong><b>Certification :<\/b><\/strong><\/td>\n<td width=\"142\">CE<\/td>\n<td width=\"142\"><strong><b>Num\u00e9ro de mod\u00e8le :<\/b><\/strong><\/td>\n<td width=\"142\">ATK-7000-WS-PRO<\/td>\n<\/tr>\n<\/tbody>\n<\/table>\n<p class=\"ds-markdown-paragraph\"><strong>ATK-7000-WS-PRO Poste de travail professionnel int\u00e9gr\u00e9 de carrosserie et peinture de 7 m<\/strong><\/p>\n<p class=\"ds-markdown-paragraph\">Ce produit est un poste de travail professionnel int\u00e9gr\u00e9 et modulaire con\u00e7u pour la r\u00e9paration automobile, combinant scientifiquement trois zones fonctionnelles cl\u00e9s : peinture, pr\u00e9paration au pon\u00e7age \u00e0 sec, et m\u00e9lange de peinture. Con\u00e7u pour les entreprises de r\u00e9paration automobile, les ateliers de carrosserie et les centres 4S cherchant un flux de travail efficace, une segmentation claire des processus, et un environnement sain et respectueux de l\u2019environnement. Il offre une solution compl\u00e8te cl\u00e9 en main, de la pr\u00e9paration des pi\u00e8ces \u00e0 la peinture finale, am\u00e9liorant significativement l\u2019efficacit\u00e9 op\u00e9rationnelle et la qualit\u00e9 du lieu de travail.<\/p>\n<p class=\"ds-markdown-paragraph\"><strong>Composants du syst\u00e8me &amp; Caract\u00e9ristiques principales :<\/strong><\/p>\n<p class=\"ds-markdown-paragraph\"><strong>1. Cabine de pulv\u00e9risation principale (Zone de peinture)<\/strong><\/p>\n<ul>\n<li>\n<p class=\"ds-markdown-paragraph\"><strong>Dimensions :<\/strong>\u00a0Ext\u00e9rieur : 7000\u00d74000\u00d73350mm | Int\u00e9rieur : 6900\u00d73900\u00d72650mm<\/p>\n<\/li>\n<li>\n<p class=\"ds-markdown-paragraph\"><strong>Syst\u00e8me de chauffage :<\/strong>\u00a0Chauffage \u00e9lectrique (220V\/380V). 10 lampes halog\u00e8nes infrarouges de cuisson, total 30KW. Chauffe \u00e0 40\u00b0C en 5-8 minutes, max 80\u00b0C.<\/p>\n<\/li>\n<li>\n<p class=\"ds-markdown-paragraph\"><strong>Ventilation :<\/strong>\u00a02\u00d7 ventilateurs centrifuges \u00e0 double admission de 4KW (alimentation de 30 000 m\u00b3\/h) | 1\u00d7 ventilateur d\u2019\u00e9chappement de 5,5KW (19 000 m\u00b3\/h).<\/p>\n<\/li>\n<li>\n<p class=\"ds-markdown-paragraph\"><strong>Filtration :<\/strong>\u00a0Efficacit\u00e9 \u00e0 3 niveaux (Primaire &gt;90%, Plafond &gt;98%, Sol &gt;90%).<\/p>\n<\/li>\n<li>\n<p class=\"ds-markdown-paragraph\"><strong>\u00c9clairage :<\/strong>\u00a0Luminaires LED au plafond 24\u00d718W + 8\u00d748W sur les murs lat\u00e9raux.<\/p>\n<\/li>\n<li>\n<p class=\"ds-markdown-paragraph\"><strong>Contr\u00f4le:<\/strong>\u00a0Panneau intelligent int\u00e9grant la peinture, la cuisson, le minuteur, le contr\u00f4le de la temp\u00e9rature, l\u2019arr\u00eat d\u2019urgence.<\/p>\n<\/li>\n<\/ul>\n<p class=\"ds-markdown-paragraph\"><strong>2. Salle de pr\u00e9paration au pon\u00e7age \u00e0 sec (Zone de pon\u00e7age &amp; pr\u00e9paration)<\/strong><\/p>\n<ul>\n<li>\n<p class=\"ds-markdown-paragraph\"><strong>Dimensions :<\/strong>\u00a0M\u00eame sp\u00e9cifications que la cabine de pulv\u00e9risation principale.<\/p>\n<\/li>\n<li>\n<p class=\"ds-markdown-paragraph\"><strong>\u00c9quipement principal :<\/strong>\u00a0Bo\u00eete \u00e0 filtre d\u2019extraction de poussi\u00e8re pour pon\u00e7age \u00e0 sec professionnel. Construite en t\u00f4le galvanis\u00e9e de 1 mm et cadre en tube carr\u00e9 avec peinture en poudre. \u00c9quip\u00e9e de coton filtrant et de charbon actif.<\/p>\n<\/li>\n<li>\n<p class=\"ds-markdown-paragraph\"><strong>Syst\u00e8me d'\u00e9chappement :<\/strong>\u00a01\u00d7 ventilateur d\u2019\u00e9chappement centrifuge haute puissance de 7,5KW pour une \u00e9limination efficace de la poussi\u00e8re.<\/p>\n<\/li>\n<li>\n<p class=\"ds-markdown-paragraph\"><strong>Fonction :<\/strong>\u00a0Espace d\u00e9di\u00e9 au pon\u00e7age et au nettoyage apr\u00e8s r\u00e9paration de carrosserie, isolant efficacement la poussi\u00e8re pour \u00e9viter la contamination de la zone de peinture.<\/p>\n<\/li>\n<\/ul>\n<p class=\"ds-markdown-paragraph\"><strong>3. Salle de m\u00e9lange de peinture s\u00e9par\u00e9e (Zone de m\u00e9lange de peinture)<\/strong><\/p>\n<ul>\n<li>\n<p class=\"ds-markdown-paragraph\"><strong>Dimensions :<\/strong>\u00a0Externe : 3000\u00d74000\u00d73350mm | Interne : 2900\u00d73900\u00d73000mm.<\/p>\n<\/li>\n<li>\n<p class=\"ds-markdown-paragraph\"><strong>\u00c9quipement standard :<\/strong>\u00a0Cabinet de m\u00e9lange de peinture professionnel antid\u00e9flagrant.<\/p>\n<\/li>\n<li>\n<p class=\"ds-markdown-paragraph\"><strong>Fonction :<\/strong>\u00a0Un espace ind\u00e9pendant et ferm\u00e9 pour le m\u00e9lange et le stockage s\u00e9curis\u00e9s de la peinture, emp\u00eachant les vapeurs de solvants d'affecter d'autres zones de travail, garantissant la conformit\u00e9 aux normes de s\u00e9curit\u00e9.<\/p>\n<\/li>\n<\/ul>\n<p class=\"ds-markdown-paragraph\"><strong>Avantages globaux :<\/strong><\/p>\n<ul>\n<li>\n<p class=\"ds-markdown-paragraph\"><strong>Flux de travail rationalis\u00e9 :<\/strong>\u00a0Trois zones distinctes mais interconnect\u00e9es optimisent le d\u00e9placement du travail et minimisent la contamination crois\u00e9e.<\/p>\n<\/li>\n<li>\n<p class=\"ds-markdown-paragraph\"><strong>Respectueux de l'environnement &amp; sain :<\/strong>\u00a0Des syst\u00e8mes de traitement de l'air s\u00e9par\u00e9s pour chaque zone assurent une collecte et une filtration concentr\u00e9es de la poussi\u00e8re et des fum\u00e9es, am\u00e9liorant la qualit\u00e9 de l'air global de l'atelier.<\/p>\n<\/li>\n<li>\n<p class=\"ds-markdown-paragraph\"><strong>Configuration flexible :<\/strong>\u00a0Le poste de travail peut \u00eatre s\u00e9lectionn\u00e9 et personnalis\u00e9 de mani\u00e8re modulaire en fonction du plan d'\u00e9tage, du budget et des besoins op\u00e9rationnels du client.<\/p>\n<\/li>\n<li>\n<p class=\"ds-markdown-paragraph\"><strong>Construction robuste :<\/strong>\u00a0Toutes les zones disposent de panneaux muraux en acier color\u00e9 double couche isol\u00e9s (laine de roche 100kg\/m\u00b3), de toits en acier galvanis\u00e9, et de sols en grille en acier galvanis\u00e9 robuste (capacit\u00e9 de charge \u22655t).<\/p>\n<\/li>\n<\/ul>\n<p class=\"ds-markdown-paragraph\"><strong>Applications id\u00e9ales :<\/strong><\/p>\n<ul>\n<li>\n<p class=\"ds-markdown-paragraph\">Installations de r\u00e9paration automobile \u00e0 grande \u00e9chelle.<\/p>\n<\/li>\n<li>\n<p class=\"ds-markdown-paragraph\">Centres de carrosserie et de peinture de marques automobiles.<\/p>\n<\/li>\n<li>\n<p class=\"ds-markdown-paragraph\">Usines professionnelles de r\u00e9paration de carrosserie de camions et d'autobus.<\/p>\n<\/li>\n<li>\n<p class=\"ds-markdown-paragraph\">Ateliers de pulv\u00e9risation existants pr\u00e9voyant de se moderniser pour la conformit\u00e9 environnementale et l'efficacit\u00e9.<\/p>\n<\/li>\n<\/ul>\n<p class=\"ds-markdown-paragraph\">Nous fournissons un support technique complet, de la conception de l'agencement et de la configuration de l'\u00e9quipement \u00e0 l'assistance \u00e0 l'installation.<\/p>\n<p class=\"ds-markdown-paragraph\"><strong>Contactez nos consultants techniques pour une proposition personnalis\u00e9e de planification de poste de travail et un devis d\u00e9taill\u00e9.<\/strong><\/p>","protected":false},"excerpt":{"rendered":"<p>Le ATK-7000-WS-PRO est une solution compl\u00e8te de poste de travail pour la carrosserie et la peinture automobile, int\u00e9grant une cabine de pulv\u00e9risation standard de 7 m, une salle de pr\u00e9paration au pon\u00e7age \u00e0 sec de taille \u00e9quivalente, et une salle de m\u00e9lange de peinture s\u00e9par\u00e9e. Dot\u00e9 d\u2019un chauffage \u00e9lectrique, d\u2019un syst\u00e8me professionnel de filtration d\u2019extraction de poussi\u00e8re, et d\u2019un contr\u00f4le intelligent, il offre une couverture compl\u00e8te pour le pon\u00e7age, le m\u00e9lange de peinture et la pulv\u00e9risation. Con\u00e7u pour des ateliers de r\u00e9paration de taille moyenne \u00e0 grande et des centres de collision professionnels.<\/p>","protected":false},"featured_media":3197,"comment_status":"open","ping_status":"closed","template":"","meta":[],"product_brand":[76],"product_cat":[60,59],"product_tag":[75,79,73,63,72,66,69,68,65],"class_list":{"0":"post-3274","1":"product","2":"type-product","3":"status-publish","4":"has-post-thumbnail","6":"product_brand-autoke","7":"product_cat-car-spray-booth","8":"product_cat-spray-booth","9":"product_tag-8m-diesel-car-paint-booth","10":"product_tag-automotive-spray-booth","11":"product_tag-automotive-spray-booth-manufacturer","12":"product_tag-car-spray-booth","13":"product_tag-car-spray-booth-factory","14":"product_tag-car-spray-booth-manufacturer","15":"product_tag-ce-car-spray-booth","16":"product_tag-customized-car-spray-booth","17":"product_tag-efficient-car-spray-booth","19":"first","20":"instock","21":"shipping-taxable","22":"product-type-simple"},"yoast_head":"<!-- This site is optimized with the Yoast SEO plugin v27.4 - https:\/\/yoast.com\/product\/yoast-seo-wordpress\/ -->\n<title>ATK-7000-WS-PRO 7m Integrated Body &amp; Paint Workstation | Spray Booth + Prep Room + Mix Room Professional Combo | Complete Workshop Solution for Auto Repair | Modular Customization Available - Autoke-China Paint Booth Manufacturer<\/title>\n<meta name=\"robots\" content=\"index, follow, max-snippet:-1, max-image-preview:large, max-video-preview:-1\" \/>\n<link rel=\"canonical\" href=\"https:\/\/sprayboothmanufacturer.com\/fr\/product\/7m-integrated-body-paint-workstation\/\" \/>\n<meta property=\"og:locale\" content=\"fr_FR\" \/>\n<meta property=\"og:type\" content=\"article\" \/>\n<meta property=\"og:title\" content=\"ATK-7000-WS-PRO 7m Integrated Body &amp; Paint Workstation | Spray Booth + Prep Room + Mix Room Professional Combo | Complete Workshop Solution for Auto Repair | Modular Customization Available - Autoke-China Paint Booth Manufacturer\" \/>\n<meta property=\"og:description\" content=\"The ATK-7000-WS-PRO is a complete automotive body and paint workstation solution, integrating a 7m standard spray booth, an equally sized dry sanding preparation room, and a separate paint mixing room. Featuring electric heating, professional dust extraction filtration, and intelligent control, it provides end-to-end coverage for sanding, paint mixing, and spraying. Designed for medium-to-large repair workshops and professional collision centers.\" \/>\n<meta property=\"og:url\" content=\"https:\/\/sprayboothmanufacturer.com\/fr\/product\/7m-integrated-body-paint-workstation\/\" \/>\n<meta property=\"og:site_name\" content=\"Autoke-China Paint Booth Manufacturer\" \/>\n<meta property=\"article:modified_time\" content=\"2026-02-06T02:12:02+00:00\" \/>\n<meta property=\"og:image\" content=\"https:\/\/sprayboothmanufacturer.com\/wp-content\/uploads\/2026\/02\/29.png\" \/>\n\t<meta property=\"og:image:width\" content=\"800\" \/>\n\t<meta property=\"og:image:height\" content=\"800\" \/>\n\t<meta property=\"og:image:type\" content=\"image\/png\" \/>\n<meta name=\"twitter:card\" content=\"summary_large_image\" \/>\n<meta name=\"twitter:label1\" content=\"Dur\u00e9e de lecture estim\u00e9e\" \/>\n\t<meta name=\"twitter:data1\" content=\"3 minutes\" \/>\n<script type=\"application\/ld+json\" class=\"yoast-schema-graph\">{\"@context\":\"https:\\\/\\\/schema.org\",\"@graph\":[{\"@type\":\"WebPage\",\"@id\":\"https:\\\/\\\/sprayboothmanufacturer.com\\\/product\\\/7m-integrated-body-paint-workstation\\\/\",\"url\":\"https:\\\/\\\/sprayboothmanufacturer.com\\\/product\\\/7m-integrated-body-paint-workstation\\\/\",\"name\":\"ATK-7000-WS-PRO 7m Integrated Body & Paint Workstation | Spray Booth + Prep Room + Mix Room Professional Combo | Complete Workshop Solution for Auto Repair | Modular Customization Available - Autoke-China Paint Booth Manufacturer\",\"isPartOf\":{\"@id\":\"https:\\\/\\\/sprayboothmanufacturer.com\\\/#website\"},\"primaryImageOfPage\":{\"@id\":\"https:\\\/\\\/sprayboothmanufacturer.com\\\/product\\\/7m-integrated-body-paint-workstation\\\/#primaryimage\"},\"image\":{\"@id\":\"https:\\\/\\\/sprayboothmanufacturer.com\\\/product\\\/7m-integrated-body-paint-workstation\\\/#primaryimage\"},\"thumbnailUrl\":\"https:\\\/\\\/sprayboothmanufacturer.com\\\/wp-content\\\/uploads\\\/2026\\\/02\\\/29.png\",\"datePublished\":\"2026-02-06T02:11:03+00:00\",\"dateModified\":\"2026-02-06T02:12:02+00:00\",\"breadcrumb\":{\"@id\":\"https:\\\/\\\/sprayboothmanufacturer.com\\\/product\\\/7m-integrated-body-paint-workstation\\\/#breadcrumb\"},\"inLanguage\":\"fr-FR\",\"potentialAction\":[{\"@type\":\"ReadAction\",\"target\":[\"https:\\\/\\\/sprayboothmanufacturer.com\\\/product\\\/7m-integrated-body-paint-workstation\\\/\"]}]},{\"@type\":\"ImageObject\",\"inLanguage\":\"fr-FR\",\"@id\":\"https:\\\/\\\/sprayboothmanufacturer.com\\\/product\\\/7m-integrated-body-paint-workstation\\\/#primaryimage\",\"url\":\"https:\\\/\\\/sprayboothmanufacturer.com\\\/wp-content\\\/uploads\\\/2026\\\/02\\\/29.png\",\"contentUrl\":\"https:\\\/\\\/sprayboothmanufacturer.com\\\/wp-content\\\/uploads\\\/2026\\\/02\\\/29.png\",\"width\":800,\"height\":800},{\"@type\":\"BreadcrumbList\",\"@id\":\"https:\\\/\\\/sprayboothmanufacturer.com\\\/product\\\/7m-integrated-body-paint-workstation\\\/#breadcrumb\",\"itemListElement\":[{\"@type\":\"ListItem\",\"position\":1,\"name\":\"Home\",\"item\":\"https:\\\/\\\/sprayboothmanufacturer.com\\\/\"},{\"@type\":\"ListItem\",\"position\":2,\"name\":\"\u4ea7\u54c1\",\"item\":\"https:\\\/\\\/sprayboothmanufacturer.com\\\/shop__trashed\\\/\"},{\"@type\":\"ListItem\",\"position\":3,\"name\":\"ATK-7000-WS-PRO 7m Integrated Body &#038; Paint Workstation | Spray Booth + Prep Room + Mix Room Professional Combo | Complete Workshop Solution for Auto Repair | Modular Customization Available\"}]},{\"@type\":\"WebSite\",\"@id\":\"https:\\\/\\\/sprayboothmanufacturer.com\\\/#website\",\"url\":\"https:\\\/\\\/sprayboothmanufacturer.com\\\/\",\"name\":\"Autoke-China Paint Booth Manufacturer\",\"description\":\"\",\"publisher\":{\"@id\":\"https:\\\/\\\/sprayboothmanufacturer.com\\\/#organization\"},\"potentialAction\":[{\"@type\":\"SearchAction\",\"target\":{\"@type\":\"EntryPoint\",\"urlTemplate\":\"https:\\\/\\\/sprayboothmanufacturer.com\\\/?s={search_term_string}\"},\"query-input\":{\"@type\":\"PropertyValueSpecification\",\"valueRequired\":true,\"valueName\":\"search_term_string\"}}],\"inLanguage\":\"fr-FR\"},{\"@type\":\"Organization\",\"@id\":\"https:\\\/\\\/sprayboothmanufacturer.com\\\/#organization\",\"name\":\"Autoke-China Paint Booth Manufacturer\",\"url\":\"https:\\\/\\\/sprayboothmanufacturer.com\\\/\",\"logo\":{\"@type\":\"ImageObject\",\"inLanguage\":\"fr-FR\",\"@id\":\"https:\\\/\\\/sprayboothmanufacturer.com\\\/#\\\/schema\\\/logo\\\/image\\\/\",\"url\":\"https:\\\/\\\/sprayboothmanufacturer.com\\\/wp-content\\\/uploads\\\/2025\\\/12\\\/\u5fae\u4fe1\u56fe\u7247_20260113195103_1750_4-scaled-e1768394147958.png\",\"contentUrl\":\"https:\\\/\\\/sprayboothmanufacturer.com\\\/wp-content\\\/uploads\\\/2025\\\/12\\\/\u5fae\u4fe1\u56fe\u7247_20260113195103_1750_4-scaled-e1768394147958.png\",\"width\":1740,\"height\":538,\"caption\":\"Autoke-China Paint Booth Manufacturer\"},\"image\":{\"@id\":\"https:\\\/\\\/sprayboothmanufacturer.com\\\/#\\\/schema\\\/logo\\\/image\\\/\"}}]}<\/script>\n<!-- \/ Yoast SEO plugin. -->","yoast_head_json":{"title":"ATK-7000-WS-PRO Poste de travail int\u00e9gr\u00e9 pour corps et peinture de 7m | Cabine de pulv\u00e9risation + Salle de pr\u00e9paration + Salle de m\u00e9lange Combo professionnel | Solution compl\u00e8te pour atelier de r\u00e9paration automobile | Personnalisation modulaire disponible - Fabricant de cabines de peinture Autoke-France","robots":{"index":"index","follow":"follow","max-snippet":"max-snippet:-1","max-image-preview":"max-image-preview:large","max-video-preview":"max-video-preview:-1"},"canonical":"https:\/\/sprayboothmanufacturer.com\/fr\/product\/7m-integrated-body-paint-workstation\/","og_locale":"fr_FR","og_type":"article","og_title":"ATK-7000-WS-PRO 7m Integrated Body & Paint Workstation | Spray Booth + Prep Room + Mix Room Professional Combo | Complete Workshop Solution for Auto Repair | Modular Customization Available - Autoke-China Paint Booth Manufacturer","og_description":"The ATK-7000-WS-PRO is a complete automotive body and paint workstation solution, integrating a 7m standard spray booth, an equally sized dry sanding preparation room, and a separate paint mixing room. Featuring electric heating, professional dust extraction filtration, and intelligent control, it provides end-to-end coverage for sanding, paint mixing, and spraying. Designed for medium-to-large repair workshops and professional collision centers.","og_url":"https:\/\/sprayboothmanufacturer.com\/fr\/product\/7m-integrated-body-paint-workstation\/","og_site_name":"Autoke-China Paint Booth Manufacturer","article_modified_time":"2026-02-06T02:12:02+00:00","og_image":[{"width":800,"height":800,"url":"https:\/\/sprayboothmanufacturer.com\/wp-content\/uploads\/2026\/02\/29.png","type":"image\/png"}],"twitter_card":"summary_large_image","twitter_misc":{"Dur\u00e9e de lecture estim\u00e9e":"3 minutes"},"schema":{"@context":"https:\/\/schema.org","@graph":[{"@type":"WebPage","@id":"https:\/\/sprayboothmanufacturer.com\/product\/7m-integrated-body-paint-workstation\/","url":"https:\/\/sprayboothmanufacturer.com\/product\/7m-integrated-body-paint-workstation\/","name":"ATK-7000-WS-PRO Poste de travail int\u00e9gr\u00e9 pour corps et peinture de 7m | Cabine de pulv\u00e9risation + Salle de pr\u00e9paration + Salle de m\u00e9lange Combo professionnel | Solution compl\u00e8te pour atelier de r\u00e9paration automobile | Personnalisation modulaire disponible - Fabricant de cabines de peinture Autoke-France","isPartOf":{"@id":"https:\/\/sprayboothmanufacturer.com\/#website"},"primaryImageOfPage":{"@id":"https:\/\/sprayboothmanufacturer.com\/product\/7m-integrated-body-paint-workstation\/#primaryimage"},"image":{"@id":"https:\/\/sprayboothmanufacturer.com\/product\/7m-integrated-body-paint-workstation\/#primaryimage"},"thumbnailUrl":"https:\/\/sprayboothmanufacturer.com\/wp-content\/uploads\/2026\/02\/29.png","datePublished":"2026-02-06T02:11:03+00:00","dateModified":"2026-02-06T02:12:02+00:00","breadcrumb":{"@id":"https:\/\/sprayboothmanufacturer.com\/product\/7m-integrated-body-paint-workstation\/#breadcrumb"},"inLanguage":"fr-FR","potentialAction":[{"@type":"ReadAction","target":["https:\/\/sprayboothmanufacturer.com\/product\/7m-integrated-body-paint-workstation\/"]}]},{"@type":"ImageObject","inLanguage":"fr-FR","@id":"https:\/\/sprayboothmanufacturer.com\/product\/7m-integrated-body-paint-workstation\/#primaryimage","url":"https:\/\/sprayboothmanufacturer.com\/wp-content\/uploads\/2026\/02\/29.png","contentUrl":"https:\/\/sprayboothmanufacturer.com\/wp-content\/uploads\/2026\/02\/29.png","width":800,"height":800},{"@type":"BreadcrumbList","@id":"https:\/\/sprayboothmanufacturer.com\/product\/7m-integrated-body-paint-workstation\/#breadcrumb","itemListElement":[{"@type":"ListItem","position":1,"name":"Home","item":"https:\/\/sprayboothmanufacturer.com\/"},{"@type":"ListItem","position":2,"name":"\u4ea7\u54c1","item":"https:\/\/sprayboothmanufacturer.com\/shop__trashed\/"},{"@type":"ListItem","position":3,"name":"ATK-7000-WS-PRO 7m Integrated Body &#038; Paint Workstation | Spray Booth + Prep Room + Mix Room Professional Combo | Complete Workshop Solution for Auto Repair | Modular Customization Available"}]},{"@type":"WebSite","@id":"https:\/\/sprayboothmanufacturer.com\/#website","url":"https:\/\/sprayboothmanufacturer.com\/","name":"Fabricant de cabines de peinture Autoke-Chine","description":"","publisher":{"@id":"https:\/\/sprayboothmanufacturer.com\/#organization"},"potentialAction":[{"@type":"SearchAction","target":{"@type":"EntryPoint","urlTemplate":"https:\/\/sprayboothmanufacturer.com\/?s={search_term_string}"},"query-input":{"@type":"PropertyValueSpecification","valueRequired":true,"valueName":"search_term_string"}}],"inLanguage":"fr-FR"},{"@type":"Organization","@id":"https:\/\/sprayboothmanufacturer.com\/#organization","name":"Fabricant de cabines de peinture Autoke-Chine","url":"https:\/\/sprayboothmanufacturer.com\/","logo":{"@type":"ImageObject","inLanguage":"fr-FR","@id":"https:\/\/sprayboothmanufacturer.com\/#\/schema\/logo\/image\/","url":"https:\/\/sprayboothmanufacturer.com\/wp-content\/uploads\/2025\/12\/\u5fae\u4fe1\u56fe\u7247_20260113195103_1750_4-scaled-e1768394147958.png","contentUrl":"https:\/\/sprayboothmanufacturer.com\/wp-content\/uploads\/2025\/12\/\u5fae\u4fe1\u56fe\u7247_20260113195103_1750_4-scaled-e1768394147958.png","width":1740,"height":538,"caption":"Autoke-China Paint Booth Manufacturer"},"image":{"@id":"https:\/\/sprayboothmanufacturer.com\/#\/schema\/logo\/image\/"}}]}},"_links":{"self":[{"href":"https:\/\/sprayboothmanufacturer.com\/fr\/wp-json\/wp\/v2\/product\/3274","targetHints":{"allow":["GET"]}}],"collection":[{"href":"https:\/\/sprayboothmanufacturer.com\/fr\/wp-json\/wp\/v2\/product"}],"about":[{"href":"https:\/\/sprayboothmanufacturer.com\/fr\/wp-json\/wp\/v2\/types\/product"}],"replies":[{"embeddable":true,"href":"https:\/\/sprayboothmanufacturer.com\/fr\/wp-json\/wp\/v2\/comments?post=3274"}],"version-history":[{"count":1,"href":"https:\/\/sprayboothmanufacturer.com\/fr\/wp-json\/wp\/v2\/product\/3274\/revisions"}],"predecessor-version":[{"id":3275,"href":"https:\/\/sprayboothmanufacturer.com\/fr\/wp-json\/wp\/v2\/product\/3274\/revisions\/3275"}],"wp:featuredmedia":[{"embeddable":true,"href":"https:\/\/sprayboothmanufacturer.com\/fr\/wp-json\/wp\/v2\/media\/3197"}],"wp:attachment":[{"href":"https:\/\/sprayboothmanufacturer.com\/fr\/wp-json\/wp\/v2\/media?parent=3274"}],"wp:term":[{"taxonomy":"product_brand","embeddable":true,"href":"https:\/\/sprayboothmanufacturer.com\/fr\/wp-json\/wp\/v2\/product_brand?post=3274"},{"taxonomy":"product_cat","embeddable":true,"href":"https:\/\/sprayboothmanufacturer.com\/fr\/wp-json\/wp\/v2\/product_cat?post=3274"},{"taxonomy":"product_tag","embeddable":true,"href":"https:\/\/sprayboothmanufacturer.com\/fr\/wp-json\/wp\/v2\/product_tag?post=3274"}],"curies":[{"name":"wp","href":"https:\/\/api.w.org\/{rel}","templated":true}]}}