{"id":3247,"date":"2026-02-05T09:00:45","date_gmt":"2026-02-05T09:00:45","guid":{"rendered":"https:\/\/sprayboothmanufacturer.com\/?post_type=product&#038;p=3247"},"modified":"2026-02-05T09:00:45","modified_gmt":"2026-02-05T09:00:45","slug":"7-5m-luxury-diesel-spray-booth","status":"publish","type":"product","link":"https:\/\/sprayboothmanufacturer.com\/fr\/product\/7-5m-luxury-diesel-spray-booth\/","title":{"rendered":"ATK-7500-DH-PRO Cabine de pulv\u00e9risation diesel de luxe de 7,5m | Solution de peinture professionnelle pour centres de r\u00e9paration automobile | Filtration haute efficacit\u00e9 et contr\u00f4le intelligent de la temp\u00e9rature | Personnalisable | Fourniture directe de l'usine"},"content":{"rendered":"<table style=\"height: 208px;\" width=\"745\">\n<tbody>\n<tr>\n<td width=\"142\"><strong><b>Quantit\u00e9 minimale de commande :<\/b><\/strong><\/td>\n<td width=\"142\">1 pi\u00e8ce<\/td>\n<td width=\"142\"><strong><b>Prix :<\/b><\/strong><\/td>\n<td width=\"142\">\u00c0 n\u00e9gocier<\/td>\n<\/tr>\n<tr>\n<td width=\"142\"><strong><b>D\u00e9tails de l'emballage :<\/b><\/strong><\/td>\n<td width=\"142\">40GP ou 20GP\/unit\u00e9<\/td>\n<td width=\"142\"><strong><b>D\u00e9lai de livraison :<\/b><\/strong><\/td>\n<td width=\"142\">15 jours \u00e0 n\u00e9gocier<\/td>\n<\/tr>\n<tr>\n<td width=\"142\"><strong><b>Conditions de paiement :<\/b><\/strong><\/td>\n<td width=\"142\">L\/C, T\/T<\/td>\n<td width=\"142\"><strong><b>Capacit\u00e9 d'approvisionnement :<\/b><\/strong><\/td>\n<td width=\"142\">50 unit\u00e9(s) par mois, cabine de pulv\u00e9risation industrielle, cabine de pulv\u00e9risation bus<\/td>\n<\/tr>\n<tr>\n<td width=\"142\"><strong><b>Lieu d'origine :<\/b><\/strong><\/td>\n<td width=\"142\">Jiangsu, Chine<\/td>\n<td width=\"142\"><strong><b>Nom de la marque :<\/b><\/strong><\/td>\n<td width=\"142\">Autoke<\/td>\n<\/tr>\n<tr>\n<td width=\"142\"><strong><b>Certification :<\/b><\/strong><\/td>\n<td width=\"142\">CE<\/td>\n<td width=\"142\"><strong><b>Num\u00e9ro de mod\u00e8le :<\/b><\/strong><\/td>\n<td width=\"142\">ATK-7500-DH-PRO<\/td>\n<\/tr>\n<\/tbody>\n<\/table>\n<p class=\"ds-markdown-paragraph\"><strong>Cabine de pulv\u00e9risation de luxe diesel chauff\u00e9e de 7,5 m ATK-7500-DH-PRO<\/strong><\/p>\n<p class=\"ds-markdown-paragraph\">Ce produit est une cabine de pulv\u00e9risation diesel haute performance con\u00e7ue pour la r\u00e9paration automobile, la peinture de v\u00e9hicules commerciaux et les applications de rev\u00eatement industriel. Dot\u00e9e d'un int\u00e9rieur spacieux, elle combine un chauffage efficace, une ventilation puissante et un contr\u00f4le intelligent pour offrir un environnement de peinture propre, stable et \u00e0 haute efficacit\u00e9 pour divers v\u00e9hicules et composants, adapt\u00e9 \u00e0 des op\u00e9rations de charge moyenne \u00e0 \u00e9lev\u00e9e.<\/p>\n<p class=\"ds-markdown-paragraph\"><strong>Avantages principaux :<\/strong><\/p>\n<p class=\"ds-markdown-paragraph\">\ud83d\udd25\u00a0<strong>Syst\u00e8me de chauffage diesel rapide<\/strong><br \/>\nUtilise un br\u00fbleur diesel RIELLO G20, atteignant une mont\u00e9e en temp\u00e9rature rapide jusqu'\u00e0 40\u00b0C en 5-8 minutes, avec une temp\u00e9rature maximale de cuisson de 80\u00b0C. \u00c9conomique en \u00e9nergie et adaptable \u00e0 divers processus de peinture.<\/p>\n<p class=\"ds-markdown-paragraph\">\ud83d\udca8\u00a0<strong>Ventilation puissante et \u00e9change d\u2019air<\/strong><br \/>\nDeux ventilateurs centrifuges \u00e0 double aspiration de 4KW d\u00e9livrent un d\u00e9bit d'air total de 30 000 m\u00b3\/h, associ\u00e9s \u00e0 un ventilateur d'extraction de 5,5KW (19 000 m\u00b3\/h) pour un \u00e9change d'air rapide, garantissant la s\u00e9curit\u00e9 op\u00e9rationnelle et la qualit\u00e9 de finition de la peinture.<\/p>\n<p class=\"ds-markdown-paragraph\">\ud83c\udf2b\ufe0f\u00a0<strong>Syst\u00e8me de filtration de pr\u00e9cision \u00e0 trois niveaux<\/strong><br \/>\nComprend un filtre primaire (&gt;10\u03bcm, efficacit\u00e9 &gt;90%), un filtre de plafond \u00e0 haute efficacit\u00e9 (&gt;4\u03bcm, efficacit\u00e9 &gt;98%) et un filtre en fibre de verre multicouche au sol (&gt;90%) pour assurer un environnement de travail propre et sans poussi\u00e8re.<\/p>\n<p class=\"ds-markdown-paragraph\">\ud83c\udfd7\ufe0f\u00a0<strong>Conception structurelle robuste<\/strong><br \/>\nLes murs sont construits avec des panneaux isolants en acier peint \u00e0 double couche r\u00e9sistant au feu, remplis de laine de roche \u00e0 haute densit\u00e9. Le sol est une plateforme sur\u00e9lev\u00e9e de 300 mm en t\u00f4les d'acier galvanis\u00e9, \u00e9quip\u00e9e de grilles en acier galvanis\u00e9 et de passerelles, supportant plus de 5 tonnes.<\/p>\n<p class=\"ds-markdown-paragraph\">\ud83d\udeaa\u00a0<strong>Conception de porte \u00e0 acc\u00e8s large<\/strong><br \/>\nTrois portes frontales d'une largeur totale de 3000 mm, \u00e9quip\u00e9es de verre r\u00e9sistant \u00e0 haute temp\u00e9rature de 5 mm, facilitent l'acc\u00e8s pour les grands v\u00e9hicules et am\u00e9liorent la commodit\u00e9 op\u00e9rationnelle.<\/p>\n<p class=\"ds-markdown-paragraph\">\ud83d\udcdf\u00a0<strong>Syst\u00e8me de contr\u00f4le int\u00e9gr\u00e9 intelligent<\/strong><br \/>\nUn panneau de contr\u00f4le unifi\u00e9 int\u00e8gre l'\u00e9clairage, la peinture, la cuisson, la minuterie, la r\u00e9gulation de la temp\u00e9rature et la fonction d'arr\u00eat d'urgence pour une utilisation simple, am\u00e9liorant l'efficacit\u00e9 et la s\u00e9curit\u00e9 du travail.<\/p>\n<p class=\"ds-markdown-paragraph\">\ud83d\udca1\u00a0<strong>Configuration d'\u00e9clairage professionnelle<\/strong><br \/>\nLuminaires LED de plafond 24\u00d718W et 8 luminaires muraux de 48W offrent un \u00e9clairage uniforme sans ombres, garantissant une visibilit\u00e9 claire pour les travaux de peinture d\u00e9taill\u00e9s.<\/p>\n<p class=\"ds-markdown-paragraph\"><strong>Sp\u00e9cifications Techniques Principales :<\/strong><\/p>\n<ul>\n<li>\n<p class=\"ds-markdown-paragraph\">Dimensions ext\u00e9rieures : 7500\u00d74500\u00d73350 mm<\/p>\n<\/li>\n<li>\n<p class=\"ds-markdown-paragraph\">Dimensions int\u00e9rieures : 7400\u00d74400\u00d72650 mm<\/p>\n<\/li>\n<li>\n<p class=\"ds-markdown-paragraph\">Puissance Totale : 15 KW (Version Chauffage Diesel)<\/p>\n<\/li>\n<li>\n<p class=\"ds-markdown-paragraph\">Tension : 220V\/380V, 50Hz<\/p>\n<\/li>\n<li>\n<p class=\"ds-markdown-paragraph\">Volume d\u2019emballage : environ 19 m\u00b3\/ensemble, Poids : environ 3500kg<\/p>\n<\/li>\n<\/ul>\n<p class=\"ds-markdown-paragraph\"><strong>Applications id\u00e9ales :<\/strong><\/p>\n<ul>\n<li>\n<p class=\"ds-markdown-paragraph\">Ateliers de r\u00e9paration automobile complets et concessions 4S<\/p>\n<\/li>\n<li>\n<p class=\"ds-markdown-paragraph\">Ateliers de peinture de carrosserie de bus et de camions<\/p>\n<\/li>\n<li>\n<p class=\"ds-markdown-paragraph\">Rev\u00eatement de machinerie de construction et de v\u00e9hicules sp\u00e9ciaux<\/p>\n<\/li>\n<li>\n<p class=\"ds-markdown-paragraph\">Centres de r\u00e9paration de collisions et lignes de production de peinture industrielle<\/p>\n<\/li>\n<\/ul>\n<p class=\"ds-markdown-paragraph\">La personnalisation en couleur, configurations sp\u00e9cifiques et agencement est prise en charge. Des solutions sur mesure peuvent \u00eatre fournies en fonction des conditions r\u00e9elles du site.<\/p>\n<p class=\"ds-markdown-paragraph\"><strong>Contactez notre \u00e9quipe technique pour des sp\u00e9cifications d\u00e9taill\u00e9es, des recommandations de configuration et un devis personnalis\u00e9.<\/strong><\/p>","protected":false},"excerpt":{"rendered":"<p>L'ATK-7500-DH-PRO est con\u00e7u pour la peinture de v\u00e9hicules de taille moyenne \u00e0 grande, avec une taille int\u00e9rieure de 7,4\u00d74,4\u00d72,65 m\u00e8tres. Il est \u00e9quip\u00e9 d'un syst\u00e8me de chauffage diesel RIELLO G20, d'une alimentation en air puissante de 30 000 m\u00b3\/h, d'une filtration \u00e0 trois niveaux \u00e0 haute efficacit\u00e9 et d'un syst\u00e8me de contr\u00f4le intelligent. Id\u00e9al pour les applications de peinture professionnelles dans la r\u00e9paration automobile, les autobus, les camions et la machinerie de construction.<\/p>","protected":false},"featured_media":3172,"comment_status":"open","ping_status":"closed","template":"","meta":[],"product_brand":[76],"product_cat":[60,59],"product_tag":[75,74,79,73,63,72,66,69,68,85,81],"class_list":{"0":"post-3247","1":"product","2":"type-product","3":"status-publish","4":"has-post-thumbnail","6":"product_brand-autoke","7":"product_cat-car-spray-booth","8":"product_cat-spray-booth","9":"product_tag-8m-diesel-car-paint-booth","10":"product_tag-8m-electric-car-paint-booth","11":"product_tag-automotive-spray-booth","12":"product_tag-automotive-spray-booth-manufacturer","13":"product_tag-car-spray-booth","14":"product_tag-car-spray-booth-factory","15":"product_tag-car-spray-booth-manufacturer","16":"product_tag-ce-car-spray-booth","17":"product_tag-customized-car-spray-booth","18":"product_tag-large-vehicle-paint-booth","19":"product_tag-truck-paint-booth","21":"first","22":"instock","23":"shipping-taxable","24":"product-type-simple"},"yoast_head":"<!-- This site is optimized with the Yoast SEO plugin v27.4 - https:\/\/yoast.com\/product\/yoast-seo-wordpress\/ -->\n<title>ATK-7500-DH-PRO 7.5m Luxury Diesel Spray Booth | Professional Painting Solution for Automotive Repair Centers | High-Efficiency Filtration &amp; Intelligent Temperature Control | Customizable | Factory Direct Supply - Autoke-China Paint Booth Manufacturer<\/title>\n<meta name=\"robots\" content=\"index, follow, max-snippet:-1, max-image-preview:large, max-video-preview:-1\" \/>\n<link rel=\"canonical\" href=\"https:\/\/sprayboothmanufacturer.com\/fr\/product\/7-5m-luxury-diesel-spray-booth\/\" \/>\n<meta property=\"og:locale\" content=\"fr_FR\" \/>\n<meta property=\"og:type\" content=\"article\" \/>\n<meta property=\"og:title\" content=\"ATK-7500-DH-PRO 7.5m Luxury Diesel Spray Booth | Professional Painting Solution for Automotive Repair Centers | High-Efficiency Filtration &amp; Intelligent Temperature Control | Customizable | Factory Direct Supply - Autoke-China Paint Booth Manufacturer\" \/>\n<meta property=\"og:description\" content=\"The ATK-7500-DH-PRO is designed for medium-to-large vehicle painting, featuring an internal size of 7.4\u00d74.4\u00d72.65 meters. It is equipped with a RIELLO G20 diesel heating system, powerful 30,000 m\u00b3\/h air supply, three-stage high-efficiency filtration, and an intelligent control system. Ideal for professional painting applications in automotive repair, buses, trucks, and construction machinery.\" \/>\n<meta property=\"og:url\" content=\"https:\/\/sprayboothmanufacturer.com\/fr\/product\/7-5m-luxury-diesel-spray-booth\/\" \/>\n<meta property=\"og:site_name\" content=\"Autoke-China Paint Booth Manufacturer\" \/>\n<meta property=\"og:image\" content=\"https:\/\/sprayboothmanufacturer.com\/wp-content\/uploads\/2026\/02\/2.png\" \/>\n\t<meta property=\"og:image:width\" content=\"800\" \/>\n\t<meta property=\"og:image:height\" content=\"800\" \/>\n\t<meta property=\"og:image:type\" content=\"image\/png\" \/>\n<meta name=\"twitter:card\" content=\"summary_large_image\" \/>\n<meta name=\"twitter:label1\" content=\"Dur\u00e9e de lecture estim\u00e9e\" \/>\n\t<meta name=\"twitter:data1\" content=\"3 minutes\" \/>\n<script type=\"application\/ld+json\" class=\"yoast-schema-graph\">{\"@context\":\"https:\\\/\\\/schema.org\",\"@graph\":[{\"@type\":\"WebPage\",\"@id\":\"https:\\\/\\\/sprayboothmanufacturer.com\\\/product\\\/7-5m-luxury-diesel-spray-booth\\\/\",\"url\":\"https:\\\/\\\/sprayboothmanufacturer.com\\\/product\\\/7-5m-luxury-diesel-spray-booth\\\/\",\"name\":\"ATK-7500-DH-PRO 7.5m Luxury Diesel Spray Booth | Professional Painting Solution for Automotive Repair Centers | High-Efficiency Filtration & Intelligent Temperature Control | Customizable | Factory Direct Supply - Autoke-China Paint Booth Manufacturer\",\"isPartOf\":{\"@id\":\"https:\\\/\\\/sprayboothmanufacturer.com\\\/#website\"},\"primaryImageOfPage\":{\"@id\":\"https:\\\/\\\/sprayboothmanufacturer.com\\\/product\\\/7-5m-luxury-diesel-spray-booth\\\/#primaryimage\"},\"image\":{\"@id\":\"https:\\\/\\\/sprayboothmanufacturer.com\\\/product\\\/7-5m-luxury-diesel-spray-booth\\\/#primaryimage\"},\"thumbnailUrl\":\"https:\\\/\\\/sprayboothmanufacturer.com\\\/wp-content\\\/uploads\\\/2026\\\/02\\\/2.png\",\"datePublished\":\"2026-02-05T09:00:45+00:00\",\"breadcrumb\":{\"@id\":\"https:\\\/\\\/sprayboothmanufacturer.com\\\/product\\\/7-5m-luxury-diesel-spray-booth\\\/#breadcrumb\"},\"inLanguage\":\"fr-FR\",\"potentialAction\":[{\"@type\":\"ReadAction\",\"target\":[\"https:\\\/\\\/sprayboothmanufacturer.com\\\/product\\\/7-5m-luxury-diesel-spray-booth\\\/\"]}]},{\"@type\":\"ImageObject\",\"inLanguage\":\"fr-FR\",\"@id\":\"https:\\\/\\\/sprayboothmanufacturer.com\\\/product\\\/7-5m-luxury-diesel-spray-booth\\\/#primaryimage\",\"url\":\"https:\\\/\\\/sprayboothmanufacturer.com\\\/wp-content\\\/uploads\\\/2026\\\/02\\\/2.png\",\"contentUrl\":\"https:\\\/\\\/sprayboothmanufacturer.com\\\/wp-content\\\/uploads\\\/2026\\\/02\\\/2.png\",\"width\":800,\"height\":800},{\"@type\":\"BreadcrumbList\",\"@id\":\"https:\\\/\\\/sprayboothmanufacturer.com\\\/product\\\/7-5m-luxury-diesel-spray-booth\\\/#breadcrumb\",\"itemListElement\":[{\"@type\":\"ListItem\",\"position\":1,\"name\":\"Home\",\"item\":\"https:\\\/\\\/sprayboothmanufacturer.com\\\/\"},{\"@type\":\"ListItem\",\"position\":2,\"name\":\"\u4ea7\u54c1\",\"item\":\"https:\\\/\\\/sprayboothmanufacturer.com\\\/shop__trashed\\\/\"},{\"@type\":\"ListItem\",\"position\":3,\"name\":\"ATK-7500-DH-PRO 7.5m Luxury Diesel Spray Booth | Professional Painting Solution for Automotive Repair Centers | High-Efficiency Filtration &#038; Intelligent Temperature Control | Customizable | Factory Direct Supply\"}]},{\"@type\":\"WebSite\",\"@id\":\"https:\\\/\\\/sprayboothmanufacturer.com\\\/#website\",\"url\":\"https:\\\/\\\/sprayboothmanufacturer.com\\\/\",\"name\":\"Autoke-China Paint Booth Manufacturer\",\"description\":\"\",\"publisher\":{\"@id\":\"https:\\\/\\\/sprayboothmanufacturer.com\\\/#organization\"},\"potentialAction\":[{\"@type\":\"SearchAction\",\"target\":{\"@type\":\"EntryPoint\",\"urlTemplate\":\"https:\\\/\\\/sprayboothmanufacturer.com\\\/?s={search_term_string}\"},\"query-input\":{\"@type\":\"PropertyValueSpecification\",\"valueRequired\":true,\"valueName\":\"search_term_string\"}}],\"inLanguage\":\"fr-FR\"},{\"@type\":\"Organization\",\"@id\":\"https:\\\/\\\/sprayboothmanufacturer.com\\\/#organization\",\"name\":\"Autoke-China Paint Booth Manufacturer\",\"url\":\"https:\\\/\\\/sprayboothmanufacturer.com\\\/\",\"logo\":{\"@type\":\"ImageObject\",\"inLanguage\":\"fr-FR\",\"@id\":\"https:\\\/\\\/sprayboothmanufacturer.com\\\/#\\\/schema\\\/logo\\\/image\\\/\",\"url\":\"https:\\\/\\\/sprayboothmanufacturer.com\\\/wp-content\\\/uploads\\\/2025\\\/12\\\/\u5fae\u4fe1\u56fe\u7247_20260113195103_1750_4-scaled-e1768394147958.png\",\"contentUrl\":\"https:\\\/\\\/sprayboothmanufacturer.com\\\/wp-content\\\/uploads\\\/2025\\\/12\\\/\u5fae\u4fe1\u56fe\u7247_20260113195103_1750_4-scaled-e1768394147958.png\",\"width\":1740,\"height\":538,\"caption\":\"Autoke-China Paint Booth Manufacturer\"},\"image\":{\"@id\":\"https:\\\/\\\/sprayboothmanufacturer.com\\\/#\\\/schema\\\/logo\\\/image\\\/\"}}]}<\/script>\n<!-- \/ Yoast SEO plugin. -->","yoast_head_json":{"title":"ATK-7500-DH-PRO 7,5 m Cabine de pulv\u00e9risation de luxe Diesel | Solution de peinture professionnelle pour centres de r\u00e9paration automobile | Filtration haute efficacit\u00e9 et contr\u00f4le intelligent de la temp\u00e9rature | Personnalisable | Fourniture directe d'usine - Fabricant de cabines de peinture Autoke-France","robots":{"index":"index","follow":"follow","max-snippet":"max-snippet:-1","max-image-preview":"max-image-preview:large","max-video-preview":"max-video-preview:-1"},"canonical":"https:\/\/sprayboothmanufacturer.com\/fr\/product\/7-5m-luxury-diesel-spray-booth\/","og_locale":"fr_FR","og_type":"article","og_title":"ATK-7500-DH-PRO 7.5m Luxury Diesel Spray Booth | Professional Painting Solution for Automotive Repair Centers | High-Efficiency Filtration & Intelligent Temperature Control | Customizable | Factory Direct Supply - Autoke-China Paint Booth Manufacturer","og_description":"The ATK-7500-DH-PRO is designed for medium-to-large vehicle painting, featuring an internal size of 7.4\u00d74.4\u00d72.65 meters. It is equipped with a RIELLO G20 diesel heating system, powerful 30,000 m\u00b3\/h air supply, three-stage high-efficiency filtration, and an intelligent control system. Ideal for professional painting applications in automotive repair, buses, trucks, and construction machinery.","og_url":"https:\/\/sprayboothmanufacturer.com\/fr\/product\/7-5m-luxury-diesel-spray-booth\/","og_site_name":"Autoke-China Paint Booth Manufacturer","og_image":[{"width":800,"height":800,"url":"https:\/\/sprayboothmanufacturer.com\/wp-content\/uploads\/2026\/02\/2.png","type":"image\/png"}],"twitter_card":"summary_large_image","twitter_misc":{"Dur\u00e9e de lecture estim\u00e9e":"3 minutes"},"schema":{"@context":"https:\/\/schema.org","@graph":[{"@type":"WebPage","@id":"https:\/\/sprayboothmanufacturer.com\/product\/7-5m-luxury-diesel-spray-booth\/","url":"https:\/\/sprayboothmanufacturer.com\/product\/7-5m-luxury-diesel-spray-booth\/","name":"ATK-7500-DH-PRO 7,5 m Cabine de pulv\u00e9risation de luxe Diesel | Solution de peinture professionnelle pour centres de r\u00e9paration automobile | Filtration haute efficacit\u00e9 et contr\u00f4le intelligent de la temp\u00e9rature | Personnalisable | Fourniture directe d'usine - Fabricant de cabines de peinture Autoke-France","isPartOf":{"@id":"https:\/\/sprayboothmanufacturer.com\/#website"},"primaryImageOfPage":{"@id":"https:\/\/sprayboothmanufacturer.com\/product\/7-5m-luxury-diesel-spray-booth\/#primaryimage"},"image":{"@id":"https:\/\/sprayboothmanufacturer.com\/product\/7-5m-luxury-diesel-spray-booth\/#primaryimage"},"thumbnailUrl":"https:\/\/sprayboothmanufacturer.com\/wp-content\/uploads\/2026\/02\/2.png","datePublished":"2026-02-05T09:00:45+00:00","breadcrumb":{"@id":"https:\/\/sprayboothmanufacturer.com\/product\/7-5m-luxury-diesel-spray-booth\/#breadcrumb"},"inLanguage":"fr-FR","potentialAction":[{"@type":"ReadAction","target":["https:\/\/sprayboothmanufacturer.com\/product\/7-5m-luxury-diesel-spray-booth\/"]}]},{"@type":"ImageObject","inLanguage":"fr-FR","@id":"https:\/\/sprayboothmanufacturer.com\/product\/7-5m-luxury-diesel-spray-booth\/#primaryimage","url":"https:\/\/sprayboothmanufacturer.com\/wp-content\/uploads\/2026\/02\/2.png","contentUrl":"https:\/\/sprayboothmanufacturer.com\/wp-content\/uploads\/2026\/02\/2.png","width":800,"height":800},{"@type":"BreadcrumbList","@id":"https:\/\/sprayboothmanufacturer.com\/product\/7-5m-luxury-diesel-spray-booth\/#breadcrumb","itemListElement":[{"@type":"ListItem","position":1,"name":"Home","item":"https:\/\/sprayboothmanufacturer.com\/"},{"@type":"ListItem","position":2,"name":"\u4ea7\u54c1","item":"https:\/\/sprayboothmanufacturer.com\/shop__trashed\/"},{"@type":"ListItem","position":3,"name":"ATK-7500-DH-PRO 7.5m Luxury Diesel Spray Booth | Professional Painting Solution for Automotive Repair Centers | High-Efficiency Filtration &#038; Intelligent Temperature Control | Customizable | Factory Direct Supply"}]},{"@type":"WebSite","@id":"https:\/\/sprayboothmanufacturer.com\/#website","url":"https:\/\/sprayboothmanufacturer.com\/","name":"Fabricant de cabines de peinture Autoke-Chine","description":"","publisher":{"@id":"https:\/\/sprayboothmanufacturer.com\/#organization"},"potentialAction":[{"@type":"SearchAction","target":{"@type":"EntryPoint","urlTemplate":"https:\/\/sprayboothmanufacturer.com\/?s={search_term_string}"},"query-input":{"@type":"PropertyValueSpecification","valueRequired":true,"valueName":"search_term_string"}}],"inLanguage":"fr-FR"},{"@type":"Organization","@id":"https:\/\/sprayboothmanufacturer.com\/#organization","name":"Fabricant de cabines de peinture Autoke-Chine","url":"https:\/\/sprayboothmanufacturer.com\/","logo":{"@type":"ImageObject","inLanguage":"fr-FR","@id":"https:\/\/sprayboothmanufacturer.com\/#\/schema\/logo\/image\/","url":"https:\/\/sprayboothmanufacturer.com\/wp-content\/uploads\/2025\/12\/\u5fae\u4fe1\u56fe\u7247_20260113195103_1750_4-scaled-e1768394147958.png","contentUrl":"https:\/\/sprayboothmanufacturer.com\/wp-content\/uploads\/2025\/12\/\u5fae\u4fe1\u56fe\u7247_20260113195103_1750_4-scaled-e1768394147958.png","width":1740,"height":538,"caption":"Autoke-China Paint Booth Manufacturer"},"image":{"@id":"https:\/\/sprayboothmanufacturer.com\/#\/schema\/logo\/image\/"}}]}},"_links":{"self":[{"href":"https:\/\/sprayboothmanufacturer.com\/fr\/wp-json\/wp\/v2\/product\/3247","targetHints":{"allow":["GET"]}}],"collection":[{"href":"https:\/\/sprayboothmanufacturer.com\/fr\/wp-json\/wp\/v2\/product"}],"about":[{"href":"https:\/\/sprayboothmanufacturer.com\/fr\/wp-json\/wp\/v2\/types\/product"}],"replies":[{"embeddable":true,"href":"https:\/\/sprayboothmanufacturer.com\/fr\/wp-json\/wp\/v2\/comments?post=3247"}],"version-history":[{"count":1,"href":"https:\/\/sprayboothmanufacturer.com\/fr\/wp-json\/wp\/v2\/product\/3247\/revisions"}],"predecessor-version":[{"id":3263,"href":"https:\/\/sprayboothmanufacturer.com\/fr\/wp-json\/wp\/v2\/product\/3247\/revisions\/3263"}],"wp:featuredmedia":[{"embeddable":true,"href":"https:\/\/sprayboothmanufacturer.com\/fr\/wp-json\/wp\/v2\/media\/3172"}],"wp:attachment":[{"href":"https:\/\/sprayboothmanufacturer.com\/fr\/wp-json\/wp\/v2\/media?parent=3247"}],"wp:term":[{"taxonomy":"product_brand","embeddable":true,"href":"https:\/\/sprayboothmanufacturer.com\/fr\/wp-json\/wp\/v2\/product_brand?post=3247"},{"taxonomy":"product_cat","embeddable":true,"href":"https:\/\/sprayboothmanufacturer.com\/fr\/wp-json\/wp\/v2\/product_cat?post=3247"},{"taxonomy":"product_tag","embeddable":true,"href":"https:\/\/sprayboothmanufacturer.com\/fr\/wp-json\/wp\/v2\/product_tag?post=3247"}],"curies":[{"name":"wp","href":"https:\/\/api.w.org\/{rel}","templated":true}]}}