{"id":3245,"date":"2026-02-05T07:43:01","date_gmt":"2026-02-05T07:43:01","guid":{"rendered":"https:\/\/sprayboothmanufacturer.com\/?post_type=product&#038;p=3245"},"modified":"2026-02-05T07:43:01","modified_gmt":"2026-02-05T07:43:01","slug":"8m-standard-diesel-spray-booth","status":"publish","type":"product","link":"https:\/\/sprayboothmanufacturer.com\/fr\/product\/8m-standard-diesel-spray-booth\/","title":{"rendered":"ATK-8000-DH-STD Cabine de pulv\u00e9risation diesel standard de 8m | Syst\u00e8me de peinture haute efficacit\u00e9 industriel | \u00c9quipement professionnel pour ateliers de carrosserie | Personnalisable | Directement de l'usine"},"content":{"rendered":"<table style=\"height: 210px;\" width=\"793\">\n<tbody>\n<tr>\n<td width=\"142\"><strong><b>Quantit\u00e9 minimale de commande :<\/b><\/strong><\/td>\n<td width=\"142\">1 pi\u00e8ce<\/td>\n<td width=\"142\"><strong><b>Prix :<\/b><\/strong><\/td>\n<td width=\"142\">\u00c0 n\u00e9gocier<\/td>\n<\/tr>\n<tr>\n<td width=\"142\"><strong><b>D\u00e9tails de l'emballage :<\/b><\/strong><\/td>\n<td width=\"142\">40GP ou 20GP\/unit\u00e9<\/td>\n<td width=\"142\"><strong><b>D\u00e9lai de livraison :<\/b><\/strong><\/td>\n<td width=\"142\">15 jours \u00e0 n\u00e9gocier<\/td>\n<\/tr>\n<tr>\n<td width=\"142\"><strong><b>Conditions de paiement :<\/b><\/strong><\/td>\n<td width=\"142\">L\/C, T\/T<\/td>\n<td width=\"142\"><strong><b>Capacit\u00e9 d'approvisionnement :<\/b><\/strong><\/td>\n<td width=\"142\">50 unit\u00e9(s) par mois, cabine de pulv\u00e9risation industrielle, cabine de pulv\u00e9risation bus<\/td>\n<\/tr>\n<tr>\n<td width=\"142\"><strong><b>Lieu d'origine :<\/b><\/strong><\/td>\n<td width=\"142\">Jiangsu, Chine<\/td>\n<td width=\"142\"><strong><b>Nom de la marque :<\/b><\/strong><\/td>\n<td width=\"142\">Autoke<\/td>\n<\/tr>\n<tr>\n<td width=\"142\"><strong><b>Certification :<\/b><\/strong><\/td>\n<td width=\"142\">CE<\/td>\n<td width=\"142\"><strong><b>Num\u00e9ro de mod\u00e8le :<\/b><\/strong><\/td>\n<td width=\"142\">ATK-8000-DH-STD<\/td>\n<\/tr>\n<\/tbody>\n<\/table>\n<p class=\"ds-markdown-paragraph\"><strong>Cabine de pulv\u00e9risation diesel standard ATK-8000-DH-STD de 8 m<\/strong><\/p>\n<p class=\"ds-markdown-paragraph\">Ce produit est une cabine de pulv\u00e9risation diesel standard \u00e9quilibr\u00e9e, robuste et fiable, adapt\u00e9e aux ateliers de r\u00e9paration automobile, aux centres de service de carrosserie et aux applications de peinture industrielle g\u00e9n\u00e9rale. Elle int\u00e8gre un chauffage efficace, une ventilation puissante, un filtrage propre et un contr\u00f4le intelligent pour offrir un environnement de peinture stable et \u00e9conome en \u00e9nergie, contribuant \u00e0 am\u00e9liorer la qualit\u00e9 de sortie et la productivit\u00e9.<\/p>\n<p class=\"ds-markdown-paragraph\"><strong>Caract\u00e9ristiques principales :<\/strong><\/p>\n<p class=\"ds-markdown-paragraph\">\u2705\u00a0<strong>Espace de travail standard spacieux<\/strong><br \/>\nDimensions ext\u00e9rieures : 8000\u00d74000\u00d73350mm. Espace int\u00e9rieur utile : 7900\u00d73900\u00d72650mm, r\u00e9pondant aux besoins de peinture de la plupart des v\u00e9hicules et des composants industriels moyens\/petits.<\/p>\n<p class=\"ds-markdown-paragraph\">\u2705\u00a0<strong>Syst\u00e8me de chauffage diesel haute efficacit\u00e9<\/strong><br \/>\n\u00c9quip\u00e9e du c\u00e9l\u00e8bre br\u00fbleur diesel RIELLO G20 pour un chauffage rapide, atteignant 40\u00b0C en 5-8 minutes. Temp\u00e9rature maximale de cuisson : 80\u00b0C, adapt\u00e9e \u00e0 divers processus comme la peinture et la cuisson.<\/p>\n<p class=\"ds-markdown-paragraph\">\u2705\u00a0<strong>Ventilation puissante et \u00e9change d\u2019air<\/strong><br \/>\n\u00c9quip\u00e9e de deux ventilateurs centrifuges double intake de 4KW, fournissant un d\u00e9bit d\u2019air total de 30 000 m\u00b3\/h, associ\u00e9s \u00e0 un ventilateur d\u2019\u00e9chappement de 5,5KW (19 000 m\u00b3\/h) pour assurer un renouvellement rapide de l\u2019air dans l\u2019espace de travail pour la s\u00e9curit\u00e9 et la protection de l\u2019environnement.<\/p>\n<p class=\"ds-markdown-paragraph\">\u2705\u00a0<strong>Syst\u00e8me de filtration d\u2019air \u00e0 trois niveaux<\/strong><br \/>\nComprend un filtre primaire (&gt;10\u03bcm, efficacit\u00e9 &gt;90%), un filtre de plafond haute efficacit\u00e9 (&gt;4\u03bcm, efficacit\u00e9 &gt;98%) et un filtre en fibre de verre multicouche (&gt;90%) pour capturer efficacement les particules de poussi\u00e8re et garantir la qualit\u00e9 de finition de la peinture.<\/p>\n<p class=\"ds-markdown-paragraph\">\u2705\u00a0<strong>Construction robuste et durable<\/strong><br \/>\nLes murs sont constitu\u00e9s de t\u00f4les d\u2019acier double couche avec isolation en laine de roche ignifuge (densit\u00e9 : 100kg\/m\u00b3). Le toit est en t\u00f4le d\u2019acier galvanis\u00e9. Le sol est une plateforme sur\u00e9lev\u00e9e de 300mm avec des grilles en acier galvanis\u00e9 int\u00e9gr\u00e9es et des passerelles, avec une capacit\u00e9 de charge totale d\u00e9passant 5 tonnes.<\/p>\n<p class=\"ds-markdown-paragraph\">\u2705\u00a0<strong>Syst\u00e8me de contr\u00f4le int\u00e9gr\u00e9 intelligent<\/strong><br \/>\nLe panneau de contr\u00f4le int\u00e8gre l\u2019\u00e9clairage, la peinture, la cuisson, la minuterie, le r\u00e9glage de la temp\u00e9rature et la fonction d\u2019arr\u00eat d\u2019urgence pour une utilisation intuitive et une gestion facile.<\/p>\n<p class=\"ds-markdown-paragraph\">\u2705\u00a0<strong>Syst\u00e8me d'\u00e9clairage professionnel<\/strong><br \/>\nLe sommet est \u00e9quip\u00e9 de 24\u00d718W de lumi\u00e8res LED (mont\u00e9es \u00e0 un angle de 45\u00b0), compl\u00e9t\u00e9 par 8\u00d748W de lumi\u00e8res LED murales de chaque c\u00f4t\u00e9, offrant un \u00e9clairage uniforme et sans ombres pour le travail.<\/p>\n<p class=\"ds-markdown-paragraph\"><strong>Sp\u00e9cifications Techniques Principales :<\/strong><\/p>\n<ul>\n<li>\n<p class=\"ds-markdown-paragraph\">Dimensions Ext\u00e9rieures : 8000\u00d74000\u00d73350 mm<\/p>\n<\/li>\n<li>\n<p class=\"ds-markdown-paragraph\">Dimensions Int\u00e9rieures : 7900\u00d73900\u00d72650 mm<\/p>\n<\/li>\n<li>\n<p class=\"ds-markdown-paragraph\">Puissance Totale : 15 KW (Version Chauffage Diesel)<\/p>\n<\/li>\n<li>\n<p class=\"ds-markdown-paragraph\">Tension : 220V\/380V, 50Hz<\/p>\n<\/li>\n<li>\n<p class=\"ds-markdown-paragraph\">Volume d\u2019emballage : environ 19 m\u00b3\/ensemble, Poids : environ 3500kg<\/p>\n<\/li>\n<\/ul>\n<p class=\"ds-markdown-paragraph\"><strong>Applications id\u00e9ales :<\/strong><\/p>\n<ul>\n<li>\n<p class=\"ds-markdown-paragraph\">Ateliers de r\u00e9paration automobile complets et centres de service rapide<\/p>\n<\/li>\n<li>\n<p class=\"ds-markdown-paragraph\">Ateliers de r\u00e9paration de carrosserie de bus et de camions<\/p>\n<\/li>\n<li>\n<p class=\"ds-markdown-paragraph\">Peinture d'\u00e9quipements m\u00e9caniques et de structures m\u00e9talliques<\/p>\n<\/li>\n<li>\n<p class=\"ds-markdown-paragraph\">Centres de r\u00e9paration de collisions et de peinture de taille start-up ou moyenne<\/p>\n<\/li>\n<\/ul>\n<p class=\"ds-markdown-paragraph\">Nous soutenons la personnalisation en couleur, certaines configurations et agencement pour offrir une solution sur site plus adapt\u00e9e.<\/p>\n<p class=\"ds-markdown-paragraph\"><strong>Veuillez contacter notre \u00e9quipe commerciale et technique pour des informations d\u00e9taill\u00e9es, des options de configuration et un devis personnalis\u00e9.<\/strong><\/p>","protected":false},"excerpt":{"rendered":"<p>La cabine de pulv\u00e9risation diesel standard ATK-8000-DH-STD est con\u00e7ue pour la r\u00e9paration automobile, la peinture de carrosserie et le rev\u00eatement industriel. Avec une taille int\u00e9rieure de 7,9\u00d73,9\u00d72,65 m\u00e8tres, elle dispose d\u2019un syst\u00e8me de chauffage diesel RIELLO G20, d\u2019une alimentation en air puissante de 30 000 m\u00b3\/h, d\u2019un filtrage \u00e0 trois niveaux et de commandes intelligentes. Sa construction robuste offre une solution professionnelle fiable et \u00e9conomique.<\/p>","protected":false},"featured_media":3191,"comment_status":"open","ping_status":"closed","template":"","meta":[],"product_brand":[76],"product_cat":[60,59],"product_tag":[75,74,79,73,78,63,72,69,94,68],"class_list":{"0":"post-3245","1":"product","2":"type-product","3":"status-publish","4":"has-post-thumbnail","6":"product_brand-autoke","7":"product_cat-car-spray-booth","8":"product_cat-spray-booth","9":"product_tag-8m-diesel-car-paint-booth","10":"product_tag-8m-electric-car-paint-booth","11":"product_tag-automotive-spray-booth","12":"product_tag-automotive-spray-booth-manufacturer","13":"product_tag-bus-spray-booth","14":"product_tag-car-spray-booth","15":"product_tag-car-spray-booth-factory","16":"product_tag-ce-car-spray-booth","17":"product_tag-commercial-vehicle-paint-curing-oven","18":"product_tag-customized-car-spray-booth","20":"first","21":"instock","22":"shipping-taxable","23":"product-type-simple"},"yoast_head":"<!-- This site is optimized with the Yoast SEO plugin v27.4 - https:\/\/yoast.com\/product\/yoast-seo-wordpress\/ -->\n<title>ATK-8000-DH-STD 8m Standard Diesel Spray Booth | Industrial High-Efficiency Painting System | Professional Equipment for Auto Body Shops | Customizable | Factory Direct - Autoke-China Paint Booth Manufacturer<\/title>\n<meta name=\"robots\" content=\"index, follow, max-snippet:-1, max-image-preview:large, max-video-preview:-1\" \/>\n<link rel=\"canonical\" href=\"https:\/\/sprayboothmanufacturer.com\/fr\/product\/8m-standard-diesel-spray-booth\/\" \/>\n<meta property=\"og:locale\" content=\"fr_FR\" \/>\n<meta property=\"og:type\" content=\"article\" \/>\n<meta property=\"og:title\" content=\"ATK-8000-DH-STD 8m Standard Diesel Spray Booth | Industrial High-Efficiency Painting System | Professional Equipment for Auto Body Shops | Customizable | Factory Direct - Autoke-China Paint Booth Manufacturer\" \/>\n<meta property=\"og:description\" content=\"The ATK-8000-DH-STD Standard Diesel Spray Booth is designed for automotive repair, bodywork painting, and industrial coating. With an internal size of 7.9\u00d73.9\u00d72.65 meters, it features a RIELLO G20 diesel heating system, 30,000 m\u00b3\/h powerful air supply, three-stage filtration, and intelligent controls. Its robust construction offers a reliable and cost-effective professional solution.\" \/>\n<meta property=\"og:url\" content=\"https:\/\/sprayboothmanufacturer.com\/fr\/product\/8m-standard-diesel-spray-booth\/\" \/>\n<meta property=\"og:site_name\" content=\"Autoke-China Paint Booth Manufacturer\" \/>\n<meta property=\"og:image\" content=\"https:\/\/sprayboothmanufacturer.com\/wp-content\/uploads\/2026\/02\/23.png\" \/>\n\t<meta property=\"og:image:width\" content=\"800\" \/>\n\t<meta property=\"og:image:height\" content=\"800\" \/>\n\t<meta property=\"og:image:type\" content=\"image\/png\" \/>\n<meta name=\"twitter:card\" content=\"summary_large_image\" \/>\n<meta name=\"twitter:label1\" content=\"Dur\u00e9e de lecture estim\u00e9e\" \/>\n\t<meta name=\"twitter:data1\" content=\"3 minutes\" \/>\n<script type=\"application\/ld+json\" class=\"yoast-schema-graph\">{\"@context\":\"https:\\\/\\\/schema.org\",\"@graph\":[{\"@type\":\"WebPage\",\"@id\":\"https:\\\/\\\/sprayboothmanufacturer.com\\\/product\\\/8m-standard-diesel-spray-booth\\\/\",\"url\":\"https:\\\/\\\/sprayboothmanufacturer.com\\\/product\\\/8m-standard-diesel-spray-booth\\\/\",\"name\":\"ATK-8000-DH-STD 8m Standard Diesel Spray Booth | Industrial High-Efficiency Painting System | Professional Equipment for Auto Body Shops | Customizable | Factory Direct - Autoke-China Paint Booth Manufacturer\",\"isPartOf\":{\"@id\":\"https:\\\/\\\/sprayboothmanufacturer.com\\\/#website\"},\"primaryImageOfPage\":{\"@id\":\"https:\\\/\\\/sprayboothmanufacturer.com\\\/product\\\/8m-standard-diesel-spray-booth\\\/#primaryimage\"},\"image\":{\"@id\":\"https:\\\/\\\/sprayboothmanufacturer.com\\\/product\\\/8m-standard-diesel-spray-booth\\\/#primaryimage\"},\"thumbnailUrl\":\"https:\\\/\\\/sprayboothmanufacturer.com\\\/wp-content\\\/uploads\\\/2026\\\/02\\\/23.png\",\"datePublished\":\"2026-02-05T07:43:01+00:00\",\"breadcrumb\":{\"@id\":\"https:\\\/\\\/sprayboothmanufacturer.com\\\/product\\\/8m-standard-diesel-spray-booth\\\/#breadcrumb\"},\"inLanguage\":\"fr-FR\",\"potentialAction\":[{\"@type\":\"ReadAction\",\"target\":[\"https:\\\/\\\/sprayboothmanufacturer.com\\\/product\\\/8m-standard-diesel-spray-booth\\\/\"]}]},{\"@type\":\"ImageObject\",\"inLanguage\":\"fr-FR\",\"@id\":\"https:\\\/\\\/sprayboothmanufacturer.com\\\/product\\\/8m-standard-diesel-spray-booth\\\/#primaryimage\",\"url\":\"https:\\\/\\\/sprayboothmanufacturer.com\\\/wp-content\\\/uploads\\\/2026\\\/02\\\/23.png\",\"contentUrl\":\"https:\\\/\\\/sprayboothmanufacturer.com\\\/wp-content\\\/uploads\\\/2026\\\/02\\\/23.png\",\"width\":800,\"height\":800,\"caption\":\"High Performance Automotive Paint Booth Airflow and Features\"},{\"@type\":\"BreadcrumbList\",\"@id\":\"https:\\\/\\\/sprayboothmanufacturer.com\\\/product\\\/8m-standard-diesel-spray-booth\\\/#breadcrumb\",\"itemListElement\":[{\"@type\":\"ListItem\",\"position\":1,\"name\":\"Home\",\"item\":\"https:\\\/\\\/sprayboothmanufacturer.com\\\/\"},{\"@type\":\"ListItem\",\"position\":2,\"name\":\"\u4ea7\u54c1\",\"item\":\"https:\\\/\\\/sprayboothmanufacturer.com\\\/shop__trashed\\\/\"},{\"@type\":\"ListItem\",\"position\":3,\"name\":\"ATK-8000-DH-STD 8m Standard Diesel Spray Booth | Industrial High-Efficiency Painting System | Professional Equipment for Auto Body Shops | Customizable | Factory Direct\"}]},{\"@type\":\"WebSite\",\"@id\":\"https:\\\/\\\/sprayboothmanufacturer.com\\\/#website\",\"url\":\"https:\\\/\\\/sprayboothmanufacturer.com\\\/\",\"name\":\"Autoke-China Paint Booth Manufacturer\",\"description\":\"\",\"publisher\":{\"@id\":\"https:\\\/\\\/sprayboothmanufacturer.com\\\/#organization\"},\"potentialAction\":[{\"@type\":\"SearchAction\",\"target\":{\"@type\":\"EntryPoint\",\"urlTemplate\":\"https:\\\/\\\/sprayboothmanufacturer.com\\\/?s={search_term_string}\"},\"query-input\":{\"@type\":\"PropertyValueSpecification\",\"valueRequired\":true,\"valueName\":\"search_term_string\"}}],\"inLanguage\":\"fr-FR\"},{\"@type\":\"Organization\",\"@id\":\"https:\\\/\\\/sprayboothmanufacturer.com\\\/#organization\",\"name\":\"Autoke-China Paint Booth Manufacturer\",\"url\":\"https:\\\/\\\/sprayboothmanufacturer.com\\\/\",\"logo\":{\"@type\":\"ImageObject\",\"inLanguage\":\"fr-FR\",\"@id\":\"https:\\\/\\\/sprayboothmanufacturer.com\\\/#\\\/schema\\\/logo\\\/image\\\/\",\"url\":\"https:\\\/\\\/sprayboothmanufacturer.com\\\/wp-content\\\/uploads\\\/2025\\\/12\\\/\u5fae\u4fe1\u56fe\u7247_20260113195103_1750_4-scaled-e1768394147958.png\",\"contentUrl\":\"https:\\\/\\\/sprayboothmanufacturer.com\\\/wp-content\\\/uploads\\\/2025\\\/12\\\/\u5fae\u4fe1\u56fe\u7247_20260113195103_1750_4-scaled-e1768394147958.png\",\"width\":1740,\"height\":538,\"caption\":\"Autoke-China Paint Booth Manufacturer\"},\"image\":{\"@id\":\"https:\\\/\\\/sprayboothmanufacturer.com\\\/#\\\/schema\\\/logo\\\/image\\\/\"}}]}<\/script>\n<!-- \/ Yoast SEO plugin. -->","yoast_head_json":{"title":"ATK-8000-DH-STD Cabine de pulv\u00e9risation diesel standard de 8 m | Syst\u00e8me de peinture industriel \u00e0 haute efficacit\u00e9 | \u00c9quipement professionnel pour ateliers de carrosserie | Personnalisable | Direct usine - Fabricant de cabines de peinture Autoke-China","robots":{"index":"index","follow":"follow","max-snippet":"max-snippet:-1","max-image-preview":"max-image-preview:large","max-video-preview":"max-video-preview:-1"},"canonical":"https:\/\/sprayboothmanufacturer.com\/fr\/product\/8m-standard-diesel-spray-booth\/","og_locale":"fr_FR","og_type":"article","og_title":"ATK-8000-DH-STD 8m Standard Diesel Spray Booth | Industrial High-Efficiency Painting System | Professional Equipment for Auto Body Shops | Customizable | Factory Direct - Autoke-China Paint Booth Manufacturer","og_description":"The ATK-8000-DH-STD Standard Diesel Spray Booth is designed for automotive repair, bodywork painting, and industrial coating. With an internal size of 7.9\u00d73.9\u00d72.65 meters, it features a RIELLO G20 diesel heating system, 30,000 m\u00b3\/h powerful air supply, three-stage filtration, and intelligent controls. Its robust construction offers a reliable and cost-effective professional solution.","og_url":"https:\/\/sprayboothmanufacturer.com\/fr\/product\/8m-standard-diesel-spray-booth\/","og_site_name":"Autoke-China Paint Booth Manufacturer","og_image":[{"width":800,"height":800,"url":"https:\/\/sprayboothmanufacturer.com\/wp-content\/uploads\/2026\/02\/23.png","type":"image\/png"}],"twitter_card":"summary_large_image","twitter_misc":{"Dur\u00e9e de lecture estim\u00e9e":"3 minutes"},"schema":{"@context":"https:\/\/schema.org","@graph":[{"@type":"WebPage","@id":"https:\/\/sprayboothmanufacturer.com\/product\/8m-standard-diesel-spray-booth\/","url":"https:\/\/sprayboothmanufacturer.com\/product\/8m-standard-diesel-spray-booth\/","name":"ATK-8000-DH-STD Cabine de pulv\u00e9risation diesel standard de 8 m | Syst\u00e8me de peinture industriel \u00e0 haute efficacit\u00e9 | \u00c9quipement professionnel pour ateliers de carrosserie | Personnalisable | Direct usine - Fabricant de cabines de peinture Autoke-China","isPartOf":{"@id":"https:\/\/sprayboothmanufacturer.com\/#website"},"primaryImageOfPage":{"@id":"https:\/\/sprayboothmanufacturer.com\/product\/8m-standard-diesel-spray-booth\/#primaryimage"},"image":{"@id":"https:\/\/sprayboothmanufacturer.com\/product\/8m-standard-diesel-spray-booth\/#primaryimage"},"thumbnailUrl":"https:\/\/sprayboothmanufacturer.com\/wp-content\/uploads\/2026\/02\/23.png","datePublished":"2026-02-05T07:43:01+00:00","breadcrumb":{"@id":"https:\/\/sprayboothmanufacturer.com\/product\/8m-standard-diesel-spray-booth\/#breadcrumb"},"inLanguage":"fr-FR","potentialAction":[{"@type":"ReadAction","target":["https:\/\/sprayboothmanufacturer.com\/product\/8m-standard-diesel-spray-booth\/"]}]},{"@type":"ImageObject","inLanguage":"fr-FR","@id":"https:\/\/sprayboothmanufacturer.com\/product\/8m-standard-diesel-spray-booth\/#primaryimage","url":"https:\/\/sprayboothmanufacturer.com\/wp-content\/uploads\/2026\/02\/23.png","contentUrl":"https:\/\/sprayboothmanufacturer.com\/wp-content\/uploads\/2026\/02\/23.png","width":800,"height":800,"caption":"High Performance Automotive Paint Booth Airflow and Features"},{"@type":"BreadcrumbList","@id":"https:\/\/sprayboothmanufacturer.com\/product\/8m-standard-diesel-spray-booth\/#breadcrumb","itemListElement":[{"@type":"ListItem","position":1,"name":"Home","item":"https:\/\/sprayboothmanufacturer.com\/"},{"@type":"ListItem","position":2,"name":"\u4ea7\u54c1","item":"https:\/\/sprayboothmanufacturer.com\/shop__trashed\/"},{"@type":"ListItem","position":3,"name":"ATK-8000-DH-STD 8m Standard Diesel Spray Booth | Industrial High-Efficiency Painting System | Professional Equipment for Auto Body Shops | Customizable | Factory Direct"}]},{"@type":"WebSite","@id":"https:\/\/sprayboothmanufacturer.com\/#website","url":"https:\/\/sprayboothmanufacturer.com\/","name":"Fabricant de cabines de peinture Autoke-Chine","description":"","publisher":{"@id":"https:\/\/sprayboothmanufacturer.com\/#organization"},"potentialAction":[{"@type":"SearchAction","target":{"@type":"EntryPoint","urlTemplate":"https:\/\/sprayboothmanufacturer.com\/?s={search_term_string}"},"query-input":{"@type":"PropertyValueSpecification","valueRequired":true,"valueName":"search_term_string"}}],"inLanguage":"fr-FR"},{"@type":"Organization","@id":"https:\/\/sprayboothmanufacturer.com\/#organization","name":"Fabricant de cabines de peinture Autoke-Chine","url":"https:\/\/sprayboothmanufacturer.com\/","logo":{"@type":"ImageObject","inLanguage":"fr-FR","@id":"https:\/\/sprayboothmanufacturer.com\/#\/schema\/logo\/image\/","url":"https:\/\/sprayboothmanufacturer.com\/wp-content\/uploads\/2025\/12\/\u5fae\u4fe1\u56fe\u7247_20260113195103_1750_4-scaled-e1768394147958.png","contentUrl":"https:\/\/sprayboothmanufacturer.com\/wp-content\/uploads\/2025\/12\/\u5fae\u4fe1\u56fe\u7247_20260113195103_1750_4-scaled-e1768394147958.png","width":1740,"height":538,"caption":"Autoke-China Paint Booth Manufacturer"},"image":{"@id":"https:\/\/sprayboothmanufacturer.com\/#\/schema\/logo\/image\/"}}]}},"_links":{"self":[{"href":"https:\/\/sprayboothmanufacturer.com\/fr\/wp-json\/wp\/v2\/product\/3245","targetHints":{"allow":["GET"]}}],"collection":[{"href":"https:\/\/sprayboothmanufacturer.com\/fr\/wp-json\/wp\/v2\/product"}],"about":[{"href":"https:\/\/sprayboothmanufacturer.com\/fr\/wp-json\/wp\/v2\/types\/product"}],"replies":[{"embeddable":true,"href":"https:\/\/sprayboothmanufacturer.com\/fr\/wp-json\/wp\/v2\/comments?post=3245"}],"version-history":[{"count":1,"href":"https:\/\/sprayboothmanufacturer.com\/fr\/wp-json\/wp\/v2\/product\/3245\/revisions"}],"predecessor-version":[{"id":3246,"href":"https:\/\/sprayboothmanufacturer.com\/fr\/wp-json\/wp\/v2\/product\/3245\/revisions\/3246"}],"wp:featuredmedia":[{"embeddable":true,"href":"https:\/\/sprayboothmanufacturer.com\/fr\/wp-json\/wp\/v2\/media\/3191"}],"wp:attachment":[{"href":"https:\/\/sprayboothmanufacturer.com\/fr\/wp-json\/wp\/v2\/media?parent=3245"}],"wp:term":[{"taxonomy":"product_brand","embeddable":true,"href":"https:\/\/sprayboothmanufacturer.com\/fr\/wp-json\/wp\/v2\/product_brand?post=3245"},{"taxonomy":"product_cat","embeddable":true,"href":"https:\/\/sprayboothmanufacturer.com\/fr\/wp-json\/wp\/v2\/product_cat?post=3245"},{"taxonomy":"product_tag","embeddable":true,"href":"https:\/\/sprayboothmanufacturer.com\/fr\/wp-json\/wp\/v2\/product_tag?post=3245"}],"curies":[{"name":"wp","href":"https:\/\/api.w.org\/{rel}","templated":true}]}}