{"id":3241,"date":"2026-02-05T07:17:55","date_gmt":"2026-02-05T07:17:55","guid":{"rendered":"https:\/\/sprayboothmanufacturer.com\/?post_type=product&#038;p=3241"},"modified":"2026-02-05T07:17:55","modified_gmt":"2026-02-05T07:17:55","slug":"8m-luxury-diesel-spray-booth","status":"publish","type":"product","link":"https:\/\/sprayboothmanufacturer.com\/fr\/product\/8m-luxury-diesel-spray-booth\/","title":{"rendered":"ATK-80-DH-PRO 8m Cabine de pulv\u00e9risation de luxe Diesel | Syst\u00e8me de peinture industriel \u00e0 haute efficacit\u00e9 | \u00c9quipement professionnel pour ateliers de carrosserie | Personnalisable | Approvisionnement direct d'usine"},"content":{"rendered":"<table style=\"height: 177px;\" width=\"770\">\n<tbody>\n<tr>\n<td width=\"142\"><strong><b>Quantit\u00e9 minimale de commande :<\/b><\/strong><\/td>\n<td width=\"142\">1 pi\u00e8ce<\/td>\n<td width=\"142\"><strong><b>Prix :<\/b><\/strong><\/td>\n<td width=\"142\">\u00c0 n\u00e9gocier<\/td>\n<\/tr>\n<tr>\n<td width=\"142\"><strong><b>D\u00e9tails de l'emballage :<\/b><\/strong><\/td>\n<td width=\"142\">40GP ou 20GP\/unit\u00e9<\/td>\n<td width=\"142\"><strong><b>D\u00e9lai de livraison :<\/b><\/strong><\/td>\n<td width=\"142\">15 jours \u00e0 n\u00e9gocier<\/td>\n<\/tr>\n<tr>\n<td width=\"142\"><strong><b>Conditions de paiement :<\/b><\/strong><\/td>\n<td width=\"142\">L\/C, T\/T<\/td>\n<td width=\"142\"><strong><b>Capacit\u00e9 d'approvisionnement :<\/b><\/strong><\/td>\n<td width=\"142\">50 unit\u00e9(s) par mois, cabine de pulv\u00e9risation industrielle, cabine de pulv\u00e9risation bus<\/td>\n<\/tr>\n<tr>\n<td width=\"142\"><strong><b>Lieu d'origine :<\/b><\/strong><\/td>\n<td width=\"142\">Jiangsu, Chine<\/td>\n<td width=\"142\"><strong><b>Nom de la marque :<\/b><\/strong><\/td>\n<td width=\"142\">Autoke<\/td>\n<\/tr>\n<tr>\n<td width=\"142\"><strong><b>Certification :<\/b><\/strong><\/td>\n<td width=\"142\">CE<\/td>\n<td width=\"142\"><strong><b>Num\u00e9ro de mod\u00e8le :<\/b><\/strong><\/td>\n<td width=\"142\">ATK-80-DH-PRO<\/td>\n<\/tr>\n<\/tbody>\n<\/table>\n<p class=\"ds-markdown-paragraph\"><strong>Cabine de pulv\u00e9risation de luxe diesel de 8m ATK-80-DH-PRO<\/strong><\/p>\n<p class=\"ds-markdown-paragraph\">Con\u00e7ue pour des op\u00e9rations de peinture de haut niveau, cette cabine de pulv\u00e9risation int\u00e8gre un chauffage efficace, un contr\u00f4le intelligent, une ventilation puissante et une filtration \u00e0 plusieurs niveaux. Elle constitue une solution professionnelle id\u00e9ale pour la r\u00e9paration de v\u00e9hicules, la r\u00e9novation de carrosserie et la peinture de composants industriels, am\u00e9liorant \u00e0 la fois la qualit\u00e9 de la finition et la productivit\u00e9.<\/p>\n<p class=\"ds-markdown-paragraph\"><strong>Caract\u00e9ristiques &amp; Avantages :<\/strong><\/p>\n<p class=\"ds-markdown-paragraph\">\ud83d\udd25\u00a0<strong>Chauffage diesel haute efficacit\u00e9<\/strong><br \/>\nUtilise un br\u00fbleur diesel RIELLO G20 pour un chauffage rapide, atteignant 40\u00b0C en 5-8 minutes, avec une temp\u00e9rature maximale de cuisson de 80\u00b0C. \u00c9conomique en \u00e9nergie et polyvalente.<\/p>\n<p class=\"ds-markdown-paragraph\">\ud83d\udca8\u00a0<strong>Flux d'air puissant &amp; ventilation<\/strong><br \/>\n\u00c9quip\u00e9e de 2\u00d74KW de ventilateurs centrifuges \u00e0 double admission fournissant un d\u00e9bit d'air total de 30 000 m\u00b3\/h, associ\u00e9s \u00e0 un ventilateur d'extraction de 5,5KW pour assurer un \u00e9change d'air rapide et un environnement de travail s\u00fbr.<\/p>\n<p class=\"ds-markdown-paragraph\">\ud83c\udf2b\ufe0f\u00a0<strong>Filtration de pr\u00e9cision \u00e0 trois niveaux<\/strong><br \/>\nComprend une filtration primaire (&gt;10\u03bcm, efficacit\u00e9 &gt;90%), une filtration au plafond (&gt;4\u03bcm, efficacit\u00e9 &gt;98%) et une filtration multicouche en fibre de verre au sol (&gt;90%) pour un environnement de peinture exceptionnellement propre.<\/p>\n<p class=\"ds-markdown-paragraph\">\ud83c\udfd7\ufe0f\u00a0<strong>Structure professionnelle robuste<\/strong><br \/>\nLes panneaux muraux se composent de panneaux isolants en acier color\u00e9 r\u00e9sistant au feu \u00e0 double couche avec un noyau en laine de roche \u00e0 haute densit\u00e9. Le sol est une plateforme sur\u00e9lev\u00e9e en t\u00f4les d'acier galvanis\u00e9 avec des grilles en acier galvanis\u00e9, supportant plus de 5 tonnes. Con\u00e7ue pour la durabilit\u00e9.<\/p>\n<p class=\"ds-markdown-paragraph\">\ud83d\udcdf\u00a0<strong>Contr\u00f4le intelligent int\u00e9gr\u00e9<\/strong><br \/>\nDot\u00e9 d'un panneau de contr\u00f4le convivial int\u00e9grant la peinture, la cuisson, la minuterie, la r\u00e9gulation de la temp\u00e9rature, l'\u00e9clairage et la fonction d'arr\u00eat d'urgence pour une op\u00e9ration simplifi\u00e9e et un flux de travail am\u00e9lior\u00e9.<\/p>\n<p class=\"ds-markdown-paragraph\">\ud83d\udca1\u00a0<strong>Syst\u00e8me d'\u00e9clairage professionnel<\/strong><br \/>\n24 ensembles de luminaires LED de 18W au plafond et 8 ensembles de luminaires de 48W sur les murs lat\u00e9raux offrent une illumination uniforme sans ombres pour une peinture pr\u00e9cise et un travail de d\u00e9tail.<\/p>\n<p class=\"ds-markdown-paragraph\"><strong>Sp\u00e9cifications Techniques Principales :<\/strong><\/p>\n<ul>\n<li>\n<p class=\"ds-markdown-paragraph\">Dimensions Ext\u00e9rieures : 8000\u00d74000\u00d73350 mm<\/p>\n<\/li>\n<li>\n<p class=\"ds-markdown-paragraph\">Dimensions Int\u00e9rieures : 7900\u00d73900\u00d72650 mm<\/p>\n<\/li>\n<li>\n<p class=\"ds-markdown-paragraph\">Puissance Totale : 15 KW (Version Chauffage Diesel)<\/p>\n<\/li>\n<li>\n<p class=\"ds-markdown-paragraph\">Tension\/Fr\u00e9quence : 220V\/380V, 50Hz<\/p>\n<\/li>\n<li>\n<p class=\"ds-markdown-paragraph\">Volume d'Emballage : Environ 19 CBM par ensemble<\/p>\n<\/li>\n<\/ul>\n<p class=\"ds-markdown-paragraph\"><strong>Id\u00e9al Pour :<\/strong><\/p>\n<ul>\n<li>\n<p class=\"ds-markdown-paragraph\">Ateliers de r\u00e9paration automobile 4S &amp; Installations de R\u00e9paration G\u00e9n\u00e9rale<\/p>\n<\/li>\n<li>\n<p class=\"ds-markdown-paragraph\">Ateliers de r\u00e9paration de carrosserie de camions et d'autobus<\/p>\n<\/li>\n<li>\n<p class=\"ds-markdown-paragraph\">Lignes de peinture pour machines industrielles et produits m\u00e9talliques<\/p>\n<\/li>\n<li>\n<p class=\"ds-markdown-paragraph\">Fournisseurs de services professionnels de r\u00e9paration et de peinture de collisions<\/p>\n<\/li>\n<\/ul>\n<p class=\"ds-markdown-paragraph\">Nous proposons une personnalisation flexible concernant la taille, la couleur et la configuration pour r\u00e9pondre \u00e0 vos exigences sp\u00e9cifiques de site et de processus.<\/p>\n<p class=\"ds-markdown-paragraph\"><strong>Contactez-nous pour une proposition technique compl\u00e8te et un prix direct usine.<\/strong><\/p>","protected":false},"excerpt":{"rendered":"<p>L'ATK-80-DH-PRO est une cabine de pulv\u00e9risation diesel de 8 m\u00e8tres con\u00e7ue pour les ateliers de r\u00e9paration automobile, les centres de carrosserie et les applications de peinture industrielle. Dot\u00e9e d'un syst\u00e8me de chauffage diesel RIELLO G20 pour un chauffage rapide en 5-8 minutes, d'un syst\u00e8me de filtration \u00e0 trois niveaux et de commandes intelligentes, elle offre une construction robuste, une efficacit\u00e9 \u00e9nerg\u00e9tique et un environnement de peinture propre et stable. Des configurations personnalis\u00e9es sont disponibles.<\/p>","protected":false},"featured_media":3138,"comment_status":"open","ping_status":"closed","template":"","meta":[],"product_brand":[76],"product_cat":[60,59],"product_tag":[75,74,79,73,63,69,68],"class_list":{"0":"post-3241","1":"product","2":"type-product","3":"status-publish","4":"has-post-thumbnail","6":"product_brand-autoke","7":"product_cat-car-spray-booth","8":"product_cat-spray-booth","9":"product_tag-8m-diesel-car-paint-booth","10":"product_tag-8m-electric-car-paint-booth","11":"product_tag-automotive-spray-booth","12":"product_tag-automotive-spray-booth-manufacturer","13":"product_tag-car-spray-booth","14":"product_tag-ce-car-spray-booth","15":"product_tag-customized-car-spray-booth","17":"first","18":"instock","19":"shipping-taxable","20":"product-type-simple"},"yoast_head":"<!-- This site is optimized with the Yoast SEO plugin v27.4 - https:\/\/yoast.com\/product\/yoast-seo-wordpress\/ -->\n<title>ATK-80-DH-PRO 8m Luxury Diesel Spray Booth | Industrial High-Efficiency Painting System | Professional Equipment for Auto Body Shops | Customizable | Factory Direct Supply - Autoke-China Paint Booth Manufacturer<\/title>\n<meta name=\"robots\" content=\"index, follow, max-snippet:-1, max-image-preview:large, max-video-preview:-1\" \/>\n<link rel=\"canonical\" href=\"https:\/\/sprayboothmanufacturer.com\/fr\/product\/8m-luxury-diesel-spray-booth\/\" \/>\n<meta property=\"og:locale\" content=\"fr_FR\" \/>\n<meta property=\"og:type\" content=\"article\" \/>\n<meta property=\"og:title\" content=\"ATK-80-DH-PRO 8m Luxury Diesel Spray Booth | Industrial High-Efficiency Painting System | Professional Equipment for Auto Body Shops | Customizable | Factory Direct Supply - Autoke-China Paint Booth Manufacturer\" \/>\n<meta property=\"og:description\" content=\"The ATK-80-DH-PRO is an 8-meter diesel spray booth designed for automotive repair shops, body centers, and industrial painting applications. Featuring a RIELLO G20 diesel heating system for rapid heat-up within 5-8 minutes, a three-stage filtration system, and intelligent controls, it offers robust construction, energy efficiency, and a clean, stable painting environment. Custom configurations are available.\" \/>\n<meta property=\"og:url\" content=\"https:\/\/sprayboothmanufacturer.com\/fr\/product\/8m-luxury-diesel-spray-booth\/\" \/>\n<meta property=\"og:site_name\" content=\"Autoke-China Paint Booth Manufacturer\" \/>\n<meta property=\"og:image\" content=\"https:\/\/sprayboothmanufacturer.com\/wp-content\/uploads\/2026\/01\/1.221-scaled.jpg\" \/>\n\t<meta property=\"og:image:width\" content=\"2560\" \/>\n\t<meta property=\"og:image:height\" content=\"1920\" \/>\n\t<meta property=\"og:image:type\" content=\"image\/jpeg\" \/>\n<meta name=\"twitter:card\" content=\"summary_large_image\" \/>\n<meta name=\"twitter:label1\" content=\"Dur\u00e9e de lecture estim\u00e9e\" \/>\n\t<meta name=\"twitter:data1\" content=\"2 minutes\" \/>\n<script type=\"application\/ld+json\" class=\"yoast-schema-graph\">{\"@context\":\"https:\\\/\\\/schema.org\",\"@graph\":[{\"@type\":\"WebPage\",\"@id\":\"https:\\\/\\\/sprayboothmanufacturer.com\\\/product\\\/8m-luxury-diesel-spray-booth\\\/\",\"url\":\"https:\\\/\\\/sprayboothmanufacturer.com\\\/product\\\/8m-luxury-diesel-spray-booth\\\/\",\"name\":\"ATK-80-DH-PRO 8m Luxury Diesel Spray Booth | Industrial High-Efficiency Painting System | Professional Equipment for Auto Body Shops | Customizable | Factory Direct Supply - Autoke-China Paint Booth Manufacturer\",\"isPartOf\":{\"@id\":\"https:\\\/\\\/sprayboothmanufacturer.com\\\/#website\"},\"primaryImageOfPage\":{\"@id\":\"https:\\\/\\\/sprayboothmanufacturer.com\\\/product\\\/8m-luxury-diesel-spray-booth\\\/#primaryimage\"},\"image\":{\"@id\":\"https:\\\/\\\/sprayboothmanufacturer.com\\\/product\\\/8m-luxury-diesel-spray-booth\\\/#primaryimage\"},\"thumbnailUrl\":\"https:\\\/\\\/sprayboothmanufacturer.com\\\/wp-content\\\/uploads\\\/2026\\\/01\\\/1.221-scaled.jpg\",\"datePublished\":\"2026-02-05T07:17:55+00:00\",\"breadcrumb\":{\"@id\":\"https:\\\/\\\/sprayboothmanufacturer.com\\\/product\\\/8m-luxury-diesel-spray-booth\\\/#breadcrumb\"},\"inLanguage\":\"fr-FR\",\"potentialAction\":[{\"@type\":\"ReadAction\",\"target\":[\"https:\\\/\\\/sprayboothmanufacturer.com\\\/product\\\/8m-luxury-diesel-spray-booth\\\/\"]}]},{\"@type\":\"ImageObject\",\"inLanguage\":\"fr-FR\",\"@id\":\"https:\\\/\\\/sprayboothmanufacturer.com\\\/product\\\/8m-luxury-diesel-spray-booth\\\/#primaryimage\",\"url\":\"https:\\\/\\\/sprayboothmanufacturer.com\\\/wp-content\\\/uploads\\\/2026\\\/01\\\/1.221-scaled.jpg\",\"contentUrl\":\"https:\\\/\\\/sprayboothmanufacturer.com\\\/wp-content\\\/uploads\\\/2026\\\/01\\\/1.221-scaled.jpg\",\"width\":2560,\"height\":1920},{\"@type\":\"BreadcrumbList\",\"@id\":\"https:\\\/\\\/sprayboothmanufacturer.com\\\/product\\\/8m-luxury-diesel-spray-booth\\\/#breadcrumb\",\"itemListElement\":[{\"@type\":\"ListItem\",\"position\":1,\"name\":\"Home\",\"item\":\"https:\\\/\\\/sprayboothmanufacturer.com\\\/\"},{\"@type\":\"ListItem\",\"position\":2,\"name\":\"\u4ea7\u54c1\",\"item\":\"https:\\\/\\\/sprayboothmanufacturer.com\\\/shop__trashed\\\/\"},{\"@type\":\"ListItem\",\"position\":3,\"name\":\"ATK-80-DH-PRO 8m Luxury Diesel Spray Booth | Industrial High-Efficiency Painting System | Professional Equipment for Auto Body Shops | Customizable | Factory Direct Supply\"}]},{\"@type\":\"WebSite\",\"@id\":\"https:\\\/\\\/sprayboothmanufacturer.com\\\/#website\",\"url\":\"https:\\\/\\\/sprayboothmanufacturer.com\\\/\",\"name\":\"Autoke-China Paint Booth Manufacturer\",\"description\":\"\",\"publisher\":{\"@id\":\"https:\\\/\\\/sprayboothmanufacturer.com\\\/#organization\"},\"potentialAction\":[{\"@type\":\"SearchAction\",\"target\":{\"@type\":\"EntryPoint\",\"urlTemplate\":\"https:\\\/\\\/sprayboothmanufacturer.com\\\/?s={search_term_string}\"},\"query-input\":{\"@type\":\"PropertyValueSpecification\",\"valueRequired\":true,\"valueName\":\"search_term_string\"}}],\"inLanguage\":\"fr-FR\"},{\"@type\":\"Organization\",\"@id\":\"https:\\\/\\\/sprayboothmanufacturer.com\\\/#organization\",\"name\":\"Autoke-China Paint Booth Manufacturer\",\"url\":\"https:\\\/\\\/sprayboothmanufacturer.com\\\/\",\"logo\":{\"@type\":\"ImageObject\",\"inLanguage\":\"fr-FR\",\"@id\":\"https:\\\/\\\/sprayboothmanufacturer.com\\\/#\\\/schema\\\/logo\\\/image\\\/\",\"url\":\"https:\\\/\\\/sprayboothmanufacturer.com\\\/wp-content\\\/uploads\\\/2025\\\/12\\\/\u5fae\u4fe1\u56fe\u7247_20260113195103_1750_4-scaled-e1768394147958.png\",\"contentUrl\":\"https:\\\/\\\/sprayboothmanufacturer.com\\\/wp-content\\\/uploads\\\/2025\\\/12\\\/\u5fae\u4fe1\u56fe\u7247_20260113195103_1750_4-scaled-e1768394147958.png\",\"width\":1740,\"height\":538,\"caption\":\"Autoke-China Paint Booth Manufacturer\"},\"image\":{\"@id\":\"https:\\\/\\\/sprayboothmanufacturer.com\\\/#\\\/schema\\\/logo\\\/image\\\/\"}}]}<\/script>\n<!-- \/ Yoast SEO plugin. -->","yoast_head_json":{"title":"ATK-80-DH-PRO Cabine de pulv\u00e9risation diesel de luxe 8m | Syst\u00e8me de peinture industriel haute efficacit\u00e9 | \u00c9quipement professionnel pour ateliers de carrosserie | Personnalisable | Fourniture directe d'usine - Fabricant de cabines de peinture Autoke-China","robots":{"index":"index","follow":"follow","max-snippet":"max-snippet:-1","max-image-preview":"max-image-preview:large","max-video-preview":"max-video-preview:-1"},"canonical":"https:\/\/sprayboothmanufacturer.com\/fr\/product\/8m-luxury-diesel-spray-booth\/","og_locale":"fr_FR","og_type":"article","og_title":"ATK-80-DH-PRO 8m Luxury Diesel Spray Booth | Industrial High-Efficiency Painting System | Professional Equipment for Auto Body Shops | Customizable | Factory Direct Supply - Autoke-China Paint Booth Manufacturer","og_description":"The ATK-80-DH-PRO is an 8-meter diesel spray booth designed for automotive repair shops, body centers, and industrial painting applications. Featuring a RIELLO G20 diesel heating system for rapid heat-up within 5-8 minutes, a three-stage filtration system, and intelligent controls, it offers robust construction, energy efficiency, and a clean, stable painting environment. Custom configurations are available.","og_url":"https:\/\/sprayboothmanufacturer.com\/fr\/product\/8m-luxury-diesel-spray-booth\/","og_site_name":"Autoke-China Paint Booth Manufacturer","og_image":[{"width":2560,"height":1920,"url":"https:\/\/sprayboothmanufacturer.com\/wp-content\/uploads\/2026\/01\/1.221-scaled.jpg","type":"image\/jpeg"}],"twitter_card":"summary_large_image","twitter_misc":{"Dur\u00e9e de lecture estim\u00e9e":"2 minutes"},"schema":{"@context":"https:\/\/schema.org","@graph":[{"@type":"WebPage","@id":"https:\/\/sprayboothmanufacturer.com\/product\/8m-luxury-diesel-spray-booth\/","url":"https:\/\/sprayboothmanufacturer.com\/product\/8m-luxury-diesel-spray-booth\/","name":"ATK-80-DH-PRO Cabine de pulv\u00e9risation diesel de luxe 8m | Syst\u00e8me de peinture industriel haute efficacit\u00e9 | \u00c9quipement professionnel pour ateliers de carrosserie | Personnalisable | Fourniture directe d'usine - Fabricant de cabines de peinture Autoke-China","isPartOf":{"@id":"https:\/\/sprayboothmanufacturer.com\/#website"},"primaryImageOfPage":{"@id":"https:\/\/sprayboothmanufacturer.com\/product\/8m-luxury-diesel-spray-booth\/#primaryimage"},"image":{"@id":"https:\/\/sprayboothmanufacturer.com\/product\/8m-luxury-diesel-spray-booth\/#primaryimage"},"thumbnailUrl":"https:\/\/sprayboothmanufacturer.com\/wp-content\/uploads\/2026\/01\/1.221-scaled.jpg","datePublished":"2026-02-05T07:17:55+00:00","breadcrumb":{"@id":"https:\/\/sprayboothmanufacturer.com\/product\/8m-luxury-diesel-spray-booth\/#breadcrumb"},"inLanguage":"fr-FR","potentialAction":[{"@type":"ReadAction","target":["https:\/\/sprayboothmanufacturer.com\/product\/8m-luxury-diesel-spray-booth\/"]}]},{"@type":"ImageObject","inLanguage":"fr-FR","@id":"https:\/\/sprayboothmanufacturer.com\/product\/8m-luxury-diesel-spray-booth\/#primaryimage","url":"https:\/\/sprayboothmanufacturer.com\/wp-content\/uploads\/2026\/01\/1.221-scaled.jpg","contentUrl":"https:\/\/sprayboothmanufacturer.com\/wp-content\/uploads\/2026\/01\/1.221-scaled.jpg","width":2560,"height":1920},{"@type":"BreadcrumbList","@id":"https:\/\/sprayboothmanufacturer.com\/product\/8m-luxury-diesel-spray-booth\/#breadcrumb","itemListElement":[{"@type":"ListItem","position":1,"name":"Home","item":"https:\/\/sprayboothmanufacturer.com\/"},{"@type":"ListItem","position":2,"name":"\u4ea7\u54c1","item":"https:\/\/sprayboothmanufacturer.com\/shop__trashed\/"},{"@type":"ListItem","position":3,"name":"ATK-80-DH-PRO 8m Luxury Diesel Spray Booth | Industrial High-Efficiency Painting System | Professional Equipment for Auto Body Shops | Customizable | Factory Direct Supply"}]},{"@type":"WebSite","@id":"https:\/\/sprayboothmanufacturer.com\/#website","url":"https:\/\/sprayboothmanufacturer.com\/","name":"Fabricant de cabines de peinture Autoke-Chine","description":"","publisher":{"@id":"https:\/\/sprayboothmanufacturer.com\/#organization"},"potentialAction":[{"@type":"SearchAction","target":{"@type":"EntryPoint","urlTemplate":"https:\/\/sprayboothmanufacturer.com\/?s={search_term_string}"},"query-input":{"@type":"PropertyValueSpecification","valueRequired":true,"valueName":"search_term_string"}}],"inLanguage":"fr-FR"},{"@type":"Organization","@id":"https:\/\/sprayboothmanufacturer.com\/#organization","name":"Fabricant de cabines de peinture Autoke-Chine","url":"https:\/\/sprayboothmanufacturer.com\/","logo":{"@type":"ImageObject","inLanguage":"fr-FR","@id":"https:\/\/sprayboothmanufacturer.com\/#\/schema\/logo\/image\/","url":"https:\/\/sprayboothmanufacturer.com\/wp-content\/uploads\/2025\/12\/\u5fae\u4fe1\u56fe\u7247_20260113195103_1750_4-scaled-e1768394147958.png","contentUrl":"https:\/\/sprayboothmanufacturer.com\/wp-content\/uploads\/2025\/12\/\u5fae\u4fe1\u56fe\u7247_20260113195103_1750_4-scaled-e1768394147958.png","width":1740,"height":538,"caption":"Autoke-China Paint Booth Manufacturer"},"image":{"@id":"https:\/\/sprayboothmanufacturer.com\/#\/schema\/logo\/image\/"}}]}},"_links":{"self":[{"href":"https:\/\/sprayboothmanufacturer.com\/fr\/wp-json\/wp\/v2\/product\/3241","targetHints":{"allow":["GET"]}}],"collection":[{"href":"https:\/\/sprayboothmanufacturer.com\/fr\/wp-json\/wp\/v2\/product"}],"about":[{"href":"https:\/\/sprayboothmanufacturer.com\/fr\/wp-json\/wp\/v2\/types\/product"}],"replies":[{"embeddable":true,"href":"https:\/\/sprayboothmanufacturer.com\/fr\/wp-json\/wp\/v2\/comments?post=3241"}],"version-history":[{"count":1,"href":"https:\/\/sprayboothmanufacturer.com\/fr\/wp-json\/wp\/v2\/product\/3241\/revisions"}],"predecessor-version":[{"id":3242,"href":"https:\/\/sprayboothmanufacturer.com\/fr\/wp-json\/wp\/v2\/product\/3241\/revisions\/3242"}],"wp:featuredmedia":[{"embeddable":true,"href":"https:\/\/sprayboothmanufacturer.com\/fr\/wp-json\/wp\/v2\/media\/3138"}],"wp:attachment":[{"href":"https:\/\/sprayboothmanufacturer.com\/fr\/wp-json\/wp\/v2\/media?parent=3241"}],"wp:term":[{"taxonomy":"product_brand","embeddable":true,"href":"https:\/\/sprayboothmanufacturer.com\/fr\/wp-json\/wp\/v2\/product_brand?post=3241"},{"taxonomy":"product_cat","embeddable":true,"href":"https:\/\/sprayboothmanufacturer.com\/fr\/wp-json\/wp\/v2\/product_cat?post=3241"},{"taxonomy":"product_tag","embeddable":true,"href":"https:\/\/sprayboothmanufacturer.com\/fr\/wp-json\/wp\/v2\/product_tag?post=3241"}],"curies":[{"name":"wp","href":"https:\/\/api.w.org\/{rel}","templated":true}]}}