{"id":3239,"date":"2026-02-05T07:03:22","date_gmt":"2026-02-05T07:03:22","guid":{"rendered":"https:\/\/sprayboothmanufacturer.com\/?post_type=product&#038;p=3239"},"modified":"2026-02-05T07:03:23","modified_gmt":"2026-02-05T07:03:23","slug":"7-5m-luxury-diesel-heated-spray-booth","status":"publish","type":"product","link":"https:\/\/sprayboothmanufacturer.com\/fr\/product\/7-5m-luxury-diesel-heated-spray-booth\/","title":{"rendered":"ATK-75-DH-LUX Booth de pulv\u00e9risation de luxe chauff\u00e9 au diesel de 7,5 m | \u00c9quipement professionnel de r\u00e9paration et de peinture automobile | Personnalisable | Fournisseur direct d'usine"},"content":{"rendered":"<table style=\"height: 286px;\" width=\"816\">\n<tbody>\n<tr>\n<td width=\"142\"><strong><b>Quantit\u00e9 minimale de commande :<\/b><\/strong><\/td>\n<td width=\"142\">1 pi\u00e8ce<\/td>\n<td width=\"142\"><strong><b>Prix :<\/b><\/strong><\/td>\n<td width=\"142\">\u00c0 n\u00e9gocier<\/td>\n<\/tr>\n<tr>\n<td width=\"142\"><strong><b>D\u00e9tails de l'emballage :<\/b><\/strong><\/td>\n<td width=\"142\">40GP ou 20GP\/unit\u00e9<\/td>\n<td width=\"142\"><strong><b>D\u00e9lai de livraison :<\/b><\/strong><\/td>\n<td width=\"142\">15 jours \u00e0 n\u00e9gocier<\/td>\n<\/tr>\n<tr>\n<td width=\"142\"><strong><b>Conditions de paiement :<\/b><\/strong><\/td>\n<td width=\"142\">L\/C, T\/T<\/td>\n<td width=\"142\"><strong><b>Capacit\u00e9 d'approvisionnement :<\/b><\/strong><\/td>\n<td width=\"142\">50 unit\u00e9(s) par mois, cabine de pulv\u00e9risation industrielle, cabine de pulv\u00e9risation bus<\/td>\n<\/tr>\n<tr>\n<td width=\"142\"><strong><b>Lieu d'origine :<\/b><\/strong><\/td>\n<td width=\"142\">Jiangsu, Chine<\/td>\n<td width=\"142\"><strong><b>Nom de la marque :<\/b><\/strong><\/td>\n<td width=\"142\">Autoke<\/td>\n<\/tr>\n<tr>\n<td width=\"142\"><strong><b>Certification :<\/b><\/strong><\/td>\n<td width=\"142\">CE<\/td>\n<td width=\"142\"><strong><b>Num\u00e9ro de mod\u00e8le :<\/b><\/strong><\/td>\n<td width=\"142\">ATK-75-DH-LUX<\/td>\n<\/tr>\n<\/tbody>\n<\/table>\n<p class=\"ds-markdown-paragraph\"><strong>Cabine de pulv\u00e9risation professionnelle \u00e0 chauffage diesel ATK-75-DH-LUX<\/strong><br \/>\nCon\u00e7ue pour la r\u00e9paration automobile, la restauration de carrosserie et la peinture industrielle, cette cabine de pulv\u00e9risation combine un syst\u00e8me de chauffage diesel efficace avec des contr\u00f4les intelligents pour offrir un environnement de peinture stable, propre et \u00e9conome en \u00e9nergie.<\/p>\n<p class=\"ds-markdown-paragraph\"><strong>Caract\u00e9ristiques principales :<\/strong><\/p>\n<p class=\"ds-markdown-paragraph\">\u2705\u00a0<strong>Syst\u00e8me de chauffage diesel haute efficacit\u00e9<\/strong><br \/>\n\u00c9quip\u00e9e d\u2019un br\u00fbleur diesel RIELLO G20, elle atteint 40\u00b0C en 5 \u00e0 8 minutes, avec une temp\u00e9rature maximale de cuisson de 80\u00b0C, adapt\u00e9e \u00e0 divers processus de peinture et de durcissement.<\/p>\n<p class=\"ds-markdown-paragraph\">\u2705\u00a0<strong>Contr\u00f4le environnemental intelligent<\/strong><br \/>\nDot\u00e9e d\u2019un panneau de contr\u00f4le intelligent int\u00e9grant la peinture, la cuisson, la minuterie, la r\u00e9gulation de la temp\u00e9rature et la fonction d\u2019arr\u00eat d\u2019urgence pour une utilisation facile et r\u00e9active.<\/p>\n<p class=\"ds-markdown-paragraph\">\u2705\u00a0<strong>Filtration d\u2019air \u00e0 plusieurs \u00e9tapes<\/strong><br \/>\nUn syst\u00e8me de filtration \u00e0 trois niveaux (filtre primaire + filtre plafond + filtre sol) garantit un air propre avec une efficacit\u00e9 de filtration jusqu\u2019\u00e0 98%, assurant des finitions de haute qualit\u00e9.<\/p>\n<p class=\"ds-markdown-paragraph\">\u2705\u00a0<strong>Syst\u00e8me de ventilation puissant<\/strong><br \/>\nDeux ventilateurs centrifuges d\u2019admission (25 000 m\u00b3\/h) associ\u00e9s \u00e0 un syst\u00e8me d\u2019\u00e9vacuation efficace (19 000 m\u00b3\/h) permettent un \u00e9change d\u2019air rapide, maintenant un environnement de travail s\u00fbr.<\/p>\n<p class=\"ds-markdown-paragraph\">\u2705\u00a0<strong>Construction durable<\/strong><br \/>\nConstruite avec des panneaux en acier galvanis\u00e9 et une structure en tube carr\u00e9, le sol est \u00e9quip\u00e9 de grilles en acier galvanis\u00e9 antid\u00e9rapantes avec une capacit\u00e9 de charge allant jusqu\u2019\u00e0 5 tonnes, id\u00e9ale pour une utilisation industrielle intensive.<\/p>\n<p class=\"ds-markdown-paragraph\">\u2705\u00a0<strong>\u00c9clairage lumineux et uniforme<\/strong><br \/>\n24 ensembles de lumi\u00e8res LED au plafond et un \u00e9clairage auxiliaire sur les murs lat\u00e9raux offrent une illumination sans ombres pour un d\u00e9tail pr\u00e9cis et une peinture de qualit\u00e9.<\/p>\n<p class=\"ds-markdown-paragraph\"><strong>Id\u00e9al Pour :<\/strong><\/p>\n<ul>\n<li>\n<p class=\"ds-markdown-paragraph\">Ateliers de r\u00e9paration et centres de service automobile<\/p>\n<\/li>\n<li>\n<p class=\"ds-markdown-paragraph\">Ateliers de r\u00e9paration de collisions et de peinture<\/p>\n<\/li>\n<li>\n<p class=\"ds-markdown-paragraph\">Restauration de carrosserie de camions et d\u2019autobus<\/p>\n<\/li>\n<li>\n<p class=\"ds-markdown-paragraph\">Rev\u00eatement d\u2019\u00e9quipements et de machines industrielles<\/p>\n<\/li>\n<\/ul>\n<p class=\"ds-markdown-paragraph\"><strong>Options de personnalisation :<\/strong><br \/>\nModifiable en taille, couleur, configuration de puissance, et plus encore selon les exigences du client. Nous proposons des solutions de peinture sur mesure pour r\u00e9pondre aux besoins sp\u00e9cifiques de votre site.<\/p>\n<p class=\"ds-markdown-paragraph\"><strong>Contactez-nous pour des sp\u00e9cifications techniques d\u00e9taill\u00e9es, des options de configuration et des prix directs d'usine.<\/strong><\/p>","protected":false},"excerpt":{"rendered":"<p>La cabine de pulv\u00e9risation \u00e0 chauffage diesel haute efficacit\u00e9 et \u00e9conome en \u00e9nergie ATK-75-DH-LUX est con\u00e7ue pour les centres de r\u00e9paration automobile, les ateliers de carrosserie et les applications de peinture industrielle. Dot\u00e9e d\u2019un chauffage rapide, de contr\u00f4les intelligents et d\u2019un syst\u00e8me de filtration \u00e0 plusieurs \u00e9tapes, sa construction robuste supporte des configurations personnalis\u00e9es pour am\u00e9liorer l\u2019efficacit\u00e9 de la peinture et la qualit\u00e9 de l\u2019espace de travail.<\/p>","protected":false},"featured_media":3198,"comment_status":"open","ping_status":"closed","template":"","meta":[],"product_brand":[76],"product_cat":[60,59],"product_tag":[79,73,89,78,63,72,66,69,84],"class_list":{"0":"post-3239","1":"product","2":"type-product","3":"status-publish","4":"has-post-thumbnail","6":"product_brand-autoke","7":"product_cat-car-spray-booth","8":"product_cat-spray-booth","9":"product_tag-automotive-spray-booth","10":"product_tag-automotive-spray-booth-manufacturer","11":"product_tag-baking-oven-for-bus","12":"product_tag-bus-spray-booth","13":"product_tag-car-spray-booth","14":"product_tag-car-spray-booth-factory","15":"product_tag-car-spray-booth-manufacturer","16":"product_tag-ce-car-spray-booth","17":"product_tag-industrial-coating","19":"first","20":"instock","21":"shipping-taxable","22":"product-type-simple"},"yoast_head":"<!-- This site is optimized with the Yoast SEO plugin v27.4 - https:\/\/yoast.com\/product\/yoast-seo-wordpress\/ -->\n<title>ATK-75-DH-LUX 7.5m Luxury Diesel-Heated Spray Booth | Professional Automotive Repair &amp; Painting Equipment | Customizable | Factory Direct Supply - Autoke-China Paint Booth Manufacturer<\/title>\n<meta name=\"robots\" content=\"index, follow, max-snippet:-1, max-image-preview:large, max-video-preview:-1\" \/>\n<link rel=\"canonical\" href=\"https:\/\/sprayboothmanufacturer.com\/fr\/product\/7-5m-luxury-diesel-heated-spray-booth\/\" \/>\n<meta property=\"og:locale\" content=\"fr_FR\" \/>\n<meta property=\"og:type\" content=\"article\" \/>\n<meta property=\"og:title\" content=\"ATK-75-DH-LUX 7.5m Luxury Diesel-Heated Spray Booth | Professional Automotive Repair &amp; Painting Equipment | Customizable | Factory Direct Supply - Autoke-China Paint Booth Manufacturer\" \/>\n<meta property=\"og:description\" content=\"The ATK-75-DH-LUX is a high-efficiency, energy-saving diesel-heated spray booth designed for automotive repair centers, body shops, and industrial painting applications. Featuring rapid heat-up, intelligent controls, and a multi-stage filtration system, its robust construction supports customized configurations to enhance painting efficiency and workspace quality.\" \/>\n<meta property=\"og:url\" content=\"https:\/\/sprayboothmanufacturer.com\/fr\/product\/7-5m-luxury-diesel-heated-spray-booth\/\" \/>\n<meta property=\"og:site_name\" content=\"Autoke-China Paint Booth Manufacturer\" \/>\n<meta property=\"article:modified_time\" content=\"2026-02-05T07:03:23+00:00\" \/>\n<meta property=\"og:image\" content=\"https:\/\/sprayboothmanufacturer.com\/wp-content\/uploads\/2026\/02\/30.png\" \/>\n\t<meta property=\"og:image:width\" content=\"800\" \/>\n\t<meta property=\"og:image:height\" content=\"800\" \/>\n\t<meta property=\"og:image:type\" content=\"image\/png\" \/>\n<meta name=\"twitter:card\" content=\"summary_large_image\" \/>\n<meta name=\"twitter:label1\" content=\"Dur\u00e9e de lecture estim\u00e9e\" \/>\n\t<meta name=\"twitter:data1\" content=\"2 minutes\" \/>\n<script type=\"application\/ld+json\" class=\"yoast-schema-graph\">{\"@context\":\"https:\\\/\\\/schema.org\",\"@graph\":[{\"@type\":\"WebPage\",\"@id\":\"https:\\\/\\\/sprayboothmanufacturer.com\\\/product\\\/7-5m-luxury-diesel-heated-spray-booth\\\/\",\"url\":\"https:\\\/\\\/sprayboothmanufacturer.com\\\/product\\\/7-5m-luxury-diesel-heated-spray-booth\\\/\",\"name\":\"ATK-75-DH-LUX 7.5m Luxury Diesel-Heated Spray Booth | Professional Automotive Repair & Painting Equipment | Customizable | Factory Direct Supply - Autoke-China Paint Booth Manufacturer\",\"isPartOf\":{\"@id\":\"https:\\\/\\\/sprayboothmanufacturer.com\\\/#website\"},\"primaryImageOfPage\":{\"@id\":\"https:\\\/\\\/sprayboothmanufacturer.com\\\/product\\\/7-5m-luxury-diesel-heated-spray-booth\\\/#primaryimage\"},\"image\":{\"@id\":\"https:\\\/\\\/sprayboothmanufacturer.com\\\/product\\\/7-5m-luxury-diesel-heated-spray-booth\\\/#primaryimage\"},\"thumbnailUrl\":\"https:\\\/\\\/sprayboothmanufacturer.com\\\/wp-content\\\/uploads\\\/2026\\\/02\\\/30.png\",\"datePublished\":\"2026-02-05T07:03:22+00:00\",\"dateModified\":\"2026-02-05T07:03:23+00:00\",\"breadcrumb\":{\"@id\":\"https:\\\/\\\/sprayboothmanufacturer.com\\\/product\\\/7-5m-luxury-diesel-heated-spray-booth\\\/#breadcrumb\"},\"inLanguage\":\"fr-FR\",\"potentialAction\":[{\"@type\":\"ReadAction\",\"target\":[\"https:\\\/\\\/sprayboothmanufacturer.com\\\/product\\\/7-5m-luxury-diesel-heated-spray-booth\\\/\"]}]},{\"@type\":\"ImageObject\",\"inLanguage\":\"fr-FR\",\"@id\":\"https:\\\/\\\/sprayboothmanufacturer.com\\\/product\\\/7-5m-luxury-diesel-heated-spray-booth\\\/#primaryimage\",\"url\":\"https:\\\/\\\/sprayboothmanufacturer.com\\\/wp-content\\\/uploads\\\/2026\\\/02\\\/30.png\",\"contentUrl\":\"https:\\\/\\\/sprayboothmanufacturer.com\\\/wp-content\\\/uploads\\\/2026\\\/02\\\/30.png\",\"width\":800,\"height\":800,\"caption\":\"Automotive Paint Booth\"},{\"@type\":\"BreadcrumbList\",\"@id\":\"https:\\\/\\\/sprayboothmanufacturer.com\\\/product\\\/7-5m-luxury-diesel-heated-spray-booth\\\/#breadcrumb\",\"itemListElement\":[{\"@type\":\"ListItem\",\"position\":1,\"name\":\"Home\",\"item\":\"https:\\\/\\\/sprayboothmanufacturer.com\\\/\"},{\"@type\":\"ListItem\",\"position\":2,\"name\":\"\u4ea7\u54c1\",\"item\":\"https:\\\/\\\/sprayboothmanufacturer.com\\\/shop__trashed\\\/\"},{\"@type\":\"ListItem\",\"position\":3,\"name\":\"ATK-75-DH-LUX 7.5m Luxury Diesel-Heated Spray Booth | Professional Automotive Repair &#038; Painting Equipment | Customizable | Factory Direct Supply\"}]},{\"@type\":\"WebSite\",\"@id\":\"https:\\\/\\\/sprayboothmanufacturer.com\\\/#website\",\"url\":\"https:\\\/\\\/sprayboothmanufacturer.com\\\/\",\"name\":\"Autoke-China Paint Booth Manufacturer\",\"description\":\"\",\"publisher\":{\"@id\":\"https:\\\/\\\/sprayboothmanufacturer.com\\\/#organization\"},\"potentialAction\":[{\"@type\":\"SearchAction\",\"target\":{\"@type\":\"EntryPoint\",\"urlTemplate\":\"https:\\\/\\\/sprayboothmanufacturer.com\\\/?s={search_term_string}\"},\"query-input\":{\"@type\":\"PropertyValueSpecification\",\"valueRequired\":true,\"valueName\":\"search_term_string\"}}],\"inLanguage\":\"fr-FR\"},{\"@type\":\"Organization\",\"@id\":\"https:\\\/\\\/sprayboothmanufacturer.com\\\/#organization\",\"name\":\"Autoke-China Paint Booth Manufacturer\",\"url\":\"https:\\\/\\\/sprayboothmanufacturer.com\\\/\",\"logo\":{\"@type\":\"ImageObject\",\"inLanguage\":\"fr-FR\",\"@id\":\"https:\\\/\\\/sprayboothmanufacturer.com\\\/#\\\/schema\\\/logo\\\/image\\\/\",\"url\":\"https:\\\/\\\/sprayboothmanufacturer.com\\\/wp-content\\\/uploads\\\/2025\\\/12\\\/\u5fae\u4fe1\u56fe\u7247_20260113195103_1750_4-scaled-e1768394147958.png\",\"contentUrl\":\"https:\\\/\\\/sprayboothmanufacturer.com\\\/wp-content\\\/uploads\\\/2025\\\/12\\\/\u5fae\u4fe1\u56fe\u7247_20260113195103_1750_4-scaled-e1768394147958.png\",\"width\":1740,\"height\":538,\"caption\":\"Autoke-China Paint Booth Manufacturer\"},\"image\":{\"@id\":\"https:\\\/\\\/sprayboothmanufacturer.com\\\/#\\\/schema\\\/logo\\\/image\\\/\"}}]}<\/script>\n<!-- \/ Yoast SEO plugin. -->","yoast_head_json":{"title":"ATK-75-DH-LUX cabine de pulv\u00e9risation de 7,5 m de luxe chauff\u00e9e au diesel | \u00c9quipement professionnel de r\u00e9paration et de peinture automobile | Personnalisable | Fourniture directe d'usine - Fabricant de cabines de peinture Autoke-China","robots":{"index":"index","follow":"follow","max-snippet":"max-snippet:-1","max-image-preview":"max-image-preview:large","max-video-preview":"max-video-preview:-1"},"canonical":"https:\/\/sprayboothmanufacturer.com\/fr\/product\/7-5m-luxury-diesel-heated-spray-booth\/","og_locale":"fr_FR","og_type":"article","og_title":"ATK-75-DH-LUX 7.5m Luxury Diesel-Heated Spray Booth | Professional Automotive Repair & Painting Equipment | Customizable | Factory Direct Supply - Autoke-China Paint Booth Manufacturer","og_description":"The ATK-75-DH-LUX is a high-efficiency, energy-saving diesel-heated spray booth designed for automotive repair centers, body shops, and industrial painting applications. Featuring rapid heat-up, intelligent controls, and a multi-stage filtration system, its robust construction supports customized configurations to enhance painting efficiency and workspace quality.","og_url":"https:\/\/sprayboothmanufacturer.com\/fr\/product\/7-5m-luxury-diesel-heated-spray-booth\/","og_site_name":"Autoke-China Paint Booth Manufacturer","article_modified_time":"2026-02-05T07:03:23+00:00","og_image":[{"width":800,"height":800,"url":"https:\/\/sprayboothmanufacturer.com\/wp-content\/uploads\/2026\/02\/30.png","type":"image\/png"}],"twitter_card":"summary_large_image","twitter_misc":{"Dur\u00e9e de lecture estim\u00e9e":"2 minutes"},"schema":{"@context":"https:\/\/schema.org","@graph":[{"@type":"WebPage","@id":"https:\/\/sprayboothmanufacturer.com\/product\/7-5m-luxury-diesel-heated-spray-booth\/","url":"https:\/\/sprayboothmanufacturer.com\/product\/7-5m-luxury-diesel-heated-spray-booth\/","name":"ATK-75-DH-LUX cabine de pulv\u00e9risation de 7,5 m de luxe chauff\u00e9e au diesel | \u00c9quipement professionnel de r\u00e9paration et de peinture automobile | Personnalisable | Fourniture directe d'usine - Fabricant de cabines de peinture Autoke-China","isPartOf":{"@id":"https:\/\/sprayboothmanufacturer.com\/#website"},"primaryImageOfPage":{"@id":"https:\/\/sprayboothmanufacturer.com\/product\/7-5m-luxury-diesel-heated-spray-booth\/#primaryimage"},"image":{"@id":"https:\/\/sprayboothmanufacturer.com\/product\/7-5m-luxury-diesel-heated-spray-booth\/#primaryimage"},"thumbnailUrl":"https:\/\/sprayboothmanufacturer.com\/wp-content\/uploads\/2026\/02\/30.png","datePublished":"2026-02-05T07:03:22+00:00","dateModified":"2026-02-05T07:03:23+00:00","breadcrumb":{"@id":"https:\/\/sprayboothmanufacturer.com\/product\/7-5m-luxury-diesel-heated-spray-booth\/#breadcrumb"},"inLanguage":"fr-FR","potentialAction":[{"@type":"ReadAction","target":["https:\/\/sprayboothmanufacturer.com\/product\/7-5m-luxury-diesel-heated-spray-booth\/"]}]},{"@type":"ImageObject","inLanguage":"fr-FR","@id":"https:\/\/sprayboothmanufacturer.com\/product\/7-5m-luxury-diesel-heated-spray-booth\/#primaryimage","url":"https:\/\/sprayboothmanufacturer.com\/wp-content\/uploads\/2026\/02\/30.png","contentUrl":"https:\/\/sprayboothmanufacturer.com\/wp-content\/uploads\/2026\/02\/30.png","width":800,"height":800,"caption":"Automotive Paint Booth"},{"@type":"BreadcrumbList","@id":"https:\/\/sprayboothmanufacturer.com\/product\/7-5m-luxury-diesel-heated-spray-booth\/#breadcrumb","itemListElement":[{"@type":"ListItem","position":1,"name":"Home","item":"https:\/\/sprayboothmanufacturer.com\/"},{"@type":"ListItem","position":2,"name":"\u4ea7\u54c1","item":"https:\/\/sprayboothmanufacturer.com\/shop__trashed\/"},{"@type":"ListItem","position":3,"name":"ATK-75-DH-LUX 7.5m Luxury Diesel-Heated Spray Booth | Professional Automotive Repair &#038; Painting Equipment | Customizable | Factory Direct Supply"}]},{"@type":"WebSite","@id":"https:\/\/sprayboothmanufacturer.com\/#website","url":"https:\/\/sprayboothmanufacturer.com\/","name":"Fabricant de cabines de peinture Autoke-Chine","description":"","publisher":{"@id":"https:\/\/sprayboothmanufacturer.com\/#organization"},"potentialAction":[{"@type":"SearchAction","target":{"@type":"EntryPoint","urlTemplate":"https:\/\/sprayboothmanufacturer.com\/?s={search_term_string}"},"query-input":{"@type":"PropertyValueSpecification","valueRequired":true,"valueName":"search_term_string"}}],"inLanguage":"fr-FR"},{"@type":"Organization","@id":"https:\/\/sprayboothmanufacturer.com\/#organization","name":"Fabricant de cabines de peinture Autoke-Chine","url":"https:\/\/sprayboothmanufacturer.com\/","logo":{"@type":"ImageObject","inLanguage":"fr-FR","@id":"https:\/\/sprayboothmanufacturer.com\/#\/schema\/logo\/image\/","url":"https:\/\/sprayboothmanufacturer.com\/wp-content\/uploads\/2025\/12\/\u5fae\u4fe1\u56fe\u7247_20260113195103_1750_4-scaled-e1768394147958.png","contentUrl":"https:\/\/sprayboothmanufacturer.com\/wp-content\/uploads\/2025\/12\/\u5fae\u4fe1\u56fe\u7247_20260113195103_1750_4-scaled-e1768394147958.png","width":1740,"height":538,"caption":"Autoke-China Paint Booth Manufacturer"},"image":{"@id":"https:\/\/sprayboothmanufacturer.com\/#\/schema\/logo\/image\/"}}]}},"_links":{"self":[{"href":"https:\/\/sprayboothmanufacturer.com\/fr\/wp-json\/wp\/v2\/product\/3239","targetHints":{"allow":["GET"]}}],"collection":[{"href":"https:\/\/sprayboothmanufacturer.com\/fr\/wp-json\/wp\/v2\/product"}],"about":[{"href":"https:\/\/sprayboothmanufacturer.com\/fr\/wp-json\/wp\/v2\/types\/product"}],"replies":[{"embeddable":true,"href":"https:\/\/sprayboothmanufacturer.com\/fr\/wp-json\/wp\/v2\/comments?post=3239"}],"version-history":[{"count":1,"href":"https:\/\/sprayboothmanufacturer.com\/fr\/wp-json\/wp\/v2\/product\/3239\/revisions"}],"predecessor-version":[{"id":3240,"href":"https:\/\/sprayboothmanufacturer.com\/fr\/wp-json\/wp\/v2\/product\/3239\/revisions\/3240"}],"wp:featuredmedia":[{"embeddable":true,"href":"https:\/\/sprayboothmanufacturer.com\/fr\/wp-json\/wp\/v2\/media\/3198"}],"wp:attachment":[{"href":"https:\/\/sprayboothmanufacturer.com\/fr\/wp-json\/wp\/v2\/media?parent=3239"}],"wp:term":[{"taxonomy":"product_brand","embeddable":true,"href":"https:\/\/sprayboothmanufacturer.com\/fr\/wp-json\/wp\/v2\/product_brand?post=3239"},{"taxonomy":"product_cat","embeddable":true,"href":"https:\/\/sprayboothmanufacturer.com\/fr\/wp-json\/wp\/v2\/product_cat?post=3239"},{"taxonomy":"product_tag","embeddable":true,"href":"https:\/\/sprayboothmanufacturer.com\/fr\/wp-json\/wp\/v2\/product_tag?post=3239"}],"curies":[{"name":"wp","href":"https:\/\/api.w.org\/{rel}","templated":true}]}}