{"id":3233,"date":"2026-02-05T03:05:05","date_gmt":"2026-02-05T03:05:05","guid":{"rendered":"https:\/\/sprayboothmanufacturer.com\/?post_type=product&#038;p=3233"},"modified":"2026-02-05T03:05:05","modified_gmt":"2026-02-05T03:05:05","slug":"8m-diesel-heating-spray-booth","status":"publish","type":"product","link":"https:\/\/sprayboothmanufacturer.com\/fr\/product\/8m-diesel-heating-spray-booth\/","title":{"rendered":"ATK-008D Cabine de pulv\u00e9risation \u00e9conomique de 8m avec chauffage au diesel | Br\u00fbleur RIELLO G20 | Co\u00fbt de fonctionnement contr\u00f4lable | Id\u00e9al pour la r\u00e9paration commerciale et la peinture en lot"},"content":{"rendered":"<table style=\"height: 229px;\" width=\"796\">\n<tbody>\n<tr>\n<td width=\"142\"><strong><b>Quantit\u00e9 minimale de commande :<\/b><\/strong><\/td>\n<td width=\"142\">1 pi\u00e8ce<\/td>\n<td width=\"142\"><strong><b>Prix :<\/b><\/strong><\/td>\n<td width=\"142\">\u00c0 n\u00e9gocier<\/td>\n<\/tr>\n<tr>\n<td width=\"142\"><strong><b>D\u00e9tails de l'emballage :<\/b><\/strong><\/td>\n<td width=\"142\">40GP ou 20GP\/unit\u00e9<\/td>\n<td width=\"142\"><strong><b>D\u00e9lai de livraison :<\/b><\/strong><\/td>\n<td width=\"142\">15 jours \u00e0 n\u00e9gocier<\/td>\n<\/tr>\n<tr>\n<td width=\"142\"><strong><b>Conditions de paiement :<\/b><\/strong><\/td>\n<td width=\"142\">L\/C, T\/T<\/td>\n<td width=\"142\"><strong><b>Capacit\u00e9 d'approvisionnement :<\/b><\/strong><\/td>\n<td width=\"142\">50 unit\u00e9(s) par mois, cabine de pulv\u00e9risation industrielle, cabine de pulv\u00e9risation bus<\/td>\n<\/tr>\n<tr>\n<td width=\"142\"><strong><b>Lieu d'origine :<\/b><\/strong><\/td>\n<td width=\"142\">Jiangsu, Chine<\/td>\n<td width=\"142\"><strong><b>Nom de la marque :<\/b><\/strong><\/td>\n<td width=\"142\">Autoke<\/td>\n<\/tr>\n<tr>\n<td width=\"142\"><strong><b>Certification :<\/b><\/strong><\/td>\n<td width=\"142\">CE<\/td>\n<td width=\"142\"><strong><b>Num\u00e9ro de mod\u00e8le :<\/b><\/strong><\/td>\n<td width=\"142\">ATK-008D<\/td>\n<\/tr>\n<\/tbody>\n<\/table>\n<p class=\"ds-markdown-paragraph\"><strong>ATK-008D | Cabine de pulv\u00e9risation de chauffage diesel de 8 m : Puissance de peinture fiable, durable et \u00e9conomique<\/strong><\/p>\n<p class=\"ds-markdown-paragraph\">\u00c0 une \u00e9poque o\u00f9 les co\u00fbts op\u00e9rationnels sont primordiaux, le ATK-008D offre un choix \u00e9nerg\u00e9tique plus intelligent. \u00c9vitant le chauffage \u00e9lectrique co\u00fbteux, il utilise un syst\u00e8me de chauffage diesel mature et \u00e9conomique, con\u00e7u pour les utilisateurs qui privil\u00e9gient les co\u00fbts de fonctionnement \u00e0 long terme et ont besoin d\u2019une source de chaleur stable pour une efficacit\u00e9 productive. Que ce soit pour la r\u00e9paration quotidienne de carrosserie automobile ou le rev\u00eatement en lot de pi\u00e8ces industrielles, le ATK-008D offre un environnement de peinture professionnel, fiable, \u00e0 un co\u00fbt \u00e9nerg\u00e9tique nettement inf\u00e9rieur.<\/p>\n<p class=\"ds-markdown-paragraph\"><strong>Valeur fondamentale : l\u2019\u00e9conomie et la fiabilit\u00e9 du chauffage au diesel<\/strong><\/p>\n<ol start=\"1\">\n<li>\n<p class=\"ds-markdown-paragraph\"><strong>Co\u00fbts d\u2019exploitation nettement inf\u00e9rieurs<\/strong>:<\/p>\n<ul>\n<li>\n<p class=\"ds-markdown-paragraph\">\u00c9quip\u00e9 d\u2019un\u00a0<strong>br\u00fbleur diesel RIELLO G20<\/strong>\u00a0de haute qualit\u00e9, avec une excellente efficacit\u00e9 thermique et une consommation de carburant \u00e9conomique. Dans les r\u00e9gions o\u00f9 le diesel est plus rentable que l\u2019\u00e9lectricit\u00e9, les \u00e9conomies \u00e0 long terme sont importantes.<\/p>\n<\/li>\n<li>\n<p class=\"ds-markdown-paragraph\">La consommation totale d\u2019\u00e9nergie n\u2019est que de 15KW (pour la ventilation et les contr\u00f4les), bien inf\u00e9rieure \u00e0 celle des mod\u00e8les \u00e9lectriques comparables (38KW), ce qui r\u00e9duit la demande sur le r\u00e9seau \u00e9lectrique de l\u2019atelier et diminue les co\u00fbts de mise \u00e0 niveau du c\u00e2blage initial.<\/p>\n<\/li>\n<\/ul>\n<\/li>\n<li>\n<p class=\"ds-markdown-paragraph\"><strong>Rapide, stable et adaptable<\/strong>:<\/p>\n<ul>\n<li>\n<p class=\"ds-markdown-paragraph\">R\u00e9chauffe la cabine \u00e0 40\u00b0C en 5-8 minutes, avec une temp\u00e9rature maximale de cuisson de 80\u00b0C, r\u00e9pondant aux exigences de durcissement de la plupart des peintures de r\u00e9paration.<\/p>\n<\/li>\n<li>\n<p class=\"ds-markdown-paragraph\">Insensible aux fluctuations du r\u00e9seau, ce qui en fait un choix fiable pour assurer la continuit\u00e9 de la production dans les zones o\u00f9 l\u2019\u00e9lectricit\u00e9 est instable ou limit\u00e9e.<\/p>\n<\/li>\n<\/ul>\n<\/li>\n<\/ol>\n<p class=\"ds-markdown-paragraph\"><strong>Construction robuste pour un service \u00e0 long terme<\/strong><\/p>\n<ul>\n<li>\n<p class=\"ds-markdown-paragraph\"><strong>Enceinte professionnelle<\/strong>: Panneaux composites en acier double couche de haute qualit\u00e9 avec une isolation en laine de roche r\u00e9sistante au feu \u00e0 haute densit\u00e9 (100KG\/m\u00b3) assurant une bonne r\u00e9tention thermique, une insonorisation et une s\u00e9curit\u00e9 incendie.<\/p>\n<\/li>\n<li>\n<p class=\"ds-markdown-paragraph\"><strong>Base renforc\u00e9e de portance<\/strong>: Plateforme en t\u00f4le d\u2019acier galvanis\u00e9 et assemblage de tubes carr\u00e9s avec trois rang\u00e9es de grilles anti-rouille, deux rang\u00e9es de planchers de marche et quatre jambes auxiliaires, supportant plus de 5 tonnes.<\/p>\n<\/li>\n<li>\n<p class=\"ds-markdown-paragraph\"><strong>Ventilation et purification efficaces<\/strong>: 2\u00d7ventilateurs centrifuges \u00e0 double admission de 4KW (25 000 m\u00b3\/h au total) et 1\u00d7ventilateur d\u2019\u00e9chappement de 5,5KW (19 000 m\u00b3\/h) fonctionnent en tandem pour \u00e9liminer rapidement les \u00e9claboussures. Un syst\u00e8me de filtration en trois \u00e9tapes assure un approvisionnement continu en air propre.<\/p>\n<\/li>\n<\/ul>\n<p class=\"ds-markdown-paragraph\"><strong>Contr\u00f4le Intelligent &amp; Design Facile \u00e0 Utiliser<\/strong><\/p>\n<ul>\n<li>\n<p class=\"ds-markdown-paragraph\"><strong>Syst\u00e8me de Contr\u00f4le Int\u00e9gr\u00e9<\/strong>: Le panneau intelligent centralise le contr\u00f4le de l\u2019\u00e9clairage, du mode de pulv\u00e9risation, du mode de cuisson, de la temp\u00e9rature, du minuteur et de l\u2019arr\u00eat d\u2019urgence.<\/p>\n<\/li>\n<li>\n<p class=\"ds-markdown-paragraph\"><strong>\u00c9clairage Abondant<\/strong>: 24 plafonniers LED de 18W et 8 appliques murales de 48W offrent une illumination uniforme et sans ombres.<\/p>\n<\/li>\n<li>\n<p class=\"ds-markdown-paragraph\"><strong>Disposition Flexible<\/strong>: La cabine de ventilation isol\u00e9e en laine de roche (1,1\u00d72,2m) peut \u00eatre plac\u00e9e \u00e0 gauche, \u00e0 droite ou \u00e0 l\u2019arri\u00e8re de l\u2019enceinte pour s\u2019adapter \u00e0 la configuration de l\u2019atelier.<\/p>\n<\/li>\n<\/ul>\n<p class=\"ds-markdown-paragraph\"><strong>Aper\u00e7u des sp\u00e9cifications techniques<\/strong><\/p>\n<ul>\n<li>\n<p class=\"ds-markdown-paragraph\"><strong>Mod\u00e8le<\/strong>: ATK-008D<\/p>\n<\/li>\n<li>\n<p class=\"ds-markdown-paragraph\"><strong>Taille de travail interne<\/strong>: 7900 (L) \u00d7 4200 (l) \u00d7 2800 (H) mm<\/p>\n<\/li>\n<li>\n<p class=\"ds-markdown-paragraph\"><strong>Syst\u00e8me de chauffage<\/strong>: Chauffage au Diesel (Br\u00fbleur RIELLO G20)<\/p>\n<\/li>\n<li>\n<p class=\"ds-markdown-paragraph\"><strong>Puissance Totale<\/strong>: 15 KW (Ventilation, \u00c9clairage, Contr\u00f4le)<\/p>\n<\/li>\n<li>\n<p class=\"ds-markdown-paragraph\"><strong>Emballage<\/strong>: ~19 CBM (1 unit\u00e9 tient dans un conteneur 20GP, 3 unit\u00e9s dans un conteneur 40HQ)<\/p>\n<\/li>\n<\/ul>\n<p class=\"ds-markdown-paragraph\"><strong>Applications id\u00e9ales<\/strong><\/p>\n<ul>\n<li>\n<p class=\"ds-markdown-paragraph\">Ateliers de r\u00e9paration automobile de taille moyenne, centres sp\u00e9cialis\u00e9s en carrosserie et peinture.<\/p>\n<\/li>\n<li>\n<p class=\"ds-markdown-paragraph\">D\u00e9p\u00f4ts de maintenance pour entreprises de logistique, flottes de bus, entreprises de construction.<\/p>\n<\/li>\n<li>\n<p class=\"ds-markdown-paragraph\">R\u00e9gions avec une infrastructure \u00e9lectrique faible, des co\u00fbts d\u2019\u00e9lectricit\u00e9 \u00e9lev\u00e9s ou une alimentation instable (par exemple, de nombreux pays en d\u00e9veloppement, zones mini\u00e8res, sites isol\u00e9s).<\/p>\n<\/li>\n<li>\n<p class=\"ds-markdown-paragraph\">Start-ups entrant dans le secteur de la peinture recherchant un investissement initial r\u00e9duit et des co\u00fbts d\u2019exploitation ma\u00eetrisables.<\/p>\n<\/li>\n<li>\n<p class=\"ds-markdown-paragraph\">Option de mise \u00e0 niveau pour les cabines de pulv\u00e9risation non chauff\u00e9es existantes afin d\u2019ajouter la fonctionnalit\u00e9 de cuisson.<\/p>\n<\/li>\n<\/ul>\n<p class=\"ds-markdown-paragraph\">L\u2019ATK-008D prouve que la peinture professionnelle ne doit pas n\u00e9cessairement d\u00e9pendre d\u2019une \u00e9lectricit\u00e9 co\u00fbteuse. C\u2019est un outil de productivit\u00e9 pragmatique et efficace. Notre \u00e9quipe technique peut \u00e9valuer la rentabilit\u00e9 du chauffage au diesel en fonction de la structure des co\u00fbts \u00e9nerg\u00e9tiques locales et fournir des conseils sur l\u2019installation et la planification de l\u2019\u00e9chappement.<\/p>","protected":false},"excerpt":{"rendered":"<p>Le ATK-008D est une cabine de pulv\u00e9risation de chauffage diesel de 8 m ax\u00e9e sur une grande rentabilit\u00e9 et un fonctionnement stable. \u00c9quip\u00e9 d\u2019un br\u00fbleur diesel RIELLO G20 efficace, il chauffe rapidement avec des co\u00fbts d\u2019exploitation nettement inf\u00e9rieurs \u00e0 ceux des mod\u00e8les \u00e9lectriques comparables. Sa construction robuste et sa ventilation fiable en font un choix id\u00e9al pour les ateliers de r\u00e9paration de taille moyenne, les centres de service de flotte et les utilisateurs dans des zones o\u00f9 l\u2019\u00e9lectricit\u00e9 est instable.<\/p>","protected":false},"featured_media":3189,"comment_status":"open","ping_status":"closed","template":"","meta":[],"product_brand":[76],"product_cat":[60,59],"product_tag":[75,74,79,73,89,63,72,66],"class_list":{"0":"post-3233","1":"product","2":"type-product","3":"status-publish","4":"has-post-thumbnail","6":"product_brand-autoke","7":"product_cat-car-spray-booth","8":"product_cat-spray-booth","9":"product_tag-8m-diesel-car-paint-booth","10":"product_tag-8m-electric-car-paint-booth","11":"product_tag-automotive-spray-booth","12":"product_tag-automotive-spray-booth-manufacturer","13":"product_tag-baking-oven-for-bus","14":"product_tag-car-spray-booth","15":"product_tag-car-spray-booth-factory","16":"product_tag-car-spray-booth-manufacturer","18":"first","19":"instock","20":"shipping-taxable","21":"product-type-simple"},"yoast_head":"<!-- This site is optimized with the Yoast SEO plugin v27.4 - https:\/\/yoast.com\/product\/yoast-seo-wordpress\/ -->\n<title>ATK-008D Economical 8m Diesel Heating Spray Booth | RIELLO G20 Burner | Controllable Running Cost | Ideal for Commercial Repair &amp; Batch Painting - Autoke-China Paint Booth Manufacturer<\/title>\n<meta name=\"robots\" content=\"index, follow, max-snippet:-1, max-image-preview:large, max-video-preview:-1\" \/>\n<link rel=\"canonical\" href=\"https:\/\/sprayboothmanufacturer.com\/fr\/product\/8m-diesel-heating-spray-booth\/\" \/>\n<meta property=\"og:locale\" content=\"fr_FR\" \/>\n<meta property=\"og:type\" content=\"article\" \/>\n<meta property=\"og:title\" content=\"ATK-008D Economical 8m Diesel Heating Spray Booth | RIELLO G20 Burner | Controllable Running Cost | Ideal for Commercial Repair &amp; Batch Painting - Autoke-China Paint Booth Manufacturer\" \/>\n<meta property=\"og:description\" content=\"The ATK-008D is an 8m diesel heating spray booth focused on high cost-effectiveness and stable operation. Equipped with an efficient RIELLO G20 diesel burner, it heats up quickly with running costs significantly lower than comparable electric models. Its robust construction and reliable ventilation make it ideal for medium-sized repair shops, fleet service centers, and users in areas with unstable electricity.\" \/>\n<meta property=\"og:url\" content=\"https:\/\/sprayboothmanufacturer.com\/fr\/product\/8m-diesel-heating-spray-booth\/\" \/>\n<meta property=\"og:site_name\" content=\"Autoke-China Paint Booth Manufacturer\" \/>\n<meta property=\"og:image\" content=\"https:\/\/sprayboothmanufacturer.com\/wp-content\/uploads\/2026\/02\/21.png\" \/>\n\t<meta property=\"og:image:width\" content=\"800\" \/>\n\t<meta property=\"og:image:height\" content=\"800\" \/>\n\t<meta property=\"og:image:type\" content=\"image\/png\" \/>\n<meta name=\"twitter:card\" content=\"summary_large_image\" \/>\n<meta name=\"twitter:label1\" content=\"Dur\u00e9e de lecture estim\u00e9e\" \/>\n\t<meta name=\"twitter:data1\" content=\"3 minutes\" \/>\n<script type=\"application\/ld+json\" class=\"yoast-schema-graph\">{\"@context\":\"https:\\\/\\\/schema.org\",\"@graph\":[{\"@type\":\"WebPage\",\"@id\":\"https:\\\/\\\/sprayboothmanufacturer.com\\\/product\\\/8m-diesel-heating-spray-booth\\\/\",\"url\":\"https:\\\/\\\/sprayboothmanufacturer.com\\\/product\\\/8m-diesel-heating-spray-booth\\\/\",\"name\":\"ATK-008D Economical 8m Diesel Heating Spray Booth | RIELLO G20 Burner | Controllable Running Cost | Ideal for Commercial Repair & Batch Painting - Autoke-China Paint Booth Manufacturer\",\"isPartOf\":{\"@id\":\"https:\\\/\\\/sprayboothmanufacturer.com\\\/#website\"},\"primaryImageOfPage\":{\"@id\":\"https:\\\/\\\/sprayboothmanufacturer.com\\\/product\\\/8m-diesel-heating-spray-booth\\\/#primaryimage\"},\"image\":{\"@id\":\"https:\\\/\\\/sprayboothmanufacturer.com\\\/product\\\/8m-diesel-heating-spray-booth\\\/#primaryimage\"},\"thumbnailUrl\":\"https:\\\/\\\/sprayboothmanufacturer.com\\\/wp-content\\\/uploads\\\/2026\\\/02\\\/21.png\",\"datePublished\":\"2026-02-05T03:05:05+00:00\",\"breadcrumb\":{\"@id\":\"https:\\\/\\\/sprayboothmanufacturer.com\\\/product\\\/8m-diesel-heating-spray-booth\\\/#breadcrumb\"},\"inLanguage\":\"fr-FR\",\"potentialAction\":[{\"@type\":\"ReadAction\",\"target\":[\"https:\\\/\\\/sprayboothmanufacturer.com\\\/product\\\/8m-diesel-heating-spray-booth\\\/\"]}]},{\"@type\":\"ImageObject\",\"inLanguage\":\"fr-FR\",\"@id\":\"https:\\\/\\\/sprayboothmanufacturer.com\\\/product\\\/8m-diesel-heating-spray-booth\\\/#primaryimage\",\"url\":\"https:\\\/\\\/sprayboothmanufacturer.com\\\/wp-content\\\/uploads\\\/2026\\\/02\\\/21.png\",\"contentUrl\":\"https:\\\/\\\/sprayboothmanufacturer.com\\\/wp-content\\\/uploads\\\/2026\\\/02\\\/21.png\",\"width\":800,\"height\":800},{\"@type\":\"BreadcrumbList\",\"@id\":\"https:\\\/\\\/sprayboothmanufacturer.com\\\/product\\\/8m-diesel-heating-spray-booth\\\/#breadcrumb\",\"itemListElement\":[{\"@type\":\"ListItem\",\"position\":1,\"name\":\"Home\",\"item\":\"https:\\\/\\\/sprayboothmanufacturer.com\\\/\"},{\"@type\":\"ListItem\",\"position\":2,\"name\":\"\u4ea7\u54c1\",\"item\":\"https:\\\/\\\/sprayboothmanufacturer.com\\\/shop__trashed\\\/\"},{\"@type\":\"ListItem\",\"position\":3,\"name\":\"ATK-008D Economical 8m Diesel Heating Spray Booth | RIELLO G20 Burner | Controllable Running Cost | Ideal for Commercial Repair &#038; Batch Painting\"}]},{\"@type\":\"WebSite\",\"@id\":\"https:\\\/\\\/sprayboothmanufacturer.com\\\/#website\",\"url\":\"https:\\\/\\\/sprayboothmanufacturer.com\\\/\",\"name\":\"Autoke-China Paint Booth Manufacturer\",\"description\":\"\",\"publisher\":{\"@id\":\"https:\\\/\\\/sprayboothmanufacturer.com\\\/#organization\"},\"potentialAction\":[{\"@type\":\"SearchAction\",\"target\":{\"@type\":\"EntryPoint\",\"urlTemplate\":\"https:\\\/\\\/sprayboothmanufacturer.com\\\/?s={search_term_string}\"},\"query-input\":{\"@type\":\"PropertyValueSpecification\",\"valueRequired\":true,\"valueName\":\"search_term_string\"}}],\"inLanguage\":\"fr-FR\"},{\"@type\":\"Organization\",\"@id\":\"https:\\\/\\\/sprayboothmanufacturer.com\\\/#organization\",\"name\":\"Autoke-China Paint Booth Manufacturer\",\"url\":\"https:\\\/\\\/sprayboothmanufacturer.com\\\/\",\"logo\":{\"@type\":\"ImageObject\",\"inLanguage\":\"fr-FR\",\"@id\":\"https:\\\/\\\/sprayboothmanufacturer.com\\\/#\\\/schema\\\/logo\\\/image\\\/\",\"url\":\"https:\\\/\\\/sprayboothmanufacturer.com\\\/wp-content\\\/uploads\\\/2025\\\/12\\\/\u5fae\u4fe1\u56fe\u7247_20260113195103_1750_4-scaled-e1768394147958.png\",\"contentUrl\":\"https:\\\/\\\/sprayboothmanufacturer.com\\\/wp-content\\\/uploads\\\/2025\\\/12\\\/\u5fae\u4fe1\u56fe\u7247_20260113195103_1750_4-scaled-e1768394147958.png\",\"width\":1740,\"height\":538,\"caption\":\"Autoke-China Paint Booth Manufacturer\"},\"image\":{\"@id\":\"https:\\\/\\\/sprayboothmanufacturer.com\\\/#\\\/schema\\\/logo\\\/image\\\/\"}}]}<\/script>\n<!-- \/ Yoast SEO plugin. -->","yoast_head_json":{"title":"Cabine de pulv\u00e9risation \u00e9conomique ATK-008D avec chauffage au diesel de 8m | Br\u00fbleur RIELLO G20 | Co\u00fbt de fonctionnement contr\u00f4lable | Id\u00e9al pour la r\u00e9paration commerciale et la peinture en lot - Fabricant de cabines de peinture Autoke-France","robots":{"index":"index","follow":"follow","max-snippet":"max-snippet:-1","max-image-preview":"max-image-preview:large","max-video-preview":"max-video-preview:-1"},"canonical":"https:\/\/sprayboothmanufacturer.com\/fr\/product\/8m-diesel-heating-spray-booth\/","og_locale":"fr_FR","og_type":"article","og_title":"ATK-008D Economical 8m Diesel Heating Spray Booth | RIELLO G20 Burner | Controllable Running Cost | Ideal for Commercial Repair & Batch Painting - Autoke-China Paint Booth Manufacturer","og_description":"The ATK-008D is an 8m diesel heating spray booth focused on high cost-effectiveness and stable operation. Equipped with an efficient RIELLO G20 diesel burner, it heats up quickly with running costs significantly lower than comparable electric models. Its robust construction and reliable ventilation make it ideal for medium-sized repair shops, fleet service centers, and users in areas with unstable electricity.","og_url":"https:\/\/sprayboothmanufacturer.com\/fr\/product\/8m-diesel-heating-spray-booth\/","og_site_name":"Autoke-China Paint Booth Manufacturer","og_image":[{"width":800,"height":800,"url":"https:\/\/sprayboothmanufacturer.com\/wp-content\/uploads\/2026\/02\/21.png","type":"image\/png"}],"twitter_card":"summary_large_image","twitter_misc":{"Dur\u00e9e de lecture estim\u00e9e":"3 minutes"},"schema":{"@context":"https:\/\/schema.org","@graph":[{"@type":"WebPage","@id":"https:\/\/sprayboothmanufacturer.com\/product\/8m-diesel-heating-spray-booth\/","url":"https:\/\/sprayboothmanufacturer.com\/product\/8m-diesel-heating-spray-booth\/","name":"Cabine de pulv\u00e9risation \u00e9conomique ATK-008D avec chauffage au diesel de 8m | Br\u00fbleur RIELLO G20 | Co\u00fbt de fonctionnement contr\u00f4lable | Id\u00e9al pour la r\u00e9paration commerciale et la peinture en lot - Fabricant de cabines de peinture Autoke-France","isPartOf":{"@id":"https:\/\/sprayboothmanufacturer.com\/#website"},"primaryImageOfPage":{"@id":"https:\/\/sprayboothmanufacturer.com\/product\/8m-diesel-heating-spray-booth\/#primaryimage"},"image":{"@id":"https:\/\/sprayboothmanufacturer.com\/product\/8m-diesel-heating-spray-booth\/#primaryimage"},"thumbnailUrl":"https:\/\/sprayboothmanufacturer.com\/wp-content\/uploads\/2026\/02\/21.png","datePublished":"2026-02-05T03:05:05+00:00","breadcrumb":{"@id":"https:\/\/sprayboothmanufacturer.com\/product\/8m-diesel-heating-spray-booth\/#breadcrumb"},"inLanguage":"fr-FR","potentialAction":[{"@type":"ReadAction","target":["https:\/\/sprayboothmanufacturer.com\/product\/8m-diesel-heating-spray-booth\/"]}]},{"@type":"ImageObject","inLanguage":"fr-FR","@id":"https:\/\/sprayboothmanufacturer.com\/product\/8m-diesel-heating-spray-booth\/#primaryimage","url":"https:\/\/sprayboothmanufacturer.com\/wp-content\/uploads\/2026\/02\/21.png","contentUrl":"https:\/\/sprayboothmanufacturer.com\/wp-content\/uploads\/2026\/02\/21.png","width":800,"height":800},{"@type":"BreadcrumbList","@id":"https:\/\/sprayboothmanufacturer.com\/product\/8m-diesel-heating-spray-booth\/#breadcrumb","itemListElement":[{"@type":"ListItem","position":1,"name":"Home","item":"https:\/\/sprayboothmanufacturer.com\/"},{"@type":"ListItem","position":2,"name":"\u4ea7\u54c1","item":"https:\/\/sprayboothmanufacturer.com\/shop__trashed\/"},{"@type":"ListItem","position":3,"name":"ATK-008D Economical 8m Diesel Heating Spray Booth | RIELLO G20 Burner | Controllable Running Cost | Ideal for Commercial Repair &#038; Batch Painting"}]},{"@type":"WebSite","@id":"https:\/\/sprayboothmanufacturer.com\/#website","url":"https:\/\/sprayboothmanufacturer.com\/","name":"Fabricant de cabines de peinture Autoke-Chine","description":"","publisher":{"@id":"https:\/\/sprayboothmanufacturer.com\/#organization"},"potentialAction":[{"@type":"SearchAction","target":{"@type":"EntryPoint","urlTemplate":"https:\/\/sprayboothmanufacturer.com\/?s={search_term_string}"},"query-input":{"@type":"PropertyValueSpecification","valueRequired":true,"valueName":"search_term_string"}}],"inLanguage":"fr-FR"},{"@type":"Organization","@id":"https:\/\/sprayboothmanufacturer.com\/#organization","name":"Fabricant de cabines de peinture Autoke-Chine","url":"https:\/\/sprayboothmanufacturer.com\/","logo":{"@type":"ImageObject","inLanguage":"fr-FR","@id":"https:\/\/sprayboothmanufacturer.com\/#\/schema\/logo\/image\/","url":"https:\/\/sprayboothmanufacturer.com\/wp-content\/uploads\/2025\/12\/\u5fae\u4fe1\u56fe\u7247_20260113195103_1750_4-scaled-e1768394147958.png","contentUrl":"https:\/\/sprayboothmanufacturer.com\/wp-content\/uploads\/2025\/12\/\u5fae\u4fe1\u56fe\u7247_20260113195103_1750_4-scaled-e1768394147958.png","width":1740,"height":538,"caption":"Autoke-China Paint Booth Manufacturer"},"image":{"@id":"https:\/\/sprayboothmanufacturer.com\/#\/schema\/logo\/image\/"}}]}},"_links":{"self":[{"href":"https:\/\/sprayboothmanufacturer.com\/fr\/wp-json\/wp\/v2\/product\/3233","targetHints":{"allow":["GET"]}}],"collection":[{"href":"https:\/\/sprayboothmanufacturer.com\/fr\/wp-json\/wp\/v2\/product"}],"about":[{"href":"https:\/\/sprayboothmanufacturer.com\/fr\/wp-json\/wp\/v2\/types\/product"}],"replies":[{"embeddable":true,"href":"https:\/\/sprayboothmanufacturer.com\/fr\/wp-json\/wp\/v2\/comments?post=3233"}],"version-history":[{"count":1,"href":"https:\/\/sprayboothmanufacturer.com\/fr\/wp-json\/wp\/v2\/product\/3233\/revisions"}],"predecessor-version":[{"id":3234,"href":"https:\/\/sprayboothmanufacturer.com\/fr\/wp-json\/wp\/v2\/product\/3233\/revisions\/3234"}],"wp:featuredmedia":[{"embeddable":true,"href":"https:\/\/sprayboothmanufacturer.com\/fr\/wp-json\/wp\/v2\/media\/3189"}],"wp:attachment":[{"href":"https:\/\/sprayboothmanufacturer.com\/fr\/wp-json\/wp\/v2\/media?parent=3233"}],"wp:term":[{"taxonomy":"product_brand","embeddable":true,"href":"https:\/\/sprayboothmanufacturer.com\/fr\/wp-json\/wp\/v2\/product_brand?post=3233"},{"taxonomy":"product_cat","embeddable":true,"href":"https:\/\/sprayboothmanufacturer.com\/fr\/wp-json\/wp\/v2\/product_cat?post=3233"},{"taxonomy":"product_tag","embeddable":true,"href":"https:\/\/sprayboothmanufacturer.com\/fr\/wp-json\/wp\/v2\/product_tag?post=3233"}],"curies":[{"name":"wp","href":"https:\/\/api.w.org\/{rel}","templated":true}]}}