{"id":3231,"date":"2026-02-05T02:43:55","date_gmt":"2026-02-05T02:43:55","guid":{"rendered":"https:\/\/sprayboothmanufacturer.com\/?post_type=product&#038;p=3231"},"modified":"2026-02-05T02:43:55","modified_gmt":"2026-02-05T02:43:55","slug":"8m-dual-mode-professional-spray-booth","status":"publish","type":"product","link":"https:\/\/sprayboothmanufacturer.com\/fr\/product\/8m-dual-mode-professional-spray-booth\/","title":{"rendered":"ATK-008DE-PRO Cabine de pulv\u00e9risation professionnelle industrielle de 8m \u00e0 double mode | Chauffage \u00e9lectrique \u00e0 infrarouge lointain Quantum + Gaz | Solution de finition de qualit\u00e9 sup\u00e9rieure"},"content":{"rendered":"<table style=\"height: 244px;\" width=\"817\">\n<tbody>\n<tr>\n<td width=\"142\"><strong><b>Quantit\u00e9 minimale de commande :<\/b><\/strong><\/td>\n<td width=\"142\">1 pi\u00e8ce<\/td>\n<td width=\"142\"><strong><b>Prix :<\/b><\/strong><\/td>\n<td width=\"142\">\u00c0 n\u00e9gocier<\/td>\n<\/tr>\n<tr>\n<td width=\"142\"><strong><b>D\u00e9tails de l'emballage :<\/b><\/strong><\/td>\n<td width=\"142\">40GP ou 20GP\/unit\u00e9<\/td>\n<td width=\"142\"><strong><b>D\u00e9lai de livraison :<\/b><\/strong><\/td>\n<td width=\"142\">15 jours \u00e0 n\u00e9gocier<\/td>\n<\/tr>\n<tr>\n<td width=\"142\"><strong><b>Conditions de paiement :<\/b><\/strong><\/td>\n<td width=\"142\">L\/C, T\/T<\/td>\n<td width=\"142\"><strong><b>Capacit\u00e9 d'approvisionnement :<\/b><\/strong><\/td>\n<td width=\"142\">50 unit\u00e9(s) par mois, cabine de pulv\u00e9risation industrielle, cabine de pulv\u00e9risation bus<\/td>\n<\/tr>\n<tr>\n<td width=\"142\"><strong><b>Lieu d'origine :<\/b><\/strong><\/td>\n<td width=\"142\">Jiangsu, Chine<\/td>\n<td width=\"142\"><strong><b>Nom de la marque :<\/b><\/strong><\/td>\n<td width=\"142\">Autoke<\/td>\n<\/tr>\n<tr>\n<td width=\"142\"><strong><b>Certification :<\/b><\/strong><\/td>\n<td width=\"142\">CE<\/td>\n<td width=\"142\"><strong><b>Num\u00e9ro de mod\u00e8le :<\/b><\/strong><\/td>\n<td width=\"142\">ATK-008DE-PRO<\/td>\n<\/tr>\n<\/tbody>\n<\/table>\n<p class=\"ds-markdown-paragraph\"><strong>ATK-008DE-PRO | Cabine de pulv\u00e9risation professionnelle \u00e0 double mode de 8 m : contr\u00f4le ultime de la strat\u00e9gie \u00e9nerg\u00e9tique et de la qualit\u00e9 de finition<\/strong><\/p>\n<p class=\"ds-markdown-paragraph\">Dans l'industrie de la peinture, atteindre un contr\u00f4le absolu des co\u00fbts \u00e9nerg\u00e9tiques tout en recherchant la meilleure qualit\u00e9 de finition repr\u00e9sente souvent un d\u00e9fi important. Le ATK-008DE-PRO est la r\u00e9ponse. Ce n'est pas seulement une cabine de pulv\u00e9risation ; c'est une\u00a0<strong>solution de peinture strat\u00e9gique<\/strong>. En int\u00e9grant un chauffage au gaz \u00e9conomique avec un chauffage \u00e9lectrique \u00e0 infrarouge lointain quantique efficace et pr\u00e9cis, nous vous proposons un syst\u00e8me \u201c \u00e0 double cl\u00e9 \u201d pour naviguer dans divers march\u00e9s \u00e9nerg\u00e9tiques et conqu\u00e9rir diff\u00e9rents processus de rev\u00eatement, assurant votre r\u00e9silience dans un environnement commercial dynamique.<\/p>\n<p class=\"ds-markdown-paragraph\"><strong>Proposition de valeur principale : l'avantage r\u00e9volutionnaire des syst\u00e8mes doubles<\/strong><\/p>\n<ol start=\"1\">\n<li>\n<p class=\"ds-markdown-paragraph\"><strong>Kit d'outils pour la gestion strat\u00e9gique des co\u00fbts \u00e9nerg\u00e9tiques<\/strong>:<\/p>\n<ul>\n<li>\n<p class=\"ds-markdown-paragraph\"><strong>Mode Gaz (Br\u00fbleur RIELLO G20)<\/strong>: votre solution pour des op\u00e9rations de cuisson \u00e0 grande \u00e9chelle ou prolong\u00e9es, lorsque les prix du gaz naturel ou du GPL sont favorables.<\/p>\n<\/li>\n<li>\n<p class=\"ds-markdown-paragraph\"><strong>Mode \u00e9lectrique \u00e0 infrarouge lointain quantique<\/strong>: affiche une efficacit\u00e9 de conversion thermique sup\u00e9rieure \u00e0 90% et une dur\u00e9e de vie exceptionnelle (&gt;80 000 heures). Id\u00e9al pour les travaux de pr\u00e9cision n\u00e9cessitant un chauffage rapide et uniforme ou pour utiliser les tarifs d'\u00e9lectricit\u00e9 hors pointe, maximisant ainsi l'efficacit\u00e9 \u00e9nerg\u00e9tique et la qualit\u00e9 de finition.<\/p>\n<\/li>\n<li>\n<p class=\"ds-markdown-paragraph\"><strong>Commutation intelligente pour un co\u00fbt optimal<\/strong>: choisissez ou combinez de mani\u00e8re flexible les modes de chauffage en fonction des prix de l'\u00e9nergie en temps r\u00e9el, de l'urgence du travail et des sp\u00e9cifications du rev\u00eatement pour minimiser les co\u00fbts op\u00e9rationnels par projet.<\/p>\n<\/li>\n<\/ul>\n<\/li>\n<li>\n<p class=\"ds-markdown-paragraph\"><strong>Moteur pour une avanc\u00e9e en qualit\u00e9 de finition<\/strong>:<\/p>\n<ul>\n<li>\n<p class=\"ds-markdown-paragraph\"><strong>\u00c9liminer les d\u00e9fauts<\/strong>: le rayonnement infrarouge lointain chauffe directement et uniform\u00e9ment les mol\u00e9cules de rev\u00eatement,\u00a0<strong>r\u00e9duisant consid\u00e9rablement les d\u00e9fauts courants<\/strong>\u00a0tels que les bulles, les trous d'\u00e9pingle et la peau d'orange.<\/p>\n<\/li>\n<li>\n<p class=\"ds-markdown-paragraph\"><strong>Performance am\u00e9lior\u00e9e<\/strong>: Favorise un r\u00e9ticulation plus compl\u00e8te, am\u00e9liorant la r\u00e9sistance du film\u00a0<strong>duret\u00e9, adh\u00e9rence, brillance et durabilit\u00e9<\/strong>\u00a0pour r\u00e9pondre aux normes OEM ou sup\u00e9rieures.<\/p>\n<\/li>\n<li>\n<p class=\"ds-markdown-paragraph\"><strong>Grande adaptabilit\u00e9 du processus<\/strong>: Une large plage de temp\u00e9rature de 0 \u00e0 150\u00b0C g\u00e8re tout, du durcissement doux des pi\u00e8ces en plastique au s\u00e9chage rapide des rev\u00eatements lourds, adapt\u00e9 \u00e0 la r\u00e9paration de voitures de luxe ou \u00e0 la peinture de v\u00e9hicules commerciaux\/industriels.<\/p>\n<\/li>\n<\/ul>\n<\/li>\n<\/ol>\n<p class=\"ds-markdown-paragraph\"><strong>Mat\u00e9riel de premier ordre con\u00e7u pour les professionnels<\/strong><\/p>\n<ul>\n<li>\n<p class=\"ds-markdown-paragraph\"><strong>Structure ultra-rigide et stable<\/strong>:<\/p>\n<ul>\n<li>\n<p class=\"ds-markdown-paragraph\"><strong>Murs de 75 mm de qualit\u00e9 sup\u00e9rieure<\/strong>: Des panneaux composites de 75 mm d'\u00e9paisseur avec acier color\u00e9 \u00e0 double couche et laine de roche \u00e0 haute densit\u00e9 (100KG\/m\u00b3) offrent une isolation, une insonorisation et une r\u00e9sistance au feu de premier ordre pour un environnement int\u00e9rieur exceptionnellement stable.<\/p>\n<\/li>\n<li>\n<p class=\"ds-markdown-paragraph\"><strong>Sous-sol Renforc\u00e9 \u00e0 Cinq Rang\u00e9es<\/strong>: Cinq rang\u00e9es de grilles en acier galvanis\u00e9 augmentent la surface portante de plus de 60%. Associ\u00e9 \u00e0 quatre jambes auxiliaires, cela cr\u00e9e une plateforme ultra-stable capable de supporter plus de 5 tonnes, con\u00e7ue pour les v\u00e9hicules lourds.<\/p>\n<\/li>\n<\/ul>\n<\/li>\n<li>\n<p class=\"ds-markdown-paragraph\"><strong>Alimentation efficace, silencieuse et durable<\/strong>:<\/p>\n<ul>\n<li>\n<p class=\"ds-markdown-paragraph\"><strong>Syst\u00e8me de ventilateurs \u00e0 noyau en cuivre complet<\/strong>: Les composants de ventilation principaux disposent de moteurs en cuivre de la marque \u201cJiangsu Hengkang\u201d, offrant un fonctionnement plus silencieux, une efficacit\u00e9 sup\u00e9rieure et une dur\u00e9e de vie plus longue par rapport aux moteurs standard \u2014 la base d'une performance fiable et continue.<\/p>\n<\/li>\n<\/ul>\n<\/li>\n<li>\n<p class=\"ds-markdown-paragraph\"><strong>Contr\u00f4le complet &amp; environnement<\/strong>:<\/p>\n<ul>\n<li>\n<p class=\"ds-markdown-paragraph\">Une commande intelligente int\u00e9gr\u00e9e permet une programmation et une gestion ind\u00e9pendantes des deux syst\u00e8mes de chauffage pour des profils de temp\u00e9rature-temps complexes.<\/p>\n<\/li>\n<li>\n<p class=\"ds-markdown-paragraph\">Un syst\u00e8me de filtration complet en trois \u00e9tapes prot\u00e8ge l'espace de travail propre et sans poussi\u00e8re.<\/p>\n<\/li>\n<li>\n<p class=\"ds-markdown-paragraph\">Une illumination LED abondante garantit un \u00e9clairage sans ombre.<\/p>\n<\/li>\n<\/ul>\n<\/li>\n<\/ul>\n<p class=\"ds-markdown-paragraph\"><strong>Aper\u00e7u des sp\u00e9cifications techniques<\/strong><\/p>\n<ul>\n<li>\n<p class=\"ds-markdown-paragraph\"><strong>Mod\u00e8le<\/strong>: ATK-008DE-PRO<\/p>\n<\/li>\n<li>\n<p class=\"ds-markdown-paragraph\"><strong>Taille de travail interne<\/strong>: 7900 (L) \u00d7 4200 (l) \u00d7 2800 (H) mm<\/p>\n<\/li>\n<li>\n<p class=\"ds-markdown-paragraph\"><strong>Syst\u00e8me de chauffage<\/strong>: Chauffage au gaz (RIELLO G20) + Chauffage \u00e9lectrique \u00e0 infrarouge lointain Quantum (3KW\/unit\u00e9, haute efficacit\u00e9)<\/p>\n<\/li>\n<li>\n<p class=\"ds-markdown-paragraph\"><strong>Structure du mur<\/strong>: Panneau composite en acier color\u00e9 \u00e0 double couche de 75 mm avec laine de roche<\/p>\n<\/li>\n<li>\n<p class=\"ds-markdown-paragraph\"><strong>Syst\u00e8me de ventilation<\/strong>: Ventilateurs de moteurs en cuivre int\u00e9gral Jiangsu Hengkang (Alimentation 2\u00d74KW, \u00c9chappement 1\u00d75,5KW)<\/p>\n<\/li>\n<li>\n<p class=\"ds-markdown-paragraph\"><strong>Sous-sol<\/strong>: Grilles en acier galvanis\u00e9 \u00e0 cinq rang\u00e9es avec 4 jambes de renfort<\/p>\n<\/li>\n<\/ul>\n<p class=\"ds-markdown-paragraph\"><strong>Pour qui est con\u00e7u l'ATK-008DE-PRO ?<\/strong><\/p>\n<ul>\n<li>\n<p class=\"ds-markdown-paragraph\">Centres de marques automobiles haut de gamme, ateliers de personnalisation et de restauration de voitures de luxe.<\/p>\n<\/li>\n<li>\n<p class=\"ds-markdown-paragraph\">Installations de maintenance principales pour de grandes flottes logistiques, soci\u00e9t\u00e9s de transport public et \u00e9quipements de soutien au sol a\u00e9roportuaire.<\/p>\n<\/li>\n<li>\n<p class=\"ds-markdown-paragraph\">Fabricants et grandes usines de r\u00e9novation pour v\u00e9hicules de construction, agricoles et sp\u00e9ciaux.<\/p>\n<\/li>\n<li>\n<p class=\"ds-markdown-paragraph\">Services de peinture professionnels n\u00e9cessitant des finitions de qualit\u00e9 militaire ou certifi\u00e9es pour l'exportation.<\/p>\n<\/li>\n<li>\n<p class=\"ds-markdown-paragraph\">Les leaders de l'industrie investissent dans une technologie anticipant la prochaine d\u00e9cennie pour construire un avantage concurrentiel cl\u00e9.<\/p>\n<\/li>\n<\/ul>\n<p class=\"ds-markdown-paragraph\">L'ATK-008DE-PRO repr\u00e9sente une compr\u00e9hension approfondie et une approche innovante des op\u00e9rations de peinture. Nous vous invitons \u00e0 planifier une consultation avec nos ing\u00e9nieurs applicateurs pour quantifier la valeur \u00e0 long terme et le retour sur investissement de cette solution \u00e0 double syst\u00e8me pour votre contexte commercial sp\u00e9cifique.<\/p>","protected":false},"excerpt":{"rendered":"<p>Le ATK-008DE-PRO est une cabine de pulv\u00e9risation haut de gamme qui combine le chauffage au gaz traditionnel avec une technologie \u00e9lectrique \u00e0 infrarouge lointain quantique de pointe. Son design \u00e0 double syst\u00e8me offre une flexibilit\u00e9 \u00e9nerg\u00e9tique et un contr\u00f4le du processus in\u00e9gal\u00e9s, associ\u00e9 \u00e0 une isolation ultra-\u00e9paisse de 75 mm et des ventilateurs \u00e0 noyau en cuivre. Il est con\u00e7u pour des clients haut de gamme qui exigent une qualit\u00e9 de finition exceptionnelle et une fiabilit\u00e9 op\u00e9rationnelle \u00e0 long terme.<\/p>","protected":false},"featured_media":3117,"comment_status":"open","ping_status":"closed","template":"","meta":[],"product_brand":[],"product_cat":[60,59],"product_tag":[75,74,79,73,91,63,72,69,68],"class_list":{"0":"post-3231","1":"product","2":"type-product","3":"status-publish","4":"has-post-thumbnail","6":"product_cat-car-spray-booth","7":"product_cat-spray-booth","8":"product_tag-8m-diesel-car-paint-booth","9":"product_tag-8m-electric-car-paint-booth","10":"product_tag-automotive-spray-booth","11":"product_tag-automotive-spray-booth-manufacturer","12":"product_tag-bus-paint-baking-oven","13":"product_tag-car-spray-booth","14":"product_tag-car-spray-booth-factory","15":"product_tag-ce-car-spray-booth","16":"product_tag-customized-car-spray-booth","18":"first","19":"instock","20":"shipping-taxable","21":"product-type-simple"},"yoast_head":"<!-- This site is optimized with the Yoast SEO plugin v27.4 - https:\/\/yoast.com\/product\/yoast-seo-wordpress\/ -->\n<title>ATK-008DE-PRO Industrial 8m Dual-Mode Professional Spray Booth | Gas + Quantum Far-Infrared Electric Heating | Premium Finish Quality Solution - Autoke-China Paint Booth Manufacturer<\/title>\n<meta name=\"robots\" content=\"index, follow, max-snippet:-1, max-image-preview:large, max-video-preview:-1\" \/>\n<link rel=\"canonical\" href=\"https:\/\/sprayboothmanufacturer.com\/fr\/product\/8m-dual-mode-professional-spray-booth\/\" \/>\n<meta property=\"og:locale\" content=\"fr_FR\" \/>\n<meta property=\"og:type\" content=\"article\" \/>\n<meta property=\"og:title\" content=\"ATK-008DE-PRO Industrial 8m Dual-Mode Professional Spray Booth | Gas + Quantum Far-Infrared Electric Heating | Premium Finish Quality Solution - Autoke-China Paint Booth Manufacturer\" \/>\n<meta property=\"og:description\" content=\"The ATK-008DE-PRO is a premium spray booth that merges traditional gas heating with cutting-edge quantum far-infrared electric technology. Its dual-system design offers unparalleled energy flexibility and process control, coupled with 75mm ultra-thick insulation and all-copper-core fans. It is crafted for high-end clients who demand exceptional finish quality and long-term operational reliability.\" \/>\n<meta property=\"og:url\" content=\"https:\/\/sprayboothmanufacturer.com\/fr\/product\/8m-dual-mode-professional-spray-booth\/\" \/>\n<meta property=\"og:site_name\" content=\"Autoke-China Paint Booth Manufacturer\" \/>\n<meta property=\"og:image\" content=\"https:\/\/sprayboothmanufacturer.com\/wp-content\/uploads\/2026\/01\/\u70e4\u6f06\u623f\u5b89\u88c5\u6d41\u7a0b\u56fe\u7eb8\u53ca\u6587\u5b57-\u4e1c\u59271886.png\" \/>\n\t<meta property=\"og:image:width\" content=\"553\" \/>\n\t<meta property=\"og:image:height\" content=\"316\" \/>\n\t<meta property=\"og:image:type\" content=\"image\/png\" \/>\n<meta name=\"twitter:card\" content=\"summary_large_image\" \/>\n<meta name=\"twitter:label1\" content=\"Dur\u00e9e de lecture estim\u00e9e\" \/>\n\t<meta name=\"twitter:data1\" content=\"3 minutes\" \/>\n<script type=\"application\/ld+json\" class=\"yoast-schema-graph\">{\"@context\":\"https:\\\/\\\/schema.org\",\"@graph\":[{\"@type\":\"WebPage\",\"@id\":\"https:\\\/\\\/sprayboothmanufacturer.com\\\/product\\\/8m-dual-mode-professional-spray-booth\\\/\",\"url\":\"https:\\\/\\\/sprayboothmanufacturer.com\\\/product\\\/8m-dual-mode-professional-spray-booth\\\/\",\"name\":\"ATK-008DE-PRO Industrial 8m Dual-Mode Professional Spray Booth | Gas + Quantum Far-Infrared Electric Heating | Premium Finish Quality Solution - Autoke-China Paint Booth Manufacturer\",\"isPartOf\":{\"@id\":\"https:\\\/\\\/sprayboothmanufacturer.com\\\/#website\"},\"primaryImageOfPage\":{\"@id\":\"https:\\\/\\\/sprayboothmanufacturer.com\\\/product\\\/8m-dual-mode-professional-spray-booth\\\/#primaryimage\"},\"image\":{\"@id\":\"https:\\\/\\\/sprayboothmanufacturer.com\\\/product\\\/8m-dual-mode-professional-spray-booth\\\/#primaryimage\"},\"thumbnailUrl\":\"https:\\\/\\\/sprayboothmanufacturer.com\\\/wp-content\\\/uploads\\\/2026\\\/01\\\/\u70e4\u6f06\u623f\u5b89\u88c5\u6d41\u7a0b\u56fe\u7eb8\u53ca\u6587\u5b57-\u4e1c\u59271886.png\",\"datePublished\":\"2026-02-05T02:43:55+00:00\",\"breadcrumb\":{\"@id\":\"https:\\\/\\\/sprayboothmanufacturer.com\\\/product\\\/8m-dual-mode-professional-spray-booth\\\/#breadcrumb\"},\"inLanguage\":\"fr-FR\",\"potentialAction\":[{\"@type\":\"ReadAction\",\"target\":[\"https:\\\/\\\/sprayboothmanufacturer.com\\\/product\\\/8m-dual-mode-professional-spray-booth\\\/\"]}]},{\"@type\":\"ImageObject\",\"inLanguage\":\"fr-FR\",\"@id\":\"https:\\\/\\\/sprayboothmanufacturer.com\\\/product\\\/8m-dual-mode-professional-spray-booth\\\/#primaryimage\",\"url\":\"https:\\\/\\\/sprayboothmanufacturer.com\\\/wp-content\\\/uploads\\\/2026\\\/01\\\/\u70e4\u6f06\u623f\u5b89\u88c5\u6d41\u7a0b\u56fe\u7eb8\u53ca\u6587\u5b57-\u4e1c\u59271886.png\",\"contentUrl\":\"https:\\\/\\\/sprayboothmanufacturer.com\\\/wp-content\\\/uploads\\\/2026\\\/01\\\/\u70e4\u6f06\u623f\u5b89\u88c5\u6d41\u7a0b\u56fe\u7eb8\u53ca\u6587\u5b57-\u4e1c\u59271886.png\",\"width\":553,\"height\":316},{\"@type\":\"BreadcrumbList\",\"@id\":\"https:\\\/\\\/sprayboothmanufacturer.com\\\/product\\\/8m-dual-mode-professional-spray-booth\\\/#breadcrumb\",\"itemListElement\":[{\"@type\":\"ListItem\",\"position\":1,\"name\":\"Home\",\"item\":\"https:\\\/\\\/sprayboothmanufacturer.com\\\/\"},{\"@type\":\"ListItem\",\"position\":2,\"name\":\"\u4ea7\u54c1\",\"item\":\"https:\\\/\\\/sprayboothmanufacturer.com\\\/shop__trashed\\\/\"},{\"@type\":\"ListItem\",\"position\":3,\"name\":\"ATK-008DE-PRO Industrial 8m Dual-Mode Professional Spray Booth | Gas + Quantum Far-Infrared Electric Heating | Premium Finish Quality Solution\"}]},{\"@type\":\"WebSite\",\"@id\":\"https:\\\/\\\/sprayboothmanufacturer.com\\\/#website\",\"url\":\"https:\\\/\\\/sprayboothmanufacturer.com\\\/\",\"name\":\"Autoke-China Paint Booth Manufacturer\",\"description\":\"\",\"publisher\":{\"@id\":\"https:\\\/\\\/sprayboothmanufacturer.com\\\/#organization\"},\"potentialAction\":[{\"@type\":\"SearchAction\",\"target\":{\"@type\":\"EntryPoint\",\"urlTemplate\":\"https:\\\/\\\/sprayboothmanufacturer.com\\\/?s={search_term_string}\"},\"query-input\":{\"@type\":\"PropertyValueSpecification\",\"valueRequired\":true,\"valueName\":\"search_term_string\"}}],\"inLanguage\":\"fr-FR\"},{\"@type\":\"Organization\",\"@id\":\"https:\\\/\\\/sprayboothmanufacturer.com\\\/#organization\",\"name\":\"Autoke-China Paint Booth Manufacturer\",\"url\":\"https:\\\/\\\/sprayboothmanufacturer.com\\\/\",\"logo\":{\"@type\":\"ImageObject\",\"inLanguage\":\"fr-FR\",\"@id\":\"https:\\\/\\\/sprayboothmanufacturer.com\\\/#\\\/schema\\\/logo\\\/image\\\/\",\"url\":\"https:\\\/\\\/sprayboothmanufacturer.com\\\/wp-content\\\/uploads\\\/2025\\\/12\\\/\u5fae\u4fe1\u56fe\u7247_20260113195103_1750_4-scaled-e1768394147958.png\",\"contentUrl\":\"https:\\\/\\\/sprayboothmanufacturer.com\\\/wp-content\\\/uploads\\\/2025\\\/12\\\/\u5fae\u4fe1\u56fe\u7247_20260113195103_1750_4-scaled-e1768394147958.png\",\"width\":1740,\"height\":538,\"caption\":\"Autoke-China Paint Booth Manufacturer\"},\"image\":{\"@id\":\"https:\\\/\\\/sprayboothmanufacturer.com\\\/#\\\/schema\\\/logo\\\/image\\\/\"}}]}<\/script>\n<!-- \/ Yoast SEO plugin. -->","yoast_head_json":{"title":"Cabine de pulv\u00e9risation professionnelle \u00e0 double mode industriel ATK-008DE-PRO de 8m | Chauffage au gaz + Chauffage \u00e9lectrique \u00e0 infrarouge lointain Quantum | Solution de finition de qualit\u00e9 premium - Fabricant de cabines de peinture Autoke-France","robots":{"index":"index","follow":"follow","max-snippet":"max-snippet:-1","max-image-preview":"max-image-preview:large","max-video-preview":"max-video-preview:-1"},"canonical":"https:\/\/sprayboothmanufacturer.com\/fr\/product\/8m-dual-mode-professional-spray-booth\/","og_locale":"fr_FR","og_type":"article","og_title":"ATK-008DE-PRO Industrial 8m Dual-Mode Professional Spray Booth | Gas + Quantum Far-Infrared Electric Heating | Premium Finish Quality Solution - Autoke-China Paint Booth Manufacturer","og_description":"The ATK-008DE-PRO is a premium spray booth that merges traditional gas heating with cutting-edge quantum far-infrared electric technology. Its dual-system design offers unparalleled energy flexibility and process control, coupled with 75mm ultra-thick insulation and all-copper-core fans. It is crafted for high-end clients who demand exceptional finish quality and long-term operational reliability.","og_url":"https:\/\/sprayboothmanufacturer.com\/fr\/product\/8m-dual-mode-professional-spray-booth\/","og_site_name":"Autoke-China Paint Booth Manufacturer","og_image":[{"width":553,"height":316,"url":"https:\/\/sprayboothmanufacturer.com\/wp-content\/uploads\/2026\/01\/\u70e4\u6f06\u623f\u5b89\u88c5\u6d41\u7a0b\u56fe\u7eb8\u53ca\u6587\u5b57-\u4e1c\u59271886.png","type":"image\/png"}],"twitter_card":"summary_large_image","twitter_misc":{"Dur\u00e9e de lecture estim\u00e9e":"3 minutes"},"schema":{"@context":"https:\/\/schema.org","@graph":[{"@type":"WebPage","@id":"https:\/\/sprayboothmanufacturer.com\/product\/8m-dual-mode-professional-spray-booth\/","url":"https:\/\/sprayboothmanufacturer.com\/product\/8m-dual-mode-professional-spray-booth\/","name":"Cabine de pulv\u00e9risation professionnelle \u00e0 double mode industriel ATK-008DE-PRO de 8m | Chauffage au gaz + Chauffage \u00e9lectrique \u00e0 infrarouge lointain Quantum | Solution de finition de qualit\u00e9 premium - Fabricant de cabines de peinture Autoke-France","isPartOf":{"@id":"https:\/\/sprayboothmanufacturer.com\/#website"},"primaryImageOfPage":{"@id":"https:\/\/sprayboothmanufacturer.com\/product\/8m-dual-mode-professional-spray-booth\/#primaryimage"},"image":{"@id":"https:\/\/sprayboothmanufacturer.com\/product\/8m-dual-mode-professional-spray-booth\/#primaryimage"},"thumbnailUrl":"https:\/\/sprayboothmanufacturer.com\/wp-content\/uploads\/2026\/01\/\u70e4\u6f06\u623f\u5b89\u88c5\u6d41\u7a0b\u56fe\u7eb8\u53ca\u6587\u5b57-\u4e1c\u59271886.png","datePublished":"2026-02-05T02:43:55+00:00","breadcrumb":{"@id":"https:\/\/sprayboothmanufacturer.com\/product\/8m-dual-mode-professional-spray-booth\/#breadcrumb"},"inLanguage":"fr-FR","potentialAction":[{"@type":"ReadAction","target":["https:\/\/sprayboothmanufacturer.com\/product\/8m-dual-mode-professional-spray-booth\/"]}]},{"@type":"ImageObject","inLanguage":"fr-FR","@id":"https:\/\/sprayboothmanufacturer.com\/product\/8m-dual-mode-professional-spray-booth\/#primaryimage","url":"https:\/\/sprayboothmanufacturer.com\/wp-content\/uploads\/2026\/01\/\u70e4\u6f06\u623f\u5b89\u88c5\u6d41\u7a0b\u56fe\u7eb8\u53ca\u6587\u5b57-\u4e1c\u59271886.png","contentUrl":"https:\/\/sprayboothmanufacturer.com\/wp-content\/uploads\/2026\/01\/\u70e4\u6f06\u623f\u5b89\u88c5\u6d41\u7a0b\u56fe\u7eb8\u53ca\u6587\u5b57-\u4e1c\u59271886.png","width":553,"height":316},{"@type":"BreadcrumbList","@id":"https:\/\/sprayboothmanufacturer.com\/product\/8m-dual-mode-professional-spray-booth\/#breadcrumb","itemListElement":[{"@type":"ListItem","position":1,"name":"Home","item":"https:\/\/sprayboothmanufacturer.com\/"},{"@type":"ListItem","position":2,"name":"\u4ea7\u54c1","item":"https:\/\/sprayboothmanufacturer.com\/shop__trashed\/"},{"@type":"ListItem","position":3,"name":"ATK-008DE-PRO Industrial 8m Dual-Mode Professional Spray Booth | Gas + Quantum Far-Infrared Electric Heating | Premium Finish Quality Solution"}]},{"@type":"WebSite","@id":"https:\/\/sprayboothmanufacturer.com\/#website","url":"https:\/\/sprayboothmanufacturer.com\/","name":"Fabricant de cabines de peinture Autoke-Chine","description":"","publisher":{"@id":"https:\/\/sprayboothmanufacturer.com\/#organization"},"potentialAction":[{"@type":"SearchAction","target":{"@type":"EntryPoint","urlTemplate":"https:\/\/sprayboothmanufacturer.com\/?s={search_term_string}"},"query-input":{"@type":"PropertyValueSpecification","valueRequired":true,"valueName":"search_term_string"}}],"inLanguage":"fr-FR"},{"@type":"Organization","@id":"https:\/\/sprayboothmanufacturer.com\/#organization","name":"Fabricant de cabines de peinture Autoke-Chine","url":"https:\/\/sprayboothmanufacturer.com\/","logo":{"@type":"ImageObject","inLanguage":"fr-FR","@id":"https:\/\/sprayboothmanufacturer.com\/#\/schema\/logo\/image\/","url":"https:\/\/sprayboothmanufacturer.com\/wp-content\/uploads\/2025\/12\/\u5fae\u4fe1\u56fe\u7247_20260113195103_1750_4-scaled-e1768394147958.png","contentUrl":"https:\/\/sprayboothmanufacturer.com\/wp-content\/uploads\/2025\/12\/\u5fae\u4fe1\u56fe\u7247_20260113195103_1750_4-scaled-e1768394147958.png","width":1740,"height":538,"caption":"Autoke-China Paint Booth Manufacturer"},"image":{"@id":"https:\/\/sprayboothmanufacturer.com\/#\/schema\/logo\/image\/"}}]}},"_links":{"self":[{"href":"https:\/\/sprayboothmanufacturer.com\/fr\/wp-json\/wp\/v2\/product\/3231","targetHints":{"allow":["GET"]}}],"collection":[{"href":"https:\/\/sprayboothmanufacturer.com\/fr\/wp-json\/wp\/v2\/product"}],"about":[{"href":"https:\/\/sprayboothmanufacturer.com\/fr\/wp-json\/wp\/v2\/types\/product"}],"replies":[{"embeddable":true,"href":"https:\/\/sprayboothmanufacturer.com\/fr\/wp-json\/wp\/v2\/comments?post=3231"}],"version-history":[{"count":1,"href":"https:\/\/sprayboothmanufacturer.com\/fr\/wp-json\/wp\/v2\/product\/3231\/revisions"}],"predecessor-version":[{"id":3232,"href":"https:\/\/sprayboothmanufacturer.com\/fr\/wp-json\/wp\/v2\/product\/3231\/revisions\/3232"}],"wp:featuredmedia":[{"embeddable":true,"href":"https:\/\/sprayboothmanufacturer.com\/fr\/wp-json\/wp\/v2\/media\/3117"}],"wp:attachment":[{"href":"https:\/\/sprayboothmanufacturer.com\/fr\/wp-json\/wp\/v2\/media?parent=3231"}],"wp:term":[{"taxonomy":"product_brand","embeddable":true,"href":"https:\/\/sprayboothmanufacturer.com\/fr\/wp-json\/wp\/v2\/product_brand?post=3231"},{"taxonomy":"product_cat","embeddable":true,"href":"https:\/\/sprayboothmanufacturer.com\/fr\/wp-json\/wp\/v2\/product_cat?post=3231"},{"taxonomy":"product_tag","embeddable":true,"href":"https:\/\/sprayboothmanufacturer.com\/fr\/wp-json\/wp\/v2\/product_tag?post=3231"}],"curies":[{"name":"wp","href":"https:\/\/api.w.org\/{rel}","templated":true}]}}