{"id":3223,"date":"2026-02-04T08:11:53","date_gmt":"2026-02-04T08:11:53","guid":{"rendered":"https:\/\/sprayboothmanufacturer.com\/?post_type=product&#038;p=3223"},"modified":"2026-02-04T08:11:53","modified_gmt":"2026-02-04T08:11:53","slug":"premium-8m-dual-mode-heating-spray-booth","status":"publish","type":"product","link":"https:\/\/sprayboothmanufacturer.com\/fr\/product\/premium-8m-dual-mode-heating-spray-booth\/","title":{"rendered":"Cabine de pulv\u00e9risation \u00e0 chauffage \u00e0 double mode Premium 8m ATK-008DE | Syst\u00e8mes doubles Gaz + \u00c9lectrique | Espace de travail extra-large | S'adapte aux processus variables et aux sources d'\u00e9nergie"},"content":{"rendered":"<p class=\"ds-markdown-paragraph\"><strong>ATK-008DE | Cabine de pulv\u00e9risation de luxe \u00e0 double mode de chauffage de 8 m : le sommet de la flexibilit\u00e9 et de la fiabilit\u00e9<\/strong><\/p>\n<p class=\"ds-markdown-paragraph\">Con\u00e7ue pour des clients haut de gamme qui exigent une adaptabilit\u00e9 ultime du processus, une s\u00e9curit\u00e9 \u00e9nerg\u00e9tique et une p\u00e9rennit\u00e9, la ATK-008DE \u00e9limine le choix entre diff\u00e9rentes m\u00e9thodes de chauffage. Elle offre une solution coexistante avec\u00a0<strong>des syst\u00e8mes de chauffage \u00e0 la fois au gaz et \u00e9lectriques<\/strong>. Que ce soit face \u00e0 des prix de l'\u00e9nergie fluctuants, des exigences de processus diverses ou pour assurer la continuit\u00e9 de la production lors d'une interruption de l'approvisionnement en \u00e9nergie principale, la ATK-008DE garantit des performances constantes. C'est l'investissement privil\u00e9gi\u00e9 pour les grands ateliers de carrosserie, les d\u00e9p\u00f4ts de maintenance de flottes haut de gamme et les applications industrielles exigeantes.<\/p>\n<p class=\"ds-markdown-paragraph\"><strong>Avantage central r\u00e9volutionnaire : syst\u00e8mes de chauffage doubles<\/strong><\/p>\n<ol start=\"1\">\n<li>\n<p class=\"ds-markdown-paragraph\"><strong>Libert\u00e9 de strat\u00e9gie \u00e9nerg\u00e9tique &amp; optimisation des co\u00fbts<\/strong>:<\/p>\n<ul>\n<li>\n<p class=\"ds-markdown-paragraph\"><strong>Chauffage au gaz (Br\u00fbleur RIELLO G20)<\/strong>: puissance de 15KW, fonctionnement \u00e9conomique, id\u00e9al pour les zones avec une alimentation en gaz stable et peu co\u00fbteuse.<\/p>\n<\/li>\n<li>\n<p class=\"ds-markdown-paragraph\"><strong>Chauffage \u00e9lectrique (Infrared halog\u00e8ne 30KW)<\/strong>: chauffage rapide et uniforme, atteignant 40\u00b0C en 5-8 minutes, parfait pour les sites avec des co\u00fbts d'\u00e9lectricit\u00e9 faibles ou n\u00e9cessitant un d\u00e9marrage rapide et un contr\u00f4le pr\u00e9cis de la temp\u00e9rature.<\/p>\n<\/li>\n<li>\n<p class=\"ds-markdown-paragraph\"><strong>Commutation libre<\/strong>: choisissez en temps r\u00e9el le mode de chauffage le plus \u00e9conomique ou adapt\u00e9 en fonction des prix de l'\u00e9nergie, des exigences du travail ou de la saison, en prenant le contr\u00f4le total des co\u00fbts op\u00e9rationnels.<\/p>\n<\/li>\n<\/ul>\n<\/li>\n<li>\n<p class=\"ds-markdown-paragraph\"><strong>Adaptabilit\u00e9 de processus et assurance de production in\u00e9gal\u00e9es<\/strong>:<\/p>\n<ul>\n<li>\n<p class=\"ds-markdown-paragraph\">S\u00e9lectionnez la m\u00e9thode de chauffage optimale pour diff\u00e9rents mat\u00e9riaux de rev\u00eatement.<\/p>\n<\/li>\n<li>\n<p class=\"ds-markdown-paragraph\">Maintenez la production avec le syst\u00e8me secondaire si le syst\u00e8me principal n\u00e9cessite une maintenance ou tombe en panne, minimisant ainsi les temps d'arr\u00eat.<\/p>\n<\/li>\n<\/ul>\n<\/li>\n<\/ol>\n<p class=\"ds-markdown-paragraph\"><strong>Conception mat\u00e9rielle et spatiale exceptionnelle :<\/strong><\/p>\n<ul>\n<li>\n<p class=\"ds-markdown-paragraph\"><strong>Construction robuste surdimensionn\u00e9e<\/strong>:<\/p>\n<ul>\n<li>\n<p class=\"ds-markdown-paragraph\"><strong>Sous-sol renforc\u00e9<\/strong>: Caract\u00e9ristiques\u00a0<strong>cinq rang\u00e9es<\/strong>\u00a0grilles plates en acier galvanis\u00e9 (d\u00e9passant la norme trois), offrant une meilleure r\u00e9partition de la charge et une durabilit\u00e9 accrue.<\/p>\n<\/li>\n<li>\n<p class=\"ds-markdown-paragraph\"><strong>Int\u00e9rieur spacieux<\/strong>: L'espace int\u00e9rieur de 8000\u00d74500\u00d73000mm offre suffisamment de place pour de grands SUV, camions l\u00e9gers et pi\u00e8ces volumineuses.<\/p>\n<\/li>\n<\/ul>\n<\/li>\n<li>\n<p class=\"ds-markdown-paragraph\"><strong>C\u0153ur \u00e9lectrique efficace et fiable<\/strong>:<\/p>\n<ul>\n<li>\n<p class=\"ds-markdown-paragraph\"><strong>Ventilation de marque<\/strong>: Utilise des ventilateurs moteurs en cuivre de la marque \u201cJiangsu Hengkang\u201d. Les syst\u00e8mes d\u2019alimentation (2\u00d74KW, 14 000-15 500 m\u00b3\/h) et d\u2019\u00e9chappement (1\u00d75,5KW, 19 000 m\u00b3\/h) sont stables, efficaces et durables.<\/p>\n<\/li>\n<li>\n<p class=\"ds-markdown-paragraph\"><strong>Contr\u00f4le intelligent<\/strong>: Le syst\u00e8me int\u00e9gr\u00e9 g\u00e8re ind\u00e9pendamment les syst\u00e8mes de chauffage pour la temp\u00e9rature et le temps.<\/p>\n<\/li>\n<\/ul>\n<\/li>\n<li>\n<p class=\"ds-markdown-paragraph\"><strong>Environnement constamment propre<\/strong>:<\/p>\n<ul>\n<li>\n<p class=\"ds-markdown-paragraph\">Maintient un syst\u00e8me de filtration en trois \u00e9tapes pour un environnement de peinture propre.<\/p>\n<\/li>\n<li>\n<p class=\"ds-markdown-paragraph\">L\u2019armoire ventil\u00e9e isol\u00e9e en laine de roche assure une efficacit\u00e9 thermique.<\/p>\n<\/li>\n<\/ul>\n<\/li>\n<\/ul>\n<p class=\"ds-markdown-paragraph\"><strong>Aper\u00e7u des sp\u00e9cifications :<\/strong><\/p>\n<ul>\n<li>\n<p class=\"ds-markdown-paragraph\"><strong>Mod\u00e8le<\/strong>: ATK-008DE<\/p>\n<\/li>\n<li>\n<p class=\"ds-markdown-paragraph\"><strong>Externe\/Interne<\/strong>: 8100\u00d74600\u00d73750mm \/ 8000\u00d74500\u00d73000mm<\/p>\n<\/li>\n<li>\n<p class=\"ds-markdown-paragraph\"><strong>Chauffage<\/strong>:\u00a0<strong>Double syst\u00e8me<\/strong>\u00a0\u2013 Gaz (RIELLO G20) + \u00c9lectrique (infra-rouge halog\u00e8ne 30KW)<\/p>\n<\/li>\n<li>\n<p class=\"ds-markdown-paragraph\"><strong>Ventilation<\/strong>: Ventilateurs moteurs en cuivre de Jiangsu Hengkang, alimentation 2\u00d74KW, extraction 1\u00d75,5KW<\/p>\n<\/li>\n<li>\n<p class=\"ds-markdown-paragraph\"><strong>Sous-sol<\/strong>: Grilles en acier galvanis\u00e9 renforc\u00e9es \u00e0 cinq rang\u00e9es.<\/p>\n<\/li>\n<li>\n<p class=\"ds-markdown-paragraph\"><strong>Emballage<\/strong>: ~19 CBM, compatible avec les conteneurs standard.<\/p>\n<\/li>\n<\/ul>\n<p class=\"ds-markdown-paragraph\"><strong>Id\u00e9al Pour :<\/strong><\/p>\n<ul>\n<li>\n<p class=\"ds-markdown-paragraph\">Grands groupes de r\u00e9paration automobile, centres de peinture haut de gamme pour les magasins 4S.<\/p>\n<\/li>\n<li>\n<p class=\"ds-markdown-paragraph\">D\u00e9p\u00f4ts de maintenance principaux pour flottes de bus, logistique et v\u00e9hicules sp\u00e9ciaux.<\/p>\n<\/li>\n<li>\n<p class=\"ds-markdown-paragraph\">Lignes de rev\u00eatement industriel avec une tol\u00e9rance z\u00e9ro pour les temps d'arr\u00eat.<\/p>\n<\/li>\n<li>\n<p class=\"ds-markdown-paragraph\">Investisseurs dans des r\u00e9gions avec des paysages \u00e9nerg\u00e9tiques en transition ou des prix volatils.<\/p>\n<\/li>\n<li>\n<p class=\"ds-markdown-paragraph\">Fournisseurs de services personnalis\u00e9s g\u00e9rant des t\u00e2ches de peinture diversifi\u00e9es et \u00e0 haute sp\u00e9cification.<\/p>\n<\/li>\n<\/ul>\n<p class=\"ds-markdown-paragraph\">L'ATK-008DE repr\u00e9sente notre r\u00e9ponse de premier ordre aux besoins fondamentaux des clients :\u00a0<strong>flexibilit\u00e9, fiabilit\u00e9 et ma\u00eetrise des co\u00fbts<\/strong>. Ce n'est pas seulement un \u00e9quipement mais un investissement strat\u00e9gique dans la r\u00e9silience de l'entreprise. Notre \u00e9quipe technique peut fournir une analyse d\u00e9taill\u00e9e du ROI pour les deux modes de chauffage adapt\u00e9s \u00e0 votre cas sp\u00e9cifique et proposer des solutions de service CIF vers les principaux ports mondiaux.<\/p>","protected":false},"excerpt":{"rendered":"<p>Le ATK-008DE est notre cabine de pulv\u00e9risation phare, int\u00e9grant de mani\u00e8re innovante des syst\u00e8mes de chauffage ind\u00e9pendants \u00e0 gaz et \u00e9lectriques. Les utilisateurs peuvent choisir librement le mode de chauffage en fonction du co\u00fbt, des besoins du processus ou de la disponibilit\u00e9 de l'\u00e9nergie. Combin\u00e9 avec un espace extra-large de 8,1 m et un sous-sol renforc\u00e9 avec une grille \u00e0 cinq rang\u00e9es, il offre une flexibilit\u00e9 et une fiabilit\u00e9 in\u00e9gal\u00e9es pour la r\u00e9paration de v\u00e9hicules commerciaux et les rev\u00eatements industriels haut de gamme.<\/p>","protected":false},"featured_media":3200,"comment_status":"open","ping_status":"closed","template":"","meta":[],"product_brand":[76],"product_cat":[60,59],"product_tag":[73,63,72,69,68,70,84,83],"class_list":{"0":"post-3223","1":"product","2":"type-product","3":"status-publish","4":"has-post-thumbnail","6":"product_brand-autoke","7":"product_cat-car-spray-booth","8":"product_cat-spray-booth","9":"product_tag-automotive-spray-booth-manufacturer","10":"product_tag-car-spray-booth","11":"product_tag-car-spray-booth-factory","12":"product_tag-ce-car-spray-booth","13":"product_tag-customized-car-spray-booth","14":"product_tag-high-quality-spray-booths","15":"product_tag-industrial-coating","16":"product_tag-paint-booth-solutions","18":"first","19":"instock","20":"shipping-taxable","21":"product-type-simple"},"yoast_head":"<!-- This site is optimized with the Yoast SEO plugin v27.4 - https:\/\/yoast.com\/product\/yoast-seo-wordpress\/ -->\n<title>ATK-008DE Premium 8m Dual-Mode Heating Spray Booth | Gas + Electric Dual Systems | Extra-Wide Workspace | Adapts to Variable Processes &amp; Energy Supplies - Autoke-China Paint Booth Manufacturer<\/title>\n<meta name=\"robots\" content=\"index, follow, max-snippet:-1, max-image-preview:large, max-video-preview:-1\" \/>\n<link rel=\"canonical\" href=\"https:\/\/sprayboothmanufacturer.com\/fr\/product\/premium-8m-dual-mode-heating-spray-booth\/\" \/>\n<meta property=\"og:locale\" content=\"fr_FR\" \/>\n<meta property=\"og:type\" content=\"article\" \/>\n<meta property=\"og:title\" content=\"ATK-008DE Premium 8m Dual-Mode Heating Spray Booth | Gas + Electric Dual Systems | Extra-Wide Workspace | Adapts to Variable Processes &amp; Energy Supplies - Autoke-China Paint Booth Manufacturer\" \/>\n<meta property=\"og:description\" content=\"The ATK-008DE is our flagship spray booth, innovatively integrating independent gas and electric heating systems. Users can freely choose the heating mode based on cost, process needs, or energy availability. Combined with an 8.1m extra-large space and a five-row reinforced grate basement, it offers unparalleled flexibility and reliability for commercial vehicle repair and high-end industrial coating.\" \/>\n<meta property=\"og:url\" content=\"https:\/\/sprayboothmanufacturer.com\/fr\/product\/premium-8m-dual-mode-heating-spray-booth\/\" \/>\n<meta property=\"og:site_name\" content=\"Autoke-China Paint Booth Manufacturer\" \/>\n<meta property=\"og:image\" content=\"https:\/\/sprayboothmanufacturer.com\/wp-content\/uploads\/2026\/02\/32.png\" \/>\n\t<meta property=\"og:image:width\" content=\"800\" \/>\n\t<meta property=\"og:image:height\" content=\"800\" \/>\n\t<meta property=\"og:image:type\" content=\"image\/png\" \/>\n<meta name=\"twitter:card\" content=\"summary_large_image\" \/>\n<meta name=\"twitter:label1\" content=\"Dur\u00e9e de lecture estim\u00e9e\" \/>\n\t<meta name=\"twitter:data1\" content=\"3 minutes\" \/>\n<script type=\"application\/ld+json\" class=\"yoast-schema-graph\">{\"@context\":\"https:\\\/\\\/schema.org\",\"@graph\":[{\"@type\":\"WebPage\",\"@id\":\"https:\\\/\\\/sprayboothmanufacturer.com\\\/product\\\/premium-8m-dual-mode-heating-spray-booth\\\/\",\"url\":\"https:\\\/\\\/sprayboothmanufacturer.com\\\/product\\\/premium-8m-dual-mode-heating-spray-booth\\\/\",\"name\":\"ATK-008DE Premium 8m Dual-Mode Heating Spray Booth | Gas + Electric Dual Systems | Extra-Wide Workspace | Adapts to Variable Processes & Energy Supplies - Autoke-China Paint Booth Manufacturer\",\"isPartOf\":{\"@id\":\"https:\\\/\\\/sprayboothmanufacturer.com\\\/#website\"},\"primaryImageOfPage\":{\"@id\":\"https:\\\/\\\/sprayboothmanufacturer.com\\\/product\\\/premium-8m-dual-mode-heating-spray-booth\\\/#primaryimage\"},\"image\":{\"@id\":\"https:\\\/\\\/sprayboothmanufacturer.com\\\/product\\\/premium-8m-dual-mode-heating-spray-booth\\\/#primaryimage\"},\"thumbnailUrl\":\"https:\\\/\\\/sprayboothmanufacturer.com\\\/wp-content\\\/uploads\\\/2026\\\/02\\\/32.png\",\"datePublished\":\"2026-02-04T08:11:53+00:00\",\"breadcrumb\":{\"@id\":\"https:\\\/\\\/sprayboothmanufacturer.com\\\/product\\\/premium-8m-dual-mode-heating-spray-booth\\\/#breadcrumb\"},\"inLanguage\":\"fr-FR\",\"potentialAction\":[{\"@type\":\"ReadAction\",\"target\":[\"https:\\\/\\\/sprayboothmanufacturer.com\\\/product\\\/premium-8m-dual-mode-heating-spray-booth\\\/\"]}]},{\"@type\":\"ImageObject\",\"inLanguage\":\"fr-FR\",\"@id\":\"https:\\\/\\\/sprayboothmanufacturer.com\\\/product\\\/premium-8m-dual-mode-heating-spray-booth\\\/#primaryimage\",\"url\":\"https:\\\/\\\/sprayboothmanufacturer.com\\\/wp-content\\\/uploads\\\/2026\\\/02\\\/32.png\",\"contentUrl\":\"https:\\\/\\\/sprayboothmanufacturer.com\\\/wp-content\\\/uploads\\\/2026\\\/02\\\/32.png\",\"width\":800,\"height\":800},{\"@type\":\"BreadcrumbList\",\"@id\":\"https:\\\/\\\/sprayboothmanufacturer.com\\\/product\\\/premium-8m-dual-mode-heating-spray-booth\\\/#breadcrumb\",\"itemListElement\":[{\"@type\":\"ListItem\",\"position\":1,\"name\":\"Home\",\"item\":\"https:\\\/\\\/sprayboothmanufacturer.com\\\/\"},{\"@type\":\"ListItem\",\"position\":2,\"name\":\"\u4ea7\u54c1\",\"item\":\"https:\\\/\\\/sprayboothmanufacturer.com\\\/shop__trashed\\\/\"},{\"@type\":\"ListItem\",\"position\":3,\"name\":\"ATK-008DE Premium 8m Dual-Mode Heating Spray Booth | Gas + Electric Dual Systems | Extra-Wide Workspace | Adapts to Variable Processes &#038; Energy Supplies\"}]},{\"@type\":\"WebSite\",\"@id\":\"https:\\\/\\\/sprayboothmanufacturer.com\\\/#website\",\"url\":\"https:\\\/\\\/sprayboothmanufacturer.com\\\/\",\"name\":\"Autoke-China Paint Booth Manufacturer\",\"description\":\"\",\"publisher\":{\"@id\":\"https:\\\/\\\/sprayboothmanufacturer.com\\\/#organization\"},\"potentialAction\":[{\"@type\":\"SearchAction\",\"target\":{\"@type\":\"EntryPoint\",\"urlTemplate\":\"https:\\\/\\\/sprayboothmanufacturer.com\\\/?s={search_term_string}\"},\"query-input\":{\"@type\":\"PropertyValueSpecification\",\"valueRequired\":true,\"valueName\":\"search_term_string\"}}],\"inLanguage\":\"fr-FR\"},{\"@type\":\"Organization\",\"@id\":\"https:\\\/\\\/sprayboothmanufacturer.com\\\/#organization\",\"name\":\"Autoke-China Paint Booth Manufacturer\",\"url\":\"https:\\\/\\\/sprayboothmanufacturer.com\\\/\",\"logo\":{\"@type\":\"ImageObject\",\"inLanguage\":\"fr-FR\",\"@id\":\"https:\\\/\\\/sprayboothmanufacturer.com\\\/#\\\/schema\\\/logo\\\/image\\\/\",\"url\":\"https:\\\/\\\/sprayboothmanufacturer.com\\\/wp-content\\\/uploads\\\/2025\\\/12\\\/\u5fae\u4fe1\u56fe\u7247_20260113195103_1750_4-scaled-e1768394147958.png\",\"contentUrl\":\"https:\\\/\\\/sprayboothmanufacturer.com\\\/wp-content\\\/uploads\\\/2025\\\/12\\\/\u5fae\u4fe1\u56fe\u7247_20260113195103_1750_4-scaled-e1768394147958.png\",\"width\":1740,\"height\":538,\"caption\":\"Autoke-China Paint Booth Manufacturer\"},\"image\":{\"@id\":\"https:\\\/\\\/sprayboothmanufacturer.com\\\/#\\\/schema\\\/logo\\\/image\\\/\"}}]}<\/script>\n<!-- \/ Yoast SEO plugin. -->","yoast_head_json":{"title":"Cabine de pulv\u00e9risation \u00e0 chauffage double mode premium ATK-008DE 8m | Syst\u00e8mes doubles gaz + \u00e9lectrique | Espace de travail extra-large | S'adapte aux processus variables et aux approvisionnements en \u00e9nergie - Fabricant de cabines de peinture Autoke-China","robots":{"index":"index","follow":"follow","max-snippet":"max-snippet:-1","max-image-preview":"max-image-preview:large","max-video-preview":"max-video-preview:-1"},"canonical":"https:\/\/sprayboothmanufacturer.com\/fr\/product\/premium-8m-dual-mode-heating-spray-booth\/","og_locale":"fr_FR","og_type":"article","og_title":"ATK-008DE Premium 8m Dual-Mode Heating Spray Booth | Gas + Electric Dual Systems | Extra-Wide Workspace | Adapts to Variable Processes & Energy Supplies - Autoke-China Paint Booth Manufacturer","og_description":"The ATK-008DE is our flagship spray booth, innovatively integrating independent gas and electric heating systems. Users can freely choose the heating mode based on cost, process needs, or energy availability. Combined with an 8.1m extra-large space and a five-row reinforced grate basement, it offers unparalleled flexibility and reliability for commercial vehicle repair and high-end industrial coating.","og_url":"https:\/\/sprayboothmanufacturer.com\/fr\/product\/premium-8m-dual-mode-heating-spray-booth\/","og_site_name":"Autoke-China Paint Booth Manufacturer","og_image":[{"width":800,"height":800,"url":"https:\/\/sprayboothmanufacturer.com\/wp-content\/uploads\/2026\/02\/32.png","type":"image\/png"}],"twitter_card":"summary_large_image","twitter_misc":{"Dur\u00e9e de lecture estim\u00e9e":"3 minutes"},"schema":{"@context":"https:\/\/schema.org","@graph":[{"@type":"WebPage","@id":"https:\/\/sprayboothmanufacturer.com\/product\/premium-8m-dual-mode-heating-spray-booth\/","url":"https:\/\/sprayboothmanufacturer.com\/product\/premium-8m-dual-mode-heating-spray-booth\/","name":"Cabine de pulv\u00e9risation \u00e0 chauffage double mode premium ATK-008DE 8m | Syst\u00e8mes doubles gaz + \u00e9lectrique | Espace de travail extra-large | S'adapte aux processus variables et aux approvisionnements en \u00e9nergie - Fabricant de cabines de peinture Autoke-China","isPartOf":{"@id":"https:\/\/sprayboothmanufacturer.com\/#website"},"primaryImageOfPage":{"@id":"https:\/\/sprayboothmanufacturer.com\/product\/premium-8m-dual-mode-heating-spray-booth\/#primaryimage"},"image":{"@id":"https:\/\/sprayboothmanufacturer.com\/product\/premium-8m-dual-mode-heating-spray-booth\/#primaryimage"},"thumbnailUrl":"https:\/\/sprayboothmanufacturer.com\/wp-content\/uploads\/2026\/02\/32.png","datePublished":"2026-02-04T08:11:53+00:00","breadcrumb":{"@id":"https:\/\/sprayboothmanufacturer.com\/product\/premium-8m-dual-mode-heating-spray-booth\/#breadcrumb"},"inLanguage":"fr-FR","potentialAction":[{"@type":"ReadAction","target":["https:\/\/sprayboothmanufacturer.com\/product\/premium-8m-dual-mode-heating-spray-booth\/"]}]},{"@type":"ImageObject","inLanguage":"fr-FR","@id":"https:\/\/sprayboothmanufacturer.com\/product\/premium-8m-dual-mode-heating-spray-booth\/#primaryimage","url":"https:\/\/sprayboothmanufacturer.com\/wp-content\/uploads\/2026\/02\/32.png","contentUrl":"https:\/\/sprayboothmanufacturer.com\/wp-content\/uploads\/2026\/02\/32.png","width":800,"height":800},{"@type":"BreadcrumbList","@id":"https:\/\/sprayboothmanufacturer.com\/product\/premium-8m-dual-mode-heating-spray-booth\/#breadcrumb","itemListElement":[{"@type":"ListItem","position":1,"name":"Home","item":"https:\/\/sprayboothmanufacturer.com\/"},{"@type":"ListItem","position":2,"name":"\u4ea7\u54c1","item":"https:\/\/sprayboothmanufacturer.com\/shop__trashed\/"},{"@type":"ListItem","position":3,"name":"ATK-008DE Premium 8m Dual-Mode Heating Spray Booth | Gas + Electric Dual Systems | Extra-Wide Workspace | Adapts to Variable Processes &#038; Energy Supplies"}]},{"@type":"WebSite","@id":"https:\/\/sprayboothmanufacturer.com\/#website","url":"https:\/\/sprayboothmanufacturer.com\/","name":"Fabricant de cabines de peinture Autoke-Chine","description":"","publisher":{"@id":"https:\/\/sprayboothmanufacturer.com\/#organization"},"potentialAction":[{"@type":"SearchAction","target":{"@type":"EntryPoint","urlTemplate":"https:\/\/sprayboothmanufacturer.com\/?s={search_term_string}"},"query-input":{"@type":"PropertyValueSpecification","valueRequired":true,"valueName":"search_term_string"}}],"inLanguage":"fr-FR"},{"@type":"Organization","@id":"https:\/\/sprayboothmanufacturer.com\/#organization","name":"Fabricant de cabines de peinture Autoke-Chine","url":"https:\/\/sprayboothmanufacturer.com\/","logo":{"@type":"ImageObject","inLanguage":"fr-FR","@id":"https:\/\/sprayboothmanufacturer.com\/#\/schema\/logo\/image\/","url":"https:\/\/sprayboothmanufacturer.com\/wp-content\/uploads\/2025\/12\/\u5fae\u4fe1\u56fe\u7247_20260113195103_1750_4-scaled-e1768394147958.png","contentUrl":"https:\/\/sprayboothmanufacturer.com\/wp-content\/uploads\/2025\/12\/\u5fae\u4fe1\u56fe\u7247_20260113195103_1750_4-scaled-e1768394147958.png","width":1740,"height":538,"caption":"Autoke-China Paint Booth Manufacturer"},"image":{"@id":"https:\/\/sprayboothmanufacturer.com\/#\/schema\/logo\/image\/"}}]}},"_links":{"self":[{"href":"https:\/\/sprayboothmanufacturer.com\/fr\/wp-json\/wp\/v2\/product\/3223","targetHints":{"allow":["GET"]}}],"collection":[{"href":"https:\/\/sprayboothmanufacturer.com\/fr\/wp-json\/wp\/v2\/product"}],"about":[{"href":"https:\/\/sprayboothmanufacturer.com\/fr\/wp-json\/wp\/v2\/types\/product"}],"replies":[{"embeddable":true,"href":"https:\/\/sprayboothmanufacturer.com\/fr\/wp-json\/wp\/v2\/comments?post=3223"}],"version-history":[{"count":1,"href":"https:\/\/sprayboothmanufacturer.com\/fr\/wp-json\/wp\/v2\/product\/3223\/revisions"}],"predecessor-version":[{"id":3224,"href":"https:\/\/sprayboothmanufacturer.com\/fr\/wp-json\/wp\/v2\/product\/3223\/revisions\/3224"}],"wp:featuredmedia":[{"embeddable":true,"href":"https:\/\/sprayboothmanufacturer.com\/fr\/wp-json\/wp\/v2\/media\/3200"}],"wp:attachment":[{"href":"https:\/\/sprayboothmanufacturer.com\/fr\/wp-json\/wp\/v2\/media?parent=3223"}],"wp:term":[{"taxonomy":"product_brand","embeddable":true,"href":"https:\/\/sprayboothmanufacturer.com\/fr\/wp-json\/wp\/v2\/product_brand?post=3223"},{"taxonomy":"product_cat","embeddable":true,"href":"https:\/\/sprayboothmanufacturer.com\/fr\/wp-json\/wp\/v2\/product_cat?post=3223"},{"taxonomy":"product_tag","embeddable":true,"href":"https:\/\/sprayboothmanufacturer.com\/fr\/wp-json\/wp\/v2\/product_tag?post=3223"}],"curies":[{"name":"wp","href":"https:\/\/api.w.org\/{rel}","templated":true}]}}