{"id":3219,"date":"2026-02-04T07:50:54","date_gmt":"2026-02-04T07:50:54","guid":{"rendered":"https:\/\/sprayboothmanufacturer.com\/?post_type=product&#038;p=3219"},"modified":"2026-02-04T07:50:54","modified_gmt":"2026-02-04T07:50:54","slug":"industrial-8m-gas-heating-spray-booth","status":"publish","type":"product","link":"https:\/\/sprayboothmanufacturer.com\/fr\/product\/industrial-8m-gas-heating-spray-booth\/","title":{"rendered":"ATK-008G Cabine de pulv\u00e9risation industrielle \u00e0 chauffage au gaz de 8m | Fonctionnement \u00e9conomique | Avec compresseur d'air professionnel | Id\u00e9al pour la r\u00e9paration de v\u00e9hicules commerciaux"},"content":{"rendered":"<table style=\"height: 190px;\" width=\"751\">\n<tbody>\n<tr>\n<td width=\"142\"><strong><b>Quantit\u00e9 minimale de commande :<\/b><\/strong><\/td>\n<td width=\"142\">1 pi\u00e8ce<\/td>\n<td width=\"142\"><strong><b>Prix :<\/b><\/strong><\/td>\n<td width=\"142\">\u00c0 n\u00e9gocier<\/td>\n<\/tr>\n<tr>\n<td width=\"142\"><strong><b>D\u00e9tails de l'emballage :<\/b><\/strong><\/td>\n<td width=\"142\">40GP ou 20GP\/unit\u00e9<\/td>\n<td width=\"142\"><strong><b>D\u00e9lai de livraison :<\/b><\/strong><\/td>\n<td width=\"142\">15 jours \u00e0 n\u00e9gocier<\/td>\n<\/tr>\n<tr>\n<td width=\"142\"><strong><b>Conditions de paiement :<\/b><\/strong><\/td>\n<td width=\"142\">L\/C, T\/T<\/td>\n<td width=\"142\"><strong><b>Capacit\u00e9 d'approvisionnement :<\/b><\/strong><\/td>\n<td width=\"142\">50 unit\u00e9(s) par mois, cabine de pulv\u00e9risation industrielle, cabine de pulv\u00e9risation bus<\/td>\n<\/tr>\n<tr>\n<td width=\"142\"><strong><b>Lieu d'origine :<\/b><\/strong><\/td>\n<td width=\"142\">Jiangsu, Chine<\/td>\n<td width=\"142\"><strong><b>Nom de la marque :<\/b><\/strong><\/td>\n<td width=\"142\">Autoke<\/td>\n<\/tr>\n<tr>\n<td width=\"142\"><strong><b>Certification :<\/b><\/strong><\/td>\n<td width=\"142\">CE<\/td>\n<td width=\"142\"><strong><b>Num\u00e9ro de mod\u00e8le :<\/b><\/strong><\/td>\n<td width=\"142\">ATK-008G<\/td>\n<\/tr>\n<\/tbody>\n<\/table>\n<p class=\"ds-markdown-paragraph\"><strong>ATK-008G | Pack cabine de pulv\u00e9risation \u00e0 chauffage au gaz de 8 m : Solution de peinture \u00e9conomique, puissante et tout-en-un<\/strong><\/p>\n<p class=\"ds-markdown-paragraph\">Le ATK-008G est un syst\u00e8me de peinture professionnel con\u00e7u pour les ateliers de r\u00e9paration de v\u00e9hicules commerciaux, les grands centres de carrosserie et de peinture, ainsi que pour les clients industriels qui privil\u00e9gient l\u2019efficacit\u00e9 des co\u00fbts op\u00e9rationnels et la productivit\u00e9. Il offre un int\u00e9rieur spacieux de 4,9 m de large et combine de mani\u00e8re innovante un syst\u00e8me de chauffage au gaz efficace avec la source d\u2019\u00e9nergie principale pour la pulv\u00e9risation \u2014 un compresseur d\u2019air \u00e9lectrique de qualit\u00e9 professionnelle \u2014 fournissant un poste de travail de peinture complet et pr\u00eat \u00e0 l\u2019emploi.<\/p>\n<p class=\"ds-markdown-paragraph\"><strong>Valeur fondamentale &amp; Avantages uniques :<\/strong><\/p>\n<ol start=\"1\">\n<li>\n<p class=\"ds-markdown-paragraph\"><strong>Chauffage au gaz pour des co\u00fbts d\u2019exploitation r\u00e9duits<\/strong>:<\/p>\n<ul>\n<li>\n<p class=\"ds-markdown-paragraph\">Utilise un syst\u00e8me de chauffage au gaz efficace d\u2019une puissance nominale de seulement 15KW (bien inf\u00e9rieur \u00e0 38KW pour un chauffage \u00e9lectrique \u00e9quivalent), r\u00e9duisant consid\u00e9rablement la consommation d\u2019\u00e9nergie lors d\u2019une utilisation continue. Id\u00e9al pour les zones avec approvisionnement en gaz accessible ou des co\u00fbts d\u2019\u00e9lectricit\u00e9 \u00e9lev\u00e9s.<\/p>\n<\/li>\n<li>\n<p class=\"ds-markdown-paragraph\">Offre un chauffage rapide, garantissant une efficacit\u00e9 de cuisson sans compromettre la vitesse du travail ou la qualit\u00e9 de la finition.<\/p>\n<\/li>\n<\/ul>\n<\/li>\n<li>\n<p class=\"ds-markdown-paragraph\"><strong>Int\u00e9rieur spacieux pour des travaux \u00e0 grande \u00e9chelle<\/strong>:<\/p>\n<ul>\n<li>\n<p class=\"ds-markdown-paragraph\">Une taille int\u00e9rieure nette g\u00e9n\u00e9reuse de 7900\u00d74900\u00d72650mm. La largeur et la hauteur importantes sont particuli\u00e8rement adapt\u00e9es \u00e0 la peinture compl\u00e8te et \u00e0 la r\u00e9paration de v\u00e9hicules commerciaux tels que bus, vans et camions l\u00e9gers.<\/p>\n<\/li>\n<\/ul>\n<\/li>\n<li>\n<p class=\"ds-markdown-paragraph\"><strong>Pack d\u2019alimentation tout-en-un, sans souci<\/strong>:<\/p>\n<ul>\n<li>\n<p class=\"ds-markdown-paragraph\"><strong>Am\u00e9lioration cl\u00e9<\/strong>: Le pack comprend un compresseur d\u2019air \u00e9lectrique professionnel de 7,5KW (r\u00e9servoir de 300L, 1000L\/min @ 12,5bar). Cela r\u00e9pond \u00e0 la demande principale en puissance pour la pulv\u00e9risation, \u00e9liminant le besoin de sourcing et d\u2019association s\u00e9par\u00e9s, garantissant une pression de pistolet stable et suffisante.<\/p>\n<\/li>\n<li>\n<p class=\"ds-markdown-paragraph\"><strong>Pr\u00eat \u00e0 brancher<\/strong>: La livraison simultan\u00e9e de la cabine et de la source d\u2019alimentation r\u00e9duit consid\u00e9rablement le temps d\u2019installation en atelier, permettant un d\u00e9marrage plus rapide de la production.<\/p>\n<\/li>\n<\/ul>\n<\/li>\n<li>\n<p class=\"ds-markdown-paragraph\"><strong>Performance fiable &amp; environnement propre<\/strong>:<\/p>\n<ul>\n<li>\n<p class=\"ds-markdown-paragraph\"><strong>Ventilation Puissante<\/strong>: La combinaison de 2\u00d74KW de ventilateurs d\u2019alimentation (30 000 m\u00b3\/h au total) et d\u2019un ventilateur d\u2019\u00e9chappement de 5,5KW (19 000 m\u00b3\/h) assure une \u00e9limination rapide des surpulv\u00e9risations.<\/p>\n<\/li>\n<li>\n<p class=\"ds-markdown-paragraph\"><strong>Construction robuste<\/strong>: Caract\u00e9ristiques de panneaux en acier double couche de haute qualit\u00e9 avec laine de roche, sous-sol galvanis\u00e9 anti-rouille et conception renforc\u00e9e pour la charge.<\/p>\n<\/li>\n<li>\n<p class=\"ds-markdown-paragraph\"><strong>Filtration en 3 \u00e9tapes<\/strong>: Les filtres principaux standard, de plafond (&gt;98% d'efficacit\u00e9), et de sol offrent un environnement propre pour des finitions de haute qualit\u00e9.<\/p>\n<\/li>\n<\/ul>\n<\/li>\n<\/ol>\n<p class=\"ds-markdown-paragraph\"><strong>Aper\u00e7u du Pack Standard :<\/strong><\/p>\n<ul>\n<li>\n<p class=\"ds-markdown-paragraph\"><strong>Mod\u00e8le<\/strong>: ATK-008G (Cabine) + Compresseur d'air assorti<\/p>\n<\/li>\n<li>\n<p class=\"ds-markdown-paragraph\"><strong>Taille int\u00e9rieure de la cabine<\/strong>: 7900\u00d74900\u00d72650mm<\/p>\n<\/li>\n<li>\n<p class=\"ds-markdown-paragraph\"><strong>Type de chauffage<\/strong>: Chauffage au gaz<\/p>\n<\/li>\n<li>\n<p class=\"ds-markdown-paragraph\"><strong>Puissance de la cabine<\/strong>: 15 KW (Ventilation &amp; Contr\u00f4le)<\/p>\n<\/li>\n<li>\n<p class=\"ds-markdown-paragraph\"><strong>Compresseur d'air<\/strong>: Moteur de 7,5KW, r\u00e9servoir de 300L, 1000L\/min @ 12,5bar<\/p>\n<\/li>\n<li>\n<p class=\"ds-markdown-paragraph\"><strong>Emballage<\/strong>: Cabine ~19 CBM, adapt\u00e9e \u00e0 l'exp\u00e9dition en conteneur standard.<\/p>\n<\/li>\n<\/ul>\n<p class=\"ds-markdown-paragraph\"><strong>Id\u00e9al Pour :<\/strong><\/p>\n<ul>\n<li>\n<p class=\"ds-markdown-paragraph\">Bases de maintenance pour compagnies de bus, flottes logistiques, op\u00e9rateurs de v\u00e9hicules sp\u00e9ciaux.<\/p>\n<\/li>\n<li>\n<p class=\"ds-markdown-paragraph\">Grandes ateliers de r\u00e9paration automobile, centres de carrosserie et de peinture de v\u00e9hicules commerciaux.<\/p>\n<\/li>\n<li>\n<p class=\"ds-markdown-paragraph\">Installations de taille moyenne \u00e0 grande sensibles aux co\u00fbts d'exploitation avec acc\u00e8s \u00e0 une alimentation en gaz.<\/p>\n<\/li>\n<li>\n<p class=\"ds-markdown-paragraph\">Nouveaux ateliers cherchant \u00e0 se procurer l'\u00e9quipement de peinture principal en une seule fois.<\/p>\n<\/li>\n<\/ul>\n<p class=\"ds-markdown-paragraph\">Le pack ATK-008G incarne notre approche centr\u00e9e sur le client, int\u00e9grant profond\u00e9ment l'\u00e9quipement principal avec l'alimentation \u00e9lectrique. Nous pouvons fournir des conseils sp\u00e9cifiques sur la configuration du br\u00fbleur en fonction de votre source de gaz locale (gaz naturel\/ GPL). Pour des conditions DDP d\u00e9taill\u00e9es ou un plan d'agencement personnalis\u00e9 pour votre atelier, veuillez contacter notre \u00e9quipe commerciale technique.<\/p>","protected":false},"excerpt":{"rendered":"<p>Le ATK-008G est une cabine de pulv\u00e9risation \u00e0 chauffage au gaz de 8 m con\u00e7ue pour les v\u00e9hicules commerciaux et les ateliers de r\u00e9paration de haut niveau. Dot\u00e9 d\u2019un syst\u00e8me de chauffage au gaz efficace de 15KW pour une exploitation \u00e9conomique. Cette solution compl\u00e8te inclut un compresseur d\u2019air professionnel de 7,5KW, r\u00e9pondant aux exigences exigeantes des travaux de carrosserie et de peinture de grands v\u00e9hicules.<\/p>","protected":false},"featured_media":3191,"comment_status":"open","ping_status":"closed","template":"","meta":[],"product_brand":[76],"product_cat":[60,59],"product_tag":[75,74,79,73,63,72,66,69,68],"class_list":{"0":"post-3219","1":"product","2":"type-product","3":"status-publish","4":"has-post-thumbnail","6":"product_brand-autoke","7":"product_cat-car-spray-booth","8":"product_cat-spray-booth","9":"product_tag-8m-diesel-car-paint-booth","10":"product_tag-8m-electric-car-paint-booth","11":"product_tag-automotive-spray-booth","12":"product_tag-automotive-spray-booth-manufacturer","13":"product_tag-car-spray-booth","14":"product_tag-car-spray-booth-factory","15":"product_tag-car-spray-booth-manufacturer","16":"product_tag-ce-car-spray-booth","17":"product_tag-customized-car-spray-booth","19":"first","20":"instock","21":"shipping-taxable","22":"product-type-simple"},"yoast_head":"<!-- This site is optimized with the Yoast SEO plugin v27.4 - https:\/\/yoast.com\/product\/yoast-seo-wordpress\/ -->\n<title>ATK-008G Industrial 8m Gas Heating Spray Booth | Cost-Effective Operation | With Professional Air Compressor | Ideal for Commercial Vehicle Repair - Autoke-China Paint Booth Manufacturer<\/title>\n<meta name=\"robots\" content=\"index, follow, max-snippet:-1, max-image-preview:large, max-video-preview:-1\" \/>\n<link rel=\"canonical\" href=\"https:\/\/sprayboothmanufacturer.com\/fr\/product\/industrial-8m-gas-heating-spray-booth\/\" \/>\n<meta property=\"og:locale\" content=\"fr_FR\" \/>\n<meta property=\"og:type\" content=\"article\" \/>\n<meta property=\"og:title\" content=\"ATK-008G Industrial 8m Gas Heating Spray Booth | Cost-Effective Operation | With Professional Air Compressor | Ideal for Commercial Vehicle Repair - Autoke-China Paint Booth Manufacturer\" \/>\n<meta property=\"og:description\" content=\"The ATK-008G is an 8m gas heating spray booth designed for commercial vehicles and high-standard repair shops. Featuring a 15KW efficient gas heating system for economical operation. This complete solution includes a 7.5KW professional air compressor, meeting the demanding requirements of large vehicle body and paint work.\" \/>\n<meta property=\"og:url\" content=\"https:\/\/sprayboothmanufacturer.com\/fr\/product\/industrial-8m-gas-heating-spray-booth\/\" \/>\n<meta property=\"og:site_name\" content=\"Autoke-China Paint Booth Manufacturer\" \/>\n<meta property=\"og:image\" content=\"https:\/\/sprayboothmanufacturer.com\/wp-content\/uploads\/2026\/02\/23.png\" \/>\n\t<meta property=\"og:image:width\" content=\"800\" \/>\n\t<meta property=\"og:image:height\" content=\"800\" \/>\n\t<meta property=\"og:image:type\" content=\"image\/png\" \/>\n<meta name=\"twitter:card\" content=\"summary_large_image\" \/>\n<meta name=\"twitter:label1\" content=\"Dur\u00e9e de lecture estim\u00e9e\" \/>\n\t<meta name=\"twitter:data1\" content=\"3 minutes\" \/>\n<script type=\"application\/ld+json\" class=\"yoast-schema-graph\">{\"@context\":\"https:\\\/\\\/schema.org\",\"@graph\":[{\"@type\":\"WebPage\",\"@id\":\"https:\\\/\\\/sprayboothmanufacturer.com\\\/product\\\/industrial-8m-gas-heating-spray-booth\\\/\",\"url\":\"https:\\\/\\\/sprayboothmanufacturer.com\\\/product\\\/industrial-8m-gas-heating-spray-booth\\\/\",\"name\":\"ATK-008G Industrial 8m Gas Heating Spray Booth | Cost-Effective Operation | With Professional Air Compressor | Ideal for Commercial Vehicle Repair - Autoke-China Paint Booth Manufacturer\",\"isPartOf\":{\"@id\":\"https:\\\/\\\/sprayboothmanufacturer.com\\\/#website\"},\"primaryImageOfPage\":{\"@id\":\"https:\\\/\\\/sprayboothmanufacturer.com\\\/product\\\/industrial-8m-gas-heating-spray-booth\\\/#primaryimage\"},\"image\":{\"@id\":\"https:\\\/\\\/sprayboothmanufacturer.com\\\/product\\\/industrial-8m-gas-heating-spray-booth\\\/#primaryimage\"},\"thumbnailUrl\":\"https:\\\/\\\/sprayboothmanufacturer.com\\\/wp-content\\\/uploads\\\/2026\\\/02\\\/23.png\",\"datePublished\":\"2026-02-04T07:50:54+00:00\",\"breadcrumb\":{\"@id\":\"https:\\\/\\\/sprayboothmanufacturer.com\\\/product\\\/industrial-8m-gas-heating-spray-booth\\\/#breadcrumb\"},\"inLanguage\":\"fr-FR\",\"potentialAction\":[{\"@type\":\"ReadAction\",\"target\":[\"https:\\\/\\\/sprayboothmanufacturer.com\\\/product\\\/industrial-8m-gas-heating-spray-booth\\\/\"]}]},{\"@type\":\"ImageObject\",\"inLanguage\":\"fr-FR\",\"@id\":\"https:\\\/\\\/sprayboothmanufacturer.com\\\/product\\\/industrial-8m-gas-heating-spray-booth\\\/#primaryimage\",\"url\":\"https:\\\/\\\/sprayboothmanufacturer.com\\\/wp-content\\\/uploads\\\/2026\\\/02\\\/23.png\",\"contentUrl\":\"https:\\\/\\\/sprayboothmanufacturer.com\\\/wp-content\\\/uploads\\\/2026\\\/02\\\/23.png\",\"width\":800,\"height\":800,\"caption\":\"High Performance Automotive Paint Booth Airflow and Features\"},{\"@type\":\"BreadcrumbList\",\"@id\":\"https:\\\/\\\/sprayboothmanufacturer.com\\\/product\\\/industrial-8m-gas-heating-spray-booth\\\/#breadcrumb\",\"itemListElement\":[{\"@type\":\"ListItem\",\"position\":1,\"name\":\"Home\",\"item\":\"https:\\\/\\\/sprayboothmanufacturer.com\\\/\"},{\"@type\":\"ListItem\",\"position\":2,\"name\":\"\u4ea7\u54c1\",\"item\":\"https:\\\/\\\/sprayboothmanufacturer.com\\\/shop__trashed\\\/\"},{\"@type\":\"ListItem\",\"position\":3,\"name\":\"ATK-008G Industrial 8m Gas Heating Spray Booth | Cost-Effective Operation | With Professional Air Compressor | Ideal for Commercial Vehicle Repair\"}]},{\"@type\":\"WebSite\",\"@id\":\"https:\\\/\\\/sprayboothmanufacturer.com\\\/#website\",\"url\":\"https:\\\/\\\/sprayboothmanufacturer.com\\\/\",\"name\":\"Autoke-China Paint Booth Manufacturer\",\"description\":\"\",\"publisher\":{\"@id\":\"https:\\\/\\\/sprayboothmanufacturer.com\\\/#organization\"},\"potentialAction\":[{\"@type\":\"SearchAction\",\"target\":{\"@type\":\"EntryPoint\",\"urlTemplate\":\"https:\\\/\\\/sprayboothmanufacturer.com\\\/?s={search_term_string}\"},\"query-input\":{\"@type\":\"PropertyValueSpecification\",\"valueRequired\":true,\"valueName\":\"search_term_string\"}}],\"inLanguage\":\"fr-FR\"},{\"@type\":\"Organization\",\"@id\":\"https:\\\/\\\/sprayboothmanufacturer.com\\\/#organization\",\"name\":\"Autoke-China Paint Booth Manufacturer\",\"url\":\"https:\\\/\\\/sprayboothmanufacturer.com\\\/\",\"logo\":{\"@type\":\"ImageObject\",\"inLanguage\":\"fr-FR\",\"@id\":\"https:\\\/\\\/sprayboothmanufacturer.com\\\/#\\\/schema\\\/logo\\\/image\\\/\",\"url\":\"https:\\\/\\\/sprayboothmanufacturer.com\\\/wp-content\\\/uploads\\\/2025\\\/12\\\/\u5fae\u4fe1\u56fe\u7247_20260113195103_1750_4-scaled-e1768394147958.png\",\"contentUrl\":\"https:\\\/\\\/sprayboothmanufacturer.com\\\/wp-content\\\/uploads\\\/2025\\\/12\\\/\u5fae\u4fe1\u56fe\u7247_20260113195103_1750_4-scaled-e1768394147958.png\",\"width\":1740,\"height\":538,\"caption\":\"Autoke-China Paint Booth Manufacturer\"},\"image\":{\"@id\":\"https:\\\/\\\/sprayboothmanufacturer.com\\\/#\\\/schema\\\/logo\\\/image\\\/\"}}]}<\/script>\n<!-- \/ Yoast SEO plugin. -->","yoast_head_json":{"title":"Cabine de pulv\u00e9risation \u00e0 chauffage au gaz industriel de 8m ATK-008G | Fonctionnement \u00e9conomique | Avec compresseur d'air professionnel | Id\u00e9al pour la r\u00e9paration de v\u00e9hicules commerciaux - Fabricant de cabines de peinture Autoke-France","robots":{"index":"index","follow":"follow","max-snippet":"max-snippet:-1","max-image-preview":"max-image-preview:large","max-video-preview":"max-video-preview:-1"},"canonical":"https:\/\/sprayboothmanufacturer.com\/fr\/product\/industrial-8m-gas-heating-spray-booth\/","og_locale":"fr_FR","og_type":"article","og_title":"ATK-008G Industrial 8m Gas Heating Spray Booth | Cost-Effective Operation | With Professional Air Compressor | Ideal for Commercial Vehicle Repair - Autoke-China Paint Booth Manufacturer","og_description":"The ATK-008G is an 8m gas heating spray booth designed for commercial vehicles and high-standard repair shops. Featuring a 15KW efficient gas heating system for economical operation. This complete solution includes a 7.5KW professional air compressor, meeting the demanding requirements of large vehicle body and paint work.","og_url":"https:\/\/sprayboothmanufacturer.com\/fr\/product\/industrial-8m-gas-heating-spray-booth\/","og_site_name":"Autoke-China Paint Booth Manufacturer","og_image":[{"width":800,"height":800,"url":"https:\/\/sprayboothmanufacturer.com\/wp-content\/uploads\/2026\/02\/23.png","type":"image\/png"}],"twitter_card":"summary_large_image","twitter_misc":{"Dur\u00e9e de lecture estim\u00e9e":"3 minutes"},"schema":{"@context":"https:\/\/schema.org","@graph":[{"@type":"WebPage","@id":"https:\/\/sprayboothmanufacturer.com\/product\/industrial-8m-gas-heating-spray-booth\/","url":"https:\/\/sprayboothmanufacturer.com\/product\/industrial-8m-gas-heating-spray-booth\/","name":"Cabine de pulv\u00e9risation \u00e0 chauffage au gaz industriel de 8m ATK-008G | Fonctionnement \u00e9conomique | Avec compresseur d'air professionnel | Id\u00e9al pour la r\u00e9paration de v\u00e9hicules commerciaux - Fabricant de cabines de peinture Autoke-France","isPartOf":{"@id":"https:\/\/sprayboothmanufacturer.com\/#website"},"primaryImageOfPage":{"@id":"https:\/\/sprayboothmanufacturer.com\/product\/industrial-8m-gas-heating-spray-booth\/#primaryimage"},"image":{"@id":"https:\/\/sprayboothmanufacturer.com\/product\/industrial-8m-gas-heating-spray-booth\/#primaryimage"},"thumbnailUrl":"https:\/\/sprayboothmanufacturer.com\/wp-content\/uploads\/2026\/02\/23.png","datePublished":"2026-02-04T07:50:54+00:00","breadcrumb":{"@id":"https:\/\/sprayboothmanufacturer.com\/product\/industrial-8m-gas-heating-spray-booth\/#breadcrumb"},"inLanguage":"fr-FR","potentialAction":[{"@type":"ReadAction","target":["https:\/\/sprayboothmanufacturer.com\/product\/industrial-8m-gas-heating-spray-booth\/"]}]},{"@type":"ImageObject","inLanguage":"fr-FR","@id":"https:\/\/sprayboothmanufacturer.com\/product\/industrial-8m-gas-heating-spray-booth\/#primaryimage","url":"https:\/\/sprayboothmanufacturer.com\/wp-content\/uploads\/2026\/02\/23.png","contentUrl":"https:\/\/sprayboothmanufacturer.com\/wp-content\/uploads\/2026\/02\/23.png","width":800,"height":800,"caption":"High Performance Automotive Paint Booth Airflow and Features"},{"@type":"BreadcrumbList","@id":"https:\/\/sprayboothmanufacturer.com\/product\/industrial-8m-gas-heating-spray-booth\/#breadcrumb","itemListElement":[{"@type":"ListItem","position":1,"name":"Home","item":"https:\/\/sprayboothmanufacturer.com\/"},{"@type":"ListItem","position":2,"name":"\u4ea7\u54c1","item":"https:\/\/sprayboothmanufacturer.com\/shop__trashed\/"},{"@type":"ListItem","position":3,"name":"ATK-008G Industrial 8m Gas Heating Spray Booth | Cost-Effective Operation | With Professional Air Compressor | Ideal for Commercial Vehicle Repair"}]},{"@type":"WebSite","@id":"https:\/\/sprayboothmanufacturer.com\/#website","url":"https:\/\/sprayboothmanufacturer.com\/","name":"Fabricant de cabines de peinture Autoke-Chine","description":"","publisher":{"@id":"https:\/\/sprayboothmanufacturer.com\/#organization"},"potentialAction":[{"@type":"SearchAction","target":{"@type":"EntryPoint","urlTemplate":"https:\/\/sprayboothmanufacturer.com\/?s={search_term_string}"},"query-input":{"@type":"PropertyValueSpecification","valueRequired":true,"valueName":"search_term_string"}}],"inLanguage":"fr-FR"},{"@type":"Organization","@id":"https:\/\/sprayboothmanufacturer.com\/#organization","name":"Fabricant de cabines de peinture Autoke-Chine","url":"https:\/\/sprayboothmanufacturer.com\/","logo":{"@type":"ImageObject","inLanguage":"fr-FR","@id":"https:\/\/sprayboothmanufacturer.com\/#\/schema\/logo\/image\/","url":"https:\/\/sprayboothmanufacturer.com\/wp-content\/uploads\/2025\/12\/\u5fae\u4fe1\u56fe\u7247_20260113195103_1750_4-scaled-e1768394147958.png","contentUrl":"https:\/\/sprayboothmanufacturer.com\/wp-content\/uploads\/2025\/12\/\u5fae\u4fe1\u56fe\u7247_20260113195103_1750_4-scaled-e1768394147958.png","width":1740,"height":538,"caption":"Autoke-China Paint Booth Manufacturer"},"image":{"@id":"https:\/\/sprayboothmanufacturer.com\/#\/schema\/logo\/image\/"}}]}},"_links":{"self":[{"href":"https:\/\/sprayboothmanufacturer.com\/fr\/wp-json\/wp\/v2\/product\/3219","targetHints":{"allow":["GET"]}}],"collection":[{"href":"https:\/\/sprayboothmanufacturer.com\/fr\/wp-json\/wp\/v2\/product"}],"about":[{"href":"https:\/\/sprayboothmanufacturer.com\/fr\/wp-json\/wp\/v2\/types\/product"}],"replies":[{"embeddable":true,"href":"https:\/\/sprayboothmanufacturer.com\/fr\/wp-json\/wp\/v2\/comments?post=3219"}],"version-history":[{"count":1,"href":"https:\/\/sprayboothmanufacturer.com\/fr\/wp-json\/wp\/v2\/product\/3219\/revisions"}],"predecessor-version":[{"id":3220,"href":"https:\/\/sprayboothmanufacturer.com\/fr\/wp-json\/wp\/v2\/product\/3219\/revisions\/3220"}],"wp:featuredmedia":[{"embeddable":true,"href":"https:\/\/sprayboothmanufacturer.com\/fr\/wp-json\/wp\/v2\/media\/3191"}],"wp:attachment":[{"href":"https:\/\/sprayboothmanufacturer.com\/fr\/wp-json\/wp\/v2\/media?parent=3219"}],"wp:term":[{"taxonomy":"product_brand","embeddable":true,"href":"https:\/\/sprayboothmanufacturer.com\/fr\/wp-json\/wp\/v2\/product_brand?post=3219"},{"taxonomy":"product_cat","embeddable":true,"href":"https:\/\/sprayboothmanufacturer.com\/fr\/wp-json\/wp\/v2\/product_cat?post=3219"},{"taxonomy":"product_tag","embeddable":true,"href":"https:\/\/sprayboothmanufacturer.com\/fr\/wp-json\/wp\/v2\/product_tag?post=3219"}],"curies":[{"name":"wp","href":"https:\/\/api.w.org\/{rel}","templated":true}]}}