{"id":3217,"date":"2026-02-04T02:35:34","date_gmt":"2026-02-04T02:35:34","guid":{"rendered":"https:\/\/sprayboothmanufacturer.com\/?post_type=product&#038;p=3217"},"modified":"2026-02-04T02:58:45","modified_gmt":"2026-02-04T02:58:45","slug":"professional-7m-electric-spray-workshop-complete-solution","status":"publish","type":"product","link":"https:\/\/sprayboothmanufacturer.com\/fr\/product\/professional-7m-electric-spray-workshop-complete-solution\/","title":{"rendered":"ATK-007C-E Solution compl\u00e8te pour atelier de pulv\u00e9risation \u00e9lectrique professionnel de 7m | Inclut une salle de pr\u00e9paration et une salle de m\u00e9lange | Conception de flux de travail int\u00e9gr\u00e9e"},"content":{"rendered":"<table style=\"height: 148px;\" width=\"795\">\n<tbody>\n<tr>\n<td width=\"142\"><strong><b>Quantit\u00e9 minimale de commande :<\/b><\/strong><\/td>\n<td width=\"142\">1 pi\u00e8ce<\/td>\n<td width=\"142\"><strong><b>Prix :<\/b><\/strong><\/td>\n<td width=\"142\">\u00c0 n\u00e9gocier<\/td>\n<\/tr>\n<tr>\n<td width=\"142\"><strong><b>D\u00e9tails de l'emballage :<\/b><\/strong><\/td>\n<td width=\"142\">40GP ou 20GP\/unit\u00e9<\/td>\n<td width=\"142\"><strong><b>D\u00e9lai de livraison :<\/b><\/strong><\/td>\n<td width=\"142\">15 jours \u00e0 n\u00e9gocier<\/td>\n<\/tr>\n<tr>\n<td width=\"142\"><strong><b>Conditions de paiement :<\/b><\/strong><\/td>\n<td width=\"142\">L\/C, T\/T<\/td>\n<td width=\"142\"><strong><b>Capacit\u00e9 d'approvisionnement :<\/b><\/strong><\/td>\n<td width=\"142\">50 unit\u00e9(s) par mois, cabine de pulv\u00e9risation industrielle, cabine de pulv\u00e9risation bus<\/td>\n<\/tr>\n<tr>\n<td width=\"142\"><strong><b>Lieu d'origine :<\/b><\/strong><\/td>\n<td width=\"142\">Jiangsu, Chine<\/td>\n<td width=\"142\"><strong><b>Nom de la marque :<\/b><\/strong><\/td>\n<td width=\"142\">Autoke<\/td>\n<\/tr>\n<tr>\n<td width=\"142\"><strong><b>Certification :<\/b><\/strong><\/td>\n<td width=\"142\">CE<\/td>\n<td width=\"142\"><strong><b>Num\u00e9ro de mod\u00e8le :<\/b><\/strong><\/td>\n<td width=\"142\">ATK-007C-E<\/td>\n<\/tr>\n<\/tbody>\n<\/table>\n<p class=\"ds-markdown-paragraph\"><strong>ATK-007C-E | Solution compl\u00e8te pour atelier de pulv\u00e9risation \u00e9lectrique de 7 m : Conception modulaire, flux de travail rationalis\u00e9<\/strong><\/p>\n<p class=\"ds-markdown-paragraph\">Le syst\u00e8me ATK-007C-E est une solution d\u2019atelier de pulv\u00e9risation int\u00e9gr\u00e9e con\u00e7ue pour les petits \u00e0 moyens ateliers de r\u00e9paration automobile, centres de carrosserie et clients en rev\u00eatement industriel qui recherchent des flux de travail efficaces et professionnels. Il s\u00e9pare scientifiquement la zone de pulv\u00e9risation principale, la zone de pr\u00e9traitement et la zone de pr\u00e9paration des mat\u00e9riaux, int\u00e9grant toutes les fonctions essentielles d\u2019un atelier de rev\u00eatement professionnel dans une empreinte compacte.<\/p>\n<p class=\"ds-markdown-paragraph\"><strong>Composants principaux &amp; avantages :<\/strong><\/p>\n<ol start=\"1\">\n<li>\n<p class=\"ds-markdown-paragraph\"><strong>Cabine de pulv\u00e9risation principale de 7 m (\u00e9lectrique standard)<\/strong><\/p>\n<ul>\n<li>\n<p class=\"ds-markdown-paragraph\"><strong>Chauffage efficace<\/strong>: 10 lampes halog\u00e8nes infrarouges de cuisson (total 30KW) chauffent la cabine \u00e0 40\u00b0C en 5-8 minutes (max 80\u00b0C) pour une cuisson rapide et uniforme de la peinture.<\/p>\n<\/li>\n<li>\n<p class=\"ds-markdown-paragraph\"><strong>Environnement propre<\/strong>: 2\u00d74KW de ventilateurs d\u2019alimentation (30 000 m\u00b3\/h) + 1\u00d75,5KW de ventilateur d\u2019\u00e9chappement (19 000 m\u00b3\/h) combin\u00e9s \u00e0 un syst\u00e8me de filtration en 3 \u00e9tapes (primaire, plafond 98%, sol) garantissent un environnement de pulv\u00e9risation sans poussi\u00e8re.<\/p>\n<\/li>\n<li>\n<p class=\"ds-markdown-paragraph\"><strong>Structure robuste<\/strong>: Murs en acier color\u00e9 r\u00e9sistant au feu \u00e0 double couche avec laine de roche, sous-sol en acier galvanis\u00e9 avec jambes auxiliaires supportant plus de 5 tonnes.<\/p>\n<\/li>\n<\/ul>\n<\/li>\n<li>\n<p class=\"ds-markdown-paragraph\"><strong>Salle de pr\u00e9paration ind\u00e9pendante (zone de pon\u00e7age \u00e0 sec)<\/strong><\/p>\n<ul>\n<li>\n<p class=\"ds-markdown-paragraph\"><strong>Contr\u00f4le de la poussi\u00e8re<\/strong>: Bo\u00eete \u00e0 filtre d\u2019extraction de poussi\u00e8re de pon\u00e7age \u00e0 sec int\u00e9gr\u00e9e (3000\u00d71000\u00d72000mm) avec un ventilateur d\u2019\u00e9chappement d\u00e9di\u00e9 de 7,5KW qui capture efficacement la poussi\u00e8re de pon\u00e7age, prot\u00e9geant la propret\u00e9 de la cabine principale et la sant\u00e9 des travailleurs.<\/p>\n<\/li>\n<li>\n<p class=\"ds-markdown-paragraph\"><strong>Op\u00e9ration isol\u00e9e<\/strong>: Enti\u00e8rement isol\u00e9e de la zone de peinture pour \u00e9viter la contamination par la poussi\u00e8re de la peinture humide ou l\u2019environnement de pulv\u00e9risation propre.<\/p>\n<\/li>\n<\/ul>\n<\/li>\n<li>\n<p class=\"ds-markdown-paragraph\"><strong>Salle de m\u00e9lange de peinture professionnelle<\/strong><\/p>\n<ul>\n<li>\n<p class=\"ds-markdown-paragraph\"><strong>Correspondance pr\u00e9cise des couleurs<\/strong>: Un espace ferm\u00e9 avec un cabinet de m\u00e9lange professionnel garantit une formulation pr\u00e9cise de la peinture et emp\u00eache la diffusion de vapeurs de solvants.<\/p>\n<\/li>\n<li>\n<p class=\"ds-markdown-paragraph\"><strong>Optimisation des processus<\/strong>: Isoler et pr\u00e9positionner l'\u00e9tape de pr\u00e9paration de la couleur, r\u00e9duisant le temps de non-aspiration \u00e0 l'int\u00e9rieur de la cabine principale et augmentant le chiffre d'affaires.<\/p>\n<\/li>\n<\/ul>\n<\/li>\n<\/ol>\n<p class=\"ds-markdown-paragraph\"><strong>Valeur fondamentale de la conception int\u00e9gr\u00e9e :<\/strong><\/p>\n<ul>\n<li>\n<p class=\"ds-markdown-paragraph\"><strong>Flux de travail rationalis\u00e9, efficacit\u00e9 accrue<\/strong>: Trois zones ind\u00e9pendantes permettent une ligne de pr\u00e9paration-m\u00e9lange-aspiration, r\u00e9duisant consid\u00e9rablement le temps d'attente et de d\u00e9placement des v\u00e9hicules.<\/p>\n<\/li>\n<li>\n<p class=\"ds-markdown-paragraph\"><strong>Conformit\u00e9 environnementale &amp; Sant\u00e9<\/strong>: La collecte et le traitement s\u00e9par\u00e9s des poussi\u00e8res et COV am\u00e9liorent les conditions g\u00e9n\u00e9rales de l'atelier et facilitent la conformit\u00e9.<\/p>\n<\/li>\n<li>\n<p class=\"ds-markdown-paragraph\"><strong>Gain d'espace &amp; Rentabilit\u00e9<\/strong>: Plus compact que trois unit\u00e9s s\u00e9par\u00e9es, avec une installation plus facile et un co\u00fbt total de possession potentiellement inf\u00e9rieur.<\/p>\n<\/li>\n<li>\n<p class=\"ds-markdown-paragraph\"><strong>Options flexibles<\/strong>: La cabine principale disponible avec chauffage au diesel (mod\u00e8le ATK-007C-D) pour s'adapter aux co\u00fbts \u00e9nerg\u00e9tiques et \u00e0 la disponibilit\u00e9 r\u00e9gionales.<\/p>\n<\/li>\n<\/ul>\n<p class=\"ds-markdown-paragraph\"><strong>Aper\u00e7u des sp\u00e9cifications standard :<\/strong><\/p>\n<ul>\n<li>\n<p class=\"ds-markdown-paragraph\"><strong>Mod\u00e8le<\/strong>: ATK-007C-E<\/p>\n<\/li>\n<li>\n<p class=\"ds-markdown-paragraph\"><strong>Int\u00e9rieur de la cabine principale<\/strong>: 6900\u00d73900\u00d72650mm<\/p>\n<\/li>\n<li>\n<p class=\"ds-markdown-paragraph\"><strong>Int\u00e9rieur de la salle de pr\u00e9paration<\/strong>: 6900\u00d73900\u00d72650mm<\/p>\n<\/li>\n<li>\n<p class=\"ds-markdown-paragraph\"><strong>Int\u00e9rieur de la salle de m\u00e9lange<\/strong>: 2900\u00d73900\u00d73000mm<\/p>\n<\/li>\n<li>\n<p class=\"ds-markdown-paragraph\"><strong>Chauffage de la cabine principale<\/strong>: \u00c9lectrique (220V\/380V, 50Hz)<\/p>\n<\/li>\n<li>\n<p class=\"ds-markdown-paragraph\"><strong>Puissance totale de la cabine principale<\/strong>: 38 KW<\/p>\n<\/li>\n<\/ul>\n<p class=\"ds-markdown-paragraph\"><strong>Id\u00e9al Pour :<\/strong><br \/>\nAteliers de r\u00e9paration automobile de taille moyenne, centres sp\u00e9cialis\u00e9s en carrosserie et peinture, installations d'entretien de flottes, petites lignes de rev\u00eatement d'\u00e9quipements industriels, et tout utilisateur souhaitant passer \u00e0 un processus de peinture professionnel et standardis\u00e9 avec un investissement raisonnable.<\/p>\n<p class=\"ds-markdown-paragraph\">L'ATK-007C-E est bien plus qu'un \u00e9quipement\u2014c'est une red\u00e9finition du flux de travail de la peinture professionnelle. Contactez notre \u00e9quipe technique pour une planification d\u00e9taill\u00e9e de la disposition, une comparaison des options de chauffage ou une proposition personnalis\u00e9e.<\/p>","protected":false},"excerpt":{"rendered":"<p>Le syst\u00e8me de cabine de pulv\u00e9risation efficace ATK-007C-E de 7 m int\u00e8gre une cabine principale, une salle de pr\u00e9paration pour le pon\u00e7age \u00e0 sec d\u00e9di\u00e9e et une salle de m\u00e9lange de peinture professionnelle. Dot\u00e9 d\u2019un chauffage \u00e9lectrique de 30KW et d\u2019un syst\u00e8me de filtration triple \u00e9tape, il s\u00e9pare les processus de peinture, de pon\u00e7age et de m\u00e9lange de couleurs, con\u00e7u pour am\u00e9liorer l\u2019efficacit\u00e9 du flux de travail et la qualit\u00e9 de finition pour les ateliers de r\u00e9paration automobile et les centres de carrosserie.<\/p>","protected":false},"featured_media":3139,"comment_status":"open","ping_status":"closed","template":"","meta":[],"product_brand":[76],"product_cat":[60,59],"product_tag":[79,73,63,72,66,67,69,68],"class_list":{"0":"post-3217","1":"product","2":"type-product","3":"status-publish","4":"has-post-thumbnail","6":"product_brand-autoke","7":"product_cat-car-spray-booth","8":"product_cat-spray-booth","9":"product_tag-automotive-spray-booth","10":"product_tag-automotive-spray-booth-manufacturer","11":"product_tag-car-spray-booth","12":"product_tag-car-spray-booth-factory","13":"product_tag-car-spray-booth-manufacturer","14":"product_tag-car-spray-booth-manufacturing","15":"product_tag-ce-car-spray-booth","16":"product_tag-customized-car-spray-booth","18":"first","19":"instock","20":"shipping-taxable","21":"product-type-simple"},"yoast_head":"<!-- This site is optimized with the Yoast SEO plugin v27.4 - https:\/\/yoast.com\/product\/yoast-seo-wordpress\/ -->\n<title>ATK-007C-E Professional 7m Electric Spray Workshop Complete Solution | Includes Prep Room &amp; Mix Room | Integrated Workflow Design - Autoke-China Paint Booth Manufacturer<\/title>\n<meta name=\"robots\" content=\"index, follow, max-snippet:-1, max-image-preview:large, max-video-preview:-1\" \/>\n<link rel=\"canonical\" href=\"https:\/\/sprayboothmanufacturer.com\/fr\/product\/professional-7m-electric-spray-workshop-complete-solution\/\" \/>\n<meta property=\"og:locale\" content=\"fr_FR\" \/>\n<meta property=\"og:type\" content=\"article\" \/>\n<meta property=\"og:title\" content=\"ATK-007C-E Professional 7m Electric Spray Workshop Complete Solution | Includes Prep Room &amp; Mix Room | Integrated Workflow Design - Autoke-China Paint Booth Manufacturer\" \/>\n<meta property=\"og:description\" content=\"The ATK-007C-E is an efficient 7m spray workshop system integrating a main booth, a dedicated dry grinding preparation room, and a professional paint mixing room. Featuring 30KW electric heating and triple-stage filtration, it separates painting, sanding, and color mixing processes, designed to enhance workflow efficiency and finish quality for auto repair shops and body centers.\" \/>\n<meta property=\"og:url\" content=\"https:\/\/sprayboothmanufacturer.com\/fr\/product\/professional-7m-electric-spray-workshop-complete-solution\/\" \/>\n<meta property=\"og:site_name\" content=\"Autoke-China Paint Booth Manufacturer\" \/>\n<meta property=\"article:modified_time\" content=\"2026-02-04T02:58:45+00:00\" \/>\n<meta property=\"og:image\" content=\"https:\/\/sprayboothmanufacturer.com\/wp-content\/uploads\/2026\/01\/1.222.jpg\" \/>\n\t<meta property=\"og:image:width\" content=\"1280\" \/>\n\t<meta property=\"og:image:height\" content=\"1706\" \/>\n\t<meta property=\"og:image:type\" content=\"image\/jpeg\" \/>\n<meta name=\"twitter:card\" content=\"summary_large_image\" \/>\n<meta name=\"twitter:label1\" content=\"Dur\u00e9e de lecture estim\u00e9e\" \/>\n\t<meta name=\"twitter:data1\" content=\"3 minutes\" \/>\n<script type=\"application\/ld+json\" class=\"yoast-schema-graph\">{\"@context\":\"https:\\\/\\\/schema.org\",\"@graph\":[{\"@type\":\"WebPage\",\"@id\":\"https:\\\/\\\/sprayboothmanufacturer.com\\\/product\\\/professional-7m-electric-spray-workshop-complete-solution\\\/\",\"url\":\"https:\\\/\\\/sprayboothmanufacturer.com\\\/product\\\/professional-7m-electric-spray-workshop-complete-solution\\\/\",\"name\":\"ATK-007C-E Professional 7m Electric Spray Workshop Complete Solution | Includes Prep Room & Mix Room | Integrated Workflow Design - Autoke-China Paint Booth Manufacturer\",\"isPartOf\":{\"@id\":\"https:\\\/\\\/sprayboothmanufacturer.com\\\/#website\"},\"primaryImageOfPage\":{\"@id\":\"https:\\\/\\\/sprayboothmanufacturer.com\\\/product\\\/professional-7m-electric-spray-workshop-complete-solution\\\/#primaryimage\"},\"image\":{\"@id\":\"https:\\\/\\\/sprayboothmanufacturer.com\\\/product\\\/professional-7m-electric-spray-workshop-complete-solution\\\/#primaryimage\"},\"thumbnailUrl\":\"https:\\\/\\\/sprayboothmanufacturer.com\\\/wp-content\\\/uploads\\\/2026\\\/01\\\/1.222.jpg\",\"datePublished\":\"2026-02-04T02:35:34+00:00\",\"dateModified\":\"2026-02-04T02:58:45+00:00\",\"breadcrumb\":{\"@id\":\"https:\\\/\\\/sprayboothmanufacturer.com\\\/product\\\/professional-7m-electric-spray-workshop-complete-solution\\\/#breadcrumb\"},\"inLanguage\":\"fr-FR\",\"potentialAction\":[{\"@type\":\"ReadAction\",\"target\":[\"https:\\\/\\\/sprayboothmanufacturer.com\\\/product\\\/professional-7m-electric-spray-workshop-complete-solution\\\/\"]}]},{\"@type\":\"ImageObject\",\"inLanguage\":\"fr-FR\",\"@id\":\"https:\\\/\\\/sprayboothmanufacturer.com\\\/product\\\/professional-7m-electric-spray-workshop-complete-solution\\\/#primaryimage\",\"url\":\"https:\\\/\\\/sprayboothmanufacturer.com\\\/wp-content\\\/uploads\\\/2026\\\/01\\\/1.222.jpg\",\"contentUrl\":\"https:\\\/\\\/sprayboothmanufacturer.com\\\/wp-content\\\/uploads\\\/2026\\\/01\\\/1.222.jpg\",\"width\":1280,\"height\":1706},{\"@type\":\"BreadcrumbList\",\"@id\":\"https:\\\/\\\/sprayboothmanufacturer.com\\\/product\\\/professional-7m-electric-spray-workshop-complete-solution\\\/#breadcrumb\",\"itemListElement\":[{\"@type\":\"ListItem\",\"position\":1,\"name\":\"Home\",\"item\":\"https:\\\/\\\/sprayboothmanufacturer.com\\\/\"},{\"@type\":\"ListItem\",\"position\":2,\"name\":\"\u4ea7\u54c1\",\"item\":\"https:\\\/\\\/sprayboothmanufacturer.com\\\/shop__trashed\\\/\"},{\"@type\":\"ListItem\",\"position\":3,\"name\":\"ATK-007C-E Professional 7m Electric Spray Workshop Complete Solution | Includes Prep Room &#038; Mix Room | Integrated Workflow Design\"}]},{\"@type\":\"WebSite\",\"@id\":\"https:\\\/\\\/sprayboothmanufacturer.com\\\/#website\",\"url\":\"https:\\\/\\\/sprayboothmanufacturer.com\\\/\",\"name\":\"Autoke-China Paint Booth Manufacturer\",\"description\":\"\",\"publisher\":{\"@id\":\"https:\\\/\\\/sprayboothmanufacturer.com\\\/#organization\"},\"potentialAction\":[{\"@type\":\"SearchAction\",\"target\":{\"@type\":\"EntryPoint\",\"urlTemplate\":\"https:\\\/\\\/sprayboothmanufacturer.com\\\/?s={search_term_string}\"},\"query-input\":{\"@type\":\"PropertyValueSpecification\",\"valueRequired\":true,\"valueName\":\"search_term_string\"}}],\"inLanguage\":\"fr-FR\"},{\"@type\":\"Organization\",\"@id\":\"https:\\\/\\\/sprayboothmanufacturer.com\\\/#organization\",\"name\":\"Autoke-China Paint Booth Manufacturer\",\"url\":\"https:\\\/\\\/sprayboothmanufacturer.com\\\/\",\"logo\":{\"@type\":\"ImageObject\",\"inLanguage\":\"fr-FR\",\"@id\":\"https:\\\/\\\/sprayboothmanufacturer.com\\\/#\\\/schema\\\/logo\\\/image\\\/\",\"url\":\"https:\\\/\\\/sprayboothmanufacturer.com\\\/wp-content\\\/uploads\\\/2025\\\/12\\\/\u5fae\u4fe1\u56fe\u7247_20260113195103_1750_4-scaled-e1768394147958.png\",\"contentUrl\":\"https:\\\/\\\/sprayboothmanufacturer.com\\\/wp-content\\\/uploads\\\/2025\\\/12\\\/\u5fae\u4fe1\u56fe\u7247_20260113195103_1750_4-scaled-e1768394147958.png\",\"width\":1740,\"height\":538,\"caption\":\"Autoke-China Paint Booth Manufacturer\"},\"image\":{\"@id\":\"https:\\\/\\\/sprayboothmanufacturer.com\\\/#\\\/schema\\\/logo\\\/image\\\/\"}}]}<\/script>\n<!-- \/ Yoast SEO plugin. -->","yoast_head_json":{"title":"Solution compl\u00e8te pour l'atelier de pulv\u00e9risation \u00e9lectrique professionnel de 7 m ATK-007C-E | Inclut une salle de pr\u00e9paration et une salle de m\u00e9lange | Conception de flux de travail int\u00e9gr\u00e9 - Fabricant de cabines de peinture Autoke-France","robots":{"index":"index","follow":"follow","max-snippet":"max-snippet:-1","max-image-preview":"max-image-preview:large","max-video-preview":"max-video-preview:-1"},"canonical":"https:\/\/sprayboothmanufacturer.com\/fr\/product\/professional-7m-electric-spray-workshop-complete-solution\/","og_locale":"fr_FR","og_type":"article","og_title":"ATK-007C-E Professional 7m Electric Spray Workshop Complete Solution | Includes Prep Room & Mix Room | Integrated Workflow Design - Autoke-China Paint Booth Manufacturer","og_description":"The ATK-007C-E is an efficient 7m spray workshop system integrating a main booth, a dedicated dry grinding preparation room, and a professional paint mixing room. Featuring 30KW electric heating and triple-stage filtration, it separates painting, sanding, and color mixing processes, designed to enhance workflow efficiency and finish quality for auto repair shops and body centers.","og_url":"https:\/\/sprayboothmanufacturer.com\/fr\/product\/professional-7m-electric-spray-workshop-complete-solution\/","og_site_name":"Autoke-China Paint Booth Manufacturer","article_modified_time":"2026-02-04T02:58:45+00:00","og_image":[{"width":1280,"height":1706,"url":"https:\/\/sprayboothmanufacturer.com\/wp-content\/uploads\/2026\/01\/1.222.jpg","type":"image\/jpeg"}],"twitter_card":"summary_large_image","twitter_misc":{"Dur\u00e9e de lecture estim\u00e9e":"3 minutes"},"schema":{"@context":"https:\/\/schema.org","@graph":[{"@type":"WebPage","@id":"https:\/\/sprayboothmanufacturer.com\/product\/professional-7m-electric-spray-workshop-complete-solution\/","url":"https:\/\/sprayboothmanufacturer.com\/product\/professional-7m-electric-spray-workshop-complete-solution\/","name":"Solution compl\u00e8te pour l'atelier de pulv\u00e9risation \u00e9lectrique professionnel de 7 m ATK-007C-E | Inclut une salle de pr\u00e9paration et une salle de m\u00e9lange | Conception de flux de travail int\u00e9gr\u00e9 - Fabricant de cabines de peinture Autoke-France","isPartOf":{"@id":"https:\/\/sprayboothmanufacturer.com\/#website"},"primaryImageOfPage":{"@id":"https:\/\/sprayboothmanufacturer.com\/product\/professional-7m-electric-spray-workshop-complete-solution\/#primaryimage"},"image":{"@id":"https:\/\/sprayboothmanufacturer.com\/product\/professional-7m-electric-spray-workshop-complete-solution\/#primaryimage"},"thumbnailUrl":"https:\/\/sprayboothmanufacturer.com\/wp-content\/uploads\/2026\/01\/1.222.jpg","datePublished":"2026-02-04T02:35:34+00:00","dateModified":"2026-02-04T02:58:45+00:00","breadcrumb":{"@id":"https:\/\/sprayboothmanufacturer.com\/product\/professional-7m-electric-spray-workshop-complete-solution\/#breadcrumb"},"inLanguage":"fr-FR","potentialAction":[{"@type":"ReadAction","target":["https:\/\/sprayboothmanufacturer.com\/product\/professional-7m-electric-spray-workshop-complete-solution\/"]}]},{"@type":"ImageObject","inLanguage":"fr-FR","@id":"https:\/\/sprayboothmanufacturer.com\/product\/professional-7m-electric-spray-workshop-complete-solution\/#primaryimage","url":"https:\/\/sprayboothmanufacturer.com\/wp-content\/uploads\/2026\/01\/1.222.jpg","contentUrl":"https:\/\/sprayboothmanufacturer.com\/wp-content\/uploads\/2026\/01\/1.222.jpg","width":1280,"height":1706},{"@type":"BreadcrumbList","@id":"https:\/\/sprayboothmanufacturer.com\/product\/professional-7m-electric-spray-workshop-complete-solution\/#breadcrumb","itemListElement":[{"@type":"ListItem","position":1,"name":"Home","item":"https:\/\/sprayboothmanufacturer.com\/"},{"@type":"ListItem","position":2,"name":"\u4ea7\u54c1","item":"https:\/\/sprayboothmanufacturer.com\/shop__trashed\/"},{"@type":"ListItem","position":3,"name":"ATK-007C-E Professional 7m Electric Spray Workshop Complete Solution | Includes Prep Room &#038; Mix Room | Integrated Workflow Design"}]},{"@type":"WebSite","@id":"https:\/\/sprayboothmanufacturer.com\/#website","url":"https:\/\/sprayboothmanufacturer.com\/","name":"Fabricant de cabines de peinture Autoke-Chine","description":"","publisher":{"@id":"https:\/\/sprayboothmanufacturer.com\/#organization"},"potentialAction":[{"@type":"SearchAction","target":{"@type":"EntryPoint","urlTemplate":"https:\/\/sprayboothmanufacturer.com\/?s={search_term_string}"},"query-input":{"@type":"PropertyValueSpecification","valueRequired":true,"valueName":"search_term_string"}}],"inLanguage":"fr-FR"},{"@type":"Organization","@id":"https:\/\/sprayboothmanufacturer.com\/#organization","name":"Fabricant de cabines de peinture Autoke-Chine","url":"https:\/\/sprayboothmanufacturer.com\/","logo":{"@type":"ImageObject","inLanguage":"fr-FR","@id":"https:\/\/sprayboothmanufacturer.com\/#\/schema\/logo\/image\/","url":"https:\/\/sprayboothmanufacturer.com\/wp-content\/uploads\/2025\/12\/\u5fae\u4fe1\u56fe\u7247_20260113195103_1750_4-scaled-e1768394147958.png","contentUrl":"https:\/\/sprayboothmanufacturer.com\/wp-content\/uploads\/2025\/12\/\u5fae\u4fe1\u56fe\u7247_20260113195103_1750_4-scaled-e1768394147958.png","width":1740,"height":538,"caption":"Autoke-China Paint Booth Manufacturer"},"image":{"@id":"https:\/\/sprayboothmanufacturer.com\/#\/schema\/logo\/image\/"}}]}},"_links":{"self":[{"href":"https:\/\/sprayboothmanufacturer.com\/fr\/wp-json\/wp\/v2\/product\/3217","targetHints":{"allow":["GET"]}}],"collection":[{"href":"https:\/\/sprayboothmanufacturer.com\/fr\/wp-json\/wp\/v2\/product"}],"about":[{"href":"https:\/\/sprayboothmanufacturer.com\/fr\/wp-json\/wp\/v2\/types\/product"}],"replies":[{"embeddable":true,"href":"https:\/\/sprayboothmanufacturer.com\/fr\/wp-json\/wp\/v2\/comments?post=3217"}],"version-history":[{"count":1,"href":"https:\/\/sprayboothmanufacturer.com\/fr\/wp-json\/wp\/v2\/product\/3217\/revisions"}],"predecessor-version":[{"id":3218,"href":"https:\/\/sprayboothmanufacturer.com\/fr\/wp-json\/wp\/v2\/product\/3217\/revisions\/3218"}],"wp:featuredmedia":[{"embeddable":true,"href":"https:\/\/sprayboothmanufacturer.com\/fr\/wp-json\/wp\/v2\/media\/3139"}],"wp:attachment":[{"href":"https:\/\/sprayboothmanufacturer.com\/fr\/wp-json\/wp\/v2\/media?parent=3217"}],"wp:term":[{"taxonomy":"product_brand","embeddable":true,"href":"https:\/\/sprayboothmanufacturer.com\/fr\/wp-json\/wp\/v2\/product_brand?post=3217"},{"taxonomy":"product_cat","embeddable":true,"href":"https:\/\/sprayboothmanufacturer.com\/fr\/wp-json\/wp\/v2\/product_cat?post=3217"},{"taxonomy":"product_tag","embeddable":true,"href":"https:\/\/sprayboothmanufacturer.com\/fr\/wp-json\/wp\/v2\/product_tag?post=3217"}],"curies":[{"name":"wp","href":"https:\/\/api.w.org\/{rel}","templated":true}]}}