{"id":3215,"date":"2026-02-03T10:35:21","date_gmt":"2026-02-03T10:35:21","guid":{"rendered":"https:\/\/sprayboothmanufacturer.com\/?post_type=product&#038;p=3215"},"modified":"2026-02-03T10:56:44","modified_gmt":"2026-02-03T10:56:44","slug":"industrial-9m-large-diesel-gas-heating-spray-booth","status":"publish","type":"product","link":"https:\/\/sprayboothmanufacturer.com\/fr\/product\/industrial-9m-large-diesel-gas-heating-spray-booth\/","title":{"rendered":"Cabine de pulv\u00e9risation industrielle 9m ATK-009D | Grande cabine de chauffage Diesel\/Gaz 34000m\u00b3\/h de d\u00e9bit d'air \u00e9lev\u00e9 | Pour v\u00e9hicules commerciaux et rev\u00eatements industriels"},"content":{"rendered":"<table style=\"height: 145px;\" width=\"826\">\n<tbody>\n<tr>\n<td width=\"142\"><strong><b>Quantit\u00e9 minimale de commande :<\/b><\/strong><\/td>\n<td width=\"142\">1 pi\u00e8ce<\/td>\n<td width=\"142\"><strong><b>Prix :<\/b><\/strong><\/td>\n<td width=\"142\">\u00c0 n\u00e9gocier<\/td>\n<\/tr>\n<tr>\n<td width=\"142\"><strong><b>D\u00e9tails de l'emballage :<\/b><\/strong><\/td>\n<td width=\"142\">40GP ou 20GP\/unit\u00e9<\/td>\n<td width=\"142\"><strong><b>D\u00e9lai de livraison :<\/b><\/strong><\/td>\n<td width=\"142\">15 jours \u00e0 n\u00e9gocier<\/td>\n<\/tr>\n<tr>\n<td width=\"142\"><strong><b>Conditions de paiement :<\/b><\/strong><\/td>\n<td width=\"142\">L\/C, T\/T<\/td>\n<td width=\"142\"><strong><b>Capacit\u00e9 d'approvisionnement :<\/b><\/strong><\/td>\n<td width=\"142\">50 unit\u00e9(s) par mois, cabine de pulv\u00e9risation industrielle, cabine de pulv\u00e9risation bus<\/td>\n<\/tr>\n<tr>\n<td width=\"142\"><strong><b>Lieu d'origine :<\/b><\/strong><\/td>\n<td width=\"142\">Jiangsu, Chine<\/td>\n<td width=\"142\"><strong><b>Nom de la marque :<\/b><\/strong><\/td>\n<td width=\"142\">Autoke<\/td>\n<\/tr>\n<tr>\n<td width=\"142\"><strong><b>Certification :<\/b><\/strong><\/td>\n<td width=\"142\">CE<\/td>\n<td width=\"142\"><strong><b>Num\u00e9ro de mod\u00e8le :<\/b><\/strong><\/td>\n<td width=\"142\">ATK-009D<\/td>\n<\/tr>\n<\/tbody>\n<\/table>\n<p class=\"ds-markdown-paragraph\"><strong>ATK-009D | Cabine de pulv\u00e9risation \u00e0 chauffage diesel de 9 m : Un espace de travail puissant con\u00e7u pour les v\u00e9hicules commerciaux et la peinture industrielle lourde<\/strong><\/p>\n<p class=\"ds-markdown-paragraph\">L'ATK-009D est notre cabine de pulv\u00e9risation phare con\u00e7ue pour r\u00e9pondre aux exigences de peinture de pi\u00e8ces de grande taille et hors normes. Elle d\u00e9passe les limites spatiales avec une longueur int\u00e9rieure de 8,9 m et a \u00e9t\u00e9 enti\u00e8rement am\u00e9lior\u00e9e en puissance de ventilation et en r\u00e9sistance structurelle. Elle vise \u00e0 offrir un environnement de rev\u00eatement professionnel et \u00e0 haute efficacit\u00e9 pour les bus, camions de fret, v\u00e9hicules sp\u00e9ciaux et grands \u00e9quipements industriels.<\/p>\n<p class=\"ds-markdown-paragraph\"><strong>Avantages principaux &amp; Sp\u00e9cifications techniques :<\/strong><\/p>\n<ul>\n<li>\n<p class=\"ds-markdown-paragraph\"><strong>Espace de travail surdimensionn\u00e9 pour les besoins lourds<\/strong>:<\/p>\n<ul>\n<li>\n<p class=\"ds-markdown-paragraph\">Une dimension int\u00e9rieure nette de 8900\u00d73900\u00d72950mm offre amplement d'espace pour man\u0153uvrer et op\u00e9rer de grands v\u00e9hicules.<\/p>\n<\/li>\n<li>\n<p class=\"ds-markdown-paragraph\">Le sous-sol renforc\u00e9, assembl\u00e9 \u00e0 partir de t\u00f4les d'acier galvanis\u00e9 et de tubes carr\u00e9s, comprend quatre jambes auxiliaires suppl\u00e9mentaires, garantissant une capacit\u00e9 de charge d'au moins 5 tonnes pour une fiabilit\u00e9 solide.<\/p>\n<\/li>\n<\/ul>\n<\/li>\n<li>\n<p class=\"ds-markdown-paragraph\"><strong>Ventilation puissante pour un environnement sup\u00e9rieur<\/strong>:<\/p>\n<ul>\n<li>\n<p class=\"ds-markdown-paragraph\"><strong>C\u0153ur de puissance<\/strong>: \u00c9quip\u00e9 de 2 ventilateurs centrifuges \u00e0 double aspiration de 7,5KW haute puissance (d\u00e9bit d'air total : 34 000 m\u00b3\/h) et d'un ventilateur d'extraction centrifuge haute performance de 11KW (extraction totale : 30 000 m\u00b3\/h). Cela d\u00e9passe largement les mod\u00e8les standard, \u00e9liminant instantan\u00e9ment et fortement de grands volumes de surpulv\u00e9risation et de vapeurs de solvant.<\/p>\n<\/li>\n<li>\n<p class=\"ds-markdown-paragraph\"><strong>Disposition Flexible<\/strong>: La cabine ventil\u00e9e isol\u00e9e en laine de roche (1,1*2,2m) peut \u00eatre plac\u00e9e de mani\u00e8re flexible \u00e0 gauche, \u00e0 droite ou \u00e0 l'arri\u00e8re selon les conditions du site.<\/p>\n<\/li>\n<\/ul>\n<\/li>\n<li>\n<p class=\"ds-markdown-paragraph\"><strong>Chauffage diesel efficace pour diverses conditions<\/strong>:<\/p>\n<ul>\n<li>\n<p class=\"ds-markdown-paragraph\">\u00c9quip\u00e9 d'un br\u00fbleur diesel BAITO (option gaz disponible) pour un chauffage rapide, atteignant 40\u00b0C en 5-8 minutes avec une temp\u00e9rature maximale de cuisson de 80\u00b0C. Id\u00e9al pour les environnements \u00e0 forte humidit\u00e9 ou en saisons \u00e0 basse temp\u00e9rature, offrant des co\u00fbts d'exploitation \u00e9conomiques.<\/p>\n<\/li>\n<\/ul>\n<\/li>\n<li>\n<p class=\"ds-markdown-paragraph\"><strong>Structure et filtration exceptionnelles<\/strong>:<\/p>\n<ul>\n<li>\n<p class=\"ds-markdown-paragraph\"><strong>Murs robustes<\/strong>: Panneaux en acier color\u00e9 r\u00e9sistants au feu, double couche, d'une \u00e9paisseur de 75mm (densit\u00e9 : 100KG\/m\u00b3) offrant une excellente isolation thermique, insonorisation et r\u00e9sistance au feu.<\/p>\n<\/li>\n<li>\n<p class=\"ds-markdown-paragraph\"><strong>Capacit\u00e9 de charge sup\u00e9rieure<\/strong>: Utilise 4* tubes carr\u00e9s en acier de 8 sp\u00e9cifications comme poutre principale de support pour une stabilit\u00e9 structurelle.<\/p>\n<\/li>\n<li>\n<p class=\"ds-markdown-paragraph\"><strong>Filtration de Pr\u00e9cision en 3 \u00c9tapes<\/strong>: Filtre de plafond primaire (&gt;10\u03bcm), filtre de plafond haute efficacit\u00e9 (&gt;4\u03bcm, efficacit\u00e9 &gt;98%), et filtres de sol \u00e0 double couche (fibres de verre multicouches) garantissent une surface de peinture propre et sans poussi\u00e8re.<\/p>\n<\/li>\n<\/ul>\n<\/li>\n<li>\n<p class=\"ds-markdown-paragraph\"><strong>\u00c9clairage Complet &amp; Contr\u00f4le Intelligent<\/strong>:<\/p>\n<ul>\n<li>\n<p class=\"ds-markdown-paragraph\"><strong>\u00c9clairage Professionnel<\/strong>: 40 luminaires LED de plafond \u00e0 18W et angle de 45\u00b0 et 12 luminaires LED muraux de 48W offrent une illumination uniforme et sans ombres.<\/p>\n<\/li>\n<li>\n<p class=\"ds-markdown-paragraph\"><strong>Contr\u00f4le Intelligent<\/strong>: Panneau de contr\u00f4le int\u00e9gr\u00e9 avec fonctions pour l\u2019\u00e9clairage, le mode pulv\u00e9risation, le mode cuisson, la r\u00e9glage de la temp\u00e9rature\/temps, et l\u2019arr\u00eat d\u2019urgence pour une op\u00e9ration intuitive.<\/p>\n<\/li>\n<\/ul>\n<\/li>\n<\/ul>\n<p class=\"ds-markdown-paragraph\"><strong>Aper\u00e7u des sp\u00e9cifications standard :<\/strong><\/p>\n<ul>\n<li>\n<p class=\"ds-markdown-paragraph\"><strong>Mod\u00e8le<\/strong>: ATK-009D<\/p>\n<\/li>\n<li>\n<p class=\"ds-markdown-paragraph\"><strong>Dimensions Ext\u00e9rieures\/Int\u00e9rieures<\/strong>: 9000\u00d74000\u00d73500mm \/ 8900\u00d73900\u00d72950mm<\/p>\n<\/li>\n<li>\n<p class=\"ds-markdown-paragraph\"><strong>Type de chauffage<\/strong>: Chauffage Diesel\/Gaz<\/p>\n<\/li>\n<li>\n<p class=\"ds-markdown-paragraph\"><strong>Puissance de ventilation<\/strong>: Alimentation 2\u00d77,5KW + Extraction 1\u00d711KW<\/p>\n<\/li>\n<li>\n<p class=\"ds-markdown-paragraph\"><strong>Emballage &amp; Exp\u00e9dition<\/strong>: Environ 19 CBM, 3500kg, recommand\u00e9 pour l\u2019exp\u00e9dition d\u2019une seule unit\u00e9 dans un conteneur 20GP.<\/p>\n<\/li>\n<\/ul>\n<p class=\"ds-markdown-paragraph\"><strong>Applications Cibles :<\/strong><br \/>\nCentres de maintenance pour transports publics (bus, autocars), ateliers de carrosserie pour flottes logistiques (camions lourds, remorques), usines de fabrication et de r\u00e9novation pour machines de construction (pelles, chargeuses), fabricants d\u2019\u00e9quipements agricoles, et op\u00e9rations de rev\u00eatement pour composants de navires et grands bo\u00eetiers d\u2019\u00e9quipements industriels.<\/p>\n<p class=\"ds-markdown-paragraph\">L\u2019ATK-009D repr\u00e9sente notre compr\u00e9hension approfondie et notre expertise technique dans les applications de peinture \u00e0 grande \u00e9chelle. Pour des options de configuration plus d\u00e9taill\u00e9es, la planification de l\u2019installation, ou pour obtenir une proposition personnalis\u00e9e et un devis pour votre projet sp\u00e9cifique, veuillez contacter nos consultants techniques professionnels.<\/p>","protected":false},"excerpt":{"rendered":"<p>L'ATK-009D est con\u00e7u pour la peinture de grands v\u00e9hicules et pi\u00e8ces de travail. Avec son int\u00e9rieur spacieux de 9 m, son syst\u00e8me de ventilation puissant (d\u00e9bit d'air total de 34 000 m\u00b3\/h) et son chauffage diesel efficace, il garantit un chauffage rapide et une \u00e9limination efficace de la surpulv\u00e9risation. C'est la solution id\u00e9ale pour la peinture de bus, camions et \u00e9quipements industriels de grande taille.<\/p>","protected":false},"featured_media":3196,"comment_status":"open","ping_status":"closed","template":"","meta":[],"product_brand":[76],"product_cat":[60,59],"product_tag":[79,73,63,72,68,65,64,70],"class_list":{"0":"post-3215","1":"product","2":"type-product","3":"status-publish","4":"has-post-thumbnail","6":"product_brand-autoke","7":"product_cat-car-spray-booth","8":"product_cat-spray-booth","9":"product_tag-automotive-spray-booth","10":"product_tag-automotive-spray-booth-manufacturer","11":"product_tag-car-spray-booth","12":"product_tag-car-spray-booth-factory","13":"product_tag-customized-car-spray-booth","14":"product_tag-efficient-car-spray-booth","15":"product_tag-environmentally-friendly-car-spray-booth","16":"product_tag-high-quality-spray-booths","18":"first","19":"instock","20":"shipping-taxable","21":"product-type-simple"},"yoast_head":"<!-- This site is optimized with the Yoast SEO plugin v27.4 - https:\/\/yoast.com\/product\/yoast-seo-wordpress\/ -->\n<title>ATK-009D Industrial 9m Large Diesel\/Gas Heating Spray Booth | 34000m\u00b3\/h High Airflow | For Commercial Vehicles &amp; Industrial Coating - Autoke-China Paint Booth Manufacturer<\/title>\n<meta name=\"robots\" content=\"index, follow, max-snippet:-1, max-image-preview:large, max-video-preview:-1\" \/>\n<link rel=\"canonical\" href=\"https:\/\/sprayboothmanufacturer.com\/fr\/product\/industrial-9m-large-diesel-gas-heating-spray-booth\/\" \/>\n<meta property=\"og:locale\" content=\"fr_FR\" \/>\n<meta property=\"og:type\" content=\"article\" \/>\n<meta property=\"og:title\" content=\"ATK-009D Industrial 9m Large Diesel\/Gas Heating Spray Booth | 34000m\u00b3\/h High Airflow | For Commercial Vehicles &amp; Industrial Coating - Autoke-China Paint Booth Manufacturer\" \/>\n<meta property=\"og:description\" content=\"The ATK-009D is engineered for painting large vehicles and workpieces. With its expansive 9m interior, powerful ventilation system (total airflow 34,000 m\u00b3\/h), and efficient diesel heating, it ensures rapid heating and effective overspray removal. It is the ideal solution for buses, trucks, and large industrial equipment coating.\" \/>\n<meta property=\"og:url\" content=\"https:\/\/sprayboothmanufacturer.com\/fr\/product\/industrial-9m-large-diesel-gas-heating-spray-booth\/\" \/>\n<meta property=\"og:site_name\" content=\"Autoke-China Paint Booth Manufacturer\" \/>\n<meta property=\"article:modified_time\" content=\"2026-02-03T10:56:44+00:00\" \/>\n<meta property=\"og:image\" content=\"https:\/\/sprayboothmanufacturer.com\/wp-content\/uploads\/2026\/02\/28.png\" \/>\n\t<meta property=\"og:image:width\" content=\"800\" \/>\n\t<meta property=\"og:image:height\" content=\"800\" \/>\n\t<meta property=\"og:image:type\" content=\"image\/png\" \/>\n<meta name=\"twitter:card\" content=\"summary_large_image\" \/>\n<meta name=\"twitter:label1\" content=\"Dur\u00e9e de lecture estim\u00e9e\" \/>\n\t<meta name=\"twitter:data1\" content=\"3 minutes\" \/>\n<script type=\"application\/ld+json\" class=\"yoast-schema-graph\">{\"@context\":\"https:\\\/\\\/schema.org\",\"@graph\":[{\"@type\":\"WebPage\",\"@id\":\"https:\\\/\\\/sprayboothmanufacturer.com\\\/product\\\/industrial-9m-large-diesel-gas-heating-spray-booth\\\/\",\"url\":\"https:\\\/\\\/sprayboothmanufacturer.com\\\/product\\\/industrial-9m-large-diesel-gas-heating-spray-booth\\\/\",\"name\":\"ATK-009D Industrial 9m Large Diesel\\\/Gas Heating Spray Booth | 34000m\u00b3\\\/h High Airflow | For Commercial Vehicles & Industrial Coating - Autoke-China Paint Booth Manufacturer\",\"isPartOf\":{\"@id\":\"https:\\\/\\\/sprayboothmanufacturer.com\\\/#website\"},\"primaryImageOfPage\":{\"@id\":\"https:\\\/\\\/sprayboothmanufacturer.com\\\/product\\\/industrial-9m-large-diesel-gas-heating-spray-booth\\\/#primaryimage\"},\"image\":{\"@id\":\"https:\\\/\\\/sprayboothmanufacturer.com\\\/product\\\/industrial-9m-large-diesel-gas-heating-spray-booth\\\/#primaryimage\"},\"thumbnailUrl\":\"https:\\\/\\\/sprayboothmanufacturer.com\\\/wp-content\\\/uploads\\\/2026\\\/02\\\/28.png\",\"datePublished\":\"2026-02-03T10:35:21+00:00\",\"dateModified\":\"2026-02-03T10:56:44+00:00\",\"breadcrumb\":{\"@id\":\"https:\\\/\\\/sprayboothmanufacturer.com\\\/product\\\/industrial-9m-large-diesel-gas-heating-spray-booth\\\/#breadcrumb\"},\"inLanguage\":\"fr-FR\",\"potentialAction\":[{\"@type\":\"ReadAction\",\"target\":[\"https:\\\/\\\/sprayboothmanufacturer.com\\\/product\\\/industrial-9m-large-diesel-gas-heating-spray-booth\\\/\"]}]},{\"@type\":\"ImageObject\",\"inLanguage\":\"fr-FR\",\"@id\":\"https:\\\/\\\/sprayboothmanufacturer.com\\\/product\\\/industrial-9m-large-diesel-gas-heating-spray-booth\\\/#primaryimage\",\"url\":\"https:\\\/\\\/sprayboothmanufacturer.com\\\/wp-content\\\/uploads\\\/2026\\\/02\\\/28.png\",\"contentUrl\":\"https:\\\/\\\/sprayboothmanufacturer.com\\\/wp-content\\\/uploads\\\/2026\\\/02\\\/28.png\",\"width\":800,\"height\":800},{\"@type\":\"BreadcrumbList\",\"@id\":\"https:\\\/\\\/sprayboothmanufacturer.com\\\/product\\\/industrial-9m-large-diesel-gas-heating-spray-booth\\\/#breadcrumb\",\"itemListElement\":[{\"@type\":\"ListItem\",\"position\":1,\"name\":\"Home\",\"item\":\"https:\\\/\\\/sprayboothmanufacturer.com\\\/\"},{\"@type\":\"ListItem\",\"position\":2,\"name\":\"\u4ea7\u54c1\",\"item\":\"https:\\\/\\\/sprayboothmanufacturer.com\\\/shop__trashed\\\/\"},{\"@type\":\"ListItem\",\"position\":3,\"name\":\"ATK-009D Industrial 9m Large Diesel\\\/Gas Heating Spray Booth | 34000m\u00b3\\\/h High Airflow | For Commercial Vehicles &#038; Industrial Coating\"}]},{\"@type\":\"WebSite\",\"@id\":\"https:\\\/\\\/sprayboothmanufacturer.com\\\/#website\",\"url\":\"https:\\\/\\\/sprayboothmanufacturer.com\\\/\",\"name\":\"Autoke-China Paint Booth Manufacturer\",\"description\":\"\",\"publisher\":{\"@id\":\"https:\\\/\\\/sprayboothmanufacturer.com\\\/#organization\"},\"potentialAction\":[{\"@type\":\"SearchAction\",\"target\":{\"@type\":\"EntryPoint\",\"urlTemplate\":\"https:\\\/\\\/sprayboothmanufacturer.com\\\/?s={search_term_string}\"},\"query-input\":{\"@type\":\"PropertyValueSpecification\",\"valueRequired\":true,\"valueName\":\"search_term_string\"}}],\"inLanguage\":\"fr-FR\"},{\"@type\":\"Organization\",\"@id\":\"https:\\\/\\\/sprayboothmanufacturer.com\\\/#organization\",\"name\":\"Autoke-China Paint Booth Manufacturer\",\"url\":\"https:\\\/\\\/sprayboothmanufacturer.com\\\/\",\"logo\":{\"@type\":\"ImageObject\",\"inLanguage\":\"fr-FR\",\"@id\":\"https:\\\/\\\/sprayboothmanufacturer.com\\\/#\\\/schema\\\/logo\\\/image\\\/\",\"url\":\"https:\\\/\\\/sprayboothmanufacturer.com\\\/wp-content\\\/uploads\\\/2025\\\/12\\\/\u5fae\u4fe1\u56fe\u7247_20260113195103_1750_4-scaled-e1768394147958.png\",\"contentUrl\":\"https:\\\/\\\/sprayboothmanufacturer.com\\\/wp-content\\\/uploads\\\/2025\\\/12\\\/\u5fae\u4fe1\u56fe\u7247_20260113195103_1750_4-scaled-e1768394147958.png\",\"width\":1740,\"height\":538,\"caption\":\"Autoke-China Paint Booth Manufacturer\"},\"image\":{\"@id\":\"https:\\\/\\\/sprayboothmanufacturer.com\\\/#\\\/schema\\\/logo\\\/image\\\/\"}}]}<\/script>\n<!-- \/ Yoast SEO plugin. -->","yoast_head_json":{"title":"Cabine de Pulv\u00e9risation Industrielle ATK-009D de 9m avec Chauffage Diesel\/Gaz | D\u00e9bit d\u2019air \u00e9lev\u00e9 de 34000m\u00b3\/h | Pour v\u00e9hicules commerciaux et rev\u00eatements industriels - Fabricant de cabines de peinture Autoke-France","robots":{"index":"index","follow":"follow","max-snippet":"max-snippet:-1","max-image-preview":"max-image-preview:large","max-video-preview":"max-video-preview:-1"},"canonical":"https:\/\/sprayboothmanufacturer.com\/fr\/product\/industrial-9m-large-diesel-gas-heating-spray-booth\/","og_locale":"fr_FR","og_type":"article","og_title":"ATK-009D Industrial 9m Large Diesel\/Gas Heating Spray Booth | 34000m\u00b3\/h High Airflow | For Commercial Vehicles & Industrial Coating - Autoke-China Paint Booth Manufacturer","og_description":"The ATK-009D is engineered for painting large vehicles and workpieces. With its expansive 9m interior, powerful ventilation system (total airflow 34,000 m\u00b3\/h), and efficient diesel heating, it ensures rapid heating and effective overspray removal. It is the ideal solution for buses, trucks, and large industrial equipment coating.","og_url":"https:\/\/sprayboothmanufacturer.com\/fr\/product\/industrial-9m-large-diesel-gas-heating-spray-booth\/","og_site_name":"Autoke-China Paint Booth Manufacturer","article_modified_time":"2026-02-03T10:56:44+00:00","og_image":[{"width":800,"height":800,"url":"https:\/\/sprayboothmanufacturer.com\/wp-content\/uploads\/2026\/02\/28.png","type":"image\/png"}],"twitter_card":"summary_large_image","twitter_misc":{"Dur\u00e9e de lecture estim\u00e9e":"3 minutes"},"schema":{"@context":"https:\/\/schema.org","@graph":[{"@type":"WebPage","@id":"https:\/\/sprayboothmanufacturer.com\/product\/industrial-9m-large-diesel-gas-heating-spray-booth\/","url":"https:\/\/sprayboothmanufacturer.com\/product\/industrial-9m-large-diesel-gas-heating-spray-booth\/","name":"Cabine de Pulv\u00e9risation Industrielle ATK-009D de 9m avec Chauffage Diesel\/Gaz | D\u00e9bit d\u2019air \u00e9lev\u00e9 de 34000m\u00b3\/h | Pour v\u00e9hicules commerciaux et rev\u00eatements industriels - Fabricant de cabines de peinture Autoke-France","isPartOf":{"@id":"https:\/\/sprayboothmanufacturer.com\/#website"},"primaryImageOfPage":{"@id":"https:\/\/sprayboothmanufacturer.com\/product\/industrial-9m-large-diesel-gas-heating-spray-booth\/#primaryimage"},"image":{"@id":"https:\/\/sprayboothmanufacturer.com\/product\/industrial-9m-large-diesel-gas-heating-spray-booth\/#primaryimage"},"thumbnailUrl":"https:\/\/sprayboothmanufacturer.com\/wp-content\/uploads\/2026\/02\/28.png","datePublished":"2026-02-03T10:35:21+00:00","dateModified":"2026-02-03T10:56:44+00:00","breadcrumb":{"@id":"https:\/\/sprayboothmanufacturer.com\/product\/industrial-9m-large-diesel-gas-heating-spray-booth\/#breadcrumb"},"inLanguage":"fr-FR","potentialAction":[{"@type":"ReadAction","target":["https:\/\/sprayboothmanufacturer.com\/product\/industrial-9m-large-diesel-gas-heating-spray-booth\/"]}]},{"@type":"ImageObject","inLanguage":"fr-FR","@id":"https:\/\/sprayboothmanufacturer.com\/product\/industrial-9m-large-diesel-gas-heating-spray-booth\/#primaryimage","url":"https:\/\/sprayboothmanufacturer.com\/wp-content\/uploads\/2026\/02\/28.png","contentUrl":"https:\/\/sprayboothmanufacturer.com\/wp-content\/uploads\/2026\/02\/28.png","width":800,"height":800},{"@type":"BreadcrumbList","@id":"https:\/\/sprayboothmanufacturer.com\/product\/industrial-9m-large-diesel-gas-heating-spray-booth\/#breadcrumb","itemListElement":[{"@type":"ListItem","position":1,"name":"Home","item":"https:\/\/sprayboothmanufacturer.com\/"},{"@type":"ListItem","position":2,"name":"\u4ea7\u54c1","item":"https:\/\/sprayboothmanufacturer.com\/shop__trashed\/"},{"@type":"ListItem","position":3,"name":"ATK-009D Industrial 9m Large Diesel\/Gas Heating Spray Booth | 34000m\u00b3\/h High Airflow | For Commercial Vehicles &#038; Industrial Coating"}]},{"@type":"WebSite","@id":"https:\/\/sprayboothmanufacturer.com\/#website","url":"https:\/\/sprayboothmanufacturer.com\/","name":"Fabricant de cabines de peinture Autoke-Chine","description":"","publisher":{"@id":"https:\/\/sprayboothmanufacturer.com\/#organization"},"potentialAction":[{"@type":"SearchAction","target":{"@type":"EntryPoint","urlTemplate":"https:\/\/sprayboothmanufacturer.com\/?s={search_term_string}"},"query-input":{"@type":"PropertyValueSpecification","valueRequired":true,"valueName":"search_term_string"}}],"inLanguage":"fr-FR"},{"@type":"Organization","@id":"https:\/\/sprayboothmanufacturer.com\/#organization","name":"Fabricant de cabines de peinture Autoke-Chine","url":"https:\/\/sprayboothmanufacturer.com\/","logo":{"@type":"ImageObject","inLanguage":"fr-FR","@id":"https:\/\/sprayboothmanufacturer.com\/#\/schema\/logo\/image\/","url":"https:\/\/sprayboothmanufacturer.com\/wp-content\/uploads\/2025\/12\/\u5fae\u4fe1\u56fe\u7247_20260113195103_1750_4-scaled-e1768394147958.png","contentUrl":"https:\/\/sprayboothmanufacturer.com\/wp-content\/uploads\/2025\/12\/\u5fae\u4fe1\u56fe\u7247_20260113195103_1750_4-scaled-e1768394147958.png","width":1740,"height":538,"caption":"Autoke-China Paint Booth Manufacturer"},"image":{"@id":"https:\/\/sprayboothmanufacturer.com\/#\/schema\/logo\/image\/"}}]}},"_links":{"self":[{"href":"https:\/\/sprayboothmanufacturer.com\/fr\/wp-json\/wp\/v2\/product\/3215","targetHints":{"allow":["GET"]}}],"collection":[{"href":"https:\/\/sprayboothmanufacturer.com\/fr\/wp-json\/wp\/v2\/product"}],"about":[{"href":"https:\/\/sprayboothmanufacturer.com\/fr\/wp-json\/wp\/v2\/types\/product"}],"replies":[{"embeddable":true,"href":"https:\/\/sprayboothmanufacturer.com\/fr\/wp-json\/wp\/v2\/comments?post=3215"}],"version-history":[{"count":1,"href":"https:\/\/sprayboothmanufacturer.com\/fr\/wp-json\/wp\/v2\/product\/3215\/revisions"}],"predecessor-version":[{"id":3216,"href":"https:\/\/sprayboothmanufacturer.com\/fr\/wp-json\/wp\/v2\/product\/3215\/revisions\/3216"}],"wp:featuredmedia":[{"embeddable":true,"href":"https:\/\/sprayboothmanufacturer.com\/fr\/wp-json\/wp\/v2\/media\/3196"}],"wp:attachment":[{"href":"https:\/\/sprayboothmanufacturer.com\/fr\/wp-json\/wp\/v2\/media?parent=3215"}],"wp:term":[{"taxonomy":"product_brand","embeddable":true,"href":"https:\/\/sprayboothmanufacturer.com\/fr\/wp-json\/wp\/v2\/product_brand?post=3215"},{"taxonomy":"product_cat","embeddable":true,"href":"https:\/\/sprayboothmanufacturer.com\/fr\/wp-json\/wp\/v2\/product_cat?post=3215"},{"taxonomy":"product_tag","embeddable":true,"href":"https:\/\/sprayboothmanufacturer.com\/fr\/wp-json\/wp\/v2\/product_tag?post=3215"}],"curies":[{"name":"wp","href":"https:\/\/api.w.org\/{rel}","templated":true}]}}