{"id":3213,"date":"2026-02-03T09:55:02","date_gmt":"2026-02-03T09:55:02","guid":{"rendered":"https:\/\/sprayboothmanufacturer.com\/?post_type=product&#038;p=3213"},"modified":"2026-02-03T09:55:57","modified_gmt":"2026-02-03T09:55:57","slug":"industrial-8m-luxury-electric-heating-spray-booth","status":"publish","type":"product","link":"https:\/\/sprayboothmanufacturer.com\/fr\/product\/industrial-8m-luxury-electric-heating-spray-booth\/","title":{"rendered":"ATK-008E Cabine de pulv\u00e9risation \u00e9lectrique de luxe de 8m | Contr\u00f4le automatique complet de la temp\u00e9rature | \u00c9nergie efficace | Pour la peinture automobile et industrielle de haute qualit\u00e9"},"content":{"rendered":"<table style=\"height: 273px;\" width=\"772\">\n<tbody>\n<tr>\n<td width=\"142\"><strong><b>Quantit\u00e9 minimale de commande :<\/b><\/strong><\/td>\n<td width=\"142\">1 pi\u00e8ce<\/td>\n<td width=\"142\"><strong><b>Prix :<\/b><\/strong><\/td>\n<td width=\"142\">\u00c0 n\u00e9gocier<\/td>\n<\/tr>\n<tr>\n<td width=\"142\"><strong><b>D\u00e9tails de l'emballage :<\/b><\/strong><\/td>\n<td width=\"142\">40GP ou 20GP\/unit\u00e9<\/td>\n<td width=\"142\"><strong><b>D\u00e9lai de livraison :<\/b><\/strong><\/td>\n<td width=\"142\">15 jours \u00e0 n\u00e9gocier<\/td>\n<\/tr>\n<tr>\n<td width=\"142\"><strong><b>Conditions de paiement :<\/b><\/strong><\/td>\n<td width=\"142\">L\/C, T\/T<\/td>\n<td width=\"142\"><strong><b>Capacit\u00e9 d'approvisionnement :<\/b><\/strong><\/td>\n<td width=\"142\">50 unit\u00e9(s) par mois, cabine de pulv\u00e9risation industrielle, cabine de pulv\u00e9risation bus<\/td>\n<\/tr>\n<tr>\n<td width=\"142\"><strong><b>Lieu d'origine :<\/b><\/strong><\/td>\n<td width=\"142\">Jiangsu, Chine<\/td>\n<td width=\"142\"><strong><b>Nom de la marque :<\/b><\/strong><\/td>\n<td width=\"142\">Autoke<\/td>\n<\/tr>\n<tr>\n<td width=\"142\"><strong><b>Certification :<\/b><\/strong><\/td>\n<td width=\"142\">CE<\/td>\n<td width=\"142\"><strong><b>Num\u00e9ro de mod\u00e8le :<\/b><\/strong><\/td>\n<td width=\"142\">ATK-008E<\/td>\n<\/tr>\n<\/tbody>\n<\/table>\n<p class=\"ds-markdown-paragraph\"><strong>ATK-008E | Cabine de peinture \u00e9lectrique de luxe intelligente de 8 m : La solution professionnelle de peinture pr\u00e9cise, efficace et fiable<\/strong><\/p>\n<p class=\"ds-markdown-paragraph\">L'ATK-008E est une cabine de peinture haut de gamme con\u00e7ue pour des clients professionnels exigeant une qualit\u00e9 de peinture ultime et une efficacit\u00e9 op\u00e9rationnelle. Int\u00e9grant un chauffage \u00e9lectrique intelligent, une ventilation\/purification puissante et une structure robuste, elle est le choix id\u00e9al pour les ateliers de carrosserie automobile de haut niveau, l'entretien de v\u00e9hicules commerciaux et les applications de rev\u00eatement industriel de pr\u00e9cision.<\/p>\n<p class=\"ds-markdown-paragraph\"><strong>Principaux avantages &amp; points forts techniques :<\/strong><\/p>\n<ul>\n<li>\n<p class=\"ds-markdown-paragraph\"><strong>Syst\u00e8me de chauffage intelligent et efficace<\/strong>:<\/p>\n<ul>\n<li>\n<p class=\"ds-markdown-paragraph\">\u00c9quip\u00e9e de 10 ensembles de lampes infrarouges halog\u00e8nes de cuisson totalisant 30KW, offrant une forte p\u00e9n\u00e9tration de la chaleur et une cuisson uniforme.<\/p>\n<\/li>\n<li>\n<p class=\"ds-markdown-paragraph\">Dispose d'un contr\u00f4leur de temp\u00e9rature intelligent, chauffant rapidement la cabine \u00e0 40\u00b0C en 5-8 minutes, avec une temp\u00e9rature maximale de cuisson de 80\u00b0C, r\u00e9duisant consid\u00e9rablement les cycles et am\u00e9liorant la duret\u00e9 et la qualit\u00e9 de la finition de la peinture.<\/p>\n<\/li>\n<\/ul>\n<\/li>\n<li>\n<p class=\"ds-markdown-paragraph\"><strong>Ventilation puissante &amp; purification en 3 \u00e9tapes<\/strong>:<\/p>\n<ul>\n<li>\n<p class=\"ds-markdown-paragraph\">Le syst\u00e8me de ventilation comprend 2\u00d75,5KW de ventilateurs centrifuges \u00e0 double admission \u00e0 haute capacit\u00e9 (approvisionnement) et 1\u00d77,5KW de ventilateur centrifuge d'extraction, permettant d'\u00e9changer des dizaines de milliers de m\u00e8tres cubes d'air par heure pour \u00e9liminer rapidement les surpulv\u00e9risations et les COV.<\/p>\n<\/li>\n<li>\n<p class=\"ds-markdown-paragraph\">Un syst\u00e8me de filtration en trois \u00e9tapes comprend des filtres primaires (&gt;10\u03bcm), en plafond (&gt;4\u03bcm, efficacit\u00e9 &gt;98%) et au sol (fibres de verre multicouches), garantissant un environnement presque sans poussi\u00e8re pour des finitions parfaites.<\/p>\n<\/li>\n<\/ul>\n<\/li>\n<li>\n<p class=\"ds-markdown-paragraph\"><strong>Construction industrielle robuste<\/strong>:<\/p>\n<ul>\n<li>\n<p class=\"ds-markdown-paragraph\">Les murs sont construits avec des panneaux composites en acier color\u00e9 \u00e0 double couche de haute qualit\u00e9 remplis de laine de roche r\u00e9sistante au feu \u00e0 haute densit\u00e9 (100KG\/m\u00b3), offrant une excellente isolation et une r\u00e9sistance au feu.<\/p>\n<\/li>\n<li>\n<p class=\"ds-markdown-paragraph\">Le sous-sol est une plateforme renforc\u00e9e en t\u00f4les d'acier galvanis\u00e9 et tubes carr\u00e9s, \u00e9quip\u00e9e de grilles en acier anticorrosion et de planchers de marche \u00e9paissis (5mm) pour une stabilit\u00e9 globale.<\/p>\n<\/li>\n<li>\n<p class=\"ds-markdown-paragraph\">L'armoire \u00e0 ventilateur modulaire en acier galvanis\u00e9 (1,1*2,2m) offre une flexibilit\u00e9 de placement \u00e0 gauche, \u00e0 droite ou \u00e0 l'arri\u00e8re pour s'adapter \u00e0 l'am\u00e9nagement de l'atelier.<\/p>\n<\/li>\n<\/ul>\n<\/li>\n<li>\n<p class=\"ds-markdown-paragraph\"><strong>Contr\u00f4le intelligent convivial &amp; s\u00e9curit\u00e9<\/strong>:<\/p>\n<ul>\n<li>\n<p class=\"ds-markdown-paragraph\">Le panneau de contr\u00f4le intelligent int\u00e9gr\u00e9 permet de passer d'un mode \u00e0 l'autre d'une simple touche : \u201c Pulv\u00e9risation \u201d, \u201c Cuisson \u201d et \u201c Chauffage \u201d, avec des fonctions de temp\u00e9rature et de minuterie programmables.<\/p>\n<\/li>\n<li>\n<p class=\"ds-markdown-paragraph\">Comprend un bouton d'arr\u00eat d'urgence, un \u00e9clairage LED complet (24 lumi\u00e8res au plafond + 8 lumi\u00e8res murales lat\u00e9rales) et des portes d'observation en verre haute temp\u00e9rature pour une op\u00e9ration intuitive et s\u00fbre.<\/p>\n<\/li>\n<\/ul>\n<\/li>\n<\/ul>\n<p class=\"ds-markdown-paragraph\"><strong>Aper\u00e7u des sp\u00e9cifications standard :<\/strong><\/p>\n<ul>\n<li>\n<p class=\"ds-markdown-paragraph\"><strong>Mod\u00e8le<\/strong>: ATK-008E<\/p>\n<\/li>\n<li>\n<p class=\"ds-markdown-paragraph\"><strong>Dimensions Ext\u00e9rieures\/Int\u00e9rieures<\/strong>: 7720\u00d74600\u00d73500mm \/ 7620\u00d74500\u00d72800mm<\/p>\n<\/li>\n<li>\n<p class=\"ds-markdown-paragraph\"><strong>Type de chauffage<\/strong>: Chauffage \u00e9lectrique (220V\/380V, 50Hz)<\/p>\n<\/li>\n<li>\n<p class=\"ds-markdown-paragraph\"><strong>Puissance Totale<\/strong>: 38 KW<\/p>\n<\/li>\n<li>\n<p class=\"ds-markdown-paragraph\"><strong>Emballage<\/strong>: Environ 19 CBM, 3500kg, exp\u00e9dition recommand\u00e9e dans un conteneur 20GP.<\/p>\n<\/li>\n<\/ul>\n<p class=\"ds-markdown-paragraph\"><strong>Id\u00e9al Pour :<\/strong><br \/>\nCentres de peinture haut de gamme pour les ateliers automobiles 4S, grandes installations de r\u00e9paration compl\u00e8tes, stations de maintenance de flottes de bus\/trucks, rev\u00eatement de composants a\u00e9ronautiques, et peinture d'habitations d'\u00e9quipements de pr\u00e9cision \u2014 applications o\u00f9 la propret\u00e9 environnementale et le contr\u00f4le du processus sont primordiaux.<\/p>\n<p class=\"ds-markdown-paragraph\">Nous pouvons fournir des conseils personnalis\u00e9s sur la disposition d'installation et la configuration \u00e9lectrique en fonction des conditions sp\u00e9cifiques de votre atelier et de vos exigences de processus. Veuillez contacter notre \u00e9quipe technique pour une proposition d\u00e9taill\u00e9e et un devis.<\/p>","protected":false},"excerpt":{"rendered":"<p>L'ATK-008E est une cabine de peinture \u00e9lectrique de 8 m con\u00e7ue pour des environnements de peinture exigeants. Dot\u00e9e d'un syst\u00e8me de cuisson infrarouge intelligent de 30KW et d'une ventilation puissante, elle chauffe jusqu'\u00e0 40\u00b0C en seulement 5-8 minutes pour une cuisson efficace et uniforme. Avec un syst\u00e8me de filtration \u00e0 trois niveaux et une structure en laine de roche r\u00e9sistante au feu, elle offre un espace de travail sans poussi\u00e8re, stable et fiable pour la r\u00e9paration automobile et les rev\u00eatements industriels.<\/p>","protected":false},"featured_media":3180,"comment_status":"open","ping_status":"closed","template":"","meta":[],"product_brand":[],"product_cat":[60,59],"product_tag":[75,74,79,73,63,72,66],"class_list":{"0":"post-3213","1":"product","2":"type-product","3":"status-publish","4":"has-post-thumbnail","6":"product_cat-car-spray-booth","7":"product_cat-spray-booth","8":"product_tag-8m-diesel-car-paint-booth","9":"product_tag-8m-electric-car-paint-booth","10":"product_tag-automotive-spray-booth","11":"product_tag-automotive-spray-booth-manufacturer","12":"product_tag-car-spray-booth","13":"product_tag-car-spray-booth-factory","14":"product_tag-car-spray-booth-manufacturer","16":"first","17":"instock","18":"shipping-taxable","19":"product-type-simple"},"yoast_head":"<!-- This site is optimized with the Yoast SEO plugin v27.4 - https:\/\/yoast.com\/product\/yoast-seo-wordpress\/ -->\n<title>ATK-008E Industrial 8m Luxury Electric Heating Spray Booth | Full Auto Temperature Control | Energy Efficient | For High-Standard Automotive &amp; Industrial Painting - Autoke-China Paint Booth Manufacturer<\/title>\n<meta name=\"robots\" content=\"index, follow, max-snippet:-1, max-image-preview:large, max-video-preview:-1\" \/>\n<link rel=\"canonical\" href=\"https:\/\/sprayboothmanufacturer.com\/fr\/product\/industrial-8m-luxury-electric-heating-spray-booth\/\" \/>\n<meta property=\"og:locale\" content=\"fr_FR\" \/>\n<meta property=\"og:type\" content=\"article\" \/>\n<meta property=\"og:title\" content=\"ATK-008E Industrial 8m Luxury Electric Heating Spray Booth | Full Auto Temperature Control | Energy Efficient | For High-Standard Automotive &amp; Industrial Painting - Autoke-China Paint Booth Manufacturer\" \/>\n<meta property=\"og:description\" content=\"The ATK-008E is an 8m electric heating spray booth engineered for demanding painting environments. Featuring a 30KW intelligent infrared baking system and powerful ventilation, it heats up to 40\u00b0C in just 5-8 minutes for efficient, uniform curing. With triple-stage filtration and a robust fire-resistant rock wool structure, it delivers a dust-free, stable, and reliable workspace for automotive repair and industrial coating.\" \/>\n<meta property=\"og:url\" content=\"https:\/\/sprayboothmanufacturer.com\/fr\/product\/industrial-8m-luxury-electric-heating-spray-booth\/\" \/>\n<meta property=\"og:site_name\" content=\"Autoke-China Paint Booth Manufacturer\" \/>\n<meta property=\"article:modified_time\" content=\"2026-02-03T09:55:57+00:00\" \/>\n<meta property=\"og:image\" content=\"https:\/\/sprayboothmanufacturer.com\/wp-content\/uploads\/2026\/02\/11.png\" \/>\n\t<meta property=\"og:image:width\" content=\"800\" \/>\n\t<meta property=\"og:image:height\" content=\"800\" \/>\n\t<meta property=\"og:image:type\" content=\"image\/png\" \/>\n<meta name=\"twitter:card\" content=\"summary_large_image\" \/>\n<meta name=\"twitter:label1\" content=\"Dur\u00e9e de lecture estim\u00e9e\" \/>\n\t<meta name=\"twitter:data1\" content=\"3 minutes\" \/>\n<script type=\"application\/ld+json\" class=\"yoast-schema-graph\">{\"@context\":\"https:\\\/\\\/schema.org\",\"@graph\":[{\"@type\":\"WebPage\",\"@id\":\"https:\\\/\\\/sprayboothmanufacturer.com\\\/product\\\/industrial-8m-luxury-electric-heating-spray-booth\\\/\",\"url\":\"https:\\\/\\\/sprayboothmanufacturer.com\\\/product\\\/industrial-8m-luxury-electric-heating-spray-booth\\\/\",\"name\":\"ATK-008E Industrial 8m Luxury Electric Heating Spray Booth | Full Auto Temperature Control | Energy Efficient | For High-Standard Automotive & Industrial Painting - Autoke-China Paint Booth Manufacturer\",\"isPartOf\":{\"@id\":\"https:\\\/\\\/sprayboothmanufacturer.com\\\/#website\"},\"primaryImageOfPage\":{\"@id\":\"https:\\\/\\\/sprayboothmanufacturer.com\\\/product\\\/industrial-8m-luxury-electric-heating-spray-booth\\\/#primaryimage\"},\"image\":{\"@id\":\"https:\\\/\\\/sprayboothmanufacturer.com\\\/product\\\/industrial-8m-luxury-electric-heating-spray-booth\\\/#primaryimage\"},\"thumbnailUrl\":\"https:\\\/\\\/sprayboothmanufacturer.com\\\/wp-content\\\/uploads\\\/2026\\\/02\\\/11.png\",\"datePublished\":\"2026-02-03T09:55:02+00:00\",\"dateModified\":\"2026-02-03T09:55:57+00:00\",\"breadcrumb\":{\"@id\":\"https:\\\/\\\/sprayboothmanufacturer.com\\\/product\\\/industrial-8m-luxury-electric-heating-spray-booth\\\/#breadcrumb\"},\"inLanguage\":\"fr-FR\",\"potentialAction\":[{\"@type\":\"ReadAction\",\"target\":[\"https:\\\/\\\/sprayboothmanufacturer.com\\\/product\\\/industrial-8m-luxury-electric-heating-spray-booth\\\/\"]}]},{\"@type\":\"ImageObject\",\"inLanguage\":\"fr-FR\",\"@id\":\"https:\\\/\\\/sprayboothmanufacturer.com\\\/product\\\/industrial-8m-luxury-electric-heating-spray-booth\\\/#primaryimage\",\"url\":\"https:\\\/\\\/sprayboothmanufacturer.com\\\/wp-content\\\/uploads\\\/2026\\\/02\\\/11.png\",\"contentUrl\":\"https:\\\/\\\/sprayboothmanufacturer.com\\\/wp-content\\\/uploads\\\/2026\\\/02\\\/11.png\",\"width\":800,\"height\":800},{\"@type\":\"BreadcrumbList\",\"@id\":\"https:\\\/\\\/sprayboothmanufacturer.com\\\/product\\\/industrial-8m-luxury-electric-heating-spray-booth\\\/#breadcrumb\",\"itemListElement\":[{\"@type\":\"ListItem\",\"position\":1,\"name\":\"Home\",\"item\":\"https:\\\/\\\/sprayboothmanufacturer.com\\\/\"},{\"@type\":\"ListItem\",\"position\":2,\"name\":\"\u4ea7\u54c1\",\"item\":\"https:\\\/\\\/sprayboothmanufacturer.com\\\/shop__trashed\\\/\"},{\"@type\":\"ListItem\",\"position\":3,\"name\":\"ATK-008E Industrial 8m Luxury Electric Heating Spray Booth | Full Auto Temperature Control | Energy Efficient | For High-Standard Automotive &#038; Industrial Painting\"}]},{\"@type\":\"WebSite\",\"@id\":\"https:\\\/\\\/sprayboothmanufacturer.com\\\/#website\",\"url\":\"https:\\\/\\\/sprayboothmanufacturer.com\\\/\",\"name\":\"Autoke-China Paint Booth Manufacturer\",\"description\":\"\",\"publisher\":{\"@id\":\"https:\\\/\\\/sprayboothmanufacturer.com\\\/#organization\"},\"potentialAction\":[{\"@type\":\"SearchAction\",\"target\":{\"@type\":\"EntryPoint\",\"urlTemplate\":\"https:\\\/\\\/sprayboothmanufacturer.com\\\/?s={search_term_string}\"},\"query-input\":{\"@type\":\"PropertyValueSpecification\",\"valueRequired\":true,\"valueName\":\"search_term_string\"}}],\"inLanguage\":\"fr-FR\"},{\"@type\":\"Organization\",\"@id\":\"https:\\\/\\\/sprayboothmanufacturer.com\\\/#organization\",\"name\":\"Autoke-China Paint Booth Manufacturer\",\"url\":\"https:\\\/\\\/sprayboothmanufacturer.com\\\/\",\"logo\":{\"@type\":\"ImageObject\",\"inLanguage\":\"fr-FR\",\"@id\":\"https:\\\/\\\/sprayboothmanufacturer.com\\\/#\\\/schema\\\/logo\\\/image\\\/\",\"url\":\"https:\\\/\\\/sprayboothmanufacturer.com\\\/wp-content\\\/uploads\\\/2025\\\/12\\\/\u5fae\u4fe1\u56fe\u7247_20260113195103_1750_4-scaled-e1768394147958.png\",\"contentUrl\":\"https:\\\/\\\/sprayboothmanufacturer.com\\\/wp-content\\\/uploads\\\/2025\\\/12\\\/\u5fae\u4fe1\u56fe\u7247_20260113195103_1750_4-scaled-e1768394147958.png\",\"width\":1740,\"height\":538,\"caption\":\"Autoke-China Paint Booth Manufacturer\"},\"image\":{\"@id\":\"https:\\\/\\\/sprayboothmanufacturer.com\\\/#\\\/schema\\\/logo\\\/image\\\/\"}}]}<\/script>\n<!-- \/ Yoast SEO plugin. -->","yoast_head_json":{"title":"Cabine de pulv\u00e9risation \u00e9lectrique de luxe industrielle ATK-008E de 8m | Contr\u00f4le de temp\u00e9rature enti\u00e8rement automatique | \u00c9nergie efficace | Pour la peinture automobile et industrielle de haute norme - Fabricant de cabines de peinture Autoke-France","robots":{"index":"index","follow":"follow","max-snippet":"max-snippet:-1","max-image-preview":"max-image-preview:large","max-video-preview":"max-video-preview:-1"},"canonical":"https:\/\/sprayboothmanufacturer.com\/fr\/product\/industrial-8m-luxury-electric-heating-spray-booth\/","og_locale":"fr_FR","og_type":"article","og_title":"ATK-008E Industrial 8m Luxury Electric Heating Spray Booth | Full Auto Temperature Control | Energy Efficient | For High-Standard Automotive & Industrial Painting - Autoke-China Paint Booth Manufacturer","og_description":"The ATK-008E is an 8m electric heating spray booth engineered for demanding painting environments. Featuring a 30KW intelligent infrared baking system and powerful ventilation, it heats up to 40\u00b0C in just 5-8 minutes for efficient, uniform curing. With triple-stage filtration and a robust fire-resistant rock wool structure, it delivers a dust-free, stable, and reliable workspace for automotive repair and industrial coating.","og_url":"https:\/\/sprayboothmanufacturer.com\/fr\/product\/industrial-8m-luxury-electric-heating-spray-booth\/","og_site_name":"Autoke-China Paint Booth Manufacturer","article_modified_time":"2026-02-03T09:55:57+00:00","og_image":[{"width":800,"height":800,"url":"https:\/\/sprayboothmanufacturer.com\/wp-content\/uploads\/2026\/02\/11.png","type":"image\/png"}],"twitter_card":"summary_large_image","twitter_misc":{"Dur\u00e9e de lecture estim\u00e9e":"3 minutes"},"schema":{"@context":"https:\/\/schema.org","@graph":[{"@type":"WebPage","@id":"https:\/\/sprayboothmanufacturer.com\/product\/industrial-8m-luxury-electric-heating-spray-booth\/","url":"https:\/\/sprayboothmanufacturer.com\/product\/industrial-8m-luxury-electric-heating-spray-booth\/","name":"Cabine de pulv\u00e9risation \u00e9lectrique de luxe industrielle ATK-008E de 8m | Contr\u00f4le de temp\u00e9rature enti\u00e8rement automatique | \u00c9nergie efficace | Pour la peinture automobile et industrielle de haute norme - Fabricant de cabines de peinture Autoke-France","isPartOf":{"@id":"https:\/\/sprayboothmanufacturer.com\/#website"},"primaryImageOfPage":{"@id":"https:\/\/sprayboothmanufacturer.com\/product\/industrial-8m-luxury-electric-heating-spray-booth\/#primaryimage"},"image":{"@id":"https:\/\/sprayboothmanufacturer.com\/product\/industrial-8m-luxury-electric-heating-spray-booth\/#primaryimage"},"thumbnailUrl":"https:\/\/sprayboothmanufacturer.com\/wp-content\/uploads\/2026\/02\/11.png","datePublished":"2026-02-03T09:55:02+00:00","dateModified":"2026-02-03T09:55:57+00:00","breadcrumb":{"@id":"https:\/\/sprayboothmanufacturer.com\/product\/industrial-8m-luxury-electric-heating-spray-booth\/#breadcrumb"},"inLanguage":"fr-FR","potentialAction":[{"@type":"ReadAction","target":["https:\/\/sprayboothmanufacturer.com\/product\/industrial-8m-luxury-electric-heating-spray-booth\/"]}]},{"@type":"ImageObject","inLanguage":"fr-FR","@id":"https:\/\/sprayboothmanufacturer.com\/product\/industrial-8m-luxury-electric-heating-spray-booth\/#primaryimage","url":"https:\/\/sprayboothmanufacturer.com\/wp-content\/uploads\/2026\/02\/11.png","contentUrl":"https:\/\/sprayboothmanufacturer.com\/wp-content\/uploads\/2026\/02\/11.png","width":800,"height":800},{"@type":"BreadcrumbList","@id":"https:\/\/sprayboothmanufacturer.com\/product\/industrial-8m-luxury-electric-heating-spray-booth\/#breadcrumb","itemListElement":[{"@type":"ListItem","position":1,"name":"Home","item":"https:\/\/sprayboothmanufacturer.com\/"},{"@type":"ListItem","position":2,"name":"\u4ea7\u54c1","item":"https:\/\/sprayboothmanufacturer.com\/shop__trashed\/"},{"@type":"ListItem","position":3,"name":"ATK-008E Industrial 8m Luxury Electric Heating Spray Booth | Full Auto Temperature Control | Energy Efficient | For High-Standard Automotive &#038; Industrial Painting"}]},{"@type":"WebSite","@id":"https:\/\/sprayboothmanufacturer.com\/#website","url":"https:\/\/sprayboothmanufacturer.com\/","name":"Fabricant de cabines de peinture Autoke-Chine","description":"","publisher":{"@id":"https:\/\/sprayboothmanufacturer.com\/#organization"},"potentialAction":[{"@type":"SearchAction","target":{"@type":"EntryPoint","urlTemplate":"https:\/\/sprayboothmanufacturer.com\/?s={search_term_string}"},"query-input":{"@type":"PropertyValueSpecification","valueRequired":true,"valueName":"search_term_string"}}],"inLanguage":"fr-FR"},{"@type":"Organization","@id":"https:\/\/sprayboothmanufacturer.com\/#organization","name":"Fabricant de cabines de peinture Autoke-Chine","url":"https:\/\/sprayboothmanufacturer.com\/","logo":{"@type":"ImageObject","inLanguage":"fr-FR","@id":"https:\/\/sprayboothmanufacturer.com\/#\/schema\/logo\/image\/","url":"https:\/\/sprayboothmanufacturer.com\/wp-content\/uploads\/2025\/12\/\u5fae\u4fe1\u56fe\u7247_20260113195103_1750_4-scaled-e1768394147958.png","contentUrl":"https:\/\/sprayboothmanufacturer.com\/wp-content\/uploads\/2025\/12\/\u5fae\u4fe1\u56fe\u7247_20260113195103_1750_4-scaled-e1768394147958.png","width":1740,"height":538,"caption":"Autoke-China Paint Booth Manufacturer"},"image":{"@id":"https:\/\/sprayboothmanufacturer.com\/#\/schema\/logo\/image\/"}}]}},"_links":{"self":[{"href":"https:\/\/sprayboothmanufacturer.com\/fr\/wp-json\/wp\/v2\/product\/3213","targetHints":{"allow":["GET"]}}],"collection":[{"href":"https:\/\/sprayboothmanufacturer.com\/fr\/wp-json\/wp\/v2\/product"}],"about":[{"href":"https:\/\/sprayboothmanufacturer.com\/fr\/wp-json\/wp\/v2\/types\/product"}],"replies":[{"embeddable":true,"href":"https:\/\/sprayboothmanufacturer.com\/fr\/wp-json\/wp\/v2\/comments?post=3213"}],"version-history":[{"count":1,"href":"https:\/\/sprayboothmanufacturer.com\/fr\/wp-json\/wp\/v2\/product\/3213\/revisions"}],"predecessor-version":[{"id":3214,"href":"https:\/\/sprayboothmanufacturer.com\/fr\/wp-json\/wp\/v2\/product\/3213\/revisions\/3214"}],"wp:featuredmedia":[{"embeddable":true,"href":"https:\/\/sprayboothmanufacturer.com\/fr\/wp-json\/wp\/v2\/media\/3180"}],"wp:attachment":[{"href":"https:\/\/sprayboothmanufacturer.com\/fr\/wp-json\/wp\/v2\/media?parent=3213"}],"wp:term":[{"taxonomy":"product_brand","embeddable":true,"href":"https:\/\/sprayboothmanufacturer.com\/fr\/wp-json\/wp\/v2\/product_brand?post=3213"},{"taxonomy":"product_cat","embeddable":true,"href":"https:\/\/sprayboothmanufacturer.com\/fr\/wp-json\/wp\/v2\/product_cat?post=3213"},{"taxonomy":"product_tag","embeddable":true,"href":"https:\/\/sprayboothmanufacturer.com\/fr\/wp-json\/wp\/v2\/product_tag?post=3213"}],"curies":[{"name":"wp","href":"https:\/\/api.w.org\/{rel}","templated":true}]}}