{"id":3208,"date":"2026-02-03T08:51:27","date_gmt":"2026-02-03T08:51:27","guid":{"rendered":"https:\/\/sprayboothmanufacturer.com\/?post_type=product&#038;p=3208"},"modified":"2026-02-03T08:51:27","modified_gmt":"2026-02-03T08:51:27","slug":"luxury-spray-booth-complete-package","status":"publish","type":"product","link":"https:\/\/sprayboothmanufacturer.com\/fr\/product\/luxury-spray-booth-complete-package\/","title":{"rendered":"ATK-008C Cabine de pulv\u00e9risation professionnelle de luxe de 8m Pack complet | Avec salle de pr\u00e9paration et de m\u00e9lange | Solution de peinture modulaire pour usage industriel"},"content":{"rendered":"<table style=\"height: 366px;\" width=\"755\">\n<tbody>\n<tr>\n<td width=\"142\"><strong><b>Quantit\u00e9 minimale de commande :<\/b><\/strong><\/td>\n<td width=\"142\">1 pi\u00e8ce<\/td>\n<td width=\"142\"><strong><b>Prix :<\/b><\/strong><\/td>\n<td width=\"142\">\u00c0 n\u00e9gocier<\/td>\n<\/tr>\n<tr>\n<td width=\"142\"><strong><b>D\u00e9tails de l'emballage :<\/b><\/strong><\/td>\n<td width=\"142\">40GP ou 20GP\/unit\u00e9<\/td>\n<td width=\"142\"><strong><b>D\u00e9lai de livraison :<\/b><\/strong><\/td>\n<td width=\"142\">15 jours \u00e0 n\u00e9gocier<\/td>\n<\/tr>\n<tr>\n<td width=\"142\"><strong><b>Conditions de paiement :<\/b><\/strong><\/td>\n<td width=\"142\">L\/C, T\/T<\/td>\n<td width=\"142\"><strong><b>Capacit\u00e9 d'approvisionnement :<\/b><\/strong><\/td>\n<td width=\"142\">50 unit\u00e9(s) par mois, cabine de pulv\u00e9risation industrielle, cabine de pulv\u00e9risation bus<\/td>\n<\/tr>\n<tr>\n<td width=\"142\"><strong><b>Lieu d'origine :<\/b><\/strong><\/td>\n<td width=\"142\">Jiangsu, Chine<\/td>\n<td width=\"142\"><strong><b>Nom de la marque :<\/b><\/strong><\/td>\n<td width=\"142\">Autoke<\/td>\n<\/tr>\n<tr>\n<td width=\"142\"><strong><b>Certification :<\/b><\/strong><\/td>\n<td width=\"142\">CE<\/td>\n<td width=\"142\"><strong><b>Num\u00e9ro de mod\u00e8le :<\/b><\/strong><\/td>\n<td width=\"142\">ATK-008C<\/td>\n<\/tr>\n<\/tbody>\n<\/table>\n<p class=\"ds-markdown-paragraph\"><strong>ATK-008C Cabine de pulv\u00e9risation de luxe de 8 m Solution compl\u00e8te pour atelier<\/strong><\/p>\n<p class=\"ds-markdown-paragraph\">L'ATK-008C est une solution int\u00e9gr\u00e9e pour atelier de peinture professionnelle qui combine une cabine de pulv\u00e9risation principale, une salle de pr\u00e9paration et une salle de m\u00e9lange de peinture en un syst\u00e8me efficace et conforme aux normes environnementales.<\/p>\n<p class=\"ds-markdown-paragraph\"><strong>Composants du syst\u00e8me :<\/strong><\/p>\n<ol start=\"1\">\n<li>\n<p class=\"ds-markdown-paragraph\"><strong>Cabine de pulv\u00e9risation principale de 8 m<\/strong><\/p>\n<ul>\n<li>\n<p class=\"ds-markdown-paragraph\">Dimensions : 8000\u00d74500\u00d74200mm (ext\u00e9rieur), 7900\u00d74400\u00d73500mm (int\u00e9rieur)<\/p>\n<\/li>\n<li>\n<p class=\"ds-markdown-paragraph\">Syst\u00e8me de chauffage : chauffage au diesel (\u00e9lectrique en option) avec br\u00fbleur RIELLO FS20 ; chauffe \u00e0 40\u00b0C en 5\u20138 minutes, max 80\u00b0C<\/p>\n<\/li>\n<li>\n<p class=\"ds-markdown-paragraph\">Ventilation : 2\u00d74KW de ventilateurs d'admission (30 000 m\u00b3\/h) + 1\u00d75,5KW de ventilateur d'\u00e9chappement (19 000 m\u00b3\/h)<\/p>\n<\/li>\n<li>\n<p class=\"ds-markdown-paragraph\">Filtration : syst\u00e8me \u00e0 trois niveaux (primaire &gt;10\u03bcm, plafond &gt;4\u03bcm, sol multi-couches en fibre de verre) pour un fonctionnement sans poussi\u00e8re<\/p>\n<\/li>\n<li>\n<p class=\"ds-markdown-paragraph\">Structure : panneaux en acier color\u00e9 r\u00e9sistants au feu avec laine de roche (100KG\/m\u00b3), toit galvanis\u00e9, base galvanis\u00e9e renforc\u00e9e (capacit\u00e9 de plus de 5 tonnes)<\/p>\n<\/li>\n<\/ul>\n<\/li>\n<li>\n<p class=\"ds-markdown-paragraph\"><strong>Salle de pr\u00e9paration d\u00e9di\u00e9e<\/strong><\/p>\n<ul>\n<li>\n<p class=\"ds-markdown-paragraph\">M\u00eame empreinte que la cabine principale, comprend une bo\u00eete \u00e0 filtre d'extraction de poussi\u00e8re de pon\u00e7age s\u00e8che ind\u00e9pendante<\/p>\n<\/li>\n<li>\n<p class=\"ds-markdown-paragraph\">Syst\u00e8me d'\u00e9chappement de 7,5KW qui capture efficacement la poussi\u00e8re de pon\u00e7age<\/p>\n<\/li>\n<li>\n<p class=\"ds-markdown-paragraph\">Id\u00e9al pour la r\u00e9paration de carrosserie, le pon\u00e7age et les travaux de pr\u00e9traitement<\/p>\n<\/li>\n<\/ul>\n<\/li>\n<li>\n<p class=\"ds-markdown-paragraph\"><strong>Salle de m\u00e9lange de peinture professionnelle<\/strong><\/p>\n<ul>\n<li>\n<p class=\"ds-markdown-paragraph\">Dimensions : 3000\u00d74000\u00d73350mm (ext\u00e9rieur)<\/p>\n<\/li>\n<li>\n<p class=\"ds-markdown-paragraph\">\u00c9quip\u00e9e d'un cabinet de m\u00e9lange de peinture professionnel pour un appariement pr\u00e9cis des couleurs et la containment des fum\u00e9es<\/p>\n<\/li>\n<li>\n<p class=\"ds-markdown-paragraph\">Espace isol\u00e9 garantissant la coh\u00e9rence des couleurs et emp\u00eachant la contamination crois\u00e9e<\/p>\n<\/li>\n<\/ul>\n<\/li>\n<\/ol>\n<p class=\"ds-markdown-paragraph\"><strong>Avantages cl\u00e9s :<\/strong><\/p>\n<ul>\n<li>\n<p class=\"ds-markdown-paragraph\"><strong>Flux de travail rationalis\u00e9<\/strong>: La s\u00e9paration en trois zones emp\u00eache les interf\u00e9rences entre les processus<\/p>\n<\/li>\n<li>\n<p class=\"ds-markdown-paragraph\"><strong>Efficacit\u00e9 \u00c9nerg\u00e9tique<\/strong>: Le chauffage au diesel convient aux zones avec une alimentation \u00e9lectrique instable, avec des co\u00fbts d'exploitation contr\u00f4lables<\/p>\n<\/li>\n<li>\n<p class=\"ds-markdown-paragraph\"><strong>Conformit\u00e9 environnementale<\/strong>: La filtration \u00e0 haute efficacit\u00e9 et la collecte de poussi\u00e8re respectent les normes environnementales<\/p>\n<\/li>\n<li>\n<p class=\"ds-markdown-paragraph\"><strong>Disposition Flexible<\/strong>: Le coffret du ventilateur peut \u00eatre plac\u00e9 \u00e0 gauche, \u00e0 droite ou \u00e0 l'arri\u00e8re pour s'adapter \u00e0 diff\u00e9rents am\u00e9nagements d'atelier<\/p>\n<\/li>\n<\/ul>\n<p class=\"ds-markdown-paragraph\"><strong>Id\u00e9al Pour :<\/strong>\u00a0Grandes ateliers de r\u00e9paration automobile, centres de carrosserie et de peinture, installations d'entretien de bus\/trucks, et ateliers de rev\u00eatement d'\u00e9quipements industriels.<\/p>","protected":false},"excerpt":{"rendered":"<p>L'ATK-008C est un syst\u00e8me complet de peinture professionnelle comprenant une cabine de pulv\u00e9risation principale de 8 m, une salle de pr\u00e9paration d\u00e9di\u00e9e et une salle de m\u00e9lange de peinture. \u00c9quip\u00e9 d'un chauffage diesel efficace, d'une ventilation puissante et d'un syst\u00e8me de filtration \u00e0 trois niveaux, il est id\u00e9al pour la r\u00e9paration automobile, les ateliers de carrosserie et les applications de rev\u00eatement industriel, am\u00e9liorant l'efficacit\u00e9 du flux de travail et la qualit\u00e9 de finition.<\/p>","protected":false},"featured_media":3195,"comment_status":"open","ping_status":"closed","template":"","meta":[],"product_brand":[],"product_cat":[60,59],"product_tag":[75,74,79,73,66,69,68],"class_list":{"0":"post-3208","1":"product","2":"type-product","3":"status-publish","4":"has-post-thumbnail","6":"product_cat-car-spray-booth","7":"product_cat-spray-booth","8":"product_tag-8m-diesel-car-paint-booth","9":"product_tag-8m-electric-car-paint-booth","10":"product_tag-automotive-spray-booth","11":"product_tag-automotive-spray-booth-manufacturer","12":"product_tag-car-spray-booth-manufacturer","13":"product_tag-ce-car-spray-booth","14":"product_tag-customized-car-spray-booth","16":"first","17":"instock","18":"shipping-taxable","19":"product-type-simple"},"yoast_head":"<!-- This site is optimized with the Yoast SEO plugin v27.4 - https:\/\/yoast.com\/product\/yoast-seo-wordpress\/ -->\n<title>ATK-008C Professional 8m Luxury Spray Booth Complete Package | With Preparation &amp; Mixing Room | Modular Painting Solution for Industrial Use - Autoke-China Paint Booth Manufacturer<\/title>\n<meta name=\"robots\" content=\"index, follow, max-snippet:-1, max-image-preview:large, max-video-preview:-1\" \/>\n<link rel=\"canonical\" href=\"https:\/\/sprayboothmanufacturer.com\/fr\/product\/luxury-spray-booth-complete-package\/\" \/>\n<meta property=\"og:locale\" content=\"fr_FR\" \/>\n<meta property=\"og:type\" content=\"article\" \/>\n<meta property=\"og:title\" content=\"ATK-008C Professional 8m Luxury Spray Booth Complete Package | With Preparation &amp; Mixing Room | Modular Painting Solution for Industrial Use - Autoke-China Paint Booth Manufacturer\" \/>\n<meta property=\"og:description\" content=\"The ATK-008C is a complete professional painting system featuring an 8m main spray booth, a dedicated preparation room, and a paint mixing room. Equipped with efficient diesel heating, powerful ventilation, and a three-stage filtration system, it is ideal for automotive repair, body shops, and industrial coating applications, enhancing workflow efficiency and finish quality.\" \/>\n<meta property=\"og:url\" content=\"https:\/\/sprayboothmanufacturer.com\/fr\/product\/luxury-spray-booth-complete-package\/\" \/>\n<meta property=\"og:site_name\" content=\"Autoke-China Paint Booth Manufacturer\" \/>\n<meta property=\"og:image\" content=\"https:\/\/sprayboothmanufacturer.com\/wp-content\/uploads\/2026\/02\/27.png\" \/>\n\t<meta property=\"og:image:width\" content=\"800\" \/>\n\t<meta property=\"og:image:height\" content=\"800\" \/>\n\t<meta property=\"og:image:type\" content=\"image\/png\" \/>\n<meta name=\"twitter:card\" content=\"summary_large_image\" \/>\n<meta name=\"twitter:label1\" content=\"Dur\u00e9e de lecture estim\u00e9e\" \/>\n\t<meta name=\"twitter:data1\" content=\"2 minutes\" \/>\n<script type=\"application\/ld+json\" class=\"yoast-schema-graph\">{\"@context\":\"https:\\\/\\\/schema.org\",\"@graph\":[{\"@type\":\"WebPage\",\"@id\":\"https:\\\/\\\/sprayboothmanufacturer.com\\\/product\\\/luxury-spray-booth-complete-package\\\/\",\"url\":\"https:\\\/\\\/sprayboothmanufacturer.com\\\/product\\\/luxury-spray-booth-complete-package\\\/\",\"name\":\"ATK-008C Professional 8m Luxury Spray Booth Complete Package | With Preparation & Mixing Room | Modular Painting Solution for Industrial Use - Autoke-China Paint Booth Manufacturer\",\"isPartOf\":{\"@id\":\"https:\\\/\\\/sprayboothmanufacturer.com\\\/#website\"},\"primaryImageOfPage\":{\"@id\":\"https:\\\/\\\/sprayboothmanufacturer.com\\\/product\\\/luxury-spray-booth-complete-package\\\/#primaryimage\"},\"image\":{\"@id\":\"https:\\\/\\\/sprayboothmanufacturer.com\\\/product\\\/luxury-spray-booth-complete-package\\\/#primaryimage\"},\"thumbnailUrl\":\"https:\\\/\\\/sprayboothmanufacturer.com\\\/wp-content\\\/uploads\\\/2026\\\/02\\\/27.png\",\"datePublished\":\"2026-02-03T08:51:27+00:00\",\"breadcrumb\":{\"@id\":\"https:\\\/\\\/sprayboothmanufacturer.com\\\/product\\\/luxury-spray-booth-complete-package\\\/#breadcrumb\"},\"inLanguage\":\"fr-FR\",\"potentialAction\":[{\"@type\":\"ReadAction\",\"target\":[\"https:\\\/\\\/sprayboothmanufacturer.com\\\/product\\\/luxury-spray-booth-complete-package\\\/\"]}]},{\"@type\":\"ImageObject\",\"inLanguage\":\"fr-FR\",\"@id\":\"https:\\\/\\\/sprayboothmanufacturer.com\\\/product\\\/luxury-spray-booth-complete-package\\\/#primaryimage\",\"url\":\"https:\\\/\\\/sprayboothmanufacturer.com\\\/wp-content\\\/uploads\\\/2026\\\/02\\\/27.png\",\"contentUrl\":\"https:\\\/\\\/sprayboothmanufacturer.com\\\/wp-content\\\/uploads\\\/2026\\\/02\\\/27.png\",\"width\":800,\"height\":800,\"caption\":\"Automotive Paint Booth\"},{\"@type\":\"BreadcrumbList\",\"@id\":\"https:\\\/\\\/sprayboothmanufacturer.com\\\/product\\\/luxury-spray-booth-complete-package\\\/#breadcrumb\",\"itemListElement\":[{\"@type\":\"ListItem\",\"position\":1,\"name\":\"Home\",\"item\":\"https:\\\/\\\/sprayboothmanufacturer.com\\\/\"},{\"@type\":\"ListItem\",\"position\":2,\"name\":\"\u4ea7\u54c1\",\"item\":\"https:\\\/\\\/sprayboothmanufacturer.com\\\/shop__trashed\\\/\"},{\"@type\":\"ListItem\",\"position\":3,\"name\":\"ATK-008C Professional 8m Luxury Spray Booth Complete Package | With Preparation &#038; Mixing Room | Modular Painting Solution for Industrial Use\"}]},{\"@type\":\"WebSite\",\"@id\":\"https:\\\/\\\/sprayboothmanufacturer.com\\\/#website\",\"url\":\"https:\\\/\\\/sprayboothmanufacturer.com\\\/\",\"name\":\"Autoke-China Paint Booth Manufacturer\",\"description\":\"\",\"publisher\":{\"@id\":\"https:\\\/\\\/sprayboothmanufacturer.com\\\/#organization\"},\"potentialAction\":[{\"@type\":\"SearchAction\",\"target\":{\"@type\":\"EntryPoint\",\"urlTemplate\":\"https:\\\/\\\/sprayboothmanufacturer.com\\\/?s={search_term_string}\"},\"query-input\":{\"@type\":\"PropertyValueSpecification\",\"valueRequired\":true,\"valueName\":\"search_term_string\"}}],\"inLanguage\":\"fr-FR\"},{\"@type\":\"Organization\",\"@id\":\"https:\\\/\\\/sprayboothmanufacturer.com\\\/#organization\",\"name\":\"Autoke-China Paint Booth Manufacturer\",\"url\":\"https:\\\/\\\/sprayboothmanufacturer.com\\\/\",\"logo\":{\"@type\":\"ImageObject\",\"inLanguage\":\"fr-FR\",\"@id\":\"https:\\\/\\\/sprayboothmanufacturer.com\\\/#\\\/schema\\\/logo\\\/image\\\/\",\"url\":\"https:\\\/\\\/sprayboothmanufacturer.com\\\/wp-content\\\/uploads\\\/2025\\\/12\\\/\u5fae\u4fe1\u56fe\u7247_20260113195103_1750_4-scaled-e1768394147958.png\",\"contentUrl\":\"https:\\\/\\\/sprayboothmanufacturer.com\\\/wp-content\\\/uploads\\\/2025\\\/12\\\/\u5fae\u4fe1\u56fe\u7247_20260113195103_1750_4-scaled-e1768394147958.png\",\"width\":1740,\"height\":538,\"caption\":\"Autoke-China Paint Booth Manufacturer\"},\"image\":{\"@id\":\"https:\\\/\\\/sprayboothmanufacturer.com\\\/#\\\/schema\\\/logo\\\/image\\\/\"}}]}<\/script>\n<!-- \/ Yoast SEO plugin. -->","yoast_head_json":{"title":"ATK-008C Cabine de pulv\u00e9risation de luxe professionnelle de 8 m, pack complet | Avec salle de pr\u00e9paration et de m\u00e9lange | Solution de peinture modulaire pour usage industriel - Fabricant de cabines de peinture Autoke-France","robots":{"index":"index","follow":"follow","max-snippet":"max-snippet:-1","max-image-preview":"max-image-preview:large","max-video-preview":"max-video-preview:-1"},"canonical":"https:\/\/sprayboothmanufacturer.com\/fr\/product\/luxury-spray-booth-complete-package\/","og_locale":"fr_FR","og_type":"article","og_title":"ATK-008C Professional 8m Luxury Spray Booth Complete Package | With Preparation & Mixing Room | Modular Painting Solution for Industrial Use - Autoke-China Paint Booth Manufacturer","og_description":"The ATK-008C is a complete professional painting system featuring an 8m main spray booth, a dedicated preparation room, and a paint mixing room. Equipped with efficient diesel heating, powerful ventilation, and a three-stage filtration system, it is ideal for automotive repair, body shops, and industrial coating applications, enhancing workflow efficiency and finish quality.","og_url":"https:\/\/sprayboothmanufacturer.com\/fr\/product\/luxury-spray-booth-complete-package\/","og_site_name":"Autoke-China Paint Booth Manufacturer","og_image":[{"width":800,"height":800,"url":"https:\/\/sprayboothmanufacturer.com\/wp-content\/uploads\/2026\/02\/27.png","type":"image\/png"}],"twitter_card":"summary_large_image","twitter_misc":{"Dur\u00e9e de lecture estim\u00e9e":"2 minutes"},"schema":{"@context":"https:\/\/schema.org","@graph":[{"@type":"WebPage","@id":"https:\/\/sprayboothmanufacturer.com\/product\/luxury-spray-booth-complete-package\/","url":"https:\/\/sprayboothmanufacturer.com\/product\/luxury-spray-booth-complete-package\/","name":"ATK-008C Cabine de pulv\u00e9risation de luxe professionnelle de 8 m, pack complet | Avec salle de pr\u00e9paration et de m\u00e9lange | Solution de peinture modulaire pour usage industriel - Fabricant de cabines de peinture Autoke-France","isPartOf":{"@id":"https:\/\/sprayboothmanufacturer.com\/#website"},"primaryImageOfPage":{"@id":"https:\/\/sprayboothmanufacturer.com\/product\/luxury-spray-booth-complete-package\/#primaryimage"},"image":{"@id":"https:\/\/sprayboothmanufacturer.com\/product\/luxury-spray-booth-complete-package\/#primaryimage"},"thumbnailUrl":"https:\/\/sprayboothmanufacturer.com\/wp-content\/uploads\/2026\/02\/27.png","datePublished":"2026-02-03T08:51:27+00:00","breadcrumb":{"@id":"https:\/\/sprayboothmanufacturer.com\/product\/luxury-spray-booth-complete-package\/#breadcrumb"},"inLanguage":"fr-FR","potentialAction":[{"@type":"ReadAction","target":["https:\/\/sprayboothmanufacturer.com\/product\/luxury-spray-booth-complete-package\/"]}]},{"@type":"ImageObject","inLanguage":"fr-FR","@id":"https:\/\/sprayboothmanufacturer.com\/product\/luxury-spray-booth-complete-package\/#primaryimage","url":"https:\/\/sprayboothmanufacturer.com\/wp-content\/uploads\/2026\/02\/27.png","contentUrl":"https:\/\/sprayboothmanufacturer.com\/wp-content\/uploads\/2026\/02\/27.png","width":800,"height":800,"caption":"Automotive Paint Booth"},{"@type":"BreadcrumbList","@id":"https:\/\/sprayboothmanufacturer.com\/product\/luxury-spray-booth-complete-package\/#breadcrumb","itemListElement":[{"@type":"ListItem","position":1,"name":"Home","item":"https:\/\/sprayboothmanufacturer.com\/"},{"@type":"ListItem","position":2,"name":"\u4ea7\u54c1","item":"https:\/\/sprayboothmanufacturer.com\/shop__trashed\/"},{"@type":"ListItem","position":3,"name":"ATK-008C Professional 8m Luxury Spray Booth Complete Package | With Preparation &#038; Mixing Room | Modular Painting Solution for Industrial Use"}]},{"@type":"WebSite","@id":"https:\/\/sprayboothmanufacturer.com\/#website","url":"https:\/\/sprayboothmanufacturer.com\/","name":"Fabricant de cabines de peinture Autoke-Chine","description":"","publisher":{"@id":"https:\/\/sprayboothmanufacturer.com\/#organization"},"potentialAction":[{"@type":"SearchAction","target":{"@type":"EntryPoint","urlTemplate":"https:\/\/sprayboothmanufacturer.com\/?s={search_term_string}"},"query-input":{"@type":"PropertyValueSpecification","valueRequired":true,"valueName":"search_term_string"}}],"inLanguage":"fr-FR"},{"@type":"Organization","@id":"https:\/\/sprayboothmanufacturer.com\/#organization","name":"Fabricant de cabines de peinture Autoke-Chine","url":"https:\/\/sprayboothmanufacturer.com\/","logo":{"@type":"ImageObject","inLanguage":"fr-FR","@id":"https:\/\/sprayboothmanufacturer.com\/#\/schema\/logo\/image\/","url":"https:\/\/sprayboothmanufacturer.com\/wp-content\/uploads\/2025\/12\/\u5fae\u4fe1\u56fe\u7247_20260113195103_1750_4-scaled-e1768394147958.png","contentUrl":"https:\/\/sprayboothmanufacturer.com\/wp-content\/uploads\/2025\/12\/\u5fae\u4fe1\u56fe\u7247_20260113195103_1750_4-scaled-e1768394147958.png","width":1740,"height":538,"caption":"Autoke-China Paint Booth Manufacturer"},"image":{"@id":"https:\/\/sprayboothmanufacturer.com\/#\/schema\/logo\/image\/"}}]}},"_links":{"self":[{"href":"https:\/\/sprayboothmanufacturer.com\/fr\/wp-json\/wp\/v2\/product\/3208","targetHints":{"allow":["GET"]}}],"collection":[{"href":"https:\/\/sprayboothmanufacturer.com\/fr\/wp-json\/wp\/v2\/product"}],"about":[{"href":"https:\/\/sprayboothmanufacturer.com\/fr\/wp-json\/wp\/v2\/types\/product"}],"replies":[{"embeddable":true,"href":"https:\/\/sprayboothmanufacturer.com\/fr\/wp-json\/wp\/v2\/comments?post=3208"}],"version-history":[{"count":1,"href":"https:\/\/sprayboothmanufacturer.com\/fr\/wp-json\/wp\/v2\/product\/3208\/revisions"}],"predecessor-version":[{"id":3212,"href":"https:\/\/sprayboothmanufacturer.com\/fr\/wp-json\/wp\/v2\/product\/3208\/revisions\/3212"}],"wp:featuredmedia":[{"embeddable":true,"href":"https:\/\/sprayboothmanufacturer.com\/fr\/wp-json\/wp\/v2\/media\/3195"}],"wp:attachment":[{"href":"https:\/\/sprayboothmanufacturer.com\/fr\/wp-json\/wp\/v2\/media?parent=3208"}],"wp:term":[{"taxonomy":"product_brand","embeddable":true,"href":"https:\/\/sprayboothmanufacturer.com\/fr\/wp-json\/wp\/v2\/product_brand?post=3208"},{"taxonomy":"product_cat","embeddable":true,"href":"https:\/\/sprayboothmanufacturer.com\/fr\/wp-json\/wp\/v2\/product_cat?post=3208"},{"taxonomy":"product_tag","embeddable":true,"href":"https:\/\/sprayboothmanufacturer.com\/fr\/wp-json\/wp\/v2\/product_tag?post=3208"}],"curies":[{"name":"wp","href":"https:\/\/api.w.org\/{rel}","templated":true}]}}