{"id":3167,"date":"2026-02-03T08:23:56","date_gmt":"2026-02-03T08:23:56","guid":{"rendered":"https:\/\/sprayboothmanufacturer.com\/?post_type=product&#038;p=3167"},"modified":"2026-02-03T08:23:56","modified_gmt":"2026-02-03T08:23:56","slug":"luxury-electric-heating-spray-booth","status":"publish","type":"product","link":"https:\/\/sprayboothmanufacturer.com\/fr\/product\/luxury-electric-heating-spray-booth\/","title":{"rendered":"Cabine de pulv\u00e9risation \u00e9lectrique de luxe chauff\u00e9e de 7m | Mod\u00e8le ATK-001 | Contr\u00f4le intelligent de la temp\u00e9rature | Syst\u00e8me de filtration haute efficacit\u00e9 | Id\u00e9al pour la peinture et la r\u00e9paration automobile"},"content":{"rendered":"<table style=\"height: 120px;\" width=\"836\">\n<tbody>\n<tr>\n<td width=\"142\"><strong><b>Quantit\u00e9 minimale de commande :<\/b><\/strong><\/td>\n<td width=\"142\">1 pi\u00e8ce<\/td>\n<td width=\"142\"><strong><b>Prix :<\/b><\/strong><\/td>\n<td width=\"142\">\u00c0 n\u00e9gocier<\/td>\n<\/tr>\n<tr>\n<td width=\"142\"><strong><b>D\u00e9tails de l'emballage :<\/b><\/strong><\/td>\n<td width=\"142\">40GP ou 20GP\/unit\u00e9<\/td>\n<td width=\"142\"><strong><b>D\u00e9lai de livraison :<\/b><\/strong><\/td>\n<td width=\"142\">15 jours \u00e0 n\u00e9gocier<\/td>\n<\/tr>\n<tr>\n<td width=\"142\"><strong><b>Conditions de paiement :<\/b><\/strong><\/td>\n<td width=\"142\">L\/C, T\/T<\/td>\n<td width=\"142\"><strong><b>Capacit\u00e9 d'approvisionnement :<\/b><\/strong><\/td>\n<td width=\"142\">50 unit\u00e9(s) par mois, cabine de pulv\u00e9risation industrielle, cabine de pulv\u00e9risation bus<\/td>\n<\/tr>\n<tr>\n<td width=\"142\"><strong><b>Lieu d'origine :<\/b><\/strong><\/td>\n<td width=\"142\">Jiangsu, Chine<\/td>\n<td width=\"142\"><strong><b>Nom de la marque :<\/b><\/strong><\/td>\n<td width=\"142\">Autoke<\/td>\n<\/tr>\n<tr>\n<td width=\"142\"><strong><b>Certification :<\/b><\/strong><\/td>\n<td width=\"142\">CE<\/td>\n<td width=\"142\"><strong><b>Num\u00e9ro de mod\u00e8le :<\/b><\/strong><\/td>\n<td width=\"142\">ATK-001D<\/td>\n<\/tr>\n<\/tbody>\n<\/table>\n<h2>Description du produit<\/h2>\n<table>\n<thead>\n<tr>\n<th>Cat\u00e9gorie<\/th>\n<th>Sp\u00e9cifications<\/th>\n<\/tr>\n<\/thead>\n<tbody>\n<tr>\n<td><strong>Informations de base<\/strong><\/td>\n<td>Mod\u00e8le : ATK-001<br \/>\nNom du produit : Cabine de pulv\u00e9risation \u00e9lectrique de luxe de 7 m<br \/>\nType de chauffage : Chauffage \u00e9lectrique<br \/>\nApplication : Peinture automobile, r\u00e9paration de carrosserie, rev\u00eatement industriel<\/td>\n<\/tr>\n<tr>\n<td><strong>Dimensions<\/strong><\/td>\n<td>Dimension ext\u00e9rieure : 7000\u00d74000\u00d73500mm (L\u00d7l\u00d7H)<br \/>\nDimension int\u00e9rieure : 6900\u00d73900\u00d72700mm (L\u00d7l\u00d7H)<br \/>\nDimension de l'emballage : 4,2\u00d72,2\u00d72,1m, environ 19 m\u00b3<\/td>\n<\/tr>\n<tr>\n<td><strong>Poids &amp; Exp\u00e9dition<\/strong><\/td>\n<td>Poids net : Environ 3500 kg<br \/>\nConteneur recommand\u00e9 : 1 ensemble en 20GP, 3 ensembles en 40HQ<\/td>\n<\/tr>\n<tr>\n<td><strong>Structure &amp; Mat\u00e9riaux<\/strong><\/td>\n<td>Panneau mural : Panneau composite en acier color\u00e9 ignifuge \u00e0 double couche avec isolation en laine de roche (100KG\/m\u00b3)<br \/>\nToit : T\u00f4le d'acier galvanis\u00e9, r\u00e9sistant au feu<br \/>\nSous-sol : T\u00f4le d'acier galvanis\u00e9 + assemblage de tubes carr\u00e9s, avec grilles anti-rouille et planchers de marche<br \/>\nPortes : Trois portes m\u00e9talliques principales (avec verre haute temp\u00e9rature), porte de s\u00e9curit\u00e9 lat\u00e9rale<\/td>\n<\/tr>\n<tr>\n<td><strong>Syst\u00e8me \u00c9lectrique<\/strong><\/td>\n<td>Tension\/Fr\u00e9quence : 220V\/380V, 50Hz<br \/>\nPuissance Totale : 38 KW (Version Chauffage \u00c9lectrique)<br \/>\nSyst\u00e8me de Chauffage : 10 ensembles de lampes halog\u00e8nes infrarouges de cuisson, total 30KW<br \/>\nSyst\u00e8me d'\u00c9clairage : 24\u00d718W LED plafonniers + 8\u00d748W LED muraux lat\u00e9raux<\/td>\n<\/tr>\n<tr>\n<td><strong>Ventilation &amp; Filtration<\/strong><\/td>\n<td>Ventilateur d'Admission : 1\u00d75,5KW ventilateur centrifuge \u00e0 double admission<br \/>\nVentilateur d'\u00c9chappement : 1\u00d77,5KW ventilateur centrifuge<br \/>\nSyst\u00e8me de Filtration : Filtre primaire (&gt;10\u03bcm, efficacit\u00e9 &gt;90%), filtre de plafond (&gt;4\u03bcm, efficacit\u00e9 &gt;98%), filtre au sol (multi-couches en fibre de verre, efficacit\u00e9 &gt;90%)<\/td>\n<\/tr>\n<tr>\n<td><strong>Syst\u00e8me de contr\u00f4le<\/strong><\/td>\n<td>Panneau de contr\u00f4le intelligent avec fonctions de pulv\u00e9risation, cuisson, r\u00e9glage de la temp\u00e9rature, minuterie et arr\u00eat d'urgence<\/td>\n<\/tr>\n<tr>\n<td><strong>Garantie &amp; Livraison<\/strong><\/td>\n<td>Garantie : 12 mois \u00e0 partir de la date de connaissement<br \/>\nD\u00e9lai de livraison : dans les 30 jours apr\u00e8s r\u00e9ception du paiement int\u00e9gral<\/td>\n<\/tr>\n<tr>\n<td><strong>Conditions de paiement<\/strong><\/td>\n<td>100% T\/T \u00e0 l'avance<\/td>\n<\/tr>\n<\/tbody>\n<\/table>","protected":false},"excerpt":{"rendered":"<p>Con\u00e7u sp\u00e9cifiquement pour les utilisateurs recherchant une haute efficacit\u00e9 \u00e9nerg\u00e9tique et un environnement de peinture stable, ce syst\u00e8me utilise un syst\u00e8me de chauffage au diesel pour un chauffage rapide et des co\u00fbts d'exploitation faibles, ce qui le rend particuli\u00e8rement adapt\u00e9 aux zones avec une \u00e9lectricit\u00e9 instable ou co\u00fbteuse. \u00c9quip\u00e9 d'un contr\u00f4le intelligent de la temp\u00e9rature, d'une filtration haute efficacit\u00e9 et d'un syst\u00e8me de ventilation puissant, il garantit la qualit\u00e9 de la peinture et la s\u00e9curit\u00e9 op\u00e9rationnelle, en faisant un choix fiable pour la r\u00e9paration automobile et le rev\u00eatement industriel.<\/p>","protected":false},"featured_media":3171,"comment_status":"open","ping_status":"closed","template":"","meta":[],"product_brand":[76],"product_cat":[60,59],"product_tag":[79,73,63,72,66,69,68],"class_list":{"0":"post-3167","1":"product","2":"type-product","3":"status-publish","4":"has-post-thumbnail","6":"product_brand-autoke","7":"product_cat-car-spray-booth","8":"product_cat-spray-booth","9":"product_tag-automotive-spray-booth","10":"product_tag-automotive-spray-booth-manufacturer","11":"product_tag-car-spray-booth","12":"product_tag-car-spray-booth-factory","13":"product_tag-car-spray-booth-manufacturer","14":"product_tag-ce-car-spray-booth","15":"product_tag-customized-car-spray-booth","17":"first","18":"instock","19":"shipping-taxable","20":"product-type-simple"},"yoast_head":"<!-- This site is optimized with the Yoast SEO plugin v27.4 - https:\/\/yoast.com\/product\/yoast-seo-wordpress\/ -->\n<title>7m Luxury Electric Heating Spray Booth | Model ATK-001 | Intelligent Temperature Control | High-Efficiency Filtration System | Ideal for Automotive Painting &amp; Repair - Autoke-China Paint Booth Manufacturer<\/title>\n<meta name=\"robots\" content=\"index, follow, max-snippet:-1, max-image-preview:large, max-video-preview:-1\" \/>\n<link rel=\"canonical\" href=\"https:\/\/sprayboothmanufacturer.com\/fr\/product\/luxury-electric-heating-spray-booth\/\" \/>\n<meta property=\"og:locale\" content=\"fr_FR\" \/>\n<meta property=\"og:type\" content=\"article\" \/>\n<meta property=\"og:title\" content=\"7m Luxury Electric Heating Spray Booth | Model ATK-001 | Intelligent Temperature Control | High-Efficiency Filtration System | Ideal for Automotive Painting &amp; Repair - Autoke-China Paint Booth Manufacturer\" \/>\n<meta property=\"og:description\" content=\"Designed specifically for users seeking high energy efficiency and a stable painting environment, this system utilizes a diesel heating system for rapid heating and low operating costs, making it particularly suitable for areas with unstable or high-cost electricity. Equipped with intelligent temperature control, high-efficiency filtration, and a powerful ventilation system, it ensures painting quality and operational safety, making it a reliable choice for automotive repair and industrial coating.\" \/>\n<meta property=\"og:url\" content=\"https:\/\/sprayboothmanufacturer.com\/fr\/product\/luxury-electric-heating-spray-booth\/\" \/>\n<meta property=\"og:site_name\" content=\"Autoke-China Paint Booth Manufacturer\" \/>\n<meta property=\"og:image\" content=\"https:\/\/sprayboothmanufacturer.com\/wp-content\/uploads\/2026\/02\/1.png\" \/>\n\t<meta property=\"og:image:width\" content=\"800\" \/>\n\t<meta property=\"og:image:height\" content=\"800\" \/>\n\t<meta property=\"og:image:type\" content=\"image\/png\" \/>\n<meta name=\"twitter:card\" content=\"summary_large_image\" \/>\n<meta name=\"twitter:label1\" content=\"Dur\u00e9e de lecture estim\u00e9e\" \/>\n\t<meta name=\"twitter:data1\" content=\"2 minutes\" \/>\n<script type=\"application\/ld+json\" class=\"yoast-schema-graph\">{\"@context\":\"https:\\\/\\\/schema.org\",\"@graph\":[{\"@type\":\"WebPage\",\"@id\":\"https:\\\/\\\/sprayboothmanufacturer.com\\\/product\\\/luxury-electric-heating-spray-booth\\\/\",\"url\":\"https:\\\/\\\/sprayboothmanufacturer.com\\\/product\\\/luxury-electric-heating-spray-booth\\\/\",\"name\":\"7m Luxury Electric Heating Spray Booth | Model ATK-001 | Intelligent Temperature Control | High-Efficiency Filtration System | Ideal for Automotive Painting & Repair - Autoke-China Paint Booth Manufacturer\",\"isPartOf\":{\"@id\":\"https:\\\/\\\/sprayboothmanufacturer.com\\\/#website\"},\"primaryImageOfPage\":{\"@id\":\"https:\\\/\\\/sprayboothmanufacturer.com\\\/product\\\/luxury-electric-heating-spray-booth\\\/#primaryimage\"},\"image\":{\"@id\":\"https:\\\/\\\/sprayboothmanufacturer.com\\\/product\\\/luxury-electric-heating-spray-booth\\\/#primaryimage\"},\"thumbnailUrl\":\"https:\\\/\\\/sprayboothmanufacturer.com\\\/wp-content\\\/uploads\\\/2026\\\/02\\\/1.png\",\"datePublished\":\"2026-02-03T08:23:56+00:00\",\"breadcrumb\":{\"@id\":\"https:\\\/\\\/sprayboothmanufacturer.com\\\/product\\\/luxury-electric-heating-spray-booth\\\/#breadcrumb\"},\"inLanguage\":\"fr-FR\",\"potentialAction\":[{\"@type\":\"ReadAction\",\"target\":[\"https:\\\/\\\/sprayboothmanufacturer.com\\\/product\\\/luxury-electric-heating-spray-booth\\\/\"]}]},{\"@type\":\"ImageObject\",\"inLanguage\":\"fr-FR\",\"@id\":\"https:\\\/\\\/sprayboothmanufacturer.com\\\/product\\\/luxury-electric-heating-spray-booth\\\/#primaryimage\",\"url\":\"https:\\\/\\\/sprayboothmanufacturer.com\\\/wp-content\\\/uploads\\\/2026\\\/02\\\/1.png\",\"contentUrl\":\"https:\\\/\\\/sprayboothmanufacturer.com\\\/wp-content\\\/uploads\\\/2026\\\/02\\\/1.png\",\"width\":800,\"height\":800},{\"@type\":\"BreadcrumbList\",\"@id\":\"https:\\\/\\\/sprayboothmanufacturer.com\\\/product\\\/luxury-electric-heating-spray-booth\\\/#breadcrumb\",\"itemListElement\":[{\"@type\":\"ListItem\",\"position\":1,\"name\":\"Home\",\"item\":\"https:\\\/\\\/sprayboothmanufacturer.com\\\/\"},{\"@type\":\"ListItem\",\"position\":2,\"name\":\"\u4ea7\u54c1\",\"item\":\"https:\\\/\\\/sprayboothmanufacturer.com\\\/shop__trashed\\\/\"},{\"@type\":\"ListItem\",\"position\":3,\"name\":\"7m Luxury Electric Heating Spray Booth | Model ATK-001 | Intelligent Temperature Control | High-Efficiency Filtration System | Ideal for Automotive Painting &#038; Repair\"}]},{\"@type\":\"WebSite\",\"@id\":\"https:\\\/\\\/sprayboothmanufacturer.com\\\/#website\",\"url\":\"https:\\\/\\\/sprayboothmanufacturer.com\\\/\",\"name\":\"Autoke-China Paint Booth Manufacturer\",\"description\":\"\",\"publisher\":{\"@id\":\"https:\\\/\\\/sprayboothmanufacturer.com\\\/#organization\"},\"potentialAction\":[{\"@type\":\"SearchAction\",\"target\":{\"@type\":\"EntryPoint\",\"urlTemplate\":\"https:\\\/\\\/sprayboothmanufacturer.com\\\/?s={search_term_string}\"},\"query-input\":{\"@type\":\"PropertyValueSpecification\",\"valueRequired\":true,\"valueName\":\"search_term_string\"}}],\"inLanguage\":\"fr-FR\"},{\"@type\":\"Organization\",\"@id\":\"https:\\\/\\\/sprayboothmanufacturer.com\\\/#organization\",\"name\":\"Autoke-China Paint Booth Manufacturer\",\"url\":\"https:\\\/\\\/sprayboothmanufacturer.com\\\/\",\"logo\":{\"@type\":\"ImageObject\",\"inLanguage\":\"fr-FR\",\"@id\":\"https:\\\/\\\/sprayboothmanufacturer.com\\\/#\\\/schema\\\/logo\\\/image\\\/\",\"url\":\"https:\\\/\\\/sprayboothmanufacturer.com\\\/wp-content\\\/uploads\\\/2025\\\/12\\\/\u5fae\u4fe1\u56fe\u7247_20260113195103_1750_4-scaled-e1768394147958.png\",\"contentUrl\":\"https:\\\/\\\/sprayboothmanufacturer.com\\\/wp-content\\\/uploads\\\/2025\\\/12\\\/\u5fae\u4fe1\u56fe\u7247_20260113195103_1750_4-scaled-e1768394147958.png\",\"width\":1740,\"height\":538,\"caption\":\"Autoke-China Paint Booth Manufacturer\"},\"image\":{\"@id\":\"https:\\\/\\\/sprayboothmanufacturer.com\\\/#\\\/schema\\\/logo\\\/image\\\/\"}}]}<\/script>\n<!-- \/ Yoast SEO plugin. -->","yoast_head_json":{"title":"Cabine de pulv\u00e9risation \u00e9lectrique de luxe 7m | Mod\u00e8le ATK-001 | Contr\u00f4le de temp\u00e9rature intelligent | Syst\u00e8me de filtration haute efficacit\u00e9 | Id\u00e9al pour la peinture et la r\u00e9paration automobile","robots":{"index":"index","follow":"follow","max-snippet":"max-snippet:-1","max-image-preview":"max-image-preview:large","max-video-preview":"max-video-preview:-1"},"canonical":"https:\/\/sprayboothmanufacturer.com\/fr\/product\/luxury-electric-heating-spray-booth\/","og_locale":"fr_FR","og_type":"article","og_title":"7m Luxury Electric Heating Spray Booth | Model ATK-001 | Intelligent Temperature Control | High-Efficiency Filtration System | Ideal for Automotive Painting & Repair - Autoke-China Paint Booth Manufacturer","og_description":"Designed specifically for users seeking high energy efficiency and a stable painting environment, this system utilizes a diesel heating system for rapid heating and low operating costs, making it particularly suitable for areas with unstable or high-cost electricity. Equipped with intelligent temperature control, high-efficiency filtration, and a powerful ventilation system, it ensures painting quality and operational safety, making it a reliable choice for automotive repair and industrial coating.","og_url":"https:\/\/sprayboothmanufacturer.com\/fr\/product\/luxury-electric-heating-spray-booth\/","og_site_name":"Autoke-China Paint Booth Manufacturer","og_image":[{"width":800,"height":800,"url":"https:\/\/sprayboothmanufacturer.com\/wp-content\/uploads\/2026\/02\/1.png","type":"image\/png"}],"twitter_card":"summary_large_image","twitter_misc":{"Dur\u00e9e de lecture estim\u00e9e":"2 minutes"},"schema":{"@context":"https:\/\/schema.org","@graph":[{"@type":"WebPage","@id":"https:\/\/sprayboothmanufacturer.com\/product\/luxury-electric-heating-spray-booth\/","url":"https:\/\/sprayboothmanufacturer.com\/product\/luxury-electric-heating-spray-booth\/","name":"Cabine de pulv\u00e9risation \u00e9lectrique de luxe 7m | Mod\u00e8le ATK-001 | Contr\u00f4le de temp\u00e9rature intelligent | Syst\u00e8me de filtration haute efficacit\u00e9 | Id\u00e9al pour la peinture et la r\u00e9paration automobile","isPartOf":{"@id":"https:\/\/sprayboothmanufacturer.com\/#website"},"primaryImageOfPage":{"@id":"https:\/\/sprayboothmanufacturer.com\/product\/luxury-electric-heating-spray-booth\/#primaryimage"},"image":{"@id":"https:\/\/sprayboothmanufacturer.com\/product\/luxury-electric-heating-spray-booth\/#primaryimage"},"thumbnailUrl":"https:\/\/sprayboothmanufacturer.com\/wp-content\/uploads\/2026\/02\/1.png","datePublished":"2026-02-03T08:23:56+00:00","breadcrumb":{"@id":"https:\/\/sprayboothmanufacturer.com\/product\/luxury-electric-heating-spray-booth\/#breadcrumb"},"inLanguage":"fr-FR","potentialAction":[{"@type":"ReadAction","target":["https:\/\/sprayboothmanufacturer.com\/product\/luxury-electric-heating-spray-booth\/"]}]},{"@type":"ImageObject","inLanguage":"fr-FR","@id":"https:\/\/sprayboothmanufacturer.com\/product\/luxury-electric-heating-spray-booth\/#primaryimage","url":"https:\/\/sprayboothmanufacturer.com\/wp-content\/uploads\/2026\/02\/1.png","contentUrl":"https:\/\/sprayboothmanufacturer.com\/wp-content\/uploads\/2026\/02\/1.png","width":800,"height":800},{"@type":"BreadcrumbList","@id":"https:\/\/sprayboothmanufacturer.com\/product\/luxury-electric-heating-spray-booth\/#breadcrumb","itemListElement":[{"@type":"ListItem","position":1,"name":"Home","item":"https:\/\/sprayboothmanufacturer.com\/"},{"@type":"ListItem","position":2,"name":"\u4ea7\u54c1","item":"https:\/\/sprayboothmanufacturer.com\/shop__trashed\/"},{"@type":"ListItem","position":3,"name":"7m Luxury Electric Heating Spray Booth | Model ATK-001 | Intelligent Temperature Control | High-Efficiency Filtration System | Ideal for Automotive Painting &#038; Repair"}]},{"@type":"WebSite","@id":"https:\/\/sprayboothmanufacturer.com\/#website","url":"https:\/\/sprayboothmanufacturer.com\/","name":"Fabricant de cabines de peinture Autoke-Chine","description":"","publisher":{"@id":"https:\/\/sprayboothmanufacturer.com\/#organization"},"potentialAction":[{"@type":"SearchAction","target":{"@type":"EntryPoint","urlTemplate":"https:\/\/sprayboothmanufacturer.com\/?s={search_term_string}"},"query-input":{"@type":"PropertyValueSpecification","valueRequired":true,"valueName":"search_term_string"}}],"inLanguage":"fr-FR"},{"@type":"Organization","@id":"https:\/\/sprayboothmanufacturer.com\/#organization","name":"Fabricant de cabines de peinture Autoke-Chine","url":"https:\/\/sprayboothmanufacturer.com\/","logo":{"@type":"ImageObject","inLanguage":"fr-FR","@id":"https:\/\/sprayboothmanufacturer.com\/#\/schema\/logo\/image\/","url":"https:\/\/sprayboothmanufacturer.com\/wp-content\/uploads\/2025\/12\/\u5fae\u4fe1\u56fe\u7247_20260113195103_1750_4-scaled-e1768394147958.png","contentUrl":"https:\/\/sprayboothmanufacturer.com\/wp-content\/uploads\/2025\/12\/\u5fae\u4fe1\u56fe\u7247_20260113195103_1750_4-scaled-e1768394147958.png","width":1740,"height":538,"caption":"Autoke-China Paint Booth Manufacturer"},"image":{"@id":"https:\/\/sprayboothmanufacturer.com\/#\/schema\/logo\/image\/"}}]}},"_links":{"self":[{"href":"https:\/\/sprayboothmanufacturer.com\/fr\/wp-json\/wp\/v2\/product\/3167","targetHints":{"allow":["GET"]}}],"collection":[{"href":"https:\/\/sprayboothmanufacturer.com\/fr\/wp-json\/wp\/v2\/product"}],"about":[{"href":"https:\/\/sprayboothmanufacturer.com\/fr\/wp-json\/wp\/v2\/types\/product"}],"replies":[{"embeddable":true,"href":"https:\/\/sprayboothmanufacturer.com\/fr\/wp-json\/wp\/v2\/comments?post=3167"}],"version-history":[{"count":1,"href":"https:\/\/sprayboothmanufacturer.com\/fr\/wp-json\/wp\/v2\/product\/3167\/revisions"}],"predecessor-version":[{"id":3202,"href":"https:\/\/sprayboothmanufacturer.com\/fr\/wp-json\/wp\/v2\/product\/3167\/revisions\/3202"}],"wp:featuredmedia":[{"embeddable":true,"href":"https:\/\/sprayboothmanufacturer.com\/fr\/wp-json\/wp\/v2\/media\/3171"}],"wp:attachment":[{"href":"https:\/\/sprayboothmanufacturer.com\/fr\/wp-json\/wp\/v2\/media?parent=3167"}],"wp:term":[{"taxonomy":"product_brand","embeddable":true,"href":"https:\/\/sprayboothmanufacturer.com\/fr\/wp-json\/wp\/v2\/product_brand?post=3167"},{"taxonomy":"product_cat","embeddable":true,"href":"https:\/\/sprayboothmanufacturer.com\/fr\/wp-json\/wp\/v2\/product_cat?post=3167"},{"taxonomy":"product_tag","embeddable":true,"href":"https:\/\/sprayboothmanufacturer.com\/fr\/wp-json\/wp\/v2\/product_tag?post=3167"}],"curies":[{"name":"wp","href":"https:\/\/api.w.org\/{rel}","templated":true}]}}