{"id":2378,"date":"2026-01-05T06:27:35","date_gmt":"2026-01-05T06:27:35","guid":{"rendered":"https:\/\/sprayboothmanufacturer.com\/?post_type=product&#038;p=2378"},"modified":"2026-01-05T06:30:24","modified_gmt":"2026-01-05T06:30:24","slug":"car-spray-booth-factory","status":"publish","type":"product","link":"https:\/\/sprayboothmanufacturer.com\/fr\/product\/car-spray-booth-factory\/","title":{"rendered":"Cabine de pulv\u00e9risation pour voiture \u00e0 haute temp\u00e9rature de 150 degr\u00e9s Celsius avec prix comp\u00e9titifs"},"content":{"rendered":"<h2 style=\"text-align: center;\"><\/h2>\n<h2><strong>Cabine de Peinture Automobile Syst\u00e8me Cabine<\/strong><\/h2>\n<p><img fetchpriority=\"high\" decoding=\"async\" class=\"\" title=\"Syst\u00e8me de cabine\" src=\"https:\/\/img03.71360.com\/w3\/6pgvgx\/20250702\/cc6f772deea71c762e387483751b5621.png\" alt=\"Syst\u00e8me de cabine\" width=\"293\" height=\"274\" \/><\/p>\n<h2><strong>Cabine de Peinture Automobile Panneau Mural<\/strong><\/h2>\n<p>Isolation double construction de haute qualit\u00e9 EPS peau en acier color\u00e9<\/p>\n<p>panneau. Mur r\u00e9sistant au feu de 10 cm, deux couches de rev\u00eatement en acier de 0,5 mm avec<\/p>\n<p>mat\u00e9riaux d'isolation thermique r\u00e9sistants au feu \u00e0 l'int\u00e9rieur.<\/p>\n<p>\u200b<\/p>\n<p><img decoding=\"async\" class=\"\" title=\"Syst\u00e8me de cabine\" src=\"https:\/\/img03.71360.com\/w3\/6pgvgx\/20250702\/f8bcc099d921617dedaa49eeca4e7874.png\" alt=\"Syst\u00e8me de cabine\" width=\"309\" height=\"173\" \/><\/p>\n<p>Plateforme \u00e0 pression de type plaque, fabriqu\u00e9e en t\u00f4le d\u2019acier galvanis\u00e9 de haute qualit\u00e9 et assembl\u00e9e avec des tubes carr\u00e9s, la hauteur est de 300 mm;<\/p>\n<p>2. \u00c9quip\u00e9 de deux rang\u00e9es de grilles en acier plat (galvanis\u00e9) fabriqu\u00e9es \u00e0 partir de barres plates et d'acier rond, 30*4mm<\/p>\n<p>3. Avec trois rang\u00e9es de planchers de grille m\u00e9talliques antid\u00e9rapants de largeur 53cm, 90cm et 53cm<\/p>\n<p>4. Avec 2 rang\u00e9es de planchers de marche de 90cm de chaque c\u00f4t\u00e9.<\/p>\n<p>&nbsp;<\/p>\n<h2><strong>Cabine de Peinture Automobile Porte d'Entr\u00e9e<\/strong><\/h2>\n<p><img decoding=\"async\" class=\"\" title=\"Porte d&#039;entr\u00e9e\" src=\"https:\/\/img03.71360.com\/w3\/6pgvgx\/20250702\/7d7ab80667764e067fd04450f257c9e2.png\" alt=\"Porte d&#039;entr\u00e9e\" width=\"289\" height=\"183\" \/><img loading=\"lazy\" decoding=\"async\" class=\"\" title=\"Porte d&#039;entr\u00e9e\" src=\"https:\/\/img03.71360.com\/w3\/6pgvgx\/20250702\/bf10855bc8fc146ab6fb0ddc525d1a13.png\" alt=\"Porte d&#039;entr\u00e9e\" width=\"194\" height=\"188\" \/><\/p>\n<h2><strong>Cabine de Peinture Automobile Porte Principale<\/strong><\/h2>\n<p>Quatre portes avant en t\u00f4le totalisant 3000\u00d72750mm (L\u00d7l), \u00e9quip\u00e9es de poign\u00e9e et serrure ;<\/p>\n<p>porte de s\u00e9curit\u00e9 lat\u00e9rale : 60*180cm<\/p>\n<p>Bo\u00eetier de ventilateur de luxe<\/p>\n<p>&nbsp;<\/p>\n<h2><strong>Cabine de Peinture Automobile Syst\u00e8me de Ventilation<\/strong><\/h2>\n<p><img loading=\"lazy\" decoding=\"async\" class=\"wp-image-2350\" src=\"https:\/\/sprayboothmanufacturer.com\/wp-content\/uploads\/2025\/12\/IMG_9565-scaled.jpg\" alt=\"Usine de cabine de peinture\" width=\"188\" height=\"250\" srcset=\"https:\/\/sprayboothmanufacturer.com\/wp-content\/uploads\/2025\/12\/IMG_9565-scaled.jpg 1920w, https:\/\/sprayboothmanufacturer.com\/wp-content\/uploads\/2025\/12\/IMG_9565-scaled-500x667.jpg 500w, https:\/\/sprayboothmanufacturer.com\/wp-content\/uploads\/2025\/12\/IMG_9565-scaled-700x933.jpg 700w, https:\/\/sprayboothmanufacturer.com\/wp-content\/uploads\/2025\/12\/IMG_9565-225x300.jpg 225w, https:\/\/sprayboothmanufacturer.com\/wp-content\/uploads\/2025\/12\/IMG_9565-768x1024.jpg 768w, https:\/\/sprayboothmanufacturer.com\/wp-content\/uploads\/2025\/12\/IMG_9565-1152x1536.jpg 1152w, https:\/\/sprayboothmanufacturer.com\/wp-content\/uploads\/2025\/12\/IMG_9565-1536x2048.jpg 1536w, https:\/\/sprayboothmanufacturer.com\/wp-content\/uploads\/2025\/12\/IMG_9565-200x267.jpg 200w, https:\/\/sprayboothmanufacturer.com\/wp-content\/uploads\/2025\/12\/IMG_9565-400x533.jpg 400w, https:\/\/sprayboothmanufacturer.com\/wp-content\/uploads\/2025\/12\/IMG_9565-600x800.jpg 600w, https:\/\/sprayboothmanufacturer.com\/wp-content\/uploads\/2025\/12\/IMG_9565-800x1067.jpg 800w, https:\/\/sprayboothmanufacturer.com\/wp-content\/uploads\/2025\/12\/IMG_9565-1200x1600.jpg 1200w\" sizes=\"(max-width: 188px) 100vw, 188px\" \/><\/p>\n<h2><strong>Cabine de Peinture Automobile Ventilateur d'Admission<\/strong><\/h2>\n<p>2 ventilateurs centrifuges \u00e0 double aspiration YDW de 4KW, capacit\u00e9 d'air totale : 25000m3\/h<\/p>\n<p>Ventilateurs d'extraction :<\/p>\n<p>1 ventilateur centrifuge d'extraction YDW de 5,5kw, capacit\u00e9 d'air totale : 19000m3\/h<\/p>\n<h2><strong>Type de configuration du cabinet Cabine de pulv\u00e9risation pour voiture<\/strong><\/h2>\n<p>Air d'admission depuis le c\u00f4t\u00e9 sup\u00e9rieur, adoptant un cadre en acier quadrill\u00e9, conduit d'\u00e9chappement en acier galvanis\u00e9 de haute qualit\u00e9 et bride. (Cabinet en laine de roche)<\/p>\n<p>Dimension du cabinet : 1*2,2 m, peut \u00eatre plac\u00e9 \u00e0 gauche\/droite\/\u00e0 l'arri\u00e8re de la cabine.<\/p>\n<p>Coude : 90\u00ba *1 unit\u00e9<\/p>\n<p>&nbsp;<\/p>\n<h2><strong>Syst\u00e8me de chauffage pour cabine de pulv\u00e9risation de voiture<\/strong><\/h2>\n<p><img decoding=\"async\" title=\"Syst\u00e8me de chauffage\" src=\"https:\/\/img03.71360.com\/w3\/6pgvgx\/20250702\/bb47be69a2277ecbe8cfbcace341fe53.png\" alt=\"Syst\u00e8me de chauffage\" \/><\/p>\n<p><strong>Chauffage \u00e9lectrique (220V\/380V)<\/strong><\/p>\n<p>Tige chauffante en acier inoxydable de qualit\u00e9 industrielle avec ailettes.<\/p>\n<p>Chauff\u00e9 \u00e0 150 degr\u00e9s Celsius, 144 kW, 144 tiges de chauffage.<\/p>\n<p>&nbsp;<\/p>\n<h2><strong>Syst\u00e8me de toit\u00a0<\/strong><\/h2>\n<p><img decoding=\"async\" title=\"Syst\u00e8me de toit\" src=\"https:\/\/img03.71360.com\/w3\/6pgvgx\/20250626\/a2bacdfb32ea5c9a3ead1999cc8bdf04.png\" alt=\"Syst\u00e8me de toit\" \/><\/p>\n<h2><strong>\u00a0Poutre\u00a0<\/strong><\/h2>\n<p>Fabriqu\u00e9e en tube carr\u00e9 galvanis\u00e9, avec support et fer angle reli\u00e9s par vis.<\/p>\n<p><img decoding=\"async\" title=\"Syst\u00e8me de toit\" src=\"https:\/\/img03.71360.com\/w3\/6pgvgx\/20250626\/417320b6a358b3e8413c548dd2a2d132.png\" alt=\"Syst\u00e8me de toit\" \/><\/p>\n<h2><strong>\u00a0Pl\u00e9num<\/strong><\/h2>\n<p>Le pl\u00e9num est en acier galvanis\u00e9, avec une surface en poudre. Le cadre de support du filtre de toit est en tubes carr\u00e9s galvanis\u00e9s, avec une surface en poudre.<\/p>\n<p>&nbsp;<\/p>\n<h2><strong>Syst\u00e8me de filtration<\/strong><\/h2>\n<p><img decoding=\"async\" title=\"Syst\u00e8me de filtration\" src=\"https:\/\/img03.71360.com\/w3\/6pgvgx\/20250626\/117dc44f1cde8b6056b7847bd9c9e489.png\" alt=\"Syst\u00e8me de filtration\" \/><img decoding=\"async\" title=\"Syst\u00e8me de filtration\" src=\"https:\/\/img03.71360.com\/w3\/6pgvgx\/20250626\/76f3e7e0d5ec434f7e791bddac0ca3cf.png\" alt=\"Syst\u00e8me de filtration\" \/><\/p>\n<p><strong>Filtre primaire<\/strong><\/p>\n<p>Le filtre primaire peut capturer des granul\u00e9s de plus de 10 \u03bcm, taux de filtration &gt; 90%.<\/p>\n<p><strong>Filtre de plafond (Blanc)<\/strong><\/p>\n<p>Le filtre du plafond peut capturer des granul\u00e9s de plus de 4 \u03bcm, taux de filtration &gt; 98%.<\/p>\n<p><strong>Filtre de sol (Bleu)<\/strong><\/p>\n<p>Filtre en fibre de verre multicouche, taux de filtration &gt; 90%<\/p>\n<p>&nbsp;<\/p>\n<h2><strong>Syst\u00e8me de contr\u00f4le<\/strong><\/h2>\n<p><img loading=\"lazy\" decoding=\"async\" class=\"\" title=\"Syst\u00e8me de contr\u00f4le\" src=\"https:\/\/img03.71360.com\/w3\/6pgvgx\/20250702\/493bd4a722b8e053d3fad65f30bda4c0.png\" alt=\"Syst\u00e8me de contr\u00f4le\" width=\"195\" height=\"259\" \/><\/p>\n<p>Syst\u00e8me de contr\u00f4le intelligent, peinture, Barkin, cuisson, contr\u00f4leur de temp\u00e9rature, r\u00e9glage du temps, arr\u00eat d'urgence.<\/p>\n<p>Relais \u00e0 semi-conducteur pour contr\u00f4le \u00e9lectrique, la courbe de chauffage peut \u00eatre ajust\u00e9e<\/p>\n<p>&nbsp;<\/p>\n<p><strong>Tension\/Fr\u00e9quence<\/strong><\/p>\n<p>220V\/380V, 50Hz<\/p>","protected":false},"excerpt":{"rendered":"<p>D\u00e9couvrez nos cabines de peinture automobile de haute qualit\u00e9 certifi\u00e9es CE \u00e0 des prix comp\u00e9titifs. En tant qu'usine leader, nous offrons des solutions durables et efficaces pour tous vos besoins en peinture automobile.<\/p>","protected":false},"featured_media":2257,"comment_status":"open","ping_status":"closed","template":"","meta":[],"product_brand":[],"product_cat":[60,59],"product_tag":[62],"class_list":{"0":"post-2378","1":"product","2":"type-product","3":"status-publish","4":"has-post-thumbnail","6":"product_cat-car-spray-booth","7":"product_cat-spray-booth","8":"product_tag-150-degree-celsius-high-temperature-car-spray-booth-factory-with-competitive-price-prices","10":"first","11":"instock","12":"shipping-taxable","13":"product-type-simple"},"yoast_head":"<!-- This site is optimized with the Yoast SEO plugin v27.4 - https:\/\/yoast.com\/product\/yoast-seo-wordpress\/ -->\n<title>150 Degree Celsius High-temperature Car Spray Booth Factory With Competitive Price Prices - Autoke-China Paint Booth Manufacturer<\/title>\n<meta name=\"robots\" content=\"index, follow, max-snippet:-1, max-image-preview:large, max-video-preview:-1\" \/>\n<link rel=\"canonical\" href=\"https:\/\/sprayboothmanufacturer.com\/fr\/product\/car-spray-booth-factory\/\" \/>\n<meta property=\"og:locale\" content=\"fr_FR\" \/>\n<meta property=\"og:type\" content=\"article\" \/>\n<meta property=\"og:title\" content=\"150 Degree Celsius High-temperature Car Spray Booth Factory With Competitive Price Prices - Autoke-China Paint Booth Manufacturer\" \/>\n<meta property=\"og:description\" content=\"Discover our CE certified high-quality car spray booths at competitive prices. As a leading factory, we offer durable and efficient solutions for all your automotive painting needs.\" \/>\n<meta property=\"og:url\" content=\"https:\/\/sprayboothmanufacturer.com\/fr\/product\/car-spray-booth-factory\/\" \/>\n<meta property=\"og:site_name\" content=\"Autoke-China Paint Booth Manufacturer\" \/>\n<meta property=\"article:modified_time\" content=\"2026-01-05T06:30:24+00:00\" \/>\n<meta property=\"og:image\" content=\"https:\/\/sprayboothmanufacturer.com\/wp-content\/uploads\/2025\/11\/3-2.png\" \/>\n\t<meta property=\"og:image:width\" content=\"850\" \/>\n\t<meta property=\"og:image:height\" content=\"850\" \/>\n\t<meta property=\"og:image:type\" content=\"image\/png\" \/>\n<meta name=\"twitter:card\" content=\"summary_large_image\" \/>\n<meta name=\"twitter:label1\" content=\"Dur\u00e9e de lecture estim\u00e9e\" \/>\n\t<meta name=\"twitter:data1\" content=\"2 minutes\" \/>\n<script type=\"application\/ld+json\" class=\"yoast-schema-graph\">{\"@context\":\"https:\\\/\\\/schema.org\",\"@graph\":[{\"@type\":\"WebPage\",\"@id\":\"https:\\\/\\\/sprayboothmanufacturer.com\\\/product\\\/car-spray-booth-factory\\\/\",\"url\":\"https:\\\/\\\/sprayboothmanufacturer.com\\\/product\\\/car-spray-booth-factory\\\/\",\"name\":\"150 Degree Celsius High-temperature Car Spray Booth Factory With Competitive Price Prices - Autoke-China Paint Booth Manufacturer\",\"isPartOf\":{\"@id\":\"https:\\\/\\\/sprayboothmanufacturer.com\\\/#website\"},\"primaryImageOfPage\":{\"@id\":\"https:\\\/\\\/sprayboothmanufacturer.com\\\/product\\\/car-spray-booth-factory\\\/#primaryimage\"},\"image\":{\"@id\":\"https:\\\/\\\/sprayboothmanufacturer.com\\\/product\\\/car-spray-booth-factory\\\/#primaryimage\"},\"thumbnailUrl\":\"https:\\\/\\\/sprayboothmanufacturer.com\\\/wp-content\\\/uploads\\\/2025\\\/11\\\/3-2.png\",\"datePublished\":\"2026-01-05T06:27:35+00:00\",\"dateModified\":\"2026-01-05T06:30:24+00:00\",\"breadcrumb\":{\"@id\":\"https:\\\/\\\/sprayboothmanufacturer.com\\\/product\\\/car-spray-booth-factory\\\/#breadcrumb\"},\"inLanguage\":\"fr-FR\",\"potentialAction\":[{\"@type\":\"ReadAction\",\"target\":[\"https:\\\/\\\/sprayboothmanufacturer.com\\\/product\\\/car-spray-booth-factory\\\/\"]}]},{\"@type\":\"ImageObject\",\"inLanguage\":\"fr-FR\",\"@id\":\"https:\\\/\\\/sprayboothmanufacturer.com\\\/product\\\/car-spray-booth-factory\\\/#primaryimage\",\"url\":\"https:\\\/\\\/sprayboothmanufacturer.com\\\/wp-content\\\/uploads\\\/2025\\\/11\\\/3-2.png\",\"contentUrl\":\"https:\\\/\\\/sprayboothmanufacturer.com\\\/wp-content\\\/uploads\\\/2025\\\/11\\\/3-2.png\",\"width\":850,\"height\":850,\"caption\":\"150 Degree Celsius High-temperature Car Spray Booth Factory With Competitive Price Prices\"},{\"@type\":\"BreadcrumbList\",\"@id\":\"https:\\\/\\\/sprayboothmanufacturer.com\\\/product\\\/car-spray-booth-factory\\\/#breadcrumb\",\"itemListElement\":[{\"@type\":\"ListItem\",\"position\":1,\"name\":\"Home\",\"item\":\"https:\\\/\\\/sprayboothmanufacturer.com\\\/\"},{\"@type\":\"ListItem\",\"position\":2,\"name\":\"\u4ea7\u54c1\",\"item\":\"https:\\\/\\\/sprayboothmanufacturer.com\\\/shop__trashed\\\/\"},{\"@type\":\"ListItem\",\"position\":3,\"name\":\"150 Degree Celsius High-temperature Car Spray Booth Factory With Competitive Price Prices\"}]},{\"@type\":\"WebSite\",\"@id\":\"https:\\\/\\\/sprayboothmanufacturer.com\\\/#website\",\"url\":\"https:\\\/\\\/sprayboothmanufacturer.com\\\/\",\"name\":\"Autoke-China Paint Booth Manufacturer\",\"description\":\"\",\"publisher\":{\"@id\":\"https:\\\/\\\/sprayboothmanufacturer.com\\\/#organization\"},\"potentialAction\":[{\"@type\":\"SearchAction\",\"target\":{\"@type\":\"EntryPoint\",\"urlTemplate\":\"https:\\\/\\\/sprayboothmanufacturer.com\\\/?s={search_term_string}\"},\"query-input\":{\"@type\":\"PropertyValueSpecification\",\"valueRequired\":true,\"valueName\":\"search_term_string\"}}],\"inLanguage\":\"fr-FR\"},{\"@type\":\"Organization\",\"@id\":\"https:\\\/\\\/sprayboothmanufacturer.com\\\/#organization\",\"name\":\"Autoke-China Paint Booth Manufacturer\",\"url\":\"https:\\\/\\\/sprayboothmanufacturer.com\\\/\",\"logo\":{\"@type\":\"ImageObject\",\"inLanguage\":\"fr-FR\",\"@id\":\"https:\\\/\\\/sprayboothmanufacturer.com\\\/#\\\/schema\\\/logo\\\/image\\\/\",\"url\":\"https:\\\/\\\/sprayboothmanufacturer.com\\\/wp-content\\\/uploads\\\/2025\\\/12\\\/\u5fae\u4fe1\u56fe\u7247_20260113195103_1750_4-scaled-e1768394147958.png\",\"contentUrl\":\"https:\\\/\\\/sprayboothmanufacturer.com\\\/wp-content\\\/uploads\\\/2025\\\/12\\\/\u5fae\u4fe1\u56fe\u7247_20260113195103_1750_4-scaled-e1768394147958.png\",\"width\":1740,\"height\":538,\"caption\":\"Autoke-China Paint Booth Manufacturer\"},\"image\":{\"@id\":\"https:\\\/\\\/sprayboothmanufacturer.com\\\/#\\\/schema\\\/logo\\\/image\\\/\"}}]}<\/script>\n<!-- \/ Yoast SEO plugin. -->","yoast_head_json":{"title":"Cabine de pulv\u00e9risation pour voitures \u00e0 haute temp\u00e9rature de 150 degr\u00e9s Celsius en usine avec prix comp\u00e9titifs Archives - Fabricant de cabines de peinture Autoke-France","robots":{"index":"index","follow":"follow","max-snippet":"max-snippet:-1","max-image-preview":"max-image-preview:large","max-video-preview":"max-video-preview:-1"},"canonical":"https:\/\/sprayboothmanufacturer.com\/fr\/product\/car-spray-booth-factory\/","og_locale":"fr_FR","og_type":"article","og_title":"150 Degree Celsius High-temperature Car Spray Booth Factory With Competitive Price Prices - Autoke-China Paint Booth Manufacturer","og_description":"Discover our CE certified high-quality car spray booths at competitive prices. As a leading factory, we offer durable and efficient solutions for all your automotive painting needs.","og_url":"https:\/\/sprayboothmanufacturer.com\/fr\/product\/car-spray-booth-factory\/","og_site_name":"Autoke-China Paint Booth Manufacturer","article_modified_time":"2026-01-05T06:30:24+00:00","og_image":[{"width":850,"height":850,"url":"https:\/\/sprayboothmanufacturer.com\/wp-content\/uploads\/2025\/11\/3-2.png","type":"image\/png"}],"twitter_card":"summary_large_image","twitter_misc":{"Dur\u00e9e de lecture estim\u00e9e":"2 minutes"},"schema":{"@context":"https:\/\/schema.org","@graph":[{"@type":"WebPage","@id":"https:\/\/sprayboothmanufacturer.com\/product\/car-spray-booth-factory\/","url":"https:\/\/sprayboothmanufacturer.com\/product\/car-spray-booth-factory\/","name":"Cabine de pulv\u00e9risation pour voitures \u00e0 haute temp\u00e9rature de 150 degr\u00e9s Celsius en usine avec prix comp\u00e9titifs Archives - Fabricant de cabines de peinture Autoke-France","isPartOf":{"@id":"https:\/\/sprayboothmanufacturer.com\/#website"},"primaryImageOfPage":{"@id":"https:\/\/sprayboothmanufacturer.com\/product\/car-spray-booth-factory\/#primaryimage"},"image":{"@id":"https:\/\/sprayboothmanufacturer.com\/product\/car-spray-booth-factory\/#primaryimage"},"thumbnailUrl":"https:\/\/sprayboothmanufacturer.com\/wp-content\/uploads\/2025\/11\/3-2.png","datePublished":"2026-01-05T06:27:35+00:00","dateModified":"2026-01-05T06:30:24+00:00","breadcrumb":{"@id":"https:\/\/sprayboothmanufacturer.com\/product\/car-spray-booth-factory\/#breadcrumb"},"inLanguage":"fr-FR","potentialAction":[{"@type":"ReadAction","target":["https:\/\/sprayboothmanufacturer.com\/product\/car-spray-booth-factory\/"]}]},{"@type":"ImageObject","inLanguage":"fr-FR","@id":"https:\/\/sprayboothmanufacturer.com\/product\/car-spray-booth-factory\/#primaryimage","url":"https:\/\/sprayboothmanufacturer.com\/wp-content\/uploads\/2025\/11\/3-2.png","contentUrl":"https:\/\/sprayboothmanufacturer.com\/wp-content\/uploads\/2025\/11\/3-2.png","width":850,"height":850,"caption":"150 Degree Celsius High-temperature Car Spray Booth Factory With Competitive Price Prices"},{"@type":"BreadcrumbList","@id":"https:\/\/sprayboothmanufacturer.com\/product\/car-spray-booth-factory\/#breadcrumb","itemListElement":[{"@type":"ListItem","position":1,"name":"Home","item":"https:\/\/sprayboothmanufacturer.com\/"},{"@type":"ListItem","position":2,"name":"\u4ea7\u54c1","item":"https:\/\/sprayboothmanufacturer.com\/shop__trashed\/"},{"@type":"ListItem","position":3,"name":"150 Degree Celsius High-temperature Car Spray Booth Factory With Competitive Price Prices"}]},{"@type":"WebSite","@id":"https:\/\/sprayboothmanufacturer.com\/#website","url":"https:\/\/sprayboothmanufacturer.com\/","name":"Fabricant de cabines de peinture Autoke-Chine","description":"","publisher":{"@id":"https:\/\/sprayboothmanufacturer.com\/#organization"},"potentialAction":[{"@type":"SearchAction","target":{"@type":"EntryPoint","urlTemplate":"https:\/\/sprayboothmanufacturer.com\/?s={search_term_string}"},"query-input":{"@type":"PropertyValueSpecification","valueRequired":true,"valueName":"search_term_string"}}],"inLanguage":"fr-FR"},{"@type":"Organization","@id":"https:\/\/sprayboothmanufacturer.com\/#organization","name":"Fabricant de cabines de peinture Autoke-Chine","url":"https:\/\/sprayboothmanufacturer.com\/","logo":{"@type":"ImageObject","inLanguage":"fr-FR","@id":"https:\/\/sprayboothmanufacturer.com\/#\/schema\/logo\/image\/","url":"https:\/\/sprayboothmanufacturer.com\/wp-content\/uploads\/2025\/12\/\u5fae\u4fe1\u56fe\u7247_20260113195103_1750_4-scaled-e1768394147958.png","contentUrl":"https:\/\/sprayboothmanufacturer.com\/wp-content\/uploads\/2025\/12\/\u5fae\u4fe1\u56fe\u7247_20260113195103_1750_4-scaled-e1768394147958.png","width":1740,"height":538,"caption":"Autoke-China Paint Booth Manufacturer"},"image":{"@id":"https:\/\/sprayboothmanufacturer.com\/#\/schema\/logo\/image\/"}}]}},"_links":{"self":[{"href":"https:\/\/sprayboothmanufacturer.com\/fr\/wp-json\/wp\/v2\/product\/2378","targetHints":{"allow":["GET"]}}],"collection":[{"href":"https:\/\/sprayboothmanufacturer.com\/fr\/wp-json\/wp\/v2\/product"}],"about":[{"href":"https:\/\/sprayboothmanufacturer.com\/fr\/wp-json\/wp\/v2\/types\/product"}],"replies":[{"embeddable":true,"href":"https:\/\/sprayboothmanufacturer.com\/fr\/wp-json\/wp\/v2\/comments?post=2378"}],"version-history":[{"count":1,"href":"https:\/\/sprayboothmanufacturer.com\/fr\/wp-json\/wp\/v2\/product\/2378\/revisions"}],"predecessor-version":[{"id":2380,"href":"https:\/\/sprayboothmanufacturer.com\/fr\/wp-json\/wp\/v2\/product\/2378\/revisions\/2380"}],"wp:featuredmedia":[{"embeddable":true,"href":"https:\/\/sprayboothmanufacturer.com\/fr\/wp-json\/wp\/v2\/media\/2257"}],"wp:attachment":[{"href":"https:\/\/sprayboothmanufacturer.com\/fr\/wp-json\/wp\/v2\/media?parent=2378"}],"wp:term":[{"taxonomy":"product_brand","embeddable":true,"href":"https:\/\/sprayboothmanufacturer.com\/fr\/wp-json\/wp\/v2\/product_brand?post=2378"},{"taxonomy":"product_cat","embeddable":true,"href":"https:\/\/sprayboothmanufacturer.com\/fr\/wp-json\/wp\/v2\/product_cat?post=2378"},{"taxonomy":"product_tag","embeddable":true,"href":"https:\/\/sprayboothmanufacturer.com\/fr\/wp-json\/wp\/v2\/product_tag?post=2378"}],"curies":[{"name":"wp","href":"https:\/\/api.w.org\/{rel}","templated":true}]}}