{"id":2288,"date":"2025-11-13T13:50:40","date_gmt":"2025-11-13T13:50:40","guid":{"rendered":"https:\/\/sprayboothmanufacturer.com\/?post_type=product&#038;p=2288"},"modified":"2026-01-05T06:34:39","modified_gmt":"2026-01-05T06:34:39","slug":"truck-paint-booth","status":"publish","type":"product","link":"https:\/\/sprayboothmanufacturer.com\/fr\/product\/truck-paint-booth\/","title":{"rendered":"Salle de pulv\u00e9risation automobile, cabine de peinture pour voitures, cabine de peinture pour camions, four de pulv\u00e9risation pour bus"},"content":{"rendered":"<p><img decoding=\"async\" title=\"Cabine de peinture de camions de luxe avec toit \u00e9tanche\" src=\"https:\/\/img03.71360.com\/w3\/6pgvgx\/20250625\/8c66eba71a78a358779292f9c42cfac7.png?ct=webp\" alt=\"Cabine de peinture de camions de luxe avec toit \u00e9tanche\" \/><\/p>\n<h2><img decoding=\"async\" title=\"Cabine de peinture de camions de luxe avec toit \u00e9tanche\" src=\"https:\/\/img03.71360.com\/w3\/6pgvgx\/20250625\/63a98164ed9ce2ef71b0c5d5656b0916.png?ct=webp\" alt=\"Cabine de peinture de camions de luxe avec toit \u00e9tanche\" \/><\/h2>\n<h2><strong>Caract\u00e9ristiques d\u00e9taill\u00e9es de la cabine de peinture pour camions<\/strong><\/h2>\n<h3>Syst\u00e8me de toit \u00e9tanche avanc\u00e9<\/h3>\n<p>&nbsp;<\/p>\n<p>Construction durable : toit en acier galvanis\u00e9 de 1,2 mm d\u2019\u00e9paisseur avec surface en poudre pour une r\u00e9sistance maximale aux intemp\u00e9ries<\/p>\n<p>Conception \u00e9tanche : joints et coutures sp\u00e9cialement con\u00e7us pour emp\u00eacher l\u2019infiltration d\u2019eau<\/p>\n<p>Protection thermique : isolation int\u00e9gr\u00e9e maintenant des temp\u00e9ratures int\u00e9rieures stables<\/p>\n<p>Int\u00e9grit\u00e9 structurelle : cadre porteur en tube carr\u00e9 d\u2019acier 4\u00d78 supportant une utilisation intensive<\/p>\n<h3>\u00a0Principaux avantages de la cabine de peinture pour camions<\/h3>\n<p>&nbsp;<\/p>\n<p>Performance par tous les temps : toit \u00e9tanche garantissant un fonctionnement fiable par temps humide ou pluvieux<\/p>\n<p>Syst\u00e8me de chauffage rapide : 2 br\u00fbleurs Riello italiens avec \u00e9changeurs de chaleur en acier inoxydable (60-80\u00b0C en 5-10 minutes)<\/p>\n<p>Contr\u00f4le climatique intelligent : maintient des niveaux d\u2019humidit\u00e9 optimaux m\u00eame par temps humide<\/p>\n<p>\u00c9clairage LED \u00e9conome en \u00e9nergie : plafonnier 40\u00d718W + 16\u00d738W \u00e9clairages muraux (\u22651000LX, dur\u00e9e de vie de 40 000 heures)<\/p>\n<h3>Conception structurelle<\/h3>\n<p>&nbsp;<\/p>\n<p>Toit \u00e9tanche : construction en acier galvanis\u00e9 avec rev\u00eatement protecteur en poudre<\/p>\n<p>Syst\u00e8me mural : panneaux EPS double couche r\u00e9sistants au feu de 75 mm avec isolation en laine de roche<\/p>\n<p>Caract\u00e9ristiques de s\u00e9curit\u00e9 : porte lat\u00e9rale de d\u00e9compression de pression avec fen\u00eatre d\u2019observation<\/p>\n<p>Protection du sol : construction de base r\u00e9sistante \u00e0 l\u2019humidit\u00e9<\/p>\n<h2><strong>\u00a0Sp\u00e9cifications techniques de la cabine de peinture pour camions<\/strong><\/h2>\n<p>&nbsp;<\/p>\n<p>Sp\u00e9cification de la fonctionnalit\u00e9<\/p>\n<p>Mod\u00e8le ATK-001<\/p>\n<p>Dimensions ext\u00e9rieures 10000\u00d75000\u00d74500mm<\/p>\n<p>Mat\u00e9riau du toit \u00e9tanche en acier galvanis\u00e9 1,2mm<\/p>\n<p>Performance de chauffage 60-80\u00b0C en 5-10 minutes<\/p>\n<p>Filtration de l'air 3 \u00e9tapes (efficacit\u00e9 98%)<\/p>\n<h2><strong>Pourquoi notre cabine de peinture \u00e9tanche se d\u00e9marque<\/strong><\/h2>\n<p>&nbsp;<\/p>\n<p>Durabilit\u00e9 r\u00e9sistante aux intemp\u00e9ries : le toit en acier galvanis\u00e9 supporte des conditions environnementales difficiles<\/p>\n<p>Performance constante : maintient un climat int\u00e9rieur stable ind\u00e9pendamment des conditions m\u00e9t\u00e9orologiques ext\u00e9rieures<\/p>\n<p>R\u00e9sistance \u00e0 la corrosion : surfaces en poudre protectrices contre la rouille et la d\u00e9gradation<\/p>\n<p>Fiabilit\u00e9 \u00e0 long terme : construction robuste assurant des ann\u00e9es de fonctionnement sans probl\u00e8me<\/p>\n<h2><strong>Id\u00e9al pour<\/strong><\/h2>\n<p>&nbsp;<\/p>\n<p>Installations dans des r\u00e9gions \u00e0 forte humidit\u00e9<\/p>\n<p>Op\u00e9rations n\u00e9cessitant des capacit\u00e9s de peinture par tous les temps<\/p>\n<p>Entreprises ayant besoin d'\u00e9quipements durables et longue dur\u00e9e<\/p>","protected":false},"excerpt":{"rendered":"<p>La cabine de peinture de camion de luxe (Mod\u00e8le ATK-001) par Suzhou Autoke Machinery Co., Ltd. dispose d\u2019un syst\u00e8me de toit \u00e9tanche sp\u00e9cialement con\u00e7u, ce qui en fait une solution de pulv\u00e9risation professionnelle id\u00e9ale pour les grands v\u00e9hicules. Cette cabine de peinture haut de gamme combine des syst\u00e8mes de chauffage \u00e0 br\u00fbleur \u00e0 gaz naturel Riello italiens (atteignant 60-80\u00b0C en 5-10 minutes) avec notre technologie exclusive de toit \u00e9tanche pour garantir des performances constantes dans toutes les conditions. L\u2019unit\u00e9 comprend un \u00e9clairage LED haute efficacit\u00e9 (\u22651000LX) et une filtration d\u2019air en 3 \u00e9tapes (efficacit\u00e9 98%), cr\u00e9ant un environnement de peinture sans poussi\u00e8re parfait pour les camions, bus et v\u00e9hicules de grande taille.<\/p>","protected":false},"featured_media":2294,"comment_status":"open","ping_status":"closed","template":"","meta":[],"product_brand":[],"product_cat":[59,61],"product_tag":[],"class_list":{"0":"post-2288","1":"product","2":"type-product","3":"status-publish","4":"has-post-thumbnail","6":"product_cat-spray-booth","7":"product_cat-truck-bus-spray-booth","9":"first","10":"instock","11":"shipping-taxable","12":"product-type-simple"},"yoast_head":"<!-- This site is optimized with the Yoast SEO plugin v27.4 - https:\/\/yoast.com\/product\/yoast-seo-wordpress\/ -->\n<title>Automotive Spray Painting Room Car Painting Booth Truck paint booth Bus Spray Oven - Autoke-China Paint Booth Manufacturer<\/title>\n<meta name=\"robots\" content=\"index, follow, max-snippet:-1, max-image-preview:large, max-video-preview:-1\" \/>\n<link rel=\"canonical\" href=\"https:\/\/sprayboothmanufacturer.com\/fr\/product\/truck-paint-booth\/\" \/>\n<meta property=\"og:locale\" content=\"fr_FR\" \/>\n<meta property=\"og:type\" content=\"article\" \/>\n<meta property=\"og:title\" content=\"Automotive Spray Painting Room Car Painting Booth Truck paint booth Bus Spray Oven - Autoke-China Paint Booth Manufacturer\" \/>\n<meta property=\"og:description\" content=\"The Luxury Truck Paint Booth (Model ATK-001) by Suzhou Autoke Machinery Co., Ltd. features a specially designed waterproof roof system, making it an ideal professional spraying solution for large vehicles. This premium paint booth combines Italian Riello natural gas burner heating systems (reaching 60-80\u00b0C in 5-10 minutes) with our proprietary waterproof roof technology to ensure consistent performance in all conditions. The unit includes high-efficiency LED lighting (\u22651000LX) and 3-stage air filtration (98% efficiency), creating the perfect dust-free painting environment for trucks, buses, and oversized vehicles.\" \/>\n<meta property=\"og:url\" content=\"https:\/\/sprayboothmanufacturer.com\/fr\/product\/truck-paint-booth\/\" \/>\n<meta property=\"og:site_name\" content=\"Autoke-China Paint Booth Manufacturer\" \/>\n<meta property=\"article:modified_time\" content=\"2026-01-05T06:34:39+00:00\" \/>\n<meta property=\"og:image\" content=\"https:\/\/sprayboothmanufacturer.com\/wp-content\/uploads\/2025\/11\/\u4e3b\u56fe-3.png\" \/>\n\t<meta property=\"og:image:width\" content=\"1600\" \/>\n\t<meta property=\"og:image:height\" content=\"1600\" \/>\n\t<meta property=\"og:image:type\" content=\"image\/png\" \/>\n<meta name=\"twitter:card\" content=\"summary_large_image\" \/>\n<meta name=\"twitter:label1\" content=\"Dur\u00e9e de lecture estim\u00e9e\" \/>\n\t<meta name=\"twitter:data1\" content=\"1 minute\" \/>\n<script type=\"application\/ld+json\" class=\"yoast-schema-graph\">{\"@context\":\"https:\\\/\\\/schema.org\",\"@graph\":[{\"@type\":\"WebPage\",\"@id\":\"https:\\\/\\\/sprayboothmanufacturer.com\\\/product\\\/truck-paint-booth\\\/\",\"url\":\"https:\\\/\\\/sprayboothmanufacturer.com\\\/product\\\/truck-paint-booth\\\/\",\"name\":\"Automotive Spray Painting Room Car Painting Booth Truck paint booth Bus Spray Oven - Autoke-China Paint Booth Manufacturer\",\"isPartOf\":{\"@id\":\"https:\\\/\\\/sprayboothmanufacturer.com\\\/#website\"},\"primaryImageOfPage\":{\"@id\":\"https:\\\/\\\/sprayboothmanufacturer.com\\\/product\\\/truck-paint-booth\\\/#primaryimage\"},\"image\":{\"@id\":\"https:\\\/\\\/sprayboothmanufacturer.com\\\/product\\\/truck-paint-booth\\\/#primaryimage\"},\"thumbnailUrl\":\"https:\\\/\\\/sprayboothmanufacturer.com\\\/wp-content\\\/uploads\\\/2025\\\/11\\\/\u4e3b\u56fe-3.png\",\"datePublished\":\"2025-11-13T13:50:40+00:00\",\"dateModified\":\"2026-01-05T06:34:39+00:00\",\"breadcrumb\":{\"@id\":\"https:\\\/\\\/sprayboothmanufacturer.com\\\/product\\\/truck-paint-booth\\\/#breadcrumb\"},\"inLanguage\":\"fr-FR\",\"potentialAction\":[{\"@type\":\"ReadAction\",\"target\":[\"https:\\\/\\\/sprayboothmanufacturer.com\\\/product\\\/truck-paint-booth\\\/\"]}]},{\"@type\":\"ImageObject\",\"inLanguage\":\"fr-FR\",\"@id\":\"https:\\\/\\\/sprayboothmanufacturer.com\\\/product\\\/truck-paint-booth\\\/#primaryimage\",\"url\":\"https:\\\/\\\/sprayboothmanufacturer.com\\\/wp-content\\\/uploads\\\/2025\\\/11\\\/\u4e3b\u56fe-3.png\",\"contentUrl\":\"https:\\\/\\\/sprayboothmanufacturer.com\\\/wp-content\\\/uploads\\\/2025\\\/11\\\/\u4e3b\u56fe-3.png\",\"width\":1600,\"height\":1600,\"caption\":\"truck spray booth\"},{\"@type\":\"BreadcrumbList\",\"@id\":\"https:\\\/\\\/sprayboothmanufacturer.com\\\/product\\\/truck-paint-booth\\\/#breadcrumb\",\"itemListElement\":[{\"@type\":\"ListItem\",\"position\":1,\"name\":\"Home\",\"item\":\"https:\\\/\\\/sprayboothmanufacturer.com\\\/\"},{\"@type\":\"ListItem\",\"position\":2,\"name\":\"\u4ea7\u54c1\",\"item\":\"https:\\\/\\\/sprayboothmanufacturer.com\\\/shop__trashed\\\/\"},{\"@type\":\"ListItem\",\"position\":3,\"name\":\"Automotive Spray Painting Room Car Painting Booth Truck paint booth Bus Spray Oven\"}]},{\"@type\":\"WebSite\",\"@id\":\"https:\\\/\\\/sprayboothmanufacturer.com\\\/#website\",\"url\":\"https:\\\/\\\/sprayboothmanufacturer.com\\\/\",\"name\":\"Autoke-China Paint Booth Manufacturer\",\"description\":\"\",\"publisher\":{\"@id\":\"https:\\\/\\\/sprayboothmanufacturer.com\\\/#organization\"},\"potentialAction\":[{\"@type\":\"SearchAction\",\"target\":{\"@type\":\"EntryPoint\",\"urlTemplate\":\"https:\\\/\\\/sprayboothmanufacturer.com\\\/?s={search_term_string}\"},\"query-input\":{\"@type\":\"PropertyValueSpecification\",\"valueRequired\":true,\"valueName\":\"search_term_string\"}}],\"inLanguage\":\"fr-FR\"},{\"@type\":\"Organization\",\"@id\":\"https:\\\/\\\/sprayboothmanufacturer.com\\\/#organization\",\"name\":\"Autoke-China Paint Booth Manufacturer\",\"url\":\"https:\\\/\\\/sprayboothmanufacturer.com\\\/\",\"logo\":{\"@type\":\"ImageObject\",\"inLanguage\":\"fr-FR\",\"@id\":\"https:\\\/\\\/sprayboothmanufacturer.com\\\/#\\\/schema\\\/logo\\\/image\\\/\",\"url\":\"https:\\\/\\\/sprayboothmanufacturer.com\\\/wp-content\\\/uploads\\\/2025\\\/12\\\/\u5fae\u4fe1\u56fe\u7247_20260113195103_1750_4-scaled-e1768394147958.png\",\"contentUrl\":\"https:\\\/\\\/sprayboothmanufacturer.com\\\/wp-content\\\/uploads\\\/2025\\\/12\\\/\u5fae\u4fe1\u56fe\u7247_20260113195103_1750_4-scaled-e1768394147958.png\",\"width\":1740,\"height\":538,\"caption\":\"Autoke-China Paint Booth Manufacturer\"},\"image\":{\"@id\":\"https:\\\/\\\/sprayboothmanufacturer.com\\\/#\\\/schema\\\/logo\\\/image\\\/\"}}]}<\/script>\n<!-- \/ Yoast SEO plugin. -->","yoast_head_json":{"title":"Salle de pulv\u00e9risation automobile, cabine de peinture pour voitures, cabine de peinture pour camions, four de pulv\u00e9risation pour bus - Fabricant de cabines de peinture Autoke-China","robots":{"index":"index","follow":"follow","max-snippet":"max-snippet:-1","max-image-preview":"max-image-preview:large","max-video-preview":"max-video-preview:-1"},"canonical":"https:\/\/sprayboothmanufacturer.com\/fr\/product\/truck-paint-booth\/","og_locale":"fr_FR","og_type":"article","og_title":"Automotive Spray Painting Room Car Painting Booth Truck paint booth Bus Spray Oven - Autoke-China Paint Booth Manufacturer","og_description":"The Luxury Truck Paint Booth (Model ATK-001) by Suzhou Autoke Machinery Co., Ltd. features a specially designed waterproof roof system, making it an ideal professional spraying solution for large vehicles. This premium paint booth combines Italian Riello natural gas burner heating systems (reaching 60-80\u00b0C in 5-10 minutes) with our proprietary waterproof roof technology to ensure consistent performance in all conditions. The unit includes high-efficiency LED lighting (\u22651000LX) and 3-stage air filtration (98% efficiency), creating the perfect dust-free painting environment for trucks, buses, and oversized vehicles.","og_url":"https:\/\/sprayboothmanufacturer.com\/fr\/product\/truck-paint-booth\/","og_site_name":"Autoke-China Paint Booth Manufacturer","article_modified_time":"2026-01-05T06:34:39+00:00","og_image":[{"width":1600,"height":1600,"url":"https:\/\/sprayboothmanufacturer.com\/wp-content\/uploads\/2025\/11\/\u4e3b\u56fe-3.png","type":"image\/png"}],"twitter_card":"summary_large_image","twitter_misc":{"Dur\u00e9e de lecture estim\u00e9e":"1 minute"},"schema":{"@context":"https:\/\/schema.org","@graph":[{"@type":"WebPage","@id":"https:\/\/sprayboothmanufacturer.com\/product\/truck-paint-booth\/","url":"https:\/\/sprayboothmanufacturer.com\/product\/truck-paint-booth\/","name":"Salle de pulv\u00e9risation automobile, cabine de peinture pour voitures, cabine de peinture pour camions, four de pulv\u00e9risation pour bus - Fabricant de cabines de peinture Autoke-China","isPartOf":{"@id":"https:\/\/sprayboothmanufacturer.com\/#website"},"primaryImageOfPage":{"@id":"https:\/\/sprayboothmanufacturer.com\/product\/truck-paint-booth\/#primaryimage"},"image":{"@id":"https:\/\/sprayboothmanufacturer.com\/product\/truck-paint-booth\/#primaryimage"},"thumbnailUrl":"https:\/\/sprayboothmanufacturer.com\/wp-content\/uploads\/2025\/11\/\u4e3b\u56fe-3.png","datePublished":"2025-11-13T13:50:40+00:00","dateModified":"2026-01-05T06:34:39+00:00","breadcrumb":{"@id":"https:\/\/sprayboothmanufacturer.com\/product\/truck-paint-booth\/#breadcrumb"},"inLanguage":"fr-FR","potentialAction":[{"@type":"ReadAction","target":["https:\/\/sprayboothmanufacturer.com\/product\/truck-paint-booth\/"]}]},{"@type":"ImageObject","inLanguage":"fr-FR","@id":"https:\/\/sprayboothmanufacturer.com\/product\/truck-paint-booth\/#primaryimage","url":"https:\/\/sprayboothmanufacturer.com\/wp-content\/uploads\/2025\/11\/\u4e3b\u56fe-3.png","contentUrl":"https:\/\/sprayboothmanufacturer.com\/wp-content\/uploads\/2025\/11\/\u4e3b\u56fe-3.png","width":1600,"height":1600,"caption":"truck spray booth"},{"@type":"BreadcrumbList","@id":"https:\/\/sprayboothmanufacturer.com\/product\/truck-paint-booth\/#breadcrumb","itemListElement":[{"@type":"ListItem","position":1,"name":"Home","item":"https:\/\/sprayboothmanufacturer.com\/"},{"@type":"ListItem","position":2,"name":"\u4ea7\u54c1","item":"https:\/\/sprayboothmanufacturer.com\/shop__trashed\/"},{"@type":"ListItem","position":3,"name":"Automotive Spray Painting Room Car Painting Booth Truck paint booth Bus Spray Oven"}]},{"@type":"WebSite","@id":"https:\/\/sprayboothmanufacturer.com\/#website","url":"https:\/\/sprayboothmanufacturer.com\/","name":"Fabricant de cabines de peinture Autoke-Chine","description":"","publisher":{"@id":"https:\/\/sprayboothmanufacturer.com\/#organization"},"potentialAction":[{"@type":"SearchAction","target":{"@type":"EntryPoint","urlTemplate":"https:\/\/sprayboothmanufacturer.com\/?s={search_term_string}"},"query-input":{"@type":"PropertyValueSpecification","valueRequired":true,"valueName":"search_term_string"}}],"inLanguage":"fr-FR"},{"@type":"Organization","@id":"https:\/\/sprayboothmanufacturer.com\/#organization","name":"Fabricant de cabines de peinture Autoke-Chine","url":"https:\/\/sprayboothmanufacturer.com\/","logo":{"@type":"ImageObject","inLanguage":"fr-FR","@id":"https:\/\/sprayboothmanufacturer.com\/#\/schema\/logo\/image\/","url":"https:\/\/sprayboothmanufacturer.com\/wp-content\/uploads\/2025\/12\/\u5fae\u4fe1\u56fe\u7247_20260113195103_1750_4-scaled-e1768394147958.png","contentUrl":"https:\/\/sprayboothmanufacturer.com\/wp-content\/uploads\/2025\/12\/\u5fae\u4fe1\u56fe\u7247_20260113195103_1750_4-scaled-e1768394147958.png","width":1740,"height":538,"caption":"Autoke-China Paint Booth Manufacturer"},"image":{"@id":"https:\/\/sprayboothmanufacturer.com\/#\/schema\/logo\/image\/"}}]}},"_links":{"self":[{"href":"https:\/\/sprayboothmanufacturer.com\/fr\/wp-json\/wp\/v2\/product\/2288","targetHints":{"allow":["GET"]}}],"collection":[{"href":"https:\/\/sprayboothmanufacturer.com\/fr\/wp-json\/wp\/v2\/product"}],"about":[{"href":"https:\/\/sprayboothmanufacturer.com\/fr\/wp-json\/wp\/v2\/types\/product"}],"replies":[{"embeddable":true,"href":"https:\/\/sprayboothmanufacturer.com\/fr\/wp-json\/wp\/v2\/comments?post=2288"}],"version-history":[{"count":1,"href":"https:\/\/sprayboothmanufacturer.com\/fr\/wp-json\/wp\/v2\/product\/2288\/revisions"}],"predecessor-version":[{"id":2381,"href":"https:\/\/sprayboothmanufacturer.com\/fr\/wp-json\/wp\/v2\/product\/2288\/revisions\/2381"}],"wp:featuredmedia":[{"embeddable":true,"href":"https:\/\/sprayboothmanufacturer.com\/fr\/wp-json\/wp\/v2\/media\/2294"}],"wp:attachment":[{"href":"https:\/\/sprayboothmanufacturer.com\/fr\/wp-json\/wp\/v2\/media?parent=2288"}],"wp:term":[{"taxonomy":"product_brand","embeddable":true,"href":"https:\/\/sprayboothmanufacturer.com\/fr\/wp-json\/wp\/v2\/product_brand?post=2288"},{"taxonomy":"product_cat","embeddable":true,"href":"https:\/\/sprayboothmanufacturer.com\/fr\/wp-json\/wp\/v2\/product_cat?post=2288"},{"taxonomy":"product_tag","embeddable":true,"href":"https:\/\/sprayboothmanufacturer.com\/fr\/wp-json\/wp\/v2\/product_tag?post=2288"}],"curies":[{"name":"wp","href":"https:\/\/api.w.org\/{rel}","templated":true}]}}