{"id":3401,"date":"2026-02-26T03:28:09","date_gmt":"2026-02-26T03:28:09","guid":{"rendered":"https:\/\/sprayboothmanufacturer.com\/?post_type=product&#038;p=3401"},"modified":"2026-02-26T03:28:09","modified_gmt":"2026-02-26T03:28:09","slug":"7m-luxury-spray-booth-4","status":"publish","type":"product","link":"https:\/\/sprayboothmanufacturer.com\/es\/product\/7m-luxury-spray-booth-4\/","title":{"rendered":"Cabina de pulverizaci\u00f3n de lujo de 7m \u2013 Proveedor profesional de equipos automotrices, sin calefacci\u00f3n (ventilaci\u00f3n incluida)"},"content":{"rendered":"<table style=\"height: 311px;\" width=\"729\">\n<tbody>\n<tr>\n<td width=\"142\"><strong><b>Cantidad m\u00ednima de pedido :<\/b><\/strong><\/td>\n<td width=\"142\">1 pieza<\/td>\n<td width=\"142\"><strong><b>Precio :<\/b><\/strong><\/td>\n<td width=\"142\">A negociar<\/td>\n<\/tr>\n<tr>\n<td width=\"142\"><strong><b>Detalles del embalaje :<\/b><\/strong><\/td>\n<td width=\"142\">40G o 20GP\/unidad<\/td>\n<td width=\"142\"><strong><b>Tiempo de entrega :<\/b><\/strong><\/td>\n<td width=\"142\">15 d\u00edas a negociar<\/td>\n<\/tr>\n<tr>\n<td width=\"142\"><strong><b>Condiciones de pago :<\/b><\/strong><\/td>\n<td width=\"142\">L\/C, T\/T<\/td>\n<td width=\"142\"><strong><b>Capacidad de suministro :<\/b><\/strong><\/td>\n<td width=\"142\">50 unidades por mes, cabina de pulverizaci\u00f3n industrial, cabina de pulverizaci\u00f3n para autobuses<\/td>\n<\/tr>\n<tr>\n<td width=\"142\"><strong><b>Lugar de origen:<\/b><\/strong><\/td>\n<td width=\"142\">Jiangsu, China<\/td>\n<td width=\"142\"><strong><b>Nombre de la marca:<\/b><\/strong><\/td>\n<td width=\"142\">Autoke<\/td>\n<\/tr>\n<tr>\n<td width=\"142\"><strong><b>Certificaci\u00f3n:<\/b><\/strong><\/td>\n<td width=\"142\">CE<\/td>\n<td width=\"142\"><strong><b>N\u00famero de modelo:<\/b><\/strong><\/td>\n<td width=\"142\"><strong>ATK-LS7-033B<\/strong><\/td>\n<\/tr>\n<\/tbody>\n<\/table>\n<h4><strong>Descripci\u00f3n general<\/strong><\/h4>\n<p class=\"ds-markdown-paragraph\">El\u00a0<strong>Cabina de pulverizaci\u00f3n de lujo de 7m Autoke (Modelo base)<\/strong>\u00a0offers a professional-grade workspace for painting, coating, or sanding operations. Designed without integrated heating, this versatile enclosure comes equipped with a powerful ventilation system, making it ideal for workshops that require immediate airflow control while planning to add heating later. Manufactured with premium materials and attention to detail, it ensures durability, safety, and a clean working environment. Optional diesel heating (RIELLO G10 or G20) is available for cold regions.<\/p>\n<hr \/>\n<h4><strong>Caracter\u00edsticas principales<\/strong><\/h4>\n<ul>\n<li>\n<p class=\"ds-markdown-paragraph\"><strong>Construcci\u00f3n duradera<\/strong><\/p>\n<ul>\n<li>\n<p class=\"ds-markdown-paragraph\">Paneles de pared:\u00a0<strong>Lana de roca de alta densidad de 5cm de grosor<\/strong>\u00a0(100 kg\/m\u00b3) con\u00a0<strong>cubiertas de acero de 0,35mm<\/strong>\u00a0- resistente al fuego, insonorizada y con aislamiento t\u00e9rmico.<\/p>\n<\/li>\n<li>\n<p class=\"ds-markdown-paragraph\">Paneles de techo de acero galvanizado, tratados contra llamas.<\/p>\n<\/li>\n<li>\n<p class=\"ds-markdown-paragraph\">S\u00f3tano de alta resistencia con plataforma convexa tipo placa, hecha de chapa de acero galvanizado y tubos cuadrados, altura 300mm.<\/p>\n<\/li>\n<li>\n<p class=\"ds-markdown-paragraph\"><strong>Sistema de suelo:<\/strong><\/p>\n<ul>\n<li>\n<p class=\"ds-markdown-paragraph\"><strong>Tres filas de rejillas planas de acero<\/strong>\u00a0(galvanizado) para un flujo de aire \u00f3ptimo.<\/p>\n<\/li>\n<li>\n<p class=\"ds-markdown-paragraph\"><strong>Dos filas de pisos para caminar<\/strong>, tratados con spray para prevenir la oxidaci\u00f3n.<\/p>\n<\/li>\n<\/ul>\n<\/li>\n<li>\n<p class=\"ds-markdown-paragraph\">Cuatro patas auxiliares proporcionan soporte adicional, capacidad hasta 5 toneladas.<\/p>\n<\/li>\n<\/ul>\n<\/li>\n<li>\n<p class=\"ds-markdown-paragraph\"><strong>Sistema de ventilaci\u00f3n potente<\/strong><\/p>\n<ul>\n<li>\n<p class=\"ds-markdown-paragraph\"><strong>Entrada:<\/strong>\u00a0<strong>Ventiladores centr\u00edfugos de doble entrada 2\u00d74KW YDW<\/strong>, que garantizan una distribuci\u00f3n eficiente del aire y eliminaci\u00f3n de sobrepulverizaci\u00f3n.<\/p>\n<\/li>\n<li>\n<p class=\"ds-markdown-paragraph\">Tipo de configuraci\u00f3n del armario con entrada desde el lado superior, estructura de acero recubierta de polvo y conducto de escape de acero galvanizado con brida.<\/p>\n<\/li>\n<li>\n<p class=\"ds-markdown-paragraph\">Dimensiones del armario: 1.1\u00d72.2m, puede instalarse en el lado izquierdo, derecho o trasero de la cabina.<\/p>\n<\/li>\n<li>\n<p class=\"ds-markdown-paragraph\">Incluye conducto en codo de 90\u00b0.<\/p>\n<\/li>\n<\/ul>\n<\/li>\n<li>\n<p class=\"ds-markdown-paragraph\"><strong>Optional Heating (Sold Separately)<\/strong><\/p>\n<ul>\n<li>\n<p class=\"ds-markdown-paragraph\">Compatible con\u00a0<strong>Quemadores di\u00e9sel RIELLO G10 o G20<\/strong>\u00a0para talleres en climas fr\u00edos.<\/p>\n<\/li>\n<li>\n<p class=\"ds-markdown-paragraph\">Calentamiento r\u00e1pido (5\u20138 minutos hasta 40\u00b0C) con temperatura m\u00e1xima de horneado de 80\u00b0C.<\/p>\n<\/li>\n<li>\n<p class=\"ds-markdown-paragraph\">Simple integration with the existing ventilation system.<\/p>\n<\/li>\n<\/ul>\n<\/li>\n<li>\n<p class=\"ds-markdown-paragraph\"><strong>Acceso espacioso<\/strong><\/p>\n<ul>\n<li>\n<p class=\"ds-markdown-paragraph\">Puerta principal:\u00a0<strong>Puertas delanteras de metal de tres piezas<\/strong>\u00a0con ventanas de vidrio templado (<strong>3000\u00d72450mm<\/strong>), equipadas con manija y cerradura,\u00a0<strong>Cristal resistente a altas temperaturas de 5mm<\/strong>.<\/p>\n<\/li>\n<li>\n<p class=\"ds-markdown-paragraph\">Puerta de seguridad lateral:\u00a0<strong>80\u00d7200cm<\/strong>\u00a0para salida de emergencia y acceso conveniente.<\/p>\n<\/li>\n<\/ul>\n<\/li>\n<li>\n<p class=\"ds-markdown-paragraph\"><strong>Iluminaci\u00f3n superior<\/strong><\/p>\n<ul>\n<li>\n<p class=\"ds-markdown-paragraph\">Techo:\u00a0<strong>24\u00d718W luces LED<\/strong>\u00a0(8 grupos de 3) inclinadas a 45\u00b0 para una iluminaci\u00f3n uniforme desde arriba.<\/p>\n<\/li>\n<li>\n<p class=\"ds-markdown-paragraph\">Paredes laterales:\u00a0<strong>8\u00d748W luces LED<\/strong>\u00a0eliminan sombras y mejoran la visibilidad durante trabajos detallados.<\/p>\n<\/li>\n<\/ul>\n<\/li>\n<li>\n<p class=\"ds-markdown-paragraph\"><strong>Sistema de filtraci\u00f3n en m\u00faltiples etapas<\/strong><\/p>\n<ul>\n<li>\n<p class=\"ds-markdown-paragraph\"><strong>Filtro primario:<\/strong>\u00a0Captura part\u00edculas &gt;10\u03bcm, eficiencia &gt;90%.<\/p>\n<\/li>\n<li>\n<p class=\"ds-markdown-paragraph\"><strong>Filtro de techo (blanco):<\/strong>\u00a0Captura part\u00edculas &gt;4\u03bcm, eficiencia &gt;98%.<\/p>\n<\/li>\n<li>\n<p class=\"ds-markdown-paragraph\"><strong>Filtro de suelo (azul):<\/strong>\u00a0Filtro de fibra de vidrio de m\u00faltiples capas, eficiencia &gt;90%.<\/p>\n<\/li>\n<li>\n<p class=\"ds-markdown-paragraph\">Garantiza un entorno de pintura limpio y un acabado de alta calidad.<\/p>\n<\/li>\n<\/ul>\n<\/li>\n<li>\n<p class=\"ds-markdown-paragraph\"><strong>Estructura Superior de Lujo<\/strong><\/p>\n<ul>\n<li>\n<p class=\"ds-markdown-paragraph\">Las vigas principales, las cajas de luz, los soportes de algod\u00f3n filtrante y los soportes se tratan con recubrimiento en spray para prevenir la oxidaci\u00f3n y mejorar la est\u00e9tica.<\/p>\n<\/li>\n<li>\n<p class=\"ds-markdown-paragraph\">Mayor durabilidad y apariencia profesional.<\/p>\n<\/li>\n<\/ul>\n<\/li>\n<li>\n<p class=\"ds-markdown-paragraph\"><strong>Sistema de Control Inteligente<\/strong><\/p>\n<ul>\n<li>\n<p class=\"ds-markdown-paragraph\">Panel f\u00e1cil de usar con interruptores para iluminaci\u00f3n, modos de pintura, temporizador y parada de emergencia.<\/p>\n<\/li>\n<li>\n<p class=\"ds-markdown-paragraph\">Monitoreo y ajuste en tiempo real para una operaci\u00f3n \u00f3ptima.<\/p>\n<\/li>\n<\/ul>\n<\/li>\n<li>\n<p class=\"ds-markdown-paragraph\"><strong>El\u00e9ctrico y Rendimiento<\/strong><\/p>\n<ul>\n<li>\n<p class=\"ds-markdown-paragraph\">Voltaje:\u00a0<strong>220V\/380V, 50Hz\/60Hz<\/strong>\u00a0compatible.<\/p>\n<\/li>\n<li>\n<p class=\"ds-markdown-paragraph\">Componentes de grado profesional dise\u00f1ados para uso comercial continuo.<\/p>\n<\/li>\n<\/ul>\n<\/li>\n<\/ul>\n<hr \/>\n<h4><strong>Especificaciones T\u00e9cnicas<\/strong><\/h4>\n<div class=\"ds-scroll-area _1210dd7 c03cafe9\">\n<div class=\"ds-scroll-area__gutters\">\n<div class=\"ds-scroll-area__horizontal-gutter\"><\/div>\n<div class=\"ds-scroll-area__vertical-gutter\"><\/div>\n<\/div>\n<table>\n<thead>\n<tr>\n<th>Par\u00e1metro<\/th>\n<th>Detalles<\/th>\n<\/tr>\n<\/thead>\n<tbody>\n<tr>\n<td><strong>Modelo<\/strong><\/td>\n<td>ATK-LS7-033B<\/td>\n<\/tr>\n<tr>\n<td><strong>Dimensiones Externas (L\u00d7An\u00d7Al)<\/strong><\/td>\n<td>7000\u00d74000\u00d73400 mm<\/td>\n<\/tr>\n<tr>\n<td><strong>Tama\u00f1o interior (L\u00d7W\u00d7H)<\/strong><\/td>\n<td>6900\u00d73900\u00d72700 mm<\/td>\n<\/tr>\n<tr>\n<td><strong>Tama\u00f1o del paquete<\/strong><\/td>\n<td>4.2\u00d72.2\u00d72.1 m (19 CBM)<\/td>\n<\/tr>\n<tr>\n<td><strong>Peso<\/strong><\/td>\n<td>Aprox. 3500 kg<\/td>\n<\/tr>\n<tr>\n<td><strong>Panel de pared<\/strong><\/td>\n<td>Lana de roca, 50mm de grosor, densidad 100kg\/m\u00b3, grosor de acero 0.35mm<\/td>\n<\/tr>\n<tr>\n<td><strong>Rejillas de suelo<\/strong><\/td>\n<td>3 filas de acero galvanizado<\/td>\n<\/tr>\n<tr>\n<td><strong>Pisos caminables<\/strong><\/td>\n<td>2 filas, tratados contra la oxidaci\u00f3n<\/td>\n<\/tr>\n<tr>\n<td><strong>Ventilaci\u00f3n<\/strong><\/td>\n<td>2\u00d74KW ventiladores de admisi\u00f3n YDW<\/td>\n<\/tr>\n<tr>\n<td><strong>Calefacci\u00f3n (Opcional)<\/strong><\/td>\n<td>Quemador di\u00e9sel RIELLO G10\/G20 (no incluido)<\/td>\n<\/tr>\n<tr>\n<td><strong>Iluminaci\u00f3n<\/strong><\/td>\n<td>Techo: LED de 24\u00d718W; paredes laterales: LED de 8\u00d748W<\/td>\n<\/tr>\n<tr>\n<td><strong>Puertas<\/strong><\/td>\n<td>Principal: metal de 3 hojas con vidrio templado (3000\u00d72450mm); Lateral: 80\u00d7200cm<\/td>\n<\/tr>\n<tr>\n<td><strong>Caja de Ventilador<\/strong><\/td>\n<td>Estructura de acero recubierta con pintura en polvo<\/td>\n<\/tr>\n<tr>\n<td><strong>Filtraci\u00f3n<\/strong><\/td>\n<td>Filtros primarios, de techo y de suelo (preinstalados)<\/td>\n<\/tr>\n<tr>\n<td><strong>Sistema de Control<\/strong><\/td>\n<td>Panel inteligente con temporizador, parada de emergencia<\/td>\n<\/tr>\n<tr>\n<td><strong>Voltaje\/Frecuencia<\/strong><\/td>\n<td>220V\/380V, 50Hz\/60Hz<\/td>\n<\/tr>\n<tr>\n<td><strong>Opciones de Color<\/strong><\/td>\n<td>Rojo, Azul, Blanco, Gris, Naranja, etc.<\/td>\n<\/tr>\n<tr>\n<td><strong>Garant\u00eda<\/strong><\/td>\n<td>12 meses desde la fecha de B\/L<\/td>\n<\/tr>\n<tr>\n<td><strong>Tiempo de Entrega<\/strong><\/td>\n<td>30 d\u00edas despu\u00e9s del pago (EXW, dep\u00f3sito 30%)<\/td>\n<\/tr>\n<tr>\n<td><strong>Env\u00edo<\/strong><\/td>\n<td>1 juego por contenedor de 20GP; 3 juegos por contenedor de 40HQ<\/td>\n<\/tr>\n<\/tbody>\n<\/table>\n<\/div>\n<hr \/>\n<h4><strong>\u00bfPor qu\u00e9 elegir la Cabina de Pintura Autoke Base?<\/strong><\/h4>\n<ul>\n<li>\n<p class=\"ds-markdown-paragraph\">\u2705\u00a0<strong>Suministro Directo de la F\u00e1brica<\/strong>\u00a0\u2013 Precios competitivos sin intermediarios<\/p>\n<\/li>\n<li>\n<p class=\"ds-markdown-paragraph\">\u2705\u00a0<strong>Soluciones personalizadas OEM<\/strong>\u00a0\u2013 Personaliza tama\u00f1o, color y accesorios seg\u00fan tus necesidades<\/p>\n<\/li>\n<li>\n<p class=\"ds-markdown-paragraph\">\u2705\u00a0<strong>Soluci\u00f3n integral<\/strong>\u00a0\u2013 Desde la estructura hasta mejoras opcionales de calefacci\u00f3n<\/p>\n<\/li>\n<li>\n<p class=\"ds-markdown-paragraph\">\u2705\u00a0<strong>Fabricante de equipos industriales<\/strong>\u00a0\u2013 Calidad y fiabilidad comprobadas<\/p>\n<\/li>\n<li>\n<p class=\"ds-markdown-paragraph\">\u2705\u00a0<strong>Dise\u00f1ado para uso comercial<\/strong>\u00a0\u2013 Componentes resistentes para operaci\u00f3n continua<\/p>\n<\/li>\n<li>\n<p class=\"ds-markdown-paragraph\">\u2705\u00a0<strong>Preparado para ventilaci\u00f3n<\/strong>\u00a0\u2013 Ventiladores potentes 2\u00d74KW incluidos para uso inmediato<\/p>\n<\/li>\n<li>\n<p class=\"ds-markdown-paragraph\">\u2705\u00a0<strong>A prueba de futuro<\/strong>\u00a0\u2013 A\u00f1ade calefacci\u00f3n di\u00e9sel f\u00e1cilmente cuando sea necesario<\/p>\n<\/li>\n<li>\n<p class=\"ds-markdown-paragraph\">\u2705\u00a0<strong>Env\u00edo global<\/strong>\u00a0\u2013 Carga f\u00e1cil en contenedor y entrega en todo el mundo<\/p>\n<\/li>\n<\/ul>\n<hr \/>\n<h4><strong>Aplicaciones<\/strong><\/h4>\n<ul>\n<li>\n<p class=\"ds-markdown-paragraph\">Talleres de carrocer\u00eda automotriz (\u00e1rea de preparaci\u00f3n o recinto de pulverizaci\u00f3n b\u00e1sico)<\/p>\n<\/li>\n<li>\n<p class=\"ds-markdown-paragraph\">L\u00edneas de recubrimiento industrial (con ventilaci\u00f3n externa)<\/p>\n<\/li>\n<li>\n<p class=\"ds-markdown-paragraph\">Talleres de carpinter\u00eda y acabado<\/p>\n<\/li>\n<li>\n<p class=\"ds-markdown-paragraph\">Estaciones de ensamblaje o lijado sin polvo<\/p>\n<\/li>\n<li>\n<p class=\"ds-markdown-paragraph\">Planificaci\u00f3n de instalaciones para agregar calefacci\u00f3n en climas fr\u00edos<\/p>\n<\/li>\n<\/ul>","protected":false},"excerpt":{"rendered":"<p>El\u00a0<strong>Cabina de pintura Autoke 7m Luxury (Modelo: ATK-LS7-033B)<\/strong>\u00a0es un recinto de pintura rentable y listo para ventilaci\u00f3n, dise\u00f1ado para talleres de carrocer\u00eda automotriz y centros de acabado industrial. Construido con paneles de lana de roca de 5 cm, suelo reforzado, iluminaci\u00f3n LED brillante y filtraci\u00f3n de m\u00faltiples etapas, este modelo b\u00e1sico proporciona un espacio de trabajo limpio y bien iluminado para pintar, lijar o preparar. El potente sistema de ventiladores de entrada 2\u00d74KW garantiza un flujo de aire eficiente, y la cabina es totalmente personalizable con calefacci\u00f3n di\u00e9sel opcional (RIELLO G10\/G20) para climas fr\u00edos. Directo de f\u00e1brica \u2013 duradero, seguro y hecho para durar.<\/p>","protected":false},"featured_media":3172,"comment_status":"open","ping_status":"closed","template":"","meta":[],"product_brand":[76],"product_cat":[60,59],"product_tag":[73,91,63,67,69,71],"class_list":{"0":"post-3401","1":"product","2":"type-product","3":"status-publish","4":"has-post-thumbnail","6":"product_brand-autoke","7":"product_cat-car-spray-booth","8":"product_cat-spray-booth","9":"product_tag-automotive-spray-booth-manufacturer","10":"product_tag-bus-paint-baking-oven","11":"product_tag-car-spray-booth","12":"product_tag-car-spray-booth-manufacturing","13":"product_tag-ce-car-spray-booth","14":"product_tag-competitive-price-spray-booths","16":"first","17":"instock","18":"shipping-taxable","19":"product-type-simple"},"yoast_head":"<!-- This site is optimized with the Yoast SEO plugin v27.4 - https:\/\/yoast.com\/product\/yoast-seo-wordpress\/ -->\n<title>7m Luxury Spray Booth \u2013 Professional Automotive Equipment Supplier, No Heating (Ventilation Included) - Autoke-China Paint Booth Manufacturer<\/title>\n<meta name=\"robots\" content=\"index, follow, max-snippet:-1, max-image-preview:large, max-video-preview:-1\" \/>\n<link rel=\"canonical\" href=\"https:\/\/sprayboothmanufacturer.com\/es\/producto\/7m-luxury-spray-booth-4\/\" \/>\n<meta property=\"og:locale\" content=\"es_ES\" \/>\n<meta property=\"og:type\" content=\"article\" \/>\n<meta property=\"og:title\" content=\"7m Luxury Spray Booth \u2013 Professional Automotive Equipment Supplier, No Heating (Ventilation Included) - Autoke-China Paint Booth Manufacturer\" \/>\n<meta property=\"og:description\" content=\"The\u00a0Autoke 7m Luxury Spray Booth (Model: ATK-LS7-033B)\u00a0is a cost-effective, ventilation-ready painting enclosure designed for automotive body shops and industrial finishing centers. Built with 5cm rock wool panels, reinforced flooring, bright LED lighting, and multi-stage filtration, this base model provides a clean and well-lit workspace for painting, sanding, or preparation. The powerful 2\u00d74KW intake fan system ensures efficient airflow, and the booth is fully customizable with optional diesel heating (RIELLO G10\/G20) for cold climates. Factory direct \u2013 durable, safe, and built to last.\" \/>\n<meta property=\"og:url\" content=\"https:\/\/sprayboothmanufacturer.com\/es\/producto\/7m-luxury-spray-booth-4\/\" \/>\n<meta property=\"og:site_name\" content=\"Autoke-China Paint Booth Manufacturer\" \/>\n<meta property=\"og:image\" content=\"https:\/\/sprayboothmanufacturer.com\/wp-content\/uploads\/2026\/02\/2.png\" \/>\n\t<meta property=\"og:image:width\" content=\"800\" \/>\n\t<meta property=\"og:image:height\" content=\"800\" \/>\n\t<meta property=\"og:image:type\" content=\"image\/png\" \/>\n<meta name=\"twitter:card\" content=\"summary_large_image\" \/>\n<meta name=\"twitter:label1\" content=\"Est. reading time\" \/>\n\t<meta name=\"twitter:data1\" content=\"4 minutos\" \/>\n<script type=\"application\/ld+json\" class=\"yoast-schema-graph\">{\"@context\":\"https:\\\/\\\/schema.org\",\"@graph\":[{\"@type\":\"WebPage\",\"@id\":\"https:\\\/\\\/sprayboothmanufacturer.com\\\/product\\\/7m-luxury-spray-booth-4\\\/\",\"url\":\"https:\\\/\\\/sprayboothmanufacturer.com\\\/product\\\/7m-luxury-spray-booth-4\\\/\",\"name\":\"7m Luxury Spray Booth \u2013 Professional Automotive Equipment Supplier, No Heating (Ventilation Included) - Autoke-China Paint Booth Manufacturer\",\"isPartOf\":{\"@id\":\"https:\\\/\\\/sprayboothmanufacturer.com\\\/#website\"},\"primaryImageOfPage\":{\"@id\":\"https:\\\/\\\/sprayboothmanufacturer.com\\\/product\\\/7m-luxury-spray-booth-4\\\/#primaryimage\"},\"image\":{\"@id\":\"https:\\\/\\\/sprayboothmanufacturer.com\\\/product\\\/7m-luxury-spray-booth-4\\\/#primaryimage\"},\"thumbnailUrl\":\"https:\\\/\\\/sprayboothmanufacturer.com\\\/wp-content\\\/uploads\\\/2026\\\/02\\\/2.png\",\"datePublished\":\"2026-02-26T03:28:09+00:00\",\"breadcrumb\":{\"@id\":\"https:\\\/\\\/sprayboothmanufacturer.com\\\/product\\\/7m-luxury-spray-booth-4\\\/#breadcrumb\"},\"inLanguage\":\"es\",\"potentialAction\":[{\"@type\":\"ReadAction\",\"target\":[\"https:\\\/\\\/sprayboothmanufacturer.com\\\/product\\\/7m-luxury-spray-booth-4\\\/\"]}]},{\"@type\":\"ImageObject\",\"inLanguage\":\"es\",\"@id\":\"https:\\\/\\\/sprayboothmanufacturer.com\\\/product\\\/7m-luxury-spray-booth-4\\\/#primaryimage\",\"url\":\"https:\\\/\\\/sprayboothmanufacturer.com\\\/wp-content\\\/uploads\\\/2026\\\/02\\\/2.png\",\"contentUrl\":\"https:\\\/\\\/sprayboothmanufacturer.com\\\/wp-content\\\/uploads\\\/2026\\\/02\\\/2.png\",\"width\":800,\"height\":800},{\"@type\":\"BreadcrumbList\",\"@id\":\"https:\\\/\\\/sprayboothmanufacturer.com\\\/product\\\/7m-luxury-spray-booth-4\\\/#breadcrumb\",\"itemListElement\":[{\"@type\":\"ListItem\",\"position\":1,\"name\":\"Home\",\"item\":\"https:\\\/\\\/sprayboothmanufacturer.com\\\/\"},{\"@type\":\"ListItem\",\"position\":2,\"name\":\"\u4ea7\u54c1\",\"item\":\"https:\\\/\\\/sprayboothmanufacturer.com\\\/shop__trashed\\\/\"},{\"@type\":\"ListItem\",\"position\":3,\"name\":\"7m Luxury Spray Booth \u2013 Professional Automotive Equipment Supplier, No Heating (Ventilation Included)\"}]},{\"@type\":\"WebSite\",\"@id\":\"https:\\\/\\\/sprayboothmanufacturer.com\\\/#website\",\"url\":\"https:\\\/\\\/sprayboothmanufacturer.com\\\/\",\"name\":\"Autoke-China Paint Booth Manufacturer\",\"description\":\"\",\"publisher\":{\"@id\":\"https:\\\/\\\/sprayboothmanufacturer.com\\\/#organization\"},\"potentialAction\":[{\"@type\":\"SearchAction\",\"target\":{\"@type\":\"EntryPoint\",\"urlTemplate\":\"https:\\\/\\\/sprayboothmanufacturer.com\\\/?s={search_term_string}\"},\"query-input\":{\"@type\":\"PropertyValueSpecification\",\"valueRequired\":true,\"valueName\":\"search_term_string\"}}],\"inLanguage\":\"es\"},{\"@type\":\"Organization\",\"@id\":\"https:\\\/\\\/sprayboothmanufacturer.com\\\/#organization\",\"name\":\"Autoke-China Paint Booth Manufacturer\",\"url\":\"https:\\\/\\\/sprayboothmanufacturer.com\\\/\",\"logo\":{\"@type\":\"ImageObject\",\"inLanguage\":\"es\",\"@id\":\"https:\\\/\\\/sprayboothmanufacturer.com\\\/#\\\/schema\\\/logo\\\/image\\\/\",\"url\":\"https:\\\/\\\/sprayboothmanufacturer.com\\\/wp-content\\\/uploads\\\/2025\\\/12\\\/\u5fae\u4fe1\u56fe\u7247_20260113195103_1750_4-scaled-e1768394147958.png\",\"contentUrl\":\"https:\\\/\\\/sprayboothmanufacturer.com\\\/wp-content\\\/uploads\\\/2025\\\/12\\\/\u5fae\u4fe1\u56fe\u7247_20260113195103_1750_4-scaled-e1768394147958.png\",\"width\":1740,\"height\":538,\"caption\":\"Autoke-China Paint Booth Manufacturer\"},\"image\":{\"@id\":\"https:\\\/\\\/sprayboothmanufacturer.com\\\/#\\\/schema\\\/logo\\\/image\\\/\"}}]}<\/script>\n<!-- \/ Yoast SEO plugin. -->","yoast_head_json":{"title":"Cabina de pulverizaci\u00f3n de lujo de 7 m \u2013 Proveedor de equipos automotrices profesionales, Sin calefacci\u00f3n (ventilaci\u00f3n incluida, mejorable) - Fabricante de cabinas de pintura Autoke-China","robots":{"index":"index","follow":"follow","max-snippet":"max-snippet:-1","max-image-preview":"max-image-preview:large","max-video-preview":"max-video-preview:-1"},"canonical":"https:\/\/sprayboothmanufacturer.com\/es\/producto\/7m-luxury-spray-booth-4\/","og_locale":"es_ES","og_type":"article","og_title":"7m Luxury Spray Booth \u2013 Professional Automotive Equipment Supplier, No Heating (Ventilation Included) - Autoke-China Paint Booth Manufacturer","og_description":"The\u00a0Autoke 7m Luxury Spray Booth (Model: ATK-LS7-033B)\u00a0is a cost-effective, ventilation-ready painting enclosure designed for automotive body shops and industrial finishing centers. Built with 5cm rock wool panels, reinforced flooring, bright LED lighting, and multi-stage filtration, this base model provides a clean and well-lit workspace for painting, sanding, or preparation. The powerful 2\u00d74KW intake fan system ensures efficient airflow, and the booth is fully customizable with optional diesel heating (RIELLO G10\/G20) for cold climates. Factory direct \u2013 durable, safe, and built to last.","og_url":"https:\/\/sprayboothmanufacturer.com\/es\/producto\/7m-luxury-spray-booth-4\/","og_site_name":"Autoke-China Paint Booth Manufacturer","og_image":[{"width":800,"height":800,"url":"https:\/\/sprayboothmanufacturer.com\/wp-content\/uploads\/2026\/02\/2.png","type":"image\/png"}],"twitter_card":"summary_large_image","twitter_misc":{"Est. reading time":"4 minutos"},"schema":{"@context":"https:\/\/schema.org","@graph":[{"@type":"WebPage","@id":"https:\/\/sprayboothmanufacturer.com\/product\/7m-luxury-spray-booth-4\/","url":"https:\/\/sprayboothmanufacturer.com\/product\/7m-luxury-spray-booth-4\/","name":"Cabina de pulverizaci\u00f3n de lujo de 7 m \u2013 Proveedor de equipos automotrices profesionales, Sin calefacci\u00f3n (ventilaci\u00f3n incluida, mejorable) - Fabricante de cabinas de pintura Autoke-China","isPartOf":{"@id":"https:\/\/sprayboothmanufacturer.com\/#website"},"primaryImageOfPage":{"@id":"https:\/\/sprayboothmanufacturer.com\/product\/7m-luxury-spray-booth-4\/#primaryimage"},"image":{"@id":"https:\/\/sprayboothmanufacturer.com\/product\/7m-luxury-spray-booth-4\/#primaryimage"},"thumbnailUrl":"https:\/\/sprayboothmanufacturer.com\/wp-content\/uploads\/2026\/02\/2.png","datePublished":"2026-02-26T03:28:09+00:00","breadcrumb":{"@id":"https:\/\/sprayboothmanufacturer.com\/product\/7m-luxury-spray-booth-4\/#breadcrumb"},"inLanguage":"es","potentialAction":[{"@type":"ReadAction","target":["https:\/\/sprayboothmanufacturer.com\/product\/7m-luxury-spray-booth-4\/"]}]},{"@type":"ImageObject","inLanguage":"es","@id":"https:\/\/sprayboothmanufacturer.com\/product\/7m-luxury-spray-booth-4\/#primaryimage","url":"https:\/\/sprayboothmanufacturer.com\/wp-content\/uploads\/2026\/02\/2.png","contentUrl":"https:\/\/sprayboothmanufacturer.com\/wp-content\/uploads\/2026\/02\/2.png","width":800,"height":800},{"@type":"BreadcrumbList","@id":"https:\/\/sprayboothmanufacturer.com\/product\/7m-luxury-spray-booth-4\/#breadcrumb","itemListElement":[{"@type":"ListItem","position":1,"name":"Home","item":"https:\/\/sprayboothmanufacturer.com\/"},{"@type":"ListItem","position":2,"name":"\u4ea7\u54c1","item":"https:\/\/sprayboothmanufacturer.com\/shop__trashed\/"},{"@type":"ListItem","position":3,"name":"7m Luxury Spray Booth \u2013 Professional Automotive Equipment Supplier, No Heating (Ventilation Included)"}]},{"@type":"WebSite","@id":"https:\/\/sprayboothmanufacturer.com\/#website","url":"https:\/\/sprayboothmanufacturer.com\/","name":"Fabricante de cabinas de pintura Autoke-China","description":"","publisher":{"@id":"https:\/\/sprayboothmanufacturer.com\/#organization"},"potentialAction":[{"@type":"SearchAction","target":{"@type":"EntryPoint","urlTemplate":"https:\/\/sprayboothmanufacturer.com\/?s={search_term_string}"},"query-input":{"@type":"PropertyValueSpecification","valueRequired":true,"valueName":"search_term_string"}}],"inLanguage":"es"},{"@type":"Organization","@id":"https:\/\/sprayboothmanufacturer.com\/#organization","name":"Fabricante de cabinas de pintura Autoke-China","url":"https:\/\/sprayboothmanufacturer.com\/","logo":{"@type":"ImageObject","inLanguage":"es","@id":"https:\/\/sprayboothmanufacturer.com\/#\/schema\/logo\/image\/","url":"https:\/\/sprayboothmanufacturer.com\/wp-content\/uploads\/2025\/12\/\u5fae\u4fe1\u56fe\u7247_20260113195103_1750_4-scaled-e1768394147958.png","contentUrl":"https:\/\/sprayboothmanufacturer.com\/wp-content\/uploads\/2025\/12\/\u5fae\u4fe1\u56fe\u7247_20260113195103_1750_4-scaled-e1768394147958.png","width":1740,"height":538,"caption":"Autoke-China Paint Booth Manufacturer"},"image":{"@id":"https:\/\/sprayboothmanufacturer.com\/#\/schema\/logo\/image\/"}}]}},"_links":{"self":[{"href":"https:\/\/sprayboothmanufacturer.com\/es\/wp-json\/wp\/v2\/product\/3401","targetHints":{"allow":["GET"]}}],"collection":[{"href":"https:\/\/sprayboothmanufacturer.com\/es\/wp-json\/wp\/v2\/product"}],"about":[{"href":"https:\/\/sprayboothmanufacturer.com\/es\/wp-json\/wp\/v2\/types\/product"}],"replies":[{"embeddable":true,"href":"https:\/\/sprayboothmanufacturer.com\/es\/wp-json\/wp\/v2\/comments?post=3401"}],"version-history":[{"count":1,"href":"https:\/\/sprayboothmanufacturer.com\/es\/wp-json\/wp\/v2\/product\/3401\/revisions"}],"predecessor-version":[{"id":3402,"href":"https:\/\/sprayboothmanufacturer.com\/es\/wp-json\/wp\/v2\/product\/3401\/revisions\/3402"}],"wp:featuredmedia":[{"embeddable":true,"href":"https:\/\/sprayboothmanufacturer.com\/es\/wp-json\/wp\/v2\/media\/3172"}],"wp:attachment":[{"href":"https:\/\/sprayboothmanufacturer.com\/es\/wp-json\/wp\/v2\/media?parent=3401"}],"wp:term":[{"taxonomy":"product_brand","embeddable":true,"href":"https:\/\/sprayboothmanufacturer.com\/es\/wp-json\/wp\/v2\/product_brand?post=3401"},{"taxonomy":"product_cat","embeddable":true,"href":"https:\/\/sprayboothmanufacturer.com\/es\/wp-json\/wp\/v2\/product_cat?post=3401"},{"taxonomy":"product_tag","embeddable":true,"href":"https:\/\/sprayboothmanufacturer.com\/es\/wp-json\/wp\/v2\/product_tag?post=3401"}],"curies":[{"name":"wp","href":"https:\/\/api.w.org\/{rel}","templated":true}]}}