{"id":3365,"date":"2026-02-25T02:29:18","date_gmt":"2026-02-25T02:29:18","guid":{"rendered":"https:\/\/sprayboothmanufacturer.com\/?post_type=product&#038;p=3365"},"modified":"2026-02-25T02:29:18","modified_gmt":"2026-02-25T02:29:18","slug":"9m-super-luxury-diesel-heated-spray-booth","status":"publish","type":"product","link":"https:\/\/sprayboothmanufacturer.com\/es\/product\/9m-super-luxury-diesel-heated-spray-booth\/","title":{"rendered":"Cabina de pulverizaci\u00f3n di\u00e9sel calefactada de lujo super de 9 m \u2013 Proveedor de equipos automotrices profesionales con ventilaci\u00f3n de alta capacidad"},"content":{"rendered":"<table style=\"height: 216px;\" width=\"751\">\n<tbody>\n<tr>\n<td width=\"142\"><strong><b>Cantidad m\u00ednima de pedido :<\/b><\/strong><\/td>\n<td width=\"142\">1 pieza<\/td>\n<td width=\"142\"><strong><b>Precio :<\/b><\/strong><\/td>\n<td width=\"142\">A negociar<\/td>\n<\/tr>\n<tr>\n<td width=\"142\"><strong><b>Detalles del embalaje :<\/b><\/strong><\/td>\n<td width=\"142\">40G o 20GP\/unidad<\/td>\n<td width=\"142\"><strong><b>Tiempo de entrega :<\/b><\/strong><\/td>\n<td width=\"142\">15 d\u00edas a negociar<\/td>\n<\/tr>\n<tr>\n<td width=\"142\"><strong><b>Condiciones de pago :<\/b><\/strong><\/td>\n<td width=\"142\">L\/C, T\/T<\/td>\n<td width=\"142\"><strong><b>Capacidad de suministro :<\/b><\/strong><\/td>\n<td width=\"142\">50 unidades por mes, cabina de pulverizaci\u00f3n industrial, cabina de pulverizaci\u00f3n para autobuses<\/td>\n<\/tr>\n<tr>\n<td width=\"142\"><strong><b>Lugar de origen:<\/b><\/strong><\/td>\n<td width=\"142\">Jiangsu, China<\/td>\n<td width=\"142\"><strong><b>Nombre de la marca:<\/b><\/strong><\/td>\n<td width=\"142\">Autoke<\/td>\n<\/tr>\n<tr>\n<td width=\"142\"><strong><b>Certificaci\u00f3n:<\/b><\/strong><\/td>\n<td width=\"142\">CE<\/td>\n<td width=\"142\"><strong><b>N\u00famero de modelo:<\/b><\/strong><\/td>\n<td width=\"142\">ATK-SL9-015D<\/td>\n<\/tr>\n<\/tbody>\n<\/table>\n<h4><strong>Descripci\u00f3n general<\/strong><\/h4>\n<p class=\"ds-markdown-paragraph\">El\u00a0<strong>Cabina de Pintura S\u00faper Lujo Autoke de 9m<\/strong>\u00a0representa la c\u00faspide de la ingenier\u00eda de cabinas de pintura, dise\u00f1ada para acomodar los veh\u00edculos m\u00e1s grandes y componentes industriales. Con un interior espacioso que mide 8900\u00d75900\u00d74300mm, esta cabina proporciona amplio espacio para camiones, autobuses, equipos de construcci\u00f3n y m\u00e1s. Equipada con un sistema de ventilaci\u00f3n de alto rendimiento, calefacci\u00f3n eficiente de diesel y filtraci\u00f3n integral, garantiza una calidad de acabado superior y tiempos de entrega r\u00e1pidos. Construida con materiales y componentes de alta resistencia, esta cabina es ideal para talleres comerciales que requieren m\u00e1xima capacidad y fiabilidad.<\/p>\n<hr \/>\n<h4><strong>Caracter\u00edsticas principales<\/strong><\/h4>\n<ul>\n<li>\n<p class=\"ds-markdown-paragraph\"><strong>Construcci\u00f3n de Alta Resistencia de Tama\u00f1o Extra Grande<\/strong><\/p>\n<ul>\n<li>\n<p class=\"ds-markdown-paragraph\">Paneles de pared: paneles de aislamiento de alta densidad de 7.5cm de grosor con cubiertas de acero de 0.47mm \u2013 resistentes al fuego, insonorizados y t\u00e9rmicamente aislados.<\/p>\n<\/li>\n<li>\n<p class=\"ds-markdown-paragraph\">Paneles de techo de acero galvanizado, tratados contra llamas.<\/p>\n<\/li>\n<li>\n<p class=\"ds-markdown-paragraph\">S\u00f3tano de alta resistencia con plataforma de acero convexa, filas completas de rejillas de acero galvanizado plano (pintadas para prevenir la oxidaci\u00f3n).<\/p>\n<\/li>\n<li>\n<p class=\"ds-markdown-paragraph\">Reforzado con patas de tubo cuadrado galvanizado 4\u00d78 y patas auxiliares adicionales para una capacidad de m\u00e1s de 5 toneladas.<\/p>\n<\/li>\n<li>\n<p class=\"ds-markdown-paragraph\">Rejillas de acero 3\u00d75 (pintadas de negro) y 2 placas antideslizantes (pintadas de azul) para un acceso seguro del operador.<\/p>\n<\/li>\n<\/ul>\n<\/li>\n<li>\n<p class=\"ds-markdown-paragraph\"><strong>Sistema de ventilaci\u00f3n potente<\/strong><\/p>\n<ul>\n<li>\n<p class=\"ds-markdown-paragraph\"><strong>Entrada:<\/strong>\u00a0Ventiladores centr\u00edfugos de doble admisi\u00f3n YDW de 2\u00d75.5KW con motores de n\u00facleo de cobre, flujo de aire total de 30,000 m\u00b3\/h \u2013 asegurando una distribuci\u00f3n \u00f3ptima del aire en toda la cabina masiva.<\/p>\n<\/li>\n<li>\n<p class=\"ds-markdown-paragraph\"><strong>Extracci\u00f3n:<\/strong>\u00a0Ventilador centr\u00edfugo DDF de 1\u00d77.5KW para la eliminaci\u00f3n eficiente de sobrepulverizaci\u00f3n y vapores.<\/p>\n<\/li>\n<li>\n<p class=\"ds-markdown-paragraph\">Construcci\u00f3n de caja de ventilador de lujo para reducir el ruido y mejorar la durabilidad.<\/p>\n<\/li>\n<li>\n<p class=\"ds-markdown-paragraph\">El armario puede instalarse en el lado izquierdo, derecho o trasero de la cabina para una distribuci\u00f3n flexible del taller.<\/p>\n<\/li>\n<\/ul>\n<\/li>\n<li>\n<p class=\"ds-markdown-paragraph\"><strong>Calefacci\u00f3n Diesel eficiente<\/strong><\/p>\n<ul>\n<li>\n<p class=\"ds-markdown-paragraph\">Compatible con quemador de diesel RIELLO G20 (configuraci\u00f3n opcional).<\/p>\n<\/li>\n<li>\n<p class=\"ds-markdown-paragraph\">Calentamiento r\u00e1pido y control de temperatura constante para condiciones de curado \u00f3ptimas.<\/p>\n<\/li>\n<li>\n<p class=\"ds-markdown-paragraph\">Temperatura m\u00e1xima de horneado adecuada para recubrimientos automotrices e industriales profesionales.<\/p>\n<\/li>\n<\/ul>\n<\/li>\n<li>\n<p class=\"ds-markdown-paragraph\"><strong>Acceso de tama\u00f1o super<\/strong><\/p>\n<ul>\n<li>\n<p class=\"ds-markdown-paragraph\">Puerta principal: puertas met\u00e1licas frontales de tres piezas con ventanas de vidrio templado (3000\u00d72450mm) para facilitar la carga de veh\u00edculos grandes.<\/p>\n<\/li>\n<li>\n<p class=\"ds-markdown-paragraph\">Puerta de seguridad lateral: 80\u00d7170cm para salida de emergencia y acceso conveniente.<\/p>\n<\/li>\n<\/ul>\n<\/li>\n<li>\n<p class=\"ds-markdown-paragraph\"><strong>Iluminaci\u00f3n superior<\/strong><\/p>\n<ul>\n<li>\n<p class=\"ds-markdown-paragraph\">Luces LED en el techo inclinadas a 45\u00b0 para una iluminaci\u00f3n uniforme en toda la zona de trabajo.<\/p>\n<\/li>\n<li>\n<p class=\"ds-markdown-paragraph\">Paredes laterales: 8\u00d748W de luces LED que eliminan sombras y mejoran la visibilidad durante trabajos detallados en superficies grandes.<\/p>\n<\/li>\n<\/ul>\n<\/li>\n<li>\n<p class=\"ds-markdown-paragraph\"><strong>Sistema de filtraci\u00f3n en m\u00faltiples etapas<\/strong><\/p>\n<ul>\n<li>\n<p class=\"ds-markdown-paragraph\">Filtros primarios, de techo y de suelo aseguran un ambiente de pintura limpio y un acabado de alta calidad.<\/p>\n<\/li>\n<li>\n<p class=\"ds-markdown-paragraph\">Dise\u00f1ada para manejar los altos requisitos de flujo de aire del sistema de ventilaci\u00f3n masivo.<\/p>\n<\/li>\n<\/ul>\n<\/li>\n<li>\n<p class=\"ds-markdown-paragraph\"><strong>Sistema de Control Inteligente<\/strong><\/p>\n<ul>\n<li>\n<p class=\"ds-markdown-paragraph\">Panel f\u00e1cil de usar con interruptores para iluminaci\u00f3n, modos de pintura, horneado, control de temperatura, temporizador y parada de emergencia.<\/p>\n<\/li>\n<li>\n<p class=\"ds-markdown-paragraph\">Monitoreo y ajuste en tiempo real para una operaci\u00f3n \u00f3ptima.<\/p>\n<\/li>\n<\/ul>\n<\/li>\n<li>\n<p class=\"ds-markdown-paragraph\"><strong>El\u00e9ctrico y Rendimiento<\/strong><\/p>\n<ul>\n<li>\n<p class=\"ds-markdown-paragraph\">Voltaje: 220V\/380V, compatible con 50Hz.<\/p>\n<\/li>\n<li>\n<p class=\"ds-markdown-paragraph\">Componentes de grado profesional dise\u00f1ados para uso comercial continuo.<\/p>\n<\/li>\n<\/ul>\n<\/li>\n<\/ul>\n<hr \/>\n<h4><strong>Especificaciones T\u00e9cnicas<\/strong><\/h4>\n<div class=\"ds-scroll-area _1210dd7 c03cafe9\">\n<div class=\"ds-scroll-area__gutters\">\n<div class=\"ds-scroll-area__horizontal-gutter\"><\/div>\n<div class=\"ds-scroll-area__vertical-gutter\"><\/div>\n<\/div>\n<table>\n<thead>\n<tr>\n<th>Par\u00e1metro<\/th>\n<th>Detalles<\/th>\n<\/tr>\n<\/thead>\n<tbody>\n<tr>\n<td><strong>Modelo<\/strong><\/td>\n<td>ATK-SL9-015D<\/td>\n<\/tr>\n<tr>\n<td><strong>Dimensiones Externas (L\u00d7An\u00d7Al)<\/strong><\/td>\n<td>9000\u00d76000\u00d75000 mm (caja de ventilador: 1100\u00d72200 mm)<\/td>\n<\/tr>\n<tr>\n<td><strong>Tama\u00f1o interior (L\u00d7W\u00d7H)<\/strong><\/td>\n<td>8900\u00d75900\u00d74300 mm<\/td>\n<\/tr>\n<tr>\n<td><strong>Tama\u00f1o del paquete<\/strong><\/td>\n<td>4.2\u00d72.2\u00d72.1 m (19 CBM por m\u00f3dulo)<\/td>\n<\/tr>\n<tr>\n<td><strong>Peso<\/strong><\/td>\n<td>Aproximadamente 4000+ kg (configuraci\u00f3n de alta resistencia)<\/td>\n<\/tr>\n<tr>\n<td><strong>Panel de pared<\/strong><\/td>\n<td>Paneles aislantes de 75mm de grosor, grosor de acero 0.47mm<\/td>\n<\/tr>\n<tr>\n<td><strong>Rejillas de suelo<\/strong><\/td>\n<td>Filas completas de acero galvanizado, construcci\u00f3n de alta resistencia<\/td>\n<\/tr>\n<tr>\n<td><strong>Pisos caminables<\/strong><\/td>\n<td>2 placas antideslizantes, pintadas de azul<\/td>\n<\/tr>\n<tr>\n<td><strong>Ventilaci\u00f3n<\/strong><\/td>\n<td>Ventiladores de admisi\u00f3n de 2\u00d75.5KW (30.000 m\u00b3\/h) + 1 ventilador de extracci\u00f3n de 7.5KW<\/td>\n<\/tr>\n<tr>\n<td><strong>Calefacci\u00f3n<\/strong><\/td>\n<td>Di\u00e9sel (compatible con quemador RIELLO G20)<\/td>\n<\/tr>\n<tr>\n<td><strong>Iluminaci\u00f3n<\/strong><\/td>\n<td>Luces LED en el techo + luces en las paredes laterales<\/td>\n<\/tr>\n<tr>\n<td><strong>Puertas<\/strong><\/td>\n<td>Principal: metal de 3 hojas con vidrio templado (3000\u00d72500mm); lateral: 80\u00d7170cm<\/td>\n<\/tr>\n<tr>\n<td><strong>Caja de Ventilador<\/strong><\/td>\n<td>Construcci\u00f3n de lujo con recubrimiento en spray<\/td>\n<\/tr>\n<tr>\n<td><strong>Filtraci\u00f3n<\/strong><\/td>\n<td>Filtros primarios, de techo y de suelo (preinstalados)<\/td>\n<\/tr>\n<tr>\n<td><strong>Sistema de Control<\/strong><\/td>\n<td>Panel inteligente con temporizador, control de temperatura, parada de emergencia<\/td>\n<\/tr>\n<tr>\n<td><strong>Voltaje\/Frecuencia<\/strong><\/td>\n<td>220V\/380V, 50Hz<\/td>\n<\/tr>\n<tr>\n<td><strong>Opciones de Color<\/strong><\/td>\n<td>Rojo, Azul, Blanco, Gris, Naranja, etc.<\/td>\n<\/tr>\n<tr>\n<td><strong>Garant\u00eda<\/strong><\/td>\n<td>12 meses desde la fecha de B\/L<\/td>\n<\/tr>\n<tr>\n<td><strong>Tiempo de Entrega<\/strong><\/td>\n<td>30 d\u00edas despu\u00e9s del pago (EXW)<\/td>\n<\/tr>\n<tr>\n<td><strong>Env\u00edo<\/strong><\/td>\n<td>Soluci\u00f3n personalizada de carga en contenedor para cabina de gran tama\u00f1o<\/td>\n<\/tr>\n<\/tbody>\n<\/table>\n<\/div>\n<hr \/>\n<h4><strong>\u00bfPor qu\u00e9 elegir la cabina de pulverizaci\u00f3n Autoke Super Luxury?<\/strong><\/h4>\n<ul>\n<li>\n<p class=\"ds-markdown-paragraph\">\u2705\u00a0<strong>Suministro Directo de la F\u00e1brica<\/strong>\u00a0\u2013 Precios competitivos sin intermediarios<\/p>\n<\/li>\n<li>\n<p class=\"ds-markdown-paragraph\">\u2705\u00a0<strong>Soluciones personalizadas OEM<\/strong>\u00a0\u2013 Personaliza tama\u00f1o, color y accesorios seg\u00fan tus necesidades<\/p>\n<\/li>\n<li>\n<p class=\"ds-markdown-paragraph\">\u2705\u00a0<strong>Soluci\u00f3n integral<\/strong>\u00a0\u2013 Desde estructura hasta calefacci\u00f3n y ventilaci\u00f3n para veh\u00edculos grandes<\/p>\n<\/li>\n<li>\n<p class=\"ds-markdown-paragraph\">\u2705\u00a0<strong>Fabricante de equipos industriales<\/strong>\u00a0\u2013 Calidad y fiabilidad comprobadas<\/p>\n<\/li>\n<li>\n<p class=\"ds-markdown-paragraph\">\u2705\u00a0<strong>Dise\u00f1ado para uso comercial pesado<\/strong>\u00a0Componentes de ultra alta resistencia para operaci\u00f3n continua<\/p>\n<\/li>\n<li>\n<p class=\"ds-markdown-paragraph\">\u2705\u00a0<strong>Capacidad masiva<\/strong>\u00a0\u2013 Acomoda camiones, autobuses y equipos industriales grandes<\/p>\n<\/li>\n<li>\n<p class=\"ds-markdown-paragraph\">\u2705\u00a0<strong>Env\u00edo global<\/strong>\u00a0\u2013 Soluciones expertas en carga de contenedores para equipos de gran tama\u00f1o<\/p>\n<\/li>\n<\/ul>\n<hr \/>\n<h4><strong>Aplicaciones<\/strong><\/h4>\n<ul>\n<li>\n<p class=\"ds-markdown-paragraph\">Pintura y reacondicionamiento de camiones y autobuses<\/p>\n<\/li>\n<li>\n<p class=\"ds-markdown-paragraph\">Recubrimiento de equipos pesados y maquinaria<\/p>\n<\/li>\n<li>\n<p class=\"ds-markdown-paragraph\">Talleres de carrocer\u00eda de veh\u00edculos comerciales<\/p>\n<\/li>\n<li>\n<p class=\"ds-markdown-paragraph\">L\u00edneas de acabado industrial para componentes grandes<\/p>\n<\/li>\n<li>\n<p class=\"ds-markdown-paragraph\">Talleres de pintura personalizados especializados en art\u00edculos de gran tama\u00f1o<\/p>\n<\/li>\n<\/ul>","protected":false},"excerpt":{"rendered":"<p>El\u00a0<strong>Autoke 9m Super Lujo Cabina de Pintura Calefactada de Diesel con Spray (Modelo: ATK-SL9-015D)<\/strong>\u00a0es una soluci\u00f3n de pintura de alta resistencia dise\u00f1ada para veh\u00edculos grandes, camiones, autobuses y equipos industriales. Con un interior masivo (8900\u00d75900\u00d74300mm), sistema de ventilaci\u00f3n potente (2\u00d75.5KW de admisi\u00f3n + 1\u00d77.5KW de extracci\u00f3n, flujo de aire de 30,000 m\u00b3\/h), calefacci\u00f3n confiable de diesel y filtraci\u00f3n avanzada, esta cabina ofrece resultados de calidad profesional en entornos exigentes. Directamente de f\u00e1brica \u2013 totalmente personalizable para sus requisitos espec\u00edficos.<\/p>","protected":false},"featured_media":2360,"comment_status":"open","ping_status":"closed","template":"","meta":[],"product_brand":[76],"product_cat":[60,59],"product_tag":[73,63,72,66,69,68,70,80],"class_list":{"0":"post-3365","1":"product","2":"type-product","3":"status-publish","4":"has-post-thumbnail","6":"product_brand-autoke","7":"product_cat-car-spray-booth","8":"product_cat-spray-booth","9":"product_tag-automotive-spray-booth-manufacturer","10":"product_tag-car-spray-booth","11":"product_tag-car-spray-booth-factory","12":"product_tag-car-spray-booth-manufacturer","13":"product_tag-ce-car-spray-booth","14":"product_tag-customized-car-spray-booth","15":"product_tag-high-quality-spray-booths","16":"product_tag-industrial-paint-booth","18":"first","19":"instock","20":"shipping-taxable","21":"product-type-simple"},"yoast_head":"<!-- This site is optimized with the Yoast SEO plugin v27.4 - https:\/\/yoast.com\/product\/yoast-seo-wordpress\/ -->\n<title>9m Super Luxury Diesel Heated Spray Booth \u2013 Professional Automotive Equipment Supplier with High-Capacity Ventilation - Autoke-China Paint Booth Manufacturer<\/title>\n<meta name=\"robots\" content=\"index, follow, max-snippet:-1, max-image-preview:large, max-video-preview:-1\" \/>\n<link rel=\"canonical\" href=\"https:\/\/sprayboothmanufacturer.com\/es\/producto\/9m-super-luxury-diesel-heated-spray-booth\/\" \/>\n<meta property=\"og:locale\" content=\"es_ES\" \/>\n<meta property=\"og:type\" content=\"article\" \/>\n<meta property=\"og:title\" content=\"9m Super Luxury Diesel Heated Spray Booth \u2013 Professional Automotive Equipment Supplier with High-Capacity Ventilation - Autoke-China Paint Booth Manufacturer\" \/>\n<meta property=\"og:description\" content=\"The\u00a0Autoke 9m Super Luxury Diesel Heated Spray Booth (Model: ATK-SL9-015D)\u00a0is a heavy-duty painting solution designed for large vehicles, trucks, buses, and industrial equipment. Featuring a massive interior (8900\u00d75900\u00d74300mm), powerful ventilation system (2\u00d75.5KW intake + 1\u00d77.5KW exhaust fans, 30,000 m\u00b3\/h airflow), reliable diesel heating, and advanced filtration, this booth delivers professional-grade results in demanding environments. Factory direct \u2013 fully customizable for your specific requirements.\" \/>\n<meta property=\"og:url\" content=\"https:\/\/sprayboothmanufacturer.com\/es\/producto\/9m-super-luxury-diesel-heated-spray-booth\/\" \/>\n<meta property=\"og:site_name\" content=\"Autoke-China Paint Booth Manufacturer\" \/>\n<meta property=\"og:image\" content=\"https:\/\/sprayboothmanufacturer.com\/wp-content\/uploads\/2026\/01\/7331fc0e81435a9dccc35c0886deb87d-2.jpg\" \/>\n\t<meta property=\"og:image:width\" content=\"1200\" \/>\n\t<meta property=\"og:image:height\" content=\"1200\" \/>\n\t<meta property=\"og:image:type\" content=\"image\/jpeg\" \/>\n<meta name=\"twitter:card\" content=\"summary_large_image\" \/>\n<meta name=\"twitter:label1\" content=\"Est. reading time\" \/>\n\t<meta name=\"twitter:data1\" content=\"4 minutos\" \/>\n<script type=\"application\/ld+json\" class=\"yoast-schema-graph\">{\"@context\":\"https:\\\/\\\/schema.org\",\"@graph\":[{\"@type\":\"WebPage\",\"@id\":\"https:\\\/\\\/sprayboothmanufacturer.com\\\/product\\\/9m-super-luxury-diesel-heated-spray-booth\\\/\",\"url\":\"https:\\\/\\\/sprayboothmanufacturer.com\\\/product\\\/9m-super-luxury-diesel-heated-spray-booth\\\/\",\"name\":\"9m Super Luxury Diesel Heated Spray Booth \u2013 Professional Automotive Equipment Supplier with High-Capacity Ventilation - Autoke-China Paint Booth Manufacturer\",\"isPartOf\":{\"@id\":\"https:\\\/\\\/sprayboothmanufacturer.com\\\/#website\"},\"primaryImageOfPage\":{\"@id\":\"https:\\\/\\\/sprayboothmanufacturer.com\\\/product\\\/9m-super-luxury-diesel-heated-spray-booth\\\/#primaryimage\"},\"image\":{\"@id\":\"https:\\\/\\\/sprayboothmanufacturer.com\\\/product\\\/9m-super-luxury-diesel-heated-spray-booth\\\/#primaryimage\"},\"thumbnailUrl\":\"https:\\\/\\\/sprayboothmanufacturer.com\\\/wp-content\\\/uploads\\\/2026\\\/01\\\/7331fc0e81435a9dccc35c0886deb87d-2.jpg\",\"datePublished\":\"2026-02-25T02:29:18+00:00\",\"breadcrumb\":{\"@id\":\"https:\\\/\\\/sprayboothmanufacturer.com\\\/product\\\/9m-super-luxury-diesel-heated-spray-booth\\\/#breadcrumb\"},\"inLanguage\":\"es\",\"potentialAction\":[{\"@type\":\"ReadAction\",\"target\":[\"https:\\\/\\\/sprayboothmanufacturer.com\\\/product\\\/9m-super-luxury-diesel-heated-spray-booth\\\/\"]}]},{\"@type\":\"ImageObject\",\"inLanguage\":\"es\",\"@id\":\"https:\\\/\\\/sprayboothmanufacturer.com\\\/product\\\/9m-super-luxury-diesel-heated-spray-booth\\\/#primaryimage\",\"url\":\"https:\\\/\\\/sprayboothmanufacturer.com\\\/wp-content\\\/uploads\\\/2026\\\/01\\\/7331fc0e81435a9dccc35c0886deb87d-2.jpg\",\"contentUrl\":\"https:\\\/\\\/sprayboothmanufacturer.com\\\/wp-content\\\/uploads\\\/2026\\\/01\\\/7331fc0e81435a9dccc35c0886deb87d-2.jpg\",\"width\":1200,\"height\":1200},{\"@type\":\"BreadcrumbList\",\"@id\":\"https:\\\/\\\/sprayboothmanufacturer.com\\\/product\\\/9m-super-luxury-diesel-heated-spray-booth\\\/#breadcrumb\",\"itemListElement\":[{\"@type\":\"ListItem\",\"position\":1,\"name\":\"Home\",\"item\":\"https:\\\/\\\/sprayboothmanufacturer.com\\\/\"},{\"@type\":\"ListItem\",\"position\":2,\"name\":\"\u4ea7\u54c1\",\"item\":\"https:\\\/\\\/sprayboothmanufacturer.com\\\/shop__trashed\\\/\"},{\"@type\":\"ListItem\",\"position\":3,\"name\":\"9m Super Luxury Diesel Heated Spray Booth \u2013 Professional Automotive Equipment Supplier with High-Capacity Ventilation\"}]},{\"@type\":\"WebSite\",\"@id\":\"https:\\\/\\\/sprayboothmanufacturer.com\\\/#website\",\"url\":\"https:\\\/\\\/sprayboothmanufacturer.com\\\/\",\"name\":\"Autoke-China Paint Booth Manufacturer\",\"description\":\"\",\"publisher\":{\"@id\":\"https:\\\/\\\/sprayboothmanufacturer.com\\\/#organization\"},\"potentialAction\":[{\"@type\":\"SearchAction\",\"target\":{\"@type\":\"EntryPoint\",\"urlTemplate\":\"https:\\\/\\\/sprayboothmanufacturer.com\\\/?s={search_term_string}\"},\"query-input\":{\"@type\":\"PropertyValueSpecification\",\"valueRequired\":true,\"valueName\":\"search_term_string\"}}],\"inLanguage\":\"es\"},{\"@type\":\"Organization\",\"@id\":\"https:\\\/\\\/sprayboothmanufacturer.com\\\/#organization\",\"name\":\"Autoke-China Paint Booth Manufacturer\",\"url\":\"https:\\\/\\\/sprayboothmanufacturer.com\\\/\",\"logo\":{\"@type\":\"ImageObject\",\"inLanguage\":\"es\",\"@id\":\"https:\\\/\\\/sprayboothmanufacturer.com\\\/#\\\/schema\\\/logo\\\/image\\\/\",\"url\":\"https:\\\/\\\/sprayboothmanufacturer.com\\\/wp-content\\\/uploads\\\/2025\\\/12\\\/\u5fae\u4fe1\u56fe\u7247_20260113195103_1750_4-scaled-e1768394147958.png\",\"contentUrl\":\"https:\\\/\\\/sprayboothmanufacturer.com\\\/wp-content\\\/uploads\\\/2025\\\/12\\\/\u5fae\u4fe1\u56fe\u7247_20260113195103_1750_4-scaled-e1768394147958.png\",\"width\":1740,\"height\":538,\"caption\":\"Autoke-China Paint Booth Manufacturer\"},\"image\":{\"@id\":\"https:\\\/\\\/sprayboothmanufacturer.com\\\/#\\\/schema\\\/logo\\\/image\\\/\"}}]}<\/script>\n<!-- \/ Yoast SEO plugin. -->","yoast_head_json":{"title":"Cabina de pulverizaci\u00f3n calefactada con di\u00e9sel de 9m de lujo superlativo \u2013 Proveedor profesional de equipos automotrices con ventilaci\u00f3n de alta capacidad - Fabricante de cabinas de pintura Autoke-China","robots":{"index":"index","follow":"follow","max-snippet":"max-snippet:-1","max-image-preview":"max-image-preview:large","max-video-preview":"max-video-preview:-1"},"canonical":"https:\/\/sprayboothmanufacturer.com\/es\/producto\/9m-super-luxury-diesel-heated-spray-booth\/","og_locale":"es_ES","og_type":"article","og_title":"9m Super Luxury Diesel Heated Spray Booth \u2013 Professional Automotive Equipment Supplier with High-Capacity Ventilation - Autoke-China Paint Booth Manufacturer","og_description":"The\u00a0Autoke 9m Super Luxury Diesel Heated Spray Booth (Model: ATK-SL9-015D)\u00a0is a heavy-duty painting solution designed for large vehicles, trucks, buses, and industrial equipment. Featuring a massive interior (8900\u00d75900\u00d74300mm), powerful ventilation system (2\u00d75.5KW intake + 1\u00d77.5KW exhaust fans, 30,000 m\u00b3\/h airflow), reliable diesel heating, and advanced filtration, this booth delivers professional-grade results in demanding environments. Factory direct \u2013 fully customizable for your specific requirements.","og_url":"https:\/\/sprayboothmanufacturer.com\/es\/producto\/9m-super-luxury-diesel-heated-spray-booth\/","og_site_name":"Autoke-China Paint Booth Manufacturer","og_image":[{"width":1200,"height":1200,"url":"https:\/\/sprayboothmanufacturer.com\/wp-content\/uploads\/2026\/01\/7331fc0e81435a9dccc35c0886deb87d-2.jpg","type":"image\/jpeg"}],"twitter_card":"summary_large_image","twitter_misc":{"Est. reading time":"4 minutos"},"schema":{"@context":"https:\/\/schema.org","@graph":[{"@type":"WebPage","@id":"https:\/\/sprayboothmanufacturer.com\/product\/9m-super-luxury-diesel-heated-spray-booth\/","url":"https:\/\/sprayboothmanufacturer.com\/product\/9m-super-luxury-diesel-heated-spray-booth\/","name":"Cabina de pulverizaci\u00f3n calefactada con di\u00e9sel de 9m de lujo superlativo \u2013 Proveedor profesional de equipos automotrices con ventilaci\u00f3n de alta capacidad - Fabricante de cabinas de pintura Autoke-China","isPartOf":{"@id":"https:\/\/sprayboothmanufacturer.com\/#website"},"primaryImageOfPage":{"@id":"https:\/\/sprayboothmanufacturer.com\/product\/9m-super-luxury-diesel-heated-spray-booth\/#primaryimage"},"image":{"@id":"https:\/\/sprayboothmanufacturer.com\/product\/9m-super-luxury-diesel-heated-spray-booth\/#primaryimage"},"thumbnailUrl":"https:\/\/sprayboothmanufacturer.com\/wp-content\/uploads\/2026\/01\/7331fc0e81435a9dccc35c0886deb87d-2.jpg","datePublished":"2026-02-25T02:29:18+00:00","breadcrumb":{"@id":"https:\/\/sprayboothmanufacturer.com\/product\/9m-super-luxury-diesel-heated-spray-booth\/#breadcrumb"},"inLanguage":"es","potentialAction":[{"@type":"ReadAction","target":["https:\/\/sprayboothmanufacturer.com\/product\/9m-super-luxury-diesel-heated-spray-booth\/"]}]},{"@type":"ImageObject","inLanguage":"es","@id":"https:\/\/sprayboothmanufacturer.com\/product\/9m-super-luxury-diesel-heated-spray-booth\/#primaryimage","url":"https:\/\/sprayboothmanufacturer.com\/wp-content\/uploads\/2026\/01\/7331fc0e81435a9dccc35c0886deb87d-2.jpg","contentUrl":"https:\/\/sprayboothmanufacturer.com\/wp-content\/uploads\/2026\/01\/7331fc0e81435a9dccc35c0886deb87d-2.jpg","width":1200,"height":1200},{"@type":"BreadcrumbList","@id":"https:\/\/sprayboothmanufacturer.com\/product\/9m-super-luxury-diesel-heated-spray-booth\/#breadcrumb","itemListElement":[{"@type":"ListItem","position":1,"name":"Home","item":"https:\/\/sprayboothmanufacturer.com\/"},{"@type":"ListItem","position":2,"name":"\u4ea7\u54c1","item":"https:\/\/sprayboothmanufacturer.com\/shop__trashed\/"},{"@type":"ListItem","position":3,"name":"9m Super Luxury Diesel Heated Spray Booth \u2013 Professional Automotive Equipment Supplier with High-Capacity Ventilation"}]},{"@type":"WebSite","@id":"https:\/\/sprayboothmanufacturer.com\/#website","url":"https:\/\/sprayboothmanufacturer.com\/","name":"Fabricante de cabinas de pintura Autoke-China","description":"","publisher":{"@id":"https:\/\/sprayboothmanufacturer.com\/#organization"},"potentialAction":[{"@type":"SearchAction","target":{"@type":"EntryPoint","urlTemplate":"https:\/\/sprayboothmanufacturer.com\/?s={search_term_string}"},"query-input":{"@type":"PropertyValueSpecification","valueRequired":true,"valueName":"search_term_string"}}],"inLanguage":"es"},{"@type":"Organization","@id":"https:\/\/sprayboothmanufacturer.com\/#organization","name":"Fabricante de cabinas de pintura Autoke-China","url":"https:\/\/sprayboothmanufacturer.com\/","logo":{"@type":"ImageObject","inLanguage":"es","@id":"https:\/\/sprayboothmanufacturer.com\/#\/schema\/logo\/image\/","url":"https:\/\/sprayboothmanufacturer.com\/wp-content\/uploads\/2025\/12\/\u5fae\u4fe1\u56fe\u7247_20260113195103_1750_4-scaled-e1768394147958.png","contentUrl":"https:\/\/sprayboothmanufacturer.com\/wp-content\/uploads\/2025\/12\/\u5fae\u4fe1\u56fe\u7247_20260113195103_1750_4-scaled-e1768394147958.png","width":1740,"height":538,"caption":"Autoke-China Paint Booth Manufacturer"},"image":{"@id":"https:\/\/sprayboothmanufacturer.com\/#\/schema\/logo\/image\/"}}]}},"_links":{"self":[{"href":"https:\/\/sprayboothmanufacturer.com\/es\/wp-json\/wp\/v2\/product\/3365","targetHints":{"allow":["GET"]}}],"collection":[{"href":"https:\/\/sprayboothmanufacturer.com\/es\/wp-json\/wp\/v2\/product"}],"about":[{"href":"https:\/\/sprayboothmanufacturer.com\/es\/wp-json\/wp\/v2\/types\/product"}],"replies":[{"embeddable":true,"href":"https:\/\/sprayboothmanufacturer.com\/es\/wp-json\/wp\/v2\/comments?post=3365"}],"version-history":[{"count":1,"href":"https:\/\/sprayboothmanufacturer.com\/es\/wp-json\/wp\/v2\/product\/3365\/revisions"}],"predecessor-version":[{"id":3366,"href":"https:\/\/sprayboothmanufacturer.com\/es\/wp-json\/wp\/v2\/product\/3365\/revisions\/3366"}],"wp:featuredmedia":[{"embeddable":true,"href":"https:\/\/sprayboothmanufacturer.com\/es\/wp-json\/wp\/v2\/media\/2360"}],"wp:attachment":[{"href":"https:\/\/sprayboothmanufacturer.com\/es\/wp-json\/wp\/v2\/media?parent=3365"}],"wp:term":[{"taxonomy":"product_brand","embeddable":true,"href":"https:\/\/sprayboothmanufacturer.com\/es\/wp-json\/wp\/v2\/product_brand?post=3365"},{"taxonomy":"product_cat","embeddable":true,"href":"https:\/\/sprayboothmanufacturer.com\/es\/wp-json\/wp\/v2\/product_cat?post=3365"},{"taxonomy":"product_tag","embeddable":true,"href":"https:\/\/sprayboothmanufacturer.com\/es\/wp-json\/wp\/v2\/product_tag?post=3365"}],"curies":[{"name":"wp","href":"https:\/\/api.w.org\/{rel}","templated":true}]}}