{"id":3348,"date":"2026-02-24T02:29:30","date_gmt":"2026-02-24T02:29:30","guid":{"rendered":"https:\/\/sprayboothmanufacturer.com\/?post_type=product&#038;p=3348"},"modified":"2026-02-24T02:29:30","modified_gmt":"2026-02-24T02:29:30","slug":"7m-luxury-spray-booth-2","status":"publish","type":"product","link":"https:\/\/sprayboothmanufacturer.com\/es\/product\/7m-luxury-spray-booth-2\/","title":{"rendered":"Cabina de pulverizaci\u00f3n de lujo de 7m \u2013 Proveedor de equipos automotrices profesionales, Sin calefacci\u00f3n\/ventilaci\u00f3n (Modelo base)"},"content":{"rendered":"<table style=\"height: 330px;\" width=\"759\">\n<tbody>\n<tr>\n<td width=\"142\"><strong><b>Cantidad m\u00ednima de pedido :<\/b><\/strong><\/td>\n<td width=\"142\">1 pieza<\/td>\n<td width=\"142\"><strong><b>Precio :<\/b><\/strong><\/td>\n<td width=\"142\">A negociar<\/td>\n<\/tr>\n<tr>\n<td width=\"142\"><strong><b>Detalles del embalaje :<\/b><\/strong><\/td>\n<td width=\"142\">40G o 20GP\/unidad<\/td>\n<td width=\"142\"><strong><b>Tiempo de entrega :<\/b><\/strong><\/td>\n<td width=\"142\">15 d\u00edas a negociar<\/td>\n<\/tr>\n<tr>\n<td width=\"142\"><strong><b>Condiciones de pago :<\/b><\/strong><\/td>\n<td width=\"142\">L\/C, T\/T<\/td>\n<td width=\"142\"><strong><b>Capacidad de suministro :<\/b><\/strong><\/td>\n<td width=\"142\">50 unidades por mes, cabina de pulverizaci\u00f3n industrial, cabina de pulverizaci\u00f3n para autobuses<\/td>\n<\/tr>\n<tr>\n<td width=\"142\"><strong><b>Lugar de origen:<\/b><\/strong><\/td>\n<td width=\"142\">Jiangsu, China<\/td>\n<td width=\"142\"><strong><b>Nombre de la marca:<\/b><\/strong><\/td>\n<td width=\"142\">Autoke<\/td>\n<\/tr>\n<tr>\n<td width=\"142\"><strong><b>Certificaci\u00f3n:<\/b><\/strong><\/td>\n<td width=\"142\">CE<\/td>\n<td width=\"142\"><strong><b>N\u00famero de modelo:<\/b><\/strong><\/td>\n<td width=\"142\">ATK-LS7-007B<\/td>\n<\/tr>\n<\/tbody>\n<\/table>\n<h4><strong>Descripci\u00f3n general<\/strong><\/h4>\n<p class=\"ds-markdown-paragraph\">El\u00a0<strong>Cabina de pulverizaci\u00f3n de lujo de 7m Autoke (Modelo base)<\/strong>\u00a0ofrece un espacio de trabajo de grado profesional para operaciones de pintura, recubrimiento o lijado. Dise\u00f1ado sin ventilaci\u00f3n o calefacci\u00f3n integradas, este modelo funciona como un recinto vers\u00e1til que puede adaptarse a sus requisitos espec\u00edficos. Es ideal para talleres que ya disponen de ventilaci\u00f3n externa o para su uso como \u00e1rea de preparaci\u00f3n sin polvo. Fabricado con materiales de primera calidad y atenci\u00f3n al detalle, garantiza durabilidad y seguridad en entornos exigentes.<\/p>\n<hr \/>\n<h4><strong>Caracter\u00edsticas principales<\/strong><\/h4>\n<ul>\n<li>\n<p class=\"ds-markdown-paragraph\"><strong>Construcci\u00f3n duradera<\/strong><\/p>\n<ul>\n<li>\n<p class=\"ds-markdown-paragraph\">Paneles de pared: lana de roca de alta densidad de 5cm de grosor (100 kg\/m\u00b3) con cubiertas de acero de 0.5mm \u2013 resistente al fuego, insonorizante y aislante t\u00e9rmico.<\/p>\n<\/li>\n<li>\n<p class=\"ds-markdown-paragraph\">Paneles de techo de acero galvanizado, tratados contra llamas.<\/p>\n<\/li>\n<li>\n<p class=\"ds-markdown-paragraph\">Base resistente con plataforma de acero galvanizado, tres filas de rejillas de acero plano (tratadas contra la oxidaci\u00f3n) y dos filas de pisos para caminar (de 5mm de grosor).<\/p>\n<\/li>\n<li>\n<p class=\"ds-markdown-paragraph\">Cuatro patas auxiliares proporcionan soporte adicional, capacidad hasta 5 toneladas.<\/p>\n<\/li>\n<\/ul>\n<\/li>\n<li>\n<p class=\"ds-markdown-paragraph\"><strong>Acceso espacioso<\/strong><\/p>\n<ul>\n<li>\n<p class=\"ds-markdown-paragraph\">Puerta principal: Cuatro puertas met\u00e1licas frontales con ventanas de vidrio templado (aprox. 3000\u00d72750mm) para luz natural y f\u00e1cil acceso de veh\u00edculos.<\/p>\n<\/li>\n<li>\n<p class=\"ds-markdown-paragraph\">Puerta de vidrio con marco de aluminio-pl\u00e1stico que mejora la est\u00e9tica y el aislamiento.<\/p>\n<\/li>\n<li>\n<p class=\"ds-markdown-paragraph\">Puerta de seguridad lateral: 60\u00d7180cm para salida de emergencia y monitoreo.<\/p>\n<\/li>\n<\/ul>\n<\/li>\n<li>\n<p class=\"ds-markdown-paragraph\"><strong>Caja de ventilador (Solo estructura)<\/strong><\/p>\n<ul>\n<li>\n<p class=\"ds-markdown-paragraph\">Caja de aire hecha de chapa galvanizada de 1mm con estructura de tubo cuadrado en su interior, recubierta con spray para mayor durabilidad.<\/p>\n<\/li>\n<li>\n<p class=\"ds-markdown-paragraph\"><em>Nota: La estructura de la caja de ventilador est\u00e1 preinstalada pero no incluye ventiladores ni sistema de ventilaci\u00f3n; la ventilaci\u00f3n externa debe ser proporcionada por el usuario.<\/em><\/p>\n<\/li>\n<\/ul>\n<\/li>\n<li>\n<p class=\"ds-markdown-paragraph\"><strong>Iluminaci\u00f3n superior<\/strong><\/p>\n<ul>\n<li>\n<p class=\"ds-markdown-paragraph\">Techo: 24\u00d718W luces LED (8 grupos de 3) inclinadas a 45\u00b0 para una iluminaci\u00f3n uniforme en el techo.<\/p>\n<\/li>\n<li>\n<p class=\"ds-markdown-paragraph\">Paredes laterales: 8\u00d748W luces LED que eliminan sombras y mejoran la visibilidad durante trabajos detallados.<\/p>\n<\/li>\n<\/ul>\n<\/li>\n<li>\n<p class=\"ds-markdown-paragraph\"><strong>Sistema de filtraci\u00f3n en m\u00faltiples etapas<\/strong><\/p>\n<ul>\n<li>\n<p class=\"ds-markdown-paragraph\"><strong>Filtro primario:<\/strong>\u00a0Captura part\u00edculas &gt;10\u03bcm, eficiencia &gt;90%.<\/p>\n<\/li>\n<li>\n<p class=\"ds-markdown-paragraph\"><strong>Filtro de techo (blanco):<\/strong>\u00a0Captura part\u00edculas &gt;4\u03bcm, eficiencia &gt;98%.<\/p>\n<\/li>\n<li>\n<p class=\"ds-markdown-paragraph\"><strong>Filtro de suelo (azul):<\/strong>\u00a0Fibra de vidrio multicapa, eficiencia &gt;90%.<\/p>\n<\/li>\n<li>\n<p class=\"ds-markdown-paragraph\"><em>Nota: La filtraci\u00f3n est\u00e1 preinstalada pero requiere un sistema de ventilaci\u00f3n externo para funcionar.<\/em><\/p>\n<\/li>\n<\/ul>\n<\/li>\n<li>\n<p class=\"ds-markdown-paragraph\"><strong>Sistema de techo<\/strong><\/p>\n<ul>\n<li>\n<p class=\"ds-markdown-paragraph\">Viga hecha de tubos cuadrados galvanizados, conectados con \u00e1ngulo de hierro y tornillos para integridad estructural.<\/p>\n<\/li>\n<li>\n<p class=\"ds-markdown-paragraph\">Plenum hecho de acero galvanizado, recubierto con polvo para mayor durabilidad.<\/p>\n<\/li>\n<\/ul>\n<\/li>\n<li>\n<p class=\"ds-markdown-paragraph\"><strong>El\u00e9ctrico y Control (Mejora opcional)<\/strong><\/p>\n<ul>\n<li>\n<p class=\"ds-markdown-paragraph\">Incluye carcasa para panel de control para futura instalaci\u00f3n de sistema de control inteligente (interruptor de iluminaci\u00f3n, controlador de temperatura, temporizador, parada de emergencia, etc.).<\/p>\n<\/li>\n<li>\n<p class=\"ds-markdown-paragraph\">Pre cableado para f\u00e1cil integraci\u00f3n de motor de 7.5KW y sistemas de calefacci\u00f3n.<\/p>\n<\/li>\n<\/ul>\n<\/li>\n<li>\n<p class=\"ds-markdown-paragraph\"><strong>Listo para personalizar<\/strong><\/p>\n<ul>\n<li>\n<p class=\"ds-markdown-paragraph\">Dise\u00f1ado para integrarse f\u00e1cilmente con unidades de ventilaci\u00f3n y calefacci\u00f3n de posventa.<\/p>\n<\/li>\n<li>\n<p class=\"ds-markdown-paragraph\">Las mejoras opcionales incluyen ventiladores de admisi\u00f3n\/exhausto, calefacci\u00f3n el\u00e9ctrica o di\u00e9sel, y sistemas de control avanzados.<\/p>\n<\/li>\n<\/ul>\n<\/li>\n<\/ul>\n<hr \/>\n<h4><strong>Especificaciones T\u00e9cnicas<\/strong><\/h4>\n<div class=\"ds-scroll-area _1210dd7 c03cafe9\">\n<div class=\"ds-scroll-area__gutters\">\n<div class=\"ds-scroll-area__horizontal-gutter\"><\/div>\n<div class=\"ds-scroll-area__vertical-gutter\"><\/div>\n<\/div>\n<table>\n<thead>\n<tr>\n<th>Par\u00e1metro<\/th>\n<th>Detalles<\/th>\n<\/tr>\n<\/thead>\n<tbody>\n<tr>\n<td><strong>Modelo<\/strong><\/td>\n<td>ATK-LS7-007B<\/td>\n<\/tr>\n<tr>\n<td><strong>Dimensiones Externas (L\u00d7An\u00d7Al)<\/strong><\/td>\n<td>7100\u00d74100\u00d73450 mm<\/td>\n<\/tr>\n<tr>\n<td><strong>Tama\u00f1o interior (L\u00d7W\u00d7H)<\/strong><\/td>\n<td>7000\u00d74000\u00d72650 mm<\/td>\n<\/tr>\n<tr>\n<td><strong>Tama\u00f1o del paquete<\/strong><\/td>\n<td>4.2\u00d72.2\u00d72.1 m (19 CBM)<\/td>\n<\/tr>\n<tr>\n<td><strong>Peso<\/strong><\/td>\n<td>Aprox. 3500 kg<\/td>\n<\/tr>\n<tr>\n<td><strong>Panel de pared<\/strong><\/td>\n<td>Lana de roca, de 50mm de grosor, densidad 100kg\/m\u00b3, grosor de acero 0.48mm<\/td>\n<\/tr>\n<tr>\n<td><strong>Rejillas de suelo<\/strong><\/td>\n<td>3 filas de acero galvanizado, tratadas contra la oxidaci\u00f3n<\/td>\n<\/tr>\n<tr>\n<td><strong>Pisos caminables<\/strong><\/td>\n<td>2 filas, tratadas contra la oxidaci\u00f3n, de 5 mm de espesor<\/td>\n<\/tr>\n<tr>\n<td><strong>Iluminaci\u00f3n<\/strong><\/td>\n<td>Techo: LED de 24\u00d718W; paredes laterales: LED de 8\u00d748W<\/td>\n<\/tr>\n<tr>\n<td><strong>Puertas<\/strong><\/td>\n<td>Principal: metal de 4 hojas con vidrio templado; lateral: 60\u00d7180cm<\/td>\n<\/tr>\n<tr>\n<td><strong>Caja de Ventilador<\/strong><\/td>\n<td>Chapa galvanizada de 1mm con estructura de tubo cuadrado (solo estructura)<\/td>\n<\/tr>\n<tr>\n<td><strong>Filtraci\u00f3n<\/strong><\/td>\n<td>Filtros primarios, de techo y de suelo (preinstalados)<\/td>\n<\/tr>\n<tr>\n<td><strong>Sistema de Control<\/strong><\/td>\n<td>Incluye carcasa para futura instalaci\u00f3n del panel de control<\/td>\n<\/tr>\n<tr>\n<td><strong>Voltaje\/Frecuencia<\/strong><\/td>\n<td>220V\/380V, 50Hz (listo para instalaci\u00f3n de motor)<\/td>\n<\/tr>\n<tr>\n<td><strong>Motor<\/strong><\/td>\n<td>Carcasa para motor de 7.5KW de accionamiento indirecto (motor no incluido)<\/td>\n<\/tr>\n<tr>\n<td><strong>Color<\/strong><\/td>\n<td>Exterior RAL 7016, Interior RAL 9010<\/td>\n<\/tr>\n<tr>\n<td><strong>Garant\u00eda<\/strong><\/td>\n<td>12 meses desde la fecha de B\/L<\/td>\n<\/tr>\n<tr>\n<td><strong>Tiempo de Entrega<\/strong><\/td>\n<td>30 d\u00edas despu\u00e9s del pago<\/td>\n<\/tr>\n<tr>\n<td><strong>Env\u00edo<\/strong><\/td>\n<td>1 juego por contenedor de 20GP; 3 juegos por contenedor de 40HQ<\/td>\n<\/tr>\n<\/tbody>\n<\/table>\n<\/div>\n<hr \/>\n<h4><strong>\u00bfPor qu\u00e9 elegir Autoke Basic Spray Booth?<\/strong><\/h4>\n<ul>\n<li>\n<p class=\"ds-markdown-paragraph\">\u2705\u00a0<strong>Suministro Directo de la F\u00e1brica<\/strong>\u00a0\u2013 Precios competitivos sin intermediarios<\/p>\n<\/li>\n<li>\n<p class=\"ds-markdown-paragraph\">\u2705\u00a0<strong>Soluciones personalizadas OEM<\/strong>\u00a0\u2013 Personaliza tama\u00f1o, color y accesorios seg\u00fan tus necesidades<\/p>\n<\/li>\n<li>\n<p class=\"ds-markdown-paragraph\">\u2705\u00a0<strong>Soluci\u00f3n integral<\/strong>\u00a0\u2013 Desde componentes estructurales hasta accesorios opcionales<\/p>\n<\/li>\n<li>\n<p class=\"ds-markdown-paragraph\">\u2705\u00a0<strong>Fabricante de equipos industriales<\/strong>\u00a0\u2013 Calidad y fiabilidad comprobadas<\/p>\n<\/li>\n<li>\n<p class=\"ds-markdown-paragraph\">\u2705\u00a0<strong>Dise\u00f1ado para uso comercial<\/strong>\u00a0\u2013 Componentes de alta resistencia para entornos exigentes<\/p>\n<\/li>\n<li>\n<p class=\"ds-markdown-paragraph\">\u2705\u00a0<strong>Camino de actualizaci\u00f3n flexible<\/strong>\u00a0\u2013 A\u00f1ada ventilaci\u00f3n, calefacci\u00f3n o controles a medida que su negocio crece<\/p>\n<\/li>\n<li>\n<p class=\"ds-markdown-paragraph\">\u2705\u00a0<strong>Env\u00edo global<\/strong>\u00a0\u2013 Carga f\u00e1cil en contenedor y entrega en todo el mundo<\/p>\n<\/li>\n<\/ul>\n<hr \/>\n<h4><strong>Aplicaciones<\/strong><\/h4>\n<ul>\n<li>\n<p class=\"ds-markdown-paragraph\">Talleres de carrocer\u00eda automotriz (\u00e1rea de preparaci\u00f3n o recinto de pulverizaci\u00f3n b\u00e1sico)<\/p>\n<\/li>\n<li>\n<p class=\"ds-markdown-paragraph\">L\u00edneas de recubrimiento industrial (con ventilaci\u00f3n externa)<\/p>\n<\/li>\n<li>\n<p class=\"ds-markdown-paragraph\">Talleres de carpinter\u00eda y acabado<\/p>\n<\/li>\n<li>\n<p class=\"ds-markdown-paragraph\">Estaciones de ensamblaje o lijado sin polvo<\/p>\n<\/li>\n<li>\n<p class=\"ds-markdown-paragraph\">Planificaci\u00f3n de instalaciones para agregar calefacci\u00f3n\/ventilaci\u00f3n en el futuro<\/p>\n<\/li>\n<\/ul>","protected":false},"excerpt":{"rendered":"<p>El\u00a0<strong>Cabina de pulverizaci\u00f3n de lujo Autoke 7m (Modelo: ATK-LS7-007B)<\/strong>\u00a0es una cabina de pintura rentable dise\u00f1ada para talleres de carrocer\u00eda y centros de acabado industrial. Construida con paneles de lana de roca de alta densidad, suelo reforzado, iluminaci\u00f3n LED brillante y filtraci\u00f3n en varias etapas, este modelo base proporciona un espacio de trabajo limpio y bien iluminado para pintar, lijar o preparar. Lista para personalizar con sistemas de ventilaci\u00f3n y calefacci\u00f3n, ofrece un valor excepcional y flexibilidad. Directamente de f\u00e1brica \u2013 duradera, segura y construida para durar.<\/p>","protected":false},"featured_media":2261,"comment_status":"open","ping_status":"closed","template":"","meta":[],"product_brand":[76],"product_cat":[58],"product_tag":[79,73,63,66,68,64,83],"class_list":{"0":"post-3348","1":"product","2":"type-product","3":"status-publish","4":"has-post-thumbnail","6":"product_brand-autoke","7":"product_cat-uncategorized","8":"product_tag-automotive-spray-booth","9":"product_tag-automotive-spray-booth-manufacturer","10":"product_tag-car-spray-booth","11":"product_tag-car-spray-booth-manufacturer","12":"product_tag-customized-car-spray-booth","13":"product_tag-environmentally-friendly-car-spray-booth","14":"product_tag-paint-booth-solutions","16":"first","17":"instock","18":"shipping-taxable","19":"product-type-simple"},"yoast_head":"<!-- This site is optimized with the Yoast SEO plugin v27.4 - https:\/\/yoast.com\/product\/yoast-seo-wordpress\/ -->\n<title>7m Luxury Spray Booth \u2013 Professional Automotive Equipment Supplier, No Heating\/Ventilation (Base Model) - Autoke-China Paint Booth Manufacturer<\/title>\n<meta name=\"robots\" content=\"index, follow, max-snippet:-1, max-image-preview:large, max-video-preview:-1\" \/>\n<link rel=\"canonical\" href=\"https:\/\/sprayboothmanufacturer.com\/es\/producto\/7m-luxury-spray-booth-2\/\" \/>\n<meta property=\"og:locale\" content=\"es_ES\" \/>\n<meta property=\"og:type\" content=\"article\" \/>\n<meta property=\"og:title\" content=\"7m Luxury Spray Booth \u2013 Professional Automotive Equipment Supplier, No Heating\/Ventilation (Base Model) - Autoke-China Paint Booth Manufacturer\" \/>\n<meta property=\"og:description\" content=\"The\u00a0Autoke 7m Luxury Spray Booth (Model: ATK-LS7-007B)\u00a0is a cost-effective painting enclosure designed for automotive body shops and industrial finishing centers. Built with high-density rock wool panels, reinforced flooring, bright LED lighting, and multi-stage filtration, this base model provides a clean and well-lit workspace for painting, sanding, or preparation. Ready for customization with ventilation and heating systems, it offers exceptional value and flexibility. Factory direct \u2013 durable, safe, and built to last.\" \/>\n<meta property=\"og:url\" content=\"https:\/\/sprayboothmanufacturer.com\/es\/producto\/7m-luxury-spray-booth-2\/\" \/>\n<meta property=\"og:site_name\" content=\"Autoke-China Paint Booth Manufacturer\" \/>\n<meta property=\"og:image\" content=\"https:\/\/sprayboothmanufacturer.com\/wp-content\/uploads\/2025\/11\/\u4e3b\u56fe-1.png\" \/>\n\t<meta property=\"og:image:width\" content=\"1600\" \/>\n\t<meta property=\"og:image:height\" content=\"1600\" \/>\n\t<meta property=\"og:image:type\" content=\"image\/png\" \/>\n<meta name=\"twitter:card\" content=\"summary_large_image\" \/>\n<meta name=\"twitter:label1\" content=\"Est. reading time\" \/>\n\t<meta name=\"twitter:data1\" content=\"4 minutos\" \/>\n<script type=\"application\/ld+json\" class=\"yoast-schema-graph\">{\"@context\":\"https:\\\/\\\/schema.org\",\"@graph\":[{\"@type\":\"WebPage\",\"@id\":\"https:\\\/\\\/sprayboothmanufacturer.com\\\/product\\\/7m-luxury-spray-booth-2\\\/\",\"url\":\"https:\\\/\\\/sprayboothmanufacturer.com\\\/product\\\/7m-luxury-spray-booth-2\\\/\",\"name\":\"7m Luxury Spray Booth \u2013 Professional Automotive Equipment Supplier, No Heating\\\/Ventilation (Base Model) - Autoke-China Paint Booth Manufacturer\",\"isPartOf\":{\"@id\":\"https:\\\/\\\/sprayboothmanufacturer.com\\\/#website\"},\"primaryImageOfPage\":{\"@id\":\"https:\\\/\\\/sprayboothmanufacturer.com\\\/product\\\/7m-luxury-spray-booth-2\\\/#primaryimage\"},\"image\":{\"@id\":\"https:\\\/\\\/sprayboothmanufacturer.com\\\/product\\\/7m-luxury-spray-booth-2\\\/#primaryimage\"},\"thumbnailUrl\":\"https:\\\/\\\/sprayboothmanufacturer.com\\\/wp-content\\\/uploads\\\/2025\\\/11\\\/\u4e3b\u56fe-1.png\",\"datePublished\":\"2026-02-24T02:29:30+00:00\",\"breadcrumb\":{\"@id\":\"https:\\\/\\\/sprayboothmanufacturer.com\\\/product\\\/7m-luxury-spray-booth-2\\\/#breadcrumb\"},\"inLanguage\":\"es\",\"potentialAction\":[{\"@type\":\"ReadAction\",\"target\":[\"https:\\\/\\\/sprayboothmanufacturer.com\\\/product\\\/7m-luxury-spray-booth-2\\\/\"]}]},{\"@type\":\"ImageObject\",\"inLanguage\":\"es\",\"@id\":\"https:\\\/\\\/sprayboothmanufacturer.com\\\/product\\\/7m-luxury-spray-booth-2\\\/#primaryimage\",\"url\":\"https:\\\/\\\/sprayboothmanufacturer.com\\\/wp-content\\\/uploads\\\/2025\\\/11\\\/\u4e3b\u56fe-1.png\",\"contentUrl\":\"https:\\\/\\\/sprayboothmanufacturer.com\\\/wp-content\\\/uploads\\\/2025\\\/11\\\/\u4e3b\u56fe-1.png\",\"width\":1600,\"height\":1600,\"caption\":\"Car Spray Booth\"},{\"@type\":\"BreadcrumbList\",\"@id\":\"https:\\\/\\\/sprayboothmanufacturer.com\\\/product\\\/7m-luxury-spray-booth-2\\\/#breadcrumb\",\"itemListElement\":[{\"@type\":\"ListItem\",\"position\":1,\"name\":\"Home\",\"item\":\"https:\\\/\\\/sprayboothmanufacturer.com\\\/\"},{\"@type\":\"ListItem\",\"position\":2,\"name\":\"\u4ea7\u54c1\",\"item\":\"https:\\\/\\\/sprayboothmanufacturer.com\\\/shop__trashed\\\/\"},{\"@type\":\"ListItem\",\"position\":3,\"name\":\"7m Luxury Spray Booth \u2013 Professional Automotive Equipment Supplier, No Heating\\\/Ventilation (Base Model)\"}]},{\"@type\":\"WebSite\",\"@id\":\"https:\\\/\\\/sprayboothmanufacturer.com\\\/#website\",\"url\":\"https:\\\/\\\/sprayboothmanufacturer.com\\\/\",\"name\":\"Autoke-China Paint Booth Manufacturer\",\"description\":\"\",\"publisher\":{\"@id\":\"https:\\\/\\\/sprayboothmanufacturer.com\\\/#organization\"},\"potentialAction\":[{\"@type\":\"SearchAction\",\"target\":{\"@type\":\"EntryPoint\",\"urlTemplate\":\"https:\\\/\\\/sprayboothmanufacturer.com\\\/?s={search_term_string}\"},\"query-input\":{\"@type\":\"PropertyValueSpecification\",\"valueRequired\":true,\"valueName\":\"search_term_string\"}}],\"inLanguage\":\"es\"},{\"@type\":\"Organization\",\"@id\":\"https:\\\/\\\/sprayboothmanufacturer.com\\\/#organization\",\"name\":\"Autoke-China Paint Booth Manufacturer\",\"url\":\"https:\\\/\\\/sprayboothmanufacturer.com\\\/\",\"logo\":{\"@type\":\"ImageObject\",\"inLanguage\":\"es\",\"@id\":\"https:\\\/\\\/sprayboothmanufacturer.com\\\/#\\\/schema\\\/logo\\\/image\\\/\",\"url\":\"https:\\\/\\\/sprayboothmanufacturer.com\\\/wp-content\\\/uploads\\\/2025\\\/12\\\/\u5fae\u4fe1\u56fe\u7247_20260113195103_1750_4-scaled-e1768394147958.png\",\"contentUrl\":\"https:\\\/\\\/sprayboothmanufacturer.com\\\/wp-content\\\/uploads\\\/2025\\\/12\\\/\u5fae\u4fe1\u56fe\u7247_20260113195103_1750_4-scaled-e1768394147958.png\",\"width\":1740,\"height\":538,\"caption\":\"Autoke-China Paint Booth Manufacturer\"},\"image\":{\"@id\":\"https:\\\/\\\/sprayboothmanufacturer.com\\\/#\\\/schema\\\/logo\\\/image\\\/\"}}]}<\/script>\n<!-- \/ Yoast SEO plugin. -->","yoast_head_json":{"title":"Cabina de pulverizaci\u00f3n de lujo de 7m \u2013 Proveedor profesional de equipos automotrices, Sin calefacci\u00f3n\/ventilaci\u00f3n (Modelo base) - Fabricante de cabinas de pintura Autoke-China","robots":{"index":"index","follow":"follow","max-snippet":"max-snippet:-1","max-image-preview":"max-image-preview:large","max-video-preview":"max-video-preview:-1"},"canonical":"https:\/\/sprayboothmanufacturer.com\/es\/producto\/7m-luxury-spray-booth-2\/","og_locale":"es_ES","og_type":"article","og_title":"7m Luxury Spray Booth \u2013 Professional Automotive Equipment Supplier, No Heating\/Ventilation (Base Model) - Autoke-China Paint Booth Manufacturer","og_description":"The\u00a0Autoke 7m Luxury Spray Booth (Model: ATK-LS7-007B)\u00a0is a cost-effective painting enclosure designed for automotive body shops and industrial finishing centers. Built with high-density rock wool panels, reinforced flooring, bright LED lighting, and multi-stage filtration, this base model provides a clean and well-lit workspace for painting, sanding, or preparation. Ready for customization with ventilation and heating systems, it offers exceptional value and flexibility. Factory direct \u2013 durable, safe, and built to last.","og_url":"https:\/\/sprayboothmanufacturer.com\/es\/producto\/7m-luxury-spray-booth-2\/","og_site_name":"Autoke-China Paint Booth Manufacturer","og_image":[{"width":1600,"height":1600,"url":"https:\/\/sprayboothmanufacturer.com\/wp-content\/uploads\/2025\/11\/\u4e3b\u56fe-1.png","type":"image\/png"}],"twitter_card":"summary_large_image","twitter_misc":{"Est. reading time":"4 minutos"},"schema":{"@context":"https:\/\/schema.org","@graph":[{"@type":"WebPage","@id":"https:\/\/sprayboothmanufacturer.com\/product\/7m-luxury-spray-booth-2\/","url":"https:\/\/sprayboothmanufacturer.com\/product\/7m-luxury-spray-booth-2\/","name":"Cabina de pulverizaci\u00f3n de lujo de 7m \u2013 Proveedor profesional de equipos automotrices, Sin calefacci\u00f3n\/ventilaci\u00f3n (Modelo base) - Fabricante de cabinas de pintura Autoke-China","isPartOf":{"@id":"https:\/\/sprayboothmanufacturer.com\/#website"},"primaryImageOfPage":{"@id":"https:\/\/sprayboothmanufacturer.com\/product\/7m-luxury-spray-booth-2\/#primaryimage"},"image":{"@id":"https:\/\/sprayboothmanufacturer.com\/product\/7m-luxury-spray-booth-2\/#primaryimage"},"thumbnailUrl":"https:\/\/sprayboothmanufacturer.com\/wp-content\/uploads\/2025\/11\/\u4e3b\u56fe-1.png","datePublished":"2026-02-24T02:29:30+00:00","breadcrumb":{"@id":"https:\/\/sprayboothmanufacturer.com\/product\/7m-luxury-spray-booth-2\/#breadcrumb"},"inLanguage":"es","potentialAction":[{"@type":"ReadAction","target":["https:\/\/sprayboothmanufacturer.com\/product\/7m-luxury-spray-booth-2\/"]}]},{"@type":"ImageObject","inLanguage":"es","@id":"https:\/\/sprayboothmanufacturer.com\/product\/7m-luxury-spray-booth-2\/#primaryimage","url":"https:\/\/sprayboothmanufacturer.com\/wp-content\/uploads\/2025\/11\/\u4e3b\u56fe-1.png","contentUrl":"https:\/\/sprayboothmanufacturer.com\/wp-content\/uploads\/2025\/11\/\u4e3b\u56fe-1.png","width":1600,"height":1600,"caption":"Car Spray Booth"},{"@type":"BreadcrumbList","@id":"https:\/\/sprayboothmanufacturer.com\/product\/7m-luxury-spray-booth-2\/#breadcrumb","itemListElement":[{"@type":"ListItem","position":1,"name":"Home","item":"https:\/\/sprayboothmanufacturer.com\/"},{"@type":"ListItem","position":2,"name":"\u4ea7\u54c1","item":"https:\/\/sprayboothmanufacturer.com\/shop__trashed\/"},{"@type":"ListItem","position":3,"name":"7m Luxury Spray Booth \u2013 Professional Automotive Equipment Supplier, No Heating\/Ventilation (Base Model)"}]},{"@type":"WebSite","@id":"https:\/\/sprayboothmanufacturer.com\/#website","url":"https:\/\/sprayboothmanufacturer.com\/","name":"Fabricante de cabinas de pintura Autoke-China","description":"","publisher":{"@id":"https:\/\/sprayboothmanufacturer.com\/#organization"},"potentialAction":[{"@type":"SearchAction","target":{"@type":"EntryPoint","urlTemplate":"https:\/\/sprayboothmanufacturer.com\/?s={search_term_string}"},"query-input":{"@type":"PropertyValueSpecification","valueRequired":true,"valueName":"search_term_string"}}],"inLanguage":"es"},{"@type":"Organization","@id":"https:\/\/sprayboothmanufacturer.com\/#organization","name":"Fabricante de cabinas de pintura Autoke-China","url":"https:\/\/sprayboothmanufacturer.com\/","logo":{"@type":"ImageObject","inLanguage":"es","@id":"https:\/\/sprayboothmanufacturer.com\/#\/schema\/logo\/image\/","url":"https:\/\/sprayboothmanufacturer.com\/wp-content\/uploads\/2025\/12\/\u5fae\u4fe1\u56fe\u7247_20260113195103_1750_4-scaled-e1768394147958.png","contentUrl":"https:\/\/sprayboothmanufacturer.com\/wp-content\/uploads\/2025\/12\/\u5fae\u4fe1\u56fe\u7247_20260113195103_1750_4-scaled-e1768394147958.png","width":1740,"height":538,"caption":"Autoke-China Paint Booth Manufacturer"},"image":{"@id":"https:\/\/sprayboothmanufacturer.com\/#\/schema\/logo\/image\/"}}]}},"_links":{"self":[{"href":"https:\/\/sprayboothmanufacturer.com\/es\/wp-json\/wp\/v2\/product\/3348","targetHints":{"allow":["GET"]}}],"collection":[{"href":"https:\/\/sprayboothmanufacturer.com\/es\/wp-json\/wp\/v2\/product"}],"about":[{"href":"https:\/\/sprayboothmanufacturer.com\/es\/wp-json\/wp\/v2\/types\/product"}],"replies":[{"embeddable":true,"href":"https:\/\/sprayboothmanufacturer.com\/es\/wp-json\/wp\/v2\/comments?post=3348"}],"version-history":[{"count":1,"href":"https:\/\/sprayboothmanufacturer.com\/es\/wp-json\/wp\/v2\/product\/3348\/revisions"}],"predecessor-version":[{"id":3349,"href":"https:\/\/sprayboothmanufacturer.com\/es\/wp-json\/wp\/v2\/product\/3348\/revisions\/3349"}],"wp:featuredmedia":[{"embeddable":true,"href":"https:\/\/sprayboothmanufacturer.com\/es\/wp-json\/wp\/v2\/media\/2261"}],"wp:attachment":[{"href":"https:\/\/sprayboothmanufacturer.com\/es\/wp-json\/wp\/v2\/media?parent=3348"}],"wp:term":[{"taxonomy":"product_brand","embeddable":true,"href":"https:\/\/sprayboothmanufacturer.com\/es\/wp-json\/wp\/v2\/product_brand?post=3348"},{"taxonomy":"product_cat","embeddable":true,"href":"https:\/\/sprayboothmanufacturer.com\/es\/wp-json\/wp\/v2\/product_cat?post=3348"},{"taxonomy":"product_tag","embeddable":true,"href":"https:\/\/sprayboothmanufacturer.com\/es\/wp-json\/wp\/v2\/product_tag?post=3348"}],"curies":[{"name":"wp","href":"https:\/\/api.w.org\/{rel}","templated":true}]}}