{"id":3336,"date":"2026-02-24T01:42:53","date_gmt":"2026-02-24T01:42:53","guid":{"rendered":"https:\/\/sprayboothmanufacturer.com\/?post_type=product&#038;p=3336"},"modified":"2026-02-24T01:42:53","modified_gmt":"2026-02-24T01:42:53","slug":"7m-luxury-spray-booth","status":"publish","type":"product","link":"https:\/\/sprayboothmanufacturer.com\/es\/product\/7m-luxury-spray-booth\/","title":{"rendered":"Cabina de pulverizaci\u00f3n de lujo de 7m \u2013 Proveedor profesional de equipos automotrices para talleres y centros de servicio"},"content":{"rendered":"<table>\n<tbody>\n<tr>\n<td width=\"142\"><strong><b>Cantidad m\u00ednima de pedido :<\/b><\/strong><\/td>\n<td width=\"142\">1 pieza<\/td>\n<td width=\"142\"><strong><b>Precio :<\/b><\/strong><\/td>\n<td width=\"142\">A negociar<\/td>\n<\/tr>\n<tr>\n<td width=\"142\"><strong><b>Detalles del embalaje :<\/b><\/strong><\/td>\n<td width=\"142\">40G o 20GP\/unidad<\/td>\n<td width=\"142\"><strong><b>Tiempo de entrega :<\/b><\/strong><\/td>\n<td width=\"142\">15 d\u00edas a negociar<\/td>\n<\/tr>\n<tr>\n<td width=\"142\"><strong><b>Condiciones de pago :<\/b><\/strong><\/td>\n<td width=\"142\">L\/C, T\/T<\/td>\n<td width=\"142\"><strong><b>Capacidad de suministro :<\/b><\/strong><\/td>\n<td width=\"142\">50 unidades por mes, cabina de pulverizaci\u00f3n industrial, cabina de pulverizaci\u00f3n para autobuses<\/td>\n<\/tr>\n<tr>\n<td width=\"142\"><strong><b>Lugar de origen:<\/b><\/strong><\/td>\n<td width=\"142\">Jiangsu, China<\/td>\n<td width=\"142\"><strong><b>Nombre de la marca:<\/b><\/strong><\/td>\n<td width=\"142\">Autoke<\/td>\n<\/tr>\n<tr>\n<td width=\"142\"><strong><b>Certificaci\u00f3n:<\/b><\/strong><\/td>\n<td width=\"142\">CE<\/td>\n<td width=\"142\"><strong><b>N\u00famero de modelo:<\/b><\/strong><\/td>\n<td width=\"142\"><strong>ATK-LS7-001<\/strong><\/td>\n<\/tr>\n<\/tbody>\n<\/table>\n<h4><strong>Descripci\u00f3n general<\/strong><\/h4>\n<p class=\"ds-markdown-paragraph\">El\u00a0<strong>Cabina de pulverizaci\u00f3n de lujo Autoke 7m (Modelo: ATK-LS7-001)<\/strong>\u00a0est\u00e1 dise\u00f1ada para satisfacer las necesidades exigentes de talleres de carrocer\u00eda, instalaciones de recubrimiento industrial y centros de servicio. Combinando durabilidad, seguridad y eficiencia, esta cabina de pulverizaci\u00f3n ofrece un entorno controlado para una pintura y secado de alta calidad. Disponible con opciones de calefacci\u00f3n el\u00e9ctrica o di\u00e9sel, es ideal para uso comercial y operaciones a gran escala.<\/p>\n<hr \/>\n<h4><strong>Caracter\u00edsticas principales<\/strong><\/h4>\n<ul>\n<li>\n<p class=\"ds-markdown-paragraph\"><strong>Construcci\u00f3n robusta<\/strong><\/p>\n<ul>\n<li>\n<p class=\"ds-markdown-paragraph\">Paneles de pared aislados de EPS de doble capa con propiedades ign\u00edfugas y resistentes al agua.<\/p>\n<\/li>\n<li>\n<p class=\"ds-markdown-paragraph\">Techo de acero galvanizado y s\u00f3tano reforzado con tubo cuadrado para integridad estructural a largo plazo.<\/p>\n<\/li>\n<\/ul>\n<\/li>\n<li>\n<p class=\"ds-markdown-paragraph\"><strong>Sistema de ventilaci\u00f3n avanzado<\/strong><\/p>\n<ul>\n<li>\n<p class=\"ds-markdown-paragraph\">Equipado con 2 ventiladores de admisi\u00f3n YDW de 4KW y 1 ventilador de salida de 3KW, proporcionando un flujo de aire total de 25,000 m\u00b3\/h.<\/p>\n<\/li>\n<li>\n<p class=\"ds-markdown-paragraph\">Armario de ventilador aislado con lana de roca para reducci\u00f3n de ruido y eficiencia t\u00e9rmica.<\/p>\n<\/li>\n<\/ul>\n<\/li>\n<li>\n<p class=\"ds-markdown-paragraph\"><strong>Opciones de calefacci\u00f3n eficientes<\/strong><\/p>\n<ul>\n<li>\n<p class=\"ds-markdown-paragraph\"><strong>Calefacci\u00f3n el\u00e9ctrica<\/strong>: l\u00e1mparas hal\u00f3genas de infrarrojos de 24KW, calentamiento r\u00e1pido (5\u20138 minutos), temperatura m\u00e1xima 80\u00b0C.<\/p>\n<\/li>\n<li>\n<p class=\"ds-markdown-paragraph\"><strong>Calefacci\u00f3n di\u00e9sel<\/strong>: sistema de 15KW para operaci\u00f3n de ahorro energ\u00e9tico.<\/p>\n<\/li>\n<\/ul>\n<\/li>\n<li>\n<p class=\"ds-markdown-paragraph\"><strong>Sistema de filtraci\u00f3n superior<\/strong><\/p>\n<ul>\n<li>\n<p class=\"ds-markdown-paragraph\">Filtro primario (&gt;10\u03bcm, eficiencia &gt;90%)<\/p>\n<\/li>\n<li>\n<p class=\"ds-markdown-paragraph\">Filtro de techo (&gt;4\u03bcm, eficiencia &gt;98%)<\/p>\n<\/li>\n<li>\n<p class=\"ds-markdown-paragraph\">Filtro de suelo de fibra de vidrio multicapa (&gt;eficiencia 90%)<\/p>\n<\/li>\n<\/ul>\n<\/li>\n<li>\n<p class=\"ds-markdown-paragraph\"><strong>Iluminaci\u00f3n LED brillante<\/strong><\/p>\n<ul>\n<li>\n<p class=\"ds-markdown-paragraph\">24 l\u00e1mparas LED de 18W en el techo (\u00e1ngulo de 45\u00b0) para una iluminaci\u00f3n uniforme en toda la zona de trabajo.<\/p>\n<\/li>\n<\/ul>\n<\/li>\n<li>\n<p class=\"ds-markdown-paragraph\"><strong>Sistema de control f\u00e1cil de usar<\/strong><\/p>\n<ul>\n<li>\n<p class=\"ds-markdown-paragraph\">Panel inteligente con iluminaci\u00f3n, pintura, horneado, temporizador y controles de parada de emergencia.<\/p>\n<\/li>\n<\/ul>\n<\/li>\n<li>\n<p class=\"ds-markdown-paragraph\"><strong>Acceso f\u00e1cil y operaci\u00f3n segura<\/strong><\/p>\n<ul>\n<li>\n<p class=\"ds-markdown-paragraph\">Puerta principal (3000\u00d72750mm) con vidrio resistente a altas temperaturas y puerta de seguridad lateral (60\u00d7170cm).<\/p>\n<\/li>\n<li>\n<p class=\"ds-markdown-paragraph\">Rejillas de acero galvanizado y pisos de paso con tratamiento anticorrosivo.<\/p>\n<\/li>\n<\/ul>\n<\/li>\n<\/ul>\n<hr \/>\n<h4><strong>Especificaciones T\u00e9cnicas<\/strong><\/h4>\n<div class=\"ds-scroll-area _1210dd7 c03cafe9\">\n<div class=\"ds-scroll-area__gutters\">\n<div class=\"ds-scroll-area__horizontal-gutter\"><\/div>\n<div class=\"ds-scroll-area__vertical-gutter\"><\/div>\n<\/div>\n<table>\n<thead>\n<tr>\n<th>Par\u00e1metro<\/th>\n<th>Detalles<\/th>\n<\/tr>\n<\/thead>\n<tbody>\n<tr>\n<td><strong>Modelo<\/strong><\/td>\n<td>ATK-LS7-001<\/td>\n<\/tr>\n<tr>\n<td><strong>Dimensiones Externas (L\u00d7An\u00d7Al)<\/strong><\/td>\n<td>7000\u00d75000\u00d73500 mm<\/td>\n<\/tr>\n<tr>\n<td><strong>Tama\u00f1o interior (L\u00d7W\u00d7H)<\/strong><\/td>\n<td>6900\u00d74900\u00d72800 mm<\/td>\n<\/tr>\n<tr>\n<td><strong>Tama\u00f1o del paquete<\/strong><\/td>\n<td>4.2\u00d72.2\u00d72.1 m (19 CBM)<\/td>\n<\/tr>\n<tr>\n<td><strong>Peso<\/strong><\/td>\n<td>Aprox. 3500 kg<\/td>\n<\/tr>\n<tr>\n<td><strong>Potencia total (El\u00e9ctrica)<\/strong><\/td>\n<td>38 KW<\/td>\n<\/tr>\n<tr>\n<td><strong>Potencia total (Di\u00e9sel)<\/strong><\/td>\n<td>15 KW<\/td>\n<\/tr>\n<tr>\n<td><strong>Voltaje\/Frecuencia<\/strong><\/td>\n<td>220V\/380V, 50Hz<\/td>\n<\/tr>\n<tr>\n<td><strong>Tipo de Calefacci\u00f3n<\/strong><\/td>\n<td>El\u00e9ctrico \/ Di\u00e9sel (Opcional)<\/td>\n<\/tr>\n<tr>\n<td><strong>Capacidad de flujo de aire<\/strong><\/td>\n<td>25,000 m\u00b3\/h<\/td>\n<\/tr>\n<tr>\n<td><strong>Opciones de Color<\/strong><\/td>\n<td>Rojo, Azul, Blanco, Gris, Naranja, etc.<\/td>\n<\/tr>\n<tr>\n<td><strong>Garant\u00eda<\/strong><\/td>\n<td>12 meses desde la fecha de B\/L<\/td>\n<\/tr>\n<tr>\n<td><strong>Tiempo de Entrega<\/strong><\/td>\n<td>30 d\u00edas despu\u00e9s del pago<\/td>\n<\/tr>\n<\/tbody>\n<\/table>\n<\/div>\n<hr \/>\n<h4><strong>\u00bfPor qu\u00e9 elegir Autoke?<\/strong><\/h4>\n<ul>\n<li>\n<p class=\"ds-markdown-paragraph\">\u2705\u00a0<strong>Suministro Directo de la F\u00e1brica<\/strong>\u00a0\u2013 Precios competitivos y control de calidad<\/p>\n<\/li>\n<li>\n<p class=\"ds-markdown-paragraph\">\u2705\u00a0<strong>Soluciones personalizadas OEM<\/strong>\u00a0\u2013 Adaptado a las necesidades de su taller<\/p>\n<\/li>\n<li>\n<p class=\"ds-markdown-paragraph\">\u2705\u00a0<strong>Soluci\u00f3n integral<\/strong>\u00a0\u2013 Desde el dise\u00f1o hasta el soporte de instalaci\u00f3n<\/p>\n<\/li>\n<li>\n<p class=\"ds-markdown-paragraph\">\u2705\u00a0<strong>Fabricante de equipos industriales<\/strong>\u00a0\u2013 Con a\u00f1os de experiencia en equipos automotrices<\/p>\n<\/li>\n<li>\n<p class=\"ds-markdown-paragraph\">\u2705\u00a0<strong>Env\u00edo global<\/strong>\u00a0\u2013 Opciones de contenedor de 20GP \/ 40HQ disponibles<\/p>\n<\/li>\n<\/ul>\n<hr \/>\n<h4><strong>Escenarios de aplicaci\u00f3n<\/strong><\/h4>\n<ul>\n<li>\n<p class=\"ds-markdown-paragraph\">Talleres de reparaci\u00f3n y pintura de carrocer\u00edas automotrices<\/p>\n<\/li>\n<li>\n<p class=\"ds-markdown-paragraph\">L\u00edneas industriales de recubrimiento y acabado<\/p>\n<\/li>\n<li>\n<p class=\"ds-markdown-paragraph\">Centros de reacondicionamiento de veh\u00edculos comerciales<\/p>\n<\/li>\n<li>\n<p class=\"ds-markdown-paragraph\">Talleres de pintura personalizados y estudios de restauraci\u00f3n<\/p>\n<\/li>\n<\/ul>","protected":false},"excerpt":{"rendered":"<p><strong>Cabina de pulverizaci\u00f3n de lujo Autoke 7m<\/strong>\u00a0es una soluci\u00f3n de pintura de grado profesional dise\u00f1ada para talleres de automoci\u00f3n y centros de acabado industrial. Con una estructura de acero robusta, iluminaci\u00f3n LED de bajo consumo, sistema de filtraci\u00f3n avanzado y calefacci\u00f3n el\u00e9ctrica o di\u00e9sel opcional, esta cabina garantiza resultados de pintura de alta calidad y un rendimiento duradero. Suministro directo de f\u00e1brica con personalizaci\u00f3n OEM disponible.<\/p>","protected":false},"featured_media":2273,"comment_status":"open","ping_status":"closed","template":"","meta":[],"product_brand":[76],"product_cat":[60,59],"product_tag":[79,73,78,63,72,67,69,65],"class_list":{"0":"post-3336","1":"product","2":"type-product","3":"status-publish","4":"has-post-thumbnail","6":"product_brand-autoke","7":"product_cat-car-spray-booth","8":"product_cat-spray-booth","9":"product_tag-automotive-spray-booth","10":"product_tag-automotive-spray-booth-manufacturer","11":"product_tag-bus-spray-booth","12":"product_tag-car-spray-booth","13":"product_tag-car-spray-booth-factory","14":"product_tag-car-spray-booth-manufacturing","15":"product_tag-ce-car-spray-booth","16":"product_tag-efficient-car-spray-booth","18":"first","19":"instock","20":"shipping-taxable","21":"product-type-simple"},"yoast_head":"<!-- This site is optimized with the Yoast SEO plugin v27.4 - https:\/\/yoast.com\/product\/yoast-seo-wordpress\/ -->\n<title>7m Luxury Spray Booth \u2013 Professional Automotive Equipment Supplier for Workshops &amp; Service Centers - Autoke-China Paint Booth Manufacturer<\/title>\n<meta name=\"robots\" content=\"index, follow, max-snippet:-1, max-image-preview:large, max-video-preview:-1\" \/>\n<link rel=\"canonical\" href=\"https:\/\/sprayboothmanufacturer.com\/es\/producto\/7m-luxury-spray-booth\/\" \/>\n<meta property=\"og:locale\" content=\"es_ES\" \/>\n<meta property=\"og:type\" content=\"article\" \/>\n<meta property=\"og:title\" content=\"7m Luxury Spray Booth \u2013 Professional Automotive Equipment Supplier for Workshops &amp; Service Centers - Autoke-China Paint Booth Manufacturer\" \/>\n<meta property=\"og:description\" content=\"Autoke 7m Luxury Spray Booth\u00a0is a professional-grade painting solution designed for automotive workshops and industrial finishing centers. With a robust steel structure, energy-efficient LED lighting, advanced filtration system, and optional electric or diesel heating, this booth ensures high-quality painting results and long-lasting performance. Factory direct supply with OEM customization available.\" \/>\n<meta property=\"og:url\" content=\"https:\/\/sprayboothmanufacturer.com\/es\/producto\/7m-luxury-spray-booth\/\" \/>\n<meta property=\"og:site_name\" content=\"Autoke-China Paint Booth Manufacturer\" \/>\n<meta property=\"og:image\" content=\"https:\/\/sprayboothmanufacturer.com\/wp-content\/uploads\/2025\/11\/\u56fe4.png\" \/>\n\t<meta property=\"og:image:width\" content=\"800\" \/>\n\t<meta property=\"og:image:height\" content=\"800\" \/>\n\t<meta property=\"og:image:type\" content=\"image\/png\" \/>\n<meta name=\"twitter:card\" content=\"summary_large_image\" \/>\n<meta name=\"twitter:label1\" content=\"Est. reading time\" \/>\n\t<meta name=\"twitter:data1\" content=\"2 minutos\" \/>\n<script type=\"application\/ld+json\" class=\"yoast-schema-graph\">{\"@context\":\"https:\\\/\\\/schema.org\",\"@graph\":[{\"@type\":\"WebPage\",\"@id\":\"https:\\\/\\\/sprayboothmanufacturer.com\\\/product\\\/7m-luxury-spray-booth\\\/\",\"url\":\"https:\\\/\\\/sprayboothmanufacturer.com\\\/product\\\/7m-luxury-spray-booth\\\/\",\"name\":\"7m Luxury Spray Booth \u2013 Professional Automotive Equipment Supplier for Workshops & Service Centers - Autoke-China Paint Booth Manufacturer\",\"isPartOf\":{\"@id\":\"https:\\\/\\\/sprayboothmanufacturer.com\\\/#website\"},\"primaryImageOfPage\":{\"@id\":\"https:\\\/\\\/sprayboothmanufacturer.com\\\/product\\\/7m-luxury-spray-booth\\\/#primaryimage\"},\"image\":{\"@id\":\"https:\\\/\\\/sprayboothmanufacturer.com\\\/product\\\/7m-luxury-spray-booth\\\/#primaryimage\"},\"thumbnailUrl\":\"https:\\\/\\\/sprayboothmanufacturer.com\\\/wp-content\\\/uploads\\\/2025\\\/11\\\/\u56fe4.png\",\"datePublished\":\"2026-02-24T01:42:53+00:00\",\"breadcrumb\":{\"@id\":\"https:\\\/\\\/sprayboothmanufacturer.com\\\/product\\\/7m-luxury-spray-booth\\\/#breadcrumb\"},\"inLanguage\":\"es\",\"potentialAction\":[{\"@type\":\"ReadAction\",\"target\":[\"https:\\\/\\\/sprayboothmanufacturer.com\\\/product\\\/7m-luxury-spray-booth\\\/\"]}]},{\"@type\":\"ImageObject\",\"inLanguage\":\"es\",\"@id\":\"https:\\\/\\\/sprayboothmanufacturer.com\\\/product\\\/7m-luxury-spray-booth\\\/#primaryimage\",\"url\":\"https:\\\/\\\/sprayboothmanufacturer.com\\\/wp-content\\\/uploads\\\/2025\\\/11\\\/\u56fe4.png\",\"contentUrl\":\"https:\\\/\\\/sprayboothmanufacturer.com\\\/wp-content\\\/uploads\\\/2025\\\/11\\\/\u56fe4.png\",\"width\":800,\"height\":800,\"caption\":\"8m Car Paint Booth\"},{\"@type\":\"BreadcrumbList\",\"@id\":\"https:\\\/\\\/sprayboothmanufacturer.com\\\/product\\\/7m-luxury-spray-booth\\\/#breadcrumb\",\"itemListElement\":[{\"@type\":\"ListItem\",\"position\":1,\"name\":\"Home\",\"item\":\"https:\\\/\\\/sprayboothmanufacturer.com\\\/\"},{\"@type\":\"ListItem\",\"position\":2,\"name\":\"\u4ea7\u54c1\",\"item\":\"https:\\\/\\\/sprayboothmanufacturer.com\\\/shop__trashed\\\/\"},{\"@type\":\"ListItem\",\"position\":3,\"name\":\"7m Luxury Spray Booth \u2013 Professional Automotive Equipment Supplier for Workshops &#038; Service Centers\"}]},{\"@type\":\"WebSite\",\"@id\":\"https:\\\/\\\/sprayboothmanufacturer.com\\\/#website\",\"url\":\"https:\\\/\\\/sprayboothmanufacturer.com\\\/\",\"name\":\"Autoke-China Paint Booth Manufacturer\",\"description\":\"\",\"publisher\":{\"@id\":\"https:\\\/\\\/sprayboothmanufacturer.com\\\/#organization\"},\"potentialAction\":[{\"@type\":\"SearchAction\",\"target\":{\"@type\":\"EntryPoint\",\"urlTemplate\":\"https:\\\/\\\/sprayboothmanufacturer.com\\\/?s={search_term_string}\"},\"query-input\":{\"@type\":\"PropertyValueSpecification\",\"valueRequired\":true,\"valueName\":\"search_term_string\"}}],\"inLanguage\":\"es\"},{\"@type\":\"Organization\",\"@id\":\"https:\\\/\\\/sprayboothmanufacturer.com\\\/#organization\",\"name\":\"Autoke-China Paint Booth Manufacturer\",\"url\":\"https:\\\/\\\/sprayboothmanufacturer.com\\\/\",\"logo\":{\"@type\":\"ImageObject\",\"inLanguage\":\"es\",\"@id\":\"https:\\\/\\\/sprayboothmanufacturer.com\\\/#\\\/schema\\\/logo\\\/image\\\/\",\"url\":\"https:\\\/\\\/sprayboothmanufacturer.com\\\/wp-content\\\/uploads\\\/2025\\\/12\\\/\u5fae\u4fe1\u56fe\u7247_20260113195103_1750_4-scaled-e1768394147958.png\",\"contentUrl\":\"https:\\\/\\\/sprayboothmanufacturer.com\\\/wp-content\\\/uploads\\\/2025\\\/12\\\/\u5fae\u4fe1\u56fe\u7247_20260113195103_1750_4-scaled-e1768394147958.png\",\"width\":1740,\"height\":538,\"caption\":\"Autoke-China Paint Booth Manufacturer\"},\"image\":{\"@id\":\"https:\\\/\\\/sprayboothmanufacturer.com\\\/#\\\/schema\\\/logo\\\/image\\\/\"}}]}<\/script>\n<!-- \/ Yoast SEO plugin. -->","yoast_head_json":{"title":"Cabina de pulverizaci\u00f3n de lujo de 7m \u2013 Proveedor profesional de equipos automotrices para talleres y centros de servicio - Fabricante de cabinas de pintura Autoke-China","robots":{"index":"index","follow":"follow","max-snippet":"max-snippet:-1","max-image-preview":"max-image-preview:large","max-video-preview":"max-video-preview:-1"},"canonical":"https:\/\/sprayboothmanufacturer.com\/es\/producto\/7m-luxury-spray-booth\/","og_locale":"es_ES","og_type":"article","og_title":"7m Luxury Spray Booth \u2013 Professional Automotive Equipment Supplier for Workshops & Service Centers - Autoke-China Paint Booth Manufacturer","og_description":"Autoke 7m Luxury Spray Booth\u00a0is a professional-grade painting solution designed for automotive workshops and industrial finishing centers. With a robust steel structure, energy-efficient LED lighting, advanced filtration system, and optional electric or diesel heating, this booth ensures high-quality painting results and long-lasting performance. Factory direct supply with OEM customization available.","og_url":"https:\/\/sprayboothmanufacturer.com\/es\/producto\/7m-luxury-spray-booth\/","og_site_name":"Autoke-China Paint Booth Manufacturer","og_image":[{"width":800,"height":800,"url":"https:\/\/sprayboothmanufacturer.com\/wp-content\/uploads\/2025\/11\/\u56fe4.png","type":"image\/png"}],"twitter_card":"summary_large_image","twitter_misc":{"Est. reading time":"2 minutos"},"schema":{"@context":"https:\/\/schema.org","@graph":[{"@type":"WebPage","@id":"https:\/\/sprayboothmanufacturer.com\/product\/7m-luxury-spray-booth\/","url":"https:\/\/sprayboothmanufacturer.com\/product\/7m-luxury-spray-booth\/","name":"Cabina de pulverizaci\u00f3n de lujo de 7m \u2013 Proveedor profesional de equipos automotrices para talleres y centros de servicio - Fabricante de cabinas de pintura Autoke-China","isPartOf":{"@id":"https:\/\/sprayboothmanufacturer.com\/#website"},"primaryImageOfPage":{"@id":"https:\/\/sprayboothmanufacturer.com\/product\/7m-luxury-spray-booth\/#primaryimage"},"image":{"@id":"https:\/\/sprayboothmanufacturer.com\/product\/7m-luxury-spray-booth\/#primaryimage"},"thumbnailUrl":"https:\/\/sprayboothmanufacturer.com\/wp-content\/uploads\/2025\/11\/\u56fe4.png","datePublished":"2026-02-24T01:42:53+00:00","breadcrumb":{"@id":"https:\/\/sprayboothmanufacturer.com\/product\/7m-luxury-spray-booth\/#breadcrumb"},"inLanguage":"es","potentialAction":[{"@type":"ReadAction","target":["https:\/\/sprayboothmanufacturer.com\/product\/7m-luxury-spray-booth\/"]}]},{"@type":"ImageObject","inLanguage":"es","@id":"https:\/\/sprayboothmanufacturer.com\/product\/7m-luxury-spray-booth\/#primaryimage","url":"https:\/\/sprayboothmanufacturer.com\/wp-content\/uploads\/2025\/11\/\u56fe4.png","contentUrl":"https:\/\/sprayboothmanufacturer.com\/wp-content\/uploads\/2025\/11\/\u56fe4.png","width":800,"height":800,"caption":"8m Car Paint Booth"},{"@type":"BreadcrumbList","@id":"https:\/\/sprayboothmanufacturer.com\/product\/7m-luxury-spray-booth\/#breadcrumb","itemListElement":[{"@type":"ListItem","position":1,"name":"Home","item":"https:\/\/sprayboothmanufacturer.com\/"},{"@type":"ListItem","position":2,"name":"\u4ea7\u54c1","item":"https:\/\/sprayboothmanufacturer.com\/shop__trashed\/"},{"@type":"ListItem","position":3,"name":"7m Luxury Spray Booth \u2013 Professional Automotive Equipment Supplier for Workshops &#038; Service Centers"}]},{"@type":"WebSite","@id":"https:\/\/sprayboothmanufacturer.com\/#website","url":"https:\/\/sprayboothmanufacturer.com\/","name":"Fabricante de cabinas de pintura Autoke-China","description":"","publisher":{"@id":"https:\/\/sprayboothmanufacturer.com\/#organization"},"potentialAction":[{"@type":"SearchAction","target":{"@type":"EntryPoint","urlTemplate":"https:\/\/sprayboothmanufacturer.com\/?s={search_term_string}"},"query-input":{"@type":"PropertyValueSpecification","valueRequired":true,"valueName":"search_term_string"}}],"inLanguage":"es"},{"@type":"Organization","@id":"https:\/\/sprayboothmanufacturer.com\/#organization","name":"Fabricante de cabinas de pintura Autoke-China","url":"https:\/\/sprayboothmanufacturer.com\/","logo":{"@type":"ImageObject","inLanguage":"es","@id":"https:\/\/sprayboothmanufacturer.com\/#\/schema\/logo\/image\/","url":"https:\/\/sprayboothmanufacturer.com\/wp-content\/uploads\/2025\/12\/\u5fae\u4fe1\u56fe\u7247_20260113195103_1750_4-scaled-e1768394147958.png","contentUrl":"https:\/\/sprayboothmanufacturer.com\/wp-content\/uploads\/2025\/12\/\u5fae\u4fe1\u56fe\u7247_20260113195103_1750_4-scaled-e1768394147958.png","width":1740,"height":538,"caption":"Autoke-China Paint Booth Manufacturer"},"image":{"@id":"https:\/\/sprayboothmanufacturer.com\/#\/schema\/logo\/image\/"}}]}},"_links":{"self":[{"href":"https:\/\/sprayboothmanufacturer.com\/es\/wp-json\/wp\/v2\/product\/3336","targetHints":{"allow":["GET"]}}],"collection":[{"href":"https:\/\/sprayboothmanufacturer.com\/es\/wp-json\/wp\/v2\/product"}],"about":[{"href":"https:\/\/sprayboothmanufacturer.com\/es\/wp-json\/wp\/v2\/types\/product"}],"replies":[{"embeddable":true,"href":"https:\/\/sprayboothmanufacturer.com\/es\/wp-json\/wp\/v2\/comments?post=3336"}],"version-history":[{"count":1,"href":"https:\/\/sprayboothmanufacturer.com\/es\/wp-json\/wp\/v2\/product\/3336\/revisions"}],"predecessor-version":[{"id":3337,"href":"https:\/\/sprayboothmanufacturer.com\/es\/wp-json\/wp\/v2\/product\/3336\/revisions\/3337"}],"wp:featuredmedia":[{"embeddable":true,"href":"https:\/\/sprayboothmanufacturer.com\/es\/wp-json\/wp\/v2\/media\/2273"}],"wp:attachment":[{"href":"https:\/\/sprayboothmanufacturer.com\/es\/wp-json\/wp\/v2\/media?parent=3336"}],"wp:term":[{"taxonomy":"product_brand","embeddable":true,"href":"https:\/\/sprayboothmanufacturer.com\/es\/wp-json\/wp\/v2\/product_brand?post=3336"},{"taxonomy":"product_cat","embeddable":true,"href":"https:\/\/sprayboothmanufacturer.com\/es\/wp-json\/wp\/v2\/product_cat?post=3336"},{"taxonomy":"product_tag","embeddable":true,"href":"https:\/\/sprayboothmanufacturer.com\/es\/wp-json\/wp\/v2\/product_tag?post=3336"}],"curies":[{"name":"wp","href":"https:\/\/api.w.org\/{rel}","templated":true}]}}