{"id":3304,"date":"2026-02-09T03:32:17","date_gmt":"2026-02-09T03:32:17","guid":{"rendered":"https:\/\/sprayboothmanufacturer.com\/?post_type=product&#038;p=3304"},"modified":"2026-02-09T03:32:17","modified_gmt":"2026-02-09T03:32:17","slug":"7m-luxury-gas-spray-booth","status":"publish","type":"product","link":"https:\/\/sprayboothmanufacturer.com\/es\/product\/7m-luxury-gas-spray-booth\/","title":{"rendered":"Cabina de pulverizaci\u00f3n de gas de lujo de 7 m con puertas de vidrio completo | Sistema de pintura automotriz de alta visibilidad | Equipo de taller industrial"},"content":{"rendered":"<table style=\"height: 263px;\" width=\"783\">\n<tbody>\n<tr>\n<td width=\"142\"><strong><b>Cantidad m\u00ednima de pedido :<\/b><\/strong><\/td>\n<td width=\"142\">1 pieza<\/td>\n<td width=\"142\"><strong><b>Precio :<\/b><\/strong><\/td>\n<td width=\"142\">A negociar<\/td>\n<\/tr>\n<tr>\n<td width=\"142\"><strong><b>Detalles del embalaje :<\/b><\/strong><\/td>\n<td width=\"142\">40G o 20GP\/unidad<\/td>\n<td width=\"142\"><strong><b>Tiempo de entrega :<\/b><\/strong><\/td>\n<td width=\"142\">15 d\u00edas a negociar<\/td>\n<\/tr>\n<tr>\n<td width=\"142\"><strong><b>Condiciones de pago :<\/b><\/strong><\/td>\n<td width=\"142\">L\/C, T\/T<\/td>\n<td width=\"142\"><strong><b>Capacidad de suministro :<\/b><\/strong><\/td>\n<td width=\"142\">50 unidades por mes, cabina de pulverizaci\u00f3n industrial, cabina de pulverizaci\u00f3n para autobuses<\/td>\n<\/tr>\n<tr>\n<td width=\"142\"><strong><b>Lugar de origen:<\/b><\/strong><\/td>\n<td width=\"142\">Jiangsu, China<\/td>\n<td width=\"142\"><strong><b>Nombre de la marca:<\/b><\/strong><\/td>\n<td width=\"142\">Autoke<\/td>\n<\/tr>\n<tr>\n<td width=\"142\"><strong><b>Certificaci\u00f3n:<\/b><\/strong><\/td>\n<td width=\"142\">CE<\/td>\n<td width=\"142\"><strong><b>N\u00famero de modelo:<\/b><\/strong><\/td>\n<td width=\"142\">ATK-7M-LUX-GAS-GL<\/td>\n<\/tr>\n<\/tbody>\n<\/table>\n<p class=\"ds-markdown-paragraph\">El\u00a0<strong>Cabina de pulverizaci\u00f3n de gas de lujo Autoke 7m con puertas de vidrio completo<\/strong>\u00a0combina la eficiencia de un sistema de calefacci\u00f3n a gas con las ventajas operativas del acceso de alta visibilidad. Dise\u00f1ada para talleres de carrocer\u00eda automotriz y centros de acabado, este modelo cuenta con grandes puertas de vidrio templado que mejoran la supervisi\u00f3n, la seguridad y la eficiencia del flujo de trabajo, manteniendo todos los est\u00e1ndares de rendimiento de nuestra serie de lujo.<\/p>\n<p class=\"ds-markdown-paragraph\"><strong>Caracter\u00edsticas principales:<\/strong><\/p>\n<ul>\n<li>\n<p class=\"ds-markdown-paragraph\"><strong>Dise\u00f1o de puertas de vidrio de alta visibilidad:<\/strong>\u00a0Incluye tres puertas frontales grandes con vidrio templado resistente a altas temperaturas de 5 mm, que proporcionan una excelente visibilidad en la cabina para mejorar la supervisi\u00f3n, la seguridad y la iluminaci\u00f3n sin comprometer el aislamiento t\u00e9rmico.<\/p>\n<\/li>\n<li>\n<p class=\"ds-markdown-paragraph\"><strong>Sistema de calefacci\u00f3n a gas eficiente:<\/strong>\u00a0Alimentado por un quemador de gas\/diesel RIELLO G20 confiable, que proporciona un calentamiento r\u00e1pido hasta 40\u00b0C en 5-8 minutos y una temperatura m\u00e1xima de horneado de 80\u00b0C para un curado de pintura consistente y de alta calidad.<\/p>\n<\/li>\n<li>\n<p class=\"ds-markdown-paragraph\"><strong>Ventilaci\u00f3n y filtraci\u00f3n robustas:<\/strong>\u00a0Equipado con un sistema de ventilador doble de 2x4KW (25,000 m\u00b3\/h) y un ventilador de escape de 3KW, junto con un sistema de filtraci\u00f3n de tres etapas (eficiencia en el techo &gt;98%) para garantizar un entorno de pintura limpio, seguro y conforme.<\/p>\n<\/li>\n<li>\n<p class=\"ds-markdown-paragraph\"><strong>Construcci\u00f3n industrial duradera:<\/strong>\u00a0Construido con paneles de pared aislantes resistentes al fuego de 5 cm, un techo de acero galvanizado y un suelo de rejilla de acero galvanizado de 300 mm de alto para un rendimiento duradero.<\/p>\n<\/li>\n<li>\n<p class=\"ds-markdown-paragraph\"><strong>Sistema de control inteligente:<\/strong>\u00a0Panel de control centralizado f\u00e1cil de usar para gestionar la iluminaci\u00f3n, ciclos de pulverizaci\u00f3n y horneado, temperatura, temporizador e incluye una funci\u00f3n de parada de emergencia.<\/p>\n<\/li>\n<li>\n<p class=\"ds-markdown-paragraph\"><strong>Conjunto de iluminaci\u00f3n LED profesional:<\/strong>\u00a0Incluye 24 piezas de luces LED de 18W en el techo y luces en las paredes laterales, proporcionando una iluminaci\u00f3n brillante y sin sombras, esencial para trabajos de precisi\u00f3n, mejorada por las puertas de vidrio.<\/p>\n<\/li>\n<\/ul>\n<p class=\"ds-markdown-paragraph\"><strong>Especificaciones T\u00e9cnicas:<\/strong><\/p>\n<ul>\n<li>\n<p class=\"ds-markdown-paragraph\">Dimensiones exteriores: 7000 (L) x 4000 (An) x 3350 (Al) mm<\/p>\n<\/li>\n<li>\n<p class=\"ds-markdown-paragraph\">Dimensiones internas de trabajo: 6900 (L) x 3900 (An) x 2650 (Al) mm<\/p>\n<\/li>\n<li>\n<p class=\"ds-markdown-paragraph\">Puerta principal: Puerta de vidrio frontal de tres secciones, total 3000mm de ancho x 2750mm de alto<\/p>\n<\/li>\n<li>\n<p class=\"ds-markdown-paragraph\">Voltaje \/ Frecuencia: 220V \/ 380V, 50Hz<\/p>\n<\/li>\n<li>\n<p class=\"ds-markdown-paragraph\">Tipo de calefacci\u00f3n: Gas (Compatible con Diesel)<\/p>\n<\/li>\n<li>\n<p class=\"ds-markdown-paragraph\">Volumen de env\u00edo: ~19 CBM, compatible con un contenedor de 20GP<\/p>\n<\/li>\n<li>\n<p class=\"ds-markdown-paragraph\">Colores est\u00e1ndar: Rojo, Azul, Blanco, Gris, Naranja, etc.<\/p>\n<\/li>\n<\/ul>\n<p class=\"ds-markdown-paragraph\"><strong>Nota de Precios:<\/strong><br \/>\nEste precio es indicativo de la configuraci\u00f3n con puertas de vidrio y calefacci\u00f3n a gas. La tarifa final est\u00e1 sujeta a requisitos t\u00e9cnicos espec\u00edficos, adaptaciones regionales y accesorios opcionales. Recomendamos consultar con nuestro equipo t\u00e9cnico para una cotizaci\u00f3n precisa y personalizada.<\/p>","protected":false},"excerpt":{"rendered":"<p>La cabina de pulverizaci\u00f3n de gas de lujo Autoke 7m con puertas de vidrio completo ofrece una combinaci\u00f3n superior de funcionalidad y visibilidad para la pintura automotriz profesional. Su sistema de calefacci\u00f3n a gas garantiza un funcionamiento eficiente, mientras que las grandes puertas de vidrio templado mejoran la seguridad, la supervisi\u00f3n y la luz natural. Construida para durabilidad y equipada con filtraci\u00f3n avanzada, es la opci\u00f3n ideal para talleres que priorizan la eficiencia del flujo de trabajo y la calidad del acabado de primera categor\u00eda.<\/p>","protected":false},"featured_media":2861,"comment_status":"open","ping_status":"closed","template":"","meta":[],"product_brand":[76],"product_cat":[60,59],"product_tag":[79,73,93,63,67,69,68,88,83],"class_list":{"0":"post-3304","1":"product","2":"type-product","3":"status-publish","4":"has-post-thumbnail","6":"product_brand-autoke","7":"product_cat-car-spray-booth","8":"product_cat-spray-booth","9":"product_tag-automotive-spray-booth","10":"product_tag-automotive-spray-booth-manufacturer","11":"product_tag-bus-spray-booth-baking-system","12":"product_tag-car-spray-booth","13":"product_tag-car-spray-booth-manufacturing","14":"product_tag-ce-car-spray-booth","15":"product_tag-customized-car-spray-booth","16":"product_tag-heavy-duty-paint-booth","17":"product_tag-paint-booth-solutions","19":"first","20":"instock","21":"shipping-taxable","22":"product-type-simple"},"yoast_head":"<!-- This site is optimized with the Yoast SEO plugin v27.4 - https:\/\/yoast.com\/product\/yoast-seo-wordpress\/ -->\n<title>7m Luxury Gas Spray Booth with Full Glass Doors | High-Visibility Automotive Painting System | Industrial Workshop Equipment - Autoke-China Paint Booth Manufacturer<\/title>\n<meta name=\"robots\" content=\"index, follow, max-snippet:-1, max-image-preview:large, max-video-preview:-1\" \/>\n<link rel=\"canonical\" href=\"https:\/\/sprayboothmanufacturer.com\/es\/producto\/7m-luxury-gas-spray-booth\/\" \/>\n<meta property=\"og:locale\" content=\"es_ES\" \/>\n<meta property=\"og:type\" content=\"article\" \/>\n<meta property=\"og:title\" content=\"7m Luxury Gas Spray Booth with Full Glass Doors | High-Visibility Automotive Painting System | Industrial Workshop Equipment - Autoke-China Paint Booth Manufacturer\" \/>\n<meta property=\"og:description\" content=\"The Autoke 7m Luxury Gas Spray Booth with Full Glass Doors offers a superior blend of functionality and visibility for professional automotive painting. Its gas heating system ensures efficient operation, while the large tempered glass doors enhance safety, monitoring, and natural light. Built for durability and equipped with advanced filtration, it&#039;s the ideal choice for workshops prioritizing workflow efficiency and top-tier finish quality.\" \/>\n<meta property=\"og:url\" content=\"https:\/\/sprayboothmanufacturer.com\/es\/producto\/7m-luxury-gas-spray-booth\/\" \/>\n<meta property=\"og:site_name\" content=\"Autoke-China Paint Booth Manufacturer\" \/>\n<meta property=\"og:image\" content=\"https:\/\/sprayboothmanufacturer.com\/wp-content\/uploads\/2026\/01\/9421765265812_.pic_hd.jpg\" \/>\n\t<meta property=\"og:image:width\" content=\"1920\" \/>\n\t<meta property=\"og:image:height\" content=\"1080\" \/>\n\t<meta property=\"og:image:type\" content=\"image\/jpeg\" \/>\n<meta name=\"twitter:card\" content=\"summary_large_image\" \/>\n<meta name=\"twitter:label1\" content=\"Est. reading time\" \/>\n\t<meta name=\"twitter:data1\" content=\"2 minutos\" \/>\n<script type=\"application\/ld+json\" class=\"yoast-schema-graph\">{\"@context\":\"https:\\\/\\\/schema.org\",\"@graph\":[{\"@type\":\"WebPage\",\"@id\":\"https:\\\/\\\/sprayboothmanufacturer.com\\\/product\\\/7m-luxury-gas-spray-booth\\\/\",\"url\":\"https:\\\/\\\/sprayboothmanufacturer.com\\\/product\\\/7m-luxury-gas-spray-booth\\\/\",\"name\":\"7m Luxury Gas Spray Booth with Full Glass Doors | High-Visibility Automotive Painting System | Industrial Workshop Equipment - Autoke-China Paint Booth Manufacturer\",\"isPartOf\":{\"@id\":\"https:\\\/\\\/sprayboothmanufacturer.com\\\/#website\"},\"primaryImageOfPage\":{\"@id\":\"https:\\\/\\\/sprayboothmanufacturer.com\\\/product\\\/7m-luxury-gas-spray-booth\\\/#primaryimage\"},\"image\":{\"@id\":\"https:\\\/\\\/sprayboothmanufacturer.com\\\/product\\\/7m-luxury-gas-spray-booth\\\/#primaryimage\"},\"thumbnailUrl\":\"https:\\\/\\\/sprayboothmanufacturer.com\\\/wp-content\\\/uploads\\\/2026\\\/01\\\/9421765265812_.pic_hd.jpg\",\"datePublished\":\"2026-02-09T03:32:17+00:00\",\"breadcrumb\":{\"@id\":\"https:\\\/\\\/sprayboothmanufacturer.com\\\/product\\\/7m-luxury-gas-spray-booth\\\/#breadcrumb\"},\"inLanguage\":\"es\",\"potentialAction\":[{\"@type\":\"ReadAction\",\"target\":[\"https:\\\/\\\/sprayboothmanufacturer.com\\\/product\\\/7m-luxury-gas-spray-booth\\\/\"]}]},{\"@type\":\"ImageObject\",\"inLanguage\":\"es\",\"@id\":\"https:\\\/\\\/sprayboothmanufacturer.com\\\/product\\\/7m-luxury-gas-spray-booth\\\/#primaryimage\",\"url\":\"https:\\\/\\\/sprayboothmanufacturer.com\\\/wp-content\\\/uploads\\\/2026\\\/01\\\/9421765265812_.pic_hd.jpg\",\"contentUrl\":\"https:\\\/\\\/sprayboothmanufacturer.com\\\/wp-content\\\/uploads\\\/2026\\\/01\\\/9421765265812_.pic_hd.jpg\",\"width\":1920,\"height\":1080,\"caption\":\"Paint Mixing Room\"},{\"@type\":\"BreadcrumbList\",\"@id\":\"https:\\\/\\\/sprayboothmanufacturer.com\\\/product\\\/7m-luxury-gas-spray-booth\\\/#breadcrumb\",\"itemListElement\":[{\"@type\":\"ListItem\",\"position\":1,\"name\":\"Home\",\"item\":\"https:\\\/\\\/sprayboothmanufacturer.com\\\/\"},{\"@type\":\"ListItem\",\"position\":2,\"name\":\"\u4ea7\u54c1\",\"item\":\"https:\\\/\\\/sprayboothmanufacturer.com\\\/shop__trashed\\\/\"},{\"@type\":\"ListItem\",\"position\":3,\"name\":\"7m Luxury Gas Spray Booth with Full Glass Doors | High-Visibility Automotive Painting System | Industrial Workshop Equipment\"}]},{\"@type\":\"WebSite\",\"@id\":\"https:\\\/\\\/sprayboothmanufacturer.com\\\/#website\",\"url\":\"https:\\\/\\\/sprayboothmanufacturer.com\\\/\",\"name\":\"Autoke-China Paint Booth Manufacturer\",\"description\":\"\",\"publisher\":{\"@id\":\"https:\\\/\\\/sprayboothmanufacturer.com\\\/#organization\"},\"potentialAction\":[{\"@type\":\"SearchAction\",\"target\":{\"@type\":\"EntryPoint\",\"urlTemplate\":\"https:\\\/\\\/sprayboothmanufacturer.com\\\/?s={search_term_string}\"},\"query-input\":{\"@type\":\"PropertyValueSpecification\",\"valueRequired\":true,\"valueName\":\"search_term_string\"}}],\"inLanguage\":\"es\"},{\"@type\":\"Organization\",\"@id\":\"https:\\\/\\\/sprayboothmanufacturer.com\\\/#organization\",\"name\":\"Autoke-China Paint Booth Manufacturer\",\"url\":\"https:\\\/\\\/sprayboothmanufacturer.com\\\/\",\"logo\":{\"@type\":\"ImageObject\",\"inLanguage\":\"es\",\"@id\":\"https:\\\/\\\/sprayboothmanufacturer.com\\\/#\\\/schema\\\/logo\\\/image\\\/\",\"url\":\"https:\\\/\\\/sprayboothmanufacturer.com\\\/wp-content\\\/uploads\\\/2025\\\/12\\\/\u5fae\u4fe1\u56fe\u7247_20260113195103_1750_4-scaled-e1768394147958.png\",\"contentUrl\":\"https:\\\/\\\/sprayboothmanufacturer.com\\\/wp-content\\\/uploads\\\/2025\\\/12\\\/\u5fae\u4fe1\u56fe\u7247_20260113195103_1750_4-scaled-e1768394147958.png\",\"width\":1740,\"height\":538,\"caption\":\"Autoke-China Paint Booth Manufacturer\"},\"image\":{\"@id\":\"https:\\\/\\\/sprayboothmanufacturer.com\\\/#\\\/schema\\\/logo\\\/image\\\/\"}}]}<\/script>\n<!-- \/ Yoast SEO plugin. -->","yoast_head_json":{"title":"Cabina de pulverizaci\u00f3n de gas de lujo de 7m con puertas de vidrio completo | Sistema de pintura automotriz de alta visibilidad | Equipo de taller industrial - Fabricante de cabinas de pintura Autoke-China","robots":{"index":"index","follow":"follow","max-snippet":"max-snippet:-1","max-image-preview":"max-image-preview:large","max-video-preview":"max-video-preview:-1"},"canonical":"https:\/\/sprayboothmanufacturer.com\/es\/producto\/7m-luxury-gas-spray-booth\/","og_locale":"es_ES","og_type":"article","og_title":"7m Luxury Gas Spray Booth with Full Glass Doors | High-Visibility Automotive Painting System | Industrial Workshop Equipment - Autoke-China Paint Booth Manufacturer","og_description":"The Autoke 7m Luxury Gas Spray Booth with Full Glass Doors offers a superior blend of functionality and visibility for professional automotive painting. Its gas heating system ensures efficient operation, while the large tempered glass doors enhance safety, monitoring, and natural light. Built for durability and equipped with advanced filtration, it's the ideal choice for workshops prioritizing workflow efficiency and top-tier finish quality.","og_url":"https:\/\/sprayboothmanufacturer.com\/es\/producto\/7m-luxury-gas-spray-booth\/","og_site_name":"Autoke-China Paint Booth Manufacturer","og_image":[{"width":1920,"height":1080,"url":"https:\/\/sprayboothmanufacturer.com\/wp-content\/uploads\/2026\/01\/9421765265812_.pic_hd.jpg","type":"image\/jpeg"}],"twitter_card":"summary_large_image","twitter_misc":{"Est. reading time":"2 minutos"},"schema":{"@context":"https:\/\/schema.org","@graph":[{"@type":"WebPage","@id":"https:\/\/sprayboothmanufacturer.com\/product\/7m-luxury-gas-spray-booth\/","url":"https:\/\/sprayboothmanufacturer.com\/product\/7m-luxury-gas-spray-booth\/","name":"Cabina de pulverizaci\u00f3n de gas de lujo de 7m con puertas de vidrio completo | Sistema de pintura automotriz de alta visibilidad | Equipo de taller industrial - Fabricante de cabinas de pintura Autoke-China","isPartOf":{"@id":"https:\/\/sprayboothmanufacturer.com\/#website"},"primaryImageOfPage":{"@id":"https:\/\/sprayboothmanufacturer.com\/product\/7m-luxury-gas-spray-booth\/#primaryimage"},"image":{"@id":"https:\/\/sprayboothmanufacturer.com\/product\/7m-luxury-gas-spray-booth\/#primaryimage"},"thumbnailUrl":"https:\/\/sprayboothmanufacturer.com\/wp-content\/uploads\/2026\/01\/9421765265812_.pic_hd.jpg","datePublished":"2026-02-09T03:32:17+00:00","breadcrumb":{"@id":"https:\/\/sprayboothmanufacturer.com\/product\/7m-luxury-gas-spray-booth\/#breadcrumb"},"inLanguage":"es","potentialAction":[{"@type":"ReadAction","target":["https:\/\/sprayboothmanufacturer.com\/product\/7m-luxury-gas-spray-booth\/"]}]},{"@type":"ImageObject","inLanguage":"es","@id":"https:\/\/sprayboothmanufacturer.com\/product\/7m-luxury-gas-spray-booth\/#primaryimage","url":"https:\/\/sprayboothmanufacturer.com\/wp-content\/uploads\/2026\/01\/9421765265812_.pic_hd.jpg","contentUrl":"https:\/\/sprayboothmanufacturer.com\/wp-content\/uploads\/2026\/01\/9421765265812_.pic_hd.jpg","width":1920,"height":1080,"caption":"Paint Mixing Room"},{"@type":"BreadcrumbList","@id":"https:\/\/sprayboothmanufacturer.com\/product\/7m-luxury-gas-spray-booth\/#breadcrumb","itemListElement":[{"@type":"ListItem","position":1,"name":"Home","item":"https:\/\/sprayboothmanufacturer.com\/"},{"@type":"ListItem","position":2,"name":"\u4ea7\u54c1","item":"https:\/\/sprayboothmanufacturer.com\/shop__trashed\/"},{"@type":"ListItem","position":3,"name":"7m Luxury Gas Spray Booth with Full Glass Doors | High-Visibility Automotive Painting System | Industrial Workshop Equipment"}]},{"@type":"WebSite","@id":"https:\/\/sprayboothmanufacturer.com\/#website","url":"https:\/\/sprayboothmanufacturer.com\/","name":"Fabricante de cabinas de pintura Autoke-China","description":"","publisher":{"@id":"https:\/\/sprayboothmanufacturer.com\/#organization"},"potentialAction":[{"@type":"SearchAction","target":{"@type":"EntryPoint","urlTemplate":"https:\/\/sprayboothmanufacturer.com\/?s={search_term_string}"},"query-input":{"@type":"PropertyValueSpecification","valueRequired":true,"valueName":"search_term_string"}}],"inLanguage":"es"},{"@type":"Organization","@id":"https:\/\/sprayboothmanufacturer.com\/#organization","name":"Fabricante de cabinas de pintura Autoke-China","url":"https:\/\/sprayboothmanufacturer.com\/","logo":{"@type":"ImageObject","inLanguage":"es","@id":"https:\/\/sprayboothmanufacturer.com\/#\/schema\/logo\/image\/","url":"https:\/\/sprayboothmanufacturer.com\/wp-content\/uploads\/2025\/12\/\u5fae\u4fe1\u56fe\u7247_20260113195103_1750_4-scaled-e1768394147958.png","contentUrl":"https:\/\/sprayboothmanufacturer.com\/wp-content\/uploads\/2025\/12\/\u5fae\u4fe1\u56fe\u7247_20260113195103_1750_4-scaled-e1768394147958.png","width":1740,"height":538,"caption":"Autoke-China Paint Booth Manufacturer"},"image":{"@id":"https:\/\/sprayboothmanufacturer.com\/#\/schema\/logo\/image\/"}}]}},"_links":{"self":[{"href":"https:\/\/sprayboothmanufacturer.com\/es\/wp-json\/wp\/v2\/product\/3304","targetHints":{"allow":["GET"]}}],"collection":[{"href":"https:\/\/sprayboothmanufacturer.com\/es\/wp-json\/wp\/v2\/product"}],"about":[{"href":"https:\/\/sprayboothmanufacturer.com\/es\/wp-json\/wp\/v2\/types\/product"}],"replies":[{"embeddable":true,"href":"https:\/\/sprayboothmanufacturer.com\/es\/wp-json\/wp\/v2\/comments?post=3304"}],"version-history":[{"count":1,"href":"https:\/\/sprayboothmanufacturer.com\/es\/wp-json\/wp\/v2\/product\/3304\/revisions"}],"predecessor-version":[{"id":3305,"href":"https:\/\/sprayboothmanufacturer.com\/es\/wp-json\/wp\/v2\/product\/3304\/revisions\/3305"}],"wp:featuredmedia":[{"embeddable":true,"href":"https:\/\/sprayboothmanufacturer.com\/es\/wp-json\/wp\/v2\/media\/2861"}],"wp:attachment":[{"href":"https:\/\/sprayboothmanufacturer.com\/es\/wp-json\/wp\/v2\/media?parent=3304"}],"wp:term":[{"taxonomy":"product_brand","embeddable":true,"href":"https:\/\/sprayboothmanufacturer.com\/es\/wp-json\/wp\/v2\/product_brand?post=3304"},{"taxonomy":"product_cat","embeddable":true,"href":"https:\/\/sprayboothmanufacturer.com\/es\/wp-json\/wp\/v2\/product_cat?post=3304"},{"taxonomy":"product_tag","embeddable":true,"href":"https:\/\/sprayboothmanufacturer.com\/es\/wp-json\/wp\/v2\/product_tag?post=3304"}],"curies":[{"name":"wp","href":"https:\/\/api.w.org\/{rel}","templated":true}]}}