{"id":3302,"date":"2026-02-09T03:23:28","date_gmt":"2026-02-09T03:23:28","guid":{"rendered":"https:\/\/sprayboothmanufacturer.com\/?post_type=product&#038;p=3302"},"modified":"2026-02-09T03:23:28","modified_gmt":"2026-02-09T03:23:28","slug":"7m-luxury-gas-heating-spray-booth-2","status":"publish","type":"product","link":"https:\/\/sprayboothmanufacturer.com\/es\/product\/7m-luxury-gas-heating-spray-booth-2\/","title":{"rendered":"Cabina de pulverizaci\u00f3n de gas de lujo de 7 m | Sistema industrial de pintura para autom\u00f3viles | Suministro directo de f\u00e1brica para talleres"},"content":{"rendered":"<table style=\"height: 240px;\" width=\"799\">\n<tbody>\n<tr>\n<td width=\"142\"><strong><b>Cantidad m\u00ednima de pedido :<\/b><\/strong><\/td>\n<td width=\"142\">1 pieza<\/td>\n<td width=\"142\"><strong><b>Precio :<\/b><\/strong><\/td>\n<td width=\"142\">A negociar<\/td>\n<\/tr>\n<tr>\n<td width=\"142\"><strong><b>Detalles del embalaje :<\/b><\/strong><\/td>\n<td width=\"142\">40G o 20GP\/unidad<\/td>\n<td width=\"142\"><strong><b>Tiempo de entrega :<\/b><\/strong><\/td>\n<td width=\"142\">15 d\u00edas a negociar<\/td>\n<\/tr>\n<tr>\n<td width=\"142\"><strong><b>Condiciones de pago :<\/b><\/strong><\/td>\n<td width=\"142\">L\/C, T\/T<\/td>\n<td width=\"142\"><strong><b>Capacidad de suministro :<\/b><\/strong><\/td>\n<td width=\"142\">50 unidades por mes, cabina de pulverizaci\u00f3n industrial, cabina de pulverizaci\u00f3n para autobuses<\/td>\n<\/tr>\n<tr>\n<td width=\"142\"><strong><b>Lugar de origen:<\/b><\/strong><\/td>\n<td width=\"142\">Jiangsu, China<\/td>\n<td width=\"142\"><strong><b>Nombre de la marca:<\/b><\/strong><\/td>\n<td width=\"142\">Autoke<\/td>\n<\/tr>\n<tr>\n<td width=\"142\"><strong><b>Certificaci\u00f3n:<\/b><\/strong><\/td>\n<td width=\"142\">CE<\/td>\n<td width=\"142\"><strong><b>N\u00famero de modelo:<\/b><\/strong><\/td>\n<td width=\"142\">ATK-7M-LUX-GAS<\/td>\n<\/tr>\n<\/tbody>\n<\/table>\n<p class=\"ds-markdown-paragraph\">El\u00a0<strong>Cabina de pulverizaci\u00f3n de lujo Autoke 7m con calefacci\u00f3n de gas<\/strong>\u00a0es una soluci\u00f3n eficiente y robusta dise\u00f1ada para talleres de reparaci\u00f3n automotriz que buscan un equilibrio entre rendimiento, coste operativo y fiabilidad. Utilizando un sistema de calefacci\u00f3n por gas de combusti\u00f3n limpia, proporciona un control de temperatura r\u00e1pido y constante para un curado de pintura superior, convirti\u00e9ndola en una opci\u00f3n ideal para entornos profesionales de alto volumen o con conciencia de costes.<\/p>\n<p class=\"ds-markdown-paragraph\"><strong>Caracter\u00edsticas principales:<\/strong><\/p>\n<ul>\n<li>\n<p class=\"ds-markdown-paragraph\"><strong>Sistema de calefacci\u00f3n a gas eficiente:<\/strong>\u00a0Impulsada por un quemador de gas fiable, esta cabina alcanza un calentamiento r\u00e1pido hasta 40\u00b0C en 5-8 minutos, con una temperatura m\u00e1xima de horneado de 80\u00b0C, asegurando ciclos de curado de pintura eficientes.<\/p>\n<\/li>\n<li>\n<p class=\"ds-markdown-paragraph\"><strong>Ventilaci\u00f3n optimizada:<\/strong>\u00a0Equipada con 2 ventiladores centr\u00edfugos de entrada doble de 4KW (capacidad total de 25,000 m\u00b3\/h) y un ventilador de extracci\u00f3n de 3KW para mantener un excelente flujo de aire, extracci\u00f3n de humos y un ambiente de trabajo limpio y seguro.<\/p>\n<\/li>\n<li>\n<p class=\"ds-markdown-paragraph\"><strong>Construcci\u00f3n duradera y segura:<\/strong>\u00a0Construida con paneles de pared aislantes resistentes al fuego de doble capa de 5cm y un techo de acero galvanizado para durabilidad y eficiencia t\u00e9rmica. La base elevada de rejilla de acero galvanizado (altura de 300mm) ofrece resistencia y f\u00e1cil limpieza.<\/p>\n<\/li>\n<li>\n<p class=\"ds-markdown-paragraph\"><strong>Panel de control inteligente:<\/strong>\u00a0Interfaz f\u00e1cil de usar que integra todas las operaciones incluyendo iluminaci\u00f3n, pulverizaci\u00f3n, horneado, ajustes de temperatura, temporizador y parada de emergencia para un flujo de trabajo seguro y eficiente.<\/p>\n<\/li>\n<li>\n<p class=\"ds-markdown-paragraph\"><strong>Sistema de filtraci\u00f3n en tres etapas:<\/strong>\u00a0Incluye filtros primarios, de alta eficiencia en el techo (&gt;98%) y multil\u00e1minas en el suelo para capturar sobrepulverizaci\u00f3n y polvo, garantizando un acabado libre de contaminantes.<\/p>\n<\/li>\n<li>\n<p class=\"ds-markdown-paragraph\"><strong>Iluminaci\u00f3n LED de ahorro energ\u00e9tico:<\/strong>\u00a0Cuenta con 24 luces LED en el techo de 18W, proporcionando una iluminaci\u00f3n brillante, uniforme y sin sombras, mientras reduce el consumo de energ\u00eda.<\/p>\n<\/li>\n<\/ul>\n<p class=\"ds-markdown-paragraph\"><strong>Especificaciones T\u00e9cnicas:<\/strong><\/p>\n<ul>\n<li>\n<p class=\"ds-markdown-paragraph\">Dimensiones exteriores: 7000 (L) x 4000 (An) x 3350 (Al) mm<\/p>\n<\/li>\n<li>\n<p class=\"ds-markdown-paragraph\">Dimensiones internas de trabajo: 6900 (L) x 3900 (An) x 2650 (Al) mm<\/p>\n<\/li>\n<li>\n<p class=\"ds-markdown-paragraph\">Voltaje \/ Frecuencia: 220V \/ 380V, 50Hz<\/p>\n<\/li>\n<li>\n<p class=\"ds-markdown-paragraph\">Potencia total (Modelo de calefacci\u00f3n a gas): 15 KW (Componentes el\u00e9ctricos)<\/p>\n<\/li>\n<li>\n<p class=\"ds-markdown-paragraph\">Tipo de calefacci\u00f3n: Gas (Gas natural \/ GLP)<\/p>\n<\/li>\n<li>\n<p class=\"ds-markdown-paragraph\">Volumen de env\u00edo: ~19 CBM, compatible con un contenedor de 20GP<\/p>\n<\/li>\n<li>\n<p class=\"ds-markdown-paragraph\">Colores est\u00e1ndar: Rojo, Azul, Blanco, Gris, Naranja, etc.<\/p>\n<\/li>\n<\/ul>\n<p class=\"ds-markdown-paragraph\"><strong>Nota de Precios:<\/strong><br \/>\nEl precio listado es para la configuraci\u00f3n est\u00e1ndar. La fijaci\u00f3n de precios final est\u00e1 sujeta a personalizaci\u00f3n seg\u00fan requisitos espec\u00edficos como compatibilidad con tipos de gas, preferencias de color y caracter\u00edsticas adicionales. Por favor, contacte a nuestro equipo de ventas t\u00e9cnicas para una cotizaci\u00f3n personalizada.<\/p>","protected":false},"excerpt":{"rendered":"<p>La cabina de pulverizaci\u00f3n de gas de lujo de 7m Autoke ofrece una soluci\u00f3n de pintura potente y econ\u00f3mica para talleres automotrices profesionales. Combinando calefacci\u00f3n eficiente por gas, construcci\u00f3n robusta y filtraci\u00f3n avanzada, garantiza acabados consistentes y de alta calidad ideales para flujos de trabajo exigentes de reparaci\u00f3n y reacondicionamiento.<\/p>","protected":false},"featured_media":2827,"comment_status":"open","ping_status":"closed","template":"","meta":[],"product_brand":[76],"product_cat":[60,59],"product_tag":[79,72,66,67,94,68,64,70],"class_list":{"0":"post-3302","1":"product","2":"type-product","3":"status-publish","4":"has-post-thumbnail","6":"product_brand-autoke","7":"product_cat-car-spray-booth","8":"product_cat-spray-booth","9":"product_tag-automotive-spray-booth","10":"product_tag-car-spray-booth-factory","11":"product_tag-car-spray-booth-manufacturer","12":"product_tag-car-spray-booth-manufacturing","13":"product_tag-commercial-vehicle-paint-curing-oven","14":"product_tag-customized-car-spray-booth","15":"product_tag-environmentally-friendly-car-spray-booth","16":"product_tag-high-quality-spray-booths","18":"first","19":"instock","20":"shipping-taxable","21":"product-type-simple"},"yoast_head":"<!-- This site is optimized with the Yoast SEO plugin v27.4 - https:\/\/yoast.com\/product\/yoast-seo-wordpress\/ -->\n<title>7m Luxury Gas Heating Spray Booth | Industrial Automotive Painting System | Factory Direct Supply for Workshops - Autoke-China Paint Booth Manufacturer<\/title>\n<meta name=\"robots\" content=\"index, follow, max-snippet:-1, max-image-preview:large, max-video-preview:-1\" \/>\n<link rel=\"canonical\" href=\"https:\/\/sprayboothmanufacturer.com\/es\/producto\/7m-luxury-gas-heating-spray-booth-2\/\" \/>\n<meta property=\"og:locale\" content=\"es_ES\" \/>\n<meta property=\"og:type\" content=\"article\" \/>\n<meta property=\"og:title\" content=\"7m Luxury Gas Heating Spray Booth | Industrial Automotive Painting System | Factory Direct Supply for Workshops - Autoke-China Paint Booth Manufacturer\" \/>\n<meta property=\"og:description\" content=\"The Autoke 7m Luxury Gas Spray Booth delivers a powerful and economical painting solution for professional automotive shops. Combining efficient gas heating, robust construction, and advanced filtration, it ensures consistent, high-quality finishes ideal for demanding repair and refinishing workflows.\" \/>\n<meta property=\"og:url\" content=\"https:\/\/sprayboothmanufacturer.com\/es\/producto\/7m-luxury-gas-heating-spray-booth-2\/\" \/>\n<meta property=\"og:site_name\" content=\"Autoke-China Paint Booth Manufacturer\" \/>\n<meta property=\"og:image\" content=\"https:\/\/sprayboothmanufacturer.com\/wp-content\/uploads\/2026\/01\/9431768716618_.pic_.jpg\" \/>\n\t<meta property=\"og:image:width\" content=\"850\" \/>\n\t<meta property=\"og:image:height\" content=\"850\" \/>\n\t<meta property=\"og:image:type\" content=\"image\/jpeg\" \/>\n<meta name=\"twitter:card\" content=\"summary_large_image\" \/>\n<meta name=\"twitter:label1\" content=\"Est. reading time\" \/>\n\t<meta name=\"twitter:data1\" content=\"2 minutos\" \/>\n<script type=\"application\/ld+json\" class=\"yoast-schema-graph\">{\"@context\":\"https:\\\/\\\/schema.org\",\"@graph\":[{\"@type\":\"WebPage\",\"@id\":\"https:\\\/\\\/sprayboothmanufacturer.com\\\/product\\\/7m-luxury-gas-heating-spray-booth-2\\\/\",\"url\":\"https:\\\/\\\/sprayboothmanufacturer.com\\\/product\\\/7m-luxury-gas-heating-spray-booth-2\\\/\",\"name\":\"7m Luxury Gas Heating Spray Booth | Industrial Automotive Painting System | Factory Direct Supply for Workshops - Autoke-China Paint Booth Manufacturer\",\"isPartOf\":{\"@id\":\"https:\\\/\\\/sprayboothmanufacturer.com\\\/#website\"},\"primaryImageOfPage\":{\"@id\":\"https:\\\/\\\/sprayboothmanufacturer.com\\\/product\\\/7m-luxury-gas-heating-spray-booth-2\\\/#primaryimage\"},\"image\":{\"@id\":\"https:\\\/\\\/sprayboothmanufacturer.com\\\/product\\\/7m-luxury-gas-heating-spray-booth-2\\\/#primaryimage\"},\"thumbnailUrl\":\"https:\\\/\\\/sprayboothmanufacturer.com\\\/wp-content\\\/uploads\\\/2026\\\/01\\\/9431768716618_.pic_.jpg\",\"datePublished\":\"2026-02-09T03:23:28+00:00\",\"breadcrumb\":{\"@id\":\"https:\\\/\\\/sprayboothmanufacturer.com\\\/product\\\/7m-luxury-gas-heating-spray-booth-2\\\/#breadcrumb\"},\"inLanguage\":\"es\",\"potentialAction\":[{\"@type\":\"ReadAction\",\"target\":[\"https:\\\/\\\/sprayboothmanufacturer.com\\\/product\\\/7m-luxury-gas-heating-spray-booth-2\\\/\"]}]},{\"@type\":\"ImageObject\",\"inLanguage\":\"es\",\"@id\":\"https:\\\/\\\/sprayboothmanufacturer.com\\\/product\\\/7m-luxury-gas-heating-spray-booth-2\\\/#primaryimage\",\"url\":\"https:\\\/\\\/sprayboothmanufacturer.com\\\/wp-content\\\/uploads\\\/2026\\\/01\\\/9431768716618_.pic_.jpg\",\"contentUrl\":\"https:\\\/\\\/sprayboothmanufacturer.com\\\/wp-content\\\/uploads\\\/2026\\\/01\\\/9431768716618_.pic_.jpg\",\"width\":850,\"height\":850},{\"@type\":\"BreadcrumbList\",\"@id\":\"https:\\\/\\\/sprayboothmanufacturer.com\\\/product\\\/7m-luxury-gas-heating-spray-booth-2\\\/#breadcrumb\",\"itemListElement\":[{\"@type\":\"ListItem\",\"position\":1,\"name\":\"Home\",\"item\":\"https:\\\/\\\/sprayboothmanufacturer.com\\\/\"},{\"@type\":\"ListItem\",\"position\":2,\"name\":\"\u4ea7\u54c1\",\"item\":\"https:\\\/\\\/sprayboothmanufacturer.com\\\/shop__trashed\\\/\"},{\"@type\":\"ListItem\",\"position\":3,\"name\":\"7m Luxury Gas Heating Spray Booth | Industrial Automotive Painting System | Factory Direct Supply for Workshops\"}]},{\"@type\":\"WebSite\",\"@id\":\"https:\\\/\\\/sprayboothmanufacturer.com\\\/#website\",\"url\":\"https:\\\/\\\/sprayboothmanufacturer.com\\\/\",\"name\":\"Autoke-China Paint Booth Manufacturer\",\"description\":\"\",\"publisher\":{\"@id\":\"https:\\\/\\\/sprayboothmanufacturer.com\\\/#organization\"},\"potentialAction\":[{\"@type\":\"SearchAction\",\"target\":{\"@type\":\"EntryPoint\",\"urlTemplate\":\"https:\\\/\\\/sprayboothmanufacturer.com\\\/?s={search_term_string}\"},\"query-input\":{\"@type\":\"PropertyValueSpecification\",\"valueRequired\":true,\"valueName\":\"search_term_string\"}}],\"inLanguage\":\"es\"},{\"@type\":\"Organization\",\"@id\":\"https:\\\/\\\/sprayboothmanufacturer.com\\\/#organization\",\"name\":\"Autoke-China Paint Booth Manufacturer\",\"url\":\"https:\\\/\\\/sprayboothmanufacturer.com\\\/\",\"logo\":{\"@type\":\"ImageObject\",\"inLanguage\":\"es\",\"@id\":\"https:\\\/\\\/sprayboothmanufacturer.com\\\/#\\\/schema\\\/logo\\\/image\\\/\",\"url\":\"https:\\\/\\\/sprayboothmanufacturer.com\\\/wp-content\\\/uploads\\\/2025\\\/12\\\/\u5fae\u4fe1\u56fe\u7247_20260113195103_1750_4-scaled-e1768394147958.png\",\"contentUrl\":\"https:\\\/\\\/sprayboothmanufacturer.com\\\/wp-content\\\/uploads\\\/2025\\\/12\\\/\u5fae\u4fe1\u56fe\u7247_20260113195103_1750_4-scaled-e1768394147958.png\",\"width\":1740,\"height\":538,\"caption\":\"Autoke-China Paint Booth Manufacturer\"},\"image\":{\"@id\":\"https:\\\/\\\/sprayboothmanufacturer.com\\\/#\\\/schema\\\/logo\\\/image\\\/\"}}]}<\/script>\n<!-- \/ Yoast SEO plugin. -->","yoast_head_json":{"title":"Cabina de pulverizaci\u00f3n de calefacci\u00f3n a gas de lujo de 7m | Sistema de pintura automotriz industrial | Suministro directo de f\u00e1brica para talleres - Fabricante de cabinas de pintura Autoke-China","robots":{"index":"index","follow":"follow","max-snippet":"max-snippet:-1","max-image-preview":"max-image-preview:large","max-video-preview":"max-video-preview:-1"},"canonical":"https:\/\/sprayboothmanufacturer.com\/es\/producto\/7m-luxury-gas-heating-spray-booth-2\/","og_locale":"es_ES","og_type":"article","og_title":"7m Luxury Gas Heating Spray Booth | Industrial Automotive Painting System | Factory Direct Supply for Workshops - Autoke-China Paint Booth Manufacturer","og_description":"The Autoke 7m Luxury Gas Spray Booth delivers a powerful and economical painting solution for professional automotive shops. Combining efficient gas heating, robust construction, and advanced filtration, it ensures consistent, high-quality finishes ideal for demanding repair and refinishing workflows.","og_url":"https:\/\/sprayboothmanufacturer.com\/es\/producto\/7m-luxury-gas-heating-spray-booth-2\/","og_site_name":"Autoke-China Paint Booth Manufacturer","og_image":[{"width":850,"height":850,"url":"https:\/\/sprayboothmanufacturer.com\/wp-content\/uploads\/2026\/01\/9431768716618_.pic_.jpg","type":"image\/jpeg"}],"twitter_card":"summary_large_image","twitter_misc":{"Est. reading time":"2 minutos"},"schema":{"@context":"https:\/\/schema.org","@graph":[{"@type":"WebPage","@id":"https:\/\/sprayboothmanufacturer.com\/product\/7m-luxury-gas-heating-spray-booth-2\/","url":"https:\/\/sprayboothmanufacturer.com\/product\/7m-luxury-gas-heating-spray-booth-2\/","name":"Cabina de pulverizaci\u00f3n de calefacci\u00f3n a gas de lujo de 7m | Sistema de pintura automotriz industrial | Suministro directo de f\u00e1brica para talleres - Fabricante de cabinas de pintura Autoke-China","isPartOf":{"@id":"https:\/\/sprayboothmanufacturer.com\/#website"},"primaryImageOfPage":{"@id":"https:\/\/sprayboothmanufacturer.com\/product\/7m-luxury-gas-heating-spray-booth-2\/#primaryimage"},"image":{"@id":"https:\/\/sprayboothmanufacturer.com\/product\/7m-luxury-gas-heating-spray-booth-2\/#primaryimage"},"thumbnailUrl":"https:\/\/sprayboothmanufacturer.com\/wp-content\/uploads\/2026\/01\/9431768716618_.pic_.jpg","datePublished":"2026-02-09T03:23:28+00:00","breadcrumb":{"@id":"https:\/\/sprayboothmanufacturer.com\/product\/7m-luxury-gas-heating-spray-booth-2\/#breadcrumb"},"inLanguage":"es","potentialAction":[{"@type":"ReadAction","target":["https:\/\/sprayboothmanufacturer.com\/product\/7m-luxury-gas-heating-spray-booth-2\/"]}]},{"@type":"ImageObject","inLanguage":"es","@id":"https:\/\/sprayboothmanufacturer.com\/product\/7m-luxury-gas-heating-spray-booth-2\/#primaryimage","url":"https:\/\/sprayboothmanufacturer.com\/wp-content\/uploads\/2026\/01\/9431768716618_.pic_.jpg","contentUrl":"https:\/\/sprayboothmanufacturer.com\/wp-content\/uploads\/2026\/01\/9431768716618_.pic_.jpg","width":850,"height":850},{"@type":"BreadcrumbList","@id":"https:\/\/sprayboothmanufacturer.com\/product\/7m-luxury-gas-heating-spray-booth-2\/#breadcrumb","itemListElement":[{"@type":"ListItem","position":1,"name":"Home","item":"https:\/\/sprayboothmanufacturer.com\/"},{"@type":"ListItem","position":2,"name":"\u4ea7\u54c1","item":"https:\/\/sprayboothmanufacturer.com\/shop__trashed\/"},{"@type":"ListItem","position":3,"name":"7m Luxury Gas Heating Spray Booth | Industrial Automotive Painting System | Factory Direct Supply for Workshops"}]},{"@type":"WebSite","@id":"https:\/\/sprayboothmanufacturer.com\/#website","url":"https:\/\/sprayboothmanufacturer.com\/","name":"Fabricante de cabinas de pintura Autoke-China","description":"","publisher":{"@id":"https:\/\/sprayboothmanufacturer.com\/#organization"},"potentialAction":[{"@type":"SearchAction","target":{"@type":"EntryPoint","urlTemplate":"https:\/\/sprayboothmanufacturer.com\/?s={search_term_string}"},"query-input":{"@type":"PropertyValueSpecification","valueRequired":true,"valueName":"search_term_string"}}],"inLanguage":"es"},{"@type":"Organization","@id":"https:\/\/sprayboothmanufacturer.com\/#organization","name":"Fabricante de cabinas de pintura Autoke-China","url":"https:\/\/sprayboothmanufacturer.com\/","logo":{"@type":"ImageObject","inLanguage":"es","@id":"https:\/\/sprayboothmanufacturer.com\/#\/schema\/logo\/image\/","url":"https:\/\/sprayboothmanufacturer.com\/wp-content\/uploads\/2025\/12\/\u5fae\u4fe1\u56fe\u7247_20260113195103_1750_4-scaled-e1768394147958.png","contentUrl":"https:\/\/sprayboothmanufacturer.com\/wp-content\/uploads\/2025\/12\/\u5fae\u4fe1\u56fe\u7247_20260113195103_1750_4-scaled-e1768394147958.png","width":1740,"height":538,"caption":"Autoke-China Paint Booth Manufacturer"},"image":{"@id":"https:\/\/sprayboothmanufacturer.com\/#\/schema\/logo\/image\/"}}]}},"_links":{"self":[{"href":"https:\/\/sprayboothmanufacturer.com\/es\/wp-json\/wp\/v2\/product\/3302","targetHints":{"allow":["GET"]}}],"collection":[{"href":"https:\/\/sprayboothmanufacturer.com\/es\/wp-json\/wp\/v2\/product"}],"about":[{"href":"https:\/\/sprayboothmanufacturer.com\/es\/wp-json\/wp\/v2\/types\/product"}],"replies":[{"embeddable":true,"href":"https:\/\/sprayboothmanufacturer.com\/es\/wp-json\/wp\/v2\/comments?post=3302"}],"version-history":[{"count":1,"href":"https:\/\/sprayboothmanufacturer.com\/es\/wp-json\/wp\/v2\/product\/3302\/revisions"}],"predecessor-version":[{"id":3303,"href":"https:\/\/sprayboothmanufacturer.com\/es\/wp-json\/wp\/v2\/product\/3302\/revisions\/3303"}],"wp:featuredmedia":[{"embeddable":true,"href":"https:\/\/sprayboothmanufacturer.com\/es\/wp-json\/wp\/v2\/media\/2827"}],"wp:attachment":[{"href":"https:\/\/sprayboothmanufacturer.com\/es\/wp-json\/wp\/v2\/media?parent=3302"}],"wp:term":[{"taxonomy":"product_brand","embeddable":true,"href":"https:\/\/sprayboothmanufacturer.com\/es\/wp-json\/wp\/v2\/product_brand?post=3302"},{"taxonomy":"product_cat","embeddable":true,"href":"https:\/\/sprayboothmanufacturer.com\/es\/wp-json\/wp\/v2\/product_cat?post=3302"},{"taxonomy":"product_tag","embeddable":true,"href":"https:\/\/sprayboothmanufacturer.com\/es\/wp-json\/wp\/v2\/product_tag?post=3302"}],"curies":[{"name":"wp","href":"https:\/\/api.w.org\/{rel}","templated":true}]}}