{"id":3300,"date":"2026-02-09T03:16:31","date_gmt":"2026-02-09T03:16:31","guid":{"rendered":"https:\/\/sprayboothmanufacturer.com\/?post_type=product&#038;p=3300"},"modified":"2026-02-09T03:16:31","modified_gmt":"2026-02-09T03:16:31","slug":"7m-luxury-diesel-heating-spray-booth","status":"publish","type":"product","link":"https:\/\/sprayboothmanufacturer.com\/es\/product\/7m-luxury-diesel-heating-spray-booth\/","title":{"rendered":"Cabina de pulverizaci\u00f3n de calefacci\u00f3n di\u00e9sel de lujo de 7 m | Sistema de pintura automotriz de alta resistencia | Equipo de taller industrial"},"content":{"rendered":"<table style=\"height: 275px;\" width=\"769\">\n<tbody>\n<tr>\n<td width=\"142\"><strong><b>Cantidad m\u00ednima de pedido :<\/b><\/strong><\/td>\n<td width=\"142\">1 pieza<\/td>\n<td width=\"142\"><strong><b>Precio :<\/b><\/strong><\/td>\n<td width=\"142\">A negociar<\/td>\n<\/tr>\n<tr>\n<td width=\"142\"><strong><b>Detalles del embalaje :<\/b><\/strong><\/td>\n<td width=\"142\">40G o 20GP\/unidad<\/td>\n<td width=\"142\"><strong><b>Tiempo de entrega :<\/b><\/strong><\/td>\n<td width=\"142\">15 d\u00edas a negociar<\/td>\n<\/tr>\n<tr>\n<td width=\"142\"><strong><b>Condiciones de pago :<\/b><\/strong><\/td>\n<td width=\"142\">L\/C, T\/T<\/td>\n<td width=\"142\"><strong><b>Capacidad de suministro :<\/b><\/strong><\/td>\n<td width=\"142\">50 unidades por mes, cabina de pulverizaci\u00f3n industrial, cabina de pulverizaci\u00f3n para autobuses<\/td>\n<\/tr>\n<tr>\n<td width=\"142\"><strong><b>Lugar de origen:<\/b><\/strong><\/td>\n<td width=\"142\">Jiangsu, China<\/td>\n<td width=\"142\"><strong><b>Nombre de la marca:<\/b><\/strong><\/td>\n<td width=\"142\">Autoke<\/td>\n<\/tr>\n<tr>\n<td width=\"142\"><strong><b>Certificaci\u00f3n:<\/b><\/strong><\/td>\n<td width=\"142\">CE<\/td>\n<td width=\"142\"><strong><b>N\u00famero de modelo:<\/b><\/strong><\/td>\n<td width=\"142\"><strong>ATK-7M-LUX-DSL<\/strong><\/td>\n<\/tr>\n<\/tbody>\n<\/table>\n<p class=\"ds-markdown-paragraph\">El\u00a0<strong>Cabina de pulverizaci\u00f3n de lujo Autoke 7m con calefacci\u00f3n di\u00e9sel<\/strong>\u00a0est\u00e1 dise\u00f1ada para talleres y centros de choque que requieren una soluci\u00f3n de pintura potente, confiable y duradera en \u00e1reas donde la calefacci\u00f3n el\u00e9ctrica puede ser menos \u00f3ptima o para aplicaciones que exigen un rendimiento robusto. Con un quemador di\u00e9sel de alta eficiencia y una construcci\u00f3n mejorada con elementos de acero inoxidable, esta cabina est\u00e1 dise\u00f1ada para ofrecer resultados consistentes y de alta calidad en entornos profesionales desafiantes.<\/p>\n<p class=\"ds-markdown-paragraph\"><strong>Caracter\u00edsticas principales:<\/strong><\/p>\n<ul>\n<li>\n<p class=\"ds-markdown-paragraph\"><strong>Sistema de calefacci\u00f3n di\u00e9sel de alta eficiencia:<\/strong>\u00a0Equipado con un confiable quemador di\u00e9sel RIELLO G20, que proporciona un calentamiento r\u00e1pido hasta 40\u00b0C en 5-8 minutos y una temperatura m\u00e1xima de horneado de 80\u00b0C, ideal para un curado consistente en diversas condiciones de operaci\u00f3n.<\/p>\n<\/li>\n<li>\n<p class=\"ds-markdown-paragraph\"><strong>Construcci\u00f3n superior y duradera:<\/strong>\u00a0Cuenta con paneles laterales con una capa exterior de chapa de acero inoxidable para una mayor protecci\u00f3n contra la oxidaci\u00f3n y longevidad, combinados con un n\u00facleo aislante resistente al fuego de 5 cm para seguridad y estabilidad de temperatura.<\/p>\n<\/li>\n<li>\n<p class=\"ds-markdown-paragraph\"><strong>Sistema de ventilaci\u00f3n de alta capacidad:<\/strong>\u00a0Una configuraci\u00f3n potente con 2 ventiladores centr\u00edfugos de doble entrada de 4KW (30.000 m\u00b3\/h de entrada total) y un ventilador de escape de 5.5KW (19.000 m\u00b3\/h) que garantiza un intercambio de aire excepcional, extracci\u00f3n de humos y un entorno de pintura limpio.<\/p>\n<\/li>\n<li>\n<p class=\"ds-markdown-paragraph\"><strong>Sistema de control inteligente:<\/strong>\u00a0Panel de control centralizado para facilitar la operaci\u00f3n de iluminaci\u00f3n, pulverizaci\u00f3n, ciclos de horneado, temperatura, temporizador y funciones de parada de emergencia.<\/p>\n<\/li>\n<li>\n<p class=\"ds-markdown-paragraph\"><strong>Filtraci\u00f3n avanzada en tres etapas:<\/strong>\u00a0Filtraci\u00f3n integral con filtro primario, de alta eficiencia en el techo (&gt;98%) y filtros multil\u00e1mina en el suelo para garantizar un acabado sin polvo.<\/p>\n<\/li>\n<li>\n<p class=\"ds-markdown-paragraph\"><strong>Iluminaci\u00f3n profesional LED:<\/strong>\u00a024 luminarias LED de 18W en el techo combinadas con luces LED en las paredes laterales proporcionan una iluminaci\u00f3n brillante, sin sombras y de bajo consumo energ\u00e9tico en el espacio de trabajo.<\/p>\n<\/li>\n<\/ul>\n<p class=\"ds-markdown-paragraph\"><strong>Especificaciones T\u00e9cnicas:<\/strong><\/p>\n<ul>\n<li>\n<p class=\"ds-markdown-paragraph\">Dimensiones exteriores: 7000 (L) x 4000 (An) x 3350 (Al) mm<\/p>\n<\/li>\n<li>\n<p class=\"ds-markdown-paragraph\">Dimensiones internas de trabajo: 6900 (L) x 3900 (An) x 2650 (Al) mm<\/p>\n<\/li>\n<li>\n<p class=\"ds-markdown-paragraph\">Voltaje \/ Frecuencia: 220V \/ 380V, 50Hz<\/p>\n<\/li>\n<li>\n<p class=\"ds-markdown-paragraph\">Potencia total (Modelo de calefacci\u00f3n di\u00e9sel): 15 KW (Componentes el\u00e9ctricos)<\/p>\n<\/li>\n<li>\n<p class=\"ds-markdown-paragraph\">Combustible de calefacci\u00f3n: Di\u00e9sel<\/p>\n<\/li>\n<li>\n<p class=\"ds-markdown-paragraph\">Env\u00edo: ~19 CBM, cabe en un contenedor de 20GP<\/p>\n<\/li>\n<li>\n<p class=\"ds-markdown-paragraph\">Colores est\u00e1ndar: Rojo, Azul, Blanco, Gris, Naranja, etc.<\/p>\n<\/li>\n<\/ul>\n<p class=\"ds-markdown-paragraph\"><strong>Nota de Precios:<\/strong><br \/>\nEl precio listado es para la configuraci\u00f3n est\u00e1ndar. La tarifa final puede variar seg\u00fan los requisitos espec\u00edficos del cliente, necesidades de cumplimiento local o accesorios opcionales. Por favor, consulte con nuestro equipo de ventas t\u00e9cnicas para una cotizaci\u00f3n detallada adaptada a su proyecto.<\/p>","protected":false},"excerpt":{"rendered":"<p>La cabina de pulverizaci\u00f3n de lujo Autoke 7m Diesel ofrece una soluci\u00f3n de pintura potente y confiable para talleres profesionales. Con su eficiente sistema de calefacci\u00f3n di\u00e9sel, construcci\u00f3n robusta reforzada con acero inoxidable y ventilaci\u00f3n de alta capacidad, est\u00e1 dise\u00f1ada para durabilidad y rendimiento constante en aplicaciones de reparaci\u00f3n y acabado automotriz comercial.<\/p>","protected":false},"featured_media":2830,"comment_status":"open","ping_status":"closed","template":"","meta":[],"product_brand":[76],"product_cat":[60,59],"product_tag":[79,73,91,93,63,72,67,69,71,84],"class_list":{"0":"post-3300","1":"product","2":"type-product","3":"status-publish","4":"has-post-thumbnail","6":"product_brand-autoke","7":"product_cat-car-spray-booth","8":"product_cat-spray-booth","9":"product_tag-automotive-spray-booth","10":"product_tag-automotive-spray-booth-manufacturer","11":"product_tag-bus-paint-baking-oven","12":"product_tag-bus-spray-booth-baking-system","13":"product_tag-car-spray-booth","14":"product_tag-car-spray-booth-factory","15":"product_tag-car-spray-booth-manufacturing","16":"product_tag-ce-car-spray-booth","17":"product_tag-competitive-price-spray-booths","18":"product_tag-industrial-coating","20":"first","21":"instock","22":"shipping-taxable","23":"product-type-simple"},"yoast_head":"<!-- This site is optimized with the Yoast SEO plugin v27.4 - https:\/\/yoast.com\/product\/yoast-seo-wordpress\/ -->\n<title>7m Luxury Diesel Heating Spray Booth | Heavy-Duty Automotive Painting System | Industrial Workshop Equipment - Autoke-China Paint Booth Manufacturer<\/title>\n<meta name=\"robots\" content=\"index, follow, max-snippet:-1, max-image-preview:large, max-video-preview:-1\" \/>\n<link rel=\"canonical\" href=\"https:\/\/sprayboothmanufacturer.com\/es\/producto\/7m-luxury-diesel-heating-spray-booth\/\" \/>\n<meta property=\"og:locale\" content=\"es_ES\" \/>\n<meta property=\"og:type\" content=\"article\" \/>\n<meta property=\"og:title\" content=\"7m Luxury Diesel Heating Spray Booth | Heavy-Duty Automotive Painting System | Industrial Workshop Equipment - Autoke-China Paint Booth Manufacturer\" \/>\n<meta property=\"og:description\" content=\"The Autoke 7m Luxury Diesel Spray Booth offers a powerful and dependable painting solution for professional workshops. With its efficient diesel heating system, robust stainless-steel-reinforced construction, and high-capacity ventilation, it is designed for durability and consistent performance in commercial automotive repair and refinishing applications.\" \/>\n<meta property=\"og:url\" content=\"https:\/\/sprayboothmanufacturer.com\/es\/producto\/7m-luxury-diesel-heating-spray-booth\/\" \/>\n<meta property=\"og:site_name\" content=\"Autoke-China Paint Booth Manufacturer\" \/>\n<meta property=\"og:image\" content=\"https:\/\/sprayboothmanufacturer.com\/wp-content\/uploads\/2026\/01\/9401768716608_.pic_.jpg\" \/>\n\t<meta property=\"og:image:width\" content=\"850\" \/>\n\t<meta property=\"og:image:height\" content=\"850\" \/>\n\t<meta property=\"og:image:type\" content=\"image\/jpeg\" \/>\n<meta name=\"twitter:card\" content=\"summary_large_image\" \/>\n<meta name=\"twitter:label1\" content=\"Est. reading time\" \/>\n\t<meta name=\"twitter:data1\" content=\"2 minutos\" \/>\n<script type=\"application\/ld+json\" class=\"yoast-schema-graph\">{\"@context\":\"https:\\\/\\\/schema.org\",\"@graph\":[{\"@type\":\"WebPage\",\"@id\":\"https:\\\/\\\/sprayboothmanufacturer.com\\\/product\\\/7m-luxury-diesel-heating-spray-booth\\\/\",\"url\":\"https:\\\/\\\/sprayboothmanufacturer.com\\\/product\\\/7m-luxury-diesel-heating-spray-booth\\\/\",\"name\":\"7m Luxury Diesel Heating Spray Booth | Heavy-Duty Automotive Painting System | Industrial Workshop Equipment - Autoke-China Paint Booth Manufacturer\",\"isPartOf\":{\"@id\":\"https:\\\/\\\/sprayboothmanufacturer.com\\\/#website\"},\"primaryImageOfPage\":{\"@id\":\"https:\\\/\\\/sprayboothmanufacturer.com\\\/product\\\/7m-luxury-diesel-heating-spray-booth\\\/#primaryimage\"},\"image\":{\"@id\":\"https:\\\/\\\/sprayboothmanufacturer.com\\\/product\\\/7m-luxury-diesel-heating-spray-booth\\\/#primaryimage\"},\"thumbnailUrl\":\"https:\\\/\\\/sprayboothmanufacturer.com\\\/wp-content\\\/uploads\\\/2026\\\/01\\\/9401768716608_.pic_.jpg\",\"datePublished\":\"2026-02-09T03:16:31+00:00\",\"breadcrumb\":{\"@id\":\"https:\\\/\\\/sprayboothmanufacturer.com\\\/product\\\/7m-luxury-diesel-heating-spray-booth\\\/#breadcrumb\"},\"inLanguage\":\"es\",\"potentialAction\":[{\"@type\":\"ReadAction\",\"target\":[\"https:\\\/\\\/sprayboothmanufacturer.com\\\/product\\\/7m-luxury-diesel-heating-spray-booth\\\/\"]}]},{\"@type\":\"ImageObject\",\"inLanguage\":\"es\",\"@id\":\"https:\\\/\\\/sprayboothmanufacturer.com\\\/product\\\/7m-luxury-diesel-heating-spray-booth\\\/#primaryimage\",\"url\":\"https:\\\/\\\/sprayboothmanufacturer.com\\\/wp-content\\\/uploads\\\/2026\\\/01\\\/9401768716608_.pic_.jpg\",\"contentUrl\":\"https:\\\/\\\/sprayboothmanufacturer.com\\\/wp-content\\\/uploads\\\/2026\\\/01\\\/9401768716608_.pic_.jpg\",\"width\":850,\"height\":850},{\"@type\":\"BreadcrumbList\",\"@id\":\"https:\\\/\\\/sprayboothmanufacturer.com\\\/product\\\/7m-luxury-diesel-heating-spray-booth\\\/#breadcrumb\",\"itemListElement\":[{\"@type\":\"ListItem\",\"position\":1,\"name\":\"Home\",\"item\":\"https:\\\/\\\/sprayboothmanufacturer.com\\\/\"},{\"@type\":\"ListItem\",\"position\":2,\"name\":\"\u4ea7\u54c1\",\"item\":\"https:\\\/\\\/sprayboothmanufacturer.com\\\/shop__trashed\\\/\"},{\"@type\":\"ListItem\",\"position\":3,\"name\":\"7m Luxury Diesel Heating Spray Booth | Heavy-Duty Automotive Painting System | Industrial Workshop Equipment\"}]},{\"@type\":\"WebSite\",\"@id\":\"https:\\\/\\\/sprayboothmanufacturer.com\\\/#website\",\"url\":\"https:\\\/\\\/sprayboothmanufacturer.com\\\/\",\"name\":\"Autoke-China Paint Booth Manufacturer\",\"description\":\"\",\"publisher\":{\"@id\":\"https:\\\/\\\/sprayboothmanufacturer.com\\\/#organization\"},\"potentialAction\":[{\"@type\":\"SearchAction\",\"target\":{\"@type\":\"EntryPoint\",\"urlTemplate\":\"https:\\\/\\\/sprayboothmanufacturer.com\\\/?s={search_term_string}\"},\"query-input\":{\"@type\":\"PropertyValueSpecification\",\"valueRequired\":true,\"valueName\":\"search_term_string\"}}],\"inLanguage\":\"es\"},{\"@type\":\"Organization\",\"@id\":\"https:\\\/\\\/sprayboothmanufacturer.com\\\/#organization\",\"name\":\"Autoke-China Paint Booth Manufacturer\",\"url\":\"https:\\\/\\\/sprayboothmanufacturer.com\\\/\",\"logo\":{\"@type\":\"ImageObject\",\"inLanguage\":\"es\",\"@id\":\"https:\\\/\\\/sprayboothmanufacturer.com\\\/#\\\/schema\\\/logo\\\/image\\\/\",\"url\":\"https:\\\/\\\/sprayboothmanufacturer.com\\\/wp-content\\\/uploads\\\/2025\\\/12\\\/\u5fae\u4fe1\u56fe\u7247_20260113195103_1750_4-scaled-e1768394147958.png\",\"contentUrl\":\"https:\\\/\\\/sprayboothmanufacturer.com\\\/wp-content\\\/uploads\\\/2025\\\/12\\\/\u5fae\u4fe1\u56fe\u7247_20260113195103_1750_4-scaled-e1768394147958.png\",\"width\":1740,\"height\":538,\"caption\":\"Autoke-China Paint Booth Manufacturer\"},\"image\":{\"@id\":\"https:\\\/\\\/sprayboothmanufacturer.com\\\/#\\\/schema\\\/logo\\\/image\\\/\"}}]}<\/script>\n<!-- \/ Yoast SEO plugin. -->","yoast_head_json":{"title":"Cabina de pulverizaci\u00f3n de calefacci\u00f3n di\u00e9sel de lujo de 7m | Sistema de pintura automotriz de alta resistencia | Equipo de taller industrial - Fabricante de cabinas de pintura Autoke-China","robots":{"index":"index","follow":"follow","max-snippet":"max-snippet:-1","max-image-preview":"max-image-preview:large","max-video-preview":"max-video-preview:-1"},"canonical":"https:\/\/sprayboothmanufacturer.com\/es\/producto\/7m-luxury-diesel-heating-spray-booth\/","og_locale":"es_ES","og_type":"article","og_title":"7m Luxury Diesel Heating Spray Booth | Heavy-Duty Automotive Painting System | Industrial Workshop Equipment - Autoke-China Paint Booth Manufacturer","og_description":"The Autoke 7m Luxury Diesel Spray Booth offers a powerful and dependable painting solution for professional workshops. With its efficient diesel heating system, robust stainless-steel-reinforced construction, and high-capacity ventilation, it is designed for durability and consistent performance in commercial automotive repair and refinishing applications.","og_url":"https:\/\/sprayboothmanufacturer.com\/es\/producto\/7m-luxury-diesel-heating-spray-booth\/","og_site_name":"Autoke-China Paint Booth Manufacturer","og_image":[{"width":850,"height":850,"url":"https:\/\/sprayboothmanufacturer.com\/wp-content\/uploads\/2026\/01\/9401768716608_.pic_.jpg","type":"image\/jpeg"}],"twitter_card":"summary_large_image","twitter_misc":{"Est. reading time":"2 minutos"},"schema":{"@context":"https:\/\/schema.org","@graph":[{"@type":"WebPage","@id":"https:\/\/sprayboothmanufacturer.com\/product\/7m-luxury-diesel-heating-spray-booth\/","url":"https:\/\/sprayboothmanufacturer.com\/product\/7m-luxury-diesel-heating-spray-booth\/","name":"Cabina de pulverizaci\u00f3n de calefacci\u00f3n di\u00e9sel de lujo de 7m | Sistema de pintura automotriz de alta resistencia | Equipo de taller industrial - Fabricante de cabinas de pintura Autoke-China","isPartOf":{"@id":"https:\/\/sprayboothmanufacturer.com\/#website"},"primaryImageOfPage":{"@id":"https:\/\/sprayboothmanufacturer.com\/product\/7m-luxury-diesel-heating-spray-booth\/#primaryimage"},"image":{"@id":"https:\/\/sprayboothmanufacturer.com\/product\/7m-luxury-diesel-heating-spray-booth\/#primaryimage"},"thumbnailUrl":"https:\/\/sprayboothmanufacturer.com\/wp-content\/uploads\/2026\/01\/9401768716608_.pic_.jpg","datePublished":"2026-02-09T03:16:31+00:00","breadcrumb":{"@id":"https:\/\/sprayboothmanufacturer.com\/product\/7m-luxury-diesel-heating-spray-booth\/#breadcrumb"},"inLanguage":"es","potentialAction":[{"@type":"ReadAction","target":["https:\/\/sprayboothmanufacturer.com\/product\/7m-luxury-diesel-heating-spray-booth\/"]}]},{"@type":"ImageObject","inLanguage":"es","@id":"https:\/\/sprayboothmanufacturer.com\/product\/7m-luxury-diesel-heating-spray-booth\/#primaryimage","url":"https:\/\/sprayboothmanufacturer.com\/wp-content\/uploads\/2026\/01\/9401768716608_.pic_.jpg","contentUrl":"https:\/\/sprayboothmanufacturer.com\/wp-content\/uploads\/2026\/01\/9401768716608_.pic_.jpg","width":850,"height":850},{"@type":"BreadcrumbList","@id":"https:\/\/sprayboothmanufacturer.com\/product\/7m-luxury-diesel-heating-spray-booth\/#breadcrumb","itemListElement":[{"@type":"ListItem","position":1,"name":"Home","item":"https:\/\/sprayboothmanufacturer.com\/"},{"@type":"ListItem","position":2,"name":"\u4ea7\u54c1","item":"https:\/\/sprayboothmanufacturer.com\/shop__trashed\/"},{"@type":"ListItem","position":3,"name":"7m Luxury Diesel Heating Spray Booth | Heavy-Duty Automotive Painting System | Industrial Workshop Equipment"}]},{"@type":"WebSite","@id":"https:\/\/sprayboothmanufacturer.com\/#website","url":"https:\/\/sprayboothmanufacturer.com\/","name":"Fabricante de cabinas de pintura Autoke-China","description":"","publisher":{"@id":"https:\/\/sprayboothmanufacturer.com\/#organization"},"potentialAction":[{"@type":"SearchAction","target":{"@type":"EntryPoint","urlTemplate":"https:\/\/sprayboothmanufacturer.com\/?s={search_term_string}"},"query-input":{"@type":"PropertyValueSpecification","valueRequired":true,"valueName":"search_term_string"}}],"inLanguage":"es"},{"@type":"Organization","@id":"https:\/\/sprayboothmanufacturer.com\/#organization","name":"Fabricante de cabinas de pintura Autoke-China","url":"https:\/\/sprayboothmanufacturer.com\/","logo":{"@type":"ImageObject","inLanguage":"es","@id":"https:\/\/sprayboothmanufacturer.com\/#\/schema\/logo\/image\/","url":"https:\/\/sprayboothmanufacturer.com\/wp-content\/uploads\/2025\/12\/\u5fae\u4fe1\u56fe\u7247_20260113195103_1750_4-scaled-e1768394147958.png","contentUrl":"https:\/\/sprayboothmanufacturer.com\/wp-content\/uploads\/2025\/12\/\u5fae\u4fe1\u56fe\u7247_20260113195103_1750_4-scaled-e1768394147958.png","width":1740,"height":538,"caption":"Autoke-China Paint Booth Manufacturer"},"image":{"@id":"https:\/\/sprayboothmanufacturer.com\/#\/schema\/logo\/image\/"}}]}},"_links":{"self":[{"href":"https:\/\/sprayboothmanufacturer.com\/es\/wp-json\/wp\/v2\/product\/3300","targetHints":{"allow":["GET"]}}],"collection":[{"href":"https:\/\/sprayboothmanufacturer.com\/es\/wp-json\/wp\/v2\/product"}],"about":[{"href":"https:\/\/sprayboothmanufacturer.com\/es\/wp-json\/wp\/v2\/types\/product"}],"replies":[{"embeddable":true,"href":"https:\/\/sprayboothmanufacturer.com\/es\/wp-json\/wp\/v2\/comments?post=3300"}],"version-history":[{"count":1,"href":"https:\/\/sprayboothmanufacturer.com\/es\/wp-json\/wp\/v2\/product\/3300\/revisions"}],"predecessor-version":[{"id":3301,"href":"https:\/\/sprayboothmanufacturer.com\/es\/wp-json\/wp\/v2\/product\/3300\/revisions\/3301"}],"wp:featuredmedia":[{"embeddable":true,"href":"https:\/\/sprayboothmanufacturer.com\/es\/wp-json\/wp\/v2\/media\/2830"}],"wp:attachment":[{"href":"https:\/\/sprayboothmanufacturer.com\/es\/wp-json\/wp\/v2\/media?parent=3300"}],"wp:term":[{"taxonomy":"product_brand","embeddable":true,"href":"https:\/\/sprayboothmanufacturer.com\/es\/wp-json\/wp\/v2\/product_brand?post=3300"},{"taxonomy":"product_cat","embeddable":true,"href":"https:\/\/sprayboothmanufacturer.com\/es\/wp-json\/wp\/v2\/product_cat?post=3300"},{"taxonomy":"product_tag","embeddable":true,"href":"https:\/\/sprayboothmanufacturer.com\/es\/wp-json\/wp\/v2\/product_tag?post=3300"}],"curies":[{"name":"wp","href":"https:\/\/api.w.org\/{rel}","templated":true}]}}