{"id":3296,"date":"2026-02-07T06:29:07","date_gmt":"2026-02-07T06:29:07","guid":{"rendered":"https:\/\/sprayboothmanufacturer.com\/?post_type=product&#038;p=3296"},"modified":"2026-02-07T06:29:08","modified_gmt":"2026-02-07T06:29:08","slug":"7m-luxury-gas-heating-spray-booth","status":"publish","type":"product","link":"https:\/\/sprayboothmanufacturer.com\/es\/product\/7m-luxury-gas-heating-spray-booth\/","title":{"rendered":"Cabina de pulverizaci\u00f3n de lujo con calefacci\u00f3n de gas de 7m | Equipo de pintura automotriz industrial | Sistema de calefacci\u00f3n de gas | Suministro directo de f\u00e1brica"},"content":{"rendered":"<table style=\"height: 263px;\" width=\"813\">\n<tbody>\n<tr>\n<td width=\"142\"><strong><b>Cantidad m\u00ednima de pedido :<\/b><\/strong><\/td>\n<td width=\"142\">1 pieza<\/td>\n<td width=\"142\"><strong><b>Precio :<\/b><\/strong><\/td>\n<td width=\"142\">A negociar<\/td>\n<\/tr>\n<tr>\n<td width=\"142\"><strong><b>Detalles del embalaje :<\/b><\/strong><\/td>\n<td width=\"142\">40G o 20GP\/unidad<\/td>\n<td width=\"142\"><strong><b>Tiempo de entrega :<\/b><\/strong><\/td>\n<td width=\"142\">15 d\u00edas a negociar<\/td>\n<\/tr>\n<tr>\n<td width=\"142\"><strong><b>Condiciones de pago :<\/b><\/strong><\/td>\n<td width=\"142\">L\/C, T\/T<\/td>\n<td width=\"142\"><strong><b>Capacidad de suministro :<\/b><\/strong><\/td>\n<td width=\"142\">50 unidades por mes, cabina de pulverizaci\u00f3n industrial, cabina de pulverizaci\u00f3n para autobuses<\/td>\n<\/tr>\n<tr>\n<td width=\"142\"><strong><b>Lugar de origen:<\/b><\/strong><\/td>\n<td width=\"142\">Jiangsu, China<\/td>\n<td width=\"142\"><strong><b>Nombre de la marca:<\/b><\/strong><\/td>\n<td width=\"142\">Autoke<\/td>\n<\/tr>\n<tr>\n<td width=\"142\"><strong><b>Certificaci\u00f3n:<\/b><\/strong><\/td>\n<td width=\"142\">CE<\/td>\n<td width=\"142\"><strong><b>N\u00famero de modelo:<\/b><\/strong><\/td>\n<td width=\"142\">ATK-7M-L-G<\/td>\n<\/tr>\n<\/tbody>\n<\/table>\n<p class=\"ds-markdown-paragraph\">El\u00a0<strong>Cabina de pulverizaci\u00f3n de lujo Autoke 7m con calefacci\u00f3n de gas<\/strong>\u00a0es un sistema de pintura de alta eficiencia dise\u00f1ado para talleres de reparaci\u00f3n automotriz, centros de pintura de carrocer\u00eda y instalaciones de pintura comercial. Utilizando un sistema de calefacci\u00f3n de gas (di\u00e9sel), cuenta con calentamiento r\u00e1pido, control de temperatura estable y bajo consumo energ\u00e9tico, lo que lo hace ideal para pintar y hornear veh\u00edculos medianos a grandes.<\/p>\n<h4><strong>Caracter\u00edsticas principales:<\/strong><\/h4>\n<ul>\n<li>\n<p class=\"ds-markdown-paragraph\">\u2705\u00a0<strong>Sistema de calefacci\u00f3n de gas<\/strong>: Equipado con un quemador di\u00e9sel RIELLO G20, alcanza hasta 40\u2103 en 5\u20138 minutos, con una temperatura m\u00e1xima de horneado de 80\u2103. Eficiente en energ\u00eda y potente.<\/p>\n<\/li>\n<li>\n<p class=\"ds-markdown-paragraph\">\u2705\u00a0<strong>Sistema de ventilaci\u00f3n de alta capacidad<\/strong>: Ventiladores centr\u00edfugos de doble entrada de 2\u00d74KW + ventilador de extracci\u00f3n de 3KW, con una capacidad total de aire de 25,000 m\u00b3\/h, asegurando circulaci\u00f3n de aire fresco y extracci\u00f3n r\u00e1pida de humos.<\/p>\n<\/li>\n<li>\n<p class=\"ds-markdown-paragraph\">\u2705\u00a0<strong>Sistema de Control Inteligente<\/strong>: Controles integrados para pulverizaci\u00f3n, horneado, temperatura, temporizador y parada de emergencia. Operaci\u00f3n segura y f\u00e1cil de usar.<\/p>\n<\/li>\n<li>\n<p class=\"ds-markdown-paragraph\">\u2705\u00a0<strong>Sistema de filtraci\u00f3n en m\u00faltiples etapas<\/strong>: Eficiencia del filtro de techo &gt;98%, filtros de fibra de vidrio en m\u00faltiples capas en el suelo, capturando eficazmente el polvo para garantizar una calidad superior en el acabado de la pintura.<\/p>\n<\/li>\n<li>\n<p class=\"ds-markdown-paragraph\">\u2705\u00a0<strong>Construcci\u00f3n duradera<\/strong>: Paneles de pared resistentes al fuego de doble capa de 5cm, techo de acero galvanizado, suelo de rejilla de acero galvanizado elevado con excelente capacidad de carga.<\/p>\n<\/li>\n<li>\n<p class=\"ds-markdown-paragraph\">\u2705\u00a0<strong>Sistema de iluminaci\u00f3n LED completo<\/strong>: 24 conjuntos de luces en el techo + luces LED en las paredes laterales, proporcionando una iluminaci\u00f3n uniforme y sin sombras para trabajos de precisi\u00f3n.<\/p>\n<\/li>\n<\/ul>\n<h4><strong>Aplicaciones:<\/strong><\/h4>\n<ul>\n<li>\n<p class=\"ds-markdown-paragraph\">Talleres de reparaci\u00f3n automotriz y carrocer\u00eda<\/p>\n<\/li>\n<li>\n<p class=\"ds-markdown-paragraph\">Centros de pintura de veh\u00edculos comerciales<\/p>\n<\/li>\n<li>\n<p class=\"ds-markdown-paragraph\">L\u00edneas de recubrimiento de equipos industriales<\/p>\n<\/li>\n<li>\n<p class=\"ds-markdown-paragraph\">Centros de servicio de reparaci\u00f3n de colisiones y carrocer\u00eda<\/p>\n<\/li>\n<li>\n<p class=\"ds-markdown-paragraph\">Estaciones de mantenimiento de veh\u00edculos de tama\u00f1o mediano<\/p>\n<\/li>\n<\/ul>\n<h4><strong>Especificaciones T\u00e9cnicas:<\/strong><\/h4>\n<ul>\n<li>\n<p class=\"ds-markdown-paragraph\">Dimensiones Exteriores: 7000 \u00d7 4000 \u00d7 3350 mm<\/p>\n<\/li>\n<li>\n<p class=\"ds-markdown-paragraph\">Dimensiones Interiores: 6900 \u00d7 3900 \u00d7 2650 mm<\/p>\n<\/li>\n<li>\n<p class=\"ds-markdown-paragraph\">Voltaje\/Frecuencia: 220V\/380V, 50Hz<\/p>\n<\/li>\n<li>\n<p class=\"ds-markdown-paragraph\">Volumen del Paquete: 19 CBM, recomendado contenedor de 20GP<\/p>\n<\/li>\n<li>\n<p class=\"ds-markdown-paragraph\">Colores Disponibles: Rojo, Azul, Blanco, Gris, Naranja, etc.<\/p>\n<\/li>\n<\/ul>\n<h4><strong>Nota de Precios:<\/strong><\/h4>\n<p class=\"ds-markdown-paragraph\">El precio listado es para la configuraci\u00f3n est\u00e1ndar. La tarifa final est\u00e1 sujeta a personalizaci\u00f3n seg\u00fan los requisitos espec\u00edficos del cliente, como adaptaci\u00f3n al tipo de combustible, selecci\u00f3n de color y accesorios adicionales. Por favor, contacte a nuestro equipo t\u00e9cnico para una soluci\u00f3n a medida y cotizaci\u00f3n final.<\/p>","protected":false},"excerpt":{"rendered":"<p>La cabina de pulverizaci\u00f3n de lujo Autoke 7m con calefacci\u00f3n de gas es dise\u00f1ada para reparaci\u00f3n automotriz comercial y pintura industrial. Con un sistema de calefacci\u00f3n de gas eficiente, control de temperatura inteligente, filtraci\u00f3n en m\u00faltiples etapas y ventilaci\u00f3n potente, garantiza un ambiente de pintura limpio y estable. Construida con una estructura robusta, es ideal para talleres medianos a grandes y centros de servicio. Se ofrecen configuraciones personalizadas y soluciones integrales de pintura.<\/p>","protected":false},"featured_media":2825,"comment_status":"open","ping_status":"closed","template":"","meta":[],"product_brand":[76],"product_cat":[60,59],"product_tag":[79,73,93,72,67,69,94,68,80],"class_list":{"0":"post-3296","1":"product","2":"type-product","3":"status-publish","4":"has-post-thumbnail","6":"product_brand-autoke","7":"product_cat-car-spray-booth","8":"product_cat-spray-booth","9":"product_tag-automotive-spray-booth","10":"product_tag-automotive-spray-booth-manufacturer","11":"product_tag-bus-spray-booth-baking-system","12":"product_tag-car-spray-booth-factory","13":"product_tag-car-spray-booth-manufacturing","14":"product_tag-ce-car-spray-booth","15":"product_tag-commercial-vehicle-paint-curing-oven","16":"product_tag-customized-car-spray-booth","17":"product_tag-industrial-paint-booth","19":"first","20":"instock","21":"shipping-taxable","22":"product-type-simple"},"yoast_head":"<!-- This site is optimized with the Yoast SEO plugin v27.4 - https:\/\/yoast.com\/product\/yoast-seo-wordpress\/ -->\n<title>7m Luxury Gas Heating Spray Booth | Industrial Automotive Painting Equipment | Gas Heating System | Factory Direct Supply - Autoke-China Paint Booth Manufacturer<\/title>\n<meta name=\"robots\" content=\"index, follow, max-snippet:-1, max-image-preview:large, max-video-preview:-1\" \/>\n<link rel=\"canonical\" href=\"https:\/\/sprayboothmanufacturer.com\/es\/producto\/7m-luxury-gas-heating-spray-booth\/\" \/>\n<meta property=\"og:locale\" content=\"es_ES\" \/>\n<meta property=\"og:type\" content=\"article\" \/>\n<meta property=\"og:title\" content=\"7m Luxury Gas Heating Spray Booth | Industrial Automotive Painting Equipment | Gas Heating System | Factory Direct Supply - Autoke-China Paint Booth Manufacturer\" \/>\n<meta property=\"og:description\" content=\"The Autoke 7m Luxury Gas Heating Spray Booth is designed for commercial automotive repair and industrial painting. Featuring an efficient gas heating system, intelligent temperature control, multi-stage filtration, and powerful ventilation, it ensures a clean and stable painting environment. Built with a robust structure, it is ideal for medium to large workshops and service centers. Custom configurations and one-stop painting solutions are available.\" \/>\n<meta property=\"og:url\" content=\"https:\/\/sprayboothmanufacturer.com\/es\/producto\/7m-luxury-gas-heating-spray-booth\/\" \/>\n<meta property=\"og:site_name\" content=\"Autoke-China Paint Booth Manufacturer\" \/>\n<meta property=\"article:modified_time\" content=\"2026-02-07T06:29:08+00:00\" \/>\n<meta property=\"og:image\" content=\"https:\/\/sprayboothmanufacturer.com\/wp-content\/uploads\/2026\/01\/9451768716625_.pic_.jpg\" \/>\n\t<meta property=\"og:image:width\" content=\"1280\" \/>\n\t<meta property=\"og:image:height\" content=\"960\" \/>\n\t<meta property=\"og:image:type\" content=\"image\/jpeg\" \/>\n<meta name=\"twitter:card\" content=\"summary_large_image\" \/>\n<meta name=\"twitter:label1\" content=\"Est. reading time\" \/>\n\t<meta name=\"twitter:data1\" content=\"2 minutos\" \/>\n<script type=\"application\/ld+json\" class=\"yoast-schema-graph\">{\"@context\":\"https:\\\/\\\/schema.org\",\"@graph\":[{\"@type\":\"WebPage\",\"@id\":\"https:\\\/\\\/sprayboothmanufacturer.com\\\/product\\\/7m-luxury-gas-heating-spray-booth\\\/\",\"url\":\"https:\\\/\\\/sprayboothmanufacturer.com\\\/product\\\/7m-luxury-gas-heating-spray-booth\\\/\",\"name\":\"7m Luxury Gas Heating Spray Booth | Industrial Automotive Painting Equipment | Gas Heating System | Factory Direct Supply - Autoke-China Paint Booth Manufacturer\",\"isPartOf\":{\"@id\":\"https:\\\/\\\/sprayboothmanufacturer.com\\\/#website\"},\"primaryImageOfPage\":{\"@id\":\"https:\\\/\\\/sprayboothmanufacturer.com\\\/product\\\/7m-luxury-gas-heating-spray-booth\\\/#primaryimage\"},\"image\":{\"@id\":\"https:\\\/\\\/sprayboothmanufacturer.com\\\/product\\\/7m-luxury-gas-heating-spray-booth\\\/#primaryimage\"},\"thumbnailUrl\":\"https:\\\/\\\/sprayboothmanufacturer.com\\\/wp-content\\\/uploads\\\/2026\\\/01\\\/9451768716625_.pic_.jpg\",\"datePublished\":\"2026-02-07T06:29:07+00:00\",\"dateModified\":\"2026-02-07T06:29:08+00:00\",\"breadcrumb\":{\"@id\":\"https:\\\/\\\/sprayboothmanufacturer.com\\\/product\\\/7m-luxury-gas-heating-spray-booth\\\/#breadcrumb\"},\"inLanguage\":\"es\",\"potentialAction\":[{\"@type\":\"ReadAction\",\"target\":[\"https:\\\/\\\/sprayboothmanufacturer.com\\\/product\\\/7m-luxury-gas-heating-spray-booth\\\/\"]}]},{\"@type\":\"ImageObject\",\"inLanguage\":\"es\",\"@id\":\"https:\\\/\\\/sprayboothmanufacturer.com\\\/product\\\/7m-luxury-gas-heating-spray-booth\\\/#primaryimage\",\"url\":\"https:\\\/\\\/sprayboothmanufacturer.com\\\/wp-content\\\/uploads\\\/2026\\\/01\\\/9451768716625_.pic_.jpg\",\"contentUrl\":\"https:\\\/\\\/sprayboothmanufacturer.com\\\/wp-content\\\/uploads\\\/2026\\\/01\\\/9451768716625_.pic_.jpg\",\"width\":1280,\"height\":960,\"caption\":\"Automotive Paint Booth\"},{\"@type\":\"BreadcrumbList\",\"@id\":\"https:\\\/\\\/sprayboothmanufacturer.com\\\/product\\\/7m-luxury-gas-heating-spray-booth\\\/#breadcrumb\",\"itemListElement\":[{\"@type\":\"ListItem\",\"position\":1,\"name\":\"Home\",\"item\":\"https:\\\/\\\/sprayboothmanufacturer.com\\\/\"},{\"@type\":\"ListItem\",\"position\":2,\"name\":\"\u4ea7\u54c1\",\"item\":\"https:\\\/\\\/sprayboothmanufacturer.com\\\/shop__trashed\\\/\"},{\"@type\":\"ListItem\",\"position\":3,\"name\":\"7m Luxury Gas Heating Spray Booth | Industrial Automotive Painting Equipment | Gas Heating System | Factory Direct Supply\"}]},{\"@type\":\"WebSite\",\"@id\":\"https:\\\/\\\/sprayboothmanufacturer.com\\\/#website\",\"url\":\"https:\\\/\\\/sprayboothmanufacturer.com\\\/\",\"name\":\"Autoke-China Paint Booth Manufacturer\",\"description\":\"\",\"publisher\":{\"@id\":\"https:\\\/\\\/sprayboothmanufacturer.com\\\/#organization\"},\"potentialAction\":[{\"@type\":\"SearchAction\",\"target\":{\"@type\":\"EntryPoint\",\"urlTemplate\":\"https:\\\/\\\/sprayboothmanufacturer.com\\\/?s={search_term_string}\"},\"query-input\":{\"@type\":\"PropertyValueSpecification\",\"valueRequired\":true,\"valueName\":\"search_term_string\"}}],\"inLanguage\":\"es\"},{\"@type\":\"Organization\",\"@id\":\"https:\\\/\\\/sprayboothmanufacturer.com\\\/#organization\",\"name\":\"Autoke-China Paint Booth Manufacturer\",\"url\":\"https:\\\/\\\/sprayboothmanufacturer.com\\\/\",\"logo\":{\"@type\":\"ImageObject\",\"inLanguage\":\"es\",\"@id\":\"https:\\\/\\\/sprayboothmanufacturer.com\\\/#\\\/schema\\\/logo\\\/image\\\/\",\"url\":\"https:\\\/\\\/sprayboothmanufacturer.com\\\/wp-content\\\/uploads\\\/2025\\\/12\\\/\u5fae\u4fe1\u56fe\u7247_20260113195103_1750_4-scaled-e1768394147958.png\",\"contentUrl\":\"https:\\\/\\\/sprayboothmanufacturer.com\\\/wp-content\\\/uploads\\\/2025\\\/12\\\/\u5fae\u4fe1\u56fe\u7247_20260113195103_1750_4-scaled-e1768394147958.png\",\"width\":1740,\"height\":538,\"caption\":\"Autoke-China Paint Booth Manufacturer\"},\"image\":{\"@id\":\"https:\\\/\\\/sprayboothmanufacturer.com\\\/#\\\/schema\\\/logo\\\/image\\\/\"}}]}<\/script>\n<!-- \/ Yoast SEO plugin. -->","yoast_head_json":{"title":"Cabina de Pintura de Gas de Lujo de 7m | Equipo Industrial de Pintura Automotriz | Sistema de Calefacci\u00f3n a Gas | Suministro Directo de F\u00e1brica - Fabricante de Cabinas de Pintura Autoke-China","robots":{"index":"index","follow":"follow","max-snippet":"max-snippet:-1","max-image-preview":"max-image-preview:large","max-video-preview":"max-video-preview:-1"},"canonical":"https:\/\/sprayboothmanufacturer.com\/es\/producto\/7m-luxury-gas-heating-spray-booth\/","og_locale":"es_ES","og_type":"article","og_title":"7m Luxury Gas Heating Spray Booth | Industrial Automotive Painting Equipment | Gas Heating System | Factory Direct Supply - Autoke-China Paint Booth Manufacturer","og_description":"The Autoke 7m Luxury Gas Heating Spray Booth is designed for commercial automotive repair and industrial painting. Featuring an efficient gas heating system, intelligent temperature control, multi-stage filtration, and powerful ventilation, it ensures a clean and stable painting environment. Built with a robust structure, it is ideal for medium to large workshops and service centers. Custom configurations and one-stop painting solutions are available.","og_url":"https:\/\/sprayboothmanufacturer.com\/es\/producto\/7m-luxury-gas-heating-spray-booth\/","og_site_name":"Autoke-China Paint Booth Manufacturer","article_modified_time":"2026-02-07T06:29:08+00:00","og_image":[{"width":1280,"height":960,"url":"https:\/\/sprayboothmanufacturer.com\/wp-content\/uploads\/2026\/01\/9451768716625_.pic_.jpg","type":"image\/jpeg"}],"twitter_card":"summary_large_image","twitter_misc":{"Est. reading time":"2 minutos"},"schema":{"@context":"https:\/\/schema.org","@graph":[{"@type":"WebPage","@id":"https:\/\/sprayboothmanufacturer.com\/product\/7m-luxury-gas-heating-spray-booth\/","url":"https:\/\/sprayboothmanufacturer.com\/product\/7m-luxury-gas-heating-spray-booth\/","name":"Cabina de Pintura de Gas de Lujo de 7m | Equipo Industrial de Pintura Automotriz | Sistema de Calefacci\u00f3n a Gas | Suministro Directo de F\u00e1brica - Fabricante de Cabinas de Pintura Autoke-China","isPartOf":{"@id":"https:\/\/sprayboothmanufacturer.com\/#website"},"primaryImageOfPage":{"@id":"https:\/\/sprayboothmanufacturer.com\/product\/7m-luxury-gas-heating-spray-booth\/#primaryimage"},"image":{"@id":"https:\/\/sprayboothmanufacturer.com\/product\/7m-luxury-gas-heating-spray-booth\/#primaryimage"},"thumbnailUrl":"https:\/\/sprayboothmanufacturer.com\/wp-content\/uploads\/2026\/01\/9451768716625_.pic_.jpg","datePublished":"2026-02-07T06:29:07+00:00","dateModified":"2026-02-07T06:29:08+00:00","breadcrumb":{"@id":"https:\/\/sprayboothmanufacturer.com\/product\/7m-luxury-gas-heating-spray-booth\/#breadcrumb"},"inLanguage":"es","potentialAction":[{"@type":"ReadAction","target":["https:\/\/sprayboothmanufacturer.com\/product\/7m-luxury-gas-heating-spray-booth\/"]}]},{"@type":"ImageObject","inLanguage":"es","@id":"https:\/\/sprayboothmanufacturer.com\/product\/7m-luxury-gas-heating-spray-booth\/#primaryimage","url":"https:\/\/sprayboothmanufacturer.com\/wp-content\/uploads\/2026\/01\/9451768716625_.pic_.jpg","contentUrl":"https:\/\/sprayboothmanufacturer.com\/wp-content\/uploads\/2026\/01\/9451768716625_.pic_.jpg","width":1280,"height":960,"caption":"Automotive Paint Booth"},{"@type":"BreadcrumbList","@id":"https:\/\/sprayboothmanufacturer.com\/product\/7m-luxury-gas-heating-spray-booth\/#breadcrumb","itemListElement":[{"@type":"ListItem","position":1,"name":"Home","item":"https:\/\/sprayboothmanufacturer.com\/"},{"@type":"ListItem","position":2,"name":"\u4ea7\u54c1","item":"https:\/\/sprayboothmanufacturer.com\/shop__trashed\/"},{"@type":"ListItem","position":3,"name":"7m Luxury Gas Heating Spray Booth | Industrial Automotive Painting Equipment | Gas Heating System | Factory Direct Supply"}]},{"@type":"WebSite","@id":"https:\/\/sprayboothmanufacturer.com\/#website","url":"https:\/\/sprayboothmanufacturer.com\/","name":"Fabricante de cabinas de pintura Autoke-China","description":"","publisher":{"@id":"https:\/\/sprayboothmanufacturer.com\/#organization"},"potentialAction":[{"@type":"SearchAction","target":{"@type":"EntryPoint","urlTemplate":"https:\/\/sprayboothmanufacturer.com\/?s={search_term_string}"},"query-input":{"@type":"PropertyValueSpecification","valueRequired":true,"valueName":"search_term_string"}}],"inLanguage":"es"},{"@type":"Organization","@id":"https:\/\/sprayboothmanufacturer.com\/#organization","name":"Fabricante de cabinas de pintura Autoke-China","url":"https:\/\/sprayboothmanufacturer.com\/","logo":{"@type":"ImageObject","inLanguage":"es","@id":"https:\/\/sprayboothmanufacturer.com\/#\/schema\/logo\/image\/","url":"https:\/\/sprayboothmanufacturer.com\/wp-content\/uploads\/2025\/12\/\u5fae\u4fe1\u56fe\u7247_20260113195103_1750_4-scaled-e1768394147958.png","contentUrl":"https:\/\/sprayboothmanufacturer.com\/wp-content\/uploads\/2025\/12\/\u5fae\u4fe1\u56fe\u7247_20260113195103_1750_4-scaled-e1768394147958.png","width":1740,"height":538,"caption":"Autoke-China Paint Booth Manufacturer"},"image":{"@id":"https:\/\/sprayboothmanufacturer.com\/#\/schema\/logo\/image\/"}}]}},"_links":{"self":[{"href":"https:\/\/sprayboothmanufacturer.com\/es\/wp-json\/wp\/v2\/product\/3296","targetHints":{"allow":["GET"]}}],"collection":[{"href":"https:\/\/sprayboothmanufacturer.com\/es\/wp-json\/wp\/v2\/product"}],"about":[{"href":"https:\/\/sprayboothmanufacturer.com\/es\/wp-json\/wp\/v2\/types\/product"}],"replies":[{"embeddable":true,"href":"https:\/\/sprayboothmanufacturer.com\/es\/wp-json\/wp\/v2\/comments?post=3296"}],"version-history":[{"count":1,"href":"https:\/\/sprayboothmanufacturer.com\/es\/wp-json\/wp\/v2\/product\/3296\/revisions"}],"predecessor-version":[{"id":3297,"href":"https:\/\/sprayboothmanufacturer.com\/es\/wp-json\/wp\/v2\/product\/3296\/revisions\/3297"}],"wp:featuredmedia":[{"embeddable":true,"href":"https:\/\/sprayboothmanufacturer.com\/es\/wp-json\/wp\/v2\/media\/2825"}],"wp:attachment":[{"href":"https:\/\/sprayboothmanufacturer.com\/es\/wp-json\/wp\/v2\/media?parent=3296"}],"wp:term":[{"taxonomy":"product_brand","embeddable":true,"href":"https:\/\/sprayboothmanufacturer.com\/es\/wp-json\/wp\/v2\/product_brand?post=3296"},{"taxonomy":"product_cat","embeddable":true,"href":"https:\/\/sprayboothmanufacturer.com\/es\/wp-json\/wp\/v2\/product_cat?post=3296"},{"taxonomy":"product_tag","embeddable":true,"href":"https:\/\/sprayboothmanufacturer.com\/es\/wp-json\/wp\/v2\/product_tag?post=3296"}],"curies":[{"name":"wp","href":"https:\/\/api.w.org\/{rel}","templated":true}]}}