{"id":3290,"date":"2026-02-07T05:19:13","date_gmt":"2026-02-07T05:19:13","guid":{"rendered":"https:\/\/sprayboothmanufacturer.com\/?post_type=product&#038;p=3290"},"modified":"2026-02-07T05:19:13","modified_gmt":"2026-02-07T05:19:13","slug":"7m-luxury-diesel-spray-booth-2","status":"publish","type":"product","link":"https:\/\/sprayboothmanufacturer.com\/es\/product\/7m-luxury-diesel-spray-booth-2\/","title":{"rendered":"ATK-7000-DH-PRO Cabina de pulverizaci\u00f3n de lujo de 7 m a di\u00e9sel | Equipo profesional de reparaci\u00f3n y pintura de autom\u00f3viles | Soluci\u00f3n de calefacci\u00f3n eficiente de grado industrial | Personalizable | Directo de f\u00e1brica"},"content":{"rendered":"<table style=\"height: 214px;\" width=\"781\">\n<tbody>\n<tr>\n<td width=\"142\"><strong><b>Cantidad m\u00ednima de pedido :<\/b><\/strong><\/td>\n<td width=\"142\">1 pieza<\/td>\n<td width=\"142\"><strong><b>Precio :<\/b><\/strong><\/td>\n<td width=\"142\">A negociar<\/td>\n<\/tr>\n<tr>\n<td width=\"142\"><strong><b>Detalles del embalaje :<\/b><\/strong><\/td>\n<td width=\"142\">40G o 20GP\/unidad<\/td>\n<td width=\"142\"><strong><b>Tiempo de entrega :<\/b><\/strong><\/td>\n<td width=\"142\">15 d\u00edas a negociar<\/td>\n<\/tr>\n<tr>\n<td width=\"142\"><strong><b>Condiciones de pago :<\/b><\/strong><\/td>\n<td width=\"142\">L\/C, T\/T<\/td>\n<td width=\"142\"><strong><b>Capacidad de suministro :<\/b><\/strong><\/td>\n<td width=\"142\">50 unidades por mes, cabina de pulverizaci\u00f3n industrial, cabina de pulverizaci\u00f3n para autobuses<\/td>\n<\/tr>\n<tr>\n<td width=\"142\"><strong><b>Lugar de origen:<\/b><\/strong><\/td>\n<td width=\"142\">Jiangsu, China<\/td>\n<td width=\"142\"><strong><b>Nombre de la marca:<\/b><\/strong><\/td>\n<td width=\"142\">Autoke<\/td>\n<\/tr>\n<tr>\n<td width=\"142\"><strong><b>Certificaci\u00f3n:<\/b><\/strong><\/td>\n<td width=\"142\">CE<\/td>\n<td width=\"142\"><strong><b>N\u00famero de modelo:<\/b><\/strong><\/td>\n<td width=\"142\">ATK-7000-DH-PRO<\/td>\n<\/tr>\n<\/tbody>\n<\/table>\n<p class=\"ds-markdown-paragraph\"><strong>Cabina de pulverizaci\u00f3n de lujo di\u00e9sel de 7m ATK-7000-DH-PRO<\/strong><\/p>\n<p class=\"ds-markdown-paragraph\">Este producto es una cabina de pulverizaci\u00f3n di\u00e9sel de grado profesional, robusta y de alto rendimiento, adecuada para centros de reparaci\u00f3n automotriz, talleres de carrocer\u00eda profesionales y l\u00edneas de producci\u00f3n de recubrimiento industrial. Integra un eficiente sistema de calefacci\u00f3n di\u00e9sel RIELLO G20 con ventilaci\u00f3n potente y filtraci\u00f3n de aire precisa para ofrecer una soluci\u00f3n de pintura confiable, que ahorra energ\u00eda y respeta el medio ambiente, ideal para operaciones continuas de volumen medio a alto.<\/p>\n<p class=\"ds-markdown-paragraph\"><strong>Caracter\u00edsticas principales y ventajas:<\/strong><\/p>\n<p class=\"ds-markdown-paragraph\">\ud83d\udd25\u00a0<strong>Sistema de calefacci\u00f3n di\u00e9sel de alta eficiencia<\/strong><\/p>\n<ul>\n<li>\n<p class=\"ds-markdown-paragraph\">Equipado con un\u00a0<strong>quemador di\u00e9sel RIELLO G20<\/strong>\u00a0para un calentamiento r\u00e1pido y estable, alcanzando\u00a0<strong>40\u00b0C en 5\u20138 minutos<\/strong>\u00a0y una temperatura m\u00e1xima de horneado de\u00a0<strong>80\u00b0C<\/strong>.<\/p>\n<\/li>\n<li>\n<p class=\"ds-markdown-paragraph\">Adecuado para diversos procesos de pintura y curado, con fuerte adaptabilidad al combustible y costos operativos econ\u00f3micos.<\/p>\n<\/li>\n<\/ul>\n<p class=\"ds-markdown-paragraph\">\ud83d\udca8\u00a0<strong>Ventilaci\u00f3n potente y flujo de aire<\/strong><\/p>\n<ul>\n<li>\n<p class=\"ds-markdown-paragraph\"><strong>Suministro de aire:<\/strong>\u00a02\u00d74KW ventiladores centr\u00edfugos de doble entrada proporcionan un suministro total de aire de\u00a0<strong>30,000 m\u00b3\/h<\/strong>, asegurando un flujo de aire suficiente y uniforme dentro de la cabina.<\/p>\n<\/li>\n<li>\n<p class=\"ds-markdown-paragraph\"><strong>Sistema de escape:<\/strong>\u00a0Un ventilador centr\u00edfugo de alta eficiencia de 1\u00d75.5KW elimina niebla de pintura y compuestos vol\u00e1tiles en\u00a0<strong>19.000 m\u00b3\/h<\/strong>, manteniendo un entorno de trabajo seguro.<\/p>\n<\/li>\n<\/ul>\n<p class=\"ds-markdown-paragraph\">\ud83c\udf2b\ufe0f\u00a0<strong>Filtraci\u00f3n de aire de precisi\u00f3n en tres etapas<\/strong><\/p>\n<ul>\n<li>\n<p class=\"ds-markdown-paragraph\"><strong>Filtro primario:<\/strong>\u00a0Captura part\u00edculas &gt;10\u03bcm con una eficiencia &gt;90%.<\/p>\n<\/li>\n<li>\n<p class=\"ds-markdown-paragraph\"><strong>Filtro de techo de alta eficiencia (blanco):<\/strong>\u00a0Filtra part\u00edculas &gt;4\u03bcm con una eficiencia &gt;98%, asegurando aire entrante limpio.<\/p>\n<\/li>\n<li>\n<p class=\"ds-markdown-paragraph\"><strong>Filtro de suelo (azul):<\/strong>\u00a0Estructura de fibra de vidrio multicapa con una eficiencia de filtraci\u00f3n &gt;90%, recogiendo eficazmente el sobrepulverizado.<\/p>\n<\/li>\n<li>\n<p class=\"ds-markdown-paragraph\">Garantiza de manera integral un entorno de pintura limpio y mejora la calidad del acabado.<\/p>\n<\/li>\n<\/ul>\n<p class=\"ds-markdown-paragraph\">\ud83c\udfd7\ufe0f\u00a0<strong>Construcci\u00f3n de grado industrial<\/strong><\/p>\n<ul>\n<li>\n<p class=\"ds-markdown-paragraph\"><strong>Paredes:<\/strong>\u00a0Paneles aislantes de acero recubierto de doble capa resistentes al fuego, rellenos con lana de roca de alta densidad 100kg\/m\u00b3, para un excelente aislamiento t\u00e9rmico, insonorizaci\u00f3n y resistencia al fuego.<\/p>\n<\/li>\n<li>\n<p class=\"ds-markdown-paragraph\"><strong>Suelo:<\/strong>\u00a0Plataforma elevada de 300mm de altura hecha de l\u00e1minas de acero galvanizado con rejillas de acero galvanizado y pasarelas. Capacidad de carga total\u00a0<strong>\u22655 toneladas<\/strong>\u00a0para durabilidad.<\/p>\n<\/li>\n<li>\n<p class=\"ds-markdown-paragraph\"><strong>Caja de ventilador:<\/strong>\u00a0Construido con chapa galvanizada de 1 mm con refuerzo de tubo cuadrado interno y recubrimiento en spray externo para estabilidad estructural.<\/p>\n<\/li>\n<\/ul>\n<p class=\"ds-markdown-paragraph\">\ud83d\udeaa\u00a0<strong>Puertas de acceso amplio para entrada\/salida f\u00e1cil<\/strong><\/p>\n<ul>\n<li>\n<p class=\"ds-markdown-paragraph\">Tres puertas frontales con un ancho total de\u00a0<strong>3000mm<\/strong>, equipadas con vidrio resistente a altas temperaturas de 5 mm para un acceso suave de veh\u00edculos y componentes medianos a grandes.<\/p>\n<\/li>\n<li>\n<p class=\"ds-markdown-paragraph\">Se incluye una puerta de seguridad lateral (60\u00d7180cm) para acceso r\u00e1pido del personal y operaciones de emergencia.<\/p>\n<\/li>\n<\/ul>\n<p class=\"ds-markdown-paragraph\">\ud83d\udcdf\u00a0<strong>Sistema de Control Integrado Inteligente<\/strong><\/p>\n<ul>\n<li>\n<p class=\"ds-markdown-paragraph\">Integra\u00a0<strong>funciones de pintura, horneado, temporizador, control de temperatura, iluminaci\u00f3n y parada de emergencia<\/strong>\u00a0funciones.<\/p>\n<\/li>\n<li>\n<p class=\"ds-markdown-paragraph\">Cuenta con una interfaz clara e intuitiva que soporta la gesti\u00f3n de procesos estandarizados, mejorando la eficiencia operativa y la seguridad.<\/p>\n<\/li>\n<\/ul>\n<p class=\"ds-markdown-paragraph\">\ud83d\udca1\u00a0<strong>Sistema de Iluminaci\u00f3n Profesional<\/strong><\/p>\n<ul>\n<li>\n<p class=\"ds-markdown-paragraph\"><strong>Luces LED de 24\u00d718W<\/strong>\u00a0(montadas en \u00e1ngulo de 45\u00b0) y\u00a0<strong>8\u00d748W luces LED en las paredes laterales<\/strong>\u00a0proporcionan una iluminaci\u00f3n uniforme, sin sombras y de alta intensidad para una visibilidad clara durante trabajos detallados de pintura.<\/p>\n<\/li>\n<\/ul>\n<p class=\"ds-markdown-paragraph\"><strong>Principales Especificaciones T\u00e9cnicas<\/strong><\/p>\n<ul>\n<li>\n<p class=\"ds-markdown-paragraph\">Dimensiones Externas: 7000 \u00d7 4000 \u00d7 3350 mm<\/p>\n<\/li>\n<li>\n<p class=\"ds-markdown-paragraph\">Dimensiones Internas: 6900 \u00d7 3900 \u00d7 2650 mm<\/p>\n<\/li>\n<li>\n<p class=\"ds-markdown-paragraph\">M\u00e9todo de calefacci\u00f3n: Di\u00e9sel (RIELLO G20)<\/p>\n<\/li>\n<li>\n<p class=\"ds-markdown-paragraph\">Potencia total: 15 KW (Versi\u00f3n de calefacci\u00f3n di\u00e9sel)<\/p>\n<\/li>\n<li>\n<p class=\"ds-markdown-paragraph\">Voltaje\/Frecuencia: 220V \/ 380V, 50Hz<\/p>\n<\/li>\n<li>\n<p class=\"ds-markdown-paragraph\">Volumen de embalaje: Aproximadamente 19 CBM\/conjunto, peso ~3500 kg<\/p>\n<\/li>\n<li>\n<p class=\"ds-markdown-paragraph\">Recomendaci\u00f3n de contenedor: 1 conjunto cabe en un contenedor 20GP; 3 conjuntos en un contenedor 40HQ<\/p>\n<\/li>\n<\/ul>\n<p class=\"ds-markdown-paragraph\"><strong>Aplicaciones ideales<\/strong><\/p>\n<ul>\n<li>\n<p class=\"ds-markdown-paragraph\">Talleres automotrices 4S, centros de reparaci\u00f3n integral y centros profesionales de carrocer\u00eda y pintura<\/p>\n<\/li>\n<li>\n<p class=\"ds-markdown-paragraph\">Pintura de carrocer\u00edas para autobuses, camiones, maquinaria de construcci\u00f3n y otros veh\u00edculos grandes<\/p>\n<\/li>\n<li>\n<p class=\"ds-markdown-paragraph\">Recubrimiento protector y decorativo para estructuras met\u00e1licas industriales y carcasas de equipos<\/p>\n<\/li>\n<li>\n<p class=\"ds-markdown-paragraph\">L\u00edneas de producci\u00f3n de pintura con altos requisitos de eficiencia de calefacci\u00f3n y limpieza ambiental<\/p>\n<\/li>\n<\/ul>\n<p class=\"ds-markdown-paragraph\">Ofrecemos personalizaci\u00f3n flexible en color, configuraciones parciales y m\u00f3dulos funcionales, y podemos proporcionar servicios de planificaci\u00f3n de distribuci\u00f3n en sitio y orientaci\u00f3n en instalaci\u00f3n.<\/p>\n<p class=\"ds-markdown-paragraph\"><strong>Contacte a nuestro equipo t\u00e9cnico para obtener documentaci\u00f3n t\u00e9cnica detallada, propuestas de configuraci\u00f3n personalizadas y soporte para cotizaciones personalizadas.<\/strong><\/p>","protected":false},"excerpt":{"rendered":"<p>El ATK-7000-DH-PRO es una cabina de pulverizaci\u00f3n di\u00e9sel de alto rendimiento de 7 metros dise\u00f1ada para reparaci\u00f3n automotriz, pintura de carrocer\u00eda y aplicaciones de recubrimiento industrial. Con un sistema de calefacci\u00f3n di\u00e9sel RIELLO G20 para un calentamiento r\u00e1pido, filtraci\u00f3n eficiente de triple etapa y controles inteligentes, proporciona un entorno de pintura estable, limpio y profesional.<\/p>","protected":false},"featured_media":2832,"comment_status":"open","ping_status":"closed","template":"","meta":[],"product_brand":[76],"product_cat":[60,59],"product_tag":[79,73,90,91,63,72,69,94,65,84],"class_list":{"0":"post-3290","1":"product","2":"type-product","3":"status-publish","4":"has-post-thumbnail","6":"product_brand-autoke","7":"product_cat-car-spray-booth","8":"product_cat-spray-booth","9":"product_tag-automotive-spray-booth","10":"product_tag-automotive-spray-booth-manufacturer","11":"product_tag-baking-oven-for-truck","12":"product_tag-bus-paint-baking-oven","13":"product_tag-car-spray-booth","14":"product_tag-car-spray-booth-factory","15":"product_tag-ce-car-spray-booth","16":"product_tag-commercial-vehicle-paint-curing-oven","17":"product_tag-efficient-car-spray-booth","18":"product_tag-industrial-coating","20":"first","21":"instock","22":"shipping-taxable","23":"product-type-simple"},"yoast_head":"<!-- This site is optimized with the Yoast SEO plugin v27.4 - https:\/\/yoast.com\/product\/yoast-seo-wordpress\/ -->\n<title>ATK-7000-DH-PRO 7m Luxury Diesel Spray Booth | Professional Automotive Repair Painting Equipment | Industrial-Grade Efficient Heating Solution | Customizable | Factory Direct - Autoke-China Paint Booth Manufacturer<\/title>\n<meta name=\"robots\" content=\"index, follow, max-snippet:-1, max-image-preview:large, max-video-preview:-1\" \/>\n<link rel=\"canonical\" href=\"https:\/\/sprayboothmanufacturer.com\/es\/producto\/7m-luxury-diesel-spray-booth-2\/\" \/>\n<meta property=\"og:locale\" content=\"es_ES\" \/>\n<meta property=\"og:type\" content=\"article\" \/>\n<meta property=\"og:title\" content=\"ATK-7000-DH-PRO 7m Luxury Diesel Spray Booth | Professional Automotive Repair Painting Equipment | Industrial-Grade Efficient Heating Solution | Customizable | Factory Direct - Autoke-China Paint Booth Manufacturer\" \/>\n<meta property=\"og:description\" content=\"The ATK-7000-DH-PRO is a high-performance 7-meter diesel spray booth designed for automotive repair, body painting, and industrial coating applications. Featuring a RIELLO G20 diesel heating system for fast warm-up, triple-stage efficient filtration, and intelligent controls, it provides a stable, clean, and professional painting environment.\" \/>\n<meta property=\"og:url\" content=\"https:\/\/sprayboothmanufacturer.com\/es\/producto\/7m-luxury-diesel-spray-booth-2\/\" \/>\n<meta property=\"og:site_name\" content=\"Autoke-China Paint Booth Manufacturer\" \/>\n<meta property=\"og:image\" content=\"https:\/\/sprayboothmanufacturer.com\/wp-content\/uploads\/2026\/01\/9381768716604_.pic_.jpg\" \/>\n\t<meta property=\"og:image:width\" content=\"850\" \/>\n\t<meta property=\"og:image:height\" content=\"850\" \/>\n\t<meta property=\"og:image:type\" content=\"image\/jpeg\" \/>\n<meta name=\"twitter:card\" content=\"summary_large_image\" \/>\n<meta name=\"twitter:label1\" content=\"Est. reading time\" \/>\n\t<meta name=\"twitter:data1\" content=\"3 minutos\" \/>\n<script type=\"application\/ld+json\" class=\"yoast-schema-graph\">{\"@context\":\"https:\\\/\\\/schema.org\",\"@graph\":[{\"@type\":\"WebPage\",\"@id\":\"https:\\\/\\\/sprayboothmanufacturer.com\\\/product\\\/7m-luxury-diesel-spray-booth-2\\\/\",\"url\":\"https:\\\/\\\/sprayboothmanufacturer.com\\\/product\\\/7m-luxury-diesel-spray-booth-2\\\/\",\"name\":\"ATK-7000-DH-PRO 7m Luxury Diesel Spray Booth | Professional Automotive Repair Painting Equipment | Industrial-Grade Efficient Heating Solution | Customizable | Factory Direct - Autoke-China Paint Booth Manufacturer\",\"isPartOf\":{\"@id\":\"https:\\\/\\\/sprayboothmanufacturer.com\\\/#website\"},\"primaryImageOfPage\":{\"@id\":\"https:\\\/\\\/sprayboothmanufacturer.com\\\/product\\\/7m-luxury-diesel-spray-booth-2\\\/#primaryimage\"},\"image\":{\"@id\":\"https:\\\/\\\/sprayboothmanufacturer.com\\\/product\\\/7m-luxury-diesel-spray-booth-2\\\/#primaryimage\"},\"thumbnailUrl\":\"https:\\\/\\\/sprayboothmanufacturer.com\\\/wp-content\\\/uploads\\\/2026\\\/01\\\/9381768716604_.pic_.jpg\",\"datePublished\":\"2026-02-07T05:19:13+00:00\",\"breadcrumb\":{\"@id\":\"https:\\\/\\\/sprayboothmanufacturer.com\\\/product\\\/7m-luxury-diesel-spray-booth-2\\\/#breadcrumb\"},\"inLanguage\":\"es\",\"potentialAction\":[{\"@type\":\"ReadAction\",\"target\":[\"https:\\\/\\\/sprayboothmanufacturer.com\\\/product\\\/7m-luxury-diesel-spray-booth-2\\\/\"]}]},{\"@type\":\"ImageObject\",\"inLanguage\":\"es\",\"@id\":\"https:\\\/\\\/sprayboothmanufacturer.com\\\/product\\\/7m-luxury-diesel-spray-booth-2\\\/#primaryimage\",\"url\":\"https:\\\/\\\/sprayboothmanufacturer.com\\\/wp-content\\\/uploads\\\/2026\\\/01\\\/9381768716604_.pic_.jpg\",\"contentUrl\":\"https:\\\/\\\/sprayboothmanufacturer.com\\\/wp-content\\\/uploads\\\/2026\\\/01\\\/9381768716604_.pic_.jpg\",\"width\":850,\"height\":850},{\"@type\":\"BreadcrumbList\",\"@id\":\"https:\\\/\\\/sprayboothmanufacturer.com\\\/product\\\/7m-luxury-diesel-spray-booth-2\\\/#breadcrumb\",\"itemListElement\":[{\"@type\":\"ListItem\",\"position\":1,\"name\":\"Home\",\"item\":\"https:\\\/\\\/sprayboothmanufacturer.com\\\/\"},{\"@type\":\"ListItem\",\"position\":2,\"name\":\"\u4ea7\u54c1\",\"item\":\"https:\\\/\\\/sprayboothmanufacturer.com\\\/shop__trashed\\\/\"},{\"@type\":\"ListItem\",\"position\":3,\"name\":\"ATK-7000-DH-PRO 7m Luxury Diesel Spray Booth | Professional Automotive Repair Painting Equipment | Industrial-Grade Efficient Heating Solution | Customizable | Factory Direct\"}]},{\"@type\":\"WebSite\",\"@id\":\"https:\\\/\\\/sprayboothmanufacturer.com\\\/#website\",\"url\":\"https:\\\/\\\/sprayboothmanufacturer.com\\\/\",\"name\":\"Autoke-China Paint Booth Manufacturer\",\"description\":\"\",\"publisher\":{\"@id\":\"https:\\\/\\\/sprayboothmanufacturer.com\\\/#organization\"},\"potentialAction\":[{\"@type\":\"SearchAction\",\"target\":{\"@type\":\"EntryPoint\",\"urlTemplate\":\"https:\\\/\\\/sprayboothmanufacturer.com\\\/?s={search_term_string}\"},\"query-input\":{\"@type\":\"PropertyValueSpecification\",\"valueRequired\":true,\"valueName\":\"search_term_string\"}}],\"inLanguage\":\"es\"},{\"@type\":\"Organization\",\"@id\":\"https:\\\/\\\/sprayboothmanufacturer.com\\\/#organization\",\"name\":\"Autoke-China Paint Booth Manufacturer\",\"url\":\"https:\\\/\\\/sprayboothmanufacturer.com\\\/\",\"logo\":{\"@type\":\"ImageObject\",\"inLanguage\":\"es\",\"@id\":\"https:\\\/\\\/sprayboothmanufacturer.com\\\/#\\\/schema\\\/logo\\\/image\\\/\",\"url\":\"https:\\\/\\\/sprayboothmanufacturer.com\\\/wp-content\\\/uploads\\\/2025\\\/12\\\/\u5fae\u4fe1\u56fe\u7247_20260113195103_1750_4-scaled-e1768394147958.png\",\"contentUrl\":\"https:\\\/\\\/sprayboothmanufacturer.com\\\/wp-content\\\/uploads\\\/2025\\\/12\\\/\u5fae\u4fe1\u56fe\u7247_20260113195103_1750_4-scaled-e1768394147958.png\",\"width\":1740,\"height\":538,\"caption\":\"Autoke-China Paint Booth Manufacturer\"},\"image\":{\"@id\":\"https:\\\/\\\/sprayboothmanufacturer.com\\\/#\\\/schema\\\/logo\\\/image\\\/\"}}]}<\/script>\n<!-- \/ Yoast SEO plugin. -->","yoast_head_json":{"title":"ATK-7000-DH-PRO Cabina de pulverizaci\u00f3n de lujo de 7m a di\u00e9sel | Equipo profesional de reparaci\u00f3n y pintura automotriz | Soluci\u00f3n de calefacci\u00f3n eficiente de grado industrial | Personalizable | Directo de f\u00e1brica - Fabricante de cabinas de pintura Autoke-China","robots":{"index":"index","follow":"follow","max-snippet":"max-snippet:-1","max-image-preview":"max-image-preview:large","max-video-preview":"max-video-preview:-1"},"canonical":"https:\/\/sprayboothmanufacturer.com\/es\/producto\/7m-luxury-diesel-spray-booth-2\/","og_locale":"es_ES","og_type":"article","og_title":"ATK-7000-DH-PRO 7m Luxury Diesel Spray Booth | Professional Automotive Repair Painting Equipment | Industrial-Grade Efficient Heating Solution | Customizable | Factory Direct - Autoke-China Paint Booth Manufacturer","og_description":"The ATK-7000-DH-PRO is a high-performance 7-meter diesel spray booth designed for automotive repair, body painting, and industrial coating applications. Featuring a RIELLO G20 diesel heating system for fast warm-up, triple-stage efficient filtration, and intelligent controls, it provides a stable, clean, and professional painting environment.","og_url":"https:\/\/sprayboothmanufacturer.com\/es\/producto\/7m-luxury-diesel-spray-booth-2\/","og_site_name":"Autoke-China Paint Booth Manufacturer","og_image":[{"width":850,"height":850,"url":"https:\/\/sprayboothmanufacturer.com\/wp-content\/uploads\/2026\/01\/9381768716604_.pic_.jpg","type":"image\/jpeg"}],"twitter_card":"summary_large_image","twitter_misc":{"Est. reading time":"3 minutos"},"schema":{"@context":"https:\/\/schema.org","@graph":[{"@type":"WebPage","@id":"https:\/\/sprayboothmanufacturer.com\/product\/7m-luxury-diesel-spray-booth-2\/","url":"https:\/\/sprayboothmanufacturer.com\/product\/7m-luxury-diesel-spray-booth-2\/","name":"ATK-7000-DH-PRO Cabina de pulverizaci\u00f3n de lujo de 7m a di\u00e9sel | Equipo profesional de reparaci\u00f3n y pintura automotriz | Soluci\u00f3n de calefacci\u00f3n eficiente de grado industrial | Personalizable | Directo de f\u00e1brica - Fabricante de cabinas de pintura Autoke-China","isPartOf":{"@id":"https:\/\/sprayboothmanufacturer.com\/#website"},"primaryImageOfPage":{"@id":"https:\/\/sprayboothmanufacturer.com\/product\/7m-luxury-diesel-spray-booth-2\/#primaryimage"},"image":{"@id":"https:\/\/sprayboothmanufacturer.com\/product\/7m-luxury-diesel-spray-booth-2\/#primaryimage"},"thumbnailUrl":"https:\/\/sprayboothmanufacturer.com\/wp-content\/uploads\/2026\/01\/9381768716604_.pic_.jpg","datePublished":"2026-02-07T05:19:13+00:00","breadcrumb":{"@id":"https:\/\/sprayboothmanufacturer.com\/product\/7m-luxury-diesel-spray-booth-2\/#breadcrumb"},"inLanguage":"es","potentialAction":[{"@type":"ReadAction","target":["https:\/\/sprayboothmanufacturer.com\/product\/7m-luxury-diesel-spray-booth-2\/"]}]},{"@type":"ImageObject","inLanguage":"es","@id":"https:\/\/sprayboothmanufacturer.com\/product\/7m-luxury-diesel-spray-booth-2\/#primaryimage","url":"https:\/\/sprayboothmanufacturer.com\/wp-content\/uploads\/2026\/01\/9381768716604_.pic_.jpg","contentUrl":"https:\/\/sprayboothmanufacturer.com\/wp-content\/uploads\/2026\/01\/9381768716604_.pic_.jpg","width":850,"height":850},{"@type":"BreadcrumbList","@id":"https:\/\/sprayboothmanufacturer.com\/product\/7m-luxury-diesel-spray-booth-2\/#breadcrumb","itemListElement":[{"@type":"ListItem","position":1,"name":"Home","item":"https:\/\/sprayboothmanufacturer.com\/"},{"@type":"ListItem","position":2,"name":"\u4ea7\u54c1","item":"https:\/\/sprayboothmanufacturer.com\/shop__trashed\/"},{"@type":"ListItem","position":3,"name":"ATK-7000-DH-PRO 7m Luxury Diesel Spray Booth | Professional Automotive Repair Painting Equipment | Industrial-Grade Efficient Heating Solution | Customizable | Factory Direct"}]},{"@type":"WebSite","@id":"https:\/\/sprayboothmanufacturer.com\/#website","url":"https:\/\/sprayboothmanufacturer.com\/","name":"Fabricante de cabinas de pintura Autoke-China","description":"","publisher":{"@id":"https:\/\/sprayboothmanufacturer.com\/#organization"},"potentialAction":[{"@type":"SearchAction","target":{"@type":"EntryPoint","urlTemplate":"https:\/\/sprayboothmanufacturer.com\/?s={search_term_string}"},"query-input":{"@type":"PropertyValueSpecification","valueRequired":true,"valueName":"search_term_string"}}],"inLanguage":"es"},{"@type":"Organization","@id":"https:\/\/sprayboothmanufacturer.com\/#organization","name":"Fabricante de cabinas de pintura Autoke-China","url":"https:\/\/sprayboothmanufacturer.com\/","logo":{"@type":"ImageObject","inLanguage":"es","@id":"https:\/\/sprayboothmanufacturer.com\/#\/schema\/logo\/image\/","url":"https:\/\/sprayboothmanufacturer.com\/wp-content\/uploads\/2025\/12\/\u5fae\u4fe1\u56fe\u7247_20260113195103_1750_4-scaled-e1768394147958.png","contentUrl":"https:\/\/sprayboothmanufacturer.com\/wp-content\/uploads\/2025\/12\/\u5fae\u4fe1\u56fe\u7247_20260113195103_1750_4-scaled-e1768394147958.png","width":1740,"height":538,"caption":"Autoke-China Paint Booth Manufacturer"},"image":{"@id":"https:\/\/sprayboothmanufacturer.com\/#\/schema\/logo\/image\/"}}]}},"_links":{"self":[{"href":"https:\/\/sprayboothmanufacturer.com\/es\/wp-json\/wp\/v2\/product\/3290","targetHints":{"allow":["GET"]}}],"collection":[{"href":"https:\/\/sprayboothmanufacturer.com\/es\/wp-json\/wp\/v2\/product"}],"about":[{"href":"https:\/\/sprayboothmanufacturer.com\/es\/wp-json\/wp\/v2\/types\/product"}],"replies":[{"embeddable":true,"href":"https:\/\/sprayboothmanufacturer.com\/es\/wp-json\/wp\/v2\/comments?post=3290"}],"version-history":[{"count":1,"href":"https:\/\/sprayboothmanufacturer.com\/es\/wp-json\/wp\/v2\/product\/3290\/revisions"}],"predecessor-version":[{"id":3291,"href":"https:\/\/sprayboothmanufacturer.com\/es\/wp-json\/wp\/v2\/product\/3290\/revisions\/3291"}],"wp:featuredmedia":[{"embeddable":true,"href":"https:\/\/sprayboothmanufacturer.com\/es\/wp-json\/wp\/v2\/media\/2832"}],"wp:attachment":[{"href":"https:\/\/sprayboothmanufacturer.com\/es\/wp-json\/wp\/v2\/media?parent=3290"}],"wp:term":[{"taxonomy":"product_brand","embeddable":true,"href":"https:\/\/sprayboothmanufacturer.com\/es\/wp-json\/wp\/v2\/product_brand?post=3290"},{"taxonomy":"product_cat","embeddable":true,"href":"https:\/\/sprayboothmanufacturer.com\/es\/wp-json\/wp\/v2\/product_cat?post=3290"},{"taxonomy":"product_tag","embeddable":true,"href":"https:\/\/sprayboothmanufacturer.com\/es\/wp-json\/wp\/v2\/product_tag?post=3290"}],"curies":[{"name":"wp","href":"https:\/\/api.w.org\/{rel}","templated":true}]}}