{"id":3286,"date":"2026-02-06T03:54:10","date_gmt":"2026-02-06T03:54:10","guid":{"rendered":"https:\/\/sprayboothmanufacturer.com\/?post_type=product&#038;p=3286"},"modified":"2026-02-06T03:54:10","modified_gmt":"2026-02-06T03:54:10","slug":"7m-standard-diesel-spray-booth-2","status":"publish","type":"product","link":"https:\/\/sprayboothmanufacturer.com\/es\/product\/7m-standard-diesel-spray-booth-2\/","title":{"rendered":"ATK-7000-DH-STD Cabina de pulverizaci\u00f3n di\u00e9sel est\u00e1ndar de 7m | Equipo profesional de pintura para reparaci\u00f3n automotriz | Soluci\u00f3n de calefacci\u00f3n de alta eficiencia industrial | Personalizable | Suministro directo de f\u00e1brica"},"content":{"rendered":"<table style=\"height: 98px;\" width=\"804\">\n<tbody>\n<tr>\n<td width=\"142\"><strong><b>Cantidad m\u00ednima de pedido :<\/b><\/strong><\/td>\n<td width=\"142\">1 pieza<\/td>\n<td width=\"142\"><strong><b>Precio :<\/b><\/strong><\/td>\n<td width=\"142\">A negociar<\/td>\n<\/tr>\n<tr>\n<td width=\"142\"><strong><b>Detalles del embalaje :<\/b><\/strong><\/td>\n<td width=\"142\">40G o 20GP\/unidad<\/td>\n<td width=\"142\"><strong><b>Tiempo de entrega :<\/b><\/strong><\/td>\n<td width=\"142\">15 d\u00edas a negociar<\/td>\n<\/tr>\n<tr>\n<td width=\"142\"><strong><b>Condiciones de pago :<\/b><\/strong><\/td>\n<td width=\"142\">L\/C, T\/T<\/td>\n<td width=\"142\"><strong><b>Capacidad de suministro :<\/b><\/strong><\/td>\n<td width=\"142\">50 unidades por mes, cabina de pulverizaci\u00f3n industrial, cabina de pulverizaci\u00f3n para autobuses<\/td>\n<\/tr>\n<tr>\n<td width=\"142\"><strong><b>Lugar de origen:<\/b><\/strong><\/td>\n<td width=\"142\">Jiangsu, China<\/td>\n<td width=\"142\"><strong><b>Nombre de la marca:<\/b><\/strong><\/td>\n<td width=\"142\">Autoke<\/td>\n<\/tr>\n<tr>\n<td width=\"142\"><strong><b>Certificaci\u00f3n:<\/b><\/strong><\/td>\n<td width=\"142\">CE<\/td>\n<td width=\"142\"><strong><b>N\u00famero de modelo:<\/b><\/strong><\/td>\n<td width=\"142\">ATK-7000-DH-STD<\/td>\n<\/tr>\n<\/tbody>\n<\/table>\n<p class=\"ds-markdown-paragraph\"><strong>Cabina de pulverizaci\u00f3n est\u00e1ndar di\u00e9sel de 7m ATK-7000-DH-STD<\/strong><\/p>\n<p class=\"ds-markdown-paragraph\">Este producto es una cabina de pulverizaci\u00f3n di\u00e9sel robusta y altamente eficiente, ampliamente adecuada para talleres de reparaci\u00f3n automotriz integrales, centros profesionales de carrocer\u00eda y pintura, y diversas l\u00edneas de recubrimiento industrial. Utilizando tecnolog\u00eda de calefacci\u00f3n di\u00e9sel probada, circulaci\u00f3n de aire potente y un sistema de control inteligente, garantiza una calidad de pintura constante y estabilidad en el proceso incluso en condiciones operativas exigentes.<\/p>\n<p class=\"ds-markdown-paragraph\"><strong>Caracter\u00edsticas principales y rendimiento:<\/strong><\/p>\n<p class=\"ds-markdown-paragraph\">\ud83d\udd25\u00a0<strong>Sistema de calefacci\u00f3n di\u00e9sel r\u00e1pido<\/strong><br \/>\nCuenta con un quemador di\u00e9sel RIELLO G20, que calienta hasta 40\u00b0C en 5\u20138 minutos con una temperatura m\u00e1xima de horneado de 80\u00b0C. Adecuado para diversos procesos de pintura y curado de temperatura media a baja, ofreciendo una fuerte adaptabilidad al combustible y costos operativos controlables.<\/p>\n<p class=\"ds-markdown-paragraph\">\ud83d\udca8\u00a0<strong>Ventilaci\u00f3n eficiente y gesti\u00f3n del aire<\/strong><br \/>\nUtiliza 2\u00d74KW de ventiladores centr\u00edfugos de doble entrada que proporcionan un suministro de aire total de 30,000 m\u00b3\/h, junto con un extractor dedicado de 5.5KW (19,000 m\u00b3\/h). Asegura un flujo de aire estable y una r\u00e1pida eliminaci\u00f3n de niebla de pintura dentro de la cabina, creando un entorno de trabajo m\u00e1s seguro.<\/p>\n<p class=\"ds-markdown-paragraph\">\ud83c\udf2b\ufe0f\u00a0<strong>Sistema de purificaci\u00f3n de aire en tres etapas<\/strong><br \/>\nIntegra un filtro primario (&gt;10\u03bcm, eficiencia &gt;90%), un filtro de techo de alta eficiencia (&gt;4\u03bcm, eficiencia &gt;98%) y un filtro de suelo de fibra de vidrio multicapa (&gt;90%), para capturar eficazmente part\u00edculas y garantizar un acabado impecable.<\/p>\n<p class=\"ds-markdown-paragraph\">\ud83c\udfd7\ufe0f\u00a0<strong>Construcci\u00f3n duradera de grado industrial<\/strong><br \/>\nLas paredes est\u00e1n construidas con paneles de acero color doble capa, resistentes al fuego, aislados y rellenos con lana de roca de alta densidad (100kg\/m\u00b3), proporcionando un excelente aislamiento t\u00e9rmico y retardancia al fuego. El suelo es una plataforma elevada de 300mm de altura, hecha de l\u00e1minas de acero galvanizado con rejillas galvanizadas anticorrosivas, con una capacidad de carga total superior a 5 toneladas.<\/p>\n<p class=\"ds-markdown-paragraph\">\ud83d\udeaa\u00a0<strong>Dise\u00f1o de puertas de acceso amplio<\/strong><br \/>\nTres puertas frontales con un ancho total de 3000mm, equipadas con vidrio resistente a altas temperaturas de 5mm, facilitan la entrada y salida de veh\u00edculos y componentes medianos a grandes, mejorando la continuidad operativa.<\/p>\n<p class=\"ds-markdown-paragraph\">\ud83d\udcdf\u00a0<strong>Control inteligente integrado<\/strong><br \/>\nEl panel de control integra funciones de pintura, horneado, temporizador, control de temperatura, iluminaci\u00f3n y parada de emergencia. Presenta una interfaz clara para una operaci\u00f3n sencilla, apoyando la estandarizaci\u00f3n de procesos y la gesti\u00f3n de seguridad.<\/p>\n<p class=\"ds-markdown-paragraph\">\ud83d\udca1\u00a0<strong>Iluminaci\u00f3n uniforme en toda la zona<\/strong><br \/>\n24\u00d718W de luces LED en el techo y 8\u00d748W de luces auxiliares en las paredes laterales proporcionan una iluminaci\u00f3n sin sombras y de alta luminosidad, garantizando una visibilidad clara para trabajos de pintura detallados.<\/p>\n<p class=\"ds-markdown-paragraph\"><strong>Especificaciones t\u00e9cnicas principales:<\/strong><\/p>\n<ul>\n<li>\n<p class=\"ds-markdown-paragraph\">Dimensiones Externas: 7000 \u00d7 4000 \u00d7 3350 mm<\/p>\n<\/li>\n<li>\n<p class=\"ds-markdown-paragraph\">Dimensiones Internas: 6900 \u00d7 3900 \u00d7 2650 mm<\/p>\n<\/li>\n<li>\n<p class=\"ds-markdown-paragraph\">M\u00e9todo de calefacci\u00f3n: Calefacci\u00f3n di\u00e9sel (RIELLO G20)<\/p>\n<\/li>\n<li>\n<p class=\"ds-markdown-paragraph\">Potencia total: 15 KW (Versi\u00f3n de calefacci\u00f3n di\u00e9sel)<\/p>\n<\/li>\n<li>\n<p class=\"ds-markdown-paragraph\">Voltaje\/Frecuencia: 220V \/ 380V, 50Hz<\/p>\n<\/li>\n<li>\n<p class=\"ds-markdown-paragraph\">Volumen de embalaje: Aproximadamente 19 CBM\/conjunto, peso ~3500 kg<\/p>\n<\/li>\n<li>\n<p class=\"ds-markdown-paragraph\">Recomendaci\u00f3n de contenedor: 1 conjunto cabe en un contenedor 20GP; 3 conjuntos en un contenedor 40HQ<\/p>\n<\/li>\n<\/ul>\n<p class=\"ds-markdown-paragraph\"><strong>Aplicaciones t\u00edpicas:<\/strong><\/p>\n<ul>\n<li>\n<p class=\"ds-markdown-paragraph\">Talleres de automoci\u00f3n 4S, centros de reparaci\u00f3n integrales y proveedores profesionales de servicios de carrocer\u00eda y pintura<\/p>\n<\/li>\n<li>\n<p class=\"ds-markdown-paragraph\">Pintura de carrocer\u00edas para autobuses, camiones, maquinaria de construcci\u00f3n y otros veh\u00edculos grandes<\/p>\n<\/li>\n<li>\n<p class=\"ds-markdown-paragraph\">Recubrimiento protector y decorativo para estructuras met\u00e1licas y equipos industriales<\/p>\n<\/li>\n<li>\n<p class=\"ds-markdown-paragraph\">L\u00edneas de pintura que requieren calentamiento r\u00e1pido y operaci\u00f3n econ\u00f3mica<\/p>\n<\/li>\n<\/ul>\n<p class=\"ds-markdown-paragraph\">Ofrecemos personalizaci\u00f3n flexible en color, configuraciones parciales y m\u00f3dulos funcionales, y podemos proporcionar servicios de planificaci\u00f3n de distribuci\u00f3n en sitio y orientaci\u00f3n en instalaci\u00f3n.<\/p>\n<p class=\"ds-markdown-paragraph\"><strong>Contacte con nuestro equipo t\u00e9cnico para obtener documentaci\u00f3n t\u00e9cnica detallada, opciones de configuraci\u00f3n y soporte comercial exclusivo.<\/strong><\/p>","protected":false},"excerpt":{"rendered":"<p>El ATK-7000-DH-STD es una cabina de pulverizaci\u00f3n di\u00e9sel de 7 metros de confianza, dise\u00f1ada para reparaci\u00f3n automotriz, pintura de carrocer\u00eda y recubrimientos industriales. Equipado con un sistema de calefacci\u00f3n di\u00e9sel RIELLO G20 para un calentamiento r\u00e1pido en 5-8 minutos, combinado con una ventilaci\u00f3n eficiente y filtraci\u00f3n en tres etapas, proporciona un entorno de pintura estable y limpio.<\/p>","protected":false},"featured_media":3159,"comment_status":"open","ping_status":"closed","template":"","meta":[],"product_brand":[76],"product_cat":[60,59],"product_tag":[75,74,79,73,90,91,78,63,69,86,68,70,80],"class_list":{"0":"post-3286","1":"product","2":"type-product","3":"status-publish","4":"has-post-thumbnail","6":"product_brand-autoke","7":"product_cat-car-spray-booth","8":"product_cat-spray-booth","9":"product_tag-8m-diesel-car-paint-booth","10":"product_tag-8m-electric-car-paint-booth","11":"product_tag-automotive-spray-booth","12":"product_tag-automotive-spray-booth-manufacturer","13":"product_tag-baking-oven-for-truck","14":"product_tag-bus-paint-baking-oven","15":"product_tag-bus-spray-booth","16":"product_tag-car-spray-booth","17":"product_tag-ce-car-spray-booth","18":"product_tag-commercial-vehicle-spray-booth","19":"product_tag-customized-car-spray-booth","20":"product_tag-high-quality-spray-booths","21":"product_tag-industrial-paint-booth","23":"first","24":"instock","25":"shipping-taxable","26":"product-type-simple"},"yoast_head":"<!-- This site is optimized with the Yoast SEO plugin v27.4 - https:\/\/yoast.com\/product\/yoast-seo-wordpress\/ -->\n<title>ATK-7000-DH-STD 7m Standard Diesel Spray Booth | Professional Automotive Repair Painting Equipment | Industrial High-Efficiency Heating Solution | Customizable | Factory Direct Supply - Autoke-China Paint Booth Manufacturer<\/title>\n<meta name=\"robots\" content=\"index, follow, max-snippet:-1, max-image-preview:large, max-video-preview:-1\" \/>\n<link rel=\"canonical\" href=\"https:\/\/sprayboothmanufacturer.com\/es\/producto\/7m-standard-diesel-spray-booth-2\/\" \/>\n<meta property=\"og:locale\" content=\"es_ES\" \/>\n<meta property=\"og:type\" content=\"article\" \/>\n<meta property=\"og:title\" content=\"ATK-7000-DH-STD 7m Standard Diesel Spray Booth | Professional Automotive Repair Painting Equipment | Industrial High-Efficiency Heating Solution | Customizable | Factory Direct Supply - Autoke-China Paint Booth Manufacturer\" \/>\n<meta property=\"og:description\" content=\"The ATK-7000-DH-STD is a reliable 7-meter diesel spray booth designed for automotive repair, body painting, and industrial coating. Equipped with a RIELLO G20 diesel heating system for rapid warm-up within 5-8 minutes, combined with efficient ventilation and three-stage filtration, it provides a stable and clean painting environment.\" \/>\n<meta property=\"og:url\" content=\"https:\/\/sprayboothmanufacturer.com\/es\/producto\/7m-standard-diesel-spray-booth-2\/\" \/>\n<meta property=\"og:site_name\" content=\"Autoke-China Paint Booth Manufacturer\" \/>\n<meta property=\"og:image\" content=\"https:\/\/sprayboothmanufacturer.com\/wp-content\/uploads\/2026\/01\/\u5fae\u4fe1\u56fe\u7247_20251020143008.jpg\" \/>\n\t<meta property=\"og:image:width\" content=\"1080\" \/>\n\t<meta property=\"og:image:height\" content=\"1080\" \/>\n\t<meta property=\"og:image:type\" content=\"image\/jpeg\" \/>\n<meta name=\"twitter:card\" content=\"summary_large_image\" \/>\n<meta name=\"twitter:label1\" content=\"Est. reading time\" \/>\n\t<meta name=\"twitter:data1\" content=\"3 minutos\" \/>\n<script type=\"application\/ld+json\" class=\"yoast-schema-graph\">{\"@context\":\"https:\\\/\\\/schema.org\",\"@graph\":[{\"@type\":\"WebPage\",\"@id\":\"https:\\\/\\\/sprayboothmanufacturer.com\\\/product\\\/7m-standard-diesel-spray-booth-2\\\/\",\"url\":\"https:\\\/\\\/sprayboothmanufacturer.com\\\/product\\\/7m-standard-diesel-spray-booth-2\\\/\",\"name\":\"ATK-7000-DH-STD 7m Standard Diesel Spray Booth | Professional Automotive Repair Painting Equipment | Industrial High-Efficiency Heating Solution | Customizable | Factory Direct Supply - Autoke-China Paint Booth Manufacturer\",\"isPartOf\":{\"@id\":\"https:\\\/\\\/sprayboothmanufacturer.com\\\/#website\"},\"primaryImageOfPage\":{\"@id\":\"https:\\\/\\\/sprayboothmanufacturer.com\\\/product\\\/7m-standard-diesel-spray-booth-2\\\/#primaryimage\"},\"image\":{\"@id\":\"https:\\\/\\\/sprayboothmanufacturer.com\\\/product\\\/7m-standard-diesel-spray-booth-2\\\/#primaryimage\"},\"thumbnailUrl\":\"https:\\\/\\\/sprayboothmanufacturer.com\\\/wp-content\\\/uploads\\\/2026\\\/01\\\/\u5fae\u4fe1\u56fe\u7247_20251020143008.jpg\",\"datePublished\":\"2026-02-06T03:54:10+00:00\",\"breadcrumb\":{\"@id\":\"https:\\\/\\\/sprayboothmanufacturer.com\\\/product\\\/7m-standard-diesel-spray-booth-2\\\/#breadcrumb\"},\"inLanguage\":\"es\",\"potentialAction\":[{\"@type\":\"ReadAction\",\"target\":[\"https:\\\/\\\/sprayboothmanufacturer.com\\\/product\\\/7m-standard-diesel-spray-booth-2\\\/\"]}]},{\"@type\":\"ImageObject\",\"inLanguage\":\"es\",\"@id\":\"https:\\\/\\\/sprayboothmanufacturer.com\\\/product\\\/7m-standard-diesel-spray-booth-2\\\/#primaryimage\",\"url\":\"https:\\\/\\\/sprayboothmanufacturer.com\\\/wp-content\\\/uploads\\\/2026\\\/01\\\/\u5fae\u4fe1\u56fe\u7247_20251020143008.jpg\",\"contentUrl\":\"https:\\\/\\\/sprayboothmanufacturer.com\\\/wp-content\\\/uploads\\\/2026\\\/01\\\/\u5fae\u4fe1\u56fe\u7247_20251020143008.jpg\",\"width\":1080,\"height\":1080},{\"@type\":\"BreadcrumbList\",\"@id\":\"https:\\\/\\\/sprayboothmanufacturer.com\\\/product\\\/7m-standard-diesel-spray-booth-2\\\/#breadcrumb\",\"itemListElement\":[{\"@type\":\"ListItem\",\"position\":1,\"name\":\"Home\",\"item\":\"https:\\\/\\\/sprayboothmanufacturer.com\\\/\"},{\"@type\":\"ListItem\",\"position\":2,\"name\":\"\u4ea7\u54c1\",\"item\":\"https:\\\/\\\/sprayboothmanufacturer.com\\\/shop__trashed\\\/\"},{\"@type\":\"ListItem\",\"position\":3,\"name\":\"ATK-7000-DH-STD 7m Standard Diesel Spray Booth | Professional Automotive Repair Painting Equipment | Industrial High-Efficiency Heating Solution | Customizable | Factory Direct Supply\"}]},{\"@type\":\"WebSite\",\"@id\":\"https:\\\/\\\/sprayboothmanufacturer.com\\\/#website\",\"url\":\"https:\\\/\\\/sprayboothmanufacturer.com\\\/\",\"name\":\"Autoke-China Paint Booth Manufacturer\",\"description\":\"\",\"publisher\":{\"@id\":\"https:\\\/\\\/sprayboothmanufacturer.com\\\/#organization\"},\"potentialAction\":[{\"@type\":\"SearchAction\",\"target\":{\"@type\":\"EntryPoint\",\"urlTemplate\":\"https:\\\/\\\/sprayboothmanufacturer.com\\\/?s={search_term_string}\"},\"query-input\":{\"@type\":\"PropertyValueSpecification\",\"valueRequired\":true,\"valueName\":\"search_term_string\"}}],\"inLanguage\":\"es\"},{\"@type\":\"Organization\",\"@id\":\"https:\\\/\\\/sprayboothmanufacturer.com\\\/#organization\",\"name\":\"Autoke-China Paint Booth Manufacturer\",\"url\":\"https:\\\/\\\/sprayboothmanufacturer.com\\\/\",\"logo\":{\"@type\":\"ImageObject\",\"inLanguage\":\"es\",\"@id\":\"https:\\\/\\\/sprayboothmanufacturer.com\\\/#\\\/schema\\\/logo\\\/image\\\/\",\"url\":\"https:\\\/\\\/sprayboothmanufacturer.com\\\/wp-content\\\/uploads\\\/2025\\\/12\\\/\u5fae\u4fe1\u56fe\u7247_20260113195103_1750_4-scaled-e1768394147958.png\",\"contentUrl\":\"https:\\\/\\\/sprayboothmanufacturer.com\\\/wp-content\\\/uploads\\\/2025\\\/12\\\/\u5fae\u4fe1\u56fe\u7247_20260113195103_1750_4-scaled-e1768394147958.png\",\"width\":1740,\"height\":538,\"caption\":\"Autoke-China Paint Booth Manufacturer\"},\"image\":{\"@id\":\"https:\\\/\\\/sprayboothmanufacturer.com\\\/#\\\/schema\\\/logo\\\/image\\\/\"}}]}<\/script>\n<!-- \/ Yoast SEO plugin. -->","yoast_head_json":{"title":"ATK-7000-DH-STD Cabina de pulverizaci\u00f3n di\u00e9sel est\u00e1ndar de 7 m | Equipo profesional de reparaci\u00f3n y pintura de autom\u00f3viles | Soluci\u00f3n de calefacci\u00f3n industrial de alta eficiencia | Personalizable | Suministro directo de f\u00e1brica - Fabricante de cabinas de pintura Autoke-China","robots":{"index":"index","follow":"follow","max-snippet":"max-snippet:-1","max-image-preview":"max-image-preview:large","max-video-preview":"max-video-preview:-1"},"canonical":"https:\/\/sprayboothmanufacturer.com\/es\/producto\/7m-standard-diesel-spray-booth-2\/","og_locale":"es_ES","og_type":"article","og_title":"ATK-7000-DH-STD 7m Standard Diesel Spray Booth | Professional Automotive Repair Painting Equipment | Industrial High-Efficiency Heating Solution | Customizable | Factory Direct Supply - Autoke-China Paint Booth Manufacturer","og_description":"The ATK-7000-DH-STD is a reliable 7-meter diesel spray booth designed for automotive repair, body painting, and industrial coating. Equipped with a RIELLO G20 diesel heating system for rapid warm-up within 5-8 minutes, combined with efficient ventilation and three-stage filtration, it provides a stable and clean painting environment.","og_url":"https:\/\/sprayboothmanufacturer.com\/es\/producto\/7m-standard-diesel-spray-booth-2\/","og_site_name":"Autoke-China Paint Booth Manufacturer","og_image":[{"width":1080,"height":1080,"url":"https:\/\/sprayboothmanufacturer.com\/wp-content\/uploads\/2026\/01\/\u5fae\u4fe1\u56fe\u7247_20251020143008.jpg","type":"image\/jpeg"}],"twitter_card":"summary_large_image","twitter_misc":{"Est. reading time":"3 minutos"},"schema":{"@context":"https:\/\/schema.org","@graph":[{"@type":"WebPage","@id":"https:\/\/sprayboothmanufacturer.com\/product\/7m-standard-diesel-spray-booth-2\/","url":"https:\/\/sprayboothmanufacturer.com\/product\/7m-standard-diesel-spray-booth-2\/","name":"ATK-7000-DH-STD Cabina de pulverizaci\u00f3n di\u00e9sel est\u00e1ndar de 7 m | Equipo profesional de reparaci\u00f3n y pintura de autom\u00f3viles | Soluci\u00f3n de calefacci\u00f3n industrial de alta eficiencia | Personalizable | Suministro directo de f\u00e1brica - Fabricante de cabinas de pintura Autoke-China","isPartOf":{"@id":"https:\/\/sprayboothmanufacturer.com\/#website"},"primaryImageOfPage":{"@id":"https:\/\/sprayboothmanufacturer.com\/product\/7m-standard-diesel-spray-booth-2\/#primaryimage"},"image":{"@id":"https:\/\/sprayboothmanufacturer.com\/product\/7m-standard-diesel-spray-booth-2\/#primaryimage"},"thumbnailUrl":"https:\/\/sprayboothmanufacturer.com\/wp-content\/uploads\/2026\/01\/\u5fae\u4fe1\u56fe\u7247_20251020143008.jpg","datePublished":"2026-02-06T03:54:10+00:00","breadcrumb":{"@id":"https:\/\/sprayboothmanufacturer.com\/product\/7m-standard-diesel-spray-booth-2\/#breadcrumb"},"inLanguage":"es","potentialAction":[{"@type":"ReadAction","target":["https:\/\/sprayboothmanufacturer.com\/product\/7m-standard-diesel-spray-booth-2\/"]}]},{"@type":"ImageObject","inLanguage":"es","@id":"https:\/\/sprayboothmanufacturer.com\/product\/7m-standard-diesel-spray-booth-2\/#primaryimage","url":"https:\/\/sprayboothmanufacturer.com\/wp-content\/uploads\/2026\/01\/\u5fae\u4fe1\u56fe\u7247_20251020143008.jpg","contentUrl":"https:\/\/sprayboothmanufacturer.com\/wp-content\/uploads\/2026\/01\/\u5fae\u4fe1\u56fe\u7247_20251020143008.jpg","width":1080,"height":1080},{"@type":"BreadcrumbList","@id":"https:\/\/sprayboothmanufacturer.com\/product\/7m-standard-diesel-spray-booth-2\/#breadcrumb","itemListElement":[{"@type":"ListItem","position":1,"name":"Home","item":"https:\/\/sprayboothmanufacturer.com\/"},{"@type":"ListItem","position":2,"name":"\u4ea7\u54c1","item":"https:\/\/sprayboothmanufacturer.com\/shop__trashed\/"},{"@type":"ListItem","position":3,"name":"ATK-7000-DH-STD 7m Standard Diesel Spray Booth | Professional Automotive Repair Painting Equipment | Industrial High-Efficiency Heating Solution | Customizable | Factory Direct Supply"}]},{"@type":"WebSite","@id":"https:\/\/sprayboothmanufacturer.com\/#website","url":"https:\/\/sprayboothmanufacturer.com\/","name":"Fabricante de cabinas de pintura Autoke-China","description":"","publisher":{"@id":"https:\/\/sprayboothmanufacturer.com\/#organization"},"potentialAction":[{"@type":"SearchAction","target":{"@type":"EntryPoint","urlTemplate":"https:\/\/sprayboothmanufacturer.com\/?s={search_term_string}"},"query-input":{"@type":"PropertyValueSpecification","valueRequired":true,"valueName":"search_term_string"}}],"inLanguage":"es"},{"@type":"Organization","@id":"https:\/\/sprayboothmanufacturer.com\/#organization","name":"Fabricante de cabinas de pintura Autoke-China","url":"https:\/\/sprayboothmanufacturer.com\/","logo":{"@type":"ImageObject","inLanguage":"es","@id":"https:\/\/sprayboothmanufacturer.com\/#\/schema\/logo\/image\/","url":"https:\/\/sprayboothmanufacturer.com\/wp-content\/uploads\/2025\/12\/\u5fae\u4fe1\u56fe\u7247_20260113195103_1750_4-scaled-e1768394147958.png","contentUrl":"https:\/\/sprayboothmanufacturer.com\/wp-content\/uploads\/2025\/12\/\u5fae\u4fe1\u56fe\u7247_20260113195103_1750_4-scaled-e1768394147958.png","width":1740,"height":538,"caption":"Autoke-China Paint Booth Manufacturer"},"image":{"@id":"https:\/\/sprayboothmanufacturer.com\/#\/schema\/logo\/image\/"}}]}},"_links":{"self":[{"href":"https:\/\/sprayboothmanufacturer.com\/es\/wp-json\/wp\/v2\/product\/3286","targetHints":{"allow":["GET"]}}],"collection":[{"href":"https:\/\/sprayboothmanufacturer.com\/es\/wp-json\/wp\/v2\/product"}],"about":[{"href":"https:\/\/sprayboothmanufacturer.com\/es\/wp-json\/wp\/v2\/types\/product"}],"replies":[{"embeddable":true,"href":"https:\/\/sprayboothmanufacturer.com\/es\/wp-json\/wp\/v2\/comments?post=3286"}],"version-history":[{"count":1,"href":"https:\/\/sprayboothmanufacturer.com\/es\/wp-json\/wp\/v2\/product\/3286\/revisions"}],"predecessor-version":[{"id":3287,"href":"https:\/\/sprayboothmanufacturer.com\/es\/wp-json\/wp\/v2\/product\/3286\/revisions\/3287"}],"wp:featuredmedia":[{"embeddable":true,"href":"https:\/\/sprayboothmanufacturer.com\/es\/wp-json\/wp\/v2\/media\/3159"}],"wp:attachment":[{"href":"https:\/\/sprayboothmanufacturer.com\/es\/wp-json\/wp\/v2\/media?parent=3286"}],"wp:term":[{"taxonomy":"product_brand","embeddable":true,"href":"https:\/\/sprayboothmanufacturer.com\/es\/wp-json\/wp\/v2\/product_brand?post=3286"},{"taxonomy":"product_cat","embeddable":true,"href":"https:\/\/sprayboothmanufacturer.com\/es\/wp-json\/wp\/v2\/product_cat?post=3286"},{"taxonomy":"product_tag","embeddable":true,"href":"https:\/\/sprayboothmanufacturer.com\/es\/wp-json\/wp\/v2\/product_tag?post=3286"}],"curies":[{"name":"wp","href":"https:\/\/api.w.org\/{rel}","templated":true}]}}