{"id":3284,"date":"2026-02-06T03:35:31","date_gmt":"2026-02-06T03:35:31","guid":{"rendered":"https:\/\/sprayboothmanufacturer.com\/?post_type=product&#038;p=3284"},"modified":"2026-02-06T03:35:31","modified_gmt":"2026-02-06T03:35:31","slug":"7m-standard-electric-spray-booth","status":"publish","type":"product","link":"https:\/\/sprayboothmanufacturer.com\/es\/product\/7m-standard-electric-spray-booth\/","title":{"rendered":"ATK-7000-EH-STD Cabina de pulverizaci\u00f3n el\u00e9ctrica est\u00e1ndar de 7m | Equipo de pintura de alta eficiencia y ecol\u00f3gico | Soluci\u00f3n industrial para reparaci\u00f3n de autom\u00f3viles | Personalizable | Suministro directo de f\u00e1brica"},"content":{"rendered":"<table style=\"height: 140px;\" width=\"816\">\n<tbody>\n<tr>\n<td width=\"142\"><strong><b>Cantidad m\u00ednima de pedido :<\/b><\/strong><\/td>\n<td width=\"142\">1 pieza<\/td>\n<td width=\"142\"><strong><b>Precio :<\/b><\/strong><\/td>\n<td width=\"142\">A negociar<\/td>\n<\/tr>\n<tr>\n<td width=\"142\"><strong><b>Detalles del embalaje :<\/b><\/strong><\/td>\n<td width=\"142\">40G o 20GP\/unidad<\/td>\n<td width=\"142\"><strong><b>Tiempo de entrega :<\/b><\/strong><\/td>\n<td width=\"142\">15 d\u00edas a negociar<\/td>\n<\/tr>\n<tr>\n<td width=\"142\"><strong><b>Condiciones de pago :<\/b><\/strong><\/td>\n<td width=\"142\">L\/C, T\/T<\/td>\n<td width=\"142\"><strong><b>Capacidad de suministro :<\/b><\/strong><\/td>\n<td width=\"142\">50 unidades por mes, cabina de pulverizaci\u00f3n industrial, cabina de pulverizaci\u00f3n para autobuses<\/td>\n<\/tr>\n<tr>\n<td width=\"142\"><strong><b>Lugar de origen:<\/b><\/strong><\/td>\n<td width=\"142\">Jiangsu, China<\/td>\n<td width=\"142\"><strong><b>Nombre de la marca:<\/b><\/strong><\/td>\n<td width=\"142\">Autoke<\/td>\n<\/tr>\n<tr>\n<td width=\"142\"><strong><b>Certificaci\u00f3n:<\/b><\/strong><\/td>\n<td width=\"142\">CE<\/td>\n<td width=\"142\"><strong><b>N\u00famero de modelo:<\/b><\/strong><\/td>\n<td width=\"142\">ATK-7000-EH-STD<\/td>\n<\/tr>\n<\/tbody>\n<\/table>\n<p class=\"ds-markdown-paragraph\"><strong>Cabina de pulverizaci\u00f3n el\u00e9ctrica est\u00e1ndar ATK-7000-EH-STD de 7m con calefacci\u00f3n el\u00e9ctrica<\/strong><\/p>\n<p class=\"ds-markdown-paragraph\">Este producto es una cabina de pulverizaci\u00f3n el\u00e9ctrica est\u00e1ndar bien equilibrada, estable y confiable, adecuada para diversos talleres de reparaci\u00f3n de autom\u00f3viles, estaciones profesionales de carrocer\u00eda y pintura, y l\u00edneas de recubrimiento industrial. Utilizando calefacci\u00f3n el\u00e9ctrica limpia, ventilaci\u00f3n potente y un sistema de filtraci\u00f3n de alta eficiencia, garantiza una calidad de pintura superior mientras ofrece un espacio de trabajo limpio, control preciso de la temperatura y operaci\u00f3n inteligente\u2014una opci\u00f3n ideal para aplicaciones de pintura de gama media a alta.<\/p>\n<p class=\"ds-markdown-paragraph\"><strong>Ventajas principales:<\/strong><\/p>\n<p class=\"ds-markdown-paragraph\">\u2705\u00a0<strong>Sistema de calefacci\u00f3n el\u00e9ctrica de alta eficiencia<\/strong><br \/>\nEquipado con 10 conjuntos de l\u00e1mparas infrarrojas hal\u00f3genas de secado con una potencia total de 30KW. Calienta hasta 40\u00b0C en 5\u20138 minutos, con una temperatura m\u00e1xima de secado de 80\u00b0C. Sin gases de combusti\u00f3n, lo que lo hace ecol\u00f3gico y limpio\u2014ideal para talleres en interiores con requisitos estrictos de calidad del aire.<\/p>\n<p class=\"ds-markdown-paragraph\">\u2705\u00a0<strong>Ventilaci\u00f3n potente y control del flujo de aire<\/strong><br \/>\nCuenta con 2\u00d74KW de ventiladores centr\u00edfugos de doble entrada que proporcionan un suministro de aire total de 30,000 m\u00b3\/h, junto con un ventilador de extracci\u00f3n de alta eficiencia de 5.5KW (19,000 m\u00b3\/h). Crea un flujo de aire descendente estable para asegurar la r\u00e1pida eliminaci\u00f3n de la niebla de pintura, mejorando la seguridad del operador y la calidad del acabado.<\/p>\n<p class=\"ds-markdown-paragraph\">\u2705\u00a0<strong>Sistema de filtraci\u00f3n de precisi\u00f3n en tres etapas<\/strong><br \/>\nIncluye un filtro primario (&gt;10\u03bcm, eficiencia &gt;90%), un filtro de techo de alta eficiencia (&gt;4\u03bcm, eficiencia &gt;98%) y un filtro de suelo de fibra de vidrio multicapa (&gt;90%). La purificaci\u00f3n multicapa garantiza un espacio de pintura limpio.<\/p>\n<p class=\"ds-markdown-paragraph\">\u2705\u00a0<strong>Construcci\u00f3n resistente y duradera<\/strong><br \/>\nLas paredes est\u00e1n construidas con paneles de acero galvanizado de doble capa, resistentes al fuego, aislados con lana de roca de alta densidad (100kg\/m\u00b3) para aislamiento t\u00e9rmico y ac\u00fastico. El suelo es una plataforma elevada de 300mm de altura, hecha de l\u00e1minas de acero galvanizado con rejillas galvanizadas anticorrosivas, soportando m\u00e1s de 5 toneladas para uso industrial de alta frecuencia.<\/p>\n<p class=\"ds-markdown-paragraph\">\u2705\u00a0<strong>Panel de control inteligente integrado<\/strong><br \/>\nUna interfaz de control unificada que integra funciones de pintura, secado, temporizador, control de temperatura, iluminaci\u00f3n y parada de emergencia. La operaci\u00f3n f\u00e1cil de usar soporta la estandarizaci\u00f3n del proceso, mejorando la eficiencia y la seguridad.<\/p>\n<p class=\"ds-markdown-paragraph\">\u2705\u00a0<strong>Configuraci\u00f3n profesional de iluminaci\u00f3n<\/strong><br \/>\n24\u00d718W de luces LED en el techo (montadas en \u00e1ngulo de 45\u00b0) y 8\u00d748W de luces auxiliares en las paredes laterales proporcionan una iluminaci\u00f3n uniforme y sin sombras para una visibilidad clara durante trabajos detallados de pintura.<\/p>\n<p class=\"ds-markdown-paragraph\"><strong>Especificaciones t\u00e9cnicas principales:<\/strong><\/p>\n<ul>\n<li>\n<p class=\"ds-markdown-paragraph\">Dimensiones Externas: 7000 \u00d7 4000 \u00d7 3350 mm<\/p>\n<\/li>\n<li>\n<p class=\"ds-markdown-paragraph\">Dimensiones Internas: 6900 \u00d7 3900 \u00d7 2650 mm<\/p>\n<\/li>\n<li>\n<p class=\"ds-markdown-paragraph\">M\u00e9todo de calefacci\u00f3n: Calefacci\u00f3n el\u00e9ctrica (lamparas infrarrojas)<\/p>\n<\/li>\n<li>\n<p class=\"ds-markdown-paragraph\">Potencia de calefacci\u00f3n: 30 KW<\/p>\n<\/li>\n<li>\n<p class=\"ds-markdown-paragraph\">Potencia total: 38 KW<\/p>\n<\/li>\n<li>\n<p class=\"ds-markdown-paragraph\">Voltaje\/Frecuencia: 220V \/ 380V, 50Hz<\/p>\n<\/li>\n<li>\n<p class=\"ds-markdown-paragraph\">Volumen de embalaje: Aproximadamente 19 CBM\/conjunto, peso ~3500 kg<\/p>\n<\/li>\n<li>\n<p class=\"ds-markdown-paragraph\">Recomendaci\u00f3n de contenedor: 1 conjunto \/ contenedor de 20GP, 3 conjuntos \/ contenedor de 40HQ<\/p>\n<\/li>\n<\/ul>\n<p class=\"ds-markdown-paragraph\"><strong>Aplicaciones ideales:<\/strong><\/p>\n<ul>\n<li>\n<p class=\"ds-markdown-paragraph\">Talleres de automoci\u00f3n 4S, centros de reparaci\u00f3n integral y talleres de carrocer\u00eda y pintura<\/p>\n<\/li>\n<li>\n<p class=\"ds-markdown-paragraph\">Pintura para autobuses, camiones y carrocer\u00edas de maquinaria de construcci\u00f3n<\/p>\n<\/li>\n<li>\n<p class=\"ds-markdown-paragraph\">L\u00edneas de recubrimiento para productos met\u00e1licos y equipos industriales<\/p>\n<\/li>\n<li>\n<p class=\"ds-markdown-paragraph\">Talleres de pintura profesionales que requieren una alta limpieza ambiental y precisi\u00f3n en el control de temperatura<\/p>\n<\/li>\n<\/ul>\n<p class=\"ds-markdown-paragraph\">Apoyamos la personalizaci\u00f3n en color, configuraci\u00f3n y estructura parcial para ofrecer soluciones que se ajusten mejor a sus necesidades de producci\u00f3n.<\/p>\n<p class=\"ds-markdown-paragraph\"><strong>Contacte a nuestro equipo t\u00e9cnico para obtener documentos t\u00e9cnicos detallados, opciones de configuraci\u00f3n y una cotizaci\u00f3n personalizada.<\/strong><\/p>","protected":false},"excerpt":{"rendered":"<p>La cabina de pulverizaci\u00f3n el\u00e9ctrica est\u00e1ndar ATK-7000-EH-STD de 7 metros est\u00e1 dise\u00f1ada para reparaci\u00f3n de autom\u00f3viles, pintura de carrocer\u00eda y aplicaciones de recubrimiento industrial. Con un sistema de calefacci\u00f3n por l\u00e1mparas infrarrojas eficiente de 30KW para un calentamiento r\u00e1pido en 5-8 minutos, filtraci\u00f3n de precisi\u00f3n en tres etapas y control inteligente, proporciona un entorno de pintura profesional limpio, estable y ahorrador de energ\u00eda.<\/p>","protected":false},"featured_media":3173,"comment_status":"open","ping_status":"closed","template":"","meta":[],"product_brand":[76],"product_cat":[60,59],"product_tag":[75,74,79,73,89,91,93,63,72,86,71,68,64,70],"class_list":{"0":"post-3284","1":"product","2":"type-product","3":"status-publish","4":"has-post-thumbnail","6":"product_brand-autoke","7":"product_cat-car-spray-booth","8":"product_cat-spray-booth","9":"product_tag-8m-diesel-car-paint-booth","10":"product_tag-8m-electric-car-paint-booth","11":"product_tag-automotive-spray-booth","12":"product_tag-automotive-spray-booth-manufacturer","13":"product_tag-baking-oven-for-bus","14":"product_tag-bus-paint-baking-oven","15":"product_tag-bus-spray-booth-baking-system","16":"product_tag-car-spray-booth","17":"product_tag-car-spray-booth-factory","18":"product_tag-commercial-vehicle-spray-booth","19":"product_tag-competitive-price-spray-booths","20":"product_tag-customized-car-spray-booth","21":"product_tag-environmentally-friendly-car-spray-booth","22":"product_tag-high-quality-spray-booths","24":"first","25":"instock","26":"shipping-taxable","27":"product-type-simple"},"yoast_head":"<!-- This site is optimized with the Yoast SEO plugin v27.4 - https:\/\/yoast.com\/product\/yoast-seo-wordpress\/ -->\n<title>ATK-7000-EH-STD 7m Standard Electric Spray Booth | High-Efficiency &amp; Eco-Friendly Painting Equipment | Industrial-Grade Solution for Auto Repair | Customizable | Factory Direct Supply - Autoke-China Paint Booth Manufacturer<\/title>\n<meta name=\"robots\" content=\"index, follow, max-snippet:-1, max-image-preview:large, max-video-preview:-1\" \/>\n<link rel=\"canonical\" href=\"https:\/\/sprayboothmanufacturer.com\/es\/producto\/7m-standard-electric-spray-booth\/\" \/>\n<meta property=\"og:locale\" content=\"es_ES\" \/>\n<meta property=\"og:type\" content=\"article\" \/>\n<meta property=\"og:title\" content=\"ATK-7000-EH-STD 7m Standard Electric Spray Booth | High-Efficiency &amp; Eco-Friendly Painting Equipment | Industrial-Grade Solution for Auto Repair | Customizable | Factory Direct Supply - Autoke-China Paint Booth Manufacturer\" \/>\n<meta property=\"og:description\" content=\"The ATK-7000-EH-STD is a 7-meter standard electric spray booth designed for automotive repair, bodywork painting, and industrial coating applications. Featuring a 30KW efficient infrared lamp heating system for rapid warm-up within 5-8 minutes, triple-stage precision filtration, and intelligent control, it provides a clean, stable, and energy-saving professional painting environment.\" \/>\n<meta property=\"og:url\" content=\"https:\/\/sprayboothmanufacturer.com\/es\/producto\/7m-standard-electric-spray-booth\/\" \/>\n<meta property=\"og:site_name\" content=\"Autoke-China Paint Booth Manufacturer\" \/>\n<meta property=\"og:image\" content=\"https:\/\/sprayboothmanufacturer.com\/wp-content\/uploads\/2026\/02\/3.png\" \/>\n\t<meta property=\"og:image:width\" content=\"800\" \/>\n\t<meta property=\"og:image:height\" content=\"800\" \/>\n\t<meta property=\"og:image:type\" content=\"image\/png\" \/>\n<meta name=\"twitter:card\" content=\"summary_large_image\" \/>\n<meta name=\"twitter:label1\" content=\"Est. reading time\" \/>\n\t<meta name=\"twitter:data1\" content=\"3 minutos\" \/>\n<script type=\"application\/ld+json\" class=\"yoast-schema-graph\">{\"@context\":\"https:\\\/\\\/schema.org\",\"@graph\":[{\"@type\":\"WebPage\",\"@id\":\"https:\\\/\\\/sprayboothmanufacturer.com\\\/product\\\/7m-standard-electric-spray-booth\\\/\",\"url\":\"https:\\\/\\\/sprayboothmanufacturer.com\\\/product\\\/7m-standard-electric-spray-booth\\\/\",\"name\":\"ATK-7000-EH-STD 7m Standard Electric Spray Booth | High-Efficiency & Eco-Friendly Painting Equipment | Industrial-Grade Solution for Auto Repair | Customizable | Factory Direct Supply - Autoke-China Paint Booth Manufacturer\",\"isPartOf\":{\"@id\":\"https:\\\/\\\/sprayboothmanufacturer.com\\\/#website\"},\"primaryImageOfPage\":{\"@id\":\"https:\\\/\\\/sprayboothmanufacturer.com\\\/product\\\/7m-standard-electric-spray-booth\\\/#primaryimage\"},\"image\":{\"@id\":\"https:\\\/\\\/sprayboothmanufacturer.com\\\/product\\\/7m-standard-electric-spray-booth\\\/#primaryimage\"},\"thumbnailUrl\":\"https:\\\/\\\/sprayboothmanufacturer.com\\\/wp-content\\\/uploads\\\/2026\\\/02\\\/3.png\",\"datePublished\":\"2026-02-06T03:35:31+00:00\",\"breadcrumb\":{\"@id\":\"https:\\\/\\\/sprayboothmanufacturer.com\\\/product\\\/7m-standard-electric-spray-booth\\\/#breadcrumb\"},\"inLanguage\":\"es\",\"potentialAction\":[{\"@type\":\"ReadAction\",\"target\":[\"https:\\\/\\\/sprayboothmanufacturer.com\\\/product\\\/7m-standard-electric-spray-booth\\\/\"]}]},{\"@type\":\"ImageObject\",\"inLanguage\":\"es\",\"@id\":\"https:\\\/\\\/sprayboothmanufacturer.com\\\/product\\\/7m-standard-electric-spray-booth\\\/#primaryimage\",\"url\":\"https:\\\/\\\/sprayboothmanufacturer.com\\\/wp-content\\\/uploads\\\/2026\\\/02\\\/3.png\",\"contentUrl\":\"https:\\\/\\\/sprayboothmanufacturer.com\\\/wp-content\\\/uploads\\\/2026\\\/02\\\/3.png\",\"width\":800,\"height\":800},{\"@type\":\"BreadcrumbList\",\"@id\":\"https:\\\/\\\/sprayboothmanufacturer.com\\\/product\\\/7m-standard-electric-spray-booth\\\/#breadcrumb\",\"itemListElement\":[{\"@type\":\"ListItem\",\"position\":1,\"name\":\"Home\",\"item\":\"https:\\\/\\\/sprayboothmanufacturer.com\\\/\"},{\"@type\":\"ListItem\",\"position\":2,\"name\":\"\u4ea7\u54c1\",\"item\":\"https:\\\/\\\/sprayboothmanufacturer.com\\\/shop__trashed\\\/\"},{\"@type\":\"ListItem\",\"position\":3,\"name\":\"ATK-7000-EH-STD 7m Standard Electric Spray Booth | High-Efficiency &#038; Eco-Friendly Painting Equipment | Industrial-Grade Solution for Auto Repair | Customizable | Factory Direct Supply\"}]},{\"@type\":\"WebSite\",\"@id\":\"https:\\\/\\\/sprayboothmanufacturer.com\\\/#website\",\"url\":\"https:\\\/\\\/sprayboothmanufacturer.com\\\/\",\"name\":\"Autoke-China Paint Booth Manufacturer\",\"description\":\"\",\"publisher\":{\"@id\":\"https:\\\/\\\/sprayboothmanufacturer.com\\\/#organization\"},\"potentialAction\":[{\"@type\":\"SearchAction\",\"target\":{\"@type\":\"EntryPoint\",\"urlTemplate\":\"https:\\\/\\\/sprayboothmanufacturer.com\\\/?s={search_term_string}\"},\"query-input\":{\"@type\":\"PropertyValueSpecification\",\"valueRequired\":true,\"valueName\":\"search_term_string\"}}],\"inLanguage\":\"es\"},{\"@type\":\"Organization\",\"@id\":\"https:\\\/\\\/sprayboothmanufacturer.com\\\/#organization\",\"name\":\"Autoke-China Paint Booth Manufacturer\",\"url\":\"https:\\\/\\\/sprayboothmanufacturer.com\\\/\",\"logo\":{\"@type\":\"ImageObject\",\"inLanguage\":\"es\",\"@id\":\"https:\\\/\\\/sprayboothmanufacturer.com\\\/#\\\/schema\\\/logo\\\/image\\\/\",\"url\":\"https:\\\/\\\/sprayboothmanufacturer.com\\\/wp-content\\\/uploads\\\/2025\\\/12\\\/\u5fae\u4fe1\u56fe\u7247_20260113195103_1750_4-scaled-e1768394147958.png\",\"contentUrl\":\"https:\\\/\\\/sprayboothmanufacturer.com\\\/wp-content\\\/uploads\\\/2025\\\/12\\\/\u5fae\u4fe1\u56fe\u7247_20260113195103_1750_4-scaled-e1768394147958.png\",\"width\":1740,\"height\":538,\"caption\":\"Autoke-China Paint Booth Manufacturer\"},\"image\":{\"@id\":\"https:\\\/\\\/sprayboothmanufacturer.com\\\/#\\\/schema\\\/logo\\\/image\\\/\"}}]}<\/script>\n<!-- \/ Yoast SEO plugin. -->","yoast_head_json":{"title":"ATK-7000-EH-STD Cabina de pulverizaci\u00f3n el\u00e9ctrica est\u00e1ndar de 7m | Equipamiento de pintura de alta eficiencia y ecol\u00f3gico | Soluci\u00f3n industrial para reparaci\u00f3n de autom\u00f3viles | Personalizable | Suministro directo de f\u00e1brica - Fabricante de cabinas de pintura Autoke-China","robots":{"index":"index","follow":"follow","max-snippet":"max-snippet:-1","max-image-preview":"max-image-preview:large","max-video-preview":"max-video-preview:-1"},"canonical":"https:\/\/sprayboothmanufacturer.com\/es\/producto\/7m-standard-electric-spray-booth\/","og_locale":"es_ES","og_type":"article","og_title":"ATK-7000-EH-STD 7m Standard Electric Spray Booth | High-Efficiency & Eco-Friendly Painting Equipment | Industrial-Grade Solution for Auto Repair | Customizable | Factory Direct Supply - Autoke-China Paint Booth Manufacturer","og_description":"The ATK-7000-EH-STD is a 7-meter standard electric spray booth designed for automotive repair, bodywork painting, and industrial coating applications. Featuring a 30KW efficient infrared lamp heating system for rapid warm-up within 5-8 minutes, triple-stage precision filtration, and intelligent control, it provides a clean, stable, and energy-saving professional painting environment.","og_url":"https:\/\/sprayboothmanufacturer.com\/es\/producto\/7m-standard-electric-spray-booth\/","og_site_name":"Autoke-China Paint Booth Manufacturer","og_image":[{"width":800,"height":800,"url":"https:\/\/sprayboothmanufacturer.com\/wp-content\/uploads\/2026\/02\/3.png","type":"image\/png"}],"twitter_card":"summary_large_image","twitter_misc":{"Est. reading time":"3 minutos"},"schema":{"@context":"https:\/\/schema.org","@graph":[{"@type":"WebPage","@id":"https:\/\/sprayboothmanufacturer.com\/product\/7m-standard-electric-spray-booth\/","url":"https:\/\/sprayboothmanufacturer.com\/product\/7m-standard-electric-spray-booth\/","name":"ATK-7000-EH-STD Cabina de pulverizaci\u00f3n el\u00e9ctrica est\u00e1ndar de 7m | Equipamiento de pintura de alta eficiencia y ecol\u00f3gico | Soluci\u00f3n industrial para reparaci\u00f3n de autom\u00f3viles | Personalizable | Suministro directo de f\u00e1brica - Fabricante de cabinas de pintura Autoke-China","isPartOf":{"@id":"https:\/\/sprayboothmanufacturer.com\/#website"},"primaryImageOfPage":{"@id":"https:\/\/sprayboothmanufacturer.com\/product\/7m-standard-electric-spray-booth\/#primaryimage"},"image":{"@id":"https:\/\/sprayboothmanufacturer.com\/product\/7m-standard-electric-spray-booth\/#primaryimage"},"thumbnailUrl":"https:\/\/sprayboothmanufacturer.com\/wp-content\/uploads\/2026\/02\/3.png","datePublished":"2026-02-06T03:35:31+00:00","breadcrumb":{"@id":"https:\/\/sprayboothmanufacturer.com\/product\/7m-standard-electric-spray-booth\/#breadcrumb"},"inLanguage":"es","potentialAction":[{"@type":"ReadAction","target":["https:\/\/sprayboothmanufacturer.com\/product\/7m-standard-electric-spray-booth\/"]}]},{"@type":"ImageObject","inLanguage":"es","@id":"https:\/\/sprayboothmanufacturer.com\/product\/7m-standard-electric-spray-booth\/#primaryimage","url":"https:\/\/sprayboothmanufacturer.com\/wp-content\/uploads\/2026\/02\/3.png","contentUrl":"https:\/\/sprayboothmanufacturer.com\/wp-content\/uploads\/2026\/02\/3.png","width":800,"height":800},{"@type":"BreadcrumbList","@id":"https:\/\/sprayboothmanufacturer.com\/product\/7m-standard-electric-spray-booth\/#breadcrumb","itemListElement":[{"@type":"ListItem","position":1,"name":"Home","item":"https:\/\/sprayboothmanufacturer.com\/"},{"@type":"ListItem","position":2,"name":"\u4ea7\u54c1","item":"https:\/\/sprayboothmanufacturer.com\/shop__trashed\/"},{"@type":"ListItem","position":3,"name":"ATK-7000-EH-STD 7m Standard Electric Spray Booth | High-Efficiency &#038; Eco-Friendly Painting Equipment | Industrial-Grade Solution for Auto Repair | Customizable | Factory Direct Supply"}]},{"@type":"WebSite","@id":"https:\/\/sprayboothmanufacturer.com\/#website","url":"https:\/\/sprayboothmanufacturer.com\/","name":"Fabricante de cabinas de pintura Autoke-China","description":"","publisher":{"@id":"https:\/\/sprayboothmanufacturer.com\/#organization"},"potentialAction":[{"@type":"SearchAction","target":{"@type":"EntryPoint","urlTemplate":"https:\/\/sprayboothmanufacturer.com\/?s={search_term_string}"},"query-input":{"@type":"PropertyValueSpecification","valueRequired":true,"valueName":"search_term_string"}}],"inLanguage":"es"},{"@type":"Organization","@id":"https:\/\/sprayboothmanufacturer.com\/#organization","name":"Fabricante de cabinas de pintura Autoke-China","url":"https:\/\/sprayboothmanufacturer.com\/","logo":{"@type":"ImageObject","inLanguage":"es","@id":"https:\/\/sprayboothmanufacturer.com\/#\/schema\/logo\/image\/","url":"https:\/\/sprayboothmanufacturer.com\/wp-content\/uploads\/2025\/12\/\u5fae\u4fe1\u56fe\u7247_20260113195103_1750_4-scaled-e1768394147958.png","contentUrl":"https:\/\/sprayboothmanufacturer.com\/wp-content\/uploads\/2025\/12\/\u5fae\u4fe1\u56fe\u7247_20260113195103_1750_4-scaled-e1768394147958.png","width":1740,"height":538,"caption":"Autoke-China Paint Booth Manufacturer"},"image":{"@id":"https:\/\/sprayboothmanufacturer.com\/#\/schema\/logo\/image\/"}}]}},"_links":{"self":[{"href":"https:\/\/sprayboothmanufacturer.com\/es\/wp-json\/wp\/v2\/product\/3284","targetHints":{"allow":["GET"]}}],"collection":[{"href":"https:\/\/sprayboothmanufacturer.com\/es\/wp-json\/wp\/v2\/product"}],"about":[{"href":"https:\/\/sprayboothmanufacturer.com\/es\/wp-json\/wp\/v2\/types\/product"}],"replies":[{"embeddable":true,"href":"https:\/\/sprayboothmanufacturer.com\/es\/wp-json\/wp\/v2\/comments?post=3284"}],"version-history":[{"count":1,"href":"https:\/\/sprayboothmanufacturer.com\/es\/wp-json\/wp\/v2\/product\/3284\/revisions"}],"predecessor-version":[{"id":3285,"href":"https:\/\/sprayboothmanufacturer.com\/es\/wp-json\/wp\/v2\/product\/3284\/revisions\/3285"}],"wp:featuredmedia":[{"embeddable":true,"href":"https:\/\/sprayboothmanufacturer.com\/es\/wp-json\/wp\/v2\/media\/3173"}],"wp:attachment":[{"href":"https:\/\/sprayboothmanufacturer.com\/es\/wp-json\/wp\/v2\/media?parent=3284"}],"wp:term":[{"taxonomy":"product_brand","embeddable":true,"href":"https:\/\/sprayboothmanufacturer.com\/es\/wp-json\/wp\/v2\/product_brand?post=3284"},{"taxonomy":"product_cat","embeddable":true,"href":"https:\/\/sprayboothmanufacturer.com\/es\/wp-json\/wp\/v2\/product_cat?post=3284"},{"taxonomy":"product_tag","embeddable":true,"href":"https:\/\/sprayboothmanufacturer.com\/es\/wp-json\/wp\/v2\/product_tag?post=3284"}],"curies":[{"name":"wp","href":"https:\/\/api.w.org\/{rel}","templated":true}]}}