{"id":3282,"date":"2026-02-06T03:09:49","date_gmt":"2026-02-06T03:09:49","guid":{"rendered":"https:\/\/sprayboothmanufacturer.com\/?post_type=product&#038;p=3282"},"modified":"2026-02-06T03:09:49","modified_gmt":"2026-02-06T03:09:49","slug":"7m-electric-spray-booth-drying-room-combo","status":"publish","type":"product","link":"https:\/\/sprayboothmanufacturer.com\/es\/product\/7m-electric-spray-booth-drying-room-combo\/","title":{"rendered":"ATK-7000-EH-DR Combinaci\u00f3n de cabina de pulverizaci\u00f3n el\u00e9ctrica y sala de secado de 7m | Soluci\u00f3n integrada de pintura y curado | Configuraci\u00f3n profesional para talleres de carrocer\u00eda | Personalizable | Directo de f\u00e1brica"},"content":{"rendered":"<table style=\"height: 215px;\" width=\"805\">\n<tbody>\n<tr>\n<td width=\"142\"><strong><b>Cantidad m\u00ednima de pedido :<\/b><\/strong><\/td>\n<td width=\"142\">1 pieza<\/td>\n<td width=\"142\"><strong><b>Precio :<\/b><\/strong><\/td>\n<td width=\"142\">A negociar<\/td>\n<\/tr>\n<tr>\n<td width=\"142\"><strong><b>Detalles del embalaje :<\/b><\/strong><\/td>\n<td width=\"142\">40G o 20GP\/unidad<\/td>\n<td width=\"142\"><strong><b>Tiempo de entrega :<\/b><\/strong><\/td>\n<td width=\"142\">15 d\u00edas a negociar<\/td>\n<\/tr>\n<tr>\n<td width=\"142\"><strong><b>Condiciones de pago :<\/b><\/strong><\/td>\n<td width=\"142\">L\/C, T\/T<\/td>\n<td width=\"142\"><strong><b>Capacidad de suministro :<\/b><\/strong><\/td>\n<td width=\"142\">50 unidades por mes, cabina de pulverizaci\u00f3n industrial, cabina de pulverizaci\u00f3n para autobuses<\/td>\n<\/tr>\n<tr>\n<td width=\"142\"><strong><b>Lugar de origen:<\/b><\/strong><\/td>\n<td width=\"142\">Jiangsu, China<\/td>\n<td width=\"142\"><strong><b>Nombre de la marca:<\/b><\/strong><\/td>\n<td width=\"142\">Autoke<\/td>\n<\/tr>\n<tr>\n<td width=\"142\"><strong><b>Certificaci\u00f3n:<\/b><\/strong><\/td>\n<td width=\"142\">CE<\/td>\n<td width=\"142\"><strong><b>N\u00famero de modelo:<\/b><\/strong><\/td>\n<td width=\"142\">ATK-7000-EH-DR<\/td>\n<\/tr>\n<\/tbody>\n<\/table>\n<p class=\"ds-markdown-paragraph\"><strong>ATK-7000-EH-DR Cabina de pulverizaci\u00f3n el\u00e9ctrica de 7m y sala de secado profesional<\/strong><\/p>\n<p class=\"ds-markdown-paragraph\">Este producto ofrece una soluci\u00f3n integrada para los procesos de pintura y curado, separando cient\u00edficamente las operaciones de pulverizaci\u00f3n del curado de la pel\u00edcula. Permite operaci\u00f3n simult\u00e1nea o independiente, mejorando significativamente la eficiencia del flujo de trabajo y la calidad del acabado. Ideal para negocios de reparaci\u00f3n automotriz, centros de colisi\u00f3n profesionales y l\u00edneas de pintura industrial con mayores demandas en ciclo de producci\u00f3n, control ambiental y est\u00e1ndares de acabado.<\/p>\n<p class=\"ds-markdown-paragraph\"><strong>Componentes y funciones del sistema:<\/strong><\/p>\n<p class=\"ds-markdown-paragraph\"><strong>1. Cabina principal de pulverizaci\u00f3n (Zona de pintura)<\/strong><\/p>\n<ul>\n<li>\n<p class=\"ds-markdown-paragraph\"><strong>Dimensiones:<\/strong>\u00a0Externo: 7000\u00d74000\u00d73350mm | Interno: 6900\u00d73900\u00d72650mm<\/p>\n<\/li>\n<li>\n<p class=\"ds-markdown-paragraph\"><strong>Sistema de calefacci\u00f3n:<\/strong>\u00a0Calefacci\u00f3n el\u00e9ctrica (220V\/380V). 10 conjuntos de l\u00e1mparas hal\u00f3genas infrarrojas de secado, total 30KW. Calienta a 40\u00b0C en 5-8 minutos, m\u00e1ximo 80\u00b0C.<\/p>\n<\/li>\n<li>\n<p class=\"ds-markdown-paragraph\"><strong>Ventilaci\u00f3n:<\/strong>\u00a02\u00d7ventiladores centr\u00edfugos de doble entrada de 4KW (caudal total de 30,000 m\u00b3\/h) | 1\u00d7ventilador de extracci\u00f3n de alta eficiencia de 5.5KW (19,000 m\u00b3\/h).<\/p>\n<\/li>\n<li>\n<p class=\"ds-markdown-paragraph\"><strong>Filtraci\u00f3n:<\/strong>\u00a0Filtraci\u00f3n de precisi\u00f3n en tres etapas (Primaria &gt;90%, Techo &gt;98%, Piso &gt;90%).<\/p>\n<\/li>\n<li>\n<p class=\"ds-markdown-paragraph\"><strong>Control:<\/strong>\u00a0Panel inteligente que integra pintura, secado, temporizador, control de temperatura, iluminaci\u00f3n y parada de emergencia.<\/p>\n<\/li>\n<\/ul>\n<p class=\"ds-markdown-paragraph\"><strong>2. Sala de secado independiente (Zona de curado)<\/strong><\/p>\n<ul>\n<li>\n<p class=\"ds-markdown-paragraph\"><strong>Dimensiones:<\/strong>\u00a0Mismas especificaciones que la cabina de pulverizaci\u00f3n para un traslado suave de las piezas de trabajo.<\/p>\n<\/li>\n<li>\n<p class=\"ds-markdown-paragraph\"><strong>Sistema de calefacci\u00f3n:<\/strong>\u00a0Calefacci\u00f3n el\u00e9ctrica independiente (220V\/380V), l\u00e1mparas hal\u00f3genas infrarrojas de 24KW. Soporta secado continuo a alta temperatura hasta 80\u00b0C.<\/p>\n<\/li>\n<li>\n<p class=\"ds-markdown-paragraph\"><strong>Funci\u00f3n:<\/strong>\u00a0Dedicada al curado de la pel\u00edcula de pintura, secado de piezas, precalentamiento de materiales, etc. Previene interferencias entre los procesos de pulverizaci\u00f3n y secado, mejorando la eficiencia energ\u00e9tica y la seguridad operativa.<\/p>\n<\/li>\n<\/ul>\n<p class=\"ds-markdown-paragraph\"><strong>Ventajas del Combo:<\/strong><\/p>\n<ul>\n<li>\n<p class=\"ds-markdown-paragraph\"><strong>Separaci\u00f3n de Procesos, Aumento de Eficiencia:<\/strong>\u00a0El pintado y el secado pueden ocurrir simult\u00e1neamente, reduciendo el tiempo de rotaci\u00f3n de la pieza de trabajo y aumentando la producci\u00f3n.<\/p>\n<\/li>\n<li>\n<p class=\"ds-markdown-paragraph\"><strong>Entornos Independientes, Garant\u00eda de Calidad:<\/strong>\u00a0La sala de secado funciona de manera independiente, evitando que las sustancias vol\u00e1tiles liberadas durante el curado afecten el entorno de pintado, asegurando la limpieza del acabado.<\/p>\n<\/li>\n<li>\n<p class=\"ds-markdown-paragraph\"><strong>Ahorro de Energ\u00eda y Controlable:<\/strong>\u00a0Dos sistemas independientes con controles de temperatura separados que pueden activarse seg\u00fan sea necesario, reduciendo el desperdicio de energ\u00eda.<\/p>\n<\/li>\n<li>\n<p class=\"ds-markdown-paragraph\"><strong>Dise\u00f1o Flexible:<\/strong>\u00a0Puede instalarse lado a lado o en serie seg\u00fan la distribuci\u00f3n del taller, adapt\u00e1ndose a diversas condiciones del sitio.<\/p>\n<\/li>\n<li>\n<p class=\"ds-markdown-paragraph\"><strong>Estructura Unificada, Mantenimiento F\u00e1cil:<\/strong>\u00a0Ambas unidades comparten especificaciones id\u00e9nticas de paredes, techo y suelo, permitiendo piezas de repuesto comunes y menores costos de mantenimiento.<\/p>\n<\/li>\n<\/ul>\n<p class=\"ds-markdown-paragraph\"><strong>Especificaciones t\u00e9cnicas principales:<\/strong><\/p>\n<ul>\n<li>\n<p class=\"ds-markdown-paragraph\">Dimensiones Externas de la Unidad \u00danica: 7000\u00d74000\u00d73350 mm<\/p>\n<\/li>\n<li>\n<p class=\"ds-markdown-paragraph\">Dimensiones Internas de la Unidad \u00danica: 6900\u00d73900\u00d72650 mm<\/p>\n<\/li>\n<li>\n<p class=\"ds-markdown-paragraph\">Potencia Total de la Cabina de Pintura: 38 KW (Versi\u00f3n con Calefacci\u00f3n El\u00e9ctrica)<\/p>\n<\/li>\n<li>\n<p class=\"ds-markdown-paragraph\">Potencia de Calefacci\u00f3n de la Sala de Secado: 24 KW<\/p>\n<\/li>\n<li>\n<p class=\"ds-markdown-paragraph\">Voltaje\/Frecuencia: 220V\/380V, 50Hz<\/p>\n<\/li>\n<li>\n<p class=\"ds-markdown-paragraph\">Volumen de Embalaje: Aproximadamente 19 CBM por unidad<\/p>\n<\/li>\n<\/ul>\n<p class=\"ds-markdown-paragraph\"><strong>Aplicaciones ideales:<\/strong><\/p>\n<ul>\n<li>\n<p class=\"ds-markdown-paragraph\">Talleres de reparaci\u00f3n de autom\u00f3viles medianos a grandes y centros 4S especializados en carrocer\u00eda y pintura<\/p>\n<\/li>\n<li>\n<p class=\"ds-markdown-paragraph\">Empresas profesionales de reparaci\u00f3n y pintura de carrocer\u00edas de autobuses y camiones<\/p>\n<\/li>\n<li>\n<p class=\"ds-markdown-paragraph\">Talleres de fabricaci\u00f3n industrial con operaciones de pintura por lotes<\/p>\n<\/li>\n<li>\n<p class=\"ds-markdown-paragraph\">Usuarios que buscan flujos de trabajo de l\u00ednea de producci\u00f3n de alta eficiencia y alta calidad<\/p>\n<\/li>\n<\/ul>\n<p class=\"ds-markdown-paragraph\">Proporcionamos soporte t\u00e9cnico integral desde la planificaci\u00f3n del dise\u00f1o y la configuraci\u00f3n del equipo hasta la orientaci\u00f3n en la instalaci\u00f3n.<\/p>\n<p class=\"ds-markdown-paragraph\"><strong>P\u00f3ngase en contacto con nuestro equipo t\u00e9cnico para propuestas de distribuci\u00f3n de taller, listas de configuraci\u00f3n detalladas y presupuestos de paquetes combinados.<\/strong><\/p>","protected":false},"excerpt":{"rendered":"<p>El ATK-7000-EH-DR es un paquete completo de estaci\u00f3n de pintura y curado, que cuenta con una cabina de pulverizaci\u00f3n el\u00e9ctrica de 7 m junto con una sala de secado independiente de tama\u00f1o id\u00e9ntico. Con un sistema de calefacci\u00f3n por l\u00e1mpara infrarroja de 30KW, ventilaci\u00f3n potente y filtraci\u00f3n en tres etapas, ofrece cobertura total desde la pulverizaci\u00f3n hasta el curado, dise\u00f1ado para operaciones de reparaci\u00f3n automotriz y recubrimientos industriales de volumen medio a alto.<\/p>","protected":false},"featured_media":3197,"comment_status":"open","ping_status":"closed","template":"","meta":[],"product_brand":[76],"product_cat":[60,59],"product_tag":[79,73,89,91,63,72,67,69,94,86,71,68],"class_list":{"0":"post-3282","1":"product","2":"type-product","3":"status-publish","4":"has-post-thumbnail","6":"product_brand-autoke","7":"product_cat-car-spray-booth","8":"product_cat-spray-booth","9":"product_tag-automotive-spray-booth","10":"product_tag-automotive-spray-booth-manufacturer","11":"product_tag-baking-oven-for-bus","12":"product_tag-bus-paint-baking-oven","13":"product_tag-car-spray-booth","14":"product_tag-car-spray-booth-factory","15":"product_tag-car-spray-booth-manufacturing","16":"product_tag-ce-car-spray-booth","17":"product_tag-commercial-vehicle-paint-curing-oven","18":"product_tag-commercial-vehicle-spray-booth","19":"product_tag-competitive-price-spray-booths","20":"product_tag-customized-car-spray-booth","22":"first","23":"instock","24":"shipping-taxable","25":"product-type-simple"},"yoast_head":"<!-- This site is optimized with the Yoast SEO plugin v27.4 - https:\/\/yoast.com\/product\/yoast-seo-wordpress\/ -->\n<title>ATK-7000-EH-DR 7m Electric Spray Booth &amp; Drying Room Combo | Integrated Painting &amp; Curing Solution | Professional Setup for Auto Body Shops | Customizable | Factory Direct - Autoke-China Paint Booth Manufacturer<\/title>\n<meta name=\"robots\" content=\"index, follow, max-snippet:-1, max-image-preview:large, max-video-preview:-1\" \/>\n<link rel=\"canonical\" href=\"https:\/\/sprayboothmanufacturer.com\/es\/producto\/7m-electric-spray-booth-drying-room-combo\/\" \/>\n<meta property=\"og:locale\" content=\"es_ES\" \/>\n<meta property=\"og:type\" content=\"article\" \/>\n<meta property=\"og:title\" content=\"ATK-7000-EH-DR 7m Electric Spray Booth &amp; Drying Room Combo | Integrated Painting &amp; Curing Solution | Professional Setup for Auto Body Shops | Customizable | Factory Direct - Autoke-China Paint Booth Manufacturer\" \/>\n<meta property=\"og:description\" content=\"The ATK-7000-EH-DR is a complete painting and curing workstation package, featuring a 7m electric spray booth paired with an identically sized, standalone drying room. With a 30KW infrared lamp heating system, powerful ventilation, and triple-stage filtration, it provides full-process coverage from spraying to curing, designed for medium-to-high volume automotive repair and industrial coating operations.\" \/>\n<meta property=\"og:url\" content=\"https:\/\/sprayboothmanufacturer.com\/es\/producto\/7m-electric-spray-booth-drying-room-combo\/\" \/>\n<meta property=\"og:site_name\" content=\"Autoke-China Paint Booth Manufacturer\" \/>\n<meta property=\"og:image\" content=\"https:\/\/sprayboothmanufacturer.com\/wp-content\/uploads\/2026\/02\/29.png\" \/>\n\t<meta property=\"og:image:width\" content=\"800\" \/>\n\t<meta property=\"og:image:height\" content=\"800\" \/>\n\t<meta property=\"og:image:type\" content=\"image\/png\" \/>\n<meta name=\"twitter:card\" content=\"summary_large_image\" \/>\n<meta name=\"twitter:label1\" content=\"Est. reading time\" \/>\n\t<meta name=\"twitter:data1\" content=\"3 minutos\" \/>\n<script type=\"application\/ld+json\" class=\"yoast-schema-graph\">{\"@context\":\"https:\\\/\\\/schema.org\",\"@graph\":[{\"@type\":\"WebPage\",\"@id\":\"https:\\\/\\\/sprayboothmanufacturer.com\\\/product\\\/7m-electric-spray-booth-drying-room-combo\\\/\",\"url\":\"https:\\\/\\\/sprayboothmanufacturer.com\\\/product\\\/7m-electric-spray-booth-drying-room-combo\\\/\",\"name\":\"ATK-7000-EH-DR 7m Electric Spray Booth & Drying Room Combo | Integrated Painting & Curing Solution | Professional Setup for Auto Body Shops | Customizable | Factory Direct - Autoke-China Paint Booth Manufacturer\",\"isPartOf\":{\"@id\":\"https:\\\/\\\/sprayboothmanufacturer.com\\\/#website\"},\"primaryImageOfPage\":{\"@id\":\"https:\\\/\\\/sprayboothmanufacturer.com\\\/product\\\/7m-electric-spray-booth-drying-room-combo\\\/#primaryimage\"},\"image\":{\"@id\":\"https:\\\/\\\/sprayboothmanufacturer.com\\\/product\\\/7m-electric-spray-booth-drying-room-combo\\\/#primaryimage\"},\"thumbnailUrl\":\"https:\\\/\\\/sprayboothmanufacturer.com\\\/wp-content\\\/uploads\\\/2026\\\/02\\\/29.png\",\"datePublished\":\"2026-02-06T03:09:49+00:00\",\"breadcrumb\":{\"@id\":\"https:\\\/\\\/sprayboothmanufacturer.com\\\/product\\\/7m-electric-spray-booth-drying-room-combo\\\/#breadcrumb\"},\"inLanguage\":\"es\",\"potentialAction\":[{\"@type\":\"ReadAction\",\"target\":[\"https:\\\/\\\/sprayboothmanufacturer.com\\\/product\\\/7m-electric-spray-booth-drying-room-combo\\\/\"]}]},{\"@type\":\"ImageObject\",\"inLanguage\":\"es\",\"@id\":\"https:\\\/\\\/sprayboothmanufacturer.com\\\/product\\\/7m-electric-spray-booth-drying-room-combo\\\/#primaryimage\",\"url\":\"https:\\\/\\\/sprayboothmanufacturer.com\\\/wp-content\\\/uploads\\\/2026\\\/02\\\/29.png\",\"contentUrl\":\"https:\\\/\\\/sprayboothmanufacturer.com\\\/wp-content\\\/uploads\\\/2026\\\/02\\\/29.png\",\"width\":800,\"height\":800},{\"@type\":\"BreadcrumbList\",\"@id\":\"https:\\\/\\\/sprayboothmanufacturer.com\\\/product\\\/7m-electric-spray-booth-drying-room-combo\\\/#breadcrumb\",\"itemListElement\":[{\"@type\":\"ListItem\",\"position\":1,\"name\":\"Home\",\"item\":\"https:\\\/\\\/sprayboothmanufacturer.com\\\/\"},{\"@type\":\"ListItem\",\"position\":2,\"name\":\"\u4ea7\u54c1\",\"item\":\"https:\\\/\\\/sprayboothmanufacturer.com\\\/shop__trashed\\\/\"},{\"@type\":\"ListItem\",\"position\":3,\"name\":\"ATK-7000-EH-DR 7m Electric Spray Booth &#038; Drying Room Combo | Integrated Painting &#038; Curing Solution | Professional Setup for Auto Body Shops | Customizable | Factory Direct\"}]},{\"@type\":\"WebSite\",\"@id\":\"https:\\\/\\\/sprayboothmanufacturer.com\\\/#website\",\"url\":\"https:\\\/\\\/sprayboothmanufacturer.com\\\/\",\"name\":\"Autoke-China Paint Booth Manufacturer\",\"description\":\"\",\"publisher\":{\"@id\":\"https:\\\/\\\/sprayboothmanufacturer.com\\\/#organization\"},\"potentialAction\":[{\"@type\":\"SearchAction\",\"target\":{\"@type\":\"EntryPoint\",\"urlTemplate\":\"https:\\\/\\\/sprayboothmanufacturer.com\\\/?s={search_term_string}\"},\"query-input\":{\"@type\":\"PropertyValueSpecification\",\"valueRequired\":true,\"valueName\":\"search_term_string\"}}],\"inLanguage\":\"es\"},{\"@type\":\"Organization\",\"@id\":\"https:\\\/\\\/sprayboothmanufacturer.com\\\/#organization\",\"name\":\"Autoke-China Paint Booth Manufacturer\",\"url\":\"https:\\\/\\\/sprayboothmanufacturer.com\\\/\",\"logo\":{\"@type\":\"ImageObject\",\"inLanguage\":\"es\",\"@id\":\"https:\\\/\\\/sprayboothmanufacturer.com\\\/#\\\/schema\\\/logo\\\/image\\\/\",\"url\":\"https:\\\/\\\/sprayboothmanufacturer.com\\\/wp-content\\\/uploads\\\/2025\\\/12\\\/\u5fae\u4fe1\u56fe\u7247_20260113195103_1750_4-scaled-e1768394147958.png\",\"contentUrl\":\"https:\\\/\\\/sprayboothmanufacturer.com\\\/wp-content\\\/uploads\\\/2025\\\/12\\\/\u5fae\u4fe1\u56fe\u7247_20260113195103_1750_4-scaled-e1768394147958.png\",\"width\":1740,\"height\":538,\"caption\":\"Autoke-China Paint Booth Manufacturer\"},\"image\":{\"@id\":\"https:\\\/\\\/sprayboothmanufacturer.com\\\/#\\\/schema\\\/logo\\\/image\\\/\"}}]}<\/script>\n<!-- \/ Yoast SEO plugin. -->","yoast_head_json":{"title":"ATK-7000-EH-DR Cabina de pulverizaci\u00f3n el\u00e9ctrica de 7m y sala de secado combinadas | Soluci\u00f3n integrada de pintura y curado | Configuraci\u00f3n profesional para talleres de carrocer\u00eda | Personalizable | Directo de f\u00e1brica - Fabricante de cabinas de pintura Autoke-China","robots":{"index":"index","follow":"follow","max-snippet":"max-snippet:-1","max-image-preview":"max-image-preview:large","max-video-preview":"max-video-preview:-1"},"canonical":"https:\/\/sprayboothmanufacturer.com\/es\/producto\/7m-electric-spray-booth-drying-room-combo\/","og_locale":"es_ES","og_type":"article","og_title":"ATK-7000-EH-DR 7m Electric Spray Booth & Drying Room Combo | Integrated Painting & Curing Solution | Professional Setup for Auto Body Shops | Customizable | Factory Direct - Autoke-China Paint Booth Manufacturer","og_description":"The ATK-7000-EH-DR is a complete painting and curing workstation package, featuring a 7m electric spray booth paired with an identically sized, standalone drying room. With a 30KW infrared lamp heating system, powerful ventilation, and triple-stage filtration, it provides full-process coverage from spraying to curing, designed for medium-to-high volume automotive repair and industrial coating operations.","og_url":"https:\/\/sprayboothmanufacturer.com\/es\/producto\/7m-electric-spray-booth-drying-room-combo\/","og_site_name":"Autoke-China Paint Booth Manufacturer","og_image":[{"width":800,"height":800,"url":"https:\/\/sprayboothmanufacturer.com\/wp-content\/uploads\/2026\/02\/29.png","type":"image\/png"}],"twitter_card":"summary_large_image","twitter_misc":{"Est. reading time":"3 minutos"},"schema":{"@context":"https:\/\/schema.org","@graph":[{"@type":"WebPage","@id":"https:\/\/sprayboothmanufacturer.com\/product\/7m-electric-spray-booth-drying-room-combo\/","url":"https:\/\/sprayboothmanufacturer.com\/product\/7m-electric-spray-booth-drying-room-combo\/","name":"ATK-7000-EH-DR Cabina de pulverizaci\u00f3n el\u00e9ctrica de 7m y sala de secado combinadas | Soluci\u00f3n integrada de pintura y curado | Configuraci\u00f3n profesional para talleres de carrocer\u00eda | Personalizable | Directo de f\u00e1brica - Fabricante de cabinas de pintura Autoke-China","isPartOf":{"@id":"https:\/\/sprayboothmanufacturer.com\/#website"},"primaryImageOfPage":{"@id":"https:\/\/sprayboothmanufacturer.com\/product\/7m-electric-spray-booth-drying-room-combo\/#primaryimage"},"image":{"@id":"https:\/\/sprayboothmanufacturer.com\/product\/7m-electric-spray-booth-drying-room-combo\/#primaryimage"},"thumbnailUrl":"https:\/\/sprayboothmanufacturer.com\/wp-content\/uploads\/2026\/02\/29.png","datePublished":"2026-02-06T03:09:49+00:00","breadcrumb":{"@id":"https:\/\/sprayboothmanufacturer.com\/product\/7m-electric-spray-booth-drying-room-combo\/#breadcrumb"},"inLanguage":"es","potentialAction":[{"@type":"ReadAction","target":["https:\/\/sprayboothmanufacturer.com\/product\/7m-electric-spray-booth-drying-room-combo\/"]}]},{"@type":"ImageObject","inLanguage":"es","@id":"https:\/\/sprayboothmanufacturer.com\/product\/7m-electric-spray-booth-drying-room-combo\/#primaryimage","url":"https:\/\/sprayboothmanufacturer.com\/wp-content\/uploads\/2026\/02\/29.png","contentUrl":"https:\/\/sprayboothmanufacturer.com\/wp-content\/uploads\/2026\/02\/29.png","width":800,"height":800},{"@type":"BreadcrumbList","@id":"https:\/\/sprayboothmanufacturer.com\/product\/7m-electric-spray-booth-drying-room-combo\/#breadcrumb","itemListElement":[{"@type":"ListItem","position":1,"name":"Home","item":"https:\/\/sprayboothmanufacturer.com\/"},{"@type":"ListItem","position":2,"name":"\u4ea7\u54c1","item":"https:\/\/sprayboothmanufacturer.com\/shop__trashed\/"},{"@type":"ListItem","position":3,"name":"ATK-7000-EH-DR 7m Electric Spray Booth &#038; Drying Room Combo | Integrated Painting &#038; Curing Solution | Professional Setup for Auto Body Shops | Customizable | Factory Direct"}]},{"@type":"WebSite","@id":"https:\/\/sprayboothmanufacturer.com\/#website","url":"https:\/\/sprayboothmanufacturer.com\/","name":"Fabricante de cabinas de pintura Autoke-China","description":"","publisher":{"@id":"https:\/\/sprayboothmanufacturer.com\/#organization"},"potentialAction":[{"@type":"SearchAction","target":{"@type":"EntryPoint","urlTemplate":"https:\/\/sprayboothmanufacturer.com\/?s={search_term_string}"},"query-input":{"@type":"PropertyValueSpecification","valueRequired":true,"valueName":"search_term_string"}}],"inLanguage":"es"},{"@type":"Organization","@id":"https:\/\/sprayboothmanufacturer.com\/#organization","name":"Fabricante de cabinas de pintura Autoke-China","url":"https:\/\/sprayboothmanufacturer.com\/","logo":{"@type":"ImageObject","inLanguage":"es","@id":"https:\/\/sprayboothmanufacturer.com\/#\/schema\/logo\/image\/","url":"https:\/\/sprayboothmanufacturer.com\/wp-content\/uploads\/2025\/12\/\u5fae\u4fe1\u56fe\u7247_20260113195103_1750_4-scaled-e1768394147958.png","contentUrl":"https:\/\/sprayboothmanufacturer.com\/wp-content\/uploads\/2025\/12\/\u5fae\u4fe1\u56fe\u7247_20260113195103_1750_4-scaled-e1768394147958.png","width":1740,"height":538,"caption":"Autoke-China Paint Booth Manufacturer"},"image":{"@id":"https:\/\/sprayboothmanufacturer.com\/#\/schema\/logo\/image\/"}}]}},"_links":{"self":[{"href":"https:\/\/sprayboothmanufacturer.com\/es\/wp-json\/wp\/v2\/product\/3282","targetHints":{"allow":["GET"]}}],"collection":[{"href":"https:\/\/sprayboothmanufacturer.com\/es\/wp-json\/wp\/v2\/product"}],"about":[{"href":"https:\/\/sprayboothmanufacturer.com\/es\/wp-json\/wp\/v2\/types\/product"}],"replies":[{"embeddable":true,"href":"https:\/\/sprayboothmanufacturer.com\/es\/wp-json\/wp\/v2\/comments?post=3282"}],"version-history":[{"count":1,"href":"https:\/\/sprayboothmanufacturer.com\/es\/wp-json\/wp\/v2\/product\/3282\/revisions"}],"predecessor-version":[{"id":3283,"href":"https:\/\/sprayboothmanufacturer.com\/es\/wp-json\/wp\/v2\/product\/3282\/revisions\/3283"}],"wp:featuredmedia":[{"embeddable":true,"href":"https:\/\/sprayboothmanufacturer.com\/es\/wp-json\/wp\/v2\/media\/3197"}],"wp:attachment":[{"href":"https:\/\/sprayboothmanufacturer.com\/es\/wp-json\/wp\/v2\/media?parent=3282"}],"wp:term":[{"taxonomy":"product_brand","embeddable":true,"href":"https:\/\/sprayboothmanufacturer.com\/es\/wp-json\/wp\/v2\/product_brand?post=3282"},{"taxonomy":"product_cat","embeddable":true,"href":"https:\/\/sprayboothmanufacturer.com\/es\/wp-json\/wp\/v2\/product_cat?post=3282"},{"taxonomy":"product_tag","embeddable":true,"href":"https:\/\/sprayboothmanufacturer.com\/es\/wp-json\/wp\/v2\/product_tag?post=3282"}],"curies":[{"name":"wp","href":"https:\/\/api.w.org\/{rel}","templated":true}]}}