{"id":3280,"date":"2026-02-06T03:02:18","date_gmt":"2026-02-06T03:02:18","guid":{"rendered":"https:\/\/sprayboothmanufacturer.com\/?post_type=product&#038;p=3280"},"modified":"2026-02-06T03:02:18","modified_gmt":"2026-02-06T03:02:18","slug":"7m-diesel-spray-booth","status":"publish","type":"product","link":"https:\/\/sprayboothmanufacturer.com\/es\/product\/7m-diesel-spray-booth\/","title":{"rendered":"ATK-7000-DH-B Cabina de pulverizaci\u00f3n di\u00e9sel de 7 m | Soluci\u00f3n de pintura rentable | Equipo de reparaci\u00f3n de autom\u00f3viles | Personalizable | Suministro directo de f\u00e1brica"},"content":{"rendered":"<table style=\"height: 270px;\" width=\"748\">\n<tbody>\n<tr>\n<td width=\"142\"><strong><b>Cantidad m\u00ednima de pedido :<\/b><\/strong><\/td>\n<td width=\"142\">1 pieza<\/td>\n<td width=\"142\"><strong><b>Precio :<\/b><\/strong><\/td>\n<td width=\"142\">A negociar<\/td>\n<\/tr>\n<tr>\n<td width=\"142\"><strong><b>Detalles del embalaje :<\/b><\/strong><\/td>\n<td width=\"142\">40G o 20GP\/unidad<\/td>\n<td width=\"142\"><strong><b>Tiempo de entrega :<\/b><\/strong><\/td>\n<td width=\"142\">15 d\u00edas a negociar<\/td>\n<\/tr>\n<tr>\n<td width=\"142\"><strong><b>Condiciones de pago :<\/b><\/strong><\/td>\n<td width=\"142\">L\/C, T\/T<\/td>\n<td width=\"142\"><strong><b>Capacidad de suministro :<\/b><\/strong><\/td>\n<td width=\"142\">50 unidades por mes, cabina de pulverizaci\u00f3n industrial, cabina de pulverizaci\u00f3n para autobuses<\/td>\n<\/tr>\n<tr>\n<td width=\"142\"><strong><b>Lugar de origen:<\/b><\/strong><\/td>\n<td width=\"142\">Jiangsu, China<\/td>\n<td width=\"142\"><strong><b>Nombre de la marca:<\/b><\/strong><\/td>\n<td width=\"142\">Autoke<\/td>\n<\/tr>\n<tr>\n<td width=\"142\"><strong><b>Certificaci\u00f3n:<\/b><\/strong><\/td>\n<td width=\"142\">CE<\/td>\n<td width=\"142\"><strong><b>N\u00famero de modelo:<\/b><\/strong><\/td>\n<td width=\"142\">ATK-7000-DH-B<\/td>\n<\/tr>\n<\/tbody>\n<\/table>\n<p class=\"ds-markdown-paragraph\"><strong>Cabina de pulverizaci\u00f3n di\u00e9sel econ\u00f3mica ATK-7000-DH-B de 7m<\/strong><\/p>\n<p class=\"ds-markdown-paragraph\">Este producto forma parte de la l\u00ednea de cabinas de pulverizaci\u00f3n di\u00e9sel econ\u00f3micas de la serie ATK B-Series, dise\u00f1ada para usuarios con consideraciones presupuestarias que a\u00fan requieren un rendimiento fiable. Incorpora el probado sistema de calefacci\u00f3n di\u00e9sel RIELLO G20, filtraci\u00f3n b\u00e1sica en tres etapas y un sistema de control inteligente, asegurando una calidad de pintura consistente mientras reduce significativamente los costos iniciales. Ideal para talleres de inicio, peque\u00f1os y medianos talleres de reparaci\u00f3n y l\u00edneas de pintura estandarizadas.<\/p>\n<p class=\"ds-markdown-paragraph\"><strong>Caracter\u00edsticas principales:<\/strong><br \/>\n\u2705\u00a0<strong>Sistema de calefacci\u00f3n di\u00e9sel RIELLO G20<\/strong>\u00a0\u2013 Calienta hasta 40\u00b0C en 5\u20138 minutos, con una temperatura m\u00e1xima de 80\u00b0C<br \/>\n\u2705\u00a0<strong>Ventiladores centr\u00edfugos de doble entrada<\/strong>\u00a0\u2013 Flujo de aire de suministro: 25.000 m\u00b3\/h; combinado con un ventilador de extracci\u00f3n de 3KW<br \/>\n\u2705\u00a0<strong>Sistema de filtraci\u00f3n en tres etapas<\/strong>\u00a0\u2013 Eficiencia primaria &gt;90%, en el techo &gt;98%, en el suelo &gt;90%<br \/>\n\u2705\u00a0<strong>Panel de control inteligente<\/strong>\u00a0\u2013 Integra pintura, horneado, temporizador, control de temperatura y parada de emergencia<br \/>\n\u2705\u00a0<strong>Sistema de iluminaci\u00f3n LED<\/strong>\u00a0\u2013 Luces de techo de 24 \u00d7 18W para una iluminaci\u00f3n amplia del espacio de trabajo<br \/>\n\u2705\u00a0<strong>Estructura de acero galvanizado<\/strong>\u00a0\u2013 Muros de acero color con doble capa aislante, rejillas de suelo galvanizadas con alta capacidad de carga<\/p>\n<p class=\"ds-markdown-paragraph\"><strong>Especificaciones T\u00e9cnicas:<\/strong><\/p>\n<ul>\n<li>\n<p class=\"ds-markdown-paragraph\">Dimensiones Externas: 7000 \u00d7 4000 \u00d7 3350 mm<\/p>\n<\/li>\n<li>\n<p class=\"ds-markdown-paragraph\">Dimensiones Internas: 6900 \u00d7 3900 \u00d7 2650 mm<\/p>\n<\/li>\n<li>\n<p class=\"ds-markdown-paragraph\">M\u00e9todo de calefacci\u00f3n: Di\u00e9sel (RIELLO G20)<\/p>\n<\/li>\n<li>\n<p class=\"ds-markdown-paragraph\">Potencia total: 15 KW (versi\u00f3n di\u00e9sel)<\/p>\n<\/li>\n<li>\n<p class=\"ds-markdown-paragraph\">Voltaje: 220V \/ 380V, 50Hz<\/p>\n<\/li>\n<li>\n<p class=\"ds-markdown-paragraph\">Embalaje: Aproximadamente 19 CBM por set, peso ~3500 kg<\/p>\n<\/li>\n<\/ul>\n<p class=\"ds-markdown-paragraph\"><strong>Aplicaciones ideales:<\/strong><\/p>\n<ul>\n<li>\n<p class=\"ds-markdown-paragraph\">Talleres de reparaci\u00f3n de autom\u00f3viles peque\u00f1os a medianos<\/p>\n<\/li>\n<li>\n<p class=\"ds-markdown-paragraph\">Talleres de carrocer\u00eda y pintura de nuevas empresas<\/p>\n<\/li>\n<li>\n<p class=\"ds-markdown-paragraph\">Talleres de pintura de autobuses\/camiones<\/p>\n<\/li>\n<li>\n<p class=\"ds-markdown-paragraph\">Operaciones de pintura de componentes industriales<\/p>\n<\/li>\n<\/ul>\n<p class=\"ds-markdown-paragraph\">La personalizaci\u00f3n en color y configuraciones parciales est\u00e1 disponible. Por favor, contacte con nuestro equipo t\u00e9cnico para soluciones a medida y presupuestos.<\/p>","protected":false},"excerpt":{"rendered":"<p>El ATK-7000-DH-B es una cabina de pulverizaci\u00f3n di\u00e9sel de 7 metros, rentable, dise\u00f1ada para reparaci\u00f3n de autom\u00f3viles, talleres de carrocer\u00eda y operaciones de pintura de peque\u00f1o a mediano tama\u00f1o. Equipada con un sistema de calefacci\u00f3n di\u00e9sel RIELLO G20, filtraci\u00f3n en tres etapas y controles inteligentes, ofrece un rendimiento fiable y una construcci\u00f3n s\u00f3lida, siendo una opci\u00f3n ideal que equilibra calidad y asequibilidad.<\/p>","protected":false},"featured_media":3118,"comment_status":"open","ping_status":"closed","template":"","meta":[],"product_brand":[76],"product_cat":[60,59],"product_tag":[78,63,72,66,68,65,88,70,84,80,83,81,77,87],"class_list":{"0":"post-3280","1":"product","2":"type-product","3":"status-publish","4":"has-post-thumbnail","6":"product_brand-autoke","7":"product_cat-car-spray-booth","8":"product_cat-spray-booth","9":"product_tag-bus-spray-booth","10":"product_tag-car-spray-booth","11":"product_tag-car-spray-booth-factory","12":"product_tag-car-spray-booth-manufacturer","13":"product_tag-customized-car-spray-booth","14":"product_tag-efficient-car-spray-booth","15":"product_tag-heavy-duty-paint-booth","16":"product_tag-high-quality-spray-booths","17":"product_tag-industrial-coating","18":"product_tag-industrial-paint-booth","19":"product_tag-paint-booth-solutions","20":"product_tag-truck-paint-booth","21":"product_tag-truck-spray-booth","22":"product_tag-truck-spray-booth-system","24":"first","25":"instock","26":"shipping-taxable","27":"product-type-simple"},"yoast_head":"<!-- This site is optimized with the Yoast SEO plugin v27.4 - https:\/\/yoast.com\/product\/yoast-seo-wordpress\/ -->\n<title>ATK-7000-DH-B 7m Diesel Spray Booth | Cost-Effective Painting Solution | Automotive Repair Equipment | Customizable | Factory Direct Supply - Autoke-China Paint Booth Manufacturer<\/title>\n<meta name=\"robots\" content=\"index, follow, max-snippet:-1, max-image-preview:large, max-video-preview:-1\" \/>\n<link rel=\"canonical\" href=\"https:\/\/sprayboothmanufacturer.com\/es\/producto\/7m-diesel-spray-booth\/\" \/>\n<meta property=\"og:locale\" content=\"es_ES\" \/>\n<meta property=\"og:type\" content=\"article\" \/>\n<meta property=\"og:title\" content=\"ATK-7000-DH-B 7m Diesel Spray Booth | Cost-Effective Painting Solution | Automotive Repair Equipment | Customizable | Factory Direct Supply - Autoke-China Paint Booth Manufacturer\" \/>\n<meta property=\"og:description\" content=\"The ATK-7000-DH-B is a cost-effective 7-meter diesel spray booth designed for automotive repair, body shops, and small to medium painting operations. Equipped with a RIELLO G20 diesel heating system, three-stage filtration, and intelligent controls, it offers reliable performance and solid construction\u2014an ideal choice balancing quality and affordability.\" \/>\n<meta property=\"og:url\" content=\"https:\/\/sprayboothmanufacturer.com\/es\/producto\/7m-diesel-spray-booth\/\" \/>\n<meta property=\"og:site_name\" content=\"Autoke-China Paint Booth Manufacturer\" \/>\n<meta property=\"og:image\" content=\"https:\/\/sprayboothmanufacturer.com\/wp-content\/uploads\/2026\/01\/\u70e4\u6f06\u623f\u5b89\u88c5\u6d41\u7a0b\u56fe\u7eb8\u53ca\u6587\u5b57-\u4e1c\u59271905.png\" \/>\n\t<meta property=\"og:image:width\" content=\"553\" \/>\n\t<meta property=\"og:image:height\" content=\"316\" \/>\n\t<meta property=\"og:image:type\" content=\"image\/png\" \/>\n<meta name=\"twitter:card\" content=\"summary_large_image\" \/>\n<meta name=\"twitter:label1\" content=\"Est. reading time\" \/>\n\t<meta name=\"twitter:data1\" content=\"2 minutos\" \/>\n<script type=\"application\/ld+json\" class=\"yoast-schema-graph\">{\"@context\":\"https:\\\/\\\/schema.org\",\"@graph\":[{\"@type\":\"WebPage\",\"@id\":\"https:\\\/\\\/sprayboothmanufacturer.com\\\/product\\\/7m-diesel-spray-booth\\\/\",\"url\":\"https:\\\/\\\/sprayboothmanufacturer.com\\\/product\\\/7m-diesel-spray-booth\\\/\",\"name\":\"ATK-7000-DH-B 7m Diesel Spray Booth | Cost-Effective Painting Solution | Automotive Repair Equipment | Customizable | Factory Direct Supply - Autoke-China Paint Booth Manufacturer\",\"isPartOf\":{\"@id\":\"https:\\\/\\\/sprayboothmanufacturer.com\\\/#website\"},\"primaryImageOfPage\":{\"@id\":\"https:\\\/\\\/sprayboothmanufacturer.com\\\/product\\\/7m-diesel-spray-booth\\\/#primaryimage\"},\"image\":{\"@id\":\"https:\\\/\\\/sprayboothmanufacturer.com\\\/product\\\/7m-diesel-spray-booth\\\/#primaryimage\"},\"thumbnailUrl\":\"https:\\\/\\\/sprayboothmanufacturer.com\\\/wp-content\\\/uploads\\\/2026\\\/01\\\/\u70e4\u6f06\u623f\u5b89\u88c5\u6d41\u7a0b\u56fe\u7eb8\u53ca\u6587\u5b57-\u4e1c\u59271905.png\",\"datePublished\":\"2026-02-06T03:02:18+00:00\",\"breadcrumb\":{\"@id\":\"https:\\\/\\\/sprayboothmanufacturer.com\\\/product\\\/7m-diesel-spray-booth\\\/#breadcrumb\"},\"inLanguage\":\"es\",\"potentialAction\":[{\"@type\":\"ReadAction\",\"target\":[\"https:\\\/\\\/sprayboothmanufacturer.com\\\/product\\\/7m-diesel-spray-booth\\\/\"]}]},{\"@type\":\"ImageObject\",\"inLanguage\":\"es\",\"@id\":\"https:\\\/\\\/sprayboothmanufacturer.com\\\/product\\\/7m-diesel-spray-booth\\\/#primaryimage\",\"url\":\"https:\\\/\\\/sprayboothmanufacturer.com\\\/wp-content\\\/uploads\\\/2026\\\/01\\\/\u70e4\u6f06\u623f\u5b89\u88c5\u6d41\u7a0b\u56fe\u7eb8\u53ca\u6587\u5b57-\u4e1c\u59271905.png\",\"contentUrl\":\"https:\\\/\\\/sprayboothmanufacturer.com\\\/wp-content\\\/uploads\\\/2026\\\/01\\\/\u70e4\u6f06\u623f\u5b89\u88c5\u6d41\u7a0b\u56fe\u7eb8\u53ca\u6587\u5b57-\u4e1c\u59271905.png\",\"width\":553,\"height\":316},{\"@type\":\"BreadcrumbList\",\"@id\":\"https:\\\/\\\/sprayboothmanufacturer.com\\\/product\\\/7m-diesel-spray-booth\\\/#breadcrumb\",\"itemListElement\":[{\"@type\":\"ListItem\",\"position\":1,\"name\":\"Home\",\"item\":\"https:\\\/\\\/sprayboothmanufacturer.com\\\/\"},{\"@type\":\"ListItem\",\"position\":2,\"name\":\"\u4ea7\u54c1\",\"item\":\"https:\\\/\\\/sprayboothmanufacturer.com\\\/shop__trashed\\\/\"},{\"@type\":\"ListItem\",\"position\":3,\"name\":\"ATK-7000-DH-B 7m Diesel Spray Booth | Cost-Effective Painting Solution | Automotive Repair Equipment | Customizable | Factory Direct Supply\"}]},{\"@type\":\"WebSite\",\"@id\":\"https:\\\/\\\/sprayboothmanufacturer.com\\\/#website\",\"url\":\"https:\\\/\\\/sprayboothmanufacturer.com\\\/\",\"name\":\"Autoke-China Paint Booth Manufacturer\",\"description\":\"\",\"publisher\":{\"@id\":\"https:\\\/\\\/sprayboothmanufacturer.com\\\/#organization\"},\"potentialAction\":[{\"@type\":\"SearchAction\",\"target\":{\"@type\":\"EntryPoint\",\"urlTemplate\":\"https:\\\/\\\/sprayboothmanufacturer.com\\\/?s={search_term_string}\"},\"query-input\":{\"@type\":\"PropertyValueSpecification\",\"valueRequired\":true,\"valueName\":\"search_term_string\"}}],\"inLanguage\":\"es\"},{\"@type\":\"Organization\",\"@id\":\"https:\\\/\\\/sprayboothmanufacturer.com\\\/#organization\",\"name\":\"Autoke-China Paint Booth Manufacturer\",\"url\":\"https:\\\/\\\/sprayboothmanufacturer.com\\\/\",\"logo\":{\"@type\":\"ImageObject\",\"inLanguage\":\"es\",\"@id\":\"https:\\\/\\\/sprayboothmanufacturer.com\\\/#\\\/schema\\\/logo\\\/image\\\/\",\"url\":\"https:\\\/\\\/sprayboothmanufacturer.com\\\/wp-content\\\/uploads\\\/2025\\\/12\\\/\u5fae\u4fe1\u56fe\u7247_20260113195103_1750_4-scaled-e1768394147958.png\",\"contentUrl\":\"https:\\\/\\\/sprayboothmanufacturer.com\\\/wp-content\\\/uploads\\\/2025\\\/12\\\/\u5fae\u4fe1\u56fe\u7247_20260113195103_1750_4-scaled-e1768394147958.png\",\"width\":1740,\"height\":538,\"caption\":\"Autoke-China Paint Booth Manufacturer\"},\"image\":{\"@id\":\"https:\\\/\\\/sprayboothmanufacturer.com\\\/#\\\/schema\\\/logo\\\/image\\\/\"}}]}<\/script>\n<!-- \/ Yoast SEO plugin. -->","yoast_head_json":{"title":"ATK-7000-DH-B Cabina de pulverizaci\u00f3n di\u00e9sel de 7 m | Soluci\u00f3n de pintura rentable | Equipo de reparaci\u00f3n de autom\u00f3viles | Personalizable | Suministro directo de f\u00e1brica - Fabricante de cabinas de pintura Autoke-China","robots":{"index":"index","follow":"follow","max-snippet":"max-snippet:-1","max-image-preview":"max-image-preview:large","max-video-preview":"max-video-preview:-1"},"canonical":"https:\/\/sprayboothmanufacturer.com\/es\/producto\/7m-diesel-spray-booth\/","og_locale":"es_ES","og_type":"article","og_title":"ATK-7000-DH-B 7m Diesel Spray Booth | Cost-Effective Painting Solution | Automotive Repair Equipment | Customizable | Factory Direct Supply - Autoke-China Paint Booth Manufacturer","og_description":"The ATK-7000-DH-B is a cost-effective 7-meter diesel spray booth designed for automotive repair, body shops, and small to medium painting operations. Equipped with a RIELLO G20 diesel heating system, three-stage filtration, and intelligent controls, it offers reliable performance and solid construction\u2014an ideal choice balancing quality and affordability.","og_url":"https:\/\/sprayboothmanufacturer.com\/es\/producto\/7m-diesel-spray-booth\/","og_site_name":"Autoke-China Paint Booth Manufacturer","og_image":[{"width":553,"height":316,"url":"https:\/\/sprayboothmanufacturer.com\/wp-content\/uploads\/2026\/01\/\u70e4\u6f06\u623f\u5b89\u88c5\u6d41\u7a0b\u56fe\u7eb8\u53ca\u6587\u5b57-\u4e1c\u59271905.png","type":"image\/png"}],"twitter_card":"summary_large_image","twitter_misc":{"Est. reading time":"2 minutos"},"schema":{"@context":"https:\/\/schema.org","@graph":[{"@type":"WebPage","@id":"https:\/\/sprayboothmanufacturer.com\/product\/7m-diesel-spray-booth\/","url":"https:\/\/sprayboothmanufacturer.com\/product\/7m-diesel-spray-booth\/","name":"ATK-7000-DH-B Cabina de pulverizaci\u00f3n di\u00e9sel de 7 m | Soluci\u00f3n de pintura rentable | Equipo de reparaci\u00f3n de autom\u00f3viles | Personalizable | Suministro directo de f\u00e1brica - Fabricante de cabinas de pintura Autoke-China","isPartOf":{"@id":"https:\/\/sprayboothmanufacturer.com\/#website"},"primaryImageOfPage":{"@id":"https:\/\/sprayboothmanufacturer.com\/product\/7m-diesel-spray-booth\/#primaryimage"},"image":{"@id":"https:\/\/sprayboothmanufacturer.com\/product\/7m-diesel-spray-booth\/#primaryimage"},"thumbnailUrl":"https:\/\/sprayboothmanufacturer.com\/wp-content\/uploads\/2026\/01\/\u70e4\u6f06\u623f\u5b89\u88c5\u6d41\u7a0b\u56fe\u7eb8\u53ca\u6587\u5b57-\u4e1c\u59271905.png","datePublished":"2026-02-06T03:02:18+00:00","breadcrumb":{"@id":"https:\/\/sprayboothmanufacturer.com\/product\/7m-diesel-spray-booth\/#breadcrumb"},"inLanguage":"es","potentialAction":[{"@type":"ReadAction","target":["https:\/\/sprayboothmanufacturer.com\/product\/7m-diesel-spray-booth\/"]}]},{"@type":"ImageObject","inLanguage":"es","@id":"https:\/\/sprayboothmanufacturer.com\/product\/7m-diesel-spray-booth\/#primaryimage","url":"https:\/\/sprayboothmanufacturer.com\/wp-content\/uploads\/2026\/01\/\u70e4\u6f06\u623f\u5b89\u88c5\u6d41\u7a0b\u56fe\u7eb8\u53ca\u6587\u5b57-\u4e1c\u59271905.png","contentUrl":"https:\/\/sprayboothmanufacturer.com\/wp-content\/uploads\/2026\/01\/\u70e4\u6f06\u623f\u5b89\u88c5\u6d41\u7a0b\u56fe\u7eb8\u53ca\u6587\u5b57-\u4e1c\u59271905.png","width":553,"height":316},{"@type":"BreadcrumbList","@id":"https:\/\/sprayboothmanufacturer.com\/product\/7m-diesel-spray-booth\/#breadcrumb","itemListElement":[{"@type":"ListItem","position":1,"name":"Home","item":"https:\/\/sprayboothmanufacturer.com\/"},{"@type":"ListItem","position":2,"name":"\u4ea7\u54c1","item":"https:\/\/sprayboothmanufacturer.com\/shop__trashed\/"},{"@type":"ListItem","position":3,"name":"ATK-7000-DH-B 7m Diesel Spray Booth | Cost-Effective Painting Solution | Automotive Repair Equipment | Customizable | Factory Direct Supply"}]},{"@type":"WebSite","@id":"https:\/\/sprayboothmanufacturer.com\/#website","url":"https:\/\/sprayboothmanufacturer.com\/","name":"Fabricante de cabinas de pintura Autoke-China","description":"","publisher":{"@id":"https:\/\/sprayboothmanufacturer.com\/#organization"},"potentialAction":[{"@type":"SearchAction","target":{"@type":"EntryPoint","urlTemplate":"https:\/\/sprayboothmanufacturer.com\/?s={search_term_string}"},"query-input":{"@type":"PropertyValueSpecification","valueRequired":true,"valueName":"search_term_string"}}],"inLanguage":"es"},{"@type":"Organization","@id":"https:\/\/sprayboothmanufacturer.com\/#organization","name":"Fabricante de cabinas de pintura Autoke-China","url":"https:\/\/sprayboothmanufacturer.com\/","logo":{"@type":"ImageObject","inLanguage":"es","@id":"https:\/\/sprayboothmanufacturer.com\/#\/schema\/logo\/image\/","url":"https:\/\/sprayboothmanufacturer.com\/wp-content\/uploads\/2025\/12\/\u5fae\u4fe1\u56fe\u7247_20260113195103_1750_4-scaled-e1768394147958.png","contentUrl":"https:\/\/sprayboothmanufacturer.com\/wp-content\/uploads\/2025\/12\/\u5fae\u4fe1\u56fe\u7247_20260113195103_1750_4-scaled-e1768394147958.png","width":1740,"height":538,"caption":"Autoke-China Paint Booth Manufacturer"},"image":{"@id":"https:\/\/sprayboothmanufacturer.com\/#\/schema\/logo\/image\/"}}]}},"_links":{"self":[{"href":"https:\/\/sprayboothmanufacturer.com\/es\/wp-json\/wp\/v2\/product\/3280","targetHints":{"allow":["GET"]}}],"collection":[{"href":"https:\/\/sprayboothmanufacturer.com\/es\/wp-json\/wp\/v2\/product"}],"about":[{"href":"https:\/\/sprayboothmanufacturer.com\/es\/wp-json\/wp\/v2\/types\/product"}],"replies":[{"embeddable":true,"href":"https:\/\/sprayboothmanufacturer.com\/es\/wp-json\/wp\/v2\/comments?post=3280"}],"version-history":[{"count":1,"href":"https:\/\/sprayboothmanufacturer.com\/es\/wp-json\/wp\/v2\/product\/3280\/revisions"}],"predecessor-version":[{"id":3281,"href":"https:\/\/sprayboothmanufacturer.com\/es\/wp-json\/wp\/v2\/product\/3280\/revisions\/3281"}],"wp:featuredmedia":[{"embeddable":true,"href":"https:\/\/sprayboothmanufacturer.com\/es\/wp-json\/wp\/v2\/media\/3118"}],"wp:attachment":[{"href":"https:\/\/sprayboothmanufacturer.com\/es\/wp-json\/wp\/v2\/media?parent=3280"}],"wp:term":[{"taxonomy":"product_brand","embeddable":true,"href":"https:\/\/sprayboothmanufacturer.com\/es\/wp-json\/wp\/v2\/product_brand?post=3280"},{"taxonomy":"product_cat","embeddable":true,"href":"https:\/\/sprayboothmanufacturer.com\/es\/wp-json\/wp\/v2\/product_cat?post=3280"},{"taxonomy":"product_tag","embeddable":true,"href":"https:\/\/sprayboothmanufacturer.com\/es\/wp-json\/wp\/v2\/product_tag?post=3280"}],"curies":[{"name":"wp","href":"https:\/\/api.w.org\/{rel}","templated":true}]}}