{"id":3276,"date":"2026-02-06T02:28:14","date_gmt":"2026-02-06T02:28:14","guid":{"rendered":"https:\/\/sprayboothmanufacturer.com\/?post_type=product&#038;p=3276"},"modified":"2026-02-06T02:28:14","modified_gmt":"2026-02-06T02:28:14","slug":"7m-ce-certified-electric-spray-booth","status":"publish","type":"product","link":"https:\/\/sprayboothmanufacturer.com\/es\/product\/7m-ce-certified-electric-spray-booth\/","title":{"rendered":"Cabina de pulverizaci\u00f3n el\u00e9ctrica CE-Certificada ATK-7000-EH-CE de 7m | Equipo de pintura profesional de tama\u00f1o est\u00e1ndar | Soluci\u00f3n industrial eficiente en energ\u00eda y respetuosa con el medio ambiente | Personalizable | Suministro directo de f\u00e1brica"},"content":{"rendered":"<table style=\"height: 289px;\" width=\"771\">\n<tbody>\n<tr>\n<td width=\"142\"><strong><b>Cantidad m\u00ednima de pedido :<\/b><\/strong><\/td>\n<td width=\"142\">1 pieza<\/td>\n<td width=\"142\"><strong><b>Precio :<\/b><\/strong><\/td>\n<td width=\"142\">A negociar<\/td>\n<\/tr>\n<tr>\n<td width=\"142\"><strong><b>Detalles del embalaje :<\/b><\/strong><\/td>\n<td width=\"142\">40G o 20GP\/unidad<\/td>\n<td width=\"142\"><strong><b>Tiempo de entrega :<\/b><\/strong><\/td>\n<td width=\"142\">15 d\u00edas a negociar<\/td>\n<\/tr>\n<tr>\n<td width=\"142\"><strong><b>Condiciones de pago :<\/b><\/strong><\/td>\n<td width=\"142\">L\/C, T\/T<\/td>\n<td width=\"142\"><strong><b>Capacidad de suministro :<\/b><\/strong><\/td>\n<td width=\"142\">50 unidades por mes, cabina de pulverizaci\u00f3n industrial, cabina de pulverizaci\u00f3n para autobuses<\/td>\n<\/tr>\n<tr>\n<td width=\"142\"><strong><b>Lugar de origen:<\/b><\/strong><\/td>\n<td width=\"142\">Jiangsu, China<\/td>\n<td width=\"142\"><strong><b>Nombre de la marca:<\/b><\/strong><\/td>\n<td width=\"142\">Autoke<\/td>\n<\/tr>\n<tr>\n<td width=\"142\"><strong><b>Certificaci\u00f3n:<\/b><\/strong><\/td>\n<td width=\"142\">CE<\/td>\n<td width=\"142\"><strong><b>N\u00famero de modelo:<\/b><\/strong><\/td>\n<td width=\"142\">ATK-7000-EH-CE<\/td>\n<\/tr>\n<\/tbody>\n<\/table>\n<p>&nbsp;<\/p>\n<p class=\"ds-markdown-paragraph\"><strong>ATK-7000-EH-CE Cabina de pulverizaci\u00f3n el\u00e9ctrica de lujo certificada CE de 7m<\/strong><\/p>\n<p class=\"ds-markdown-paragraph\">Este producto es una cabina de pulverizaci\u00f3n el\u00e9ctrica de grado profesional respaldada por la certificaci\u00f3n CE autorizada, cumpliendo estrictamente con la Directiva de Maquinaria 2006\/42\/CE y la Directiva de Compatibilidad Electromagn\u00e9tica 2014\/30\/UE. Su calidad y seguridad cumplen con los est\u00e1ndares internacionales. Dise\u00f1ada para talleres de reparaci\u00f3n automotriz, centros de carrocer\u00eda y pintura, y diversas aplicaciones de recubrimiento industrial que valoran la seguridad en la producci\u00f3n, el cumplimiento ambiental y la operaci\u00f3n estable a largo plazo, ofrece un entorno de pintura limpio, eficiente y confiable.<\/p>\n<p class=\"ds-markdown-paragraph\"><strong>Ventajas principales y garant\u00eda de certificaci\u00f3n:<\/strong><\/p>\n<p class=\"ds-markdown-paragraph\">\u2705\u00a0<strong>Certificaci\u00f3n CE internacional, segura y conforme<\/strong><br \/>\nEl producto ha sido certificado por UDEM, cumpliendo con las directivas de seguridad de maquinaria y EMC de la UE (Certificado No.: M.2024.206.C109232). Ofrece una garant\u00eda de calificaci\u00f3n autorizada para clientes que exportan a mercados relevantes o establecen entornos operativos de alto est\u00e1ndar.<\/p>\n<p class=\"ds-markdown-paragraph\">\ud83d\udd25\u00a0<strong>Sistema de calefacci\u00f3n el\u00e9ctrica de alta eficiencia<\/strong><br \/>\nUtiliza 10 conjuntos de l\u00e1mparas infrarrojas hal\u00f3genas de horneado con una potencia total de 30KW para un calentamiento r\u00e1pido y uniforme. Alcanza los 40\u00b0C en 5-8 minutos, con una temperatura m\u00e1xima de horneado de 80\u00b0C. No produce gases de combusti\u00f3n, ofreciendo una soluci\u00f3n limpia y ecol\u00f3gica ideal para talleres cerrados con estrictos requisitos de calidad del aire.<\/p>\n<p class=\"ds-markdown-paragraph\">\ud83d\udca8\u00a0<strong>Suministro de aire potente y limpio<\/strong><br \/>\nEquipado con 2 ventiladores centr\u00edfugos de doble entrada de 4KW cada uno, proporcionando un suministro de aire total de 30,000 m\u00b3\/h, junto con un ventilador de extracci\u00f3n de alta eficiencia de 5.5KW (19,000 m\u00b3\/h). Garantiza un flujo de aire descendente estable dentro de la cabina, eliminando r\u00e1pidamente el niebla de pintura para proteger la salud del operador y la calidad del acabado.<\/p>\n<p class=\"ds-markdown-paragraph\">\ud83c\udf2b\ufe0f\u00a0<strong>Sistema de filtraci\u00f3n de precisi\u00f3n en tres etapas<\/strong><br \/>\nEquipado con un filtro primario (&gt;10\u03bcm, eficiencia &gt;90%), filtro de techo de alta eficiencia (&gt;4\u03bcm, eficiencia &gt;98%) y filtro de suelo de fibra de vidrio multicapa (&gt;90%). La purificaci\u00f3n en m\u00faltiples capas asegura un entorno de pintura limpio y de alto est\u00e1ndar.<\/p>\n<p class=\"ds-markdown-paragraph\">\ud83c\udfd7\ufe0f\u00a0<strong>Construcci\u00f3n resistente y duradera<\/strong><br \/>\nLas paredes cuentan con paneles de acero pintado doble capa resistentes al fuego, aislados y llenos de lana de roca de alta densidad (100kg\/m\u00b3) para aislamiento t\u00e9rmico y ac\u00fastico. El suelo es una plataforma elevada de 300mm hecha de chapa de acero galvanizado con rejillas galvanizadas anticorrosivas, ofreciendo una capacidad de carga total superior a 5 toneladas para una durabilidad robusta.<\/p>\n<p class=\"ds-markdown-paragraph\">\ud83d\udcdf\u00a0<strong>Control inteligente integrado<\/strong><br \/>\nUn panel de control unificado integra funciones de iluminaci\u00f3n, pintura, horneado, temporizador, control de temperatura y parada de emergencia. Una operaci\u00f3n intuitiva y sencilla mejora la estandarizaci\u00f3n del flujo de trabajo y la seguridad.<\/p>\n<p class=\"ds-markdown-paragraph\"><strong>Especificaciones t\u00e9cnicas principales:<\/strong><\/p>\n<ul>\n<li>\n<p class=\"ds-markdown-paragraph\">Dimensiones externas: 7000\u00d74000\u00d73350 mm<\/p>\n<\/li>\n<li>\n<p class=\"ds-markdown-paragraph\">Dimensiones internas de trabajo: 6900\u00d73900\u00d72650 mm<\/p>\n<\/li>\n<li>\n<p class=\"ds-markdown-paragraph\">M\u00e9todo de calefacci\u00f3n: Calefacci\u00f3n el\u00e9ctrica (L\u00e1mparas infrarrojas de hal\u00f3geno)<\/p>\n<\/li>\n<li>\n<p class=\"ds-markdown-paragraph\">Potencia total de calefacci\u00f3n: 30 KW<\/p>\n<\/li>\n<li>\n<p class=\"ds-markdown-paragraph\">Potencia total del equipo: 38 KW<\/p>\n<\/li>\n<li>\n<p class=\"ds-markdown-paragraph\">Voltaje\/Frecuencia: 220V\/380V, 50Hz<\/p>\n<\/li>\n<li>\n<p class=\"ds-markdown-paragraph\">Informaci\u00f3n de embalaje: Aproximadamente 19 CBM\/paquete, peso ~3500kg<\/p>\n<\/li>\n<\/ul>\n<p class=\"ds-markdown-paragraph\"><strong>Aplicaciones ideales:<\/strong><\/p>\n<ul>\n<li>\n<p class=\"ds-markdown-paragraph\">Negocios de reparaci\u00f3n orientados a la exportaci\u00f3n que requieren certificaciones internacionales de seguridad<\/p>\n<\/li>\n<li>\n<p class=\"ds-markdown-paragraph\">Talleres 4S y centros de reparaci\u00f3n automotriz en regiones con regulaciones ambientales estrictas<\/p>\n<\/li>\n<li>\n<p class=\"ds-markdown-paragraph\">Pintura industrial para electr\u00f3nica, maquinaria de precisi\u00f3n y otras aplicaciones que exigen alta limpieza<\/p>\n<\/li>\n<li>\n<p class=\"ds-markdown-paragraph\">Cualquier operaci\u00f3n de pintura que priorice energ\u00eda limpia (electricidad)<\/p>\n<\/li>\n<\/ul>\n<p class=\"ds-markdown-paragraph\">Ofrecemos personalizaci\u00f3n flexible en color, configuraci\u00f3n y m\u00e1s seg\u00fan sus necesidades espec\u00edficas.<\/p>\n<p class=\"ds-markdown-paragraph\"><strong>Contacte a nuestro equipo t\u00e9cnico para obtener documentos detallados de certificaci\u00f3n CE, especificaciones t\u00e9cnicas y una propuesta comercial personalizada.<\/strong><\/p>","protected":false},"excerpt":{"rendered":"<p>La ATK-7000-EH-CE es una cabina de pulverizaci\u00f3n el\u00e9ctrica est\u00e1ndar de 7 metros que cumple con las directivas de seguridad y compatibilidad electromagn\u00e9tica de la UE CE. Con un sistema de calefacci\u00f3n por l\u00e1mparas infrarrojas de alta eficiencia de 30KW para un calentamiento r\u00e1pido en 5-8 minutos, filtraci\u00f3n en tres etapas y control inteligente, est\u00e1 dise\u00f1ada para talleres de reparaci\u00f3n automotriz y usuarios de pintura industrial que priorizan altos est\u00e1ndares, seguridad y rendimiento confiable.<\/p>","protected":false},"featured_media":3189,"comment_status":"open","ping_status":"closed","template":"","meta":[],"product_brand":[76],"product_cat":[60,59],"product_tag":[79,73,63,72,69,94,68,84,83],"class_list":{"0":"post-3276","1":"product","2":"type-product","3":"status-publish","4":"has-post-thumbnail","6":"product_brand-autoke","7":"product_cat-car-spray-booth","8":"product_cat-spray-booth","9":"product_tag-automotive-spray-booth","10":"product_tag-automotive-spray-booth-manufacturer","11":"product_tag-car-spray-booth","12":"product_tag-car-spray-booth-factory","13":"product_tag-ce-car-spray-booth","14":"product_tag-commercial-vehicle-paint-curing-oven","15":"product_tag-customized-car-spray-booth","16":"product_tag-industrial-coating","17":"product_tag-paint-booth-solutions","19":"first","20":"instock","21":"shipping-taxable","22":"product-type-simple"},"yoast_head":"<!-- This site is optimized with the Yoast SEO plugin v27.4 - https:\/\/yoast.com\/product\/yoast-seo-wordpress\/ -->\n<title>ATK-7000-EH-CE 7m CE-Certified Electric Spray Booth | Standard Size Professional Painting Equipment | Energy-Efficient &amp; Eco-Friendly Industrial Solution | Customizable | Factory Direct Supply - Autoke-China Paint Booth Manufacturer<\/title>\n<meta name=\"robots\" content=\"index, follow, max-snippet:-1, max-image-preview:large, max-video-preview:-1\" \/>\n<link rel=\"canonical\" href=\"https:\/\/sprayboothmanufacturer.com\/es\/producto\/7m-ce-certified-electric-spray-booth\/\" \/>\n<meta property=\"og:locale\" content=\"es_ES\" \/>\n<meta property=\"og:type\" content=\"article\" \/>\n<meta property=\"og:title\" content=\"ATK-7000-EH-CE 7m CE-Certified Electric Spray Booth | Standard Size Professional Painting Equipment | Energy-Efficient &amp; Eco-Friendly Industrial Solution | Customizable | Factory Direct Supply - Autoke-China Paint Booth Manufacturer\" \/>\n<meta property=\"og:description\" content=\"The ATK-7000-EH-CE is a 7-meter standard electric spray booth compliant with EU CE safety and electromagnetic compatibility directives. Featuring a 30KW high-efficiency infrared lamp heating system for rapid warm-up within 5-8 minutes, triple-stage filtration, and intelligent control, it is designed for automotive repair shops and industrial painting users who prioritize high standards, safety, and reliable performance.\" \/>\n<meta property=\"og:url\" content=\"https:\/\/sprayboothmanufacturer.com\/es\/producto\/7m-ce-certified-electric-spray-booth\/\" \/>\n<meta property=\"og:site_name\" content=\"Autoke-China Paint Booth Manufacturer\" \/>\n<meta property=\"og:image\" content=\"https:\/\/sprayboothmanufacturer.com\/wp-content\/uploads\/2026\/02\/21.png\" \/>\n\t<meta property=\"og:image:width\" content=\"800\" \/>\n\t<meta property=\"og:image:height\" content=\"800\" \/>\n\t<meta property=\"og:image:type\" content=\"image\/png\" \/>\n<meta name=\"twitter:card\" content=\"summary_large_image\" \/>\n<meta name=\"twitter:label1\" content=\"Est. reading time\" \/>\n\t<meta name=\"twitter:data1\" content=\"3 minutos\" \/>\n<script type=\"application\/ld+json\" class=\"yoast-schema-graph\">{\"@context\":\"https:\\\/\\\/schema.org\",\"@graph\":[{\"@type\":\"WebPage\",\"@id\":\"https:\\\/\\\/sprayboothmanufacturer.com\\\/product\\\/7m-ce-certified-electric-spray-booth\\\/\",\"url\":\"https:\\\/\\\/sprayboothmanufacturer.com\\\/product\\\/7m-ce-certified-electric-spray-booth\\\/\",\"name\":\"ATK-7000-EH-CE 7m CE-Certified Electric Spray Booth | Standard Size Professional Painting Equipment | Energy-Efficient & Eco-Friendly Industrial Solution | Customizable | Factory Direct Supply - Autoke-China Paint Booth Manufacturer\",\"isPartOf\":{\"@id\":\"https:\\\/\\\/sprayboothmanufacturer.com\\\/#website\"},\"primaryImageOfPage\":{\"@id\":\"https:\\\/\\\/sprayboothmanufacturer.com\\\/product\\\/7m-ce-certified-electric-spray-booth\\\/#primaryimage\"},\"image\":{\"@id\":\"https:\\\/\\\/sprayboothmanufacturer.com\\\/product\\\/7m-ce-certified-electric-spray-booth\\\/#primaryimage\"},\"thumbnailUrl\":\"https:\\\/\\\/sprayboothmanufacturer.com\\\/wp-content\\\/uploads\\\/2026\\\/02\\\/21.png\",\"datePublished\":\"2026-02-06T02:28:14+00:00\",\"breadcrumb\":{\"@id\":\"https:\\\/\\\/sprayboothmanufacturer.com\\\/product\\\/7m-ce-certified-electric-spray-booth\\\/#breadcrumb\"},\"inLanguage\":\"es\",\"potentialAction\":[{\"@type\":\"ReadAction\",\"target\":[\"https:\\\/\\\/sprayboothmanufacturer.com\\\/product\\\/7m-ce-certified-electric-spray-booth\\\/\"]}]},{\"@type\":\"ImageObject\",\"inLanguage\":\"es\",\"@id\":\"https:\\\/\\\/sprayboothmanufacturer.com\\\/product\\\/7m-ce-certified-electric-spray-booth\\\/#primaryimage\",\"url\":\"https:\\\/\\\/sprayboothmanufacturer.com\\\/wp-content\\\/uploads\\\/2026\\\/02\\\/21.png\",\"contentUrl\":\"https:\\\/\\\/sprayboothmanufacturer.com\\\/wp-content\\\/uploads\\\/2026\\\/02\\\/21.png\",\"width\":800,\"height\":800},{\"@type\":\"BreadcrumbList\",\"@id\":\"https:\\\/\\\/sprayboothmanufacturer.com\\\/product\\\/7m-ce-certified-electric-spray-booth\\\/#breadcrumb\",\"itemListElement\":[{\"@type\":\"ListItem\",\"position\":1,\"name\":\"Home\",\"item\":\"https:\\\/\\\/sprayboothmanufacturer.com\\\/\"},{\"@type\":\"ListItem\",\"position\":2,\"name\":\"\u4ea7\u54c1\",\"item\":\"https:\\\/\\\/sprayboothmanufacturer.com\\\/shop__trashed\\\/\"},{\"@type\":\"ListItem\",\"position\":3,\"name\":\"ATK-7000-EH-CE 7m CE-Certified Electric Spray Booth | Standard Size Professional Painting Equipment | Energy-Efficient &#038; Eco-Friendly Industrial Solution | Customizable | Factory Direct Supply\"}]},{\"@type\":\"WebSite\",\"@id\":\"https:\\\/\\\/sprayboothmanufacturer.com\\\/#website\",\"url\":\"https:\\\/\\\/sprayboothmanufacturer.com\\\/\",\"name\":\"Autoke-China Paint Booth Manufacturer\",\"description\":\"\",\"publisher\":{\"@id\":\"https:\\\/\\\/sprayboothmanufacturer.com\\\/#organization\"},\"potentialAction\":[{\"@type\":\"SearchAction\",\"target\":{\"@type\":\"EntryPoint\",\"urlTemplate\":\"https:\\\/\\\/sprayboothmanufacturer.com\\\/?s={search_term_string}\"},\"query-input\":{\"@type\":\"PropertyValueSpecification\",\"valueRequired\":true,\"valueName\":\"search_term_string\"}}],\"inLanguage\":\"es\"},{\"@type\":\"Organization\",\"@id\":\"https:\\\/\\\/sprayboothmanufacturer.com\\\/#organization\",\"name\":\"Autoke-China Paint Booth Manufacturer\",\"url\":\"https:\\\/\\\/sprayboothmanufacturer.com\\\/\",\"logo\":{\"@type\":\"ImageObject\",\"inLanguage\":\"es\",\"@id\":\"https:\\\/\\\/sprayboothmanufacturer.com\\\/#\\\/schema\\\/logo\\\/image\\\/\",\"url\":\"https:\\\/\\\/sprayboothmanufacturer.com\\\/wp-content\\\/uploads\\\/2025\\\/12\\\/\u5fae\u4fe1\u56fe\u7247_20260113195103_1750_4-scaled-e1768394147958.png\",\"contentUrl\":\"https:\\\/\\\/sprayboothmanufacturer.com\\\/wp-content\\\/uploads\\\/2025\\\/12\\\/\u5fae\u4fe1\u56fe\u7247_20260113195103_1750_4-scaled-e1768394147958.png\",\"width\":1740,\"height\":538,\"caption\":\"Autoke-China Paint Booth Manufacturer\"},\"image\":{\"@id\":\"https:\\\/\\\/sprayboothmanufacturer.com\\\/#\\\/schema\\\/logo\\\/image\\\/\"}}]}<\/script>\n<!-- \/ Yoast SEO plugin. -->","yoast_head_json":{"title":"ATK-7000-EH-CE Cabina de pulverizaci\u00f3n el\u00e9ctrica certificada CE de 7m | Equipo profesional de pintura de tama\u00f1o est\u00e1ndar | Soluci\u00f3n industrial eficiente en energ\u00eda y ecol\u00f3gica | Personalizable | Suministro directo de f\u00e1brica - Fabricante de cabinas de pintura Autoke-China","robots":{"index":"index","follow":"follow","max-snippet":"max-snippet:-1","max-image-preview":"max-image-preview:large","max-video-preview":"max-video-preview:-1"},"canonical":"https:\/\/sprayboothmanufacturer.com\/es\/producto\/7m-ce-certified-electric-spray-booth\/","og_locale":"es_ES","og_type":"article","og_title":"ATK-7000-EH-CE 7m CE-Certified Electric Spray Booth | Standard Size Professional Painting Equipment | Energy-Efficient & Eco-Friendly Industrial Solution | Customizable | Factory Direct Supply - Autoke-China Paint Booth Manufacturer","og_description":"The ATK-7000-EH-CE is a 7-meter standard electric spray booth compliant with EU CE safety and electromagnetic compatibility directives. Featuring a 30KW high-efficiency infrared lamp heating system for rapid warm-up within 5-8 minutes, triple-stage filtration, and intelligent control, it is designed for automotive repair shops and industrial painting users who prioritize high standards, safety, and reliable performance.","og_url":"https:\/\/sprayboothmanufacturer.com\/es\/producto\/7m-ce-certified-electric-spray-booth\/","og_site_name":"Autoke-China Paint Booth Manufacturer","og_image":[{"width":800,"height":800,"url":"https:\/\/sprayboothmanufacturer.com\/wp-content\/uploads\/2026\/02\/21.png","type":"image\/png"}],"twitter_card":"summary_large_image","twitter_misc":{"Est. reading time":"3 minutos"},"schema":{"@context":"https:\/\/schema.org","@graph":[{"@type":"WebPage","@id":"https:\/\/sprayboothmanufacturer.com\/product\/7m-ce-certified-electric-spray-booth\/","url":"https:\/\/sprayboothmanufacturer.com\/product\/7m-ce-certified-electric-spray-booth\/","name":"ATK-7000-EH-CE Cabina de pulverizaci\u00f3n el\u00e9ctrica certificada CE de 7m | Equipo profesional de pintura de tama\u00f1o est\u00e1ndar | Soluci\u00f3n industrial eficiente en energ\u00eda y ecol\u00f3gica | Personalizable | Suministro directo de f\u00e1brica - Fabricante de cabinas de pintura Autoke-China","isPartOf":{"@id":"https:\/\/sprayboothmanufacturer.com\/#website"},"primaryImageOfPage":{"@id":"https:\/\/sprayboothmanufacturer.com\/product\/7m-ce-certified-electric-spray-booth\/#primaryimage"},"image":{"@id":"https:\/\/sprayboothmanufacturer.com\/product\/7m-ce-certified-electric-spray-booth\/#primaryimage"},"thumbnailUrl":"https:\/\/sprayboothmanufacturer.com\/wp-content\/uploads\/2026\/02\/21.png","datePublished":"2026-02-06T02:28:14+00:00","breadcrumb":{"@id":"https:\/\/sprayboothmanufacturer.com\/product\/7m-ce-certified-electric-spray-booth\/#breadcrumb"},"inLanguage":"es","potentialAction":[{"@type":"ReadAction","target":["https:\/\/sprayboothmanufacturer.com\/product\/7m-ce-certified-electric-spray-booth\/"]}]},{"@type":"ImageObject","inLanguage":"es","@id":"https:\/\/sprayboothmanufacturer.com\/product\/7m-ce-certified-electric-spray-booth\/#primaryimage","url":"https:\/\/sprayboothmanufacturer.com\/wp-content\/uploads\/2026\/02\/21.png","contentUrl":"https:\/\/sprayboothmanufacturer.com\/wp-content\/uploads\/2026\/02\/21.png","width":800,"height":800},{"@type":"BreadcrumbList","@id":"https:\/\/sprayboothmanufacturer.com\/product\/7m-ce-certified-electric-spray-booth\/#breadcrumb","itemListElement":[{"@type":"ListItem","position":1,"name":"Home","item":"https:\/\/sprayboothmanufacturer.com\/"},{"@type":"ListItem","position":2,"name":"\u4ea7\u54c1","item":"https:\/\/sprayboothmanufacturer.com\/shop__trashed\/"},{"@type":"ListItem","position":3,"name":"ATK-7000-EH-CE 7m CE-Certified Electric Spray Booth | Standard Size Professional Painting Equipment | Energy-Efficient &#038; Eco-Friendly Industrial Solution | Customizable | Factory Direct Supply"}]},{"@type":"WebSite","@id":"https:\/\/sprayboothmanufacturer.com\/#website","url":"https:\/\/sprayboothmanufacturer.com\/","name":"Fabricante de cabinas de pintura Autoke-China","description":"","publisher":{"@id":"https:\/\/sprayboothmanufacturer.com\/#organization"},"potentialAction":[{"@type":"SearchAction","target":{"@type":"EntryPoint","urlTemplate":"https:\/\/sprayboothmanufacturer.com\/?s={search_term_string}"},"query-input":{"@type":"PropertyValueSpecification","valueRequired":true,"valueName":"search_term_string"}}],"inLanguage":"es"},{"@type":"Organization","@id":"https:\/\/sprayboothmanufacturer.com\/#organization","name":"Fabricante de cabinas de pintura Autoke-China","url":"https:\/\/sprayboothmanufacturer.com\/","logo":{"@type":"ImageObject","inLanguage":"es","@id":"https:\/\/sprayboothmanufacturer.com\/#\/schema\/logo\/image\/","url":"https:\/\/sprayboothmanufacturer.com\/wp-content\/uploads\/2025\/12\/\u5fae\u4fe1\u56fe\u7247_20260113195103_1750_4-scaled-e1768394147958.png","contentUrl":"https:\/\/sprayboothmanufacturer.com\/wp-content\/uploads\/2025\/12\/\u5fae\u4fe1\u56fe\u7247_20260113195103_1750_4-scaled-e1768394147958.png","width":1740,"height":538,"caption":"Autoke-China Paint Booth Manufacturer"},"image":{"@id":"https:\/\/sprayboothmanufacturer.com\/#\/schema\/logo\/image\/"}}]}},"_links":{"self":[{"href":"https:\/\/sprayboothmanufacturer.com\/es\/wp-json\/wp\/v2\/product\/3276","targetHints":{"allow":["GET"]}}],"collection":[{"href":"https:\/\/sprayboothmanufacturer.com\/es\/wp-json\/wp\/v2\/product"}],"about":[{"href":"https:\/\/sprayboothmanufacturer.com\/es\/wp-json\/wp\/v2\/types\/product"}],"replies":[{"embeddable":true,"href":"https:\/\/sprayboothmanufacturer.com\/es\/wp-json\/wp\/v2\/comments?post=3276"}],"version-history":[{"count":1,"href":"https:\/\/sprayboothmanufacturer.com\/es\/wp-json\/wp\/v2\/product\/3276\/revisions"}],"predecessor-version":[{"id":3277,"href":"https:\/\/sprayboothmanufacturer.com\/es\/wp-json\/wp\/v2\/product\/3276\/revisions\/3277"}],"wp:featuredmedia":[{"embeddable":true,"href":"https:\/\/sprayboothmanufacturer.com\/es\/wp-json\/wp\/v2\/media\/3189"}],"wp:attachment":[{"href":"https:\/\/sprayboothmanufacturer.com\/es\/wp-json\/wp\/v2\/media?parent=3276"}],"wp:term":[{"taxonomy":"product_brand","embeddable":true,"href":"https:\/\/sprayboothmanufacturer.com\/es\/wp-json\/wp\/v2\/product_brand?post=3276"},{"taxonomy":"product_cat","embeddable":true,"href":"https:\/\/sprayboothmanufacturer.com\/es\/wp-json\/wp\/v2\/product_cat?post=3276"},{"taxonomy":"product_tag","embeddable":true,"href":"https:\/\/sprayboothmanufacturer.com\/es\/wp-json\/wp\/v2\/product_tag?post=3276"}],"curies":[{"name":"wp","href":"https:\/\/api.w.org\/{rel}","templated":true}]}}