{"id":3274,"date":"2026-02-06T02:11:03","date_gmt":"2026-02-06T02:11:03","guid":{"rendered":"https:\/\/sprayboothmanufacturer.com\/?post_type=product&#038;p=3274"},"modified":"2026-02-06T02:12:02","modified_gmt":"2026-02-06T02:12:02","slug":"7m-integrated-body-paint-workstation","status":"publish","type":"product","link":"https:\/\/sprayboothmanufacturer.com\/es\/product\/7m-integrated-body-paint-workstation\/","title":{"rendered":"ATK-7000-WS-PRO Estaci\u00f3n de trabajo integrada para carrocer\u00eda y pintura de 7m | Cabina de pulverizaci\u00f3n + sala de preparaci\u00f3n + sala de mezcla, combo profesional | Soluci\u00f3n completa para taller de reparaci\u00f3n automotriz | Personalizaci\u00f3n modular disponible"},"content":{"rendered":"<table style=\"height: 164px;\" width=\"786\">\n<tbody>\n<tr>\n<td width=\"142\"><strong><b>Cantidad m\u00ednima de pedido :<\/b><\/strong><\/td>\n<td width=\"142\">1 pieza<\/td>\n<td width=\"142\"><strong><b>Precio :<\/b><\/strong><\/td>\n<td width=\"142\">A negociar<\/td>\n<\/tr>\n<tr>\n<td width=\"142\"><strong><b>Detalles del embalaje :<\/b><\/strong><\/td>\n<td width=\"142\">40G o 20GP\/unidad<\/td>\n<td width=\"142\"><strong><b>Tiempo de entrega :<\/b><\/strong><\/td>\n<td width=\"142\">15 d\u00edas a negociar<\/td>\n<\/tr>\n<tr>\n<td width=\"142\"><strong><b>Condiciones de pago :<\/b><\/strong><\/td>\n<td width=\"142\">L\/C, T\/T<\/td>\n<td width=\"142\"><strong><b>Capacidad de suministro :<\/b><\/strong><\/td>\n<td width=\"142\">50 unidades por mes, cabina de pulverizaci\u00f3n industrial, cabina de pulverizaci\u00f3n para autobuses<\/td>\n<\/tr>\n<tr>\n<td width=\"142\"><strong><b>Lugar de origen:<\/b><\/strong><\/td>\n<td width=\"142\">Jiangsu, China<\/td>\n<td width=\"142\"><strong><b>Nombre de la marca:<\/b><\/strong><\/td>\n<td width=\"142\">Autoke<\/td>\n<\/tr>\n<tr>\n<td width=\"142\"><strong><b>Certificaci\u00f3n:<\/b><\/strong><\/td>\n<td width=\"142\">CE<\/td>\n<td width=\"142\"><strong><b>N\u00famero de modelo:<\/b><\/strong><\/td>\n<td width=\"142\">ATK-7000-WS-PRO<\/td>\n<\/tr>\n<\/tbody>\n<\/table>\n<p class=\"ds-markdown-paragraph\"><strong>Estaci\u00f3n de trabajo integrada profesional de carrocer\u00eda y pintura ATK-7000-WS-PRO de 7m<\/strong><\/p>\n<p class=\"ds-markdown-paragraph\">Este producto es una estaci\u00f3n de trabajo profesional integrada y modular dise\u00f1ada para reparaci\u00f3n automotriz, combinando cient\u00edficamente tres zonas funcionales clave: pintura, preparaci\u00f3n para lijado en seco y mezcla de pintura. Dise\u00f1ada para negocios de reparaci\u00f3n automotriz, talleres de carrocer\u00eda y centros 4S que buscan un flujo de trabajo eficiente, una segregaci\u00f3n clara de procesos y un entorno saludable y ecol\u00f3gico. Ofrece una soluci\u00f3n completa de un solo punto desde la preparaci\u00f3n de piezas hasta la pintura final, mejorando significativamente la eficiencia operativa y la calidad del lugar de trabajo.<\/p>\n<p class=\"ds-markdown-paragraph\"><strong>Componentes del sistema y caracter\u00edsticas principales:<\/strong><\/p>\n<p class=\"ds-markdown-paragraph\"><strong>1. Cabina principal de pulverizaci\u00f3n (Zona de pintura)<\/strong><\/p>\n<ul>\n<li>\n<p class=\"ds-markdown-paragraph\"><strong>Dimensiones:<\/strong>\u00a0Externo: 7000\u00d74000\u00d73350mm | Interno: 6900\u00d73900\u00d72650mm<\/p>\n<\/li>\n<li>\n<p class=\"ds-markdown-paragraph\"><strong>Sistema de calefacci\u00f3n:<\/strong>\u00a0Calefacci\u00f3n el\u00e9ctrica (220V\/380V). 10 conjuntos de l\u00e1mparas hal\u00f3genas infrarrojas de secado, total 30KW. Calienta a 40\u00b0C en 5-8 minutos, m\u00e1ximo 80\u00b0C.<\/p>\n<\/li>\n<li>\n<p class=\"ds-markdown-paragraph\"><strong>Ventilaci\u00f3n:<\/strong>\u00a02\u00d7ventiladores centr\u00edfugos de doble entrada de 4KW (suministro de 30,000 m\u00b3\/h) | 1\u00d7ventilador de extracci\u00f3n de 5.5KW (19,000 m\u00b3\/h).<\/p>\n<\/li>\n<li>\n<p class=\"ds-markdown-paragraph\"><strong>Filtraci\u00f3n:<\/strong>\u00a0Sistema de 3 etapas (Primario &gt;90%, Techo &gt;98%, Piso &gt;90% de eficiencia).<\/p>\n<\/li>\n<li>\n<p class=\"ds-markdown-paragraph\"><strong>Iluminaci\u00f3n:<\/strong>\u00a024\u00d7luces LED de 18W en el techo + 8\u00d7luces laterales de 48W.<\/p>\n<\/li>\n<li>\n<p class=\"ds-markdown-paragraph\"><strong>Control:<\/strong>\u00a0Panel inteligente que integra pintura, horneado, temporizador, control de temperatura, parada de emergencia.<\/p>\n<\/li>\n<\/ul>\n<p class=\"ds-markdown-paragraph\"><strong>2. Sala de preparaci\u00f3n para lijado en seco (Zona de lijado y preparaci\u00f3n)<\/strong><\/p>\n<ul>\n<li>\n<p class=\"ds-markdown-paragraph\"><strong>Dimensiones:<\/strong>\u00a0Mismas especificaciones que la cabina de pulverizaci\u00f3n principal.<\/p>\n<\/li>\n<li>\n<p class=\"ds-markdown-paragraph\"><strong>Equipo principal:<\/strong>\u00a0Caja de filtro profesional para extracci\u00f3n de polvo de lijado en seco. Construida con chapa galvanizada de 1mm y estructura de tubo cuadrado con recubrimiento en polvo. Equipada con algod\u00f3n filtrante y carb\u00f3n activado.<\/p>\n<\/li>\n<li>\n<p class=\"ds-markdown-paragraph\"><strong>Sistema de escape:<\/strong>\u00a01\u00d7ventilador centr\u00edfugo de extracci\u00f3n de alta potencia de 7.5KW para una eliminaci\u00f3n eficiente del polvo.<\/p>\n<\/li>\n<li>\n<p class=\"ds-markdown-paragraph\"><strong>Funci\u00f3n:<\/strong>\u00a0Espacio dedicado para lijado y limpieza despu\u00e9s de la reparaci\u00f3n de carrocer\u00eda, aislando eficazmente el polvo para evitar la contaminaci\u00f3n de la zona de pintura.<\/p>\n<\/li>\n<\/ul>\n<p class=\"ds-markdown-paragraph\"><strong>3. Sala separada de mezcla de pintura (Zona de mezcla de pintura)<\/strong><\/p>\n<ul>\n<li>\n<p class=\"ds-markdown-paragraph\"><strong>Dimensiones:<\/strong>\u00a0Exterior: 3000\u00d74000\u00d73350mm | Interior: 2900\u00d73900\u00d73000mm.<\/p>\n<\/li>\n<li>\n<p class=\"ds-markdown-paragraph\"><strong>Equipo est\u00e1ndar:<\/strong>\u00a0Armario de mezcla de pintura a prueba de explosiones profesional.<\/p>\n<\/li>\n<li>\n<p class=\"ds-markdown-paragraph\"><strong>Funci\u00f3n:<\/strong>\u00a0Un espacio independiente y cerrado para la mezcla y almacenamiento seguro de pintura, que evita que los vapores de solvente afecten otras \u00e1reas de trabajo, garantizando el cumplimiento de las normas de seguridad.<\/p>\n<\/li>\n<\/ul>\n<p class=\"ds-markdown-paragraph\"><strong>Ventajas generales:<\/strong><\/p>\n<ul>\n<li>\n<p class=\"ds-markdown-paragraph\"><strong>Flujo de trabajo optimizado:<\/strong>\u00a0Tres zonas distintas pero interconectadas que optimizan el movimiento de trabajo y minimizan la contaminaci\u00f3n cruzada.<\/p>\n<\/li>\n<li>\n<p class=\"ds-markdown-paragraph\"><strong>Ecol\u00f3gico y saludable:<\/strong>\u00a0Sistemas de manejo de aire separados para cada zona que aseguran la recolecci\u00f3n y filtraci\u00f3n concentrada de polvo y vapores, mejorando la calidad del aire en el taller.<\/p>\n<\/li>\n<li>\n<p class=\"ds-markdown-paragraph\"><strong>Configuraci\u00f3n flexible:<\/strong>\u00a0La estaci\u00f3n de trabajo puede seleccionarse y personalizarse de forma modular seg\u00fan el plano del cliente, presupuesto y necesidades operativas.<\/p>\n<\/li>\n<li>\n<p class=\"ds-markdown-paragraph\"><strong>Construcci\u00f3n robusta:<\/strong>\u00a0Todas las zonas cuentan con paneles de paredes de acero de color de doble capa aislados (lana de roca de 100kg\/m\u00b3), techos de acero galvanizado y suelos de rejilla de acero galvanizado de alta resistencia (capacidad de carga \u22655t).<\/p>\n<\/li>\n<\/ul>\n<p class=\"ds-markdown-paragraph\"><strong>Aplicaciones ideales:<\/strong><\/p>\n<ul>\n<li>\n<p class=\"ds-markdown-paragraph\">Instalaciones de reparaci\u00f3n de autom\u00f3viles a gran escala y completas.<\/p>\n<\/li>\n<li>\n<p class=\"ds-markdown-paragraph\">Centros de carrocer\u00eda y pintura de marcas automotrices 4S.<\/p>\n<\/li>\n<li>\n<p class=\"ds-markdown-paragraph\">F\u00e1bricas profesionales de reparaci\u00f3n de carrocer\u00edas de camiones y autobuses.<\/p>\n<\/li>\n<li>\n<p class=\"ds-markdown-paragraph\">Talleres de pulverizaci\u00f3n existentes que planean actualizarse para cumplir con la normativa ambiental y mejorar la eficiencia.<\/p>\n<\/li>\n<\/ul>\n<p class=\"ds-markdown-paragraph\">Proporcionamos soporte t\u00e9cnico integral, desde el dise\u00f1o del layout y la configuraci\u00f3n del equipo hasta la orientaci\u00f3n en la instalaci\u00f3n.<\/p>\n<p class=\"ds-markdown-paragraph\"><strong>Contacte a nuestros consultores t\u00e9cnicos para una propuesta personalizada de planificaci\u00f3n de estaciones de trabajo y una cotizaci\u00f3n detallada.<\/strong><\/p>","protected":false},"excerpt":{"rendered":"<p>El ATK-7000-WS-PRO es una soluci\u00f3n completa de estaci\u00f3n de trabajo para carrocer\u00eda y pintura automotriz, que integra una cabina de pulverizaci\u00f3n est\u00e1ndar de 7 m, una sala de preparaci\u00f3n para lijado en seco de igual tama\u00f1o y una sala de mezclado de pintura separada. Con calefacci\u00f3n el\u00e9ctrica, filtraci\u00f3n profesional de extracci\u00f3n de polvo y control inteligente, ofrece cobertura integral para lijado, mezcla de pintura y pulverizaci\u00f3n. Dise\u00f1ado para talleres de reparaci\u00f3n de tama\u00f1o medio a grande y centros de colisi\u00f3n profesionales.<\/p>","protected":false},"featured_media":3197,"comment_status":"open","ping_status":"closed","template":"","meta":[],"product_brand":[76],"product_cat":[60,59],"product_tag":[75,79,73,63,72,66,69,68,65],"class_list":{"0":"post-3274","1":"product","2":"type-product","3":"status-publish","4":"has-post-thumbnail","6":"product_brand-autoke","7":"product_cat-car-spray-booth","8":"product_cat-spray-booth","9":"product_tag-8m-diesel-car-paint-booth","10":"product_tag-automotive-spray-booth","11":"product_tag-automotive-spray-booth-manufacturer","12":"product_tag-car-spray-booth","13":"product_tag-car-spray-booth-factory","14":"product_tag-car-spray-booth-manufacturer","15":"product_tag-ce-car-spray-booth","16":"product_tag-customized-car-spray-booth","17":"product_tag-efficient-car-spray-booth","19":"first","20":"instock","21":"shipping-taxable","22":"product-type-simple"},"yoast_head":"<!-- This site is optimized with the Yoast SEO plugin v27.4 - https:\/\/yoast.com\/product\/yoast-seo-wordpress\/ -->\n<title>ATK-7000-WS-PRO 7m Integrated Body &amp; Paint Workstation | Spray Booth + Prep Room + Mix Room Professional Combo | Complete Workshop Solution for Auto Repair | Modular Customization Available - Autoke-China Paint Booth Manufacturer<\/title>\n<meta name=\"robots\" content=\"index, follow, max-snippet:-1, max-image-preview:large, max-video-preview:-1\" \/>\n<link rel=\"canonical\" href=\"https:\/\/sprayboothmanufacturer.com\/es\/producto\/7m-integrated-body-paint-workstation\/\" \/>\n<meta property=\"og:locale\" content=\"es_ES\" \/>\n<meta property=\"og:type\" content=\"article\" \/>\n<meta property=\"og:title\" content=\"ATK-7000-WS-PRO 7m Integrated Body &amp; Paint Workstation | Spray Booth + Prep Room + Mix Room Professional Combo | Complete Workshop Solution for Auto Repair | Modular Customization Available - Autoke-China Paint Booth Manufacturer\" \/>\n<meta property=\"og:description\" content=\"The ATK-7000-WS-PRO is a complete automotive body and paint workstation solution, integrating a 7m standard spray booth, an equally sized dry sanding preparation room, and a separate paint mixing room. Featuring electric heating, professional dust extraction filtration, and intelligent control, it provides end-to-end coverage for sanding, paint mixing, and spraying. Designed for medium-to-large repair workshops and professional collision centers.\" \/>\n<meta property=\"og:url\" content=\"https:\/\/sprayboothmanufacturer.com\/es\/producto\/7m-integrated-body-paint-workstation\/\" \/>\n<meta property=\"og:site_name\" content=\"Autoke-China Paint Booth Manufacturer\" \/>\n<meta property=\"article:modified_time\" content=\"2026-02-06T02:12:02+00:00\" \/>\n<meta property=\"og:image\" content=\"https:\/\/sprayboothmanufacturer.com\/wp-content\/uploads\/2026\/02\/29.png\" \/>\n\t<meta property=\"og:image:width\" content=\"800\" \/>\n\t<meta property=\"og:image:height\" content=\"800\" \/>\n\t<meta property=\"og:image:type\" content=\"image\/png\" \/>\n<meta name=\"twitter:card\" content=\"summary_large_image\" \/>\n<meta name=\"twitter:label1\" content=\"Est. reading time\" \/>\n\t<meta name=\"twitter:data1\" content=\"3 minutos\" \/>\n<script type=\"application\/ld+json\" class=\"yoast-schema-graph\">{\"@context\":\"https:\\\/\\\/schema.org\",\"@graph\":[{\"@type\":\"WebPage\",\"@id\":\"https:\\\/\\\/sprayboothmanufacturer.com\\\/product\\\/7m-integrated-body-paint-workstation\\\/\",\"url\":\"https:\\\/\\\/sprayboothmanufacturer.com\\\/product\\\/7m-integrated-body-paint-workstation\\\/\",\"name\":\"ATK-7000-WS-PRO 7m Integrated Body & Paint Workstation | Spray Booth + Prep Room + Mix Room Professional Combo | Complete Workshop Solution for Auto Repair | Modular Customization Available - Autoke-China Paint Booth Manufacturer\",\"isPartOf\":{\"@id\":\"https:\\\/\\\/sprayboothmanufacturer.com\\\/#website\"},\"primaryImageOfPage\":{\"@id\":\"https:\\\/\\\/sprayboothmanufacturer.com\\\/product\\\/7m-integrated-body-paint-workstation\\\/#primaryimage\"},\"image\":{\"@id\":\"https:\\\/\\\/sprayboothmanufacturer.com\\\/product\\\/7m-integrated-body-paint-workstation\\\/#primaryimage\"},\"thumbnailUrl\":\"https:\\\/\\\/sprayboothmanufacturer.com\\\/wp-content\\\/uploads\\\/2026\\\/02\\\/29.png\",\"datePublished\":\"2026-02-06T02:11:03+00:00\",\"dateModified\":\"2026-02-06T02:12:02+00:00\",\"breadcrumb\":{\"@id\":\"https:\\\/\\\/sprayboothmanufacturer.com\\\/product\\\/7m-integrated-body-paint-workstation\\\/#breadcrumb\"},\"inLanguage\":\"es\",\"potentialAction\":[{\"@type\":\"ReadAction\",\"target\":[\"https:\\\/\\\/sprayboothmanufacturer.com\\\/product\\\/7m-integrated-body-paint-workstation\\\/\"]}]},{\"@type\":\"ImageObject\",\"inLanguage\":\"es\",\"@id\":\"https:\\\/\\\/sprayboothmanufacturer.com\\\/product\\\/7m-integrated-body-paint-workstation\\\/#primaryimage\",\"url\":\"https:\\\/\\\/sprayboothmanufacturer.com\\\/wp-content\\\/uploads\\\/2026\\\/02\\\/29.png\",\"contentUrl\":\"https:\\\/\\\/sprayboothmanufacturer.com\\\/wp-content\\\/uploads\\\/2026\\\/02\\\/29.png\",\"width\":800,\"height\":800},{\"@type\":\"BreadcrumbList\",\"@id\":\"https:\\\/\\\/sprayboothmanufacturer.com\\\/product\\\/7m-integrated-body-paint-workstation\\\/#breadcrumb\",\"itemListElement\":[{\"@type\":\"ListItem\",\"position\":1,\"name\":\"Home\",\"item\":\"https:\\\/\\\/sprayboothmanufacturer.com\\\/\"},{\"@type\":\"ListItem\",\"position\":2,\"name\":\"\u4ea7\u54c1\",\"item\":\"https:\\\/\\\/sprayboothmanufacturer.com\\\/shop__trashed\\\/\"},{\"@type\":\"ListItem\",\"position\":3,\"name\":\"ATK-7000-WS-PRO 7m Integrated Body &#038; Paint Workstation | Spray Booth + Prep Room + Mix Room Professional Combo | Complete Workshop Solution for Auto Repair | Modular Customization Available\"}]},{\"@type\":\"WebSite\",\"@id\":\"https:\\\/\\\/sprayboothmanufacturer.com\\\/#website\",\"url\":\"https:\\\/\\\/sprayboothmanufacturer.com\\\/\",\"name\":\"Autoke-China Paint Booth Manufacturer\",\"description\":\"\",\"publisher\":{\"@id\":\"https:\\\/\\\/sprayboothmanufacturer.com\\\/#organization\"},\"potentialAction\":[{\"@type\":\"SearchAction\",\"target\":{\"@type\":\"EntryPoint\",\"urlTemplate\":\"https:\\\/\\\/sprayboothmanufacturer.com\\\/?s={search_term_string}\"},\"query-input\":{\"@type\":\"PropertyValueSpecification\",\"valueRequired\":true,\"valueName\":\"search_term_string\"}}],\"inLanguage\":\"es\"},{\"@type\":\"Organization\",\"@id\":\"https:\\\/\\\/sprayboothmanufacturer.com\\\/#organization\",\"name\":\"Autoke-China Paint Booth Manufacturer\",\"url\":\"https:\\\/\\\/sprayboothmanufacturer.com\\\/\",\"logo\":{\"@type\":\"ImageObject\",\"inLanguage\":\"es\",\"@id\":\"https:\\\/\\\/sprayboothmanufacturer.com\\\/#\\\/schema\\\/logo\\\/image\\\/\",\"url\":\"https:\\\/\\\/sprayboothmanufacturer.com\\\/wp-content\\\/uploads\\\/2025\\\/12\\\/\u5fae\u4fe1\u56fe\u7247_20260113195103_1750_4-scaled-e1768394147958.png\",\"contentUrl\":\"https:\\\/\\\/sprayboothmanufacturer.com\\\/wp-content\\\/uploads\\\/2025\\\/12\\\/\u5fae\u4fe1\u56fe\u7247_20260113195103_1750_4-scaled-e1768394147958.png\",\"width\":1740,\"height\":538,\"caption\":\"Autoke-China Paint Booth Manufacturer\"},\"image\":{\"@id\":\"https:\\\/\\\/sprayboothmanufacturer.com\\\/#\\\/schema\\\/logo\\\/image\\\/\"}}]}<\/script>\n<!-- \/ Yoast SEO plugin. -->","yoast_head_json":{"title":"Estaci\u00f3n de trabajo integrada ATK-7000-WS-PRO de 7m | Cabina de pulverizaci\u00f3n + Sala de preparaci\u00f3n + Sala de mezcla | Soluci\u00f3n completa para talleres de reparaci\u00f3n de autom\u00f3viles | Personalizaci\u00f3n modular disponible - Fabricante de cabinas de pintura Autoke-China","robots":{"index":"index","follow":"follow","max-snippet":"max-snippet:-1","max-image-preview":"max-image-preview:large","max-video-preview":"max-video-preview:-1"},"canonical":"https:\/\/sprayboothmanufacturer.com\/es\/producto\/7m-integrated-body-paint-workstation\/","og_locale":"es_ES","og_type":"article","og_title":"ATK-7000-WS-PRO 7m Integrated Body & Paint Workstation | Spray Booth + Prep Room + Mix Room Professional Combo | Complete Workshop Solution for Auto Repair | Modular Customization Available - Autoke-China Paint Booth Manufacturer","og_description":"The ATK-7000-WS-PRO is a complete automotive body and paint workstation solution, integrating a 7m standard spray booth, an equally sized dry sanding preparation room, and a separate paint mixing room. Featuring electric heating, professional dust extraction filtration, and intelligent control, it provides end-to-end coverage for sanding, paint mixing, and spraying. Designed for medium-to-large repair workshops and professional collision centers.","og_url":"https:\/\/sprayboothmanufacturer.com\/es\/producto\/7m-integrated-body-paint-workstation\/","og_site_name":"Autoke-China Paint Booth Manufacturer","article_modified_time":"2026-02-06T02:12:02+00:00","og_image":[{"width":800,"height":800,"url":"https:\/\/sprayboothmanufacturer.com\/wp-content\/uploads\/2026\/02\/29.png","type":"image\/png"}],"twitter_card":"summary_large_image","twitter_misc":{"Est. reading time":"3 minutos"},"schema":{"@context":"https:\/\/schema.org","@graph":[{"@type":"WebPage","@id":"https:\/\/sprayboothmanufacturer.com\/product\/7m-integrated-body-paint-workstation\/","url":"https:\/\/sprayboothmanufacturer.com\/product\/7m-integrated-body-paint-workstation\/","name":"Estaci\u00f3n de trabajo integrada ATK-7000-WS-PRO de 7m | Cabina de pulverizaci\u00f3n + Sala de preparaci\u00f3n + Sala de mezcla | Soluci\u00f3n completa para talleres de reparaci\u00f3n de autom\u00f3viles | Personalizaci\u00f3n modular disponible - Fabricante de cabinas de pintura Autoke-China","isPartOf":{"@id":"https:\/\/sprayboothmanufacturer.com\/#website"},"primaryImageOfPage":{"@id":"https:\/\/sprayboothmanufacturer.com\/product\/7m-integrated-body-paint-workstation\/#primaryimage"},"image":{"@id":"https:\/\/sprayboothmanufacturer.com\/product\/7m-integrated-body-paint-workstation\/#primaryimage"},"thumbnailUrl":"https:\/\/sprayboothmanufacturer.com\/wp-content\/uploads\/2026\/02\/29.png","datePublished":"2026-02-06T02:11:03+00:00","dateModified":"2026-02-06T02:12:02+00:00","breadcrumb":{"@id":"https:\/\/sprayboothmanufacturer.com\/product\/7m-integrated-body-paint-workstation\/#breadcrumb"},"inLanguage":"es","potentialAction":[{"@type":"ReadAction","target":["https:\/\/sprayboothmanufacturer.com\/product\/7m-integrated-body-paint-workstation\/"]}]},{"@type":"ImageObject","inLanguage":"es","@id":"https:\/\/sprayboothmanufacturer.com\/product\/7m-integrated-body-paint-workstation\/#primaryimage","url":"https:\/\/sprayboothmanufacturer.com\/wp-content\/uploads\/2026\/02\/29.png","contentUrl":"https:\/\/sprayboothmanufacturer.com\/wp-content\/uploads\/2026\/02\/29.png","width":800,"height":800},{"@type":"BreadcrumbList","@id":"https:\/\/sprayboothmanufacturer.com\/product\/7m-integrated-body-paint-workstation\/#breadcrumb","itemListElement":[{"@type":"ListItem","position":1,"name":"Home","item":"https:\/\/sprayboothmanufacturer.com\/"},{"@type":"ListItem","position":2,"name":"\u4ea7\u54c1","item":"https:\/\/sprayboothmanufacturer.com\/shop__trashed\/"},{"@type":"ListItem","position":3,"name":"ATK-7000-WS-PRO 7m Integrated Body &#038; Paint Workstation | Spray Booth + Prep Room + Mix Room Professional Combo | Complete Workshop Solution for Auto Repair | Modular Customization Available"}]},{"@type":"WebSite","@id":"https:\/\/sprayboothmanufacturer.com\/#website","url":"https:\/\/sprayboothmanufacturer.com\/","name":"Fabricante de cabinas de pintura Autoke-China","description":"","publisher":{"@id":"https:\/\/sprayboothmanufacturer.com\/#organization"},"potentialAction":[{"@type":"SearchAction","target":{"@type":"EntryPoint","urlTemplate":"https:\/\/sprayboothmanufacturer.com\/?s={search_term_string}"},"query-input":{"@type":"PropertyValueSpecification","valueRequired":true,"valueName":"search_term_string"}}],"inLanguage":"es"},{"@type":"Organization","@id":"https:\/\/sprayboothmanufacturer.com\/#organization","name":"Fabricante de cabinas de pintura Autoke-China","url":"https:\/\/sprayboothmanufacturer.com\/","logo":{"@type":"ImageObject","inLanguage":"es","@id":"https:\/\/sprayboothmanufacturer.com\/#\/schema\/logo\/image\/","url":"https:\/\/sprayboothmanufacturer.com\/wp-content\/uploads\/2025\/12\/\u5fae\u4fe1\u56fe\u7247_20260113195103_1750_4-scaled-e1768394147958.png","contentUrl":"https:\/\/sprayboothmanufacturer.com\/wp-content\/uploads\/2025\/12\/\u5fae\u4fe1\u56fe\u7247_20260113195103_1750_4-scaled-e1768394147958.png","width":1740,"height":538,"caption":"Autoke-China Paint Booth Manufacturer"},"image":{"@id":"https:\/\/sprayboothmanufacturer.com\/#\/schema\/logo\/image\/"}}]}},"_links":{"self":[{"href":"https:\/\/sprayboothmanufacturer.com\/es\/wp-json\/wp\/v2\/product\/3274","targetHints":{"allow":["GET"]}}],"collection":[{"href":"https:\/\/sprayboothmanufacturer.com\/es\/wp-json\/wp\/v2\/product"}],"about":[{"href":"https:\/\/sprayboothmanufacturer.com\/es\/wp-json\/wp\/v2\/types\/product"}],"replies":[{"embeddable":true,"href":"https:\/\/sprayboothmanufacturer.com\/es\/wp-json\/wp\/v2\/comments?post=3274"}],"version-history":[{"count":1,"href":"https:\/\/sprayboothmanufacturer.com\/es\/wp-json\/wp\/v2\/product\/3274\/revisions"}],"predecessor-version":[{"id":3275,"href":"https:\/\/sprayboothmanufacturer.com\/es\/wp-json\/wp\/v2\/product\/3274\/revisions\/3275"}],"wp:featuredmedia":[{"embeddable":true,"href":"https:\/\/sprayboothmanufacturer.com\/es\/wp-json\/wp\/v2\/media\/3197"}],"wp:attachment":[{"href":"https:\/\/sprayboothmanufacturer.com\/es\/wp-json\/wp\/v2\/media?parent=3274"}],"wp:term":[{"taxonomy":"product_brand","embeddable":true,"href":"https:\/\/sprayboothmanufacturer.com\/es\/wp-json\/wp\/v2\/product_brand?post=3274"},{"taxonomy":"product_cat","embeddable":true,"href":"https:\/\/sprayboothmanufacturer.com\/es\/wp-json\/wp\/v2\/product_cat?post=3274"},{"taxonomy":"product_tag","embeddable":true,"href":"https:\/\/sprayboothmanufacturer.com\/es\/wp-json\/wp\/v2\/product_tag?post=3274"}],"curies":[{"name":"wp","href":"https:\/\/api.w.org\/{rel}","templated":true}]}}