{"id":3247,"date":"2026-02-05T09:00:45","date_gmt":"2026-02-05T09:00:45","guid":{"rendered":"https:\/\/sprayboothmanufacturer.com\/?post_type=product&#038;p=3247"},"modified":"2026-02-05T09:00:45","modified_gmt":"2026-02-05T09:00:45","slug":"7-5m-luxury-diesel-spray-booth","status":"publish","type":"product","link":"https:\/\/sprayboothmanufacturer.com\/es\/product\/7-5m-luxury-diesel-spray-booth\/","title":{"rendered":"ATK-7500-DH-PRO Cabina de pulverizaci\u00f3n di\u00e9sel de lujo de 7,5m | Soluci\u00f3n profesional de pintura para centros de reparaci\u00f3n automotriz | Filtraci\u00f3n de alta eficiencia y control inteligente de temperatura | Personalizable | Suministro directo de f\u00e1brica"},"content":{"rendered":"<table style=\"height: 208px;\" width=\"745\">\n<tbody>\n<tr>\n<td width=\"142\"><strong><b>Cantidad m\u00ednima de pedido :<\/b><\/strong><\/td>\n<td width=\"142\">1 pieza<\/td>\n<td width=\"142\"><strong><b>Precio :<\/b><\/strong><\/td>\n<td width=\"142\">A negociar<\/td>\n<\/tr>\n<tr>\n<td width=\"142\"><strong><b>Detalles del embalaje :<\/b><\/strong><\/td>\n<td width=\"142\">40G o 20GP\/unidad<\/td>\n<td width=\"142\"><strong><b>Tiempo de entrega :<\/b><\/strong><\/td>\n<td width=\"142\">15 d\u00edas a negociar<\/td>\n<\/tr>\n<tr>\n<td width=\"142\"><strong><b>Condiciones de pago :<\/b><\/strong><\/td>\n<td width=\"142\">L\/C, T\/T<\/td>\n<td width=\"142\"><strong><b>Capacidad de suministro :<\/b><\/strong><\/td>\n<td width=\"142\">50 unidades por mes, cabina de pulverizaci\u00f3n industrial, cabina de pulverizaci\u00f3n para autobuses<\/td>\n<\/tr>\n<tr>\n<td width=\"142\"><strong><b>Lugar de origen:<\/b><\/strong><\/td>\n<td width=\"142\">Jiangsu, China<\/td>\n<td width=\"142\"><strong><b>Nombre de la marca:<\/b><\/strong><\/td>\n<td width=\"142\">Autoke<\/td>\n<\/tr>\n<tr>\n<td width=\"142\"><strong><b>Certificaci\u00f3n:<\/b><\/strong><\/td>\n<td width=\"142\">CE<\/td>\n<td width=\"142\"><strong><b>N\u00famero de modelo:<\/b><\/strong><\/td>\n<td width=\"142\">ATK-7500-DH-PRO<\/td>\n<\/tr>\n<\/tbody>\n<\/table>\n<p class=\"ds-markdown-paragraph\"><strong>Cabina de pulverizaci\u00f3n de lujo di\u00e9sel ATK-7500-DH-PRO de 7,5 m<\/strong><\/p>\n<p class=\"ds-markdown-paragraph\">Este producto es una cabina de pulverizaci\u00f3n di\u00e9sel de alto rendimiento dise\u00f1ada para reparaci\u00f3n de autom\u00f3viles, pintura de veh\u00edculos comerciales y aplicaciones de recubrimiento industrial. Con un interior espacioso, combina calefacci\u00f3n eficiente, ventilaci\u00f3n potente y control inteligente para proporcionar un entorno de pintura limpio, estable y de alta eficiencia para diversos veh\u00edculos y componentes, adecuado para operaciones de carga media a alta.<\/p>\n<p class=\"ds-markdown-paragraph\"><strong>Ventajas principales:<\/strong><\/p>\n<p class=\"ds-markdown-paragraph\">\ud83d\udd25\u00a0<strong>Sistema de calefacci\u00f3n di\u00e9sel r\u00e1pido<\/strong><br \/>\nUtiliza un quemador di\u00e9sel RIELLO G20, logrando un calentamiento r\u00e1pido hasta 40\u00b0C en 5-8 minutos, con una temperatura m\u00e1xima de horneado de 80\u00b0C. Eficiente en consumo de energ\u00eda y adaptable a diversos procesos de pintura.<\/p>\n<p class=\"ds-markdown-paragraph\">\ud83d\udca8\u00a0<strong>Ventilaci\u00f3n potente y intercambio de aire<\/strong><br \/>\nDos ventiladores centr\u00edfugos de doble entrada de 4KW entregan un suministro de aire total de 30.000 m\u00b3\/h, junto con un ventilador de extracci\u00f3n de 5,5KW (19.000 m\u00b3\/h) para un intercambio de aire r\u00e1pido, garantizando la seguridad operativa y la calidad del acabado de la pintura.<\/p>\n<p class=\"ds-markdown-paragraph\">\ud83c\udf2b\ufe0f\u00a0<strong>Sistema de filtraci\u00f3n de precisi\u00f3n en tres etapas<\/strong><br \/>\nIncluye un filtro primario (&gt;10\u03bcm, &gt;90% de eficiencia), filtro de techo de alta eficiencia (&gt;4\u03bcm, &gt;98% de eficiencia) y filtro de suelo de fibra de vidrio de m\u00faltiples capas (&gt;90% de eficiencia) para garantizar un entorno de trabajo limpio y libre de polvo.<\/p>\n<p class=\"ds-markdown-paragraph\">\ud83c\udfd7\ufe0f\u00a0<strong>Dise\u00f1o estructural robusto<\/strong><br \/>\nLas paredes est\u00e1n construidas con paneles de acero recubierto de color, resistentes al fuego, aislados y llenos de lana de roca de alta densidad. El suelo es una plataforma elevada de 300 mm de altura, hecha de chapa de acero galvanizado, equipada con rejillas y pasarelas de acero galvanizado, soportando m\u00e1s de 5 toneladas.<\/p>\n<p class=\"ds-markdown-paragraph\">\ud83d\udeaa\u00a0<strong>Dise\u00f1o de puertas de acceso amplio<\/strong><br \/>\nTres puertas frontales con un ancho total de 3000 mm, equipadas con vidrio resistente a altas temperaturas de 5 mm, facilitan el acceso para veh\u00edculos grandes y mejoran la comodidad operativa.<\/p>\n<p class=\"ds-markdown-paragraph\">\ud83d\udcdf\u00a0<strong>Sistema de Control Integrado Inteligente<\/strong><br \/>\nUn panel de control unificado integra funciones de iluminaci\u00f3n, pintura, horneado, temporizador, control de temperatura y parada de emergencia para una operaci\u00f3n sencilla, mejorando la eficiencia y seguridad del trabajo.<\/p>\n<p class=\"ds-markdown-paragraph\">\ud83d\udca1\u00a0<strong>Configuraci\u00f3n profesional de iluminaci\u00f3n<\/strong><br \/>\nIluminaci\u00f3n de techo con 24\u00d718W LED y 8\u00d748W LED en las paredes laterales proporcionan una iluminaci\u00f3n uniforme y sin sombras, garantizando una visibilidad clara para trabajos de pintura detallados.<\/p>\n<p class=\"ds-markdown-paragraph\"><strong>Especificaciones t\u00e9cnicas principales:<\/strong><\/p>\n<ul>\n<li>\n<p class=\"ds-markdown-paragraph\">Dimensiones externas: 7500\u00d74500\u00d73350 mm<\/p>\n<\/li>\n<li>\n<p class=\"ds-markdown-paragraph\">Dimensiones internas: 7400\u00d74400\u00d72650 mm<\/p>\n<\/li>\n<li>\n<p class=\"ds-markdown-paragraph\">Potencia total: 15 KW (Versi\u00f3n de calefacci\u00f3n di\u00e9sel)<\/p>\n<\/li>\n<li>\n<p class=\"ds-markdown-paragraph\">Voltaje: 220V\/380V, 50Hz<\/p>\n<\/li>\n<li>\n<p class=\"ds-markdown-paragraph\">Volumen de embalaje: Aproximadamente 19 CBM\/paquete, Peso: Aproximadamente 3500kg<\/p>\n<\/li>\n<\/ul>\n<p class=\"ds-markdown-paragraph\"><strong>Aplicaciones ideales:<\/strong><\/p>\n<ul>\n<li>\n<p class=\"ds-markdown-paragraph\">Talleres de reparaci\u00f3n de autom\u00f3viles y tiendas 4S integrales<\/p>\n<\/li>\n<li>\n<p class=\"ds-markdown-paragraph\">Talleres de pintura de carrocer\u00eda de autobuses y camiones<\/p>\n<\/li>\n<li>\n<p class=\"ds-markdown-paragraph\">Recubrimiento de maquinaria de construcci\u00f3n y veh\u00edculos especiales<\/p>\n<\/li>\n<li>\n<p class=\"ds-markdown-paragraph\">Centros de reparaci\u00f3n de colisiones y l\u00edneas de producci\u00f3n de pintura industrial<\/p>\n<\/li>\n<\/ul>\n<p class=\"ds-markdown-paragraph\">Se admite personalizaci\u00f3n en color, configuraciones espec\u00edficas y distribuci\u00f3n. Se pueden ofrecer soluciones a medida seg\u00fan las condiciones reales del sitio.<\/p>\n<p class=\"ds-markdown-paragraph\"><strong>P\u00f3ngase en contacto con nuestro equipo t\u00e9cnico para obtener especificaciones detalladas, recomendaciones de configuraci\u00f3n y una cotizaci\u00f3n personalizada.<\/strong><\/p>","protected":false},"excerpt":{"rendered":"<p>El ATK-7500-DH-PRO est\u00e1 dise\u00f1ado para pintura de veh\u00edculos de tama\u00f1o mediano a grande, con unas dimensiones internas de 7,4\u00d74,4\u00d72,65 metros. Est\u00e1 equipado con un sistema de calefacci\u00f3n di\u00e9sel RIELLO G20, suministro de aire potente de 30.000 m\u00b3\/h, filtraci\u00f3n de alta eficiencia en tres etapas y un sistema de control inteligente. Ideal para aplicaciones profesionales de pintura en reparaci\u00f3n de autom\u00f3viles, autobuses, camiones y maquinaria de construcci\u00f3n.<\/p>","protected":false},"featured_media":3172,"comment_status":"open","ping_status":"closed","template":"","meta":[],"product_brand":[76],"product_cat":[60,59],"product_tag":[75,74,79,73,63,72,66,69,68,85,81],"class_list":{"0":"post-3247","1":"product","2":"type-product","3":"status-publish","4":"has-post-thumbnail","6":"product_brand-autoke","7":"product_cat-car-spray-booth","8":"product_cat-spray-booth","9":"product_tag-8m-diesel-car-paint-booth","10":"product_tag-8m-electric-car-paint-booth","11":"product_tag-automotive-spray-booth","12":"product_tag-automotive-spray-booth-manufacturer","13":"product_tag-car-spray-booth","14":"product_tag-car-spray-booth-factory","15":"product_tag-car-spray-booth-manufacturer","16":"product_tag-ce-car-spray-booth","17":"product_tag-customized-car-spray-booth","18":"product_tag-large-vehicle-paint-booth","19":"product_tag-truck-paint-booth","21":"first","22":"instock","23":"shipping-taxable","24":"product-type-simple"},"yoast_head":"<!-- This site is optimized with the Yoast SEO plugin v27.4 - https:\/\/yoast.com\/product\/yoast-seo-wordpress\/ -->\n<title>ATK-7500-DH-PRO 7.5m Luxury Diesel Spray Booth | Professional Painting Solution for Automotive Repair Centers | High-Efficiency Filtration &amp; Intelligent Temperature Control | Customizable | Factory Direct Supply - Autoke-China Paint Booth Manufacturer<\/title>\n<meta name=\"robots\" content=\"index, follow, max-snippet:-1, max-image-preview:large, max-video-preview:-1\" \/>\n<link rel=\"canonical\" href=\"https:\/\/sprayboothmanufacturer.com\/es\/producto\/7-5m-luxury-diesel-spray-booth\/\" \/>\n<meta property=\"og:locale\" content=\"es_ES\" \/>\n<meta property=\"og:type\" content=\"article\" \/>\n<meta property=\"og:title\" content=\"ATK-7500-DH-PRO 7.5m Luxury Diesel Spray Booth | Professional Painting Solution for Automotive Repair Centers | High-Efficiency Filtration &amp; Intelligent Temperature Control | Customizable | Factory Direct Supply - Autoke-China Paint Booth Manufacturer\" \/>\n<meta property=\"og:description\" content=\"The ATK-7500-DH-PRO is designed for medium-to-large vehicle painting, featuring an internal size of 7.4\u00d74.4\u00d72.65 meters. It is equipped with a RIELLO G20 diesel heating system, powerful 30,000 m\u00b3\/h air supply, three-stage high-efficiency filtration, and an intelligent control system. Ideal for professional painting applications in automotive repair, buses, trucks, and construction machinery.\" \/>\n<meta property=\"og:url\" content=\"https:\/\/sprayboothmanufacturer.com\/es\/producto\/7-5m-luxury-diesel-spray-booth\/\" \/>\n<meta property=\"og:site_name\" content=\"Autoke-China Paint Booth Manufacturer\" \/>\n<meta property=\"og:image\" content=\"https:\/\/sprayboothmanufacturer.com\/wp-content\/uploads\/2026\/02\/2.png\" \/>\n\t<meta property=\"og:image:width\" content=\"800\" \/>\n\t<meta property=\"og:image:height\" content=\"800\" \/>\n\t<meta property=\"og:image:type\" content=\"image\/png\" \/>\n<meta name=\"twitter:card\" content=\"summary_large_image\" \/>\n<meta name=\"twitter:label1\" content=\"Est. reading time\" \/>\n\t<meta name=\"twitter:data1\" content=\"3 minutos\" \/>\n<script type=\"application\/ld+json\" class=\"yoast-schema-graph\">{\"@context\":\"https:\\\/\\\/schema.org\",\"@graph\":[{\"@type\":\"WebPage\",\"@id\":\"https:\\\/\\\/sprayboothmanufacturer.com\\\/product\\\/7-5m-luxury-diesel-spray-booth\\\/\",\"url\":\"https:\\\/\\\/sprayboothmanufacturer.com\\\/product\\\/7-5m-luxury-diesel-spray-booth\\\/\",\"name\":\"ATK-7500-DH-PRO 7.5m Luxury Diesel Spray Booth | Professional Painting Solution for Automotive Repair Centers | High-Efficiency Filtration & Intelligent Temperature Control | Customizable | Factory Direct Supply - Autoke-China Paint Booth Manufacturer\",\"isPartOf\":{\"@id\":\"https:\\\/\\\/sprayboothmanufacturer.com\\\/#website\"},\"primaryImageOfPage\":{\"@id\":\"https:\\\/\\\/sprayboothmanufacturer.com\\\/product\\\/7-5m-luxury-diesel-spray-booth\\\/#primaryimage\"},\"image\":{\"@id\":\"https:\\\/\\\/sprayboothmanufacturer.com\\\/product\\\/7-5m-luxury-diesel-spray-booth\\\/#primaryimage\"},\"thumbnailUrl\":\"https:\\\/\\\/sprayboothmanufacturer.com\\\/wp-content\\\/uploads\\\/2026\\\/02\\\/2.png\",\"datePublished\":\"2026-02-05T09:00:45+00:00\",\"breadcrumb\":{\"@id\":\"https:\\\/\\\/sprayboothmanufacturer.com\\\/product\\\/7-5m-luxury-diesel-spray-booth\\\/#breadcrumb\"},\"inLanguage\":\"es\",\"potentialAction\":[{\"@type\":\"ReadAction\",\"target\":[\"https:\\\/\\\/sprayboothmanufacturer.com\\\/product\\\/7-5m-luxury-diesel-spray-booth\\\/\"]}]},{\"@type\":\"ImageObject\",\"inLanguage\":\"es\",\"@id\":\"https:\\\/\\\/sprayboothmanufacturer.com\\\/product\\\/7-5m-luxury-diesel-spray-booth\\\/#primaryimage\",\"url\":\"https:\\\/\\\/sprayboothmanufacturer.com\\\/wp-content\\\/uploads\\\/2026\\\/02\\\/2.png\",\"contentUrl\":\"https:\\\/\\\/sprayboothmanufacturer.com\\\/wp-content\\\/uploads\\\/2026\\\/02\\\/2.png\",\"width\":800,\"height\":800},{\"@type\":\"BreadcrumbList\",\"@id\":\"https:\\\/\\\/sprayboothmanufacturer.com\\\/product\\\/7-5m-luxury-diesel-spray-booth\\\/#breadcrumb\",\"itemListElement\":[{\"@type\":\"ListItem\",\"position\":1,\"name\":\"Home\",\"item\":\"https:\\\/\\\/sprayboothmanufacturer.com\\\/\"},{\"@type\":\"ListItem\",\"position\":2,\"name\":\"\u4ea7\u54c1\",\"item\":\"https:\\\/\\\/sprayboothmanufacturer.com\\\/shop__trashed\\\/\"},{\"@type\":\"ListItem\",\"position\":3,\"name\":\"ATK-7500-DH-PRO 7.5m Luxury Diesel Spray Booth | Professional Painting Solution for Automotive Repair Centers | High-Efficiency Filtration &#038; Intelligent Temperature Control | Customizable | Factory Direct Supply\"}]},{\"@type\":\"WebSite\",\"@id\":\"https:\\\/\\\/sprayboothmanufacturer.com\\\/#website\",\"url\":\"https:\\\/\\\/sprayboothmanufacturer.com\\\/\",\"name\":\"Autoke-China Paint Booth Manufacturer\",\"description\":\"\",\"publisher\":{\"@id\":\"https:\\\/\\\/sprayboothmanufacturer.com\\\/#organization\"},\"potentialAction\":[{\"@type\":\"SearchAction\",\"target\":{\"@type\":\"EntryPoint\",\"urlTemplate\":\"https:\\\/\\\/sprayboothmanufacturer.com\\\/?s={search_term_string}\"},\"query-input\":{\"@type\":\"PropertyValueSpecification\",\"valueRequired\":true,\"valueName\":\"search_term_string\"}}],\"inLanguage\":\"es\"},{\"@type\":\"Organization\",\"@id\":\"https:\\\/\\\/sprayboothmanufacturer.com\\\/#organization\",\"name\":\"Autoke-China Paint Booth Manufacturer\",\"url\":\"https:\\\/\\\/sprayboothmanufacturer.com\\\/\",\"logo\":{\"@type\":\"ImageObject\",\"inLanguage\":\"es\",\"@id\":\"https:\\\/\\\/sprayboothmanufacturer.com\\\/#\\\/schema\\\/logo\\\/image\\\/\",\"url\":\"https:\\\/\\\/sprayboothmanufacturer.com\\\/wp-content\\\/uploads\\\/2025\\\/12\\\/\u5fae\u4fe1\u56fe\u7247_20260113195103_1750_4-scaled-e1768394147958.png\",\"contentUrl\":\"https:\\\/\\\/sprayboothmanufacturer.com\\\/wp-content\\\/uploads\\\/2025\\\/12\\\/\u5fae\u4fe1\u56fe\u7247_20260113195103_1750_4-scaled-e1768394147958.png\",\"width\":1740,\"height\":538,\"caption\":\"Autoke-China Paint Booth Manufacturer\"},\"image\":{\"@id\":\"https:\\\/\\\/sprayboothmanufacturer.com\\\/#\\\/schema\\\/logo\\\/image\\\/\"}}]}<\/script>\n<!-- \/ Yoast SEO plugin. -->","yoast_head_json":{"title":"ATK-7500-DH-PRO Cabina de pulverizaci\u00f3n de lujo di\u00e9sel de 7,5 m | Soluci\u00f3n profesional de pintura para centros de reparaci\u00f3n de autom\u00f3viles | Filtraci\u00f3n de alta eficiencia y control inteligente de temperatura | Personalizable | Suministro directo de f\u00e1brica - Fabricante de cabinas de pintura Autoke-China","robots":{"index":"index","follow":"follow","max-snippet":"max-snippet:-1","max-image-preview":"max-image-preview:large","max-video-preview":"max-video-preview:-1"},"canonical":"https:\/\/sprayboothmanufacturer.com\/es\/producto\/7-5m-luxury-diesel-spray-booth\/","og_locale":"es_ES","og_type":"article","og_title":"ATK-7500-DH-PRO 7.5m Luxury Diesel Spray Booth | Professional Painting Solution for Automotive Repair Centers | High-Efficiency Filtration & Intelligent Temperature Control | Customizable | Factory Direct Supply - Autoke-China Paint Booth Manufacturer","og_description":"The ATK-7500-DH-PRO is designed for medium-to-large vehicle painting, featuring an internal size of 7.4\u00d74.4\u00d72.65 meters. It is equipped with a RIELLO G20 diesel heating system, powerful 30,000 m\u00b3\/h air supply, three-stage high-efficiency filtration, and an intelligent control system. Ideal for professional painting applications in automotive repair, buses, trucks, and construction machinery.","og_url":"https:\/\/sprayboothmanufacturer.com\/es\/producto\/7-5m-luxury-diesel-spray-booth\/","og_site_name":"Autoke-China Paint Booth Manufacturer","og_image":[{"width":800,"height":800,"url":"https:\/\/sprayboothmanufacturer.com\/wp-content\/uploads\/2026\/02\/2.png","type":"image\/png"}],"twitter_card":"summary_large_image","twitter_misc":{"Est. reading time":"3 minutos"},"schema":{"@context":"https:\/\/schema.org","@graph":[{"@type":"WebPage","@id":"https:\/\/sprayboothmanufacturer.com\/product\/7-5m-luxury-diesel-spray-booth\/","url":"https:\/\/sprayboothmanufacturer.com\/product\/7-5m-luxury-diesel-spray-booth\/","name":"ATK-7500-DH-PRO Cabina de pulverizaci\u00f3n de lujo di\u00e9sel de 7,5 m | Soluci\u00f3n profesional de pintura para centros de reparaci\u00f3n de autom\u00f3viles | Filtraci\u00f3n de alta eficiencia y control inteligente de temperatura | Personalizable | Suministro directo de f\u00e1brica - Fabricante de cabinas de pintura Autoke-China","isPartOf":{"@id":"https:\/\/sprayboothmanufacturer.com\/#website"},"primaryImageOfPage":{"@id":"https:\/\/sprayboothmanufacturer.com\/product\/7-5m-luxury-diesel-spray-booth\/#primaryimage"},"image":{"@id":"https:\/\/sprayboothmanufacturer.com\/product\/7-5m-luxury-diesel-spray-booth\/#primaryimage"},"thumbnailUrl":"https:\/\/sprayboothmanufacturer.com\/wp-content\/uploads\/2026\/02\/2.png","datePublished":"2026-02-05T09:00:45+00:00","breadcrumb":{"@id":"https:\/\/sprayboothmanufacturer.com\/product\/7-5m-luxury-diesel-spray-booth\/#breadcrumb"},"inLanguage":"es","potentialAction":[{"@type":"ReadAction","target":["https:\/\/sprayboothmanufacturer.com\/product\/7-5m-luxury-diesel-spray-booth\/"]}]},{"@type":"ImageObject","inLanguage":"es","@id":"https:\/\/sprayboothmanufacturer.com\/product\/7-5m-luxury-diesel-spray-booth\/#primaryimage","url":"https:\/\/sprayboothmanufacturer.com\/wp-content\/uploads\/2026\/02\/2.png","contentUrl":"https:\/\/sprayboothmanufacturer.com\/wp-content\/uploads\/2026\/02\/2.png","width":800,"height":800},{"@type":"BreadcrumbList","@id":"https:\/\/sprayboothmanufacturer.com\/product\/7-5m-luxury-diesel-spray-booth\/#breadcrumb","itemListElement":[{"@type":"ListItem","position":1,"name":"Home","item":"https:\/\/sprayboothmanufacturer.com\/"},{"@type":"ListItem","position":2,"name":"\u4ea7\u54c1","item":"https:\/\/sprayboothmanufacturer.com\/shop__trashed\/"},{"@type":"ListItem","position":3,"name":"ATK-7500-DH-PRO 7.5m Luxury Diesel Spray Booth | Professional Painting Solution for Automotive Repair Centers | High-Efficiency Filtration &#038; Intelligent Temperature Control | Customizable | Factory Direct Supply"}]},{"@type":"WebSite","@id":"https:\/\/sprayboothmanufacturer.com\/#website","url":"https:\/\/sprayboothmanufacturer.com\/","name":"Fabricante de cabinas de pintura Autoke-China","description":"","publisher":{"@id":"https:\/\/sprayboothmanufacturer.com\/#organization"},"potentialAction":[{"@type":"SearchAction","target":{"@type":"EntryPoint","urlTemplate":"https:\/\/sprayboothmanufacturer.com\/?s={search_term_string}"},"query-input":{"@type":"PropertyValueSpecification","valueRequired":true,"valueName":"search_term_string"}}],"inLanguage":"es"},{"@type":"Organization","@id":"https:\/\/sprayboothmanufacturer.com\/#organization","name":"Fabricante de cabinas de pintura Autoke-China","url":"https:\/\/sprayboothmanufacturer.com\/","logo":{"@type":"ImageObject","inLanguage":"es","@id":"https:\/\/sprayboothmanufacturer.com\/#\/schema\/logo\/image\/","url":"https:\/\/sprayboothmanufacturer.com\/wp-content\/uploads\/2025\/12\/\u5fae\u4fe1\u56fe\u7247_20260113195103_1750_4-scaled-e1768394147958.png","contentUrl":"https:\/\/sprayboothmanufacturer.com\/wp-content\/uploads\/2025\/12\/\u5fae\u4fe1\u56fe\u7247_20260113195103_1750_4-scaled-e1768394147958.png","width":1740,"height":538,"caption":"Autoke-China Paint Booth Manufacturer"},"image":{"@id":"https:\/\/sprayboothmanufacturer.com\/#\/schema\/logo\/image\/"}}]}},"_links":{"self":[{"href":"https:\/\/sprayboothmanufacturer.com\/es\/wp-json\/wp\/v2\/product\/3247","targetHints":{"allow":["GET"]}}],"collection":[{"href":"https:\/\/sprayboothmanufacturer.com\/es\/wp-json\/wp\/v2\/product"}],"about":[{"href":"https:\/\/sprayboothmanufacturer.com\/es\/wp-json\/wp\/v2\/types\/product"}],"replies":[{"embeddable":true,"href":"https:\/\/sprayboothmanufacturer.com\/es\/wp-json\/wp\/v2\/comments?post=3247"}],"version-history":[{"count":1,"href":"https:\/\/sprayboothmanufacturer.com\/es\/wp-json\/wp\/v2\/product\/3247\/revisions"}],"predecessor-version":[{"id":3263,"href":"https:\/\/sprayboothmanufacturer.com\/es\/wp-json\/wp\/v2\/product\/3247\/revisions\/3263"}],"wp:featuredmedia":[{"embeddable":true,"href":"https:\/\/sprayboothmanufacturer.com\/es\/wp-json\/wp\/v2\/media\/3172"}],"wp:attachment":[{"href":"https:\/\/sprayboothmanufacturer.com\/es\/wp-json\/wp\/v2\/media?parent=3247"}],"wp:term":[{"taxonomy":"product_brand","embeddable":true,"href":"https:\/\/sprayboothmanufacturer.com\/es\/wp-json\/wp\/v2\/product_brand?post=3247"},{"taxonomy":"product_cat","embeddable":true,"href":"https:\/\/sprayboothmanufacturer.com\/es\/wp-json\/wp\/v2\/product_cat?post=3247"},{"taxonomy":"product_tag","embeddable":true,"href":"https:\/\/sprayboothmanufacturer.com\/es\/wp-json\/wp\/v2\/product_tag?post=3247"}],"curies":[{"name":"wp","href":"https:\/\/api.w.org\/{rel}","templated":true}]}}