{"id":3245,"date":"2026-02-05T07:43:01","date_gmt":"2026-02-05T07:43:01","guid":{"rendered":"https:\/\/sprayboothmanufacturer.com\/?post_type=product&#038;p=3245"},"modified":"2026-02-05T07:43:01","modified_gmt":"2026-02-05T07:43:01","slug":"8m-standard-diesel-spray-booth","status":"publish","type":"product","link":"https:\/\/sprayboothmanufacturer.com\/es\/product\/8m-standard-diesel-spray-booth\/","title":{"rendered":"ATK-8000-DH-STD Cabina de pulverizaci\u00f3n di\u00e9sel est\u00e1ndar de 8 m | Sistema de pintura de alta eficiencia industrial | Equipo profesional para talleres de carrocer\u00eda | Personalizable | Directo de f\u00e1brica"},"content":{"rendered":"<table style=\"height: 210px;\" width=\"793\">\n<tbody>\n<tr>\n<td width=\"142\"><strong><b>Cantidad m\u00ednima de pedido :<\/b><\/strong><\/td>\n<td width=\"142\">1 pieza<\/td>\n<td width=\"142\"><strong><b>Precio :<\/b><\/strong><\/td>\n<td width=\"142\">A negociar<\/td>\n<\/tr>\n<tr>\n<td width=\"142\"><strong><b>Detalles del embalaje :<\/b><\/strong><\/td>\n<td width=\"142\">40G o 20GP\/unidad<\/td>\n<td width=\"142\"><strong><b>Tiempo de entrega :<\/b><\/strong><\/td>\n<td width=\"142\">15 d\u00edas a negociar<\/td>\n<\/tr>\n<tr>\n<td width=\"142\"><strong><b>Condiciones de pago :<\/b><\/strong><\/td>\n<td width=\"142\">L\/C, T\/T<\/td>\n<td width=\"142\"><strong><b>Capacidad de suministro :<\/b><\/strong><\/td>\n<td width=\"142\">50 unidades por mes, cabina de pulverizaci\u00f3n industrial, cabina de pulverizaci\u00f3n para autobuses<\/td>\n<\/tr>\n<tr>\n<td width=\"142\"><strong><b>Lugar de origen:<\/b><\/strong><\/td>\n<td width=\"142\">Jiangsu, China<\/td>\n<td width=\"142\"><strong><b>Nombre de la marca:<\/b><\/strong><\/td>\n<td width=\"142\">Autoke<\/td>\n<\/tr>\n<tr>\n<td width=\"142\"><strong><b>Certificaci\u00f3n:<\/b><\/strong><\/td>\n<td width=\"142\">CE<\/td>\n<td width=\"142\"><strong><b>N\u00famero de modelo:<\/b><\/strong><\/td>\n<td width=\"142\">ATK-8000-DH-STD<\/td>\n<\/tr>\n<\/tbody>\n<\/table>\n<p class=\"ds-markdown-paragraph\"><strong>Cabina de pulverizaci\u00f3n est\u00e1ndar ATK-8000-DH-STD de 8 m con calefacci\u00f3n di\u00e9sel<\/strong><\/p>\n<p class=\"ds-markdown-paragraph\">Este producto es una cabina de pulverizaci\u00f3n est\u00e1ndar equilibrada, robusta y confiable, adecuada para talleres de reparaci\u00f3n de autom\u00f3viles, centros de servicio de carrocer\u00eda y aplicaciones de pintura industrial general. Integra calefacci\u00f3n eficiente, ventilaci\u00f3n potente, filtraci\u00f3n limpia y control inteligente para proporcionar un entorno de pintura estable y ahorrador de energ\u00eda, ayudando a mejorar la calidad de salida y la productividad.<\/p>\n<p class=\"ds-markdown-paragraph\"><strong>Caracter\u00edsticas principales:<\/strong><\/p>\n<p class=\"ds-markdown-paragraph\">\u2705\u00a0<strong>Amplia \u00e1rea de trabajo est\u00e1ndar<\/strong><br \/>\nDimensiones externas: 8000\u00d74000\u00d73350 mm. Espacio interno efectivo: 7900\u00d73900\u00d72650 mm, que cumple con las necesidades de pintura de la mayor\u00eda de los veh\u00edculos y componentes industriales medianos\/peque\u00f1os.<\/p>\n<p class=\"ds-markdown-paragraph\">\u2705\u00a0<strong>Sistema de calefacci\u00f3n di\u00e9sel de alta eficiencia<\/strong><br \/>\nEquipado con el reconocido quemador di\u00e9sel RIELLO G20 para calentamiento r\u00e1pido, alcanzando 40\u00b0C en 5-8 minutos. Temperatura m\u00e1xima de horneado: 80\u00b0C, adecuada para diversos procesos como pintura y curado.<\/p>\n<p class=\"ds-markdown-paragraph\">\u2705\u00a0<strong>Ventilaci\u00f3n potente y intercambio de aire<\/strong><br \/>\nConfigurado con dos ventiladores centr\u00edfugos de doble entrada de 4KW, que proporcionan un suministro de aire total de 30,000 m\u00b3\/h, junto con un ventilador de extracci\u00f3n de 5.5KW (19,000 m\u00b3\/h) para garantizar una renovaci\u00f3n r\u00e1pida del aire en el espacio de trabajo, por seguridad y protecci\u00f3n ambiental.<\/p>\n<p class=\"ds-markdown-paragraph\">\u2705\u00a0<strong>Sistema de filtraci\u00f3n de aire en tres etapas<\/strong><br \/>\nIncluye un filtro primario (&gt;10\u03bcm, &gt;90% de eficiencia), un filtro de techo de alta eficiencia (&gt;4\u03bcm, &gt;98% de eficiencia) y un filtro de suelo de fibra de vidrio multicapa (&gt;90% de eficiencia) para capturar eficazmente part\u00edculas de polvo y garantizar la calidad del acabado de la pintura.<\/p>\n<p class=\"ds-markdown-paragraph\">\u2705\u00a0<strong>Construcci\u00f3n resistente y duradera<\/strong><br \/>\nLas paredes consisten en l\u00e1minas de acero de doble capa con aislamiento de lana de roca resistente al fuego (densidad: 100 kg\/m\u00b3). El techo est\u00e1 hecho de chapa galvanizada. El suelo es una plataforma elevada de 300 mm con rejillas de acero galvanizado integradas y pasarelas, con una capacidad de carga total superior a 5 toneladas.<\/p>\n<p class=\"ds-markdown-paragraph\">\u2705\u00a0<strong>Sistema de Control Integrado Inteligente<\/strong><br \/>\nEl panel de control integra funciones de iluminaci\u00f3n, pintura, horneado, temporizador, ajuste de temperatura y parada de emergencia para una operaci\u00f3n intuitiva y f\u00e1cil gesti\u00f3n.<\/p>\n<p class=\"ds-markdown-paragraph\">\u2705\u00a0<strong>Sistema de Iluminaci\u00f3n Profesional<\/strong><br \/>\nLa parte superior est\u00e1 equipada con 24\u00d718W de luces LED (montadas en un \u00e1ngulo de 45\u00b0), complementadas por 8\u00d748W de luces LED en las paredes en ambos lados, proporcionando una iluminaci\u00f3n uniforme y sin sombras para el trabajo.<\/p>\n<p class=\"ds-markdown-paragraph\"><strong>Especificaciones t\u00e9cnicas principales:<\/strong><\/p>\n<ul>\n<li>\n<p class=\"ds-markdown-paragraph\">Dimensiones externas: 8000\u00d74000\u00d73350 mm<\/p>\n<\/li>\n<li>\n<p class=\"ds-markdown-paragraph\">Dimensiones internas: 7900\u00d73900\u00d72650 mm<\/p>\n<\/li>\n<li>\n<p class=\"ds-markdown-paragraph\">Potencia total: 15 KW (Versi\u00f3n de calefacci\u00f3n di\u00e9sel)<\/p>\n<\/li>\n<li>\n<p class=\"ds-markdown-paragraph\">Voltaje: 220V\/380V, 50Hz<\/p>\n<\/li>\n<li>\n<p class=\"ds-markdown-paragraph\">Volumen de embalaje: Aproximadamente 19 CBM\/paquete, Peso: Aproximadamente 3500kg<\/p>\n<\/li>\n<\/ul>\n<p class=\"ds-markdown-paragraph\"><strong>Aplicaciones ideales:<\/strong><\/p>\n<ul>\n<li>\n<p class=\"ds-markdown-paragraph\">Talleres de reparaci\u00f3n automotriz integrales y centros de servicio r\u00e1pido<\/p>\n<\/li>\n<li>\n<p class=\"ds-markdown-paragraph\">Talleres de reparaci\u00f3n de carrocer\u00edas de autobuses y camiones<\/p>\n<\/li>\n<li>\n<p class=\"ds-markdown-paragraph\">Pintura de equipos mec\u00e1nicos y estructuras met\u00e1licas<\/p>\n<\/li>\n<li>\n<p class=\"ds-markdown-paragraph\">Centros de reparaci\u00f3n y pintura de colisiones de tama\u00f1o peque\u00f1o o mediano<\/p>\n<\/li>\n<\/ul>\n<p class=\"ds-markdown-paragraph\">Apoyamos la personalizaci\u00f3n en color, ciertas configuraciones y distribuci\u00f3n para ofrecer una soluci\u00f3n en sitio m\u00e1s adaptada.<\/p>\n<p class=\"ds-markdown-paragraph\"><strong>Por favor, contacte a nuestro equipo de ventas y t\u00e9cnico para obtener informaci\u00f3n detallada, opciones de configuraci\u00f3n y una cotizaci\u00f3n personalizada.<\/strong><\/p>","protected":false},"excerpt":{"rendered":"<p>La cabina de pulverizaci\u00f3n est\u00e1ndar ATK-8000-DH-STD de gasolina y di\u00e9sel est\u00e1 dise\u00f1ada para reparaci\u00f3n de autom\u00f3viles, pintura de carrocer\u00eda y recubrimientos industriales. Con un tama\u00f1o interno de 7.9\u00d73.9\u00d72.65 metros, cuenta con un sistema de calefacci\u00f3n di\u00e9sel RIELLO G20, suministro de aire potente de 30,000 m\u00b3\/h, filtraci\u00f3n en tres etapas y controles inteligentes. Su construcci\u00f3n robusta ofrece una soluci\u00f3n profesional confiable y rentable.<\/p>","protected":false},"featured_media":3191,"comment_status":"open","ping_status":"closed","template":"","meta":[],"product_brand":[76],"product_cat":[60,59],"product_tag":[75,74,79,73,78,63,72,69,94,68],"class_list":{"0":"post-3245","1":"product","2":"type-product","3":"status-publish","4":"has-post-thumbnail","6":"product_brand-autoke","7":"product_cat-car-spray-booth","8":"product_cat-spray-booth","9":"product_tag-8m-diesel-car-paint-booth","10":"product_tag-8m-electric-car-paint-booth","11":"product_tag-automotive-spray-booth","12":"product_tag-automotive-spray-booth-manufacturer","13":"product_tag-bus-spray-booth","14":"product_tag-car-spray-booth","15":"product_tag-car-spray-booth-factory","16":"product_tag-ce-car-spray-booth","17":"product_tag-commercial-vehicle-paint-curing-oven","18":"product_tag-customized-car-spray-booth","20":"first","21":"instock","22":"shipping-taxable","23":"product-type-simple"},"yoast_head":"<!-- This site is optimized with the Yoast SEO plugin v27.4 - https:\/\/yoast.com\/product\/yoast-seo-wordpress\/ -->\n<title>ATK-8000-DH-STD 8m Standard Diesel Spray Booth | Industrial High-Efficiency Painting System | Professional Equipment for Auto Body Shops | Customizable | Factory Direct - Autoke-China Paint Booth Manufacturer<\/title>\n<meta name=\"robots\" content=\"index, follow, max-snippet:-1, max-image-preview:large, max-video-preview:-1\" \/>\n<link rel=\"canonical\" href=\"https:\/\/sprayboothmanufacturer.com\/es\/producto\/8m-standard-diesel-spray-booth\/\" \/>\n<meta property=\"og:locale\" content=\"es_ES\" \/>\n<meta property=\"og:type\" content=\"article\" \/>\n<meta property=\"og:title\" content=\"ATK-8000-DH-STD 8m Standard Diesel Spray Booth | Industrial High-Efficiency Painting System | Professional Equipment for Auto Body Shops | Customizable | Factory Direct - Autoke-China Paint Booth Manufacturer\" \/>\n<meta property=\"og:description\" content=\"The ATK-8000-DH-STD Standard Diesel Spray Booth is designed for automotive repair, bodywork painting, and industrial coating. With an internal size of 7.9\u00d73.9\u00d72.65 meters, it features a RIELLO G20 diesel heating system, 30,000 m\u00b3\/h powerful air supply, three-stage filtration, and intelligent controls. Its robust construction offers a reliable and cost-effective professional solution.\" \/>\n<meta property=\"og:url\" content=\"https:\/\/sprayboothmanufacturer.com\/es\/producto\/8m-standard-diesel-spray-booth\/\" \/>\n<meta property=\"og:site_name\" content=\"Autoke-China Paint Booth Manufacturer\" \/>\n<meta property=\"og:image\" content=\"https:\/\/sprayboothmanufacturer.com\/wp-content\/uploads\/2026\/02\/23.png\" \/>\n\t<meta property=\"og:image:width\" content=\"800\" \/>\n\t<meta property=\"og:image:height\" content=\"800\" \/>\n\t<meta property=\"og:image:type\" content=\"image\/png\" \/>\n<meta name=\"twitter:card\" content=\"summary_large_image\" \/>\n<meta name=\"twitter:label1\" content=\"Est. reading time\" \/>\n\t<meta name=\"twitter:data1\" content=\"3 minutos\" \/>\n<script type=\"application\/ld+json\" class=\"yoast-schema-graph\">{\"@context\":\"https:\\\/\\\/schema.org\",\"@graph\":[{\"@type\":\"WebPage\",\"@id\":\"https:\\\/\\\/sprayboothmanufacturer.com\\\/product\\\/8m-standard-diesel-spray-booth\\\/\",\"url\":\"https:\\\/\\\/sprayboothmanufacturer.com\\\/product\\\/8m-standard-diesel-spray-booth\\\/\",\"name\":\"ATK-8000-DH-STD 8m Standard Diesel Spray Booth | Industrial High-Efficiency Painting System | Professional Equipment for Auto Body Shops | Customizable | Factory Direct - Autoke-China Paint Booth Manufacturer\",\"isPartOf\":{\"@id\":\"https:\\\/\\\/sprayboothmanufacturer.com\\\/#website\"},\"primaryImageOfPage\":{\"@id\":\"https:\\\/\\\/sprayboothmanufacturer.com\\\/product\\\/8m-standard-diesel-spray-booth\\\/#primaryimage\"},\"image\":{\"@id\":\"https:\\\/\\\/sprayboothmanufacturer.com\\\/product\\\/8m-standard-diesel-spray-booth\\\/#primaryimage\"},\"thumbnailUrl\":\"https:\\\/\\\/sprayboothmanufacturer.com\\\/wp-content\\\/uploads\\\/2026\\\/02\\\/23.png\",\"datePublished\":\"2026-02-05T07:43:01+00:00\",\"breadcrumb\":{\"@id\":\"https:\\\/\\\/sprayboothmanufacturer.com\\\/product\\\/8m-standard-diesel-spray-booth\\\/#breadcrumb\"},\"inLanguage\":\"es\",\"potentialAction\":[{\"@type\":\"ReadAction\",\"target\":[\"https:\\\/\\\/sprayboothmanufacturer.com\\\/product\\\/8m-standard-diesel-spray-booth\\\/\"]}]},{\"@type\":\"ImageObject\",\"inLanguage\":\"es\",\"@id\":\"https:\\\/\\\/sprayboothmanufacturer.com\\\/product\\\/8m-standard-diesel-spray-booth\\\/#primaryimage\",\"url\":\"https:\\\/\\\/sprayboothmanufacturer.com\\\/wp-content\\\/uploads\\\/2026\\\/02\\\/23.png\",\"contentUrl\":\"https:\\\/\\\/sprayboothmanufacturer.com\\\/wp-content\\\/uploads\\\/2026\\\/02\\\/23.png\",\"width\":800,\"height\":800,\"caption\":\"High Performance Automotive Paint Booth Airflow and Features\"},{\"@type\":\"BreadcrumbList\",\"@id\":\"https:\\\/\\\/sprayboothmanufacturer.com\\\/product\\\/8m-standard-diesel-spray-booth\\\/#breadcrumb\",\"itemListElement\":[{\"@type\":\"ListItem\",\"position\":1,\"name\":\"Home\",\"item\":\"https:\\\/\\\/sprayboothmanufacturer.com\\\/\"},{\"@type\":\"ListItem\",\"position\":2,\"name\":\"\u4ea7\u54c1\",\"item\":\"https:\\\/\\\/sprayboothmanufacturer.com\\\/shop__trashed\\\/\"},{\"@type\":\"ListItem\",\"position\":3,\"name\":\"ATK-8000-DH-STD 8m Standard Diesel Spray Booth | Industrial High-Efficiency Painting System | Professional Equipment for Auto Body Shops | Customizable | Factory Direct\"}]},{\"@type\":\"WebSite\",\"@id\":\"https:\\\/\\\/sprayboothmanufacturer.com\\\/#website\",\"url\":\"https:\\\/\\\/sprayboothmanufacturer.com\\\/\",\"name\":\"Autoke-China Paint Booth Manufacturer\",\"description\":\"\",\"publisher\":{\"@id\":\"https:\\\/\\\/sprayboothmanufacturer.com\\\/#organization\"},\"potentialAction\":[{\"@type\":\"SearchAction\",\"target\":{\"@type\":\"EntryPoint\",\"urlTemplate\":\"https:\\\/\\\/sprayboothmanufacturer.com\\\/?s={search_term_string}\"},\"query-input\":{\"@type\":\"PropertyValueSpecification\",\"valueRequired\":true,\"valueName\":\"search_term_string\"}}],\"inLanguage\":\"es\"},{\"@type\":\"Organization\",\"@id\":\"https:\\\/\\\/sprayboothmanufacturer.com\\\/#organization\",\"name\":\"Autoke-China Paint Booth Manufacturer\",\"url\":\"https:\\\/\\\/sprayboothmanufacturer.com\\\/\",\"logo\":{\"@type\":\"ImageObject\",\"inLanguage\":\"es\",\"@id\":\"https:\\\/\\\/sprayboothmanufacturer.com\\\/#\\\/schema\\\/logo\\\/image\\\/\",\"url\":\"https:\\\/\\\/sprayboothmanufacturer.com\\\/wp-content\\\/uploads\\\/2025\\\/12\\\/\u5fae\u4fe1\u56fe\u7247_20260113195103_1750_4-scaled-e1768394147958.png\",\"contentUrl\":\"https:\\\/\\\/sprayboothmanufacturer.com\\\/wp-content\\\/uploads\\\/2025\\\/12\\\/\u5fae\u4fe1\u56fe\u7247_20260113195103_1750_4-scaled-e1768394147958.png\",\"width\":1740,\"height\":538,\"caption\":\"Autoke-China Paint Booth Manufacturer\"},\"image\":{\"@id\":\"https:\\\/\\\/sprayboothmanufacturer.com\\\/#\\\/schema\\\/logo\\\/image\\\/\"}}]}<\/script>\n<!-- \/ Yoast SEO plugin. -->","yoast_head_json":{"title":"ATK-8000-DH-STD Cabina de pulverizaci\u00f3n di\u00e9sel est\u00e1ndar de 8m | Sistema de pintura industrial de alta eficiencia | Equipo profesional para talleres de carrocer\u00eda | Personalizable | Directo de f\u00e1brica - Fabricante de cabinas de pintura Autoke-China","robots":{"index":"index","follow":"follow","max-snippet":"max-snippet:-1","max-image-preview":"max-image-preview:large","max-video-preview":"max-video-preview:-1"},"canonical":"https:\/\/sprayboothmanufacturer.com\/es\/producto\/8m-standard-diesel-spray-booth\/","og_locale":"es_ES","og_type":"article","og_title":"ATK-8000-DH-STD 8m Standard Diesel Spray Booth | Industrial High-Efficiency Painting System | Professional Equipment for Auto Body Shops | Customizable | Factory Direct - Autoke-China Paint Booth Manufacturer","og_description":"The ATK-8000-DH-STD Standard Diesel Spray Booth is designed for automotive repair, bodywork painting, and industrial coating. With an internal size of 7.9\u00d73.9\u00d72.65 meters, it features a RIELLO G20 diesel heating system, 30,000 m\u00b3\/h powerful air supply, three-stage filtration, and intelligent controls. Its robust construction offers a reliable and cost-effective professional solution.","og_url":"https:\/\/sprayboothmanufacturer.com\/es\/producto\/8m-standard-diesel-spray-booth\/","og_site_name":"Autoke-China Paint Booth Manufacturer","og_image":[{"width":800,"height":800,"url":"https:\/\/sprayboothmanufacturer.com\/wp-content\/uploads\/2026\/02\/23.png","type":"image\/png"}],"twitter_card":"summary_large_image","twitter_misc":{"Est. reading time":"3 minutos"},"schema":{"@context":"https:\/\/schema.org","@graph":[{"@type":"WebPage","@id":"https:\/\/sprayboothmanufacturer.com\/product\/8m-standard-diesel-spray-booth\/","url":"https:\/\/sprayboothmanufacturer.com\/product\/8m-standard-diesel-spray-booth\/","name":"ATK-8000-DH-STD Cabina de pulverizaci\u00f3n di\u00e9sel est\u00e1ndar de 8m | Sistema de pintura industrial de alta eficiencia | Equipo profesional para talleres de carrocer\u00eda | Personalizable | Directo de f\u00e1brica - Fabricante de cabinas de pintura Autoke-China","isPartOf":{"@id":"https:\/\/sprayboothmanufacturer.com\/#website"},"primaryImageOfPage":{"@id":"https:\/\/sprayboothmanufacturer.com\/product\/8m-standard-diesel-spray-booth\/#primaryimage"},"image":{"@id":"https:\/\/sprayboothmanufacturer.com\/product\/8m-standard-diesel-spray-booth\/#primaryimage"},"thumbnailUrl":"https:\/\/sprayboothmanufacturer.com\/wp-content\/uploads\/2026\/02\/23.png","datePublished":"2026-02-05T07:43:01+00:00","breadcrumb":{"@id":"https:\/\/sprayboothmanufacturer.com\/product\/8m-standard-diesel-spray-booth\/#breadcrumb"},"inLanguage":"es","potentialAction":[{"@type":"ReadAction","target":["https:\/\/sprayboothmanufacturer.com\/product\/8m-standard-diesel-spray-booth\/"]}]},{"@type":"ImageObject","inLanguage":"es","@id":"https:\/\/sprayboothmanufacturer.com\/product\/8m-standard-diesel-spray-booth\/#primaryimage","url":"https:\/\/sprayboothmanufacturer.com\/wp-content\/uploads\/2026\/02\/23.png","contentUrl":"https:\/\/sprayboothmanufacturer.com\/wp-content\/uploads\/2026\/02\/23.png","width":800,"height":800,"caption":"High Performance Automotive Paint Booth Airflow and Features"},{"@type":"BreadcrumbList","@id":"https:\/\/sprayboothmanufacturer.com\/product\/8m-standard-diesel-spray-booth\/#breadcrumb","itemListElement":[{"@type":"ListItem","position":1,"name":"Home","item":"https:\/\/sprayboothmanufacturer.com\/"},{"@type":"ListItem","position":2,"name":"\u4ea7\u54c1","item":"https:\/\/sprayboothmanufacturer.com\/shop__trashed\/"},{"@type":"ListItem","position":3,"name":"ATK-8000-DH-STD 8m Standard Diesel Spray Booth | Industrial High-Efficiency Painting System | Professional Equipment for Auto Body Shops | Customizable | Factory Direct"}]},{"@type":"WebSite","@id":"https:\/\/sprayboothmanufacturer.com\/#website","url":"https:\/\/sprayboothmanufacturer.com\/","name":"Fabricante de cabinas de pintura Autoke-China","description":"","publisher":{"@id":"https:\/\/sprayboothmanufacturer.com\/#organization"},"potentialAction":[{"@type":"SearchAction","target":{"@type":"EntryPoint","urlTemplate":"https:\/\/sprayboothmanufacturer.com\/?s={search_term_string}"},"query-input":{"@type":"PropertyValueSpecification","valueRequired":true,"valueName":"search_term_string"}}],"inLanguage":"es"},{"@type":"Organization","@id":"https:\/\/sprayboothmanufacturer.com\/#organization","name":"Fabricante de cabinas de pintura Autoke-China","url":"https:\/\/sprayboothmanufacturer.com\/","logo":{"@type":"ImageObject","inLanguage":"es","@id":"https:\/\/sprayboothmanufacturer.com\/#\/schema\/logo\/image\/","url":"https:\/\/sprayboothmanufacturer.com\/wp-content\/uploads\/2025\/12\/\u5fae\u4fe1\u56fe\u7247_20260113195103_1750_4-scaled-e1768394147958.png","contentUrl":"https:\/\/sprayboothmanufacturer.com\/wp-content\/uploads\/2025\/12\/\u5fae\u4fe1\u56fe\u7247_20260113195103_1750_4-scaled-e1768394147958.png","width":1740,"height":538,"caption":"Autoke-China Paint Booth Manufacturer"},"image":{"@id":"https:\/\/sprayboothmanufacturer.com\/#\/schema\/logo\/image\/"}}]}},"_links":{"self":[{"href":"https:\/\/sprayboothmanufacturer.com\/es\/wp-json\/wp\/v2\/product\/3245","targetHints":{"allow":["GET"]}}],"collection":[{"href":"https:\/\/sprayboothmanufacturer.com\/es\/wp-json\/wp\/v2\/product"}],"about":[{"href":"https:\/\/sprayboothmanufacturer.com\/es\/wp-json\/wp\/v2\/types\/product"}],"replies":[{"embeddable":true,"href":"https:\/\/sprayboothmanufacturer.com\/es\/wp-json\/wp\/v2\/comments?post=3245"}],"version-history":[{"count":1,"href":"https:\/\/sprayboothmanufacturer.com\/es\/wp-json\/wp\/v2\/product\/3245\/revisions"}],"predecessor-version":[{"id":3246,"href":"https:\/\/sprayboothmanufacturer.com\/es\/wp-json\/wp\/v2\/product\/3245\/revisions\/3246"}],"wp:featuredmedia":[{"embeddable":true,"href":"https:\/\/sprayboothmanufacturer.com\/es\/wp-json\/wp\/v2\/media\/3191"}],"wp:attachment":[{"href":"https:\/\/sprayboothmanufacturer.com\/es\/wp-json\/wp\/v2\/media?parent=3245"}],"wp:term":[{"taxonomy":"product_brand","embeddable":true,"href":"https:\/\/sprayboothmanufacturer.com\/es\/wp-json\/wp\/v2\/product_brand?post=3245"},{"taxonomy":"product_cat","embeddable":true,"href":"https:\/\/sprayboothmanufacturer.com\/es\/wp-json\/wp\/v2\/product_cat?post=3245"},{"taxonomy":"product_tag","embeddable":true,"href":"https:\/\/sprayboothmanufacturer.com\/es\/wp-json\/wp\/v2\/product_tag?post=3245"}],"curies":[{"name":"wp","href":"https:\/\/api.w.org\/{rel}","templated":true}]}}