{"id":3241,"date":"2026-02-05T07:17:55","date_gmt":"2026-02-05T07:17:55","guid":{"rendered":"https:\/\/sprayboothmanufacturer.com\/?post_type=product&#038;p=3241"},"modified":"2026-02-05T07:17:55","modified_gmt":"2026-02-05T07:17:55","slug":"8m-luxury-diesel-spray-booth","status":"publish","type":"product","link":"https:\/\/sprayboothmanufacturer.com\/es\/product\/8m-luxury-diesel-spray-booth\/","title":{"rendered":"ATK-80-DH-PRO Cabina de pulverizaci\u00f3n di\u00e9sel de lujo de 8m | Sistema de pintura de alta eficiencia industrial | Equipo profesional para talleres de carrocer\u00eda | Personalizable | Suministro directo de f\u00e1brica"},"content":{"rendered":"<table style=\"height: 177px;\" width=\"770\">\n<tbody>\n<tr>\n<td width=\"142\"><strong><b>Cantidad m\u00ednima de pedido :<\/b><\/strong><\/td>\n<td width=\"142\">1 pieza<\/td>\n<td width=\"142\"><strong><b>Precio :<\/b><\/strong><\/td>\n<td width=\"142\">A negociar<\/td>\n<\/tr>\n<tr>\n<td width=\"142\"><strong><b>Detalles del embalaje :<\/b><\/strong><\/td>\n<td width=\"142\">40G o 20GP\/unidad<\/td>\n<td width=\"142\"><strong><b>Tiempo de entrega :<\/b><\/strong><\/td>\n<td width=\"142\">15 d\u00edas a negociar<\/td>\n<\/tr>\n<tr>\n<td width=\"142\"><strong><b>Condiciones de pago :<\/b><\/strong><\/td>\n<td width=\"142\">L\/C, T\/T<\/td>\n<td width=\"142\"><strong><b>Capacidad de suministro :<\/b><\/strong><\/td>\n<td width=\"142\">50 unidades por mes, cabina de pulverizaci\u00f3n industrial, cabina de pulverizaci\u00f3n para autobuses<\/td>\n<\/tr>\n<tr>\n<td width=\"142\"><strong><b>Lugar de origen:<\/b><\/strong><\/td>\n<td width=\"142\">Jiangsu, China<\/td>\n<td width=\"142\"><strong><b>Nombre de la marca:<\/b><\/strong><\/td>\n<td width=\"142\">Autoke<\/td>\n<\/tr>\n<tr>\n<td width=\"142\"><strong><b>Certificaci\u00f3n:<\/b><\/strong><\/td>\n<td width=\"142\">CE<\/td>\n<td width=\"142\"><strong><b>N\u00famero de modelo:<\/b><\/strong><\/td>\n<td width=\"142\">ATK-80-DH-PRO<\/td>\n<\/tr>\n<\/tbody>\n<\/table>\n<p class=\"ds-markdown-paragraph\"><strong>Cabina de pulverizaci\u00f3n de lujo di\u00e9sel ATK-80-DH-PRO de 8m<\/strong><\/p>\n<p class=\"ds-markdown-paragraph\">Dise\u00f1ada para operaciones de pintura de alto est\u00e1ndar, esta cabina de pulverizaci\u00f3n integra calefacci\u00f3n eficiente, control inteligente, ventilaci\u00f3n potente y filtraci\u00f3n en m\u00faltiples etapas. Es una soluci\u00f3n profesional ideal para reparaci\u00f3n de veh\u00edculos, renovaci\u00f3n de carrocer\u00edas y pintura de componentes industriales, mejorando tanto la calidad del acabado como la productividad.<\/p>\n<p class=\"ds-markdown-paragraph\"><strong>Caracter\u00edsticas y beneficios clave:<\/strong><\/p>\n<p class=\"ds-markdown-paragraph\">\ud83d\udd25\u00a0<strong>Calefacci\u00f3n di\u00e9sel de alta eficiencia<\/strong><br \/>\nUtiliza un quemador di\u00e9sel RIELLO G20 para un calentamiento r\u00e1pido, alcanzando 40\u00b0C en 5-8 minutos, con una temperatura m\u00e1xima de horneado de 80\u00b0C. Eficiente en energ\u00eda y vers\u00e1til.<\/p>\n<p class=\"ds-markdown-paragraph\">\ud83d\udca8\u00a0<strong>Flujo de aire y ventilaci\u00f3n potentes<\/strong><br \/>\nEquipado con 2\u00d74KW de ventiladores centr\u00edfugos de doble entrada que proporcionan un flujo de aire total de 30,000 m\u00b3\/h, junto con un ventilador de escape de 5.5KW para garantizar un intercambio de aire r\u00e1pido y un ambiente de trabajo seguro.<\/p>\n<p class=\"ds-markdown-paragraph\">\ud83c\udf2b\ufe0f\u00a0<strong>Filtraci\u00f3n de precisi\u00f3n en tres etapas<\/strong><br \/>\nIncluye filtraci\u00f3n primaria (&gt;10\u03bcm, eficiencia &gt;90%), filtraci\u00f3n en el techo (&gt;4\u03bcm, eficiencia &gt;98%) y filtraci\u00f3n en el suelo de fibra de vidrio en varias capas (&gt;90%), para un entorno de pintura excepcionalmente limpio.<\/p>\n<p class=\"ds-markdown-paragraph\">\ud83c\udfd7\ufe0f\u00a0<strong>Estructura profesional robusta<\/strong><br \/>\nLos paneles de las paredes consisten en tableros de acero recubierto de color, resistentes al fuego, aislados con lana de roca de alta densidad. El suelo es una plataforma elevada hecha de l\u00e1minas de acero galvanizado con rejillas de acero galvanizado, soportando m\u00e1s de 5 toneladas. Construido para durabilidad.<\/p>\n<p class=\"ds-markdown-paragraph\">\ud83d\udcdf\u00a0<strong>Control inteligente integrado<\/strong><br \/>\nCuenta con un panel de control f\u00e1cil de usar que integra funciones de pintura, horneado, temporizador, control de temperatura, iluminaci\u00f3n y parada de emergencia para una operaci\u00f3n simplificada y un flujo de trabajo mejorado.<\/p>\n<p class=\"ds-markdown-paragraph\">\ud83d\udca1\u00a0<strong>Sistema de Iluminaci\u00f3n Profesional<\/strong><br \/>\n24 conjuntos de luces LED de 18W en el techo y 8 conjuntos de luces laterales de 48W proporcionan una iluminaci\u00f3n uniforme y sin sombras para una pintura precisa y trabajos detallados.<\/p>\n<p class=\"ds-markdown-paragraph\"><strong>Especificaciones t\u00e9cnicas principales:<\/strong><\/p>\n<ul>\n<li>\n<p class=\"ds-markdown-paragraph\">Dimensiones externas: 8000\u00d74000\u00d73350 mm<\/p>\n<\/li>\n<li>\n<p class=\"ds-markdown-paragraph\">Dimensiones internas: 7900\u00d73900\u00d72650 mm<\/p>\n<\/li>\n<li>\n<p class=\"ds-markdown-paragraph\">Potencia total: 15 KW (Versi\u00f3n de calefacci\u00f3n di\u00e9sel)<\/p>\n<\/li>\n<li>\n<p class=\"ds-markdown-paragraph\">Voltaje\/Frecuencia: 220V\/380V, 50Hz<\/p>\n<\/li>\n<li>\n<p class=\"ds-markdown-paragraph\">Volumen de embalaje: Aproximadamente 19 CBM por conjunto<\/p>\n<\/li>\n<\/ul>\n<p class=\"ds-markdown-paragraph\"><strong>Ideal Para:<\/strong><\/p>\n<ul>\n<li>\n<p class=\"ds-markdown-paragraph\">Talleres de 4S para automoci\u00f3n y instalaciones de reparaci\u00f3n general<\/p>\n<\/li>\n<li>\n<p class=\"ds-markdown-paragraph\">Talleres de reparaci\u00f3n de carrocer\u00edas de camiones y autobuses<\/p>\n<\/li>\n<li>\n<p class=\"ds-markdown-paragraph\">L\u00edneas de Pintura para Maquinaria Industrial y Productos Met\u00e1licos<\/p>\n<\/li>\n<li>\n<p class=\"ds-markdown-paragraph\">Proveedores Profesionales de Servicios de Reparaci\u00f3n y Pintura por Colisi\u00f3n<\/p>\n<\/li>\n<\/ul>\n<p class=\"ds-markdown-paragraph\">Ofrecemos personalizaci\u00f3n flexible en cuanto a tama\u00f1o, color y configuraci\u00f3n para satisfacer los requisitos espec\u00edficos de su sitio y proceso.<\/p>\n<p class=\"ds-markdown-paragraph\"><strong>Cont\u00e1ctenos para una propuesta t\u00e9cnica completa y precios directos de f\u00e1brica.<\/strong><\/p>","protected":false},"excerpt":{"rendered":"<p>La cabina de pulverizaci\u00f3n di\u00e9sel ATK-80-DH-PRO de 8 metros est\u00e1 dise\u00f1ada para talleres de reparaci\u00f3n de autom\u00f3viles, centros de carrocer\u00eda y aplicaciones de pintura industrial. Con un sistema de calefacci\u00f3n di\u00e9sel RIELLO G20 para un calentamiento r\u00e1pido en 5-8 minutos, un sistema de filtraci\u00f3n en tres etapas y controles inteligentes, ofrece una construcci\u00f3n robusta, eficiencia energ\u00e9tica y un entorno de pintura limpio y estable. Se ofrecen configuraciones personalizadas.<\/p>","protected":false},"featured_media":3138,"comment_status":"open","ping_status":"closed","template":"","meta":[],"product_brand":[76],"product_cat":[60,59],"product_tag":[75,74,79,73,63,69,68],"class_list":{"0":"post-3241","1":"product","2":"type-product","3":"status-publish","4":"has-post-thumbnail","6":"product_brand-autoke","7":"product_cat-car-spray-booth","8":"product_cat-spray-booth","9":"product_tag-8m-diesel-car-paint-booth","10":"product_tag-8m-electric-car-paint-booth","11":"product_tag-automotive-spray-booth","12":"product_tag-automotive-spray-booth-manufacturer","13":"product_tag-car-spray-booth","14":"product_tag-ce-car-spray-booth","15":"product_tag-customized-car-spray-booth","17":"first","18":"instock","19":"shipping-taxable","20":"product-type-simple"},"yoast_head":"<!-- This site is optimized with the Yoast SEO plugin v27.4 - https:\/\/yoast.com\/product\/yoast-seo-wordpress\/ -->\n<title>ATK-80-DH-PRO 8m Luxury Diesel Spray Booth | Industrial High-Efficiency Painting System | Professional Equipment for Auto Body Shops | Customizable | Factory Direct Supply - Autoke-China Paint Booth Manufacturer<\/title>\n<meta name=\"robots\" content=\"index, follow, max-snippet:-1, max-image-preview:large, max-video-preview:-1\" \/>\n<link rel=\"canonical\" href=\"https:\/\/sprayboothmanufacturer.com\/es\/producto\/8m-luxury-diesel-spray-booth\/\" \/>\n<meta property=\"og:locale\" content=\"es_ES\" \/>\n<meta property=\"og:type\" content=\"article\" \/>\n<meta property=\"og:title\" content=\"ATK-80-DH-PRO 8m Luxury Diesel Spray Booth | Industrial High-Efficiency Painting System | Professional Equipment for Auto Body Shops | Customizable | Factory Direct Supply - Autoke-China Paint Booth Manufacturer\" \/>\n<meta property=\"og:description\" content=\"The ATK-80-DH-PRO is an 8-meter diesel spray booth designed for automotive repair shops, body centers, and industrial painting applications. Featuring a RIELLO G20 diesel heating system for rapid heat-up within 5-8 minutes, a three-stage filtration system, and intelligent controls, it offers robust construction, energy efficiency, and a clean, stable painting environment. Custom configurations are available.\" \/>\n<meta property=\"og:url\" content=\"https:\/\/sprayboothmanufacturer.com\/es\/producto\/8m-luxury-diesel-spray-booth\/\" \/>\n<meta property=\"og:site_name\" content=\"Autoke-China Paint Booth Manufacturer\" \/>\n<meta property=\"og:image\" content=\"https:\/\/sprayboothmanufacturer.com\/wp-content\/uploads\/2026\/01\/1.221-scaled.jpg\" \/>\n\t<meta property=\"og:image:width\" content=\"2560\" \/>\n\t<meta property=\"og:image:height\" content=\"1920\" \/>\n\t<meta property=\"og:image:type\" content=\"image\/jpeg\" \/>\n<meta name=\"twitter:card\" content=\"summary_large_image\" \/>\n<meta name=\"twitter:label1\" content=\"Est. reading time\" \/>\n\t<meta name=\"twitter:data1\" content=\"2 minutos\" \/>\n<script type=\"application\/ld+json\" class=\"yoast-schema-graph\">{\"@context\":\"https:\\\/\\\/schema.org\",\"@graph\":[{\"@type\":\"WebPage\",\"@id\":\"https:\\\/\\\/sprayboothmanufacturer.com\\\/product\\\/8m-luxury-diesel-spray-booth\\\/\",\"url\":\"https:\\\/\\\/sprayboothmanufacturer.com\\\/product\\\/8m-luxury-diesel-spray-booth\\\/\",\"name\":\"ATK-80-DH-PRO 8m Luxury Diesel Spray Booth | Industrial High-Efficiency Painting System | Professional Equipment for Auto Body Shops | Customizable | Factory Direct Supply - Autoke-China Paint Booth Manufacturer\",\"isPartOf\":{\"@id\":\"https:\\\/\\\/sprayboothmanufacturer.com\\\/#website\"},\"primaryImageOfPage\":{\"@id\":\"https:\\\/\\\/sprayboothmanufacturer.com\\\/product\\\/8m-luxury-diesel-spray-booth\\\/#primaryimage\"},\"image\":{\"@id\":\"https:\\\/\\\/sprayboothmanufacturer.com\\\/product\\\/8m-luxury-diesel-spray-booth\\\/#primaryimage\"},\"thumbnailUrl\":\"https:\\\/\\\/sprayboothmanufacturer.com\\\/wp-content\\\/uploads\\\/2026\\\/01\\\/1.221-scaled.jpg\",\"datePublished\":\"2026-02-05T07:17:55+00:00\",\"breadcrumb\":{\"@id\":\"https:\\\/\\\/sprayboothmanufacturer.com\\\/product\\\/8m-luxury-diesel-spray-booth\\\/#breadcrumb\"},\"inLanguage\":\"es\",\"potentialAction\":[{\"@type\":\"ReadAction\",\"target\":[\"https:\\\/\\\/sprayboothmanufacturer.com\\\/product\\\/8m-luxury-diesel-spray-booth\\\/\"]}]},{\"@type\":\"ImageObject\",\"inLanguage\":\"es\",\"@id\":\"https:\\\/\\\/sprayboothmanufacturer.com\\\/product\\\/8m-luxury-diesel-spray-booth\\\/#primaryimage\",\"url\":\"https:\\\/\\\/sprayboothmanufacturer.com\\\/wp-content\\\/uploads\\\/2026\\\/01\\\/1.221-scaled.jpg\",\"contentUrl\":\"https:\\\/\\\/sprayboothmanufacturer.com\\\/wp-content\\\/uploads\\\/2026\\\/01\\\/1.221-scaled.jpg\",\"width\":2560,\"height\":1920},{\"@type\":\"BreadcrumbList\",\"@id\":\"https:\\\/\\\/sprayboothmanufacturer.com\\\/product\\\/8m-luxury-diesel-spray-booth\\\/#breadcrumb\",\"itemListElement\":[{\"@type\":\"ListItem\",\"position\":1,\"name\":\"Home\",\"item\":\"https:\\\/\\\/sprayboothmanufacturer.com\\\/\"},{\"@type\":\"ListItem\",\"position\":2,\"name\":\"\u4ea7\u54c1\",\"item\":\"https:\\\/\\\/sprayboothmanufacturer.com\\\/shop__trashed\\\/\"},{\"@type\":\"ListItem\",\"position\":3,\"name\":\"ATK-80-DH-PRO 8m Luxury Diesel Spray Booth | Industrial High-Efficiency Painting System | Professional Equipment for Auto Body Shops | Customizable | Factory Direct Supply\"}]},{\"@type\":\"WebSite\",\"@id\":\"https:\\\/\\\/sprayboothmanufacturer.com\\\/#website\",\"url\":\"https:\\\/\\\/sprayboothmanufacturer.com\\\/\",\"name\":\"Autoke-China Paint Booth Manufacturer\",\"description\":\"\",\"publisher\":{\"@id\":\"https:\\\/\\\/sprayboothmanufacturer.com\\\/#organization\"},\"potentialAction\":[{\"@type\":\"SearchAction\",\"target\":{\"@type\":\"EntryPoint\",\"urlTemplate\":\"https:\\\/\\\/sprayboothmanufacturer.com\\\/?s={search_term_string}\"},\"query-input\":{\"@type\":\"PropertyValueSpecification\",\"valueRequired\":true,\"valueName\":\"search_term_string\"}}],\"inLanguage\":\"es\"},{\"@type\":\"Organization\",\"@id\":\"https:\\\/\\\/sprayboothmanufacturer.com\\\/#organization\",\"name\":\"Autoke-China Paint Booth Manufacturer\",\"url\":\"https:\\\/\\\/sprayboothmanufacturer.com\\\/\",\"logo\":{\"@type\":\"ImageObject\",\"inLanguage\":\"es\",\"@id\":\"https:\\\/\\\/sprayboothmanufacturer.com\\\/#\\\/schema\\\/logo\\\/image\\\/\",\"url\":\"https:\\\/\\\/sprayboothmanufacturer.com\\\/wp-content\\\/uploads\\\/2025\\\/12\\\/\u5fae\u4fe1\u56fe\u7247_20260113195103_1750_4-scaled-e1768394147958.png\",\"contentUrl\":\"https:\\\/\\\/sprayboothmanufacturer.com\\\/wp-content\\\/uploads\\\/2025\\\/12\\\/\u5fae\u4fe1\u56fe\u7247_20260113195103_1750_4-scaled-e1768394147958.png\",\"width\":1740,\"height\":538,\"caption\":\"Autoke-China Paint Booth Manufacturer\"},\"image\":{\"@id\":\"https:\\\/\\\/sprayboothmanufacturer.com\\\/#\\\/schema\\\/logo\\\/image\\\/\"}}]}<\/script>\n<!-- \/ Yoast SEO plugin. -->","yoast_head_json":{"title":"ATK-80-DH-PRO Cabina de Pintura de Lujo Diesel de 8m | Sistema de Pintura Industrial de Alta Eficiencia | Equipo Profesional para Talleres de Carrocer\u00eda | Personalizable | Suministro Directo de F\u00e1brica - Fabricante de Cabinas de Pintura Autoke-China","robots":{"index":"index","follow":"follow","max-snippet":"max-snippet:-1","max-image-preview":"max-image-preview:large","max-video-preview":"max-video-preview:-1"},"canonical":"https:\/\/sprayboothmanufacturer.com\/es\/producto\/8m-luxury-diesel-spray-booth\/","og_locale":"es_ES","og_type":"article","og_title":"ATK-80-DH-PRO 8m Luxury Diesel Spray Booth | Industrial High-Efficiency Painting System | Professional Equipment for Auto Body Shops | Customizable | Factory Direct Supply - Autoke-China Paint Booth Manufacturer","og_description":"The ATK-80-DH-PRO is an 8-meter diesel spray booth designed for automotive repair shops, body centers, and industrial painting applications. Featuring a RIELLO G20 diesel heating system for rapid heat-up within 5-8 minutes, a three-stage filtration system, and intelligent controls, it offers robust construction, energy efficiency, and a clean, stable painting environment. Custom configurations are available.","og_url":"https:\/\/sprayboothmanufacturer.com\/es\/producto\/8m-luxury-diesel-spray-booth\/","og_site_name":"Autoke-China Paint Booth Manufacturer","og_image":[{"width":2560,"height":1920,"url":"https:\/\/sprayboothmanufacturer.com\/wp-content\/uploads\/2026\/01\/1.221-scaled.jpg","type":"image\/jpeg"}],"twitter_card":"summary_large_image","twitter_misc":{"Est. reading time":"2 minutos"},"schema":{"@context":"https:\/\/schema.org","@graph":[{"@type":"WebPage","@id":"https:\/\/sprayboothmanufacturer.com\/product\/8m-luxury-diesel-spray-booth\/","url":"https:\/\/sprayboothmanufacturer.com\/product\/8m-luxury-diesel-spray-booth\/","name":"ATK-80-DH-PRO Cabina de Pintura de Lujo Diesel de 8m | Sistema de Pintura Industrial de Alta Eficiencia | Equipo Profesional para Talleres de Carrocer\u00eda | Personalizable | Suministro Directo de F\u00e1brica - Fabricante de Cabinas de Pintura Autoke-China","isPartOf":{"@id":"https:\/\/sprayboothmanufacturer.com\/#website"},"primaryImageOfPage":{"@id":"https:\/\/sprayboothmanufacturer.com\/product\/8m-luxury-diesel-spray-booth\/#primaryimage"},"image":{"@id":"https:\/\/sprayboothmanufacturer.com\/product\/8m-luxury-diesel-spray-booth\/#primaryimage"},"thumbnailUrl":"https:\/\/sprayboothmanufacturer.com\/wp-content\/uploads\/2026\/01\/1.221-scaled.jpg","datePublished":"2026-02-05T07:17:55+00:00","breadcrumb":{"@id":"https:\/\/sprayboothmanufacturer.com\/product\/8m-luxury-diesel-spray-booth\/#breadcrumb"},"inLanguage":"es","potentialAction":[{"@type":"ReadAction","target":["https:\/\/sprayboothmanufacturer.com\/product\/8m-luxury-diesel-spray-booth\/"]}]},{"@type":"ImageObject","inLanguage":"es","@id":"https:\/\/sprayboothmanufacturer.com\/product\/8m-luxury-diesel-spray-booth\/#primaryimage","url":"https:\/\/sprayboothmanufacturer.com\/wp-content\/uploads\/2026\/01\/1.221-scaled.jpg","contentUrl":"https:\/\/sprayboothmanufacturer.com\/wp-content\/uploads\/2026\/01\/1.221-scaled.jpg","width":2560,"height":1920},{"@type":"BreadcrumbList","@id":"https:\/\/sprayboothmanufacturer.com\/product\/8m-luxury-diesel-spray-booth\/#breadcrumb","itemListElement":[{"@type":"ListItem","position":1,"name":"Home","item":"https:\/\/sprayboothmanufacturer.com\/"},{"@type":"ListItem","position":2,"name":"\u4ea7\u54c1","item":"https:\/\/sprayboothmanufacturer.com\/shop__trashed\/"},{"@type":"ListItem","position":3,"name":"ATK-80-DH-PRO 8m Luxury Diesel Spray Booth | Industrial High-Efficiency Painting System | Professional Equipment for Auto Body Shops | Customizable | Factory Direct Supply"}]},{"@type":"WebSite","@id":"https:\/\/sprayboothmanufacturer.com\/#website","url":"https:\/\/sprayboothmanufacturer.com\/","name":"Fabricante de cabinas de pintura Autoke-China","description":"","publisher":{"@id":"https:\/\/sprayboothmanufacturer.com\/#organization"},"potentialAction":[{"@type":"SearchAction","target":{"@type":"EntryPoint","urlTemplate":"https:\/\/sprayboothmanufacturer.com\/?s={search_term_string}"},"query-input":{"@type":"PropertyValueSpecification","valueRequired":true,"valueName":"search_term_string"}}],"inLanguage":"es"},{"@type":"Organization","@id":"https:\/\/sprayboothmanufacturer.com\/#organization","name":"Fabricante de cabinas de pintura Autoke-China","url":"https:\/\/sprayboothmanufacturer.com\/","logo":{"@type":"ImageObject","inLanguage":"es","@id":"https:\/\/sprayboothmanufacturer.com\/#\/schema\/logo\/image\/","url":"https:\/\/sprayboothmanufacturer.com\/wp-content\/uploads\/2025\/12\/\u5fae\u4fe1\u56fe\u7247_20260113195103_1750_4-scaled-e1768394147958.png","contentUrl":"https:\/\/sprayboothmanufacturer.com\/wp-content\/uploads\/2025\/12\/\u5fae\u4fe1\u56fe\u7247_20260113195103_1750_4-scaled-e1768394147958.png","width":1740,"height":538,"caption":"Autoke-China Paint Booth Manufacturer"},"image":{"@id":"https:\/\/sprayboothmanufacturer.com\/#\/schema\/logo\/image\/"}}]}},"_links":{"self":[{"href":"https:\/\/sprayboothmanufacturer.com\/es\/wp-json\/wp\/v2\/product\/3241","targetHints":{"allow":["GET"]}}],"collection":[{"href":"https:\/\/sprayboothmanufacturer.com\/es\/wp-json\/wp\/v2\/product"}],"about":[{"href":"https:\/\/sprayboothmanufacturer.com\/es\/wp-json\/wp\/v2\/types\/product"}],"replies":[{"embeddable":true,"href":"https:\/\/sprayboothmanufacturer.com\/es\/wp-json\/wp\/v2\/comments?post=3241"}],"version-history":[{"count":1,"href":"https:\/\/sprayboothmanufacturer.com\/es\/wp-json\/wp\/v2\/product\/3241\/revisions"}],"predecessor-version":[{"id":3242,"href":"https:\/\/sprayboothmanufacturer.com\/es\/wp-json\/wp\/v2\/product\/3241\/revisions\/3242"}],"wp:featuredmedia":[{"embeddable":true,"href":"https:\/\/sprayboothmanufacturer.com\/es\/wp-json\/wp\/v2\/media\/3138"}],"wp:attachment":[{"href":"https:\/\/sprayboothmanufacturer.com\/es\/wp-json\/wp\/v2\/media?parent=3241"}],"wp:term":[{"taxonomy":"product_brand","embeddable":true,"href":"https:\/\/sprayboothmanufacturer.com\/es\/wp-json\/wp\/v2\/product_brand?post=3241"},{"taxonomy":"product_cat","embeddable":true,"href":"https:\/\/sprayboothmanufacturer.com\/es\/wp-json\/wp\/v2\/product_cat?post=3241"},{"taxonomy":"product_tag","embeddable":true,"href":"https:\/\/sprayboothmanufacturer.com\/es\/wp-json\/wp\/v2\/product_tag?post=3241"}],"curies":[{"name":"wp","href":"https:\/\/api.w.org\/{rel}","templated":true}]}}