{"id":3239,"date":"2026-02-05T07:03:22","date_gmt":"2026-02-05T07:03:22","guid":{"rendered":"https:\/\/sprayboothmanufacturer.com\/?post_type=product&#038;p=3239"},"modified":"2026-02-05T07:03:23","modified_gmt":"2026-02-05T07:03:23","slug":"7-5m-luxury-diesel-heated-spray-booth","status":"publish","type":"product","link":"https:\/\/sprayboothmanufacturer.com\/es\/product\/7-5m-luxury-diesel-heated-spray-booth\/","title":{"rendered":"ATK-75-DH-LUX Cabina de pulverizaci\u00f3n di\u00e9sel de lujo de 7,5m con calefacci\u00f3n | Equipo profesional de reparaci\u00f3n y pintura automotriz | Personalizable | Suministro directo de f\u00e1brica"},"content":{"rendered":"<table style=\"height: 286px;\" width=\"816\">\n<tbody>\n<tr>\n<td width=\"142\"><strong><b>Cantidad m\u00ednima de pedido :<\/b><\/strong><\/td>\n<td width=\"142\">1 pieza<\/td>\n<td width=\"142\"><strong><b>Precio :<\/b><\/strong><\/td>\n<td width=\"142\">A negociar<\/td>\n<\/tr>\n<tr>\n<td width=\"142\"><strong><b>Detalles del embalaje :<\/b><\/strong><\/td>\n<td width=\"142\">40G o 20GP\/unidad<\/td>\n<td width=\"142\"><strong><b>Tiempo de entrega :<\/b><\/strong><\/td>\n<td width=\"142\">15 d\u00edas a negociar<\/td>\n<\/tr>\n<tr>\n<td width=\"142\"><strong><b>Condiciones de pago :<\/b><\/strong><\/td>\n<td width=\"142\">L\/C, T\/T<\/td>\n<td width=\"142\"><strong><b>Capacidad de suministro :<\/b><\/strong><\/td>\n<td width=\"142\">50 unidades por mes, cabina de pulverizaci\u00f3n industrial, cabina de pulverizaci\u00f3n para autobuses<\/td>\n<\/tr>\n<tr>\n<td width=\"142\"><strong><b>Lugar de origen:<\/b><\/strong><\/td>\n<td width=\"142\">Jiangsu, China<\/td>\n<td width=\"142\"><strong><b>Nombre de la marca:<\/b><\/strong><\/td>\n<td width=\"142\">Autoke<\/td>\n<\/tr>\n<tr>\n<td width=\"142\"><strong><b>Certificaci\u00f3n:<\/b><\/strong><\/td>\n<td width=\"142\">CE<\/td>\n<td width=\"142\"><strong><b>N\u00famero de modelo:<\/b><\/strong><\/td>\n<td width=\"142\">ATK-75-DH-LUX<\/td>\n<\/tr>\n<\/tbody>\n<\/table>\n<p class=\"ds-markdown-paragraph\"><strong>Cabina de pulverizaci\u00f3n calefactada con di\u00e9sel profesional ATK-75-DH-LUX<\/strong><br \/>\nDise\u00f1ada para reparaci\u00f3n automotriz, restauraci\u00f3n de carrocer\u00edas y pintura industrial, esta cabina combina un sistema de calefacci\u00f3n di\u00e9sel eficiente con controles inteligentes para ofrecer un entorno de pintura estable, limpio y que ahorra energ\u00eda.<\/p>\n<p class=\"ds-markdown-paragraph\"><strong>Caracter\u00edsticas principales:<\/strong><\/p>\n<p class=\"ds-markdown-paragraph\">\u2705\u00a0<strong>Sistema de calefacci\u00f3n di\u00e9sel de alta eficiencia<\/strong><br \/>\nEquipado con un quemador di\u00e9sel RIELLO G20, alcanza hasta 40\u00b0C en 5\u20138 minutos, con una temperatura m\u00e1xima de horneado de 80\u00b0C, adecuada para diversos procesos de pintura y curado.<\/p>\n<p class=\"ds-markdown-paragraph\">\u2705\u00a0<strong>Control ambiental inteligente<\/strong><br \/>\nCuenta con un panel de control inteligente que integra funciones de pintura, horneado, temporizador, control de temperatura y parada de emergencia para una operaci\u00f3n f\u00e1cil y sensible.<\/p>\n<p class=\"ds-markdown-paragraph\">\u2705\u00a0<strong>Filtraci\u00f3n de aire en m\u00faltiples etapas<\/strong><br \/>\nUn sistema de filtraci\u00f3n en tres etapas (filtros primario + techo + suelo) garantiza aire limpio con una eficiencia de filtraci\u00f3n de hasta 98%, asegurando acabados de alta calidad.<\/p>\n<p class=\"ds-markdown-paragraph\">\u2705\u00a0<strong>Sistema de ventilaci\u00f3n potente<\/strong><br \/>\nVentiladores centr\u00edfugos de doble entrada (25,000 m\u00b3\/h) combinados con un sistema de extracci\u00f3n eficiente (19,000 m\u00b3\/h) permiten un intercambio r\u00e1pido de aire, manteniendo un entorno de trabajo seguro.<\/p>\n<p class=\"ds-markdown-paragraph\">\u2705\u00a0<strong>Construcci\u00f3n duradera<\/strong><br \/>\nConstruido con paneles de acero galvanizado y estructura de tubo cuadrado, el suelo cuenta con rejillas de acero galvanizado antideslizantes con una capacidad de carga de hasta 5 toneladas, ideal para uso industrial de alta frecuencia.<\/p>\n<p class=\"ds-markdown-paragraph\">\u2705\u00a0<strong>Iluminaci\u00f3n brillante y uniforme<\/strong><br \/>\n24 conjuntos de luces LED en el techo y iluminaci\u00f3n auxiliar en las paredes laterales proporcionan una iluminaci\u00f3n sin sombras para detalles precisos y pintura.<\/p>\n<p class=\"ds-markdown-paragraph\"><strong>Ideal Para:<\/strong><\/p>\n<ul>\n<li>\n<p class=\"ds-markdown-paragraph\">Talleres de reparaci\u00f3n y concesionarios automotrices 4S<\/p>\n<\/li>\n<li>\n<p class=\"ds-markdown-paragraph\">Talleres de reparaci\u00f3n y pintura de colisiones<\/p>\n<\/li>\n<li>\n<p class=\"ds-markdown-paragraph\">Restauraci\u00f3n de carrocer\u00edas de camiones y autobuses<\/p>\n<\/li>\n<li>\n<p class=\"ds-markdown-paragraph\">Revestimiento de equipos y maquinaria industrial<\/p>\n<\/li>\n<\/ul>\n<p class=\"ds-markdown-paragraph\"><strong>Opciones de personalizaci\u00f3n:<\/strong><br \/>\nAjustable en tama\u00f1o, color, configuraci\u00f3n de potencia y m\u00e1s seg\u00fan los requisitos del cliente. Ofrecemos soluciones de pintura a medida para adaptarse a las necesidades espec\u00edficas de su sitio.<\/p>\n<p class=\"ds-markdown-paragraph\"><strong>Cont\u00e1ctenos para obtener especificaciones t\u00e9cnicas detalladas, opciones de configuraci\u00f3n y precios directos de f\u00e1brica.<\/strong><\/p>","protected":false},"excerpt":{"rendered":"<p>La cabina de pulverizaci\u00f3n calefactada con di\u00e9sel de alta eficiencia y ahorro energ\u00e9tico ATK-75-DH-LUX est\u00e1 dise\u00f1ada para centros de reparaci\u00f3n automotriz, talleres de carrocer\u00eda y aplicaciones de pintura industrial. Con un calentamiento r\u00e1pido, controles inteligentes y un sistema de filtraci\u00f3n en m\u00faltiples etapas, su construcci\u00f3n robusta soporta configuraciones personalizadas para mejorar la eficiencia en la pintura y la calidad del espacio de trabajo.<\/p>","protected":false},"featured_media":3198,"comment_status":"open","ping_status":"closed","template":"","meta":[],"product_brand":[76],"product_cat":[60,59],"product_tag":[79,73,89,78,63,72,66,69,84],"class_list":{"0":"post-3239","1":"product","2":"type-product","3":"status-publish","4":"has-post-thumbnail","6":"product_brand-autoke","7":"product_cat-car-spray-booth","8":"product_cat-spray-booth","9":"product_tag-automotive-spray-booth","10":"product_tag-automotive-spray-booth-manufacturer","11":"product_tag-baking-oven-for-bus","12":"product_tag-bus-spray-booth","13":"product_tag-car-spray-booth","14":"product_tag-car-spray-booth-factory","15":"product_tag-car-spray-booth-manufacturer","16":"product_tag-ce-car-spray-booth","17":"product_tag-industrial-coating","19":"first","20":"instock","21":"shipping-taxable","22":"product-type-simple"},"yoast_head":"<!-- This site is optimized with the Yoast SEO plugin v27.4 - https:\/\/yoast.com\/product\/yoast-seo-wordpress\/ -->\n<title>ATK-75-DH-LUX 7.5m Luxury Diesel-Heated Spray Booth | Professional Automotive Repair &amp; Painting Equipment | Customizable | Factory Direct Supply - Autoke-China Paint Booth Manufacturer<\/title>\n<meta name=\"robots\" content=\"index, follow, max-snippet:-1, max-image-preview:large, max-video-preview:-1\" \/>\n<link rel=\"canonical\" href=\"https:\/\/sprayboothmanufacturer.com\/es\/producto\/7-5m-luxury-diesel-heated-spray-booth\/\" \/>\n<meta property=\"og:locale\" content=\"es_ES\" \/>\n<meta property=\"og:type\" content=\"article\" \/>\n<meta property=\"og:title\" content=\"ATK-75-DH-LUX 7.5m Luxury Diesel-Heated Spray Booth | Professional Automotive Repair &amp; Painting Equipment | Customizable | Factory Direct Supply - Autoke-China Paint Booth Manufacturer\" \/>\n<meta property=\"og:description\" content=\"The ATK-75-DH-LUX is a high-efficiency, energy-saving diesel-heated spray booth designed for automotive repair centers, body shops, and industrial painting applications. Featuring rapid heat-up, intelligent controls, and a multi-stage filtration system, its robust construction supports customized configurations to enhance painting efficiency and workspace quality.\" \/>\n<meta property=\"og:url\" content=\"https:\/\/sprayboothmanufacturer.com\/es\/producto\/7-5m-luxury-diesel-heated-spray-booth\/\" \/>\n<meta property=\"og:site_name\" content=\"Autoke-China Paint Booth Manufacturer\" \/>\n<meta property=\"article:modified_time\" content=\"2026-02-05T07:03:23+00:00\" \/>\n<meta property=\"og:image\" content=\"https:\/\/sprayboothmanufacturer.com\/wp-content\/uploads\/2026\/02\/30.png\" \/>\n\t<meta property=\"og:image:width\" content=\"800\" \/>\n\t<meta property=\"og:image:height\" content=\"800\" \/>\n\t<meta property=\"og:image:type\" content=\"image\/png\" \/>\n<meta name=\"twitter:card\" content=\"summary_large_image\" \/>\n<meta name=\"twitter:label1\" content=\"Est. reading time\" \/>\n\t<meta name=\"twitter:data1\" content=\"2 minutos\" \/>\n<script type=\"application\/ld+json\" class=\"yoast-schema-graph\">{\"@context\":\"https:\\\/\\\/schema.org\",\"@graph\":[{\"@type\":\"WebPage\",\"@id\":\"https:\\\/\\\/sprayboothmanufacturer.com\\\/product\\\/7-5m-luxury-diesel-heated-spray-booth\\\/\",\"url\":\"https:\\\/\\\/sprayboothmanufacturer.com\\\/product\\\/7-5m-luxury-diesel-heated-spray-booth\\\/\",\"name\":\"ATK-75-DH-LUX 7.5m Luxury Diesel-Heated Spray Booth | Professional Automotive Repair & Painting Equipment | Customizable | Factory Direct Supply - Autoke-China Paint Booth Manufacturer\",\"isPartOf\":{\"@id\":\"https:\\\/\\\/sprayboothmanufacturer.com\\\/#website\"},\"primaryImageOfPage\":{\"@id\":\"https:\\\/\\\/sprayboothmanufacturer.com\\\/product\\\/7-5m-luxury-diesel-heated-spray-booth\\\/#primaryimage\"},\"image\":{\"@id\":\"https:\\\/\\\/sprayboothmanufacturer.com\\\/product\\\/7-5m-luxury-diesel-heated-spray-booth\\\/#primaryimage\"},\"thumbnailUrl\":\"https:\\\/\\\/sprayboothmanufacturer.com\\\/wp-content\\\/uploads\\\/2026\\\/02\\\/30.png\",\"datePublished\":\"2026-02-05T07:03:22+00:00\",\"dateModified\":\"2026-02-05T07:03:23+00:00\",\"breadcrumb\":{\"@id\":\"https:\\\/\\\/sprayboothmanufacturer.com\\\/product\\\/7-5m-luxury-diesel-heated-spray-booth\\\/#breadcrumb\"},\"inLanguage\":\"es\",\"potentialAction\":[{\"@type\":\"ReadAction\",\"target\":[\"https:\\\/\\\/sprayboothmanufacturer.com\\\/product\\\/7-5m-luxury-diesel-heated-spray-booth\\\/\"]}]},{\"@type\":\"ImageObject\",\"inLanguage\":\"es\",\"@id\":\"https:\\\/\\\/sprayboothmanufacturer.com\\\/product\\\/7-5m-luxury-diesel-heated-spray-booth\\\/#primaryimage\",\"url\":\"https:\\\/\\\/sprayboothmanufacturer.com\\\/wp-content\\\/uploads\\\/2026\\\/02\\\/30.png\",\"contentUrl\":\"https:\\\/\\\/sprayboothmanufacturer.com\\\/wp-content\\\/uploads\\\/2026\\\/02\\\/30.png\",\"width\":800,\"height\":800,\"caption\":\"Automotive Paint Booth\"},{\"@type\":\"BreadcrumbList\",\"@id\":\"https:\\\/\\\/sprayboothmanufacturer.com\\\/product\\\/7-5m-luxury-diesel-heated-spray-booth\\\/#breadcrumb\",\"itemListElement\":[{\"@type\":\"ListItem\",\"position\":1,\"name\":\"Home\",\"item\":\"https:\\\/\\\/sprayboothmanufacturer.com\\\/\"},{\"@type\":\"ListItem\",\"position\":2,\"name\":\"\u4ea7\u54c1\",\"item\":\"https:\\\/\\\/sprayboothmanufacturer.com\\\/shop__trashed\\\/\"},{\"@type\":\"ListItem\",\"position\":3,\"name\":\"ATK-75-DH-LUX 7.5m Luxury Diesel-Heated Spray Booth | Professional Automotive Repair &#038; Painting Equipment | Customizable | Factory Direct Supply\"}]},{\"@type\":\"WebSite\",\"@id\":\"https:\\\/\\\/sprayboothmanufacturer.com\\\/#website\",\"url\":\"https:\\\/\\\/sprayboothmanufacturer.com\\\/\",\"name\":\"Autoke-China Paint Booth Manufacturer\",\"description\":\"\",\"publisher\":{\"@id\":\"https:\\\/\\\/sprayboothmanufacturer.com\\\/#organization\"},\"potentialAction\":[{\"@type\":\"SearchAction\",\"target\":{\"@type\":\"EntryPoint\",\"urlTemplate\":\"https:\\\/\\\/sprayboothmanufacturer.com\\\/?s={search_term_string}\"},\"query-input\":{\"@type\":\"PropertyValueSpecification\",\"valueRequired\":true,\"valueName\":\"search_term_string\"}}],\"inLanguage\":\"es\"},{\"@type\":\"Organization\",\"@id\":\"https:\\\/\\\/sprayboothmanufacturer.com\\\/#organization\",\"name\":\"Autoke-China Paint Booth Manufacturer\",\"url\":\"https:\\\/\\\/sprayboothmanufacturer.com\\\/\",\"logo\":{\"@type\":\"ImageObject\",\"inLanguage\":\"es\",\"@id\":\"https:\\\/\\\/sprayboothmanufacturer.com\\\/#\\\/schema\\\/logo\\\/image\\\/\",\"url\":\"https:\\\/\\\/sprayboothmanufacturer.com\\\/wp-content\\\/uploads\\\/2025\\\/12\\\/\u5fae\u4fe1\u56fe\u7247_20260113195103_1750_4-scaled-e1768394147958.png\",\"contentUrl\":\"https:\\\/\\\/sprayboothmanufacturer.com\\\/wp-content\\\/uploads\\\/2025\\\/12\\\/\u5fae\u4fe1\u56fe\u7247_20260113195103_1750_4-scaled-e1768394147958.png\",\"width\":1740,\"height\":538,\"caption\":\"Autoke-China Paint Booth Manufacturer\"},\"image\":{\"@id\":\"https:\\\/\\\/sprayboothmanufacturer.com\\\/#\\\/schema\\\/logo\\\/image\\\/\"}}]}<\/script>\n<!-- \/ Yoast SEO plugin. -->","yoast_head_json":{"title":"ATK-75-DH-LUX Cabina de pulverizaci\u00f3n de lujo con calefacci\u00f3n di\u00e9sel de 7,5 m | Equipo profesional de reparaci\u00f3n y pintura de autom\u00f3viles | Personalizable | Suministro directo de f\u00e1brica - Fabricante de cabinas de pintura Autoke-China","robots":{"index":"index","follow":"follow","max-snippet":"max-snippet:-1","max-image-preview":"max-image-preview:large","max-video-preview":"max-video-preview:-1"},"canonical":"https:\/\/sprayboothmanufacturer.com\/es\/producto\/7-5m-luxury-diesel-heated-spray-booth\/","og_locale":"es_ES","og_type":"article","og_title":"ATK-75-DH-LUX 7.5m Luxury Diesel-Heated Spray Booth | Professional Automotive Repair & Painting Equipment | Customizable | Factory Direct Supply - Autoke-China Paint Booth Manufacturer","og_description":"The ATK-75-DH-LUX is a high-efficiency, energy-saving diesel-heated spray booth designed for automotive repair centers, body shops, and industrial painting applications. Featuring rapid heat-up, intelligent controls, and a multi-stage filtration system, its robust construction supports customized configurations to enhance painting efficiency and workspace quality.","og_url":"https:\/\/sprayboothmanufacturer.com\/es\/producto\/7-5m-luxury-diesel-heated-spray-booth\/","og_site_name":"Autoke-China Paint Booth Manufacturer","article_modified_time":"2026-02-05T07:03:23+00:00","og_image":[{"width":800,"height":800,"url":"https:\/\/sprayboothmanufacturer.com\/wp-content\/uploads\/2026\/02\/30.png","type":"image\/png"}],"twitter_card":"summary_large_image","twitter_misc":{"Est. reading time":"2 minutos"},"schema":{"@context":"https:\/\/schema.org","@graph":[{"@type":"WebPage","@id":"https:\/\/sprayboothmanufacturer.com\/product\/7-5m-luxury-diesel-heated-spray-booth\/","url":"https:\/\/sprayboothmanufacturer.com\/product\/7-5m-luxury-diesel-heated-spray-booth\/","name":"ATK-75-DH-LUX Cabina de pulverizaci\u00f3n de lujo con calefacci\u00f3n di\u00e9sel de 7,5 m | Equipo profesional de reparaci\u00f3n y pintura de autom\u00f3viles | Personalizable | Suministro directo de f\u00e1brica - Fabricante de cabinas de pintura Autoke-China","isPartOf":{"@id":"https:\/\/sprayboothmanufacturer.com\/#website"},"primaryImageOfPage":{"@id":"https:\/\/sprayboothmanufacturer.com\/product\/7-5m-luxury-diesel-heated-spray-booth\/#primaryimage"},"image":{"@id":"https:\/\/sprayboothmanufacturer.com\/product\/7-5m-luxury-diesel-heated-spray-booth\/#primaryimage"},"thumbnailUrl":"https:\/\/sprayboothmanufacturer.com\/wp-content\/uploads\/2026\/02\/30.png","datePublished":"2026-02-05T07:03:22+00:00","dateModified":"2026-02-05T07:03:23+00:00","breadcrumb":{"@id":"https:\/\/sprayboothmanufacturer.com\/product\/7-5m-luxury-diesel-heated-spray-booth\/#breadcrumb"},"inLanguage":"es","potentialAction":[{"@type":"ReadAction","target":["https:\/\/sprayboothmanufacturer.com\/product\/7-5m-luxury-diesel-heated-spray-booth\/"]}]},{"@type":"ImageObject","inLanguage":"es","@id":"https:\/\/sprayboothmanufacturer.com\/product\/7-5m-luxury-diesel-heated-spray-booth\/#primaryimage","url":"https:\/\/sprayboothmanufacturer.com\/wp-content\/uploads\/2026\/02\/30.png","contentUrl":"https:\/\/sprayboothmanufacturer.com\/wp-content\/uploads\/2026\/02\/30.png","width":800,"height":800,"caption":"Automotive Paint Booth"},{"@type":"BreadcrumbList","@id":"https:\/\/sprayboothmanufacturer.com\/product\/7-5m-luxury-diesel-heated-spray-booth\/#breadcrumb","itemListElement":[{"@type":"ListItem","position":1,"name":"Home","item":"https:\/\/sprayboothmanufacturer.com\/"},{"@type":"ListItem","position":2,"name":"\u4ea7\u54c1","item":"https:\/\/sprayboothmanufacturer.com\/shop__trashed\/"},{"@type":"ListItem","position":3,"name":"ATK-75-DH-LUX 7.5m Luxury Diesel-Heated Spray Booth | Professional Automotive Repair &#038; Painting Equipment | Customizable | Factory Direct Supply"}]},{"@type":"WebSite","@id":"https:\/\/sprayboothmanufacturer.com\/#website","url":"https:\/\/sprayboothmanufacturer.com\/","name":"Fabricante de cabinas de pintura Autoke-China","description":"","publisher":{"@id":"https:\/\/sprayboothmanufacturer.com\/#organization"},"potentialAction":[{"@type":"SearchAction","target":{"@type":"EntryPoint","urlTemplate":"https:\/\/sprayboothmanufacturer.com\/?s={search_term_string}"},"query-input":{"@type":"PropertyValueSpecification","valueRequired":true,"valueName":"search_term_string"}}],"inLanguage":"es"},{"@type":"Organization","@id":"https:\/\/sprayboothmanufacturer.com\/#organization","name":"Fabricante de cabinas de pintura Autoke-China","url":"https:\/\/sprayboothmanufacturer.com\/","logo":{"@type":"ImageObject","inLanguage":"es","@id":"https:\/\/sprayboothmanufacturer.com\/#\/schema\/logo\/image\/","url":"https:\/\/sprayboothmanufacturer.com\/wp-content\/uploads\/2025\/12\/\u5fae\u4fe1\u56fe\u7247_20260113195103_1750_4-scaled-e1768394147958.png","contentUrl":"https:\/\/sprayboothmanufacturer.com\/wp-content\/uploads\/2025\/12\/\u5fae\u4fe1\u56fe\u7247_20260113195103_1750_4-scaled-e1768394147958.png","width":1740,"height":538,"caption":"Autoke-China Paint Booth Manufacturer"},"image":{"@id":"https:\/\/sprayboothmanufacturer.com\/#\/schema\/logo\/image\/"}}]}},"_links":{"self":[{"href":"https:\/\/sprayboothmanufacturer.com\/es\/wp-json\/wp\/v2\/product\/3239","targetHints":{"allow":["GET"]}}],"collection":[{"href":"https:\/\/sprayboothmanufacturer.com\/es\/wp-json\/wp\/v2\/product"}],"about":[{"href":"https:\/\/sprayboothmanufacturer.com\/es\/wp-json\/wp\/v2\/types\/product"}],"replies":[{"embeddable":true,"href":"https:\/\/sprayboothmanufacturer.com\/es\/wp-json\/wp\/v2\/comments?post=3239"}],"version-history":[{"count":1,"href":"https:\/\/sprayboothmanufacturer.com\/es\/wp-json\/wp\/v2\/product\/3239\/revisions"}],"predecessor-version":[{"id":3240,"href":"https:\/\/sprayboothmanufacturer.com\/es\/wp-json\/wp\/v2\/product\/3239\/revisions\/3240"}],"wp:featuredmedia":[{"embeddable":true,"href":"https:\/\/sprayboothmanufacturer.com\/es\/wp-json\/wp\/v2\/media\/3198"}],"wp:attachment":[{"href":"https:\/\/sprayboothmanufacturer.com\/es\/wp-json\/wp\/v2\/media?parent=3239"}],"wp:term":[{"taxonomy":"product_brand","embeddable":true,"href":"https:\/\/sprayboothmanufacturer.com\/es\/wp-json\/wp\/v2\/product_brand?post=3239"},{"taxonomy":"product_cat","embeddable":true,"href":"https:\/\/sprayboothmanufacturer.com\/es\/wp-json\/wp\/v2\/product_cat?post=3239"},{"taxonomy":"product_tag","embeddable":true,"href":"https:\/\/sprayboothmanufacturer.com\/es\/wp-json\/wp\/v2\/product_tag?post=3239"}],"curies":[{"name":"wp","href":"https:\/\/api.w.org\/{rel}","templated":true}]}}