{"id":3228,"date":"2026-02-05T02:28:59","date_gmt":"2026-02-05T02:28:59","guid":{"rendered":"https:\/\/sprayboothmanufacturer.com\/?post_type=product&#038;p=3228"},"modified":"2026-02-05T02:29:51","modified_gmt":"2026-02-05T02:29:51","slug":"atk-008de-professional-8m-dual-mode-heating-spray-booth-gas-quantum-far-infrared-electric-dual-systems-energy-efficient-solution-for-commercial-vehicle-coating","status":"publish","type":"product","link":"https:\/\/sprayboothmanufacturer.com\/es\/product\/atk-008de-professional-8m-dual-mode-heating-spray-booth-gas-quantum-far-infrared-electric-dual-systems-energy-efficient-solution-for-commercial-vehicle-coating\/","title":{"rendered":"Cabina de pulverizaci\u00f3n de calefacci\u00f3n de doble modo profesional ATK-008DE+ de 8 m | Sistemas duales de gas + infrarrojo lejano cu\u00e1ntico el\u00e9ctrico | Eficiente en energ\u00eda | Soluci\u00f3n para recubrimiento de veh\u00edculos comerciales"},"content":{"rendered":"<table style=\"height: 84px;\" width=\"839\">\n<tbody>\n<tr>\n<td width=\"142\"><strong><b>Cantidad m\u00ednima de pedido :<\/b><\/strong><\/td>\n<td width=\"142\">1 pieza<\/td>\n<td width=\"142\"><strong><b>Precio :<\/b><\/strong><\/td>\n<td width=\"142\">A negociar<\/td>\n<\/tr>\n<tr>\n<td width=\"142\"><strong><b>Detalles del embalaje :<\/b><\/strong><\/td>\n<td width=\"142\">40G o 20GP\/unidad<\/td>\n<td width=\"142\"><strong><b>Tiempo de entrega :<\/b><\/strong><\/td>\n<td width=\"142\">15 d\u00edas a negociar<\/td>\n<\/tr>\n<tr>\n<td width=\"142\"><strong><b>Condiciones de pago :<\/b><\/strong><\/td>\n<td width=\"142\">L\/C, T\/T<\/td>\n<td width=\"142\"><strong><b>Capacidad de suministro :<\/b><\/strong><\/td>\n<td width=\"142\">50 unidades por mes, cabina de pulverizaci\u00f3n industrial, cabina de pulverizaci\u00f3n para autobuses<\/td>\n<\/tr>\n<tr>\n<td width=\"142\"><strong><b>Lugar de origen:<\/b><\/strong><\/td>\n<td width=\"142\">Jiangsu, China<\/td>\n<td width=\"142\"><strong><b>Nombre de la marca:<\/b><\/strong><\/td>\n<td width=\"142\">Autoke<\/td>\n<\/tr>\n<tr>\n<td width=\"142\"><strong><b>Certificaci\u00f3n:<\/b><\/strong><\/td>\n<td width=\"142\">CE<\/td>\n<td width=\"142\"><strong><b>N\u00famero de modelo:<\/b><\/strong><\/td>\n<td width=\"142\">ATK-008DE+<\/td>\n<\/tr>\n<\/tbody>\n<\/table>\n<p class=\"ds-markdown-paragraph\"><strong>ATK-008DE+ | Cabina de pulverizaci\u00f3n de calefacci\u00f3n de doble modo de 8 m (Tecnolog\u00eda Cu\u00e1ntica Mejorada): Donde la fiabilidad cl\u00e1sica se encuentra con la innovaci\u00f3n de vanguardia<\/strong><\/p>\n<p class=\"ds-markdown-paragraph\">El ATK-008DE+ es nuestro modelo insignia mejorado, que aborda los procesos de pintura m\u00e1s avanzados y las necesidades de gesti\u00f3n energ\u00e9tica. Combina los beneficios econ\u00f3micos de la calefacci\u00f3n de gas cl\u00e1sica con la revolucionaria\u00a0<strong>Sistema de calefacci\u00f3n el\u00e9ctrica de infrarrojo lejano con emisores cu\u00e1nticos<\/strong>, logrando un doble salto en eficiencia de calefacci\u00f3n y calidad de acabado. Para pintar autom\u00f3viles de alta gama, recubrimientos especiales o veh\u00edculos comerciales con exigencias estrictas en la uniformidad y adherencia de la pel\u00edcula, el ATK-008DE+ ofrece la soluci\u00f3n definitiva m\u00e1s all\u00e1 de los m\u00e9todos tradicionales.<\/p>\n<p class=\"ds-markdown-paragraph\"><strong>Avance clave: Tecnolog\u00eda de calefacci\u00f3n de infrarrojo lejano cu\u00e1ntico<\/strong><\/p>\n<ol start=\"1\">\n<li>\n<p class=\"ds-markdown-paragraph\"><strong>Disrupci\u00f3n tecnol\u00f3gica, eficiencia y calidad<\/strong>:<\/p>\n<ul>\n<li>\n<p class=\"ds-markdown-paragraph\"><strong>Ultra alta eficiencia<\/strong>: Los emisores cu\u00e1nticos alcanzan m\u00e1s de\u00a0<strong>90% de eficiencia de conversi\u00f3n t\u00e9rmica<\/strong>, superando ampliamente la calefacci\u00f3n tradicional de hal\u00f3geno y minimizando el desperdicio de energ\u00eda.<\/p>\n<\/li>\n<li>\n<p class=\"ds-markdown-paragraph\"><strong>Acabado superior<\/strong>: Utiliza\u00a0<strong>radiaci\u00f3n de infrarrojo lejano<\/strong>\u00a0para una penetraci\u00f3n profunda y uniforme del calor desde el interior de la capa, reduciendo eficazmente\u00a0<strong>burbujas y poros<\/strong>, mejorando la suavidad y el brillo.<\/p>\n<\/li>\n<li>\n<p class=\"ds-markdown-paragraph\"><strong>Larga vida \u00fatil<\/strong>: Los elementos de calefacci\u00f3n tienen una vida \u00fatil te\u00f3rica superior a\u00a0<strong>80.000 horas<\/strong>, asegurando bajo mantenimiento y alto valor de por vida.<\/p>\n<\/li>\n<li>\n<p class=\"ds-markdown-paragraph\"><strong>Control Preciso<\/strong>: El rango de temperatura de 0-150\u00b0C permite una adaptaci\u00f3n precisa a todos los procesos, desde el precalentamiento a baja temperatura hasta el curado a alta temperatura.<\/p>\n<\/li>\n<\/ul>\n<\/li>\n<li>\n<p class=\"ds-markdown-paragraph\"><strong>Estrategia de Doble Sistema para Resiliencia Energ\u00e9tica y de Procesos<\/strong>:<\/p>\n<ul>\n<li>\n<p class=\"ds-markdown-paragraph\"><strong>Calefacci\u00f3n a Gas (RIELLO G20)<\/strong>: Proporciona calefacci\u00f3n econ\u00f3mica y de alta capacidad para horneados a gran escala o prolongados.<\/p>\n<\/li>\n<li>\n<p class=\"ds-markdown-paragraph\"><strong>Calefacci\u00f3n El\u00e9ctrica Cu\u00e1ntica<\/strong>: Ofrece calefacci\u00f3n de precisi\u00f3n para acabados exigentes o uso durante per\u00edodos de bajo coste de electricidad.<\/p>\n<\/li>\n<li>\n<p class=\"ds-markdown-paragraph\"><strong>Combinaci\u00f3n Flexible<\/strong>: Seleccione o combine inteligentemente ambos sistemas en funci\u00f3n del tipo de recubrimiento, precios de energ\u00eda y ritmo de producci\u00f3n para un coste, calidad y eficiencia \u00f3ptimos.<\/p>\n<\/li>\n<\/ul>\n<\/li>\n<\/ol>\n<p class=\"ds-markdown-paragraph\"><strong>Construcci\u00f3n y Fiabilidad Insignia:<\/strong><\/p>\n<ul>\n<li>\n<p class=\"ds-markdown-paragraph\"><strong>Plataforma Ultra-Robusta<\/strong>:<\/p>\n<ul>\n<li>\n<p class=\"ds-markdown-paragraph\"><strong>S\u00f3tano Reforzado de Cinco Filas<\/strong>: Caracter\u00edsticas\u00a0<strong>cinco filas<\/strong>\u00a0de rejillas planas de acero galvanizado para una distribuci\u00f3n de carga y resistencia superiores, dise\u00f1ada para veh\u00edculos y equipos pesados.<\/p>\n<\/li>\n<li>\n<p class=\"ds-markdown-paragraph\"><strong>Muros Ign\u00edfugos de 75mm de Espesor<\/strong>: Muros mejorados de 75mm con lana de roca de alta densidad (100KG\/m\u00b3) que ofrecen aislamiento, insonorizaci\u00f3n y resistencia al fuego de primer nivel.<\/p>\n<\/li>\n<\/ul>\n<\/li>\n<li>\n<p class=\"ds-markdown-paragraph\"><strong>N\u00facleo de Potencia Eficiente y Silencioso<\/strong>:<\/p>\n<ul>\n<li>\n<p class=\"ds-markdown-paragraph\"><strong>Ventiladores de N\u00facleo de Cobre de Marca<\/strong>: marca \u201cJiangsu Hengkang\u201d\u00a0<strong>ventiladores con motor de cobre completo<\/strong>\u00a0garantizar una operaci\u00f3n estable, mayor eficiencia, menor ruido y durabilidad superior.<\/p>\n<\/li>\n<li>\n<p class=\"ds-markdown-paragraph\"><strong>Dise\u00f1o de flujo de aire preciso<\/strong>: Sistemas de suministro (2\u00d74KW, 14,000-15,500 m\u00b3\/h) y extracci\u00f3n (1\u00d75.5KW, 19,000 m\u00b3\/h) combinados optimizan el intercambio de aire y el uso de energ\u00eda.<\/p>\n<\/li>\n<\/ul>\n<\/li>\n<li>\n<p class=\"ds-markdown-paragraph\"><strong>Control y Entorno Integral<\/strong>:<\/p>\n<ul>\n<li>\n<p class=\"ds-markdown-paragraph\">Control inteligente integrado para gesti\u00f3n independiente o coordinada de ambos sistemas de calefacci\u00f3n, permitiendo perfiles de horneado complejos.<\/p>\n<\/li>\n<li>\n<p class=\"ds-markdown-paragraph\">Filtraci\u00f3n de tres etapas completa que garantiza un ambiente libre de polvo.<\/p>\n<\/li>\n<li>\n<p class=\"ds-markdown-paragraph\">Iluminaci\u00f3n LED completa que proporciona una iluminaci\u00f3n abundante y sin sombras.<\/p>\n<\/li>\n<\/ul>\n<\/li>\n<\/ul>\n<p class=\"ds-markdown-paragraph\"><strong>Resumen de especificaciones:<\/strong><\/p>\n<ul>\n<li>\n<p class=\"ds-markdown-paragraph\"><strong>Modelo<\/strong>: ATK-008DE+<\/p>\n<\/li>\n<li>\n<p class=\"ds-markdown-paragraph\"><strong>Externo\/Interno<\/strong>: 8000\u00d74300\u00d73500mm \/ 7900\u00d74200\u00d72800mm<\/p>\n<\/li>\n<li>\n<p class=\"ds-markdown-paragraph\"><strong>Calefacci\u00f3n<\/strong>:\u00a0<strong>Sistema dual<\/strong>\u00a0\u2013 Gas (RIELLO G20) +\u00a0<strong>Electrico de infrarrojos cu\u00e1ntico<\/strong><\/p>\n<\/li>\n<li>\n<p class=\"ds-markdown-paragraph\"><strong>Ventilaci\u00f3n<\/strong>: Ventiladores con motor de cobre completo Jiangsu Hengkang (Suministro 2\u00d74KW, Extracci\u00f3n 1\u00d75.5KW)<\/p>\n<\/li>\n<li>\n<p class=\"ds-markdown-paragraph\"><strong>S\u00f3tano<\/strong>: Rejillas de acero galvanizado reforzado de cinco filas, 4 patas auxiliares (Carga \u22655t)<\/p>\n<\/li>\n<li>\n<p class=\"ds-markdown-paragraph\"><strong>Grosor de la pared<\/strong>: Panel de lana de roca de acero de doble capa y color de 75mm<\/p>\n<\/li>\n<\/ul>\n<p class=\"ds-markdown-paragraph\"><strong>Ideal Para:<\/strong><\/p>\n<ul>\n<li>\n<p class=\"ds-markdown-paragraph\">Tiendas de marcas automotrices premium, talleres de carrocer\u00eda de primer nivel.<\/p>\n<\/li>\n<li>\n<p class=\"ds-markdown-paragraph\">Centros de mantenimiento y reacondicionamiento de n\u00facleo para flotas de autobuses, log\u00edstica y aeropuertos.<\/p>\n<\/li>\n<li>\n<p class=\"ds-markdown-paragraph\">L\u00edneas de fabricaci\u00f3n y remanufactura de maquinaria de construcci\u00f3n y agr\u00edcola.<\/p>\n<\/li>\n<li>\n<p class=\"ds-markdown-paragraph\">Proveedores de servicios de pintura que cumplen con est\u00e1ndares de calidad militar o de exportaci\u00f3n.<\/p>\n<\/li>\n<li>\n<p class=\"ds-markdown-paragraph\">Inversionistas visionarios que buscan retornos a largo plazo de una inversi\u00f3n \u00fanica y tecnol\u00f3gicamente avanzada.<\/p>\n<\/li>\n<\/ul>\n<p class=\"ds-markdown-paragraph\">El ATK-008DE+ es una fusi\u00f3n estrat\u00e9gica de\u00a0<strong>confiabilidad cl\u00e1sica<\/strong>\u00a0y\u00a0<strong>innovaci\u00f3n de frontera<\/strong>, que representa la pr\u00f3xima evoluci\u00f3n en la tecnolog\u00eda de calefacci\u00f3n de cabinas de pulverizaci\u00f3n. Recomendamos a los clientes con estas necesidades programar una consulta personalizada con nuestros expertos t\u00e9cnicos para evaluar los beneficios potenciales de la tecnolog\u00eda de infrarrojo lejano cu\u00e1ntico para sus procesos espec\u00edficos.<\/p>","protected":false},"excerpt":{"rendered":"<p>El ATK-008DE+ integra calefacci\u00f3n de gas con un innovador sistema de calefacci\u00f3n el\u00e9ctrica de infrarrojo lejano cu\u00e1ntico, con una eficiencia de conversi\u00f3n t\u00e9rmica superior a 90%, para una uniformidad de calefacci\u00f3n inigualable y flexibilidad energ\u00e9tica. Combinado con un s\u00f3tano reforzado de cinco filas y ventiladores de n\u00facleo de cobre de alta eficiencia, est\u00e1 dise\u00f1ado para grandes talleres de reparaci\u00f3n y proveedores de servicios de veh\u00edculos comerciales que exigen una calidad de acabado de primera categor\u00eda y econom\u00eda operativa.<\/p>","protected":false},"featured_media":3170,"comment_status":"open","ping_status":"closed","template":"","meta":[],"product_brand":[76],"product_cat":[60,59],"product_tag":[75,63,66,69,68,64,70,84,80,85,83],"class_list":{"0":"post-3228","1":"product","2":"type-product","3":"status-publish","4":"has-post-thumbnail","6":"product_brand-autoke","7":"product_cat-car-spray-booth","8":"product_cat-spray-booth","9":"product_tag-8m-diesel-car-paint-booth","10":"product_tag-car-spray-booth","11":"product_tag-car-spray-booth-manufacturer","12":"product_tag-ce-car-spray-booth","13":"product_tag-customized-car-spray-booth","14":"product_tag-environmentally-friendly-car-spray-booth","15":"product_tag-high-quality-spray-booths","16":"product_tag-industrial-coating","17":"product_tag-industrial-paint-booth","18":"product_tag-large-vehicle-paint-booth","19":"product_tag-paint-booth-solutions","21":"first","22":"instock","23":"shipping-taxable","24":"product-type-simple"},"yoast_head":"<!-- This site is optimized with the Yoast SEO plugin v27.4 - https:\/\/yoast.com\/product\/yoast-seo-wordpress\/ -->\n<title>ATK-008DE+ Professional 8m Dual-Mode Heating Spray Booth | Gas + Quantum Far-Infrared Electric Dual Systems | Energy Efficient | Solution for Commercial Vehicle Coating - Autoke-China Paint Booth Manufacturer<\/title>\n<meta name=\"robots\" content=\"index, follow, max-snippet:-1, max-image-preview:large, max-video-preview:-1\" \/>\n<link rel=\"canonical\" href=\"https:\/\/sprayboothmanufacturer.com\/es\/producto\/atk-008de-professional-8m-dual-mode-heating-spray-booth-gas-quantum-far-infrared-electric-dual-systems-energy-efficient-solution-for-commercial-vehicle-coating\/\" \/>\n<meta property=\"og:locale\" content=\"es_ES\" \/>\n<meta property=\"og:type\" content=\"article\" \/>\n<meta property=\"og:title\" content=\"ATK-008DE+ Professional 8m Dual-Mode Heating Spray Booth | Gas + Quantum Far-Infrared Electric Dual Systems | Energy Efficient | Solution for Commercial Vehicle Coating - Autoke-China Paint Booth Manufacturer\" \/>\n<meta property=\"og:description\" content=\"The ATK-008DE+ integrates gas heating with an innovative quantum far-infrared electric heating system, boasting over 90% thermal conversion efficiency for unmatched heating uniformity and energy flexibility. Combined with a five-row reinforced basement and high-efficiency copper-core fans, it&#039;s designed for large repair shops and commercial vehicle service providers demanding top-tier finish quality and operational economy.\" \/>\n<meta property=\"og:url\" content=\"https:\/\/sprayboothmanufacturer.com\/es\/producto\/atk-008de-professional-8m-dual-mode-heating-spray-booth-gas-quantum-far-infrared-electric-dual-systems-energy-efficient-solution-for-commercial-vehicle-coating\/\" \/>\n<meta property=\"og:site_name\" content=\"Autoke-China Paint Booth Manufacturer\" \/>\n<meta property=\"article:modified_time\" content=\"2026-02-05T02:29:51+00:00\" \/>\n<meta property=\"og:image\" content=\"https:\/\/sprayboothmanufacturer.com\/wp-content\/uploads\/2026\/02\/1.223.jpg\" \/>\n\t<meta property=\"og:image:width\" content=\"1702\" \/>\n\t<meta property=\"og:image:height\" content=\"1276\" \/>\n\t<meta property=\"og:image:type\" content=\"image\/jpeg\" \/>\n<meta name=\"twitter:card\" content=\"summary_large_image\" \/>\n<meta name=\"twitter:label1\" content=\"Est. reading time\" \/>\n\t<meta name=\"twitter:data1\" content=\"3 minutos\" \/>\n<script type=\"application\/ld+json\" class=\"yoast-schema-graph\">{\"@context\":\"https:\\\/\\\/schema.org\",\"@graph\":[{\"@type\":\"WebPage\",\"@id\":\"https:\\\/\\\/sprayboothmanufacturer.com\\\/product\\\/atk-008de-professional-8m-dual-mode-heating-spray-booth-gas-quantum-far-infrared-electric-dual-systems-energy-efficient-solution-for-commercial-vehicle-coating\\\/\",\"url\":\"https:\\\/\\\/sprayboothmanufacturer.com\\\/product\\\/atk-008de-professional-8m-dual-mode-heating-spray-booth-gas-quantum-far-infrared-electric-dual-systems-energy-efficient-solution-for-commercial-vehicle-coating\\\/\",\"name\":\"ATK-008DE+ Professional 8m Dual-Mode Heating Spray Booth | Gas + Quantum Far-Infrared Electric Dual Systems | Energy Efficient | Solution for Commercial Vehicle Coating - Autoke-China Paint Booth Manufacturer\",\"isPartOf\":{\"@id\":\"https:\\\/\\\/sprayboothmanufacturer.com\\\/#website\"},\"primaryImageOfPage\":{\"@id\":\"https:\\\/\\\/sprayboothmanufacturer.com\\\/product\\\/atk-008de-professional-8m-dual-mode-heating-spray-booth-gas-quantum-far-infrared-electric-dual-systems-energy-efficient-solution-for-commercial-vehicle-coating\\\/#primaryimage\"},\"image\":{\"@id\":\"https:\\\/\\\/sprayboothmanufacturer.com\\\/product\\\/atk-008de-professional-8m-dual-mode-heating-spray-booth-gas-quantum-far-infrared-electric-dual-systems-energy-efficient-solution-for-commercial-vehicle-coating\\\/#primaryimage\"},\"thumbnailUrl\":\"https:\\\/\\\/sprayboothmanufacturer.com\\\/wp-content\\\/uploads\\\/2026\\\/02\\\/1.223.jpg\",\"datePublished\":\"2026-02-05T02:28:59+00:00\",\"dateModified\":\"2026-02-05T02:29:51+00:00\",\"breadcrumb\":{\"@id\":\"https:\\\/\\\/sprayboothmanufacturer.com\\\/product\\\/atk-008de-professional-8m-dual-mode-heating-spray-booth-gas-quantum-far-infrared-electric-dual-systems-energy-efficient-solution-for-commercial-vehicle-coating\\\/#breadcrumb\"},\"inLanguage\":\"es\",\"potentialAction\":[{\"@type\":\"ReadAction\",\"target\":[\"https:\\\/\\\/sprayboothmanufacturer.com\\\/product\\\/atk-008de-professional-8m-dual-mode-heating-spray-booth-gas-quantum-far-infrared-electric-dual-systems-energy-efficient-solution-for-commercial-vehicle-coating\\\/\"]}]},{\"@type\":\"ImageObject\",\"inLanguage\":\"es\",\"@id\":\"https:\\\/\\\/sprayboothmanufacturer.com\\\/product\\\/atk-008de-professional-8m-dual-mode-heating-spray-booth-gas-quantum-far-infrared-electric-dual-systems-energy-efficient-solution-for-commercial-vehicle-coating\\\/#primaryimage\",\"url\":\"https:\\\/\\\/sprayboothmanufacturer.com\\\/wp-content\\\/uploads\\\/2026\\\/02\\\/1.223.jpg\",\"contentUrl\":\"https:\\\/\\\/sprayboothmanufacturer.com\\\/wp-content\\\/uploads\\\/2026\\\/02\\\/1.223.jpg\",\"width\":1702,\"height\":1276,\"caption\":\"Automotive Paint Boot\"},{\"@type\":\"BreadcrumbList\",\"@id\":\"https:\\\/\\\/sprayboothmanufacturer.com\\\/product\\\/atk-008de-professional-8m-dual-mode-heating-spray-booth-gas-quantum-far-infrared-electric-dual-systems-energy-efficient-solution-for-commercial-vehicle-coating\\\/#breadcrumb\",\"itemListElement\":[{\"@type\":\"ListItem\",\"position\":1,\"name\":\"Home\",\"item\":\"https:\\\/\\\/sprayboothmanufacturer.com\\\/\"},{\"@type\":\"ListItem\",\"position\":2,\"name\":\"\u4ea7\u54c1\",\"item\":\"https:\\\/\\\/sprayboothmanufacturer.com\\\/shop__trashed\\\/\"},{\"@type\":\"ListItem\",\"position\":3,\"name\":\"ATK-008DE+ Professional 8m Dual-Mode Heating Spray Booth | Gas + Quantum Far-Infrared Electric Dual Systems | Energy Efficient | Solution for Commercial Vehicle Coating\"}]},{\"@type\":\"WebSite\",\"@id\":\"https:\\\/\\\/sprayboothmanufacturer.com\\\/#website\",\"url\":\"https:\\\/\\\/sprayboothmanufacturer.com\\\/\",\"name\":\"Autoke-China Paint Booth Manufacturer\",\"description\":\"\",\"publisher\":{\"@id\":\"https:\\\/\\\/sprayboothmanufacturer.com\\\/#organization\"},\"potentialAction\":[{\"@type\":\"SearchAction\",\"target\":{\"@type\":\"EntryPoint\",\"urlTemplate\":\"https:\\\/\\\/sprayboothmanufacturer.com\\\/?s={search_term_string}\"},\"query-input\":{\"@type\":\"PropertyValueSpecification\",\"valueRequired\":true,\"valueName\":\"search_term_string\"}}],\"inLanguage\":\"es\"},{\"@type\":\"Organization\",\"@id\":\"https:\\\/\\\/sprayboothmanufacturer.com\\\/#organization\",\"name\":\"Autoke-China Paint Booth Manufacturer\",\"url\":\"https:\\\/\\\/sprayboothmanufacturer.com\\\/\",\"logo\":{\"@type\":\"ImageObject\",\"inLanguage\":\"es\",\"@id\":\"https:\\\/\\\/sprayboothmanufacturer.com\\\/#\\\/schema\\\/logo\\\/image\\\/\",\"url\":\"https:\\\/\\\/sprayboothmanufacturer.com\\\/wp-content\\\/uploads\\\/2025\\\/12\\\/\u5fae\u4fe1\u56fe\u7247_20260113195103_1750_4-scaled-e1768394147958.png\",\"contentUrl\":\"https:\\\/\\\/sprayboothmanufacturer.com\\\/wp-content\\\/uploads\\\/2025\\\/12\\\/\u5fae\u4fe1\u56fe\u7247_20260113195103_1750_4-scaled-e1768394147958.png\",\"width\":1740,\"height\":538,\"caption\":\"Autoke-China Paint Booth Manufacturer\"},\"image\":{\"@id\":\"https:\\\/\\\/sprayboothmanufacturer.com\\\/#\\\/schema\\\/logo\\\/image\\\/\"}}]}<\/script>\n<!-- \/ Yoast SEO plugin. -->","yoast_head_json":{"title":"Cabina de pulverizaci\u00f3n de calefacci\u00f3n dual en modo doble profesional ATK-008DE+ | Sistemas duales de gas + infrarrojo lejano cu\u00e1ntico el\u00e9ctrico | Eficiencia energ\u00e9tica | Soluci\u00f3n para recubrimiento de veh\u00edculos comerciales - Fabricante de cabinas de pintura Autoke-China","robots":{"index":"index","follow":"follow","max-snippet":"max-snippet:-1","max-image-preview":"max-image-preview:large","max-video-preview":"max-video-preview:-1"},"canonical":"https:\/\/sprayboothmanufacturer.com\/es\/producto\/atk-008de-professional-8m-dual-mode-heating-spray-booth-gas-quantum-far-infrared-electric-dual-systems-energy-efficient-solution-for-commercial-vehicle-coating\/","og_locale":"es_ES","og_type":"article","og_title":"ATK-008DE+ Professional 8m Dual-Mode Heating Spray Booth | Gas + Quantum Far-Infrared Electric Dual Systems | Energy Efficient | Solution for Commercial Vehicle Coating - Autoke-China Paint Booth Manufacturer","og_description":"The ATK-008DE+ integrates gas heating with an innovative quantum far-infrared electric heating system, boasting over 90% thermal conversion efficiency for unmatched heating uniformity and energy flexibility. Combined with a five-row reinforced basement and high-efficiency copper-core fans, it's designed for large repair shops and commercial vehicle service providers demanding top-tier finish quality and operational economy.","og_url":"https:\/\/sprayboothmanufacturer.com\/es\/producto\/atk-008de-professional-8m-dual-mode-heating-spray-booth-gas-quantum-far-infrared-electric-dual-systems-energy-efficient-solution-for-commercial-vehicle-coating\/","og_site_name":"Autoke-China Paint Booth Manufacturer","article_modified_time":"2026-02-05T02:29:51+00:00","og_image":[{"width":1702,"height":1276,"url":"https:\/\/sprayboothmanufacturer.com\/wp-content\/uploads\/2026\/02\/1.223.jpg","type":"image\/jpeg"}],"twitter_card":"summary_large_image","twitter_misc":{"Est. reading time":"3 minutos"},"schema":{"@context":"https:\/\/schema.org","@graph":[{"@type":"WebPage","@id":"https:\/\/sprayboothmanufacturer.com\/product\/atk-008de-professional-8m-dual-mode-heating-spray-booth-gas-quantum-far-infrared-electric-dual-systems-energy-efficient-solution-for-commercial-vehicle-coating\/","url":"https:\/\/sprayboothmanufacturer.com\/product\/atk-008de-professional-8m-dual-mode-heating-spray-booth-gas-quantum-far-infrared-electric-dual-systems-energy-efficient-solution-for-commercial-vehicle-coating\/","name":"Cabina de pulverizaci\u00f3n de calefacci\u00f3n dual en modo doble profesional ATK-008DE+ | Sistemas duales de gas + infrarrojo lejano cu\u00e1ntico el\u00e9ctrico | Eficiencia energ\u00e9tica | Soluci\u00f3n para recubrimiento de veh\u00edculos comerciales - Fabricante de cabinas de pintura Autoke-China","isPartOf":{"@id":"https:\/\/sprayboothmanufacturer.com\/#website"},"primaryImageOfPage":{"@id":"https:\/\/sprayboothmanufacturer.com\/product\/atk-008de-professional-8m-dual-mode-heating-spray-booth-gas-quantum-far-infrared-electric-dual-systems-energy-efficient-solution-for-commercial-vehicle-coating\/#primaryimage"},"image":{"@id":"https:\/\/sprayboothmanufacturer.com\/product\/atk-008de-professional-8m-dual-mode-heating-spray-booth-gas-quantum-far-infrared-electric-dual-systems-energy-efficient-solution-for-commercial-vehicle-coating\/#primaryimage"},"thumbnailUrl":"https:\/\/sprayboothmanufacturer.com\/wp-content\/uploads\/2026\/02\/1.223.jpg","datePublished":"2026-02-05T02:28:59+00:00","dateModified":"2026-02-05T02:29:51+00:00","breadcrumb":{"@id":"https:\/\/sprayboothmanufacturer.com\/product\/atk-008de-professional-8m-dual-mode-heating-spray-booth-gas-quantum-far-infrared-electric-dual-systems-energy-efficient-solution-for-commercial-vehicle-coating\/#breadcrumb"},"inLanguage":"es","potentialAction":[{"@type":"ReadAction","target":["https:\/\/sprayboothmanufacturer.com\/product\/atk-008de-professional-8m-dual-mode-heating-spray-booth-gas-quantum-far-infrared-electric-dual-systems-energy-efficient-solution-for-commercial-vehicle-coating\/"]}]},{"@type":"ImageObject","inLanguage":"es","@id":"https:\/\/sprayboothmanufacturer.com\/product\/atk-008de-professional-8m-dual-mode-heating-spray-booth-gas-quantum-far-infrared-electric-dual-systems-energy-efficient-solution-for-commercial-vehicle-coating\/#primaryimage","url":"https:\/\/sprayboothmanufacturer.com\/wp-content\/uploads\/2026\/02\/1.223.jpg","contentUrl":"https:\/\/sprayboothmanufacturer.com\/wp-content\/uploads\/2026\/02\/1.223.jpg","width":1702,"height":1276,"caption":"Automotive Paint Boot"},{"@type":"BreadcrumbList","@id":"https:\/\/sprayboothmanufacturer.com\/product\/atk-008de-professional-8m-dual-mode-heating-spray-booth-gas-quantum-far-infrared-electric-dual-systems-energy-efficient-solution-for-commercial-vehicle-coating\/#breadcrumb","itemListElement":[{"@type":"ListItem","position":1,"name":"Home","item":"https:\/\/sprayboothmanufacturer.com\/"},{"@type":"ListItem","position":2,"name":"\u4ea7\u54c1","item":"https:\/\/sprayboothmanufacturer.com\/shop__trashed\/"},{"@type":"ListItem","position":3,"name":"ATK-008DE+ Professional 8m Dual-Mode Heating Spray Booth | Gas + Quantum Far-Infrared Electric Dual Systems | Energy Efficient | Solution for Commercial Vehicle Coating"}]},{"@type":"WebSite","@id":"https:\/\/sprayboothmanufacturer.com\/#website","url":"https:\/\/sprayboothmanufacturer.com\/","name":"Fabricante de cabinas de pintura Autoke-China","description":"","publisher":{"@id":"https:\/\/sprayboothmanufacturer.com\/#organization"},"potentialAction":[{"@type":"SearchAction","target":{"@type":"EntryPoint","urlTemplate":"https:\/\/sprayboothmanufacturer.com\/?s={search_term_string}"},"query-input":{"@type":"PropertyValueSpecification","valueRequired":true,"valueName":"search_term_string"}}],"inLanguage":"es"},{"@type":"Organization","@id":"https:\/\/sprayboothmanufacturer.com\/#organization","name":"Fabricante de cabinas de pintura Autoke-China","url":"https:\/\/sprayboothmanufacturer.com\/","logo":{"@type":"ImageObject","inLanguage":"es","@id":"https:\/\/sprayboothmanufacturer.com\/#\/schema\/logo\/image\/","url":"https:\/\/sprayboothmanufacturer.com\/wp-content\/uploads\/2025\/12\/\u5fae\u4fe1\u56fe\u7247_20260113195103_1750_4-scaled-e1768394147958.png","contentUrl":"https:\/\/sprayboothmanufacturer.com\/wp-content\/uploads\/2025\/12\/\u5fae\u4fe1\u56fe\u7247_20260113195103_1750_4-scaled-e1768394147958.png","width":1740,"height":538,"caption":"Autoke-China Paint Booth Manufacturer"},"image":{"@id":"https:\/\/sprayboothmanufacturer.com\/#\/schema\/logo\/image\/"}}]}},"_links":{"self":[{"href":"https:\/\/sprayboothmanufacturer.com\/es\/wp-json\/wp\/v2\/product\/3228","targetHints":{"allow":["GET"]}}],"collection":[{"href":"https:\/\/sprayboothmanufacturer.com\/es\/wp-json\/wp\/v2\/product"}],"about":[{"href":"https:\/\/sprayboothmanufacturer.com\/es\/wp-json\/wp\/v2\/types\/product"}],"replies":[{"embeddable":true,"href":"https:\/\/sprayboothmanufacturer.com\/es\/wp-json\/wp\/v2\/comments?post=3228"}],"version-history":[{"count":2,"href":"https:\/\/sprayboothmanufacturer.com\/es\/wp-json\/wp\/v2\/product\/3228\/revisions"}],"predecessor-version":[{"id":3230,"href":"https:\/\/sprayboothmanufacturer.com\/es\/wp-json\/wp\/v2\/product\/3228\/revisions\/3230"}],"wp:featuredmedia":[{"embeddable":true,"href":"https:\/\/sprayboothmanufacturer.com\/es\/wp-json\/wp\/v2\/media\/3170"}],"wp:attachment":[{"href":"https:\/\/sprayboothmanufacturer.com\/es\/wp-json\/wp\/v2\/media?parent=3228"}],"wp:term":[{"taxonomy":"product_brand","embeddable":true,"href":"https:\/\/sprayboothmanufacturer.com\/es\/wp-json\/wp\/v2\/product_brand?post=3228"},{"taxonomy":"product_cat","embeddable":true,"href":"https:\/\/sprayboothmanufacturer.com\/es\/wp-json\/wp\/v2\/product_cat?post=3228"},{"taxonomy":"product_tag","embeddable":true,"href":"https:\/\/sprayboothmanufacturer.com\/es\/wp-json\/wp\/v2\/product_tag?post=3228"}],"curies":[{"name":"wp","href":"https:\/\/api.w.org\/{rel}","templated":true}]}}